{"id":20666,"date":"2018-06-20T12:39:41","date_gmt":"2018-06-20T10:39:41","guid":{"rendered":"http:\/\/192.168.6.130\/wertstoffe\/"},"modified":"2022-01-12T14:38:12","modified_gmt":"2022-01-12T13:38:12","slug":"materiais","status":"publish","type":"page","link":"https:\/\/stahlwerke-bochum.com\/pt-br\/materiais\/","title":{"rendered":"Materiais"},"content":{"rendered":"<p>[vc_row type=&#8221;full_width_section&#8221;][vc_column width=&#8221;1\/1&#8243;][rev_slider_vc alias=&#8221;wertstoffe&#8221;][\/vc_column][\/vc_row][vc_row bg_color=&#8221;#00508a&#8221; bottom_padding=&#8221;50&#8243; full_height=&#8221;true&#8221; content_placement=&#8221;top&#8221;][vc_column animation=&#8221;fade-in-from-left&#8221; bg_color=&#8221;#00508a&#8221; column_padding=&#8221;padding-2&#8243; width=&#8221;1\/2&#8243; delay=&#8221;500&#8243;]<h1 class=\"headline font-inherit fontsize-xxxl fontweight-600 lh-13 align-left transform-inherit \" style=\"margin: 0 0 20px 0; color: #ffffff;\">A REUTILIZA\u00c7\u00c3O<\/h1><h1 class=\"headline font-inherit fontsize-xxxl fontweight-600 lh-inherit align-left transform-inherit \" style=\"margin: 0 0 20px 0; color: #ffffff;\">DE REFUGO<br \/>\n<\/h1><h1 class=\"headline font-inherit fontsize-xxxl fontweight-600 lh-inherit align-left transform-inherit \" style=\"margin: 0 0 20px 0; color: #ffffff;\">\u00c9 ALTAMENTE<\/h1><h1 class=\"headline font-inherit fontsize-xxxl fontweight-600 lh-inherit align-left transform-inherit \" style=\"margin: 0 0 20px 0; color: #ffffff;\">ECON\u00d4MICA<\/h1><div class=\"box clearfix style-1 wpb_content_element align-center \" style=\"padding: 0; \">\n<div style=\"width: 480px;\" class=\"wp-video\"><video class=\"wp-video-shortcode\" id=\"video-20666-1\" width=\"480\" height=\"320\" poster=\"https:\/\/stahlwerke-bochum.com\/wp-content\/uploads\/2022\/01\/wertstoffe.jpg\" preload=\"metadata\" controls=\"controls\"><source type=\"video\/mp4\" src=\"https:\/\/stahlwerke-bochum.com\/wp-content\/uploads\/2022\/01\/Wertstoffe-2.mp4?_=1\" \/><a href=\"https:\/\/stahlwerke-bochum.com\/wp-content\/uploads\/2022\/01\/Wertstoffe-2.mp4\">https:\/\/stahlwerke-bochum.com\/wp-content\/uploads\/2022\/01\/Wertstoffe-2.mp4<\/a><\/video><\/div>\n<\/div>[\/vc_column][vc_column animation=&#8221;fade-in-from-right&#8221; bg_color=&#8221;#00508a&#8221; column_padding=&#8221;padding-2&#8243; text_color=&#8221;custom&#8221; custom_text_color=&#8221;#ffffff&#8221; width=&#8221;1\/2&#8243; delay=&#8221;500&#8243;]<h1 class=\"headline font-inherit fontsize-xxxl fontweight-600 lh-13 align-left transform-inherit \" style=\"margin: 0 0 20px 0; color: #ffffff;\">MATERIAIS VALIOSOS<\/h1>[vc_column_text]Desta forma, quando se produz a\u00e7o de sucata necessita-se menos da metade da energia necess\u00e1ria para a produ\u00e7\u00e3o de a\u00e7o do min\u00e9rio. Devido a esta alta economia, toda sucata produzida em n\u00edvel mundial de diversos milh\u00f5es de toneladas \u00e9 encaminhada para a reutiliza\u00e7\u00e3o. Para o setor de reciclagem de refugo, a SWB produz:<\/p>\n<ul class=\"styled-list fa-ul\">\n<li><i class=\"fa fa-caret-right\"><\/i>Martelos<\/li>\n<\/ul>\n<ul class=\"styled-list fa-ul\">\n<li><i class=\"fa fa-caret-right\"><\/i>Capas de prote\u00e7\u00e3o<\/li>\n<\/ul>\n<ul class=\"styled-list fa-ul\">\n<li><i class=\"fa fa-caret-right\"><\/i>Bigornas<\/li>\n<\/ul>\n<ul class=\"styled-list fa-ul\">\n<li><i class=\"fa fa-caret-right\"><\/i>Grelhas<\/li>\n<\/ul>\n<ul class=\"styled-list fa-ul\">\n<li><i class=\"fa fa-caret-right\"><\/i>Segmentos<\/li>\n<\/ul>\n<p>e todas as demais pe\u00e7as dos shredders sujeitas ao desgaste cont\u00ednuo, como \u00e2ngulos, revestimentos laterais, placas de desgaste, eixos de martelos e elementos de fixa\u00e7\u00e3o.<\/p>\n<ul class=\"styled-list fa-ul\">\n<li><i class=\"fa fa-caret-right\"><\/i>Facas de tesouras de sucata<\/li>\n<\/ul>\n<p>[\/vc_column_text][\/vc_column][\/vc_row]<\/p>\n","protected":false},"excerpt":{"rendered":"<p>[vc_row type=&#8221;full_width_section&#8221;][vc_column width=&#8221;1\/1&#8243;][rev_slider_vc alias=&#8221;wertstoffe&#8221;][\/vc_column][\/vc_row][vc_row bg_color=&#8221;#00508a&#8221; bottom_padding=&#8221;50&#8243; full_height=&#8221;true&#8221; content_placement=&#8221;top&#8221;][vc_column animation=&#8221;fade-in-from-left&#8221; bg_color=&#8221;#00508a&#8221; column_padding=&#8221;padding-2&#8243; width=&#8221;1\/2&#8243; delay=&#8221;500&#8243;][\/vc_column][vc_column animation=&#8221;fade-in-from-right&#8221; bg_color=&#8221;#00508a&#8221; column_padding=&#8221;padding-2&#8243; text_color=&#8221;custom&#8221; custom_text_color=&#8221;#ffffff&#8221; width=&#8221;1\/2&#8243; delay=&#8221;500&#8243;][vc_column_text]Desta forma, quando se produz a\u00e7o de sucata necessita-se menos da metade da energia necess\u00e1ria para a produ\u00e7\u00e3o de a\u00e7o do min\u00e9rio. Devido a esta alta economia, toda sucata produzida em n\u00edvel mundial de diversos milh\u00f5es de toneladas \u00e9 encaminhada para a reutiliza\u00e7\u00e3o. Para o setor de reciclagem de refugo, a SWB produz: Martelos Capas de prote\u00e7\u00e3o Bigornas Grelhas Segmentos e todas as demais pe\u00e7as dos shredders sujeitas ao desgaste cont\u00ednuo, como \u00e2ngulos, revestimentos laterais, placas de desgaste, eixos de martelos e elementos de fixa\u00e7\u00e3o. Facas de tesouras de sucata [\/vc_column_text][\/vc_column][\/vc_row]<\/p>\n","protected":false},"author":4,"featured_media":0,"parent":0,"menu_order":0,"comment_status":"closed","ping_status":"closed","template":"","meta":{"footnotes":""},"class_list":["post-20666","page","type-page","status-publish","hentry"],"yoast_head":"<!-- This site is optimized with the Yoast SEO Premium plugin v27.4 (Yoast SEO v27.4) - https:\/\/yoast.com\/product\/yoast-seo-premium-wordpress\/ -->\n<title>Materiais - Stahlwerke Bochum<\/title>\n<meta name=\"robots\" content=\"index, follow, max-snippet:-1, max-image-preview:large, max-video-preview:-1\" \/>\n<link rel=\"canonical\" href=\"https:\/\/stahlwerke-bochum.com\/pt-br\/materiais\/\" \/>\n<meta property=\"og:locale\" content=\"pt_BR\" \/>\n<meta property=\"og:type\" content=\"article\" \/>\n<meta property=\"og:title\" content=\"Materiais\" \/>\n<meta property=\"og:description\" content=\"[vc_row type=&#8221;full_width_section&#8221;][vc_column width=&#8221;1\/1&#8243;][rev_slider_vc alias=&#8221;wertstoffe&#8221;][\/vc_column][\/vc_row][vc_row bg_color=&#8221;#00508a&#8221; bottom_padding=&#8221;50&#8243; full_height=&#8221;true&#8221; content_placement=&#8221;top&#8221;][vc_column animation=&#8221;fade-in-from-left&#8221; bg_color=&#8221;#00508a&#8221; column_padding=&#8221;padding-2&#8243; width=&#8221;1\/2&#8243; delay=&#8221;500&#8243;][\/vc_column][vc_column animation=&#8221;fade-in-from-right&#8221; bg_color=&#8221;#00508a&#8221; column_padding=&#8221;padding-2&#8243; text_color=&#8221;custom&#8221; custom_text_color=&#8221;#ffffff&#8221; width=&#8221;1\/2&#8243; delay=&#8221;500&#8243;][vc_column_text]Desta forma, quando se produz a\u00e7o de sucata necessita-se menos da metade da energia necess\u00e1ria para a produ\u00e7\u00e3o de a\u00e7o do min\u00e9rio. Devido a esta alta economia, toda sucata produzida em n\u00edvel mundial de diversos milh\u00f5es de toneladas \u00e9 encaminhada para a reutiliza\u00e7\u00e3o. Para o setor de reciclagem de refugo, a SWB produz: Martelos Capas de prote\u00e7\u00e3o Bigornas Grelhas Segmentos e todas as demais pe\u00e7as dos shredders sujeitas ao desgaste cont\u00ednuo, como \u00e2ngulos, revestimentos laterais, placas de desgaste, eixos de martelos e elementos de fixa\u00e7\u00e3o. Facas de tesouras de sucata [\/vc_column_text][\/vc_column][\/vc_row]\" \/>\n<meta property=\"og:url\" content=\"https:\/\/stahlwerke-bochum.com\/pt-br\/materiais\/\" \/>\n<meta property=\"og:site_name\" content=\"Stahlwerke Bochum\" \/>\n<meta property=\"article:modified_time\" content=\"2022-01-12T13:38:12+00:00\" \/>\n<meta name=\"twitter:card\" content=\"summary_large_image\" \/>\n<meta name=\"twitter:label1\" content=\"Est. tempo de leitura\" \/>\n\t<meta name=\"twitter:data1\" content=\"1 minuto\" \/>\n<script type=\"application\/ld+json\" class=\"yoast-schema-graph\">{\"@context\":\"https:\\\/\\\/schema.org\",\"@graph\":[{\"@type\":\"WebPage\",\"@id\":\"https:\\\/\\\/stahlwerke-bochum.com\\\/pt-br\\\/materiais\\\/\",\"url\":\"https:\\\/\\\/stahlwerke-bochum.com\\\/pt-br\\\/materiais\\\/\",\"name\":\"Materiais - Stahlwerke Bochum\",\"isPartOf\":{\"@id\":\"https:\\\/\\\/stahlwerke-bochum.com\\\/#website\"},\"datePublished\":\"2018-06-20T10:39:41+00:00\",\"dateModified\":\"2022-01-12T13:38:12+00:00\",\"breadcrumb\":{\"@id\":\"https:\\\/\\\/stahlwerke-bochum.com\\\/pt-br\\\/materiais\\\/#breadcrumb\"},\"inLanguage\":\"pt-BR\",\"potentialAction\":[{\"@type\":\"ReadAction\",\"target\":[\"https:\\\/\\\/stahlwerke-bochum.com\\\/pt-br\\\/materiais\\\/\"]}]},{\"@type\":\"BreadcrumbList\",\"@id\":\"https:\\\/\\\/stahlwerke-bochum.com\\\/pt-br\\\/materiais\\\/#breadcrumb\",\"itemListElement\":[{\"@type\":\"ListItem\",\"position\":1,\"name\":\"Startseite\",\"item\":\"https:\\\/\\\/stahlwerke-bochum.com\\\/pt-br\\\/\"},{\"@type\":\"ListItem\",\"position\":2,\"name\":\"Materiais\"}]},{\"@type\":\"WebSite\",\"@id\":\"https:\\\/\\\/stahlwerke-bochum.com\\\/#website\",\"url\":\"https:\\\/\\\/stahlwerke-bochum.com\\\/\",\"name\":\"Stahlwerke Bochum\",\"description\":\"Entwicklung und Herstellung von Verschleisswerkzeugen f\u00fcr die Aufbereitungstechnik, Zerkleinerungstechnik und Recyclingtechnik.\",\"publisher\":{\"@id\":\"https:\\\/\\\/stahlwerke-bochum.com\\\/#organization\"},\"potentialAction\":[{\"@type\":\"SearchAction\",\"target\":{\"@type\":\"EntryPoint\",\"urlTemplate\":\"https:\\\/\\\/stahlwerke-bochum.com\\\/?s={search_term_string}\"},\"query-input\":{\"@type\":\"PropertyValueSpecification\",\"valueRequired\":true,\"valueName\":\"search_term_string\"}}],\"inLanguage\":\"pt-BR\"},{\"@type\":\"Organization\",\"@id\":\"https:\\\/\\\/stahlwerke-bochum.com\\\/#organization\",\"name\":\"Stahlwerke Bochum\",\"url\":\"https:\\\/\\\/stahlwerke-bochum.com\\\/\",\"logo\":{\"@type\":\"ImageObject\",\"inLanguage\":\"pt-BR\",\"@id\":\"https:\\\/\\\/stahlwerke-bochum.com\\\/#\\\/schema\\\/logo\\\/image\\\/\",\"url\":\"https:\\\/\\\/stahlwerke-bochum.com\\\/wp-content\\\/uploads\\\/2018\\\/06\\\/swb-logo2.jpg\",\"contentUrl\":\"https:\\\/\\\/stahlwerke-bochum.com\\\/wp-content\\\/uploads\\\/2018\\\/06\\\/swb-logo2.jpg\",\"width\":500,\"height\":82,\"caption\":\"Stahlwerke Bochum\"},\"image\":{\"@id\":\"https:\\\/\\\/stahlwerke-bochum.com\\\/#\\\/schema\\\/logo\\\/image\\\/\"}}]}<\/script>\n<!-- \/ Yoast SEO Premium plugin. -->","yoast_head_json":{"title":"Materiais - Stahlwerke Bochum","robots":{"index":"index","follow":"follow","max-snippet":"max-snippet:-1","max-image-preview":"max-image-preview:large","max-video-preview":"max-video-preview:-1"},"canonical":"https:\/\/stahlwerke-bochum.com\/pt-br\/materiais\/","og_locale":"pt_BR","og_type":"article","og_title":"Materiais","og_description":"[vc_row type=&#8221;full_width_section&#8221;][vc_column width=&#8221;1\/1&#8243;][rev_slider_vc alias=&#8221;wertstoffe&#8221;][\/vc_column][\/vc_row][vc_row bg_color=&#8221;#00508a&#8221; bottom_padding=&#8221;50&#8243; full_height=&#8221;true&#8221; content_placement=&#8221;top&#8221;][vc_column animation=&#8221;fade-in-from-left&#8221; bg_color=&#8221;#00508a&#8221; column_padding=&#8221;padding-2&#8243; width=&#8221;1\/2&#8243; delay=&#8221;500&#8243;][\/vc_column][vc_column animation=&#8221;fade-in-from-right&#8221; bg_color=&#8221;#00508a&#8221; column_padding=&#8221;padding-2&#8243; text_color=&#8221;custom&#8221; custom_text_color=&#8221;#ffffff&#8221; width=&#8221;1\/2&#8243; delay=&#8221;500&#8243;][vc_column_text]Desta forma, quando se produz a\u00e7o de sucata necessita-se menos da metade da energia necess\u00e1ria para a produ\u00e7\u00e3o de a\u00e7o do min\u00e9rio. Devido a esta alta economia, toda sucata produzida em n\u00edvel mundial de diversos milh\u00f5es de toneladas \u00e9 encaminhada para a reutiliza\u00e7\u00e3o. Para o setor de reciclagem de refugo, a SWB produz: Martelos Capas de prote\u00e7\u00e3o Bigornas Grelhas Segmentos e todas as demais pe\u00e7as dos shredders sujeitas ao desgaste cont\u00ednuo, como \u00e2ngulos, revestimentos laterais, placas de desgaste, eixos de martelos e elementos de fixa\u00e7\u00e3o. Facas de tesouras de sucata [\/vc_column_text][\/vc_column][\/vc_row]","og_url":"https:\/\/stahlwerke-bochum.com\/pt-br\/materiais\/","og_site_name":"Stahlwerke Bochum","article_modified_time":"2022-01-12T13:38:12+00:00","twitter_card":"summary_large_image","twitter_misc":{"Est. tempo de leitura":"1 minuto"},"schema":{"@context":"https:\/\/schema.org","@graph":[{"@type":"WebPage","@id":"https:\/\/stahlwerke-bochum.com\/pt-br\/materiais\/","url":"https:\/\/stahlwerke-bochum.com\/pt-br\/materiais\/","name":"Materiais - Stahlwerke Bochum","isPartOf":{"@id":"https:\/\/stahlwerke-bochum.com\/#website"},"datePublished":"2018-06-20T10:39:41+00:00","dateModified":"2022-01-12T13:38:12+00:00","breadcrumb":{"@id":"https:\/\/stahlwerke-bochum.com\/pt-br\/materiais\/#breadcrumb"},"inLanguage":"pt-BR","potentialAction":[{"@type":"ReadAction","target":["https:\/\/stahlwerke-bochum.com\/pt-br\/materiais\/"]}]},{"@type":"BreadcrumbList","@id":"https:\/\/stahlwerke-bochum.com\/pt-br\/materiais\/#breadcrumb","itemListElement":[{"@type":"ListItem","position":1,"name":"Startseite","item":"https:\/\/stahlwerke-bochum.com\/pt-br\/"},{"@type":"ListItem","position":2,"name":"Materiais"}]},{"@type":"WebSite","@id":"https:\/\/stahlwerke-bochum.com\/#website","url":"https:\/\/stahlwerke-bochum.com\/","name":"Stahlwerke Bochum","description":"Entwicklung und Herstellung von Verschleisswerkzeugen f\u00fcr die Aufbereitungstechnik, Zerkleinerungstechnik und Recyclingtechnik.","publisher":{"@id":"https:\/\/stahlwerke-bochum.com\/#organization"},"potentialAction":[{"@type":"SearchAction","target":{"@type":"EntryPoint","urlTemplate":"https:\/\/stahlwerke-bochum.com\/?s={search_term_string}"},"query-input":{"@type":"PropertyValueSpecification","valueRequired":true,"valueName":"search_term_string"}}],"inLanguage":"pt-BR"},{"@type":"Organization","@id":"https:\/\/stahlwerke-bochum.com\/#organization","name":"Stahlwerke Bochum","url":"https:\/\/stahlwerke-bochum.com\/","logo":{"@type":"ImageObject","inLanguage":"pt-BR","@id":"https:\/\/stahlwerke-bochum.com\/#\/schema\/logo\/image\/","url":"https:\/\/stahlwerke-bochum.com\/wp-content\/uploads\/2018\/06\/swb-logo2.jpg","contentUrl":"https:\/\/stahlwerke-bochum.com\/wp-content\/uploads\/2018\/06\/swb-logo2.jpg","width":500,"height":82,"caption":"Stahlwerke Bochum"},"image":{"@id":"https:\/\/stahlwerke-bochum.com\/#\/schema\/logo\/image\/"}}]}},"_links":{"self":[{"href":"https:\/\/stahlwerke-bochum.com\/pt-br\/wp-json\/wp\/v2\/pages\/20666","targetHints":{"allow":["GET"]}}],"collection":[{"href":"https:\/\/stahlwerke-bochum.com\/pt-br\/wp-json\/wp\/v2\/pages"}],"about":[{"href":"https:\/\/stahlwerke-bochum.com\/pt-br\/wp-json\/wp\/v2\/types\/page"}],"author":[{"embeddable":true,"href":"https:\/\/stahlwerke-bochum.com\/pt-br\/wp-json\/wp\/v2\/users\/4"}],"replies":[{"embeddable":true,"href":"https:\/\/stahlwerke-bochum.com\/pt-br\/wp-json\/wp\/v2\/comments?post=20666"}],"version-history":[{"count":6,"href":"https:\/\/stahlwerke-bochum.com\/pt-br\/wp-json\/wp\/v2\/pages\/20666\/revisions"}],"predecessor-version":[{"id":22753,"href":"https:\/\/stahlwerke-bochum.com\/pt-br\/wp-json\/wp\/v2\/pages\/20666\/revisions\/22753"}],"wp:attachment":[{"href":"https:\/\/stahlwerke-bochum.com\/pt-br\/wp-json\/wp\/v2\/media?parent=20666"}],"curies":[{"name":"wp","href":"https:\/\/api.w.org\/{rel}","templated":true}]}}