{"id":20636,"date":"2018-06-19T14:16:59","date_gmt":"2018-06-19T12:16:59","guid":{"rendered":"http:\/\/192.168.6.130\/zusammenarbeit\/"},"modified":"2018-07-10T11:32:17","modified_gmt":"2018-07-10T09:32:17","slug":"ombro-a-ombro","status":"publish","type":"page","link":"https:\/\/stahlwerke-bochum.com\/pt-br\/ombro-a-ombro\/","title":{"rendered":"Ombro a ombro"},"content":{"rendered":"<p>[vc_row type=&#8221;full_width_section&#8221; bottom_padding=&#8221;50&#8243;][vc_column width=&#8221;1\/1&#8243;][rev_slider_vc alias=&#8221;schulterschluss&#8221;][\/vc_column][\/vc_row][vc_row top_padding=&#8221;50&#8243; bottom_padding=&#8221;50&#8243;][vc_column width=&#8221;1\/1&#8243;][vc_column_text]<\/p>\n<h1 style=\"text-align: center;\">OMBRO A OMBRO<\/h1>\n<p>[\/vc_column_text][vc_column_text]<\/p>\n<p style=\"text-align: center;\"><strong>No trabalho em conjunto com nossos clientes um di\u00e1logo aberto<br \/>\n<\/strong><strong>entre os parceiros resulta numa situa\u00e7\u00e3o \u201cWin-Win\u201d.<\/strong><\/p>\n<p>[\/vc_column_text][vc_separator color=&#8221;custom&#8221; el_width=&#8221;50&#8243; accent_color=&#8221;#757575&#8243;][\/vc_column][\/vc_row][vc_row top_padding=&#8221;50&#8243; bottom_padding=&#8221;50&#8243;][vc_column width=&#8221;1\/1&#8243;][vc_row_inner][vc_column_inner width=&#8221;1\/3&#8243;][vc_column_text]N\u00f3s consideramos nossa posi\u00e7\u00e3o como fabricante, fornecedor e assessor de nossos clientes, uma vez que o sucesso destes est\u00e1 intimamente ligado ao sucesso da SWB. Esta estrat\u00e9gia \u00e9 orientada por um trabalho conjunto de longo prazo e n\u00e3o em lucros a curto prazo.<br \/>\nAssessoramos nossos clientes na escolha das pe\u00e7as de desgaste para as suas instala\u00e7\u00f5es. As informa\u00e7\u00f5es necess\u00e1rias sobre a instala\u00e7\u00e3o e o tipo dos materiais a serem processados s\u00e3o fornecidas pelo cliente.[\/vc_column_text][\/vc_column_inner][vc_column_inner width=&#8221;1\/3&#8243;][vc_column_text]A partir dessas informa\u00e7\u00f5es, o nosso pessoal especializado elabora uma sugest\u00e3o formulada com clareza. N\u00e3o ser\u00edamos a SWB, se nossa pr\u00e1tica comum se constitu\u00edsse na adapta\u00e7\u00e3o de solu\u00e7\u00f5es e se trilh\u00e1ssemos exclusivamente caminhos muito bem conhecidos. Muito ao contr\u00e1rio, pela pesquisa pr\u00f3pria e desenvolvimento cont\u00ednuo de nossos produtos, queremos buscar novos caminhos. Assim hoje n\u00e3o s\u00f3 fornecemos pe\u00e7as fundidas de alta resist\u00eancia ao desgaste, mas tamb\u00e9m todos os componentes necess\u00e1rios de uma instala\u00e7\u00e3o para uma opera\u00e7\u00e3o econ\u00f4mica.[\/vc_column_text][\/vc_column_inner][vc_column_inner width=&#8221;1\/3&#8243;][vc_column_text]Em muitas \u00e1reas forma-se uma parceria entre nossos clientes e n\u00f3s. Os clientes da SWB s\u00e3o recicladores. Ao contr\u00e1rio da produ\u00e7\u00e3o de a\u00e7o bruto em altos fornos, na SWB a mat\u00e9ria prima secund\u00e1ria \u00e9 fundida em fornos de indu\u00e7\u00e3o. Isto representa uma economia substancial de CO<span class=\"Stil1\"><sub>2<\/sub><\/span>. Tamb\u00e9m nesta ocasi\u00e3o damos uma sens\u00edvel contribui\u00e7\u00e3o \u00e0 prote\u00e7\u00e3o ambiental.[\/vc_column_text][\/vc_column_inner][\/vc_row_inner][\/vc_column][\/vc_row][vc_row top_padding=&#8221;50&#8243; bottom_padding=&#8221;50&#8243;][vc_column animation=&#8221;fade-in-from-bottom&#8221; width=&#8221;1\/1&#8243; delay=&#8221;500&#8243;]<div class=\"box clearfix style-2 wpb_content_element align-left \" style=\"padding: 40px 40px 40px 40px; \">\n<h4 style=\"text-align: left;\">\u00c9 bom saber:<\/h4>\n<p style=\"text-align: left;\">Na \u00e1rea da tecnologia de shredders a SWB \u00e9 l\u00edder mundial na utiliza\u00e7\u00e3o de martelos\u00a0<strong>com t\u00eampera diferenciada.<\/strong>.<\/p>\n<\/div>[\/vc_column][\/vc_row]<\/p>\n","protected":false},"excerpt":{"rendered":"<p>[vc_row type=&#8221;full_width_section&#8221; bottom_padding=&#8221;50&#8243;][vc_column width=&#8221;1\/1&#8243;][rev_slider_vc alias=&#8221;schulterschluss&#8221;][\/vc_column][\/vc_row][vc_row top_padding=&#8221;50&#8243; bottom_padding=&#8221;50&#8243;][vc_column width=&#8221;1\/1&#8243;][vc_column_text] OMBRO A OMBRO [\/vc_column_text][vc_column_text] No trabalho em conjunto com nossos clientes um di\u00e1logo aberto entre os parceiros resulta numa situa\u00e7\u00e3o \u201cWin-Win\u201d. [\/vc_column_text][vc_separator color=&#8221;custom&#8221; el_width=&#8221;50&#8243; accent_color=&#8221;#757575&#8243;][\/vc_column][\/vc_row][vc_row top_padding=&#8221;50&#8243; bottom_padding=&#8221;50&#8243;][vc_column width=&#8221;1\/1&#8243;][vc_row_inner][vc_column_inner width=&#8221;1\/3&#8243;][vc_column_text]N\u00f3s consideramos nossa posi\u00e7\u00e3o como fabricante, fornecedor e assessor de nossos clientes, uma vez que o sucesso destes est\u00e1 intimamente ligado ao sucesso da SWB. Esta estrat\u00e9gia \u00e9 orientada por um trabalho conjunto de longo prazo e n\u00e3o em lucros a curto prazo. Assessoramos nossos clientes na escolha das pe\u00e7as de desgaste para as suas instala\u00e7\u00f5es. As informa\u00e7\u00f5es necess\u00e1rias sobre a instala\u00e7\u00e3o e o tipo dos materiais a serem processados s\u00e3o fornecidas pelo cliente.[\/vc_column_text][\/vc_column_inner][vc_column_inner width=&#8221;1\/3&#8243;][vc_column_text]A partir dessas informa\u00e7\u00f5es, o nosso pessoal especializado elabora uma sugest\u00e3o formulada com clareza. N\u00e3o ser\u00edamos a SWB, se nossa pr\u00e1tica comum se constitu\u00edsse na adapta\u00e7\u00e3o de solu\u00e7\u00f5es e se trilh\u00e1ssemos exclusivamente caminhos muito bem conhecidos. Muito ao contr\u00e1rio, pela pesquisa pr\u00f3pria e desenvolvimento cont\u00ednuo de nossos produtos, queremos buscar novos caminhos. Assim hoje n\u00e3o s\u00f3 fornecemos pe\u00e7as fundidas de alta resist\u00eancia ao desgaste, mas tamb\u00e9m todos os componentes necess\u00e1rios de uma instala\u00e7\u00e3o para uma opera\u00e7\u00e3o econ\u00f4mica.[\/vc_column_text][\/vc_column_inner][vc_column_inner width=&#8221;1\/3&#8243;][vc_column_text]Em muitas \u00e1reas forma-se uma parceria entre nossos clientes e n\u00f3s. Os clientes [&hellip;]<\/p>\n","protected":false},"author":4,"featured_media":0,"parent":0,"menu_order":0,"comment_status":"closed","ping_status":"closed","template":"","meta":{"footnotes":""},"class_list":["post-20636","page","type-page","status-publish","hentry"],"yoast_head":"<!-- This site is optimized with the Yoast SEO Premium plugin v26.9 (Yoast SEO v27.3) - https:\/\/yoast.com\/product\/yoast-seo-premium-wordpress\/ -->\n<title>Ombro a ombro - Stahlwerke Bochum<\/title>\n<meta name=\"robots\" content=\"index, follow, max-snippet:-1, max-image-preview:large, max-video-preview:-1\" \/>\n<link rel=\"canonical\" href=\"https:\/\/stahlwerke-bochum.com\/pt-br\/ombro-a-ombro\/\" \/>\n<meta property=\"og:locale\" content=\"pt_BR\" \/>\n<meta property=\"og:type\" content=\"article\" \/>\n<meta property=\"og:title\" content=\"Ombro a ombro\" \/>\n<meta property=\"og:description\" content=\"[vc_row type=&#8221;full_width_section&#8221; bottom_padding=&#8221;50&#8243;][vc_column width=&#8221;1\/1&#8243;][rev_slider_vc alias=&#8221;schulterschluss&#8221;][\/vc_column][\/vc_row][vc_row top_padding=&#8221;50&#8243; bottom_padding=&#8221;50&#8243;][vc_column width=&#8221;1\/1&#8243;][vc_column_text] OMBRO A OMBRO [\/vc_column_text][vc_column_text] No trabalho em conjunto com nossos clientes um di\u00e1logo aberto entre os parceiros resulta numa situa\u00e7\u00e3o \u201cWin-Win\u201d. [\/vc_column_text][vc_separator color=&#8221;custom&#8221; el_width=&#8221;50&#8243; accent_color=&#8221;#757575&#8243;][\/vc_column][\/vc_row][vc_row top_padding=&#8221;50&#8243; bottom_padding=&#8221;50&#8243;][vc_column width=&#8221;1\/1&#8243;][vc_row_inner][vc_column_inner width=&#8221;1\/3&#8243;][vc_column_text]N\u00f3s consideramos nossa posi\u00e7\u00e3o como fabricante, fornecedor e assessor de nossos clientes, uma vez que o sucesso destes est\u00e1 intimamente ligado ao sucesso da SWB. Esta estrat\u00e9gia \u00e9 orientada por um trabalho conjunto de longo prazo e n\u00e3o em lucros a curto prazo. Assessoramos nossos clientes na escolha das pe\u00e7as de desgaste para as suas instala\u00e7\u00f5es. As informa\u00e7\u00f5es necess\u00e1rias sobre a instala\u00e7\u00e3o e o tipo dos materiais a serem processados s\u00e3o fornecidas pelo cliente.[\/vc_column_text][\/vc_column_inner][vc_column_inner width=&#8221;1\/3&#8243;][vc_column_text]A partir dessas informa\u00e7\u00f5es, o nosso pessoal especializado elabora uma sugest\u00e3o formulada com clareza. N\u00e3o ser\u00edamos a SWB, se nossa pr\u00e1tica comum se constitu\u00edsse na adapta\u00e7\u00e3o de solu\u00e7\u00f5es e se trilh\u00e1ssemos exclusivamente caminhos muito bem conhecidos. Muito ao contr\u00e1rio, pela pesquisa pr\u00f3pria e desenvolvimento cont\u00ednuo de nossos produtos, queremos buscar novos caminhos. Assim hoje n\u00e3o s\u00f3 fornecemos pe\u00e7as fundidas de alta resist\u00eancia ao desgaste, mas tamb\u00e9m todos os componentes necess\u00e1rios de uma instala\u00e7\u00e3o para uma opera\u00e7\u00e3o econ\u00f4mica.[\/vc_column_text][\/vc_column_inner][vc_column_inner width=&#8221;1\/3&#8243;][vc_column_text]Em muitas \u00e1reas forma-se uma parceria entre nossos clientes e n\u00f3s. Os clientes [&hellip;]\" \/>\n<meta property=\"og:url\" content=\"https:\/\/stahlwerke-bochum.com\/pt-br\/ombro-a-ombro\/\" \/>\n<meta property=\"og:site_name\" content=\"Stahlwerke Bochum\" \/>\n<meta property=\"article:modified_time\" content=\"2018-07-10T09:32:17+00:00\" \/>\n<meta name=\"twitter:card\" content=\"summary_large_image\" \/>\n<meta name=\"twitter:label1\" content=\"Est. tempo de leitura\" \/>\n\t<meta name=\"twitter:data1\" content=\"2 minutos\" \/>\n<script type=\"application\/ld+json\" class=\"yoast-schema-graph\">{\"@context\":\"https:\\\/\\\/schema.org\",\"@graph\":[{\"@type\":\"WebPage\",\"@id\":\"https:\\\/\\\/stahlwerke-bochum.com\\\/pt-br\\\/ombro-a-ombro\\\/\",\"url\":\"https:\\\/\\\/stahlwerke-bochum.com\\\/pt-br\\\/ombro-a-ombro\\\/\",\"name\":\"Ombro a ombro - Stahlwerke Bochum\",\"isPartOf\":{\"@id\":\"https:\\\/\\\/stahlwerke-bochum.com\\\/#website\"},\"datePublished\":\"2018-06-19T12:16:59+00:00\",\"dateModified\":\"2018-07-10T09:32:17+00:00\",\"breadcrumb\":{\"@id\":\"https:\\\/\\\/stahlwerke-bochum.com\\\/pt-br\\\/ombro-a-ombro\\\/#breadcrumb\"},\"inLanguage\":\"pt-BR\",\"potentialAction\":[{\"@type\":\"ReadAction\",\"target\":[\"https:\\\/\\\/stahlwerke-bochum.com\\\/pt-br\\\/ombro-a-ombro\\\/\"]}]},{\"@type\":\"BreadcrumbList\",\"@id\":\"https:\\\/\\\/stahlwerke-bochum.com\\\/pt-br\\\/ombro-a-ombro\\\/#breadcrumb\",\"itemListElement\":[{\"@type\":\"ListItem\",\"position\":1,\"name\":\"Startseite\",\"item\":\"https:\\\/\\\/stahlwerke-bochum.com\\\/pt-br\\\/\"},{\"@type\":\"ListItem\",\"position\":2,\"name\":\"Ombro a ombro\"}]},{\"@type\":\"WebSite\",\"@id\":\"https:\\\/\\\/stahlwerke-bochum.com\\\/#website\",\"url\":\"https:\\\/\\\/stahlwerke-bochum.com\\\/\",\"name\":\"Stahlwerke Bochum\",\"description\":\"Entwicklung und Herstellung von Verschleisswerkzeugen f\u00fcr die Aufbereitungstechnik, Zerkleinerungstechnik und Recyclingtechnik.\",\"publisher\":{\"@id\":\"https:\\\/\\\/stahlwerke-bochum.com\\\/#organization\"},\"potentialAction\":[{\"@type\":\"SearchAction\",\"target\":{\"@type\":\"EntryPoint\",\"urlTemplate\":\"https:\\\/\\\/stahlwerke-bochum.com\\\/?s={search_term_string}\"},\"query-input\":{\"@type\":\"PropertyValueSpecification\",\"valueRequired\":true,\"valueName\":\"search_term_string\"}}],\"inLanguage\":\"pt-BR\"},{\"@type\":\"Organization\",\"@id\":\"https:\\\/\\\/stahlwerke-bochum.com\\\/#organization\",\"name\":\"Stahlwerke Bochum\",\"url\":\"https:\\\/\\\/stahlwerke-bochum.com\\\/\",\"logo\":{\"@type\":\"ImageObject\",\"inLanguage\":\"pt-BR\",\"@id\":\"https:\\\/\\\/stahlwerke-bochum.com\\\/#\\\/schema\\\/logo\\\/image\\\/\",\"url\":\"https:\\\/\\\/stahlwerke-bochum.com\\\/wp-content\\\/uploads\\\/2018\\\/06\\\/swb-logo2.jpg\",\"contentUrl\":\"https:\\\/\\\/stahlwerke-bochum.com\\\/wp-content\\\/uploads\\\/2018\\\/06\\\/swb-logo2.jpg\",\"width\":500,\"height\":82,\"caption\":\"Stahlwerke Bochum\"},\"image\":{\"@id\":\"https:\\\/\\\/stahlwerke-bochum.com\\\/#\\\/schema\\\/logo\\\/image\\\/\"}}]}<\/script>\n<!-- \/ Yoast SEO Premium plugin. -->","yoast_head_json":{"title":"Ombro a ombro - Stahlwerke Bochum","robots":{"index":"index","follow":"follow","max-snippet":"max-snippet:-1","max-image-preview":"max-image-preview:large","max-video-preview":"max-video-preview:-1"},"canonical":"https:\/\/stahlwerke-bochum.com\/pt-br\/ombro-a-ombro\/","og_locale":"pt_BR","og_type":"article","og_title":"Ombro a ombro","og_description":"[vc_row type=&#8221;full_width_section&#8221; bottom_padding=&#8221;50&#8243;][vc_column width=&#8221;1\/1&#8243;][rev_slider_vc alias=&#8221;schulterschluss&#8221;][\/vc_column][\/vc_row][vc_row top_padding=&#8221;50&#8243; bottom_padding=&#8221;50&#8243;][vc_column width=&#8221;1\/1&#8243;][vc_column_text] OMBRO A OMBRO [\/vc_column_text][vc_column_text] No trabalho em conjunto com nossos clientes um di\u00e1logo aberto entre os parceiros resulta numa situa\u00e7\u00e3o \u201cWin-Win\u201d. [\/vc_column_text][vc_separator color=&#8221;custom&#8221; el_width=&#8221;50&#8243; accent_color=&#8221;#757575&#8243;][\/vc_column][\/vc_row][vc_row top_padding=&#8221;50&#8243; bottom_padding=&#8221;50&#8243;][vc_column width=&#8221;1\/1&#8243;][vc_row_inner][vc_column_inner width=&#8221;1\/3&#8243;][vc_column_text]N\u00f3s consideramos nossa posi\u00e7\u00e3o como fabricante, fornecedor e assessor de nossos clientes, uma vez que o sucesso destes est\u00e1 intimamente ligado ao sucesso da SWB. Esta estrat\u00e9gia \u00e9 orientada por um trabalho conjunto de longo prazo e n\u00e3o em lucros a curto prazo. Assessoramos nossos clientes na escolha das pe\u00e7as de desgaste para as suas instala\u00e7\u00f5es. As informa\u00e7\u00f5es necess\u00e1rias sobre a instala\u00e7\u00e3o e o tipo dos materiais a serem processados s\u00e3o fornecidas pelo cliente.[\/vc_column_text][\/vc_column_inner][vc_column_inner width=&#8221;1\/3&#8243;][vc_column_text]A partir dessas informa\u00e7\u00f5es, o nosso pessoal especializado elabora uma sugest\u00e3o formulada com clareza. N\u00e3o ser\u00edamos a SWB, se nossa pr\u00e1tica comum se constitu\u00edsse na adapta\u00e7\u00e3o de solu\u00e7\u00f5es e se trilh\u00e1ssemos exclusivamente caminhos muito bem conhecidos. Muito ao contr\u00e1rio, pela pesquisa pr\u00f3pria e desenvolvimento cont\u00ednuo de nossos produtos, queremos buscar novos caminhos. Assim hoje n\u00e3o s\u00f3 fornecemos pe\u00e7as fundidas de alta resist\u00eancia ao desgaste, mas tamb\u00e9m todos os componentes necess\u00e1rios de uma instala\u00e7\u00e3o para uma opera\u00e7\u00e3o econ\u00f4mica.[\/vc_column_text][\/vc_column_inner][vc_column_inner width=&#8221;1\/3&#8243;][vc_column_text]Em muitas \u00e1reas forma-se uma parceria entre nossos clientes e n\u00f3s. Os clientes [&hellip;]","og_url":"https:\/\/stahlwerke-bochum.com\/pt-br\/ombro-a-ombro\/","og_site_name":"Stahlwerke Bochum","article_modified_time":"2018-07-10T09:32:17+00:00","twitter_card":"summary_large_image","twitter_misc":{"Est. tempo de leitura":"2 minutos"},"schema":{"@context":"https:\/\/schema.org","@graph":[{"@type":"WebPage","@id":"https:\/\/stahlwerke-bochum.com\/pt-br\/ombro-a-ombro\/","url":"https:\/\/stahlwerke-bochum.com\/pt-br\/ombro-a-ombro\/","name":"Ombro a ombro - Stahlwerke Bochum","isPartOf":{"@id":"https:\/\/stahlwerke-bochum.com\/#website"},"datePublished":"2018-06-19T12:16:59+00:00","dateModified":"2018-07-10T09:32:17+00:00","breadcrumb":{"@id":"https:\/\/stahlwerke-bochum.com\/pt-br\/ombro-a-ombro\/#breadcrumb"},"inLanguage":"pt-BR","potentialAction":[{"@type":"ReadAction","target":["https:\/\/stahlwerke-bochum.com\/pt-br\/ombro-a-ombro\/"]}]},{"@type":"BreadcrumbList","@id":"https:\/\/stahlwerke-bochum.com\/pt-br\/ombro-a-ombro\/#breadcrumb","itemListElement":[{"@type":"ListItem","position":1,"name":"Startseite","item":"https:\/\/stahlwerke-bochum.com\/pt-br\/"},{"@type":"ListItem","position":2,"name":"Ombro a ombro"}]},{"@type":"WebSite","@id":"https:\/\/stahlwerke-bochum.com\/#website","url":"https:\/\/stahlwerke-bochum.com\/","name":"Stahlwerke Bochum","description":"Entwicklung und Herstellung von Verschleisswerkzeugen f\u00fcr die Aufbereitungstechnik, Zerkleinerungstechnik und Recyclingtechnik.","publisher":{"@id":"https:\/\/stahlwerke-bochum.com\/#organization"},"potentialAction":[{"@type":"SearchAction","target":{"@type":"EntryPoint","urlTemplate":"https:\/\/stahlwerke-bochum.com\/?s={search_term_string}"},"query-input":{"@type":"PropertyValueSpecification","valueRequired":true,"valueName":"search_term_string"}}],"inLanguage":"pt-BR"},{"@type":"Organization","@id":"https:\/\/stahlwerke-bochum.com\/#organization","name":"Stahlwerke Bochum","url":"https:\/\/stahlwerke-bochum.com\/","logo":{"@type":"ImageObject","inLanguage":"pt-BR","@id":"https:\/\/stahlwerke-bochum.com\/#\/schema\/logo\/image\/","url":"https:\/\/stahlwerke-bochum.com\/wp-content\/uploads\/2018\/06\/swb-logo2.jpg","contentUrl":"https:\/\/stahlwerke-bochum.com\/wp-content\/uploads\/2018\/06\/swb-logo2.jpg","width":500,"height":82,"caption":"Stahlwerke Bochum"},"image":{"@id":"https:\/\/stahlwerke-bochum.com\/#\/schema\/logo\/image\/"}}]}},"_links":{"self":[{"href":"https:\/\/stahlwerke-bochum.com\/pt-br\/wp-json\/wp\/v2\/pages\/20636","targetHints":{"allow":["GET"]}}],"collection":[{"href":"https:\/\/stahlwerke-bochum.com\/pt-br\/wp-json\/wp\/v2\/pages"}],"about":[{"href":"https:\/\/stahlwerke-bochum.com\/pt-br\/wp-json\/wp\/v2\/types\/page"}],"author":[{"embeddable":true,"href":"https:\/\/stahlwerke-bochum.com\/pt-br\/wp-json\/wp\/v2\/users\/4"}],"replies":[{"embeddable":true,"href":"https:\/\/stahlwerke-bochum.com\/pt-br\/wp-json\/wp\/v2\/comments?post=20636"}],"version-history":[{"count":2,"href":"https:\/\/stahlwerke-bochum.com\/pt-br\/wp-json\/wp\/v2\/pages\/20636\/revisions"}],"predecessor-version":[{"id":20638,"href":"https:\/\/stahlwerke-bochum.com\/pt-br\/wp-json\/wp\/v2\/pages\/20636\/revisions\/20638"}],"wp:attachment":[{"href":"https:\/\/stahlwerke-bochum.com\/pt-br\/wp-json\/wp\/v2\/media?parent=20636"}],"curies":[{"name":"wp","href":"https:\/\/api.w.org\/{rel}","templated":true}]}}