{"id":20596,"date":"2018-06-20T14:30:37","date_gmt":"2018-06-20T12:30:37","guid":{"rendered":"http:\/\/192.168.6.130\/schlagkraft\/"},"modified":"2018-07-10T10:55:16","modified_gmt":"2018-07-10T08:55:16","slug":"forca-de-impacto","status":"publish","type":"page","link":"https:\/\/stahlwerke-bochum.com\/pt-br\/forca-de-impacto\/","title":{"rendered":"For\u00e7a de impacto"},"content":{"rendered":"<p>[vc_row type=&#8221;full_width_section&#8221; bottom_padding=&#8221;50&#8243;][vc_column width=&#8221;1\/1&#8243;][rev_slider_vc alias=&#8221;schlagkraft&#8221;][\/vc_column][\/vc_row][vc_row top_padding=&#8221;50&#8243; bottom_padding=&#8221;50&#8243;][vc_column width=&#8221;1\/1&#8243;][vc_column_text]<\/p>\n<h1 style=\"text-align: center;\"><span style=\"color: #00518b;\">FOR\u00c7A DE IMPACTO<\/span><\/h1>\n<p>[\/vc_column_text][vc_column_text]<\/p>\n<p style=\"text-align: center;\"><strong><span style=\"color: #444444;\">Os produtos SWB s\u00e3o aplicados<br \/>\n<\/span><\/strong><strong><span style=\"color: #444444;\">quando se trata de tritura\u00e7\u00e3o.<\/span><\/strong><\/p>\n<p>[\/vc_column_text][vc_separator color=&#8221;custom&#8221; el_width=&#8221;50&#8243; accent_color=&#8221;#757575&#8243;][\/vc_column][\/vc_row][vc_row top_padding=&#8221;50&#8243; bottom_padding=&#8221;50&#8243;][vc_column width=&#8221;1\/3&#8243;][vc_column_text]Tritura\u00e7\u00e3o de mat\u00e9rias primas minerais como pedras naturais, min\u00e9rio e carv\u00e3o, bem como tritura\u00e7\u00e3o de mat\u00e9rias primas secund\u00e1rias como clinquer e entulho de constru\u00e7\u00e3o.<\/p>\n<p>N\u00f3s desenvolvemos, fabricamos e fornecemos para tritura\u00e7\u00e3o por impacto <strong>horizontal e vertical<\/strong>:<\/p>\n<ul class=\"styled-list fa-ul\"><li><i class=\"fa fa-caret-right\"><\/i>Bra\u00e7os de batida<\/li> <\/ul><ul class=\"styled-list fa-ul\"><li><i class=\"fa fa-caret-right\"><\/i>Elementos de impacto<\/li> <\/ul><ul class=\"styled-list fa-ul\"><li><i class=\"fa fa-caret-right\"><\/i>Vigas de moagem e basculantes<\/li> <\/ul><ul class=\"styled-list fa-ul\"><li><i class=\"fa fa-caret-right\"><\/i>Placas de prote\u00e7\u00e3o do rotor<\/li> <\/ul>\n<p>e o completo revestimento interno resistente ao desgaste dos trituradores de impacto.[\/vc_column_text][\/vc_column][vc_column width=&#8221;1\/3&#8243;][vc_column_text]Para a <strong>prepara\u00e7\u00e3o de minerais<\/strong> em geral, fabricamos e fornecemos:<\/p>\n<ul class=\"styled-list fa-ul\"><li><i class=\"fa fa-caret-right\"><\/i>Esferas de moagem<\/li> <\/ul><ul class=\"styled-list fa-ul\"><li><i class=\"fa fa-caret-right\"><\/i>An\u00e9is de moagem e bacias de moagem<\/li> <\/ul><ul class=\"styled-list fa-ul\"><li><i class=\"fa fa-caret-right\"><\/i>Martelos para moinhos de martelos<\/li> <\/ul><ul class=\"styled-list fa-ul\"><li><i class=\"fa fa-caret-right\"><\/i>Segmentos para prensas de briquetagem<\/li> <\/ul>\n[\/vc_column_text][\/vc_column][vc_column width=&#8221;1\/3&#8243;][vc_column_text]Os martelos e os bra\u00e7os de batida da SWB s\u00e3o resistentes ao impacto. Eles quebram a resist\u00eancia dos materiais mais duros: quartzo, granito, basalto, p\u00f3rfiro \u2013 bem como clinquer duro e concreto armado com ferro no entulho de constru\u00e7\u00e3o. For\u00e7a de impacto requer dureza e tenacidade. As pe\u00e7as de desgaste da SWB disp\u00f5em destas duas caracter\u00edsticas. Elas s\u00e3o duras e tenazes.[\/vc_column_text][\/vc_column][\/vc_row][vc_row top_padding=&#8221;50&#8243; bottom_padding=&#8221;50&#8243;][vc_column animation=&#8221;fade-in-from-bottom&#8221; width=&#8221;1\/1&#8243; delay=&#8221;500&#8243;]<div class=\"box clearfix style-2 wpb_content_element align-left \" style=\"padding: 40px 40px 40px 40px; \">\n<h4 style=\"text-align: left;\">\u00c9 bom saber:<\/h4>\n<p class=\"fliesstext\" style=\"text-align: left;\"><strong>Bra\u00e7os de batida<\/strong>,\u00a0<strong>placas de impacto<\/strong>,\u00a0<strong>revestimentos laterais<\/strong>,\u00a0<strong>mand\u00edbulas de tritura\u00e7\u00e3o<\/strong>\u00a0e demais produtos fundidos de alta resist\u00eancia ao desgaste, para tritura\u00e7\u00e3o\u00a0<strong>vertical e horizontal<\/strong>\u00a0de cascalho e entulho de constru\u00e7\u00e3o para utiliza\u00e7\u00e3o em trituradores de impacto, moinhos de impacto, etc.<\/p>\n<p style=\"text-align: left;\"><strong>Esferas de moagem<\/strong>,\u00a0<strong>an\u00e9is de moagem<\/strong>\u00a0e\u00a0<strong>bacias de moagem<\/strong>\u00a0para a moagem de carv\u00e3o bem como martelos para moinhos de martelos e segmentos para prensas de briquetagem para a\u00a0<strong>prepara\u00e7\u00e3o de minerais e a produ\u00e7\u00e3o de cimento<\/strong>.<\/p>\n<\/div>[\/vc_column][\/vc_row][vc_row bottom_padding=&#8221;50&#8243;][vc_column animation=&#8221;fade-in&#8221; width=&#8221;1\/1&#8243; delay=&#8221;500&#8243;]<div class=\"single_image wpb_content_element align-center    \" data-animation=\"none\" data-delay=\"0\"><img loading=\"lazy\" decoding=\"async\" width=\"1024\" height=\"632\" src=\"https:\/\/stahlwerke-bochum.com\/wp-content\/uploads\/2018\/06\/simulation_prallmuehle_2-1024x632.jpg\" class=\"attachment-large\" alt=\"\" srcset=\"https:\/\/stahlwerke-bochum.com\/wp-content\/uploads\/2018\/06\/simulation_prallmuehle_2-1024x632.jpg 1024w, https:\/\/stahlwerke-bochum.com\/wp-content\/uploads\/2018\/06\/simulation_prallmuehle_2-300x185.jpg 300w, https:\/\/stahlwerke-bochum.com\/wp-content\/uploads\/2018\/06\/simulation_prallmuehle_2-768x474.jpg 768w, https:\/\/stahlwerke-bochum.com\/wp-content\/uploads\/2018\/06\/simulation_prallmuehle_2.jpg 1160w\" sizes=\"auto, (max-width: 1024px) 100vw, 1024px\" \/><\/div>[\/vc_column][\/vc_row]<\/p>\n","protected":false},"excerpt":{"rendered":"<p>[vc_row type=&#8221;full_width_section&#8221; bottom_padding=&#8221;50&#8243;][vc_column width=&#8221;1\/1&#8243;][rev_slider_vc alias=&#8221;schlagkraft&#8221;][\/vc_column][\/vc_row][vc_row top_padding=&#8221;50&#8243; bottom_padding=&#8221;50&#8243;][vc_column width=&#8221;1\/1&#8243;][vc_column_text] FOR\u00c7A DE IMPACTO [\/vc_column_text][vc_column_text] Os produtos SWB s\u00e3o aplicados quando se trata de tritura\u00e7\u00e3o. [\/vc_column_text][vc_separator color=&#8221;custom&#8221; el_width=&#8221;50&#8243; accent_color=&#8221;#757575&#8243;][\/vc_column][\/vc_row][vc_row top_padding=&#8221;50&#8243; bottom_padding=&#8221;50&#8243;][vc_column width=&#8221;1\/3&#8243;][vc_column_text]Tritura\u00e7\u00e3o de mat\u00e9rias primas minerais como pedras naturais, min\u00e9rio e carv\u00e3o, bem como tritura\u00e7\u00e3o de mat\u00e9rias primas secund\u00e1rias como clinquer e entulho de constru\u00e7\u00e3o. N\u00f3s desenvolvemos, fabricamos e fornecemos para tritura\u00e7\u00e3o por impacto horizontal e vertical: e o completo revestimento interno resistente ao desgaste dos trituradores de impacto.[\/vc_column_text][\/vc_column][vc_column width=&#8221;1\/3&#8243;][vc_column_text]Para a prepara\u00e7\u00e3o de minerais em geral, fabricamos e fornecemos: [\/vc_column_text][\/vc_column][vc_column width=&#8221;1\/3&#8243;][vc_column_text]Os martelos e os bra\u00e7os de batida da SWB s\u00e3o resistentes ao impacto. Eles quebram a resist\u00eancia dos materiais mais duros: quartzo, granito, basalto, p\u00f3rfiro \u2013 bem como clinquer duro e concreto armado com ferro no entulho de constru\u00e7\u00e3o. For\u00e7a de impacto requer dureza e tenacidade. As pe\u00e7as de desgaste da SWB disp\u00f5em destas duas caracter\u00edsticas. Elas s\u00e3o duras e tenazes.[\/vc_column_text][\/vc_column][\/vc_row][vc_row top_padding=&#8221;50&#8243; bottom_padding=&#8221;50&#8243;][vc_column animation=&#8221;fade-in-from-bottom&#8221; width=&#8221;1\/1&#8243; delay=&#8221;500&#8243;][\/vc_column][\/vc_row][vc_row bottom_padding=&#8221;50&#8243;][vc_column animation=&#8221;fade-in&#8221; width=&#8221;1\/1&#8243; delay=&#8221;500&#8243;][\/vc_column][\/vc_row]<\/p>\n","protected":false},"author":4,"featured_media":0,"parent":0,"menu_order":0,"comment_status":"closed","ping_status":"closed","template":"","meta":{"footnotes":""},"class_list":["post-20596","page","type-page","status-publish","hentry"],"yoast_head":"<!-- This site is optimized with the Yoast SEO Premium plugin v26.9 (Yoast SEO v27.3) - https:\/\/yoast.com\/product\/yoast-seo-premium-wordpress\/ -->\n<title>For\u00e7a de impacto - Stahlwerke Bochum<\/title>\n<meta name=\"robots\" content=\"index, follow, max-snippet:-1, max-image-preview:large, max-video-preview:-1\" \/>\n<link rel=\"canonical\" href=\"https:\/\/stahlwerke-bochum.com\/pt-br\/forca-de-impacto\/\" \/>\n<meta property=\"og:locale\" content=\"pt_BR\" \/>\n<meta property=\"og:type\" content=\"article\" \/>\n<meta property=\"og:title\" content=\"For\u00e7a de impacto\" \/>\n<meta property=\"og:description\" content=\"[vc_row type=&#8221;full_width_section&#8221; bottom_padding=&#8221;50&#8243;][vc_column width=&#8221;1\/1&#8243;][rev_slider_vc alias=&#8221;schlagkraft&#8221;][\/vc_column][\/vc_row][vc_row top_padding=&#8221;50&#8243; bottom_padding=&#8221;50&#8243;][vc_column width=&#8221;1\/1&#8243;][vc_column_text] FOR\u00c7A DE IMPACTO [\/vc_column_text][vc_column_text] Os produtos SWB s\u00e3o aplicados quando se trata de tritura\u00e7\u00e3o. [\/vc_column_text][vc_separator color=&#8221;custom&#8221; el_width=&#8221;50&#8243; accent_color=&#8221;#757575&#8243;][\/vc_column][\/vc_row][vc_row top_padding=&#8221;50&#8243; bottom_padding=&#8221;50&#8243;][vc_column width=&#8221;1\/3&#8243;][vc_column_text]Tritura\u00e7\u00e3o de mat\u00e9rias primas minerais como pedras naturais, min\u00e9rio e carv\u00e3o, bem como tritura\u00e7\u00e3o de mat\u00e9rias primas secund\u00e1rias como clinquer e entulho de constru\u00e7\u00e3o. N\u00f3s desenvolvemos, fabricamos e fornecemos para tritura\u00e7\u00e3o por impacto horizontal e vertical: e o completo revestimento interno resistente ao desgaste dos trituradores de impacto.[\/vc_column_text][\/vc_column][vc_column width=&#8221;1\/3&#8243;][vc_column_text]Para a prepara\u00e7\u00e3o de minerais em geral, fabricamos e fornecemos: [\/vc_column_text][\/vc_column][vc_column width=&#8221;1\/3&#8243;][vc_column_text]Os martelos e os bra\u00e7os de batida da SWB s\u00e3o resistentes ao impacto. Eles quebram a resist\u00eancia dos materiais mais duros: quartzo, granito, basalto, p\u00f3rfiro \u2013 bem como clinquer duro e concreto armado com ferro no entulho de constru\u00e7\u00e3o. For\u00e7a de impacto requer dureza e tenacidade. As pe\u00e7as de desgaste da SWB disp\u00f5em destas duas caracter\u00edsticas. Elas s\u00e3o duras e tenazes.[\/vc_column_text][\/vc_column][\/vc_row][vc_row top_padding=&#8221;50&#8243; bottom_padding=&#8221;50&#8243;][vc_column animation=&#8221;fade-in-from-bottom&#8221; width=&#8221;1\/1&#8243; delay=&#8221;500&#8243;][\/vc_column][\/vc_row][vc_row bottom_padding=&#8221;50&#8243;][vc_column animation=&#8221;fade-in&#8221; width=&#8221;1\/1&#8243; delay=&#8221;500&#8243;][\/vc_column][\/vc_row]\" \/>\n<meta property=\"og:url\" content=\"https:\/\/stahlwerke-bochum.com\/pt-br\/forca-de-impacto\/\" \/>\n<meta property=\"og:site_name\" content=\"Stahlwerke Bochum\" \/>\n<meta property=\"article:modified_time\" content=\"2018-07-10T08:55:16+00:00\" \/>\n<meta name=\"twitter:card\" content=\"summary_large_image\" \/>\n<meta name=\"twitter:label1\" content=\"Est. tempo de leitura\" \/>\n\t<meta name=\"twitter:data1\" content=\"3 minutos\" \/>\n<script type=\"application\/ld+json\" class=\"yoast-schema-graph\">{\"@context\":\"https:\\\/\\\/schema.org\",\"@graph\":[{\"@type\":\"WebPage\",\"@id\":\"https:\\\/\\\/stahlwerke-bochum.com\\\/pt-br\\\/forca-de-impacto\\\/\",\"url\":\"https:\\\/\\\/stahlwerke-bochum.com\\\/pt-br\\\/forca-de-impacto\\\/\",\"name\":\"For\u00e7a de impacto - Stahlwerke Bochum\",\"isPartOf\":{\"@id\":\"https:\\\/\\\/stahlwerke-bochum.com\\\/#website\"},\"datePublished\":\"2018-06-20T12:30:37+00:00\",\"dateModified\":\"2018-07-10T08:55:16+00:00\",\"breadcrumb\":{\"@id\":\"https:\\\/\\\/stahlwerke-bochum.com\\\/pt-br\\\/forca-de-impacto\\\/#breadcrumb\"},\"inLanguage\":\"pt-BR\",\"potentialAction\":[{\"@type\":\"ReadAction\",\"target\":[\"https:\\\/\\\/stahlwerke-bochum.com\\\/pt-br\\\/forca-de-impacto\\\/\"]}]},{\"@type\":\"BreadcrumbList\",\"@id\":\"https:\\\/\\\/stahlwerke-bochum.com\\\/pt-br\\\/forca-de-impacto\\\/#breadcrumb\",\"itemListElement\":[{\"@type\":\"ListItem\",\"position\":1,\"name\":\"Startseite\",\"item\":\"https:\\\/\\\/stahlwerke-bochum.com\\\/pt-br\\\/\"},{\"@type\":\"ListItem\",\"position\":2,\"name\":\"For\u00e7a de impacto\"}]},{\"@type\":\"WebSite\",\"@id\":\"https:\\\/\\\/stahlwerke-bochum.com\\\/#website\",\"url\":\"https:\\\/\\\/stahlwerke-bochum.com\\\/\",\"name\":\"Stahlwerke Bochum\",\"description\":\"Entwicklung und Herstellung von Verschleisswerkzeugen f\u00fcr die Aufbereitungstechnik, Zerkleinerungstechnik und Recyclingtechnik.\",\"publisher\":{\"@id\":\"https:\\\/\\\/stahlwerke-bochum.com\\\/#organization\"},\"potentialAction\":[{\"@type\":\"SearchAction\",\"target\":{\"@type\":\"EntryPoint\",\"urlTemplate\":\"https:\\\/\\\/stahlwerke-bochum.com\\\/?s={search_term_string}\"},\"query-input\":{\"@type\":\"PropertyValueSpecification\",\"valueRequired\":true,\"valueName\":\"search_term_string\"}}],\"inLanguage\":\"pt-BR\"},{\"@type\":\"Organization\",\"@id\":\"https:\\\/\\\/stahlwerke-bochum.com\\\/#organization\",\"name\":\"Stahlwerke Bochum\",\"url\":\"https:\\\/\\\/stahlwerke-bochum.com\\\/\",\"logo\":{\"@type\":\"ImageObject\",\"inLanguage\":\"pt-BR\",\"@id\":\"https:\\\/\\\/stahlwerke-bochum.com\\\/#\\\/schema\\\/logo\\\/image\\\/\",\"url\":\"https:\\\/\\\/stahlwerke-bochum.com\\\/wp-content\\\/uploads\\\/2018\\\/06\\\/swb-logo2.jpg\",\"contentUrl\":\"https:\\\/\\\/stahlwerke-bochum.com\\\/wp-content\\\/uploads\\\/2018\\\/06\\\/swb-logo2.jpg\",\"width\":500,\"height\":82,\"caption\":\"Stahlwerke Bochum\"},\"image\":{\"@id\":\"https:\\\/\\\/stahlwerke-bochum.com\\\/#\\\/schema\\\/logo\\\/image\\\/\"}}]}<\/script>\n<!-- \/ Yoast SEO Premium plugin. -->","yoast_head_json":{"title":"For\u00e7a de impacto - Stahlwerke Bochum","robots":{"index":"index","follow":"follow","max-snippet":"max-snippet:-1","max-image-preview":"max-image-preview:large","max-video-preview":"max-video-preview:-1"},"canonical":"https:\/\/stahlwerke-bochum.com\/pt-br\/forca-de-impacto\/","og_locale":"pt_BR","og_type":"article","og_title":"For\u00e7a de impacto","og_description":"[vc_row type=&#8221;full_width_section&#8221; bottom_padding=&#8221;50&#8243;][vc_column width=&#8221;1\/1&#8243;][rev_slider_vc alias=&#8221;schlagkraft&#8221;][\/vc_column][\/vc_row][vc_row top_padding=&#8221;50&#8243; bottom_padding=&#8221;50&#8243;][vc_column width=&#8221;1\/1&#8243;][vc_column_text] FOR\u00c7A DE IMPACTO [\/vc_column_text][vc_column_text] Os produtos SWB s\u00e3o aplicados quando se trata de tritura\u00e7\u00e3o. [\/vc_column_text][vc_separator color=&#8221;custom&#8221; el_width=&#8221;50&#8243; accent_color=&#8221;#757575&#8243;][\/vc_column][\/vc_row][vc_row top_padding=&#8221;50&#8243; bottom_padding=&#8221;50&#8243;][vc_column width=&#8221;1\/3&#8243;][vc_column_text]Tritura\u00e7\u00e3o de mat\u00e9rias primas minerais como pedras naturais, min\u00e9rio e carv\u00e3o, bem como tritura\u00e7\u00e3o de mat\u00e9rias primas secund\u00e1rias como clinquer e entulho de constru\u00e7\u00e3o. N\u00f3s desenvolvemos, fabricamos e fornecemos para tritura\u00e7\u00e3o por impacto horizontal e vertical: e o completo revestimento interno resistente ao desgaste dos trituradores de impacto.[\/vc_column_text][\/vc_column][vc_column width=&#8221;1\/3&#8243;][vc_column_text]Para a prepara\u00e7\u00e3o de minerais em geral, fabricamos e fornecemos: [\/vc_column_text][\/vc_column][vc_column width=&#8221;1\/3&#8243;][vc_column_text]Os martelos e os bra\u00e7os de batida da SWB s\u00e3o resistentes ao impacto. Eles quebram a resist\u00eancia dos materiais mais duros: quartzo, granito, basalto, p\u00f3rfiro \u2013 bem como clinquer duro e concreto armado com ferro no entulho de constru\u00e7\u00e3o. For\u00e7a de impacto requer dureza e tenacidade. As pe\u00e7as de desgaste da SWB disp\u00f5em destas duas caracter\u00edsticas. Elas s\u00e3o duras e tenazes.[\/vc_column_text][\/vc_column][\/vc_row][vc_row top_padding=&#8221;50&#8243; bottom_padding=&#8221;50&#8243;][vc_column animation=&#8221;fade-in-from-bottom&#8221; width=&#8221;1\/1&#8243; delay=&#8221;500&#8243;][\/vc_column][\/vc_row][vc_row bottom_padding=&#8221;50&#8243;][vc_column animation=&#8221;fade-in&#8221; width=&#8221;1\/1&#8243; delay=&#8221;500&#8243;][\/vc_column][\/vc_row]","og_url":"https:\/\/stahlwerke-bochum.com\/pt-br\/forca-de-impacto\/","og_site_name":"Stahlwerke Bochum","article_modified_time":"2018-07-10T08:55:16+00:00","twitter_card":"summary_large_image","twitter_misc":{"Est. tempo de leitura":"3 minutos"},"schema":{"@context":"https:\/\/schema.org","@graph":[{"@type":"WebPage","@id":"https:\/\/stahlwerke-bochum.com\/pt-br\/forca-de-impacto\/","url":"https:\/\/stahlwerke-bochum.com\/pt-br\/forca-de-impacto\/","name":"For\u00e7a de impacto - Stahlwerke Bochum","isPartOf":{"@id":"https:\/\/stahlwerke-bochum.com\/#website"},"datePublished":"2018-06-20T12:30:37+00:00","dateModified":"2018-07-10T08:55:16+00:00","breadcrumb":{"@id":"https:\/\/stahlwerke-bochum.com\/pt-br\/forca-de-impacto\/#breadcrumb"},"inLanguage":"pt-BR","potentialAction":[{"@type":"ReadAction","target":["https:\/\/stahlwerke-bochum.com\/pt-br\/forca-de-impacto\/"]}]},{"@type":"BreadcrumbList","@id":"https:\/\/stahlwerke-bochum.com\/pt-br\/forca-de-impacto\/#breadcrumb","itemListElement":[{"@type":"ListItem","position":1,"name":"Startseite","item":"https:\/\/stahlwerke-bochum.com\/pt-br\/"},{"@type":"ListItem","position":2,"name":"For\u00e7a de impacto"}]},{"@type":"WebSite","@id":"https:\/\/stahlwerke-bochum.com\/#website","url":"https:\/\/stahlwerke-bochum.com\/","name":"Stahlwerke Bochum","description":"Entwicklung und Herstellung von Verschleisswerkzeugen f\u00fcr die Aufbereitungstechnik, Zerkleinerungstechnik und Recyclingtechnik.","publisher":{"@id":"https:\/\/stahlwerke-bochum.com\/#organization"},"potentialAction":[{"@type":"SearchAction","target":{"@type":"EntryPoint","urlTemplate":"https:\/\/stahlwerke-bochum.com\/?s={search_term_string}"},"query-input":{"@type":"PropertyValueSpecification","valueRequired":true,"valueName":"search_term_string"}}],"inLanguage":"pt-BR"},{"@type":"Organization","@id":"https:\/\/stahlwerke-bochum.com\/#organization","name":"Stahlwerke Bochum","url":"https:\/\/stahlwerke-bochum.com\/","logo":{"@type":"ImageObject","inLanguage":"pt-BR","@id":"https:\/\/stahlwerke-bochum.com\/#\/schema\/logo\/image\/","url":"https:\/\/stahlwerke-bochum.com\/wp-content\/uploads\/2018\/06\/swb-logo2.jpg","contentUrl":"https:\/\/stahlwerke-bochum.com\/wp-content\/uploads\/2018\/06\/swb-logo2.jpg","width":500,"height":82,"caption":"Stahlwerke Bochum"},"image":{"@id":"https:\/\/stahlwerke-bochum.com\/#\/schema\/logo\/image\/"}}]}},"_links":{"self":[{"href":"https:\/\/stahlwerke-bochum.com\/pt-br\/wp-json\/wp\/v2\/pages\/20596","targetHints":{"allow":["GET"]}}],"collection":[{"href":"https:\/\/stahlwerke-bochum.com\/pt-br\/wp-json\/wp\/v2\/pages"}],"about":[{"href":"https:\/\/stahlwerke-bochum.com\/pt-br\/wp-json\/wp\/v2\/types\/page"}],"author":[{"embeddable":true,"href":"https:\/\/stahlwerke-bochum.com\/pt-br\/wp-json\/wp\/v2\/users\/4"}],"replies":[{"embeddable":true,"href":"https:\/\/stahlwerke-bochum.com\/pt-br\/wp-json\/wp\/v2\/comments?post=20596"}],"version-history":[{"count":2,"href":"https:\/\/stahlwerke-bochum.com\/pt-br\/wp-json\/wp\/v2\/pages\/20596\/revisions"}],"predecessor-version":[{"id":20598,"href":"https:\/\/stahlwerke-bochum.com\/pt-br\/wp-json\/wp\/v2\/pages\/20596\/revisions\/20598"}],"wp:attachment":[{"href":"https:\/\/stahlwerke-bochum.com\/pt-br\/wp-json\/wp\/v2\/media?parent=20596"}],"curies":[{"name":"wp","href":"https:\/\/api.w.org\/{rel}","templated":true}]}}