{"id":20560,"date":"2018-06-20T12:30:36","date_gmt":"2018-06-20T10:30:36","guid":{"rendered":"http:\/\/192.168.6.130\/kontrolle\/"},"modified":"2018-07-11T08:02:42","modified_gmt":"2018-07-11T06:02:42","slug":"instancia-de-controle","status":"publish","type":"page","link":"https:\/\/stahlwerke-bochum.com\/pt-br\/instancia-de-controle\/","title":{"rendered":"Inst\u00e2ncia de Controle"},"content":{"rendered":"<p>[vc_row type=&#8221;full_width_section&#8221; bottom_padding=&#8221;50&#8243;][vc_column width=&#8221;1\/1&#8243;][rev_slider_vc alias=&#8221;kontrolle&#8221;][\/vc_column][\/vc_row][vc_row top_padding=&#8221;50&#8243; bottom_padding=&#8221;50&#8243;][vc_column width=&#8221;1\/1&#8243;][vc_column_text]<\/p>\n<h1 style=\"text-align: center;\"><span style=\"color: #00518b;\">INST\u00c2NCIA DE CONTROLE<\/span><\/h1>\n<p>[\/vc_column_text][vc_column_text]<\/p>\n<p style=\"text-align: center; color: #575756;\"><strong>M\u00e9todos complexos de fabrica\u00e7\u00e3o fazem com que uma qualidade<br \/>\n<\/strong><strong>assegurada que cubra todas as etapas do processo seja imprescind\u00edvel.<\/strong><\/p>\n<p>[\/vc_column_text][vc_separator color=&#8221;custom&#8221; el_width=&#8221;50&#8243; accent_color=&#8221;#757575&#8243;][\/vc_column][\/vc_row][vc_row top_padding=&#8221;50&#8243; bottom_padding=&#8221;50&#8243;][vc_column width=&#8221;1\/1&#8243;][vc_row_inner][vc_column_inner width=&#8221;1\/3&#8243;][vc_column_text]Pela identifica\u00e7\u00e3o individual de cada pe\u00e7a fundida, a qualidade dos produtos pode ser reproduzida durante todo o processo de produ\u00e7\u00e3o. Desta forma asseguramos o alto padr\u00e3o constante de qualidade de nossos produtos. Produzimos de acordo com rigorosas diretrizes baseadas na ISO EN 9001 (2000).[\/vc_column_text][\/vc_column_inner][vc_column_inner width=&#8221;1\/3&#8243;][vc_column_text]Ao final do processo de produ\u00e7\u00e3o, cada pe\u00e7a fundida \u00e9 testada exaustivamente. A par do teste do material e da dureza espec\u00edfica do produto, submetemos 100% das pe\u00e7as sujeitas ao desgaste a serem fornecidas a um teste magn\u00e9tico de fissura e eventualmente a um teste de ultrassonografia adicional.[\/vc_column_text][\/vc_column_inner][vc_column_inner width=&#8221;1\/3&#8243;][vc_column_text]Seguem controles de medidas e de peso e em seguida a composi\u00e7\u00e3o das unidades de fornecimento dentro de r\u00edgidas toler\u00e2ncias. Assim asseguramos uma opera\u00e7\u00e3o suave dos rotores.[\/vc_column_text][\/vc_column_inner][\/vc_row_inner][\/vc_column][\/vc_row]<\/p>\n","protected":false},"excerpt":{"rendered":"<p>[vc_row type=&#8221;full_width_section&#8221; bottom_padding=&#8221;50&#8243;][vc_column width=&#8221;1\/1&#8243;][rev_slider_vc alias=&#8221;kontrolle&#8221;][\/vc_column][\/vc_row][vc_row top_padding=&#8221;50&#8243; bottom_padding=&#8221;50&#8243;][vc_column width=&#8221;1\/1&#8243;][vc_column_text] INST\u00c2NCIA DE CONTROLE [\/vc_column_text][vc_column_text] M\u00e9todos complexos de fabrica\u00e7\u00e3o fazem com que uma qualidade assegurada que cubra todas as etapas do processo seja imprescind\u00edvel. [\/vc_column_text][vc_separator color=&#8221;custom&#8221; el_width=&#8221;50&#8243; accent_color=&#8221;#757575&#8243;][\/vc_column][\/vc_row][vc_row top_padding=&#8221;50&#8243; bottom_padding=&#8221;50&#8243;][vc_column width=&#8221;1\/1&#8243;][vc_row_inner][vc_column_inner width=&#8221;1\/3&#8243;][vc_column_text]Pela identifica\u00e7\u00e3o individual de cada pe\u00e7a fundida, a qualidade dos produtos pode ser reproduzida durante todo o processo de produ\u00e7\u00e3o. Desta forma asseguramos o alto padr\u00e3o constante de qualidade de nossos produtos. Produzimos de acordo com rigorosas diretrizes baseadas na ISO EN 9001 (2000).[\/vc_column_text][\/vc_column_inner][vc_column_inner width=&#8221;1\/3&#8243;][vc_column_text]Ao final do processo de produ\u00e7\u00e3o, cada pe\u00e7a fundida \u00e9 testada exaustivamente. A par do teste do material e da dureza espec\u00edfica do produto, submetemos 100% das pe\u00e7as sujeitas ao desgaste a serem fornecidas a um teste magn\u00e9tico de fissura e eventualmente a um teste de ultrassonografia adicional.[\/vc_column_text][\/vc_column_inner][vc_column_inner width=&#8221;1\/3&#8243;][vc_column_text]Seguem controles de medidas e de peso e em seguida a composi\u00e7\u00e3o das unidades de fornecimento dentro de r\u00edgidas toler\u00e2ncias. Assim asseguramos uma opera\u00e7\u00e3o suave dos rotores.[\/vc_column_text][\/vc_column_inner][\/vc_row_inner][\/vc_column][\/vc_row]<\/p>\n","protected":false},"author":4,"featured_media":0,"parent":0,"menu_order":0,"comment_status":"closed","ping_status":"closed","template":"","meta":{"footnotes":""},"class_list":["post-20560","page","type-page","status-publish","hentry"],"yoast_head":"<!-- This site is optimized with the Yoast SEO Premium plugin v27.4 (Yoast SEO v27.4) - https:\/\/yoast.com\/product\/yoast-seo-premium-wordpress\/ -->\n<title>Inst\u00e2ncia de Controle - Stahlwerke Bochum<\/title>\n<meta name=\"robots\" content=\"index, follow, max-snippet:-1, max-image-preview:large, max-video-preview:-1\" \/>\n<link rel=\"canonical\" href=\"https:\/\/stahlwerke-bochum.com\/pt-br\/instancia-de-controle\/\" \/>\n<meta property=\"og:locale\" content=\"pt_BR\" \/>\n<meta property=\"og:type\" content=\"article\" \/>\n<meta property=\"og:title\" content=\"Inst\u00e2ncia de Controle\" \/>\n<meta property=\"og:description\" content=\"[vc_row type=&#8221;full_width_section&#8221; bottom_padding=&#8221;50&#8243;][vc_column width=&#8221;1\/1&#8243;][rev_slider_vc alias=&#8221;kontrolle&#8221;][\/vc_column][\/vc_row][vc_row top_padding=&#8221;50&#8243; bottom_padding=&#8221;50&#8243;][vc_column width=&#8221;1\/1&#8243;][vc_column_text] INST\u00c2NCIA DE CONTROLE [\/vc_column_text][vc_column_text] M\u00e9todos complexos de fabrica\u00e7\u00e3o fazem com que uma qualidade assegurada que cubra todas as etapas do processo seja imprescind\u00edvel. [\/vc_column_text][vc_separator color=&#8221;custom&#8221; el_width=&#8221;50&#8243; accent_color=&#8221;#757575&#8243;][\/vc_column][\/vc_row][vc_row top_padding=&#8221;50&#8243; bottom_padding=&#8221;50&#8243;][vc_column width=&#8221;1\/1&#8243;][vc_row_inner][vc_column_inner width=&#8221;1\/3&#8243;][vc_column_text]Pela identifica\u00e7\u00e3o individual de cada pe\u00e7a fundida, a qualidade dos produtos pode ser reproduzida durante todo o processo de produ\u00e7\u00e3o. Desta forma asseguramos o alto padr\u00e3o constante de qualidade de nossos produtos. Produzimos de acordo com rigorosas diretrizes baseadas na ISO EN 9001 (2000).[\/vc_column_text][\/vc_column_inner][vc_column_inner width=&#8221;1\/3&#8243;][vc_column_text]Ao final do processo de produ\u00e7\u00e3o, cada pe\u00e7a fundida \u00e9 testada exaustivamente. A par do teste do material e da dureza espec\u00edfica do produto, submetemos 100% das pe\u00e7as sujeitas ao desgaste a serem fornecidas a um teste magn\u00e9tico de fissura e eventualmente a um teste de ultrassonografia adicional.[\/vc_column_text][\/vc_column_inner][vc_column_inner width=&#8221;1\/3&#8243;][vc_column_text]Seguem controles de medidas e de peso e em seguida a composi\u00e7\u00e3o das unidades de fornecimento dentro de r\u00edgidas toler\u00e2ncias. Assim asseguramos uma opera\u00e7\u00e3o suave dos rotores.[\/vc_column_text][\/vc_column_inner][\/vc_row_inner][\/vc_column][\/vc_row]\" \/>\n<meta property=\"og:url\" content=\"https:\/\/stahlwerke-bochum.com\/pt-br\/instancia-de-controle\/\" \/>\n<meta property=\"og:site_name\" content=\"Stahlwerke Bochum\" \/>\n<meta property=\"article:modified_time\" content=\"2018-07-11T06:02:42+00:00\" \/>\n<meta name=\"twitter:card\" content=\"summary_large_image\" \/>\n<meta name=\"twitter:label1\" content=\"Est. tempo de leitura\" \/>\n\t<meta name=\"twitter:data1\" content=\"1 minuto\" \/>\n<script type=\"application\/ld+json\" class=\"yoast-schema-graph\">{\"@context\":\"https:\\\/\\\/schema.org\",\"@graph\":[{\"@type\":\"WebPage\",\"@id\":\"https:\\\/\\\/stahlwerke-bochum.com\\\/pt-br\\\/instancia-de-controle\\\/\",\"url\":\"https:\\\/\\\/stahlwerke-bochum.com\\\/pt-br\\\/instancia-de-controle\\\/\",\"name\":\"Inst\u00e2ncia de Controle - Stahlwerke Bochum\",\"isPartOf\":{\"@id\":\"https:\\\/\\\/stahlwerke-bochum.com\\\/#website\"},\"datePublished\":\"2018-06-20T10:30:36+00:00\",\"dateModified\":\"2018-07-11T06:02:42+00:00\",\"breadcrumb\":{\"@id\":\"https:\\\/\\\/stahlwerke-bochum.com\\\/pt-br\\\/instancia-de-controle\\\/#breadcrumb\"},\"inLanguage\":\"pt-BR\",\"potentialAction\":[{\"@type\":\"ReadAction\",\"target\":[\"https:\\\/\\\/stahlwerke-bochum.com\\\/pt-br\\\/instancia-de-controle\\\/\"]}]},{\"@type\":\"BreadcrumbList\",\"@id\":\"https:\\\/\\\/stahlwerke-bochum.com\\\/pt-br\\\/instancia-de-controle\\\/#breadcrumb\",\"itemListElement\":[{\"@type\":\"ListItem\",\"position\":1,\"name\":\"Startseite\",\"item\":\"https:\\\/\\\/stahlwerke-bochum.com\\\/pt-br\\\/\"},{\"@type\":\"ListItem\",\"position\":2,\"name\":\"Inst\u00e2ncia de Controle\"}]},{\"@type\":\"WebSite\",\"@id\":\"https:\\\/\\\/stahlwerke-bochum.com\\\/#website\",\"url\":\"https:\\\/\\\/stahlwerke-bochum.com\\\/\",\"name\":\"Stahlwerke Bochum\",\"description\":\"Entwicklung und Herstellung von Verschleisswerkzeugen f\u00fcr die Aufbereitungstechnik, Zerkleinerungstechnik und Recyclingtechnik.\",\"publisher\":{\"@id\":\"https:\\\/\\\/stahlwerke-bochum.com\\\/#organization\"},\"potentialAction\":[{\"@type\":\"SearchAction\",\"target\":{\"@type\":\"EntryPoint\",\"urlTemplate\":\"https:\\\/\\\/stahlwerke-bochum.com\\\/?s={search_term_string}\"},\"query-input\":{\"@type\":\"PropertyValueSpecification\",\"valueRequired\":true,\"valueName\":\"search_term_string\"}}],\"inLanguage\":\"pt-BR\"},{\"@type\":\"Organization\",\"@id\":\"https:\\\/\\\/stahlwerke-bochum.com\\\/#organization\",\"name\":\"Stahlwerke Bochum\",\"url\":\"https:\\\/\\\/stahlwerke-bochum.com\\\/\",\"logo\":{\"@type\":\"ImageObject\",\"inLanguage\":\"pt-BR\",\"@id\":\"https:\\\/\\\/stahlwerke-bochum.com\\\/#\\\/schema\\\/logo\\\/image\\\/\",\"url\":\"https:\\\/\\\/stahlwerke-bochum.com\\\/wp-content\\\/uploads\\\/2018\\\/06\\\/swb-logo2.jpg\",\"contentUrl\":\"https:\\\/\\\/stahlwerke-bochum.com\\\/wp-content\\\/uploads\\\/2018\\\/06\\\/swb-logo2.jpg\",\"width\":500,\"height\":82,\"caption\":\"Stahlwerke Bochum\"},\"image\":{\"@id\":\"https:\\\/\\\/stahlwerke-bochum.com\\\/#\\\/schema\\\/logo\\\/image\\\/\"}}]}<\/script>\n<!-- \/ Yoast SEO Premium plugin. -->","yoast_head_json":{"title":"Inst\u00e2ncia de Controle - Stahlwerke Bochum","robots":{"index":"index","follow":"follow","max-snippet":"max-snippet:-1","max-image-preview":"max-image-preview:large","max-video-preview":"max-video-preview:-1"},"canonical":"https:\/\/stahlwerke-bochum.com\/pt-br\/instancia-de-controle\/","og_locale":"pt_BR","og_type":"article","og_title":"Inst\u00e2ncia de Controle","og_description":"[vc_row type=&#8221;full_width_section&#8221; bottom_padding=&#8221;50&#8243;][vc_column width=&#8221;1\/1&#8243;][rev_slider_vc alias=&#8221;kontrolle&#8221;][\/vc_column][\/vc_row][vc_row top_padding=&#8221;50&#8243; bottom_padding=&#8221;50&#8243;][vc_column width=&#8221;1\/1&#8243;][vc_column_text] INST\u00c2NCIA DE CONTROLE [\/vc_column_text][vc_column_text] M\u00e9todos complexos de fabrica\u00e7\u00e3o fazem com que uma qualidade assegurada que cubra todas as etapas do processo seja imprescind\u00edvel. [\/vc_column_text][vc_separator color=&#8221;custom&#8221; el_width=&#8221;50&#8243; accent_color=&#8221;#757575&#8243;][\/vc_column][\/vc_row][vc_row top_padding=&#8221;50&#8243; bottom_padding=&#8221;50&#8243;][vc_column width=&#8221;1\/1&#8243;][vc_row_inner][vc_column_inner width=&#8221;1\/3&#8243;][vc_column_text]Pela identifica\u00e7\u00e3o individual de cada pe\u00e7a fundida, a qualidade dos produtos pode ser reproduzida durante todo o processo de produ\u00e7\u00e3o. Desta forma asseguramos o alto padr\u00e3o constante de qualidade de nossos produtos. Produzimos de acordo com rigorosas diretrizes baseadas na ISO EN 9001 (2000).[\/vc_column_text][\/vc_column_inner][vc_column_inner width=&#8221;1\/3&#8243;][vc_column_text]Ao final do processo de produ\u00e7\u00e3o, cada pe\u00e7a fundida \u00e9 testada exaustivamente. A par do teste do material e da dureza espec\u00edfica do produto, submetemos 100% das pe\u00e7as sujeitas ao desgaste a serem fornecidas a um teste magn\u00e9tico de fissura e eventualmente a um teste de ultrassonografia adicional.[\/vc_column_text][\/vc_column_inner][vc_column_inner width=&#8221;1\/3&#8243;][vc_column_text]Seguem controles de medidas e de peso e em seguida a composi\u00e7\u00e3o das unidades de fornecimento dentro de r\u00edgidas toler\u00e2ncias. Assim asseguramos uma opera\u00e7\u00e3o suave dos rotores.[\/vc_column_text][\/vc_column_inner][\/vc_row_inner][\/vc_column][\/vc_row]","og_url":"https:\/\/stahlwerke-bochum.com\/pt-br\/instancia-de-controle\/","og_site_name":"Stahlwerke Bochum","article_modified_time":"2018-07-11T06:02:42+00:00","twitter_card":"summary_large_image","twitter_misc":{"Est. tempo de leitura":"1 minuto"},"schema":{"@context":"https:\/\/schema.org","@graph":[{"@type":"WebPage","@id":"https:\/\/stahlwerke-bochum.com\/pt-br\/instancia-de-controle\/","url":"https:\/\/stahlwerke-bochum.com\/pt-br\/instancia-de-controle\/","name":"Inst\u00e2ncia de Controle - Stahlwerke Bochum","isPartOf":{"@id":"https:\/\/stahlwerke-bochum.com\/#website"},"datePublished":"2018-06-20T10:30:36+00:00","dateModified":"2018-07-11T06:02:42+00:00","breadcrumb":{"@id":"https:\/\/stahlwerke-bochum.com\/pt-br\/instancia-de-controle\/#breadcrumb"},"inLanguage":"pt-BR","potentialAction":[{"@type":"ReadAction","target":["https:\/\/stahlwerke-bochum.com\/pt-br\/instancia-de-controle\/"]}]},{"@type":"BreadcrumbList","@id":"https:\/\/stahlwerke-bochum.com\/pt-br\/instancia-de-controle\/#breadcrumb","itemListElement":[{"@type":"ListItem","position":1,"name":"Startseite","item":"https:\/\/stahlwerke-bochum.com\/pt-br\/"},{"@type":"ListItem","position":2,"name":"Inst\u00e2ncia de Controle"}]},{"@type":"WebSite","@id":"https:\/\/stahlwerke-bochum.com\/#website","url":"https:\/\/stahlwerke-bochum.com\/","name":"Stahlwerke Bochum","description":"Entwicklung und Herstellung von Verschleisswerkzeugen f\u00fcr die Aufbereitungstechnik, Zerkleinerungstechnik und Recyclingtechnik.","publisher":{"@id":"https:\/\/stahlwerke-bochum.com\/#organization"},"potentialAction":[{"@type":"SearchAction","target":{"@type":"EntryPoint","urlTemplate":"https:\/\/stahlwerke-bochum.com\/?s={search_term_string}"},"query-input":{"@type":"PropertyValueSpecification","valueRequired":true,"valueName":"search_term_string"}}],"inLanguage":"pt-BR"},{"@type":"Organization","@id":"https:\/\/stahlwerke-bochum.com\/#organization","name":"Stahlwerke Bochum","url":"https:\/\/stahlwerke-bochum.com\/","logo":{"@type":"ImageObject","inLanguage":"pt-BR","@id":"https:\/\/stahlwerke-bochum.com\/#\/schema\/logo\/image\/","url":"https:\/\/stahlwerke-bochum.com\/wp-content\/uploads\/2018\/06\/swb-logo2.jpg","contentUrl":"https:\/\/stahlwerke-bochum.com\/wp-content\/uploads\/2018\/06\/swb-logo2.jpg","width":500,"height":82,"caption":"Stahlwerke Bochum"},"image":{"@id":"https:\/\/stahlwerke-bochum.com\/#\/schema\/logo\/image\/"}}]}},"_links":{"self":[{"href":"https:\/\/stahlwerke-bochum.com\/pt-br\/wp-json\/wp\/v2\/pages\/20560","targetHints":{"allow":["GET"]}}],"collection":[{"href":"https:\/\/stahlwerke-bochum.com\/pt-br\/wp-json\/wp\/v2\/pages"}],"about":[{"href":"https:\/\/stahlwerke-bochum.com\/pt-br\/wp-json\/wp\/v2\/types\/page"}],"author":[{"embeddable":true,"href":"https:\/\/stahlwerke-bochum.com\/pt-br\/wp-json\/wp\/v2\/users\/4"}],"replies":[{"embeddable":true,"href":"https:\/\/stahlwerke-bochum.com\/pt-br\/wp-json\/wp\/v2\/comments?post=20560"}],"version-history":[{"count":4,"href":"https:\/\/stahlwerke-bochum.com\/pt-br\/wp-json\/wp\/v2\/pages\/20560\/revisions"}],"predecessor-version":[{"id":20715,"href":"https:\/\/stahlwerke-bochum.com\/pt-br\/wp-json\/wp\/v2\/pages\/20560\/revisions\/20715"}],"wp:attachment":[{"href":"https:\/\/stahlwerke-bochum.com\/pt-br\/wp-json\/wp\/v2\/media?parent=20560"}],"curies":[{"name":"wp","href":"https:\/\/api.w.org\/{rel}","templated":true}]}}