{"id":20472,"date":"2018-06-18T10:23:33","date_gmt":"2018-06-18T08:23:33","guid":{"rendered":"http:\/\/192.168.6.130\/home_d\/"},"modified":"2026-04-09T14:30:33","modified_gmt":"2026-04-09T12:30:33","slug":"home_d","status":"publish","type":"page","link":"https:\/\/stahlwerke-bochum.com\/pt-br\/","title":{"rendered":"Sobre n\u00f3s"},"content":{"rendered":"<p>[vc_row type=&#8221;full_width_section&#8221; bg_color=&#8221;#00508a&#8221; section_arrow=&#8221;false&#8221; bottom_padding=&#8221;10&#8243;][vc_column width=&#8221;1\/1&#8243;][rev_slider_vc alias=&#8221;main_ifat_2026_uni&#8221;][\/vc_column][\/vc_row][vc_row top_padding=&#8221;50&#8243; bottom_padding=&#8221;50&#8243;][vc_column width=&#8221;1\/1&#8243;]<div class=\"single_image wpb_content_element align-left    hide\" data-animation=\"none\" data-delay=\"0\"><img loading=\"lazy\" decoding=\"async\" width=\"1201\" height=\"200\" src=\"https:\/\/stahlwerke-bochum.com\/wp-content\/uploads\/2020\/04\/18488-Banner-SWB-new-dimensions-IFAT-2020_GB_V2.jpg\" class=\"attachment-full\" alt=\"\" srcset=\"https:\/\/stahlwerke-bochum.com\/wp-content\/uploads\/2020\/04\/18488-Banner-SWB-new-dimensions-IFAT-2020_GB_V2.jpg 1201w, https:\/\/stahlwerke-bochum.com\/wp-content\/uploads\/2020\/04\/18488-Banner-SWB-new-dimensions-IFAT-2020_GB_V2-300x50.jpg 300w, https:\/\/stahlwerke-bochum.com\/wp-content\/uploads\/2020\/04\/18488-Banner-SWB-new-dimensions-IFAT-2020_GB_V2-768x128.jpg 768w, https:\/\/stahlwerke-bochum.com\/wp-content\/uploads\/2020\/04\/18488-Banner-SWB-new-dimensions-IFAT-2020_GB_V2-1024x171.jpg 1024w\" sizes=\"auto, (max-width: 1201px) 100vw, 1201px\" \/><\/div>[vc_column_text]<\/p>\n<h1 style=\"text-align: center;\">REPUTA\u00c7\u00c3O EM N\u00cdVEL MUNDIAL<\/h1>\n<p>[\/vc_column_text][vc_column_text]<\/p>\n<p style=\"text-align: center; color: #575756;\"><strong>Operamos em n\u00edvel mundial. At\u00e9 hoje fornecemos os nossos produtos de qualidade<br \/>\nde Bochum em mais de 50 pa\u00edses do mundo.<\/strong><\/p>\n<p>[\/vc_column_text][vc_separator color=&#8221;custom&#8221; el_width=&#8221;50&#8243; accent_color=&#8221;#757575&#8243;][\/vc_column][\/vc_row][vc_row top_padding=&#8221;50&#8243; bottom_padding=&#8221;50&#8243;][vc_column width=&#8221;1\/3&#8243;][vc_column_text]Na explora\u00e7\u00e3o de mercados em desenvolvimento somos um parceiro competente de nossos clientes. O nosso lema n\u00e3o \u00e9 \u201cMade in Germany\u201d, mas\u00a0<strong>\u201cCreated in Germany\u201d<\/strong>, sendo para n\u00f3s simultaneamente um desafio e uma obriga\u00e7\u00e3o.[\/vc_column_text][\/vc_column][vc_column width=&#8221;1\/3&#8243;][vc_column_text]Em conjunto com os nossos clientes defendemos uma prote\u00e7\u00e3o ambiental sustent\u00e1vel. Muitas vezes os produtos s\u00e3o revestidos antes do fornecimento. Este revestimento somente dura alguns minutos em um uso severo.[\/vc_column_text][\/vc_column][vc_column width=&#8221;1\/3&#8243;][vc_column_text]Os produtos SWB n\u00e3o necessitam desta prote\u00e7\u00e3o. Isto por si s\u00f3 \u00e9 demonstra\u00e7\u00e3o de qualidade. Ao mesmo tempo protegemos o ambiente. Desta forma, a reputa\u00e7\u00e3o se torna realidade vivida.[\/vc_column_text][\/vc_column][\/vc_row][vc_row top_padding=&#8221;50&#8243; bottom_padding=&#8221;50&#8243;][vc_column animation=&#8221;fade-in-from-bottom&#8221; width=&#8221;1\/1&#8243; delay=&#8221;500&#8243;]<div class=\"box clearfix style-2 wpb_content_element align-left \" style=\"padding: 40px 40px 40px 40px; \">\n<h4 style=\"text-align: left;\">\u00c9 bom saber:<\/h4>\n<p style=\"text-align: left;\">O\u00a0<strong>pacote completo da SWB<\/strong>\u00a0inclui o\u00a0<strong>desenvolvimento<\/strong>,\u00a0<strong>fabrica\u00e7\u00e3o<\/strong>\u00a0e\u00a0<strong>fornecimento<\/strong>\u00a0das pe\u00e7as de desgaste e componentes otimizados para a sua m\u00e1quina. Os nossos clientes se beneficiam da nossa experi\u00eancia de muitos anos no assessoramento das aplica\u00e7\u00f5es. Em conjunto otimizamos a opera\u00e7\u00e3o de suas m\u00e1quinas e instala\u00e7\u00f5es.<\/p>\n<\/div>[\/vc_column][\/vc_row][vc_row bg_color=&#8221;#00508a&#8221; text_color=&#8221;light&#8221; text_align=&#8221;center&#8221;][vc_column width=&#8221;1\/3&#8243;][vc_empty_space][vc_column_text]<\/p>\n<p style=\"text-align: center;\"><strong>MAIS QUE<\/strong><\/p>\n<p>[\/vc_column_text]<div class=\"counter clearfix wpb_content_element\"><div class=\"counter-number\" style=\"color: #ffffff !important;\">5098800<\/div><span class=\"counter-title\">BRA\u00c7OS DE BATIDA<\/span><\/div>[vc_empty_space][\/vc_column][vc_column width=&#8221;1\/3&#8243;][vc_empty_space][vc_column_text]<\/p>\n<p style=\"text-align: center;\"><strong>MAIS QUE<\/strong><\/p>\n<p>[\/vc_column_text]<div class=\"counter clearfix wpb_content_element\"><div class=\"counter-number\" style=\"color: #ffffff !important;\">1310800<\/div><span class=\"counter-title\">MARTELOS<\/span><\/div>[vc_empty_space][\/vc_column][vc_column width=&#8221;1\/3&#8243;][vc_empty_space][vc_column_text]<\/p>\n<p style=\"text-align: center;\"><strong>MAIS QUE<\/strong><\/p>\n<p>[\/vc_column_text]<div class=\"counter clearfix wpb_content_element\"><div class=\"counter-number\" style=\"color: #ffffff !important;\">1380<\/div><span class=\"counter-title\">ESFERAS DE MOAGEM<\/span><\/div>[vc_empty_space][\/vc_column][\/vc_row][vc_row top_padding=&#8221;50&#8243; bottom_padding=&#8221;50&#8243;][vc_column animation=&#8221;fade-in-from-left&#8221; width=&#8221;1\/2&#8243;]<div class=\"box clearfix style-1 wpb_content_element align-center \" style=\"padding: 0; \">\n<div style=\"width: 1161px;\" class=\"wp-video\"><video class=\"wp-video-shortcode\" id=\"video-20472-1\" width=\"1161\" height=\"653\" poster=\"https:\/\/stahlwerke-bochum.com\/wp-content\/uploads\/2022\/01\/stahlrecycling_gb-1.jpg\" preload=\"metadata\" controls=\"controls\"><source type=\"video\/mp4\" src=\"https:\/\/stahlwerke-bochum.com\/wp-content\/uploads\/2022\/01\/Always-in-motion-Steelrecycling.mp4?_=1\" \/><a href=\"https:\/\/stahlwerke-bochum.com\/wp-content\/uploads\/2022\/01\/Always-in-motion-Steelrecycling.mp4\">https:\/\/stahlwerke-bochum.com\/wp-content\/uploads\/2022\/01\/Always-in-motion-Steelrecycling.mp4<\/a><\/video><\/div>\n<\/div>[\/vc_column][vc_column animation=&#8221;fade-in-from-right&#8221; width=&#8221;1\/2&#8243;]<div class=\"box clearfix style-1 wpb_content_element align-center \" style=\"padding: 0; \">\n<div style=\"width: 1161px;\" class=\"wp-video\"><video class=\"wp-video-shortcode\" id=\"video-20472-2\" width=\"1161\" height=\"653\" poster=\"https:\/\/stahlwerke-bochum.com\/wp-content\/uploads\/2022\/01\/steine_erden_gb.jpg\" preload=\"metadata\" controls=\"controls\"><source type=\"video\/mp4\" src=\"https:\/\/stahlwerke-bochum.com\/wp-content\/uploads\/2022\/01\/Always-in-motion-Mineral-Processing.mp4?_=2\" \/><a href=\"https:\/\/stahlwerke-bochum.com\/wp-content\/uploads\/2022\/01\/Always-in-motion-Mineral-Processing.mp4\">https:\/\/stahlwerke-bochum.com\/wp-content\/uploads\/2022\/01\/Always-in-motion-Mineral-Processing.mp4<\/a><\/video><\/div>\n<\/div>[\/vc_column][\/vc_row]<\/p>\n","protected":false},"excerpt":{"rendered":"<p>[vc_row type=&#8221;full_width_section&#8221; bg_color=&#8221;#00508a&#8221; section_arrow=&#8221;false&#8221; bottom_padding=&#8221;10&#8243;][vc_column width=&#8221;1\/1&#8243;][rev_slider_vc alias=&#8221;main_ifat_2026_uni&#8221;][\/vc_column][\/vc_row][vc_row top_padding=&#8221;50&#8243; bottom_padding=&#8221;50&#8243;][vc_column width=&#8221;1\/1&#8243;][vc_column_text] REPUTA\u00c7\u00c3O EM N\u00cdVEL MUNDIAL [\/vc_column_text][vc_column_text] Operamos em n\u00edvel mundial. At\u00e9 hoje fornecemos os nossos produtos de qualidade de Bochum em mais de 50 pa\u00edses do mundo. [\/vc_column_text][vc_separator color=&#8221;custom&#8221; el_width=&#8221;50&#8243; accent_color=&#8221;#757575&#8243;][\/vc_column][\/vc_row][vc_row top_padding=&#8221;50&#8243; bottom_padding=&#8221;50&#8243;][vc_column width=&#8221;1\/3&#8243;][vc_column_text]Na explora\u00e7\u00e3o de mercados em desenvolvimento somos um parceiro competente de nossos clientes. O nosso lema n\u00e3o \u00e9 \u201cMade in Germany\u201d, mas\u00a0\u201cCreated in Germany\u201d, sendo para n\u00f3s simultaneamente um desafio e uma obriga\u00e7\u00e3o.[\/vc_column_text][\/vc_column][vc_column width=&#8221;1\/3&#8243;][vc_column_text]Em conjunto com os nossos clientes defendemos uma prote\u00e7\u00e3o ambiental sustent\u00e1vel. Muitas vezes os produtos s\u00e3o revestidos antes do fornecimento. Este revestimento somente dura alguns minutos em um uso severo.[\/vc_column_text][\/vc_column][vc_column width=&#8221;1\/3&#8243;][vc_column_text]Os produtos SWB n\u00e3o necessitam desta prote\u00e7\u00e3o. Isto por si s\u00f3 \u00e9 demonstra\u00e7\u00e3o de qualidade. Ao mesmo tempo protegemos o ambiente. Desta forma, a reputa\u00e7\u00e3o se torna realidade vivida.[\/vc_column_text][\/vc_column][\/vc_row][vc_row top_padding=&#8221;50&#8243; bottom_padding=&#8221;50&#8243;][vc_column animation=&#8221;fade-in-from-bottom&#8221; width=&#8221;1\/1&#8243; delay=&#8221;500&#8243;][\/vc_column][\/vc_row][vc_row bg_color=&#8221;#00508a&#8221; text_color=&#8221;light&#8221; text_align=&#8221;center&#8221;][vc_column width=&#8221;1\/3&#8243;][vc_empty_space][vc_column_text] MAIS QUE [\/vc_column_text][vc_empty_space][\/vc_column][vc_column width=&#8221;1\/3&#8243;][vc_empty_space][vc_column_text] MAIS QUE [\/vc_column_text][vc_empty_space][\/vc_column][vc_column width=&#8221;1\/3&#8243;][vc_empty_space][vc_column_text] MAIS QUE [\/vc_column_text][vc_empty_space][\/vc_column][\/vc_row][vc_row top_padding=&#8221;50&#8243; bottom_padding=&#8221;50&#8243;][vc_column animation=&#8221;fade-in-from-left&#8221; width=&#8221;1\/2&#8243;][\/vc_column][vc_column animation=&#8221;fade-in-from-right&#8221; width=&#8221;1\/2&#8243;][\/vc_column][\/vc_row]<\/p>\n","protected":false},"author":4,"featured_media":0,"parent":0,"menu_order":0,"comment_status":"closed","ping_status":"closed","template":"","meta":{"footnotes":""},"class_list":["post-20472","page","type-page","status-publish","hentry"],"yoast_head":"<!-- This site is optimized with the Yoast SEO Premium plugin v26.9 (Yoast SEO v27.3) - https:\/\/yoast.com\/product\/yoast-seo-premium-wordpress\/ -->\n<title>Sobre n\u00f3s - Stahlwerke Bochum<\/title>\n<meta name=\"robots\" content=\"index, follow, max-snippet:-1, max-image-preview:large, max-video-preview:-1\" \/>\n<link rel=\"canonical\" href=\"https:\/\/stahlwerke-bochum.com\/pt-br\/\" \/>\n<meta property=\"og:locale\" content=\"pt_BR\" \/>\n<meta property=\"og:type\" content=\"article\" \/>\n<meta property=\"og:title\" content=\"Sobre n\u00f3s\" \/>\n<meta property=\"og:description\" content=\"[vc_row type=&#8221;full_width_section&#8221; bg_color=&#8221;#00508a&#8221; section_arrow=&#8221;false&#8221; bottom_padding=&#8221;10&#8243;][vc_column width=&#8221;1\/1&#8243;][rev_slider_vc alias=&#8221;main_ifat_2026_uni&#8221;][\/vc_column][\/vc_row][vc_row top_padding=&#8221;50&#8243; bottom_padding=&#8221;50&#8243;][vc_column width=&#8221;1\/1&#8243;][vc_column_text] REPUTA\u00c7\u00c3O EM N\u00cdVEL MUNDIAL [\/vc_column_text][vc_column_text] Operamos em n\u00edvel mundial. At\u00e9 hoje fornecemos os nossos produtos de qualidade de Bochum em mais de 50 pa\u00edses do mundo. [\/vc_column_text][vc_separator color=&#8221;custom&#8221; el_width=&#8221;50&#8243; accent_color=&#8221;#757575&#8243;][\/vc_column][\/vc_row][vc_row top_padding=&#8221;50&#8243; bottom_padding=&#8221;50&#8243;][vc_column width=&#8221;1\/3&#8243;][vc_column_text]Na explora\u00e7\u00e3o de mercados em desenvolvimento somos um parceiro competente de nossos clientes. O nosso lema n\u00e3o \u00e9 \u201cMade in Germany\u201d, mas\u00a0\u201cCreated in Germany\u201d, sendo para n\u00f3s simultaneamente um desafio e uma obriga\u00e7\u00e3o.[\/vc_column_text][\/vc_column][vc_column width=&#8221;1\/3&#8243;][vc_column_text]Em conjunto com os nossos clientes defendemos uma prote\u00e7\u00e3o ambiental sustent\u00e1vel. Muitas vezes os produtos s\u00e3o revestidos antes do fornecimento. Este revestimento somente dura alguns minutos em um uso severo.[\/vc_column_text][\/vc_column][vc_column width=&#8221;1\/3&#8243;][vc_column_text]Os produtos SWB n\u00e3o necessitam desta prote\u00e7\u00e3o. Isto por si s\u00f3 \u00e9 demonstra\u00e7\u00e3o de qualidade. Ao mesmo tempo protegemos o ambiente. Desta forma, a reputa\u00e7\u00e3o se torna realidade vivida.[\/vc_column_text][\/vc_column][\/vc_row][vc_row top_padding=&#8221;50&#8243; bottom_padding=&#8221;50&#8243;][vc_column animation=&#8221;fade-in-from-bottom&#8221; width=&#8221;1\/1&#8243; delay=&#8221;500&#8243;][\/vc_column][\/vc_row][vc_row bg_color=&#8221;#00508a&#8221; text_color=&#8221;light&#8221; text_align=&#8221;center&#8221;][vc_column width=&#8221;1\/3&#8243;][vc_empty_space][vc_column_text] MAIS QUE [\/vc_column_text][vc_empty_space][\/vc_column][vc_column width=&#8221;1\/3&#8243;][vc_empty_space][vc_column_text] MAIS QUE [\/vc_column_text][vc_empty_space][\/vc_column][vc_column width=&#8221;1\/3&#8243;][vc_empty_space][vc_column_text] MAIS QUE [\/vc_column_text][vc_empty_space][\/vc_column][\/vc_row][vc_row top_padding=&#8221;50&#8243; bottom_padding=&#8221;50&#8243;][vc_column animation=&#8221;fade-in-from-left&#8221; width=&#8221;1\/2&#8243;][\/vc_column][vc_column animation=&#8221;fade-in-from-right&#8221; width=&#8221;1\/2&#8243;][\/vc_column][\/vc_row]\" \/>\n<meta property=\"og:url\" content=\"https:\/\/stahlwerke-bochum.com\/pt-br\/\" \/>\n<meta property=\"og:site_name\" content=\"Stahlwerke Bochum\" \/>\n<meta property=\"article:modified_time\" content=\"2026-04-09T12:30:33+00:00\" \/>\n<meta name=\"twitter:card\" content=\"summary_large_image\" \/>\n<meta name=\"twitter:label1\" content=\"Est. tempo de leitura\" \/>\n\t<meta name=\"twitter:data1\" content=\"2 minutos\" \/>\n<script type=\"application\/ld+json\" class=\"yoast-schema-graph\">{\"@context\":\"https:\\\/\\\/schema.org\",\"@graph\":[{\"@type\":\"WebPage\",\"@id\":\"https:\\\/\\\/stahlwerke-bochum.com\\\/pt-br\\\/\",\"url\":\"https:\\\/\\\/stahlwerke-bochum.com\\\/pt-br\\\/\",\"name\":\"Sobre n\u00f3s - Stahlwerke Bochum\",\"isPartOf\":{\"@id\":\"https:\\\/\\\/stahlwerke-bochum.com\\\/#website\"},\"datePublished\":\"2018-06-18T08:23:33+00:00\",\"dateModified\":\"2026-04-09T12:30:33+00:00\",\"breadcrumb\":{\"@id\":\"https:\\\/\\\/stahlwerke-bochum.com\\\/pt-br\\\/#breadcrumb\"},\"inLanguage\":\"pt-BR\",\"potentialAction\":[{\"@type\":\"ReadAction\",\"target\":[\"https:\\\/\\\/stahlwerke-bochum.com\\\/pt-br\\\/\"]}]},{\"@type\":\"BreadcrumbList\",\"@id\":\"https:\\\/\\\/stahlwerke-bochum.com\\\/pt-br\\\/#breadcrumb\",\"itemListElement\":[{\"@type\":\"ListItem\",\"position\":1,\"name\":\"Startseite\",\"item\":\"https:\\\/\\\/stahlwerke-bochum.com\\\/pt-br\\\/\"},{\"@type\":\"ListItem\",\"position\":2,\"name\":\"Sobre n\u00f3s\"}]},{\"@type\":\"WebSite\",\"@id\":\"https:\\\/\\\/stahlwerke-bochum.com\\\/#website\",\"url\":\"https:\\\/\\\/stahlwerke-bochum.com\\\/\",\"name\":\"Stahlwerke Bochum\",\"description\":\"Entwicklung und Herstellung von Verschleisswerkzeugen f\u00fcr die Aufbereitungstechnik, Zerkleinerungstechnik und Recyclingtechnik.\",\"publisher\":{\"@id\":\"https:\\\/\\\/stahlwerke-bochum.com\\\/#organization\"},\"potentialAction\":[{\"@type\":\"SearchAction\",\"target\":{\"@type\":\"EntryPoint\",\"urlTemplate\":\"https:\\\/\\\/stahlwerke-bochum.com\\\/?s={search_term_string}\"},\"query-input\":{\"@type\":\"PropertyValueSpecification\",\"valueRequired\":true,\"valueName\":\"search_term_string\"}}],\"inLanguage\":\"pt-BR\"},{\"@type\":\"Organization\",\"@id\":\"https:\\\/\\\/stahlwerke-bochum.com\\\/#organization\",\"name\":\"Stahlwerke Bochum\",\"url\":\"https:\\\/\\\/stahlwerke-bochum.com\\\/\",\"logo\":{\"@type\":\"ImageObject\",\"inLanguage\":\"pt-BR\",\"@id\":\"https:\\\/\\\/stahlwerke-bochum.com\\\/#\\\/schema\\\/logo\\\/image\\\/\",\"url\":\"https:\\\/\\\/stahlwerke-bochum.com\\\/wp-content\\\/uploads\\\/2018\\\/06\\\/swb-logo2.jpg\",\"contentUrl\":\"https:\\\/\\\/stahlwerke-bochum.com\\\/wp-content\\\/uploads\\\/2018\\\/06\\\/swb-logo2.jpg\",\"width\":500,\"height\":82,\"caption\":\"Stahlwerke Bochum\"},\"image\":{\"@id\":\"https:\\\/\\\/stahlwerke-bochum.com\\\/#\\\/schema\\\/logo\\\/image\\\/\"}}]}<\/script>\n<!-- \/ Yoast SEO Premium plugin. -->","yoast_head_json":{"title":"Sobre n\u00f3s - Stahlwerke Bochum","robots":{"index":"index","follow":"follow","max-snippet":"max-snippet:-1","max-image-preview":"max-image-preview:large","max-video-preview":"max-video-preview:-1"},"canonical":"https:\/\/stahlwerke-bochum.com\/pt-br\/","og_locale":"pt_BR","og_type":"article","og_title":"Sobre n\u00f3s","og_description":"[vc_row type=&#8221;full_width_section&#8221; bg_color=&#8221;#00508a&#8221; section_arrow=&#8221;false&#8221; bottom_padding=&#8221;10&#8243;][vc_column width=&#8221;1\/1&#8243;][rev_slider_vc alias=&#8221;main_ifat_2026_uni&#8221;][\/vc_column][\/vc_row][vc_row top_padding=&#8221;50&#8243; bottom_padding=&#8221;50&#8243;][vc_column width=&#8221;1\/1&#8243;][vc_column_text] REPUTA\u00c7\u00c3O EM N\u00cdVEL MUNDIAL [\/vc_column_text][vc_column_text] Operamos em n\u00edvel mundial. At\u00e9 hoje fornecemos os nossos produtos de qualidade de Bochum em mais de 50 pa\u00edses do mundo. [\/vc_column_text][vc_separator color=&#8221;custom&#8221; el_width=&#8221;50&#8243; accent_color=&#8221;#757575&#8243;][\/vc_column][\/vc_row][vc_row top_padding=&#8221;50&#8243; bottom_padding=&#8221;50&#8243;][vc_column width=&#8221;1\/3&#8243;][vc_column_text]Na explora\u00e7\u00e3o de mercados em desenvolvimento somos um parceiro competente de nossos clientes. O nosso lema n\u00e3o \u00e9 \u201cMade in Germany\u201d, mas\u00a0\u201cCreated in Germany\u201d, sendo para n\u00f3s simultaneamente um desafio e uma obriga\u00e7\u00e3o.[\/vc_column_text][\/vc_column][vc_column width=&#8221;1\/3&#8243;][vc_column_text]Em conjunto com os nossos clientes defendemos uma prote\u00e7\u00e3o ambiental sustent\u00e1vel. Muitas vezes os produtos s\u00e3o revestidos antes do fornecimento. Este revestimento somente dura alguns minutos em um uso severo.[\/vc_column_text][\/vc_column][vc_column width=&#8221;1\/3&#8243;][vc_column_text]Os produtos SWB n\u00e3o necessitam desta prote\u00e7\u00e3o. Isto por si s\u00f3 \u00e9 demonstra\u00e7\u00e3o de qualidade. Ao mesmo tempo protegemos o ambiente. Desta forma, a reputa\u00e7\u00e3o se torna realidade vivida.[\/vc_column_text][\/vc_column][\/vc_row][vc_row top_padding=&#8221;50&#8243; bottom_padding=&#8221;50&#8243;][vc_column animation=&#8221;fade-in-from-bottom&#8221; width=&#8221;1\/1&#8243; delay=&#8221;500&#8243;][\/vc_column][\/vc_row][vc_row bg_color=&#8221;#00508a&#8221; text_color=&#8221;light&#8221; text_align=&#8221;center&#8221;][vc_column width=&#8221;1\/3&#8243;][vc_empty_space][vc_column_text] MAIS QUE [\/vc_column_text][vc_empty_space][\/vc_column][vc_column width=&#8221;1\/3&#8243;][vc_empty_space][vc_column_text] MAIS QUE [\/vc_column_text][vc_empty_space][\/vc_column][vc_column width=&#8221;1\/3&#8243;][vc_empty_space][vc_column_text] MAIS QUE [\/vc_column_text][vc_empty_space][\/vc_column][\/vc_row][vc_row top_padding=&#8221;50&#8243; bottom_padding=&#8221;50&#8243;][vc_column animation=&#8221;fade-in-from-left&#8221; width=&#8221;1\/2&#8243;][\/vc_column][vc_column animation=&#8221;fade-in-from-right&#8221; width=&#8221;1\/2&#8243;][\/vc_column][\/vc_row]","og_url":"https:\/\/stahlwerke-bochum.com\/pt-br\/","og_site_name":"Stahlwerke Bochum","article_modified_time":"2026-04-09T12:30:33+00:00","twitter_card":"summary_large_image","twitter_misc":{"Est. tempo de leitura":"2 minutos"},"schema":{"@context":"https:\/\/schema.org","@graph":[{"@type":"WebPage","@id":"https:\/\/stahlwerke-bochum.com\/pt-br\/","url":"https:\/\/stahlwerke-bochum.com\/pt-br\/","name":"Sobre n\u00f3s - Stahlwerke Bochum","isPartOf":{"@id":"https:\/\/stahlwerke-bochum.com\/#website"},"datePublished":"2018-06-18T08:23:33+00:00","dateModified":"2026-04-09T12:30:33+00:00","breadcrumb":{"@id":"https:\/\/stahlwerke-bochum.com\/pt-br\/#breadcrumb"},"inLanguage":"pt-BR","potentialAction":[{"@type":"ReadAction","target":["https:\/\/stahlwerke-bochum.com\/pt-br\/"]}]},{"@type":"BreadcrumbList","@id":"https:\/\/stahlwerke-bochum.com\/pt-br\/#breadcrumb","itemListElement":[{"@type":"ListItem","position":1,"name":"Startseite","item":"https:\/\/stahlwerke-bochum.com\/pt-br\/"},{"@type":"ListItem","position":2,"name":"Sobre n\u00f3s"}]},{"@type":"WebSite","@id":"https:\/\/stahlwerke-bochum.com\/#website","url":"https:\/\/stahlwerke-bochum.com\/","name":"Stahlwerke Bochum","description":"Entwicklung und Herstellung von Verschleisswerkzeugen f\u00fcr die Aufbereitungstechnik, Zerkleinerungstechnik und Recyclingtechnik.","publisher":{"@id":"https:\/\/stahlwerke-bochum.com\/#organization"},"potentialAction":[{"@type":"SearchAction","target":{"@type":"EntryPoint","urlTemplate":"https:\/\/stahlwerke-bochum.com\/?s={search_term_string}"},"query-input":{"@type":"PropertyValueSpecification","valueRequired":true,"valueName":"search_term_string"}}],"inLanguage":"pt-BR"},{"@type":"Organization","@id":"https:\/\/stahlwerke-bochum.com\/#organization","name":"Stahlwerke Bochum","url":"https:\/\/stahlwerke-bochum.com\/","logo":{"@type":"ImageObject","inLanguage":"pt-BR","@id":"https:\/\/stahlwerke-bochum.com\/#\/schema\/logo\/image\/","url":"https:\/\/stahlwerke-bochum.com\/wp-content\/uploads\/2018\/06\/swb-logo2.jpg","contentUrl":"https:\/\/stahlwerke-bochum.com\/wp-content\/uploads\/2018\/06\/swb-logo2.jpg","width":500,"height":82,"caption":"Stahlwerke Bochum"},"image":{"@id":"https:\/\/stahlwerke-bochum.com\/#\/schema\/logo\/image\/"}}]}},"_links":{"self":[{"href":"https:\/\/stahlwerke-bochum.com\/pt-br\/wp-json\/wp\/v2\/pages\/20472","targetHints":{"allow":["GET"]}}],"collection":[{"href":"https:\/\/stahlwerke-bochum.com\/pt-br\/wp-json\/wp\/v2\/pages"}],"about":[{"href":"https:\/\/stahlwerke-bochum.com\/pt-br\/wp-json\/wp\/v2\/types\/page"}],"author":[{"embeddable":true,"href":"https:\/\/stahlwerke-bochum.com\/pt-br\/wp-json\/wp\/v2\/users\/4"}],"replies":[{"embeddable":true,"href":"https:\/\/stahlwerke-bochum.com\/pt-br\/wp-json\/wp\/v2\/comments?post=20472"}],"version-history":[{"count":38,"href":"https:\/\/stahlwerke-bochum.com\/pt-br\/wp-json\/wp\/v2\/pages\/20472\/revisions"}],"predecessor-version":[{"id":23940,"href":"https:\/\/stahlwerke-bochum.com\/pt-br\/wp-json\/wp\/v2\/pages\/20472\/revisions\/23940"}],"wp:attachment":[{"href":"https:\/\/stahlwerke-bochum.com\/pt-br\/wp-json\/wp\/v2\/media?parent=20472"}],"curies":[{"name":"wp","href":"https:\/\/api.w.org\/{rel}","templated":true}]}}