{"id":20358,"date":"2018-06-20T11:05:34","date_gmt":"2018-06-20T09:05:34","guid":{"rendered":"http:\/\/192.168.6.130\/prozesse\/"},"modified":"2022-01-12T14:36:26","modified_gmt":"2022-01-12T13:36:26","slug":"controle-de-processo","status":"publish","type":"page","link":"https:\/\/stahlwerke-bochum.com\/pt-br\/controle-de-processo\/","title":{"rendered":"Controle de Processo"},"content":{"rendered":"<p>[vc_row type=&#8221;full_width_section&#8221; bottom_padding=&#8221;50&#8243;][vc_column width=&#8221;1\/1&#8243;][rev_slider_vc alias=&#8221;prozesse&#8221;][\/vc_column][\/vc_row][vc_row top_padding=&#8221;50&#8243; bottom_padding=&#8221;50&#8243;][vc_column width=&#8221;1\/1&#8243;][vc_column_text]<\/p>\n<h1 style=\"text-align: center;\"><span style=\"color: #00518b;\">CONTROLE DE PROCESSO<\/span><\/h1>\n<p>[\/vc_column_text][vc_column_text]<\/p>\n<p style=\"text-align: center; color: #575756;\"><strong>\u201eA qualidade n\u00e3o acontece simplesmente,<br \/>\nqualidade tem que ser objetivada.\u201c<\/strong><\/p>\n<p>[\/vc_column_text][vc_separator color=&#8221;custom&#8221; el_width=&#8221;50&#8243; accent_color=&#8221;#757575&#8243;][\/vc_column][\/vc_row][vc_row top_padding=&#8221;50&#8243; bottom_padding=&#8221;50&#8243;][vc_column width=&#8221;1\/1&#8243;][vc_row_inner][vc_column_inner width=&#8221;1\/3&#8243;][vc_column_text]Identificar-se com essa declara\u00e7\u00e3o e a sua implementa\u00e7\u00e3o interfere profundamente em todas as fases da opera\u00e7\u00e3o empresarial. Uma vez que, para n\u00f3s, a qualidade j\u00e1 come\u00e7a muito antes. J\u00e1 no assessoramento de nossos clientes \u00e9 evidente e \u00e9 nossa vontade fornecer o melhor produto em todos os aspectos significativos.[\/vc_column_text][\/vc_column_inner][vc_column_inner width=&#8221;1\/3&#8243;][vc_column_text]N\u00f3s planejamos, produzimos e entregamos qualidade. A implementa\u00e7\u00e3o sustent\u00e1vel desse princ\u00edpio exige tamb\u00e9m um controle exato e sempre reproduz\u00edvel de todos os processos de produ\u00e7\u00e3o, do projeto at\u00e9 o tratamento t\u00e9rmico. Com ajuda das mais modernas tecnologias CAD-CAM s\u00e3o criados projetos otimizados contra o desgaste.[\/vc_column_text][\/vc_column_inner][vc_column_inner width=&#8221;1\/3&#8243;][vc_column_text]Os processos de fabrica\u00e7\u00e3o subsequentes, o processo de fundi\u00e7\u00e3o e o tratamento t\u00e9rmico, s\u00e3o verificados e determinados antes do in\u00edcio da produ\u00e7\u00e3o com programas de simula\u00e7\u00f5es. Dessa forma, eles se tornam o princ\u00edpio para o controle dos processos reais de fabrica\u00e7\u00e3o. N\u00f3s n\u00e3o deixamos nada ao acaso; uma vez que qualidade n\u00e3o \u00e9 um acaso, mas o resultado de processos de fabrica\u00e7\u00e3o desenvolvidos de forma otimizada.[\/vc_column_text][\/vc_column_inner][\/vc_row_inner][\/vc_column][\/vc_row][vc_row top_padding=&#8221;50&#8243; bottom_padding=&#8221;50&#8243;][vc_column animation=&#8221;fade-in-from-left&#8221; bg_color=&#8221;#efefef&#8221; column_padding=&#8221;padding-1&#8243; width=&#8221;1\/2&#8243; delay=&#8221;500&#8243;]<div class=\"box clearfix style-1 wpb_content_element align-center \" style=\"padding: 0; \">\n<div style=\"width: 480px;\" class=\"wp-video\"><video class=\"wp-video-shortcode\" id=\"video-20358-1\" width=\"480\" height=\"320\" poster=\"https:\/\/stahlwerke-bochum.com\/wp-content\/uploads\/2022\/01\/startprozess.jpg\" preload=\"metadata\" controls=\"controls\"><source type=\"video\/mp4\" src=\"https:\/\/stahlwerke-bochum.com\/wp-content\/uploads\/2022\/01\/Prozesssteuerung-1.mp4?_=1\" \/><a href=\"https:\/\/stahlwerke-bochum.com\/wp-content\/uploads\/2022\/01\/Prozesssteuerung-1.mp4\">https:\/\/stahlwerke-bochum.com\/wp-content\/uploads\/2022\/01\/Prozesssteuerung-1.mp4<\/a><\/video><\/div>\n<\/div>[\/vc_column][vc_column animation=&#8221;fade-in-from-right&#8221; width=&#8221;1\/2&#8243; delay=&#8221;500&#8243;][vc_single_image image=&#8221;18343&#8243; img_size=&#8221;large&#8221;][\/vc_column][\/vc_row][vc_row top_padding=&#8221;50&#8243; bottom_padding=&#8221;50&#8243; class=&#8221;hide_this&#8221;][vc_column animation=&#8221;fade-in-from-bottom&#8221; width=&#8221;1\/1&#8243; delay=&#8221;500&#8243;]<div class=\"box clearfix style-2 wpb_content_element align-left \" style=\"padding: 40px 40px 40px 40px; \">\n<h4 style=\"text-align: left;\"><span style=\"color: #ff00ff;\">Gut zu wissen:<\/span><\/h4>\n<p style=\"text-align: left;\"><span style=\"color: #ff00ff;\"><b>Lorem Ipsum.<\/b><\/span><\/p>\n<\/div>[\/vc_column][\/vc_row]<\/p>\n","protected":false},"excerpt":{"rendered":"<p>[vc_row type=&#8221;full_width_section&#8221; bottom_padding=&#8221;50&#8243;][vc_column width=&#8221;1\/1&#8243;][rev_slider_vc alias=&#8221;prozesse&#8221;][\/vc_column][\/vc_row][vc_row top_padding=&#8221;50&#8243; bottom_padding=&#8221;50&#8243;][vc_column width=&#8221;1\/1&#8243;][vc_column_text] CONTROLE DE PROCESSO [\/vc_column_text][vc_column_text] \u201eA qualidade n\u00e3o acontece simplesmente, qualidade tem que ser objetivada.\u201c [\/vc_column_text][vc_separator color=&#8221;custom&#8221; el_width=&#8221;50&#8243; accent_color=&#8221;#757575&#8243;][\/vc_column][\/vc_row][vc_row top_padding=&#8221;50&#8243; bottom_padding=&#8221;50&#8243;][vc_column width=&#8221;1\/1&#8243;][vc_row_inner][vc_column_inner width=&#8221;1\/3&#8243;][vc_column_text]Identificar-se com essa declara\u00e7\u00e3o e a sua implementa\u00e7\u00e3o interfere profundamente em todas as fases da opera\u00e7\u00e3o empresarial. Uma vez que, para n\u00f3s, a qualidade j\u00e1 come\u00e7a muito antes. J\u00e1 no assessoramento de nossos clientes \u00e9 evidente e \u00e9 nossa vontade fornecer o melhor produto em todos os aspectos significativos.[\/vc_column_text][\/vc_column_inner][vc_column_inner width=&#8221;1\/3&#8243;][vc_column_text]N\u00f3s planejamos, produzimos e entregamos qualidade. A implementa\u00e7\u00e3o sustent\u00e1vel desse princ\u00edpio exige tamb\u00e9m um controle exato e sempre reproduz\u00edvel de todos os processos de produ\u00e7\u00e3o, do projeto at\u00e9 o tratamento t\u00e9rmico. Com ajuda das mais modernas tecnologias CAD-CAM s\u00e3o criados projetos otimizados contra o desgaste.[\/vc_column_text][\/vc_column_inner][vc_column_inner width=&#8221;1\/3&#8243;][vc_column_text]Os processos de fabrica\u00e7\u00e3o subsequentes, o processo de fundi\u00e7\u00e3o e o tratamento t\u00e9rmico, s\u00e3o verificados e determinados antes do in\u00edcio da produ\u00e7\u00e3o com programas de simula\u00e7\u00f5es. Dessa forma, eles se tornam o princ\u00edpio para o controle dos processos reais de fabrica\u00e7\u00e3o. N\u00f3s n\u00e3o deixamos nada ao acaso; uma vez que qualidade n\u00e3o \u00e9 um acaso, mas o resultado de processos de fabrica\u00e7\u00e3o desenvolvidos de forma otimizada.[\/vc_column_text][\/vc_column_inner][\/vc_row_inner][\/vc_column][\/vc_row][vc_row top_padding=&#8221;50&#8243; bottom_padding=&#8221;50&#8243;][vc_column animation=&#8221;fade-in-from-left&#8221; bg_color=&#8221;#efefef&#8221; column_padding=&#8221;padding-1&#8243; width=&#8221;1\/2&#8243; delay=&#8221;500&#8243;][\/vc_column][vc_column animation=&#8221;fade-in-from-right&#8221; width=&#8221;1\/2&#8243; delay=&#8221;500&#8243;][vc_single_image image=&#8221;18343&#8243; [&hellip;]<\/p>\n","protected":false},"author":4,"featured_media":0,"parent":0,"menu_order":0,"comment_status":"closed","ping_status":"closed","template":"","meta":{"footnotes":""},"class_list":["post-20358","page","type-page","status-publish","hentry"],"yoast_head":"<!-- This site is optimized with the Yoast SEO Premium plugin v26.9 (Yoast SEO v27.4) - https:\/\/yoast.com\/product\/yoast-seo-premium-wordpress\/ -->\n<title>Controle de Processo - Stahlwerke Bochum<\/title>\n<meta name=\"robots\" content=\"index, follow, max-snippet:-1, max-image-preview:large, max-video-preview:-1\" \/>\n<link rel=\"canonical\" href=\"https:\/\/stahlwerke-bochum.com\/pt-br\/controle-de-processo\/\" \/>\n<meta property=\"og:locale\" content=\"pt_BR\" \/>\n<meta property=\"og:type\" content=\"article\" \/>\n<meta property=\"og:title\" content=\"Controle de Processo\" \/>\n<meta property=\"og:description\" content=\"[vc_row type=&#8221;full_width_section&#8221; bottom_padding=&#8221;50&#8243;][vc_column width=&#8221;1\/1&#8243;][rev_slider_vc alias=&#8221;prozesse&#8221;][\/vc_column][\/vc_row][vc_row top_padding=&#8221;50&#8243; bottom_padding=&#8221;50&#8243;][vc_column width=&#8221;1\/1&#8243;][vc_column_text] CONTROLE DE PROCESSO [\/vc_column_text][vc_column_text] \u201eA qualidade n\u00e3o acontece simplesmente, qualidade tem que ser objetivada.\u201c [\/vc_column_text][vc_separator color=&#8221;custom&#8221; el_width=&#8221;50&#8243; accent_color=&#8221;#757575&#8243;][\/vc_column][\/vc_row][vc_row top_padding=&#8221;50&#8243; bottom_padding=&#8221;50&#8243;][vc_column width=&#8221;1\/1&#8243;][vc_row_inner][vc_column_inner width=&#8221;1\/3&#8243;][vc_column_text]Identificar-se com essa declara\u00e7\u00e3o e a sua implementa\u00e7\u00e3o interfere profundamente em todas as fases da opera\u00e7\u00e3o empresarial. Uma vez que, para n\u00f3s, a qualidade j\u00e1 come\u00e7a muito antes. J\u00e1 no assessoramento de nossos clientes \u00e9 evidente e \u00e9 nossa vontade fornecer o melhor produto em todos os aspectos significativos.[\/vc_column_text][\/vc_column_inner][vc_column_inner width=&#8221;1\/3&#8243;][vc_column_text]N\u00f3s planejamos, produzimos e entregamos qualidade. A implementa\u00e7\u00e3o sustent\u00e1vel desse princ\u00edpio exige tamb\u00e9m um controle exato e sempre reproduz\u00edvel de todos os processos de produ\u00e7\u00e3o, do projeto at\u00e9 o tratamento t\u00e9rmico. Com ajuda das mais modernas tecnologias CAD-CAM s\u00e3o criados projetos otimizados contra o desgaste.[\/vc_column_text][\/vc_column_inner][vc_column_inner width=&#8221;1\/3&#8243;][vc_column_text]Os processos de fabrica\u00e7\u00e3o subsequentes, o processo de fundi\u00e7\u00e3o e o tratamento t\u00e9rmico, s\u00e3o verificados e determinados antes do in\u00edcio da produ\u00e7\u00e3o com programas de simula\u00e7\u00f5es. Dessa forma, eles se tornam o princ\u00edpio para o controle dos processos reais de fabrica\u00e7\u00e3o. N\u00f3s n\u00e3o deixamos nada ao acaso; uma vez que qualidade n\u00e3o \u00e9 um acaso, mas o resultado de processos de fabrica\u00e7\u00e3o desenvolvidos de forma otimizada.[\/vc_column_text][\/vc_column_inner][\/vc_row_inner][\/vc_column][\/vc_row][vc_row top_padding=&#8221;50&#8243; bottom_padding=&#8221;50&#8243;][vc_column animation=&#8221;fade-in-from-left&#8221; bg_color=&#8221;#efefef&#8221; column_padding=&#8221;padding-1&#8243; width=&#8221;1\/2&#8243; delay=&#8221;500&#8243;][\/vc_column][vc_column animation=&#8221;fade-in-from-right&#8221; width=&#8221;1\/2&#8243; delay=&#8221;500&#8243;][vc_single_image image=&#8221;18343&#8243; [&hellip;]\" \/>\n<meta property=\"og:url\" content=\"https:\/\/stahlwerke-bochum.com\/pt-br\/controle-de-processo\/\" \/>\n<meta property=\"og:site_name\" content=\"Stahlwerke Bochum\" \/>\n<meta property=\"article:modified_time\" content=\"2022-01-12T13:36:26+00:00\" \/>\n<meta name=\"twitter:card\" content=\"summary_large_image\" \/>\n<meta name=\"twitter:label1\" content=\"Est. tempo de leitura\" \/>\n\t<meta name=\"twitter:data1\" content=\"2 minutos\" \/>\n<script type=\"application\/ld+json\" class=\"yoast-schema-graph\">{\"@context\":\"https:\\\/\\\/schema.org\",\"@graph\":[{\"@type\":\"WebPage\",\"@id\":\"https:\\\/\\\/stahlwerke-bochum.com\\\/pt-br\\\/controle-de-processo\\\/\",\"url\":\"https:\\\/\\\/stahlwerke-bochum.com\\\/pt-br\\\/controle-de-processo\\\/\",\"name\":\"Controle de Processo - Stahlwerke Bochum\",\"isPartOf\":{\"@id\":\"https:\\\/\\\/stahlwerke-bochum.com\\\/#website\"},\"datePublished\":\"2018-06-20T09:05:34+00:00\",\"dateModified\":\"2022-01-12T13:36:26+00:00\",\"breadcrumb\":{\"@id\":\"https:\\\/\\\/stahlwerke-bochum.com\\\/pt-br\\\/controle-de-processo\\\/#breadcrumb\"},\"inLanguage\":\"pt-BR\",\"potentialAction\":[{\"@type\":\"ReadAction\",\"target\":[\"https:\\\/\\\/stahlwerke-bochum.com\\\/pt-br\\\/controle-de-processo\\\/\"]}]},{\"@type\":\"BreadcrumbList\",\"@id\":\"https:\\\/\\\/stahlwerke-bochum.com\\\/pt-br\\\/controle-de-processo\\\/#breadcrumb\",\"itemListElement\":[{\"@type\":\"ListItem\",\"position\":1,\"name\":\"Startseite\",\"item\":\"https:\\\/\\\/stahlwerke-bochum.com\\\/pt-br\\\/\"},{\"@type\":\"ListItem\",\"position\":2,\"name\":\"Controle de Processo\"}]},{\"@type\":\"WebSite\",\"@id\":\"https:\\\/\\\/stahlwerke-bochum.com\\\/#website\",\"url\":\"https:\\\/\\\/stahlwerke-bochum.com\\\/\",\"name\":\"Stahlwerke Bochum\",\"description\":\"Entwicklung und Herstellung von Verschleisswerkzeugen f\u00fcr die Aufbereitungstechnik, Zerkleinerungstechnik und Recyclingtechnik.\",\"publisher\":{\"@id\":\"https:\\\/\\\/stahlwerke-bochum.com\\\/#organization\"},\"potentialAction\":[{\"@type\":\"SearchAction\",\"target\":{\"@type\":\"EntryPoint\",\"urlTemplate\":\"https:\\\/\\\/stahlwerke-bochum.com\\\/?s={search_term_string}\"},\"query-input\":{\"@type\":\"PropertyValueSpecification\",\"valueRequired\":true,\"valueName\":\"search_term_string\"}}],\"inLanguage\":\"pt-BR\"},{\"@type\":\"Organization\",\"@id\":\"https:\\\/\\\/stahlwerke-bochum.com\\\/#organization\",\"name\":\"Stahlwerke Bochum\",\"url\":\"https:\\\/\\\/stahlwerke-bochum.com\\\/\",\"logo\":{\"@type\":\"ImageObject\",\"inLanguage\":\"pt-BR\",\"@id\":\"https:\\\/\\\/stahlwerke-bochum.com\\\/#\\\/schema\\\/logo\\\/image\\\/\",\"url\":\"https:\\\/\\\/stahlwerke-bochum.com\\\/wp-content\\\/uploads\\\/2018\\\/06\\\/swb-logo2.jpg\",\"contentUrl\":\"https:\\\/\\\/stahlwerke-bochum.com\\\/wp-content\\\/uploads\\\/2018\\\/06\\\/swb-logo2.jpg\",\"width\":500,\"height\":82,\"caption\":\"Stahlwerke Bochum\"},\"image\":{\"@id\":\"https:\\\/\\\/stahlwerke-bochum.com\\\/#\\\/schema\\\/logo\\\/image\\\/\"}}]}<\/script>\n<!-- \/ Yoast SEO Premium plugin. -->","yoast_head_json":{"title":"Controle de Processo - Stahlwerke Bochum","robots":{"index":"index","follow":"follow","max-snippet":"max-snippet:-1","max-image-preview":"max-image-preview:large","max-video-preview":"max-video-preview:-1"},"canonical":"https:\/\/stahlwerke-bochum.com\/pt-br\/controle-de-processo\/","og_locale":"pt_BR","og_type":"article","og_title":"Controle de Processo","og_description":"[vc_row type=&#8221;full_width_section&#8221; bottom_padding=&#8221;50&#8243;][vc_column width=&#8221;1\/1&#8243;][rev_slider_vc alias=&#8221;prozesse&#8221;][\/vc_column][\/vc_row][vc_row top_padding=&#8221;50&#8243; bottom_padding=&#8221;50&#8243;][vc_column width=&#8221;1\/1&#8243;][vc_column_text] CONTROLE DE PROCESSO [\/vc_column_text][vc_column_text] \u201eA qualidade n\u00e3o acontece simplesmente, qualidade tem que ser objetivada.\u201c [\/vc_column_text][vc_separator color=&#8221;custom&#8221; el_width=&#8221;50&#8243; accent_color=&#8221;#757575&#8243;][\/vc_column][\/vc_row][vc_row top_padding=&#8221;50&#8243; bottom_padding=&#8221;50&#8243;][vc_column width=&#8221;1\/1&#8243;][vc_row_inner][vc_column_inner width=&#8221;1\/3&#8243;][vc_column_text]Identificar-se com essa declara\u00e7\u00e3o e a sua implementa\u00e7\u00e3o interfere profundamente em todas as fases da opera\u00e7\u00e3o empresarial. Uma vez que, para n\u00f3s, a qualidade j\u00e1 come\u00e7a muito antes. J\u00e1 no assessoramento de nossos clientes \u00e9 evidente e \u00e9 nossa vontade fornecer o melhor produto em todos os aspectos significativos.[\/vc_column_text][\/vc_column_inner][vc_column_inner width=&#8221;1\/3&#8243;][vc_column_text]N\u00f3s planejamos, produzimos e entregamos qualidade. A implementa\u00e7\u00e3o sustent\u00e1vel desse princ\u00edpio exige tamb\u00e9m um controle exato e sempre reproduz\u00edvel de todos os processos de produ\u00e7\u00e3o, do projeto at\u00e9 o tratamento t\u00e9rmico. Com ajuda das mais modernas tecnologias CAD-CAM s\u00e3o criados projetos otimizados contra o desgaste.[\/vc_column_text][\/vc_column_inner][vc_column_inner width=&#8221;1\/3&#8243;][vc_column_text]Os processos de fabrica\u00e7\u00e3o subsequentes, o processo de fundi\u00e7\u00e3o e o tratamento t\u00e9rmico, s\u00e3o verificados e determinados antes do in\u00edcio da produ\u00e7\u00e3o com programas de simula\u00e7\u00f5es. Dessa forma, eles se tornam o princ\u00edpio para o controle dos processos reais de fabrica\u00e7\u00e3o. N\u00f3s n\u00e3o deixamos nada ao acaso; uma vez que qualidade n\u00e3o \u00e9 um acaso, mas o resultado de processos de fabrica\u00e7\u00e3o desenvolvidos de forma otimizada.[\/vc_column_text][\/vc_column_inner][\/vc_row_inner][\/vc_column][\/vc_row][vc_row top_padding=&#8221;50&#8243; bottom_padding=&#8221;50&#8243;][vc_column animation=&#8221;fade-in-from-left&#8221; bg_color=&#8221;#efefef&#8221; column_padding=&#8221;padding-1&#8243; width=&#8221;1\/2&#8243; delay=&#8221;500&#8243;][\/vc_column][vc_column animation=&#8221;fade-in-from-right&#8221; width=&#8221;1\/2&#8243; delay=&#8221;500&#8243;][vc_single_image image=&#8221;18343&#8243; [&hellip;]","og_url":"https:\/\/stahlwerke-bochum.com\/pt-br\/controle-de-processo\/","og_site_name":"Stahlwerke Bochum","article_modified_time":"2022-01-12T13:36:26+00:00","twitter_card":"summary_large_image","twitter_misc":{"Est. tempo de leitura":"2 minutos"},"schema":{"@context":"https:\/\/schema.org","@graph":[{"@type":"WebPage","@id":"https:\/\/stahlwerke-bochum.com\/pt-br\/controle-de-processo\/","url":"https:\/\/stahlwerke-bochum.com\/pt-br\/controle-de-processo\/","name":"Controle de Processo - Stahlwerke Bochum","isPartOf":{"@id":"https:\/\/stahlwerke-bochum.com\/#website"},"datePublished":"2018-06-20T09:05:34+00:00","dateModified":"2022-01-12T13:36:26+00:00","breadcrumb":{"@id":"https:\/\/stahlwerke-bochum.com\/pt-br\/controle-de-processo\/#breadcrumb"},"inLanguage":"pt-BR","potentialAction":[{"@type":"ReadAction","target":["https:\/\/stahlwerke-bochum.com\/pt-br\/controle-de-processo\/"]}]},{"@type":"BreadcrumbList","@id":"https:\/\/stahlwerke-bochum.com\/pt-br\/controle-de-processo\/#breadcrumb","itemListElement":[{"@type":"ListItem","position":1,"name":"Startseite","item":"https:\/\/stahlwerke-bochum.com\/pt-br\/"},{"@type":"ListItem","position":2,"name":"Controle de Processo"}]},{"@type":"WebSite","@id":"https:\/\/stahlwerke-bochum.com\/#website","url":"https:\/\/stahlwerke-bochum.com\/","name":"Stahlwerke Bochum","description":"Entwicklung und Herstellung von Verschleisswerkzeugen f\u00fcr die Aufbereitungstechnik, Zerkleinerungstechnik und Recyclingtechnik.","publisher":{"@id":"https:\/\/stahlwerke-bochum.com\/#organization"},"potentialAction":[{"@type":"SearchAction","target":{"@type":"EntryPoint","urlTemplate":"https:\/\/stahlwerke-bochum.com\/?s={search_term_string}"},"query-input":{"@type":"PropertyValueSpecification","valueRequired":true,"valueName":"search_term_string"}}],"inLanguage":"pt-BR"},{"@type":"Organization","@id":"https:\/\/stahlwerke-bochum.com\/#organization","name":"Stahlwerke Bochum","url":"https:\/\/stahlwerke-bochum.com\/","logo":{"@type":"ImageObject","inLanguage":"pt-BR","@id":"https:\/\/stahlwerke-bochum.com\/#\/schema\/logo\/image\/","url":"https:\/\/stahlwerke-bochum.com\/wp-content\/uploads\/2018\/06\/swb-logo2.jpg","contentUrl":"https:\/\/stahlwerke-bochum.com\/wp-content\/uploads\/2018\/06\/swb-logo2.jpg","width":500,"height":82,"caption":"Stahlwerke Bochum"},"image":{"@id":"https:\/\/stahlwerke-bochum.com\/#\/schema\/logo\/image\/"}}]}},"_links":{"self":[{"href":"https:\/\/stahlwerke-bochum.com\/pt-br\/wp-json\/wp\/v2\/pages\/20358","targetHints":{"allow":["GET"]}}],"collection":[{"href":"https:\/\/stahlwerke-bochum.com\/pt-br\/wp-json\/wp\/v2\/pages"}],"about":[{"href":"https:\/\/stahlwerke-bochum.com\/pt-br\/wp-json\/wp\/v2\/types\/page"}],"author":[{"embeddable":true,"href":"https:\/\/stahlwerke-bochum.com\/pt-br\/wp-json\/wp\/v2\/users\/4"}],"replies":[{"embeddable":true,"href":"https:\/\/stahlwerke-bochum.com\/pt-br\/wp-json\/wp\/v2\/comments?post=20358"}],"version-history":[{"count":6,"href":"https:\/\/stahlwerke-bochum.com\/pt-br\/wp-json\/wp\/v2\/pages\/20358\/revisions"}],"predecessor-version":[{"id":22746,"href":"https:\/\/stahlwerke-bochum.com\/pt-br\/wp-json\/wp\/v2\/pages\/20358\/revisions\/22746"}],"wp:attachment":[{"href":"https:\/\/stahlwerke-bochum.com\/pt-br\/wp-json\/wp\/v2\/media?parent=20358"}],"curies":[{"name":"wp","href":"https:\/\/api.w.org\/{rel}","templated":true}]}}