{"id":20102,"date":"2018-06-20T10:15:41","date_gmt":"2018-06-20T08:15:41","guid":{"rendered":"http:\/\/192.168.6.130\/innovation\/"},"modified":"2018-07-09T10:36:34","modified_gmt":"2018-07-09T08:36:34","slug":"innovation","status":"publish","type":"page","link":"https:\/\/stahlwerke-bochum.com\/pt-br\/innovation\/","title":{"rendered":"Inova\u00e7\u00e3o"},"content":{"rendered":"<p>[vc_row type=&#8221;full_width_section&#8221;][vc_column width=&#8221;1\/1&#8243;][rev_slider_vc alias=&#8221;innovation&#8221;][\/vc_column][\/vc_row][vc_row bg_image=&#8221;18301&#8243; bg_repeat=&#8221;no-repeat&#8221; parallax_bg=&#8221;true&#8221; stellar_class=&#8221;fixed&#8221; top_padding=&#8221;100&#8243;][vc_column text_color=&#8221;custom&#8221; custom_text_color=&#8221;#ffffff&#8221; width=&#8221;1\/1&#8243;][vc_row_inner][vc_column_inner][vc_column_text]<\/p>\n<h1 style=\"text-align: center;\">INOVA\u00c7\u00c3O<\/h1>\n<p>[\/vc_column_text][vc_column_text]<\/p>\n<p style=\"text-align: center;\"><strong>Inova\u00e7\u00e3o significa renova\u00e7\u00e3o ou modifica\u00e7\u00e3o,<br \/>\nsignifica progresso e melhora.<\/strong><\/p>\n<p>[\/vc_column_text][\/vc_column_inner][\/vc_row_inner][vc_row_inner][vc_column_inner css=&#8221;.vc_custom_1529502229300{margin-top: 40px !important;margin-bottom: 50px !important;}&#8221;][vc_separator color=&#8221;white&#8221; el_width=&#8221;50&#8243;][\/vc_column_inner][\/vc_row_inner][vc_row_inner][vc_column_inner]<div class=\"single_image wpb_content_element align-center    \" data-animation=\"none\" data-delay=\"0\"><img loading=\"lazy\" decoding=\"async\" width=\"212\" height=\"250\" src=\"https:\/\/stahlwerke-bochum.com\/wp-content\/uploads\/2018\/06\/simulation_hammer.png\" class=\"attachment-full\" alt=\"\" \/><\/div>[vc_column_text]<strong>A SWB representa inova\u00e7\u00e3o.<\/strong><br \/>\nMateriais inovativos e combina\u00e7\u00f5es destes melhoram a resist\u00eancia ao desgaste. Design inovativo aumenta a vida \u00fatil e a produtividade.<\/p>\n<p>Com processos inovativos de fabrica\u00e7\u00e3o, obtemos produtos de qualidade constante no mais alto patamar. As caracter\u00edsticas convincentes de utiliza\u00e7\u00e3o de nossos produtos garantem aos nossos clientes uma opera\u00e7\u00e3o confi\u00e1vel e econ\u00f4mica. A SWB \u00e9 e permanece um marco para a concorr\u00eancia internacional.<\/p>\n<p><strong>For\u00e7a centr\u00edfuga<br \/>\n<\/strong>Simula\u00e7\u00f5es de solicita\u00e7\u00e3o nos ajudam no desenvolvimento de pe\u00e7as contra desgaste otimizadas[\/vc_column_text][\/vc_column_inner][\/vc_row_inner][vc_row_inner][vc_column_inner css=&#8221;.vc_custom_1529502229300{margin-top: 40px !important;margin-bottom: 50px !important;}&#8221;]<div class=\"box clearfix style-6 wpb_content_element align-center \" style=\"padding: 40px 40px 40px 40px; \">\n<h4 style=\"text-align: left;\">\u00c9 bom saber:<\/h4>\n<p style=\"text-align: left;\"><strong>Martelos, bigornas, grelhas, capas de prote\u00e7\u00e3o, elementos de impacto, revestimentos, tampas de eje\u00e7\u00e3o, segmentos de desgaste, elementos de grelhas, placas de desgaste, estrelas [Sterne], facas de tesouras<\/strong>\u00a0e outras\u00a0<strong>pe\u00e7as fundidas de alta resist\u00eancia<\/strong>\u00a0ao\u00a0<strong>desgaste s\u00e3o utilizadas na reciclagem<\/strong>da sucata para opera\u00e7\u00e3o nos shredders e nas tesouras de sucata.<\/p>\n<\/div>[\/vc_column_inner][\/vc_row_inner][\/vc_column][\/vc_row]<\/p>\n","protected":false},"excerpt":{"rendered":"<p>[vc_row type=&#8221;full_width_section&#8221;][vc_column width=&#8221;1\/1&#8243;][rev_slider_vc alias=&#8221;innovation&#8221;][\/vc_column][\/vc_row][vc_row bg_image=&#8221;18301&#8243; bg_repeat=&#8221;no-repeat&#8221; parallax_bg=&#8221;true&#8221; stellar_class=&#8221;fixed&#8221; top_padding=&#8221;100&#8243;][vc_column text_color=&#8221;custom&#8221; custom_text_color=&#8221;#ffffff&#8221; width=&#8221;1\/1&#8243;][vc_row_inner][vc_column_inner][vc_column_text] INOVA\u00c7\u00c3O [\/vc_column_text][vc_column_text] Inova\u00e7\u00e3o significa renova\u00e7\u00e3o ou modifica\u00e7\u00e3o, significa progresso e melhora. [\/vc_column_text][\/vc_column_inner][\/vc_row_inner][vc_row_inner][vc_column_inner css=&#8221;.vc_custom_1529502229300{margin-top: 40px !important;margin-bottom: 50px !important;}&#8221;][vc_separator color=&#8221;white&#8221; el_width=&#8221;50&#8243;][\/vc_column_inner][\/vc_row_inner][vc_row_inner][vc_column_inner][vc_column_text]A SWB representa inova\u00e7\u00e3o. Materiais inovativos e combina\u00e7\u00f5es destes melhoram a resist\u00eancia ao desgaste. Design inovativo aumenta a vida \u00fatil e a produtividade. Com processos inovativos de fabrica\u00e7\u00e3o, obtemos produtos de qualidade constante no mais alto patamar. As caracter\u00edsticas convincentes de utiliza\u00e7\u00e3o de nossos produtos garantem aos nossos clientes uma opera\u00e7\u00e3o confi\u00e1vel e econ\u00f4mica. A SWB \u00e9 e permanece um marco para a concorr\u00eancia internacional. For\u00e7a centr\u00edfuga Simula\u00e7\u00f5es de solicita\u00e7\u00e3o nos ajudam no desenvolvimento de pe\u00e7as contra desgaste otimizadas[\/vc_column_text][\/vc_column_inner][\/vc_row_inner][vc_row_inner][vc_column_inner css=&#8221;.vc_custom_1529502229300{margin-top: 40px !important;margin-bottom: 50px !important;}&#8221;][\/vc_column_inner][\/vc_row_inner][\/vc_column][\/vc_row]<\/p>\n","protected":false},"author":4,"featured_media":0,"parent":0,"menu_order":0,"comment_status":"closed","ping_status":"closed","template":"","meta":{"footnotes":""},"class_list":["post-20102","page","type-page","status-publish","hentry"],"yoast_head":"<!-- This site is optimized with the Yoast SEO Premium plugin v27.4 (Yoast SEO v27.4) - https:\/\/yoast.com\/product\/yoast-seo-premium-wordpress\/ -->\n<title>Inova\u00e7\u00e3o - Stahlwerke Bochum<\/title>\n<meta name=\"robots\" content=\"index, follow, max-snippet:-1, max-image-preview:large, max-video-preview:-1\" \/>\n<link rel=\"canonical\" href=\"https:\/\/stahlwerke-bochum.com\/pt-br\/innovation\/\" \/>\n<meta property=\"og:locale\" content=\"pt_BR\" \/>\n<meta property=\"og:type\" content=\"article\" \/>\n<meta property=\"og:title\" content=\"Inova\u00e7\u00e3o\" \/>\n<meta property=\"og:description\" content=\"[vc_row type=&#8221;full_width_section&#8221;][vc_column width=&#8221;1\/1&#8243;][rev_slider_vc alias=&#8221;innovation&#8221;][\/vc_column][\/vc_row][vc_row bg_image=&#8221;18301&#8243; bg_repeat=&#8221;no-repeat&#8221; parallax_bg=&#8221;true&#8221; stellar_class=&#8221;fixed&#8221; top_padding=&#8221;100&#8243;][vc_column text_color=&#8221;custom&#8221; custom_text_color=&#8221;#ffffff&#8221; width=&#8221;1\/1&#8243;][vc_row_inner][vc_column_inner][vc_column_text] INOVA\u00c7\u00c3O [\/vc_column_text][vc_column_text] Inova\u00e7\u00e3o significa renova\u00e7\u00e3o ou modifica\u00e7\u00e3o, significa progresso e melhora. [\/vc_column_text][\/vc_column_inner][\/vc_row_inner][vc_row_inner][vc_column_inner css=&#8221;.vc_custom_1529502229300{margin-top: 40px !important;margin-bottom: 50px !important;}&#8221;][vc_separator color=&#8221;white&#8221; el_width=&#8221;50&#8243;][\/vc_column_inner][\/vc_row_inner][vc_row_inner][vc_column_inner][vc_column_text]A SWB representa inova\u00e7\u00e3o. Materiais inovativos e combina\u00e7\u00f5es destes melhoram a resist\u00eancia ao desgaste. Design inovativo aumenta a vida \u00fatil e a produtividade. Com processos inovativos de fabrica\u00e7\u00e3o, obtemos produtos de qualidade constante no mais alto patamar. As caracter\u00edsticas convincentes de utiliza\u00e7\u00e3o de nossos produtos garantem aos nossos clientes uma opera\u00e7\u00e3o confi\u00e1vel e econ\u00f4mica. A SWB \u00e9 e permanece um marco para a concorr\u00eancia internacional. For\u00e7a centr\u00edfuga Simula\u00e7\u00f5es de solicita\u00e7\u00e3o nos ajudam no desenvolvimento de pe\u00e7as contra desgaste otimizadas[\/vc_column_text][\/vc_column_inner][\/vc_row_inner][vc_row_inner][vc_column_inner css=&#8221;.vc_custom_1529502229300{margin-top: 40px !important;margin-bottom: 50px !important;}&#8221;][\/vc_column_inner][\/vc_row_inner][\/vc_column][\/vc_row]\" \/>\n<meta property=\"og:url\" content=\"https:\/\/stahlwerke-bochum.com\/pt-br\/innovation\/\" \/>\n<meta property=\"og:site_name\" content=\"Stahlwerke Bochum\" \/>\n<meta property=\"article:modified_time\" content=\"2018-07-09T08:36:34+00:00\" \/>\n<meta name=\"twitter:card\" content=\"summary_large_image\" \/>\n<meta name=\"twitter:label1\" content=\"Est. tempo de leitura\" \/>\n\t<meta name=\"twitter:data1\" content=\"2 minutos\" \/>\n<script type=\"application\/ld+json\" class=\"yoast-schema-graph\">{\"@context\":\"https:\\\/\\\/schema.org\",\"@graph\":[{\"@type\":\"WebPage\",\"@id\":\"https:\\\/\\\/stahlwerke-bochum.com\\\/pt-br\\\/innovation\\\/\",\"url\":\"https:\\\/\\\/stahlwerke-bochum.com\\\/pt-br\\\/innovation\\\/\",\"name\":\"Inova\u00e7\u00e3o - Stahlwerke Bochum\",\"isPartOf\":{\"@id\":\"https:\\\/\\\/stahlwerke-bochum.com\\\/#website\"},\"datePublished\":\"2018-06-20T08:15:41+00:00\",\"dateModified\":\"2018-07-09T08:36:34+00:00\",\"breadcrumb\":{\"@id\":\"https:\\\/\\\/stahlwerke-bochum.com\\\/pt-br\\\/innovation\\\/#breadcrumb\"},\"inLanguage\":\"pt-BR\",\"potentialAction\":[{\"@type\":\"ReadAction\",\"target\":[\"https:\\\/\\\/stahlwerke-bochum.com\\\/pt-br\\\/innovation\\\/\"]}]},{\"@type\":\"BreadcrumbList\",\"@id\":\"https:\\\/\\\/stahlwerke-bochum.com\\\/pt-br\\\/innovation\\\/#breadcrumb\",\"itemListElement\":[{\"@type\":\"ListItem\",\"position\":1,\"name\":\"Startseite\",\"item\":\"https:\\\/\\\/stahlwerke-bochum.com\\\/pt-br\\\/\"},{\"@type\":\"ListItem\",\"position\":2,\"name\":\"Inova\u00e7\u00e3o\"}]},{\"@type\":\"WebSite\",\"@id\":\"https:\\\/\\\/stahlwerke-bochum.com\\\/#website\",\"url\":\"https:\\\/\\\/stahlwerke-bochum.com\\\/\",\"name\":\"Stahlwerke Bochum\",\"description\":\"Entwicklung und Herstellung von Verschleisswerkzeugen f\u00fcr die Aufbereitungstechnik, Zerkleinerungstechnik und Recyclingtechnik.\",\"publisher\":{\"@id\":\"https:\\\/\\\/stahlwerke-bochum.com\\\/#organization\"},\"potentialAction\":[{\"@type\":\"SearchAction\",\"target\":{\"@type\":\"EntryPoint\",\"urlTemplate\":\"https:\\\/\\\/stahlwerke-bochum.com\\\/?s={search_term_string}\"},\"query-input\":{\"@type\":\"PropertyValueSpecification\",\"valueRequired\":true,\"valueName\":\"search_term_string\"}}],\"inLanguage\":\"pt-BR\"},{\"@type\":\"Organization\",\"@id\":\"https:\\\/\\\/stahlwerke-bochum.com\\\/#organization\",\"name\":\"Stahlwerke Bochum\",\"url\":\"https:\\\/\\\/stahlwerke-bochum.com\\\/\",\"logo\":{\"@type\":\"ImageObject\",\"inLanguage\":\"pt-BR\",\"@id\":\"https:\\\/\\\/stahlwerke-bochum.com\\\/#\\\/schema\\\/logo\\\/image\\\/\",\"url\":\"https:\\\/\\\/stahlwerke-bochum.com\\\/wp-content\\\/uploads\\\/2018\\\/06\\\/swb-logo2.jpg\",\"contentUrl\":\"https:\\\/\\\/stahlwerke-bochum.com\\\/wp-content\\\/uploads\\\/2018\\\/06\\\/swb-logo2.jpg\",\"width\":500,\"height\":82,\"caption\":\"Stahlwerke Bochum\"},\"image\":{\"@id\":\"https:\\\/\\\/stahlwerke-bochum.com\\\/#\\\/schema\\\/logo\\\/image\\\/\"}}]}<\/script>\n<!-- \/ Yoast SEO Premium plugin. -->","yoast_head_json":{"title":"Inova\u00e7\u00e3o - Stahlwerke Bochum","robots":{"index":"index","follow":"follow","max-snippet":"max-snippet:-1","max-image-preview":"max-image-preview:large","max-video-preview":"max-video-preview:-1"},"canonical":"https:\/\/stahlwerke-bochum.com\/pt-br\/innovation\/","og_locale":"pt_BR","og_type":"article","og_title":"Inova\u00e7\u00e3o","og_description":"[vc_row type=&#8221;full_width_section&#8221;][vc_column width=&#8221;1\/1&#8243;][rev_slider_vc alias=&#8221;innovation&#8221;][\/vc_column][\/vc_row][vc_row bg_image=&#8221;18301&#8243; bg_repeat=&#8221;no-repeat&#8221; parallax_bg=&#8221;true&#8221; stellar_class=&#8221;fixed&#8221; top_padding=&#8221;100&#8243;][vc_column text_color=&#8221;custom&#8221; custom_text_color=&#8221;#ffffff&#8221; width=&#8221;1\/1&#8243;][vc_row_inner][vc_column_inner][vc_column_text] INOVA\u00c7\u00c3O [\/vc_column_text][vc_column_text] Inova\u00e7\u00e3o significa renova\u00e7\u00e3o ou modifica\u00e7\u00e3o, significa progresso e melhora. [\/vc_column_text][\/vc_column_inner][\/vc_row_inner][vc_row_inner][vc_column_inner css=&#8221;.vc_custom_1529502229300{margin-top: 40px !important;margin-bottom: 50px !important;}&#8221;][vc_separator color=&#8221;white&#8221; el_width=&#8221;50&#8243;][\/vc_column_inner][\/vc_row_inner][vc_row_inner][vc_column_inner][vc_column_text]A SWB representa inova\u00e7\u00e3o. Materiais inovativos e combina\u00e7\u00f5es destes melhoram a resist\u00eancia ao desgaste. Design inovativo aumenta a vida \u00fatil e a produtividade. Com processos inovativos de fabrica\u00e7\u00e3o, obtemos produtos de qualidade constante no mais alto patamar. As caracter\u00edsticas convincentes de utiliza\u00e7\u00e3o de nossos produtos garantem aos nossos clientes uma opera\u00e7\u00e3o confi\u00e1vel e econ\u00f4mica. A SWB \u00e9 e permanece um marco para a concorr\u00eancia internacional. For\u00e7a centr\u00edfuga Simula\u00e7\u00f5es de solicita\u00e7\u00e3o nos ajudam no desenvolvimento de pe\u00e7as contra desgaste otimizadas[\/vc_column_text][\/vc_column_inner][\/vc_row_inner][vc_row_inner][vc_column_inner css=&#8221;.vc_custom_1529502229300{margin-top: 40px !important;margin-bottom: 50px !important;}&#8221;][\/vc_column_inner][\/vc_row_inner][\/vc_column][\/vc_row]","og_url":"https:\/\/stahlwerke-bochum.com\/pt-br\/innovation\/","og_site_name":"Stahlwerke Bochum","article_modified_time":"2018-07-09T08:36:34+00:00","twitter_card":"summary_large_image","twitter_misc":{"Est. tempo de leitura":"2 minutos"},"schema":{"@context":"https:\/\/schema.org","@graph":[{"@type":"WebPage","@id":"https:\/\/stahlwerke-bochum.com\/pt-br\/innovation\/","url":"https:\/\/stahlwerke-bochum.com\/pt-br\/innovation\/","name":"Inova\u00e7\u00e3o - Stahlwerke Bochum","isPartOf":{"@id":"https:\/\/stahlwerke-bochum.com\/#website"},"datePublished":"2018-06-20T08:15:41+00:00","dateModified":"2018-07-09T08:36:34+00:00","breadcrumb":{"@id":"https:\/\/stahlwerke-bochum.com\/pt-br\/innovation\/#breadcrumb"},"inLanguage":"pt-BR","potentialAction":[{"@type":"ReadAction","target":["https:\/\/stahlwerke-bochum.com\/pt-br\/innovation\/"]}]},{"@type":"BreadcrumbList","@id":"https:\/\/stahlwerke-bochum.com\/pt-br\/innovation\/#breadcrumb","itemListElement":[{"@type":"ListItem","position":1,"name":"Startseite","item":"https:\/\/stahlwerke-bochum.com\/pt-br\/"},{"@type":"ListItem","position":2,"name":"Inova\u00e7\u00e3o"}]},{"@type":"WebSite","@id":"https:\/\/stahlwerke-bochum.com\/#website","url":"https:\/\/stahlwerke-bochum.com\/","name":"Stahlwerke Bochum","description":"Entwicklung und Herstellung von Verschleisswerkzeugen f\u00fcr die Aufbereitungstechnik, Zerkleinerungstechnik und Recyclingtechnik.","publisher":{"@id":"https:\/\/stahlwerke-bochum.com\/#organization"},"potentialAction":[{"@type":"SearchAction","target":{"@type":"EntryPoint","urlTemplate":"https:\/\/stahlwerke-bochum.com\/?s={search_term_string}"},"query-input":{"@type":"PropertyValueSpecification","valueRequired":true,"valueName":"search_term_string"}}],"inLanguage":"pt-BR"},{"@type":"Organization","@id":"https:\/\/stahlwerke-bochum.com\/#organization","name":"Stahlwerke Bochum","url":"https:\/\/stahlwerke-bochum.com\/","logo":{"@type":"ImageObject","inLanguage":"pt-BR","@id":"https:\/\/stahlwerke-bochum.com\/#\/schema\/logo\/image\/","url":"https:\/\/stahlwerke-bochum.com\/wp-content\/uploads\/2018\/06\/swb-logo2.jpg","contentUrl":"https:\/\/stahlwerke-bochum.com\/wp-content\/uploads\/2018\/06\/swb-logo2.jpg","width":500,"height":82,"caption":"Stahlwerke Bochum"},"image":{"@id":"https:\/\/stahlwerke-bochum.com\/#\/schema\/logo\/image\/"}}]}},"_links":{"self":[{"href":"https:\/\/stahlwerke-bochum.com\/pt-br\/wp-json\/wp\/v2\/pages\/20102","targetHints":{"allow":["GET"]}}],"collection":[{"href":"https:\/\/stahlwerke-bochum.com\/pt-br\/wp-json\/wp\/v2\/pages"}],"about":[{"href":"https:\/\/stahlwerke-bochum.com\/pt-br\/wp-json\/wp\/v2\/types\/page"}],"author":[{"embeddable":true,"href":"https:\/\/stahlwerke-bochum.com\/pt-br\/wp-json\/wp\/v2\/users\/4"}],"replies":[{"embeddable":true,"href":"https:\/\/stahlwerke-bochum.com\/pt-br\/wp-json\/wp\/v2\/comments?post=20102"}],"version-history":[{"count":5,"href":"https:\/\/stahlwerke-bochum.com\/pt-br\/wp-json\/wp\/v2\/pages\/20102\/revisions"}],"predecessor-version":[{"id":20110,"href":"https:\/\/stahlwerke-bochum.com\/pt-br\/wp-json\/wp\/v2\/pages\/20102\/revisions\/20110"}],"wp:attachment":[{"href":"https:\/\/stahlwerke-bochum.com\/pt-br\/wp-json\/wp\/v2\/media?parent=20102"}],"curies":[{"name":"wp","href":"https:\/\/api.w.org\/{rel}","templated":true}]}}