{"id":19993,"date":"2018-06-18T12:42:03","date_gmt":"2018-06-18T10:42:03","guid":{"rendered":"http:\/\/192.168.6.130\/impressum\/"},"modified":"2026-02-02T11:46:54","modified_gmt":"2026-02-02T10:46:54","slug":"impressum","status":"publish","type":"page","link":"https:\/\/stahlwerke-bochum.com\/pt-br\/impressum\/","title":{"rendered":"Impresso"},"content":{"rendered":"<p>[vc_row top_padding=&#8221;50&#8243; bottom_padding=&#8221;50&#8243;][vc_column width=&#8221;1\/1&#8243;][vc_column_text]<\/p>\n<h2><strong>Impresso<\/strong><\/h2>\n<p>Stahlwerke Bochum GmbH<br \/>\nCastroper Str. 228<br \/>\n44791 Bochum\/Alemanha<br \/>\nTel.: +49 234 3675-0<br \/>\nFax: +49 234 3675-1037<\/p>\n<p>Ju\u00edzo C\u00edvel [Amtsgericht] Bochum HR B 3463<br \/>\nUSt-IdNr.: DE 811214658<br \/>\nGerente Geral: Dipl.-Ing. S. O. Mayer<\/p>\n<p>Para perguntas quanto a estrutura\u00e7\u00e3o e conte\u00fado desta p\u00e1gina de internet \u00e9 favor contatar:<br \/>\nStahlwerke Bochum GmbH<br \/>\nJulia Rauhe (M.Sc.)<br \/>\nTel.: +49 234 3675-1158<br \/>\nFax: +49 234 3675-1041<br \/>\nE-Mail:\u00a0<a href=\"mailto:rauhe@stahlwerke-bochum.com\">rauhe@stahlwerke-bochum.com<\/a><\/p>\n<p>N\u00f3s somente processamos seus dados no \u00e2mbito das Disposi\u00e7\u00f5es da Lei Federal de Prote\u00e7\u00e3o de Dados \u2013 BDSG \u2013 [Bestimmungen des Bundesdatenschutzgesetzes] \u2013 e disposi\u00e7\u00f5es jur\u00eddicas complementares de acordo com a determina\u00e7\u00e3o do objeto de nosso contato\/contrato.<\/p>\n<p>Nossos funcion\u00e1rios\/as est\u00e3o comprometidos\/as com o segredo sobre dados de acordo com \u00a7 5 BDSG e de acordo \u00a7 88 Lei da Telecomunica\u00e7\u00e3o [Telekommunikationsgesetz] TKG com respeito ao segredo de comunica\u00e7\u00e3o \u00e0 dist\u00e2ncia e treinados\/as correspondentemente.<\/p>\n<p>Demais informa\u00e7\u00f5es s\u00e3o dadas pelo encarregado da prote\u00e7\u00e3o de dados:<br \/>\nRechtsanwalt (Attorney) Boris Reibach<br \/>\nScheja und Partners GmbH &amp; Co. KG<br \/>\nAdenauerallee 136<br \/>\n53113 Bonn<\/p>\n<p><a class=\"fliesstext\" href=\"http:\/\/www.scheja-partner.de\/externer-datenschutz\/datenschutz-extern.html\" target=\"_blank\" rel=\"noopener\">http:\/\/www.scheja-partner.de\/externer-datenschutz\/datenschutz-extern.html<\/a>[\/vc_column_text][\/vc_column][\/vc_row]<\/p>\n","protected":false},"excerpt":{"rendered":"<p>[vc_row top_padding=&#8221;50&#8243; bottom_padding=&#8221;50&#8243;][vc_column width=&#8221;1\/1&#8243;][vc_column_text] Impresso Stahlwerke Bochum GmbH Castroper Str. 228 44791 Bochum\/Alemanha Tel.: +49 234 3675-0 Fax: +49 234 3675-1037 Ju\u00edzo C\u00edvel [Amtsgericht] Bochum HR B 3463 USt-IdNr.: DE 811214658 Gerente Geral: Dipl.-Ing. S. O. Mayer Para perguntas quanto a estrutura\u00e7\u00e3o e conte\u00fado desta p\u00e1gina de internet \u00e9 favor contatar: Stahlwerke Bochum GmbH Julia Rauhe (M.Sc.) Tel.: +49 234 3675-1158 Fax: +49 234 3675-1041 E-Mail:\u00a0rauhe@stahlwerke-bochum.com N\u00f3s somente processamos seus dados no \u00e2mbito das Disposi\u00e7\u00f5es da Lei Federal de Prote\u00e7\u00e3o de Dados \u2013 BDSG \u2013 [Bestimmungen des Bundesdatenschutzgesetzes] \u2013 e disposi\u00e7\u00f5es jur\u00eddicas complementares de acordo com a determina\u00e7\u00e3o do objeto de nosso contato\/contrato. Nossos funcion\u00e1rios\/as est\u00e3o comprometidos\/as com o segredo sobre dados de acordo com \u00a7 5 BDSG e de acordo \u00a7 88 Lei da Telecomunica\u00e7\u00e3o [Telekommunikationsgesetz] TKG com respeito ao segredo de comunica\u00e7\u00e3o \u00e0 dist\u00e2ncia e treinados\/as correspondentemente. Demais informa\u00e7\u00f5es s\u00e3o dadas pelo encarregado da prote\u00e7\u00e3o de dados: Rechtsanwalt (Attorney) Boris Reibach Scheja und Partners GmbH &amp; Co. KG Adenauerallee 136 53113 Bonn http:\/\/www.scheja-partner.de\/externer-datenschutz\/datenschutz-extern.html[\/vc_column_text][\/vc_column][\/vc_row]<\/p>\n","protected":false},"author":4,"featured_media":0,"parent":0,"menu_order":0,"comment_status":"closed","ping_status":"closed","template":"","meta":{"footnotes":""},"class_list":["post-19993","page","type-page","status-publish","hentry"],"yoast_head":"<!-- This site is optimized with the Yoast SEO Premium plugin v27.4 (Yoast SEO v27.4) - https:\/\/yoast.com\/product\/yoast-seo-premium-wordpress\/ -->\n<title>Impresso - Stahlwerke Bochum<\/title>\n<meta name=\"robots\" content=\"index, follow, max-snippet:-1, max-image-preview:large, max-video-preview:-1\" \/>\n<link rel=\"canonical\" href=\"https:\/\/stahlwerke-bochum.com\/pt-br\/impressum\/\" \/>\n<meta property=\"og:locale\" content=\"pt_BR\" \/>\n<meta property=\"og:type\" content=\"article\" \/>\n<meta property=\"og:title\" content=\"Impresso\" \/>\n<meta property=\"og:description\" content=\"[vc_row top_padding=&#8221;50&#8243; bottom_padding=&#8221;50&#8243;][vc_column width=&#8221;1\/1&#8243;][vc_column_text] Impresso Stahlwerke Bochum GmbH Castroper Str. 228 44791 Bochum\/Alemanha Tel.: +49 234 3675-0 Fax: +49 234 3675-1037 Ju\u00edzo C\u00edvel [Amtsgericht] Bochum HR B 3463 USt-IdNr.: DE 811214658 Gerente Geral: Dipl.-Ing. S. O. Mayer Para perguntas quanto a estrutura\u00e7\u00e3o e conte\u00fado desta p\u00e1gina de internet \u00e9 favor contatar: Stahlwerke Bochum GmbH Julia Rauhe (M.Sc.) Tel.: +49 234 3675-1158 Fax: +49 234 3675-1041 E-Mail:\u00a0rauhe@stahlwerke-bochum.com N\u00f3s somente processamos seus dados no \u00e2mbito das Disposi\u00e7\u00f5es da Lei Federal de Prote\u00e7\u00e3o de Dados \u2013 BDSG \u2013 [Bestimmungen des Bundesdatenschutzgesetzes] \u2013 e disposi\u00e7\u00f5es jur\u00eddicas complementares de acordo com a determina\u00e7\u00e3o do objeto de nosso contato\/contrato. Nossos funcion\u00e1rios\/as est\u00e3o comprometidos\/as com o segredo sobre dados de acordo com \u00a7 5 BDSG e de acordo \u00a7 88 Lei da Telecomunica\u00e7\u00e3o [Telekommunikationsgesetz] TKG com respeito ao segredo de comunica\u00e7\u00e3o \u00e0 dist\u00e2ncia e treinados\/as correspondentemente. Demais informa\u00e7\u00f5es s\u00e3o dadas pelo encarregado da prote\u00e7\u00e3o de dados: Rechtsanwalt (Attorney) Boris Reibach Scheja und Partners GmbH &amp; Co. KG Adenauerallee 136 53113 Bonn http:\/\/www.scheja-partner.de\/externer-datenschutz\/datenschutz-extern.html[\/vc_column_text][\/vc_column][\/vc_row]\" \/>\n<meta property=\"og:url\" content=\"https:\/\/stahlwerke-bochum.com\/pt-br\/impressum\/\" \/>\n<meta property=\"og:site_name\" content=\"Stahlwerke Bochum\" \/>\n<meta property=\"article:modified_time\" content=\"2026-02-02T10:46:54+00:00\" \/>\n<meta name=\"twitter:card\" content=\"summary_large_image\" \/>\n<meta name=\"twitter:label1\" content=\"Est. tempo de leitura\" \/>\n\t<meta name=\"twitter:data1\" content=\"1 minuto\" \/>\n<script type=\"application\/ld+json\" class=\"yoast-schema-graph\">{\"@context\":\"https:\\\/\\\/schema.org\",\"@graph\":[{\"@type\":\"WebPage\",\"@id\":\"https:\\\/\\\/stahlwerke-bochum.com\\\/pt-br\\\/impressum\\\/\",\"url\":\"https:\\\/\\\/stahlwerke-bochum.com\\\/pt-br\\\/impressum\\\/\",\"name\":\"Impresso - Stahlwerke Bochum\",\"isPartOf\":{\"@id\":\"https:\\\/\\\/stahlwerke-bochum.com\\\/#website\"},\"datePublished\":\"2018-06-18T10:42:03+00:00\",\"dateModified\":\"2026-02-02T10:46:54+00:00\",\"breadcrumb\":{\"@id\":\"https:\\\/\\\/stahlwerke-bochum.com\\\/pt-br\\\/impressum\\\/#breadcrumb\"},\"inLanguage\":\"pt-BR\",\"potentialAction\":[{\"@type\":\"ReadAction\",\"target\":[\"https:\\\/\\\/stahlwerke-bochum.com\\\/pt-br\\\/impressum\\\/\"]}]},{\"@type\":\"BreadcrumbList\",\"@id\":\"https:\\\/\\\/stahlwerke-bochum.com\\\/pt-br\\\/impressum\\\/#breadcrumb\",\"itemListElement\":[{\"@type\":\"ListItem\",\"position\":1,\"name\":\"Startseite\",\"item\":\"https:\\\/\\\/stahlwerke-bochum.com\\\/pt-br\\\/\"},{\"@type\":\"ListItem\",\"position\":2,\"name\":\"Impresso\"}]},{\"@type\":\"WebSite\",\"@id\":\"https:\\\/\\\/stahlwerke-bochum.com\\\/#website\",\"url\":\"https:\\\/\\\/stahlwerke-bochum.com\\\/\",\"name\":\"Stahlwerke Bochum\",\"description\":\"Entwicklung und Herstellung von Verschleisswerkzeugen f\u00fcr die Aufbereitungstechnik, Zerkleinerungstechnik und Recyclingtechnik.\",\"publisher\":{\"@id\":\"https:\\\/\\\/stahlwerke-bochum.com\\\/#organization\"},\"potentialAction\":[{\"@type\":\"SearchAction\",\"target\":{\"@type\":\"EntryPoint\",\"urlTemplate\":\"https:\\\/\\\/stahlwerke-bochum.com\\\/?s={search_term_string}\"},\"query-input\":{\"@type\":\"PropertyValueSpecification\",\"valueRequired\":true,\"valueName\":\"search_term_string\"}}],\"inLanguage\":\"pt-BR\"},{\"@type\":\"Organization\",\"@id\":\"https:\\\/\\\/stahlwerke-bochum.com\\\/#organization\",\"name\":\"Stahlwerke Bochum\",\"url\":\"https:\\\/\\\/stahlwerke-bochum.com\\\/\",\"logo\":{\"@type\":\"ImageObject\",\"inLanguage\":\"pt-BR\",\"@id\":\"https:\\\/\\\/stahlwerke-bochum.com\\\/#\\\/schema\\\/logo\\\/image\\\/\",\"url\":\"https:\\\/\\\/stahlwerke-bochum.com\\\/wp-content\\\/uploads\\\/2018\\\/06\\\/swb-logo2.jpg\",\"contentUrl\":\"https:\\\/\\\/stahlwerke-bochum.com\\\/wp-content\\\/uploads\\\/2018\\\/06\\\/swb-logo2.jpg\",\"width\":500,\"height\":82,\"caption\":\"Stahlwerke Bochum\"},\"image\":{\"@id\":\"https:\\\/\\\/stahlwerke-bochum.com\\\/#\\\/schema\\\/logo\\\/image\\\/\"}}]}<\/script>\n<!-- \/ Yoast SEO Premium plugin. -->","yoast_head_json":{"title":"Impresso - Stahlwerke Bochum","robots":{"index":"index","follow":"follow","max-snippet":"max-snippet:-1","max-image-preview":"max-image-preview:large","max-video-preview":"max-video-preview:-1"},"canonical":"https:\/\/stahlwerke-bochum.com\/pt-br\/impressum\/","og_locale":"pt_BR","og_type":"article","og_title":"Impresso","og_description":"[vc_row top_padding=&#8221;50&#8243; bottom_padding=&#8221;50&#8243;][vc_column width=&#8221;1\/1&#8243;][vc_column_text] Impresso Stahlwerke Bochum GmbH Castroper Str. 228 44791 Bochum\/Alemanha Tel.: +49 234 3675-0 Fax: +49 234 3675-1037 Ju\u00edzo C\u00edvel [Amtsgericht] Bochum HR B 3463 USt-IdNr.: DE 811214658 Gerente Geral: Dipl.-Ing. S. O. Mayer Para perguntas quanto a estrutura\u00e7\u00e3o e conte\u00fado desta p\u00e1gina de internet \u00e9 favor contatar: Stahlwerke Bochum GmbH Julia Rauhe (M.Sc.) Tel.: +49 234 3675-1158 Fax: +49 234 3675-1041 E-Mail:\u00a0rauhe@stahlwerke-bochum.com N\u00f3s somente processamos seus dados no \u00e2mbito das Disposi\u00e7\u00f5es da Lei Federal de Prote\u00e7\u00e3o de Dados \u2013 BDSG \u2013 [Bestimmungen des Bundesdatenschutzgesetzes] \u2013 e disposi\u00e7\u00f5es jur\u00eddicas complementares de acordo com a determina\u00e7\u00e3o do objeto de nosso contato\/contrato. Nossos funcion\u00e1rios\/as est\u00e3o comprometidos\/as com o segredo sobre dados de acordo com \u00a7 5 BDSG e de acordo \u00a7 88 Lei da Telecomunica\u00e7\u00e3o [Telekommunikationsgesetz] TKG com respeito ao segredo de comunica\u00e7\u00e3o \u00e0 dist\u00e2ncia e treinados\/as correspondentemente. Demais informa\u00e7\u00f5es s\u00e3o dadas pelo encarregado da prote\u00e7\u00e3o de dados: Rechtsanwalt (Attorney) Boris Reibach Scheja und Partners GmbH &amp; Co. KG Adenauerallee 136 53113 Bonn http:\/\/www.scheja-partner.de\/externer-datenschutz\/datenschutz-extern.html[\/vc_column_text][\/vc_column][\/vc_row]","og_url":"https:\/\/stahlwerke-bochum.com\/pt-br\/impressum\/","og_site_name":"Stahlwerke Bochum","article_modified_time":"2026-02-02T10:46:54+00:00","twitter_card":"summary_large_image","twitter_misc":{"Est. tempo de leitura":"1 minuto"},"schema":{"@context":"https:\/\/schema.org","@graph":[{"@type":"WebPage","@id":"https:\/\/stahlwerke-bochum.com\/pt-br\/impressum\/","url":"https:\/\/stahlwerke-bochum.com\/pt-br\/impressum\/","name":"Impresso - Stahlwerke Bochum","isPartOf":{"@id":"https:\/\/stahlwerke-bochum.com\/#website"},"datePublished":"2018-06-18T10:42:03+00:00","dateModified":"2026-02-02T10:46:54+00:00","breadcrumb":{"@id":"https:\/\/stahlwerke-bochum.com\/pt-br\/impressum\/#breadcrumb"},"inLanguage":"pt-BR","potentialAction":[{"@type":"ReadAction","target":["https:\/\/stahlwerke-bochum.com\/pt-br\/impressum\/"]}]},{"@type":"BreadcrumbList","@id":"https:\/\/stahlwerke-bochum.com\/pt-br\/impressum\/#breadcrumb","itemListElement":[{"@type":"ListItem","position":1,"name":"Startseite","item":"https:\/\/stahlwerke-bochum.com\/pt-br\/"},{"@type":"ListItem","position":2,"name":"Impresso"}]},{"@type":"WebSite","@id":"https:\/\/stahlwerke-bochum.com\/#website","url":"https:\/\/stahlwerke-bochum.com\/","name":"Stahlwerke Bochum","description":"Entwicklung und Herstellung von Verschleisswerkzeugen f\u00fcr die Aufbereitungstechnik, Zerkleinerungstechnik und Recyclingtechnik.","publisher":{"@id":"https:\/\/stahlwerke-bochum.com\/#organization"},"potentialAction":[{"@type":"SearchAction","target":{"@type":"EntryPoint","urlTemplate":"https:\/\/stahlwerke-bochum.com\/?s={search_term_string}"},"query-input":{"@type":"PropertyValueSpecification","valueRequired":true,"valueName":"search_term_string"}}],"inLanguage":"pt-BR"},{"@type":"Organization","@id":"https:\/\/stahlwerke-bochum.com\/#organization","name":"Stahlwerke Bochum","url":"https:\/\/stahlwerke-bochum.com\/","logo":{"@type":"ImageObject","inLanguage":"pt-BR","@id":"https:\/\/stahlwerke-bochum.com\/#\/schema\/logo\/image\/","url":"https:\/\/stahlwerke-bochum.com\/wp-content\/uploads\/2018\/06\/swb-logo2.jpg","contentUrl":"https:\/\/stahlwerke-bochum.com\/wp-content\/uploads\/2018\/06\/swb-logo2.jpg","width":500,"height":82,"caption":"Stahlwerke Bochum"},"image":{"@id":"https:\/\/stahlwerke-bochum.com\/#\/schema\/logo\/image\/"}}]}},"_links":{"self":[{"href":"https:\/\/stahlwerke-bochum.com\/pt-br\/wp-json\/wp\/v2\/pages\/19993","targetHints":{"allow":["GET"]}}],"collection":[{"href":"https:\/\/stahlwerke-bochum.com\/pt-br\/wp-json\/wp\/v2\/pages"}],"about":[{"href":"https:\/\/stahlwerke-bochum.com\/pt-br\/wp-json\/wp\/v2\/types\/page"}],"author":[{"embeddable":true,"href":"https:\/\/stahlwerke-bochum.com\/pt-br\/wp-json\/wp\/v2\/users\/4"}],"replies":[{"embeddable":true,"href":"https:\/\/stahlwerke-bochum.com\/pt-br\/wp-json\/wp\/v2\/comments?post=19993"}],"version-history":[{"count":4,"href":"https:\/\/stahlwerke-bochum.com\/pt-br\/wp-json\/wp\/v2\/pages\/19993\/revisions"}],"predecessor-version":[{"id":23862,"href":"https:\/\/stahlwerke-bochum.com\/pt-br\/wp-json\/wp\/v2\/pages\/19993\/revisions\/23862"}],"wp:attachment":[{"href":"https:\/\/stahlwerke-bochum.com\/pt-br\/wp-json\/wp\/v2\/media?parent=19993"}],"curies":[{"name":"wp","href":"https:\/\/api.w.org\/{rel}","templated":true}]}}