{"id":19936,"date":"2018-06-19T19:01:37","date_gmt":"2018-06-19T17:01:37","guid":{"rendered":"http:\/\/192.168.6.130\/individualitaet\/"},"modified":"2018-07-07T13:53:22","modified_gmt":"2018-07-07T11:53:22","slug":"individualitaet","status":"publish","type":"page","link":"https:\/\/stahlwerke-bochum.com\/pt-br\/individualitaet\/","title":{"rendered":"Individualidade"},"content":{"rendered":"<p>[vc_row type=&#8221;full_width_section&#8221; bottom_padding=&#8221;50&#8243;][vc_column width=&#8221;1\/1&#8243;][rev_slider_vc alias=&#8221;individualitaet&#8221;][\/vc_column][\/vc_row][vc_row top_padding=&#8221;50&#8243; bottom_padding=&#8221;50&#8243;][vc_column width=&#8221;1\/1&#8243;][vc_column_text]<\/p>\n<h1 style=\"text-align: center;\">INDIVIDUALIDADE<\/h1>\n<p>[\/vc_column_text][vc_column_text]<\/p>\n<p style=\"text-align: center;\"><strong>Solucionamos exig\u00eancias diferentes quanto \u00e0 resist\u00eancia ao desgaste<\/strong><br \/>\n<strong>com materiais escolhidos com a qualidade aprovada SWB:<\/strong><\/p>\n<p>[\/vc_column_text][vc_separator color=&#8221;custom&#8221; el_width=&#8221;50&#8243; accent_color=&#8221;#757575&#8243;][\/vc_column][\/vc_row][vc_row][vc_column animation=&#8221;fade-in&#8221; width=&#8221;1\/1&#8243; delay=&#8221;500&#8243;]\n\t\t<div class=\"portfolio-element\">\n\n\t\t\n\t\t\t\t\t<div class=\"container\">\n\t\t\n\t\t\t\t\t<div id=\"569705557\" class=\"portfolio-items portfolio-default portfolio-overlay-name clearfix\" data-id=\"569705557\">  \n\t\t\t\t\t\t\n\t\t\t\t\t\t\t\n\t\t\t\t\t\t\t\n\t\t\t\t\t\t\n\t\t\t\t\t\t\t\t\t\t\t\t\t\t\t\t\n\t\t\t\t\t\t\t\t   \n\n\t\t\t\t\t\t\t\t<div class=\"term-werkstoffe_p portfolio-item one-third column\">\n\t\t\t\t\t\t\t\t\t<div class=\"portfolio-image\"><a href=\"https:\/\/stahlwerke-bochum.com\/pt-br\/portfolio-item\/aco-austenitico-manganes-duro\/\" title=\"A\u00e7o austen\u00edtico mangan\u00eas duro\"><div class=\"portfolio-image-img\"><img decoding=\"async\" src=\"https:\/\/stahlwerke-bochum.com\/wp-content\/uploads\/2015\/07\/austenitischer_mangan-hartstahl-600x400.jpg\" alt=\"A\u00e7o austen\u00edtico mangan\u00eas duro\" \/><\/div><div class=\"portfolio-overlay overlay-name\"><span>A\u00e7o austen\u00edtico mangan\u00eas duro<\/span><i class=\"icon-minti-plus\"><\/i><\/div><\/a><\/div>\n\t\t\t\t\t\t\t\t\t<h4><a href=\"https:\/\/stahlwerke-bochum.com\/pt-br\/portfolio-item\/aco-austenitico-manganes-duro\/\" title=\"A\u00e7o austen\u00edtico mangan\u00eas duro\">A\u00e7o austen\u00edtico mangan\u00eas duro<\/a><\/h4>\n\t\t\t\t\t\t\t\t\t<span class=\"portfolio-subtitle\">Pela excelente tenacidade, especialmente indicado...<\/span>\n\t\t\t\t\t\t\t\t<\/div>\n\n\t\t\t\t\t\t\t\t\t\t\t\t  \n\t\t\t\t\t\t\n\t\t\t\t\t\t\t\n\t\t\t\t\t\t\t\n\t\t\t\t\t\t\n\t\t\t\t\t\t\t\t\t\t\t\t\t\t\t\t\n\t\t\t\t\t\t\t\t   \n\n\t\t\t\t\t\t\t\t<div class=\"term-werkstoffe_p portfolio-item one-third column\">\n\t\t\t\t\t\t\t\t\t<div class=\"portfolio-image\"><a href=\"https:\/\/stahlwerke-bochum.com\/pt-br\/portfolio-item\/aco-martensitico-beneficiavel\/\" title=\"A\u00e7o martens\u00edtico benefici\u00e1vel\"><div class=\"portfolio-image-img\"><img decoding=\"async\" src=\"https:\/\/stahlwerke-bochum.com\/wp-content\/uploads\/2015\/07\/nickel-600x400.jpg\" alt=\"A\u00e7o martens\u00edtico benefici\u00e1vel\" \/><\/div><div class=\"portfolio-overlay overlay-name\"><span>A\u00e7o martens\u00edtico benefici\u00e1vel<\/span><i class=\"icon-minti-plus\"><\/i><\/div><\/a><\/div>\n\t\t\t\t\t\t\t\t\t<h4><a href=\"https:\/\/stahlwerke-bochum.com\/pt-br\/portfolio-item\/aco-martensitico-beneficiavel\/\" title=\"A\u00e7o martens\u00edtico benefici\u00e1vel\">A\u00e7o martens\u00edtico benefici\u00e1vel<\/a><\/h4>\n\t\t\t\t\t\t\t\t\t<span class=\"portfolio-subtitle\">S\u00edntese ideal de resist\u00eancia ao desgaste ...<\/span>\n\t\t\t\t\t\t\t\t<\/div>\n\n\t\t\t\t\t\t\t\t\t\t\t\t  \n\t\t\t\t\t\t\n\t\t\t\t\t\t\t\n\t\t\t\t\t\t\t\n\t\t\t\t\t\t\n\t\t\t\t\t\t\t\t\t\t\t\t\t\t\t\t\n\t\t\t\t\t\t\t\t   \n\n\t\t\t\t\t\t\t\t<div class=\"term-werkstoffe_p portfolio-item one-third column\">\n\t\t\t\t\t\t\t\t\t<div class=\"portfolio-image\"><a href=\"https:\/\/stahlwerke-bochum.com\/pt-br\/portfolio-item\/aco-martensitico-ligado-ao-cromo-beneficiavel\/\" title=\"A\u00e7o martens\u00edtico ligado ao cromo, benefici\u00e1vel\"><div class=\"portfolio-image-img\"><img decoding=\"async\" src=\"https:\/\/stahlwerke-bochum.com\/wp-content\/uploads\/2015\/07\/chrom-600x400.jpg\" alt=\"A\u00e7o martens\u00edtico ligado ao cromo, benefici\u00e1vel\" \/><\/div><div class=\"portfolio-overlay overlay-name\"><span>A\u00e7o martens\u00edtico ligado ao cromo, benefici\u00e1vel<\/span><i class=\"icon-minti-plus\"><\/i><\/div><\/a><\/div>\n\t\t\t\t\t\t\t\t\t<h4><a href=\"https:\/\/stahlwerke-bochum.com\/pt-br\/portfolio-item\/aco-martensitico-ligado-ao-cromo-beneficiavel\/\" title=\"A\u00e7o martens\u00edtico ligado ao cromo, benefici\u00e1vel\">A\u00e7o martens\u00edtico ligado ao cromo, benefici\u00e1vel<\/a><\/h4>\n\t\t\t\t\t\t\t\t\t<span class=\"portfolio-subtitle\">Comprovado nas altas exig\u00eancias de resist\u00eanci...<\/span>\n\t\t\t\t\t\t\t\t<\/div>\n\n\t\t\t\t\t\t\t\t\t\t\t\t  \n\t\t\t\t\t\t\n\t\t\t\t\t\t\t\n\t\t\t\t\t\t\t\n\t\t\t\t\t\t\n\t\t\t\t\t\t\t\t\t\t\t\t\t\t\t\t\n\t\t\t\t\t\t\t\t   \n\n\t\t\t\t\t\t\t\t<div class=\"term-werkstoffe_p portfolio-item one-third column\">\n\t\t\t\t\t\t\t\t\t<div class=\"portfolio-image\"><a href=\"https:\/\/stahlwerke-bochum.com\/pt-br\/portfolio-item\/ligas-de-ferro-cromo-molibdenio\/\" title=\"Ligas de ferro, cromo, molibd\u00eanio\"><div class=\"portfolio-image-img\"><img decoding=\"async\" src=\"https:\/\/stahlwerke-bochum.com\/wp-content\/uploads\/2015\/07\/molybdaen-600x400.jpg\" alt=\"Ligas de ferro, cromo, molibd\u00eanio\" \/><\/div><div class=\"portfolio-overlay overlay-name\"><span>Ligas de ferro, cromo, molibd\u00eanio<\/span><i class=\"icon-minti-plus\"><\/i><\/div><\/a><\/div>\n\t\t\t\t\t\t\t\t\t<h4><a href=\"https:\/\/stahlwerke-bochum.com\/pt-br\/portfolio-item\/ligas-de-ferro-cromo-molibdenio\/\" title=\"Ligas de ferro, cromo, molibd\u00eanio\">Ligas de ferro, cromo, molibd\u00eanio<\/a><\/h4>\n\t\t\t\t\t\t\t\t\t<span class=\"portfolio-subtitle\">Para as mais altas exig\u00eancias \u00e0 resist\u00eancia ao desgaste...<\/span>\n\t\t\t\t\t\t\t\t<\/div>\n\n\t\t\t\t\t\t\t\t\t\t\t\t  \n\t\t\t\t\t\t\n\t\t\t\t\t\t\t\n\t\t\t\t\t\t\t\n\t\t\t\t\t\t\n\t\t\t\t\t\t\t\t\t\t\t\t\t\t\t\t\n\t\t\t\t\t\t\t\t   \n\n\t\t\t\t\t\t\t\t<div class=\"term-werkstoffe_p portfolio-item one-third column\">\n\t\t\t\t\t\t\t\t\t<div class=\"portfolio-image\"><a href=\"https:\/\/stahlwerke-bochum.com\/pt-br\/portfolio-item\/fundicao-composta-de-ceramica-metal\/\" title=\"Fundi\u00e7\u00e3o composta de cer\u00e2mica metal\"><div class=\"portfolio-image-img\"><img decoding=\"async\" src=\"https:\/\/stahlwerke-bochum.com\/wp-content\/uploads\/2015\/07\/titan-600x400.jpg\" alt=\"Fundi\u00e7\u00e3o composta de cer\u00e2mica metal\" \/><\/div><div class=\"portfolio-overlay overlay-name\"><span>Fundi\u00e7\u00e3o composta de cer\u00e2mica metal<\/span><i class=\"icon-minti-plus\"><\/i><\/div><\/a><\/div>\n\t\t\t\t\t\t\t\t\t<h4><a href=\"https:\/\/stahlwerke-bochum.com\/pt-br\/portfolio-item\/fundicao-composta-de-ceramica-metal\/\" title=\"Fundi\u00e7\u00e3o composta de cer\u00e2mica metal\">Fundi\u00e7\u00e3o composta de cer\u00e2mica metal<\/a><\/h4>\n\t\t\t\t\t\t\t\t\t<span class=\"portfolio-subtitle\">Maior prote\u00e7\u00e3o contra desgaste para casos especiais...<\/span>\n\t\t\t\t\t\t\t\t<\/div>\n\n\t\t\t\t\t\t\t\t\t\t\t\t  \n\t\t\t\t\t\t\n\t\t\t\t\t\t\t\n\t\t\t\t\t\t\t\n\t\t\t\t\t\t\n\t\t\t\t\t\t\t\t\t\t\t\t\t\t\t\t\n\t\t\t\t\t\t\t\t   \n\n\t\t\t\t\t\t\t\t<div class=\"term-werkstoffe_p portfolio-item one-third column\">\n\t\t\t\t\t\t\t\t\t<div class=\"portfolio-image\"><a href=\"https:\/\/stahlwerke-bochum.com\/pt-br\/portfolio-item\/solucoes-para-o-futuro\/\" title=\"Solu\u00e7\u00f5es para o futuro\"><div class=\"portfolio-image-img\"><img decoding=\"async\" src=\"https:\/\/stahlwerke-bochum.com\/wp-content\/uploads\/2015\/06\/Tricomp-600x400.jpg\" alt=\"Solu\u00e7\u00f5es para o futuro\" \/><\/div><div class=\"portfolio-overlay overlay-name\"><span>Solu\u00e7\u00f5es para o futuro<\/span><i class=\"icon-minti-plus\"><\/i><\/div><\/a><\/div>\n\t\t\t\t\t\t\t\t\t<h4><a href=\"https:\/\/stahlwerke-bochum.com\/pt-br\/portfolio-item\/solucoes-para-o-futuro\/\" title=\"Solu\u00e7\u00f5es para o futuro\">Solu\u00e7\u00f5es para o futuro<\/a><\/h4>\n\t\t\t\t\t\t\t\t\t<span class=\"portfolio-subtitle\">O desgaste destr\u00f3i anualmente valores de bilh\u00f5es.<\/span>\n\t\t\t\t\t\t\t\t<\/div>\n\n\t\t\t\t\t\t\t\t\t\t\t\t  \n\t\t\t\t\t\t\t\t\t\t\t<\/div>\n\n\t\t\t\t\t<\/div>\n\t\t\n\t\t<\/div>\n\t\t\t\n\t\t\t\t\n\t\t[\/vc_column][\/vc_row][vc_row top_padding=&#8221;50&#8243; bottom_padding=&#8221;50&#8243;][vc_column animation=&#8221;fade-in-from-bottom&#8221; width=&#8221;1\/1&#8243; delay=&#8221;500&#8243;]<div class=\"box clearfix style-2 wpb_content_element align-left \" style=\"padding: 40px 40px 40px 40px; \">\n<h4>\u00c9 bom saber:<\/h4>\n<p>Com ligas individuais de a\u00e7os benefici\u00e1veis preenchemos as mais altas exig\u00eancias de\u00a0<strong>resist\u00eancia ao desgaste<\/strong>\u00a0de nossas\u00a0<strong>pe\u00e7as fundidas<\/strong>.<br \/>\n<strong>A fundi\u00e7\u00e3o composta de cer\u00e2mic<\/strong>a metal garante maior\u00a0<strong>resist\u00eancia ao desgaste<\/strong>\u00a0nos diversos setores da tritura\u00e7\u00e3o por impacto.<\/div>[\/vc_column][\/vc_row]<\/p>\n","protected":false},"excerpt":{"rendered":"<p>[vc_row type=&#8221;full_width_section&#8221; bottom_padding=&#8221;50&#8243;][vc_column width=&#8221;1\/1&#8243;][rev_slider_vc alias=&#8221;individualitaet&#8221;][\/vc_column][\/vc_row][vc_row top_padding=&#8221;50&#8243; bottom_padding=&#8221;50&#8243;][vc_column width=&#8221;1\/1&#8243;][vc_column_text] INDIVIDUALIDADE [\/vc_column_text][vc_column_text] Solucionamos exig\u00eancias diferentes quanto \u00e0 resist\u00eancia ao desgaste com materiais escolhidos com a qualidade aprovada SWB: [\/vc_column_text][vc_separator color=&#8221;custom&#8221; el_width=&#8221;50&#8243; accent_color=&#8221;#757575&#8243;][\/vc_column][\/vc_row][vc_row][vc_column animation=&#8221;fade-in&#8221; width=&#8221;1\/1&#8243; delay=&#8221;500&#8243;][\/vc_column][\/vc_row][vc_row top_padding=&#8221;50&#8243; bottom_padding=&#8221;50&#8243;][vc_column animation=&#8221;fade-in-from-bottom&#8221; width=&#8221;1\/1&#8243; delay=&#8221;500&#8243;][\/vc_column][\/vc_row]<\/p>\n","protected":false},"author":4,"featured_media":0,"parent":0,"menu_order":0,"comment_status":"closed","ping_status":"closed","template":"","meta":{"footnotes":""},"class_list":["post-19936","page","type-page","status-publish","hentry"],"yoast_head":"<!-- This site is optimized with the Yoast SEO Premium plugin v27.4 (Yoast SEO v27.4) - https:\/\/yoast.com\/product\/yoast-seo-premium-wordpress\/ -->\n<title>Individualidade - Stahlwerke Bochum<\/title>\n<meta name=\"robots\" content=\"index, follow, max-snippet:-1, max-image-preview:large, max-video-preview:-1\" \/>\n<link rel=\"canonical\" href=\"https:\/\/stahlwerke-bochum.com\/pt-br\/individualitaet\/\" \/>\n<meta property=\"og:locale\" content=\"pt_BR\" \/>\n<meta property=\"og:type\" content=\"article\" \/>\n<meta property=\"og:title\" content=\"Individualidade\" \/>\n<meta property=\"og:description\" content=\"[vc_row type=&#8221;full_width_section&#8221; bottom_padding=&#8221;50&#8243;][vc_column width=&#8221;1\/1&#8243;][rev_slider_vc alias=&#8221;individualitaet&#8221;][\/vc_column][\/vc_row][vc_row top_padding=&#8221;50&#8243; bottom_padding=&#8221;50&#8243;][vc_column width=&#8221;1\/1&#8243;][vc_column_text] INDIVIDUALIDADE [\/vc_column_text][vc_column_text] Solucionamos exig\u00eancias diferentes quanto \u00e0 resist\u00eancia ao desgaste com materiais escolhidos com a qualidade aprovada SWB: [\/vc_column_text][vc_separator color=&#8221;custom&#8221; el_width=&#8221;50&#8243; accent_color=&#8221;#757575&#8243;][\/vc_column][\/vc_row][vc_row][vc_column animation=&#8221;fade-in&#8221; width=&#8221;1\/1&#8243; delay=&#8221;500&#8243;][\/vc_column][\/vc_row][vc_row top_padding=&#8221;50&#8243; bottom_padding=&#8221;50&#8243;][vc_column animation=&#8221;fade-in-from-bottom&#8221; width=&#8221;1\/1&#8243; delay=&#8221;500&#8243;][\/vc_column][\/vc_row]\" \/>\n<meta property=\"og:url\" content=\"https:\/\/stahlwerke-bochum.com\/pt-br\/individualitaet\/\" \/>\n<meta property=\"og:site_name\" content=\"Stahlwerke Bochum\" \/>\n<meta property=\"article:modified_time\" content=\"2018-07-07T11:53:22+00:00\" \/>\n<meta name=\"twitter:card\" content=\"summary_large_image\" \/>\n<meta name=\"twitter:label1\" content=\"Est. tempo de leitura\" \/>\n\t<meta name=\"twitter:data1\" content=\"1 minuto\" \/>\n<script type=\"application\/ld+json\" class=\"yoast-schema-graph\">{\"@context\":\"https:\\\/\\\/schema.org\",\"@graph\":[{\"@type\":\"WebPage\",\"@id\":\"https:\\\/\\\/stahlwerke-bochum.com\\\/pt-br\\\/individualitaet\\\/\",\"url\":\"https:\\\/\\\/stahlwerke-bochum.com\\\/pt-br\\\/individualitaet\\\/\",\"name\":\"Individualidade - Stahlwerke Bochum\",\"isPartOf\":{\"@id\":\"https:\\\/\\\/stahlwerke-bochum.com\\\/#website\"},\"datePublished\":\"2018-06-19T17:01:37+00:00\",\"dateModified\":\"2018-07-07T11:53:22+00:00\",\"breadcrumb\":{\"@id\":\"https:\\\/\\\/stahlwerke-bochum.com\\\/pt-br\\\/individualitaet\\\/#breadcrumb\"},\"inLanguage\":\"pt-BR\",\"potentialAction\":[{\"@type\":\"ReadAction\",\"target\":[\"https:\\\/\\\/stahlwerke-bochum.com\\\/pt-br\\\/individualitaet\\\/\"]}]},{\"@type\":\"BreadcrumbList\",\"@id\":\"https:\\\/\\\/stahlwerke-bochum.com\\\/pt-br\\\/individualitaet\\\/#breadcrumb\",\"itemListElement\":[{\"@type\":\"ListItem\",\"position\":1,\"name\":\"Startseite\",\"item\":\"https:\\\/\\\/stahlwerke-bochum.com\\\/pt-br\\\/\"},{\"@type\":\"ListItem\",\"position\":2,\"name\":\"Individualidade\"}]},{\"@type\":\"WebSite\",\"@id\":\"https:\\\/\\\/stahlwerke-bochum.com\\\/#website\",\"url\":\"https:\\\/\\\/stahlwerke-bochum.com\\\/\",\"name\":\"Stahlwerke Bochum\",\"description\":\"Entwicklung und Herstellung von Verschleisswerkzeugen f\u00fcr die Aufbereitungstechnik, Zerkleinerungstechnik und Recyclingtechnik.\",\"publisher\":{\"@id\":\"https:\\\/\\\/stahlwerke-bochum.com\\\/#organization\"},\"potentialAction\":[{\"@type\":\"SearchAction\",\"target\":{\"@type\":\"EntryPoint\",\"urlTemplate\":\"https:\\\/\\\/stahlwerke-bochum.com\\\/?s={search_term_string}\"},\"query-input\":{\"@type\":\"PropertyValueSpecification\",\"valueRequired\":true,\"valueName\":\"search_term_string\"}}],\"inLanguage\":\"pt-BR\"},{\"@type\":\"Organization\",\"@id\":\"https:\\\/\\\/stahlwerke-bochum.com\\\/#organization\",\"name\":\"Stahlwerke Bochum\",\"url\":\"https:\\\/\\\/stahlwerke-bochum.com\\\/\",\"logo\":{\"@type\":\"ImageObject\",\"inLanguage\":\"pt-BR\",\"@id\":\"https:\\\/\\\/stahlwerke-bochum.com\\\/#\\\/schema\\\/logo\\\/image\\\/\",\"url\":\"https:\\\/\\\/stahlwerke-bochum.com\\\/wp-content\\\/uploads\\\/2018\\\/06\\\/swb-logo2.jpg\",\"contentUrl\":\"https:\\\/\\\/stahlwerke-bochum.com\\\/wp-content\\\/uploads\\\/2018\\\/06\\\/swb-logo2.jpg\",\"width\":500,\"height\":82,\"caption\":\"Stahlwerke Bochum\"},\"image\":{\"@id\":\"https:\\\/\\\/stahlwerke-bochum.com\\\/#\\\/schema\\\/logo\\\/image\\\/\"}}]}<\/script>\n<!-- \/ Yoast SEO Premium plugin. -->","yoast_head_json":{"title":"Individualidade - Stahlwerke Bochum","robots":{"index":"index","follow":"follow","max-snippet":"max-snippet:-1","max-image-preview":"max-image-preview:large","max-video-preview":"max-video-preview:-1"},"canonical":"https:\/\/stahlwerke-bochum.com\/pt-br\/individualitaet\/","og_locale":"pt_BR","og_type":"article","og_title":"Individualidade","og_description":"[vc_row type=&#8221;full_width_section&#8221; bottom_padding=&#8221;50&#8243;][vc_column width=&#8221;1\/1&#8243;][rev_slider_vc alias=&#8221;individualitaet&#8221;][\/vc_column][\/vc_row][vc_row top_padding=&#8221;50&#8243; bottom_padding=&#8221;50&#8243;][vc_column width=&#8221;1\/1&#8243;][vc_column_text] INDIVIDUALIDADE [\/vc_column_text][vc_column_text] Solucionamos exig\u00eancias diferentes quanto \u00e0 resist\u00eancia ao desgaste com materiais escolhidos com a qualidade aprovada SWB: [\/vc_column_text][vc_separator color=&#8221;custom&#8221; el_width=&#8221;50&#8243; accent_color=&#8221;#757575&#8243;][\/vc_column][\/vc_row][vc_row][vc_column animation=&#8221;fade-in&#8221; width=&#8221;1\/1&#8243; delay=&#8221;500&#8243;][\/vc_column][\/vc_row][vc_row top_padding=&#8221;50&#8243; bottom_padding=&#8221;50&#8243;][vc_column animation=&#8221;fade-in-from-bottom&#8221; width=&#8221;1\/1&#8243; delay=&#8221;500&#8243;][\/vc_column][\/vc_row]","og_url":"https:\/\/stahlwerke-bochum.com\/pt-br\/individualitaet\/","og_site_name":"Stahlwerke Bochum","article_modified_time":"2018-07-07T11:53:22+00:00","twitter_card":"summary_large_image","twitter_misc":{"Est. tempo de leitura":"1 minuto"},"schema":{"@context":"https:\/\/schema.org","@graph":[{"@type":"WebPage","@id":"https:\/\/stahlwerke-bochum.com\/pt-br\/individualitaet\/","url":"https:\/\/stahlwerke-bochum.com\/pt-br\/individualitaet\/","name":"Individualidade - Stahlwerke Bochum","isPartOf":{"@id":"https:\/\/stahlwerke-bochum.com\/#website"},"datePublished":"2018-06-19T17:01:37+00:00","dateModified":"2018-07-07T11:53:22+00:00","breadcrumb":{"@id":"https:\/\/stahlwerke-bochum.com\/pt-br\/individualitaet\/#breadcrumb"},"inLanguage":"pt-BR","potentialAction":[{"@type":"ReadAction","target":["https:\/\/stahlwerke-bochum.com\/pt-br\/individualitaet\/"]}]},{"@type":"BreadcrumbList","@id":"https:\/\/stahlwerke-bochum.com\/pt-br\/individualitaet\/#breadcrumb","itemListElement":[{"@type":"ListItem","position":1,"name":"Startseite","item":"https:\/\/stahlwerke-bochum.com\/pt-br\/"},{"@type":"ListItem","position":2,"name":"Individualidade"}]},{"@type":"WebSite","@id":"https:\/\/stahlwerke-bochum.com\/#website","url":"https:\/\/stahlwerke-bochum.com\/","name":"Stahlwerke Bochum","description":"Entwicklung und Herstellung von Verschleisswerkzeugen f\u00fcr die Aufbereitungstechnik, Zerkleinerungstechnik und Recyclingtechnik.","publisher":{"@id":"https:\/\/stahlwerke-bochum.com\/#organization"},"potentialAction":[{"@type":"SearchAction","target":{"@type":"EntryPoint","urlTemplate":"https:\/\/stahlwerke-bochum.com\/?s={search_term_string}"},"query-input":{"@type":"PropertyValueSpecification","valueRequired":true,"valueName":"search_term_string"}}],"inLanguage":"pt-BR"},{"@type":"Organization","@id":"https:\/\/stahlwerke-bochum.com\/#organization","name":"Stahlwerke Bochum","url":"https:\/\/stahlwerke-bochum.com\/","logo":{"@type":"ImageObject","inLanguage":"pt-BR","@id":"https:\/\/stahlwerke-bochum.com\/#\/schema\/logo\/image\/","url":"https:\/\/stahlwerke-bochum.com\/wp-content\/uploads\/2018\/06\/swb-logo2.jpg","contentUrl":"https:\/\/stahlwerke-bochum.com\/wp-content\/uploads\/2018\/06\/swb-logo2.jpg","width":500,"height":82,"caption":"Stahlwerke Bochum"},"image":{"@id":"https:\/\/stahlwerke-bochum.com\/#\/schema\/logo\/image\/"}}]}},"_links":{"self":[{"href":"https:\/\/stahlwerke-bochum.com\/pt-br\/wp-json\/wp\/v2\/pages\/19936","targetHints":{"allow":["GET"]}}],"collection":[{"href":"https:\/\/stahlwerke-bochum.com\/pt-br\/wp-json\/wp\/v2\/pages"}],"about":[{"href":"https:\/\/stahlwerke-bochum.com\/pt-br\/wp-json\/wp\/v2\/types\/page"}],"author":[{"embeddable":true,"href":"https:\/\/stahlwerke-bochum.com\/pt-br\/wp-json\/wp\/v2\/users\/4"}],"replies":[{"embeddable":true,"href":"https:\/\/stahlwerke-bochum.com\/pt-br\/wp-json\/wp\/v2\/comments?post=19936"}],"version-history":[{"count":3,"href":"https:\/\/stahlwerke-bochum.com\/pt-br\/wp-json\/wp\/v2\/pages\/19936\/revisions"}],"predecessor-version":[{"id":19940,"href":"https:\/\/stahlwerke-bochum.com\/pt-br\/wp-json\/wp\/v2\/pages\/19936\/revisions\/19940"}],"wp:attachment":[{"href":"https:\/\/stahlwerke-bochum.com\/pt-br\/wp-json\/wp\/v2\/media?parent=19936"}],"curies":[{"name":"wp","href":"https:\/\/api.w.org\/{rel}","templated":true}]}}