{"id":19886,"date":"2018-07-06T08:57:41","date_gmt":"2018-07-06T06:57:41","guid":{"rendered":"http:\/\/192.168.6.130\/?page_id=19886"},"modified":"2018-07-09T10:28:07","modified_gmt":"2018-07-09T08:28:07","slug":"programa-completo","status":"publish","type":"page","link":"https:\/\/stahlwerke-bochum.com\/pt-br\/programa-completo\/","title":{"rendered":"Programa completo"},"content":{"rendered":"<p>[vc_row type=&#8221;full_width_section&#8221; bottom_padding=&#8221;50&#8243;][vc_column width=&#8221;1\/1&#8243;][rev_slider_vc alias=&#8221;komplettprogramm&#8221;][\/vc_column][\/vc_row][vc_row top_padding=&#8221;50&#8243; bottom_padding=&#8221;50&#8243;][vc_column width=&#8221;1\/1&#8243;][vc_column_text]<\/p>\n<h1 style=\"text-align: center;\"><span style=\"color: #00518b;\">PROGRAMA COMPLETO<\/span><\/h1>\n<p>[\/vc_column_text][vc_column_text]<\/p>\n<p style=\"text-align: center; color: #575756;\"><strong>N\u00f3s colocamos \u00e0 disposi\u00e7\u00e3o de nossos clientes um programa<\/strong><br \/>\n<strong>de produtos muito bem elaborado para m\u00faltiplos campos de aplica\u00e7\u00e3o.<\/strong><\/p>\n<p>[\/vc_column_text][vc_separator color=&#8221;custom&#8221; el_width=&#8221;50&#8243; accent_color=&#8221;#757575&#8243;][\/vc_column][\/vc_row][vc_row top_padding=&#8221;50&#8243; bottom_padding=&#8221;50&#8243;][vc_column width=&#8221;1\/3&#8243;][vc_column_text]Com amplo know-how e muita for\u00e7a de inova\u00e7\u00e3o planejamos e fornecemos a completa prote\u00e7\u00e3o contra o desgaste e componentes de alta resist\u00eancia ao desgaste para instala\u00e7\u00f5es de prepara\u00e7\u00e3o. Sempre dentro do estado atual da t\u00e9cnica, aumentamos o sucesso em conjunto com os nossos clientes.<\/p>\n<p><strong>Campos de aplica\u00e7\u00e3o<\/strong><\/p>\n<ul class=\"styled-list fa-ul\"><li><i class=\"fa fa-caret-right\"><\/i>T\u00e9cnica de prepara\u00e7\u00e3o<\/li> <\/ul><ul class=\"styled-list fa-ul\"><li><i class=\"fa fa-caret-right\"><\/i>T\u00e9cnica de tritura\u00e7\u00e3o<\/li> <\/ul><ul class=\"styled-list fa-ul\"><li><i class=\"fa fa-caret-right\"><\/i>T\u00e9cnica de reciclagem<\/li> <\/ul><ul class=\"styled-list fa-ul\"><li><i class=\"fa fa-caret-right\"><\/i>Produ\u00e7\u00e3o de cimento<\/li> <\/ul><ul class=\"styled-list fa-ul\"><li><i class=\"fa fa-caret-right\"><\/i>Shredders dos mais diversos tipos de fabrica\u00e7\u00e3o<\/li> <\/ul><ul class=\"styled-list fa-ul\"><li><i class=\"fa fa-caret-right\"><\/i>Tesouras de refugo<\/li> <\/ul><ul class=\"styled-list fa-ul\"><li><i class=\"fa fa-caret-right\"><\/i>Britador de aparas<\/li> <\/ul><ul class=\"styled-list fa-ul\"><li><i class=\"fa fa-caret-right\"><\/i>Britador de impacto<\/li> <\/ul><ul class=\"styled-list fa-ul\"><li><i class=\"fa fa-caret-right\"><\/i>Moinhos de impacto<\/li> <\/ul><ul class=\"styled-list fa-ul\"><li><i class=\"fa fa-caret-right\"><\/i>Britadores verticais<\/li> <\/ul><ul class=\"styled-list fa-ul\"><li><i class=\"fa fa-caret-right\"><\/i>Moinhos verticais<\/li> <\/ul><ul class=\"styled-list fa-ul\"><li><i class=\"fa fa-caret-right\"><\/i>Moinhos de martelos<\/li> <\/ul><ul class=\"styled-list fa-ul\"><li><i class=\"fa fa-caret-right\"><\/i>Moinhos de esferas<\/li> <\/ul><ul class=\"styled-list fa-ul\"><li><i class=\"fa fa-caret-right\"><\/i>Britadores de mand\u00edbulas<\/li> <\/ul><ul class=\"styled-list fa-ul\"><li><i class=\"fa fa-caret-right\"><\/i>Britadores c\u00f4nicos<\/li> <\/ul><ul class=\"styled-list fa-ul\"><li><i class=\"fa fa-caret-right\"><\/i>Britadores rotativos<\/li> <\/ul><ul class=\"styled-list fa-ul\"><li><i class=\"fa fa-caret-right\"><\/i>Moinhos de cilindros<\/li> <\/ul>[\/vc_column_text][\/vc_column][vc_column width=&#8221;1\/3&#8243;][vc_column_text]<strong>Produtos SWB para a reciclagem de refugo<\/strong><\/p>\n<ul class=\"styled-list fa-ul\"><li><i class=\"fa fa-caret-right\"><\/i>Martelos<\/li> <\/ul><ul class=\"styled-list fa-ul\"><li><i class=\"fa fa-caret-right\"><\/i>Capas de prote\u00e7\u00e3o<\/li> <\/ul><ul class=\"styled-list fa-ul\"><li><i class=\"fa fa-caret-right\"><\/i>Bigornas<\/li> <\/ul><ul class=\"styled-list fa-ul\"><li><i class=\"fa fa-caret-right\"><\/i>Grelhas<\/li> <\/ul><ul class=\"styled-list fa-ul\"><li><i class=\"fa fa-caret-right\"><\/i>Tampas de eje\u00e7\u00e3o<\/li> <\/ul><ul class=\"styled-list fa-ul\"><li><i class=\"fa fa-caret-right\"><\/i>Segmentos de desgaste<\/li> <\/ul><ul class=\"styled-list fa-ul\"><li><i class=\"fa fa-caret-right\"><\/i>Segmentos de grelha<\/li> <\/ul><ul class=\"styled-list fa-ul\"><li><i class=\"fa fa-caret-right\"><\/i>Estrelas<\/li> <\/ul><ul class=\"styled-list fa-ul\"><li><i class=\"fa fa-caret-right\"><\/i>\u00c2ngulos<\/li> <\/ul><ul class=\"styled-list fa-ul\"><li><i class=\"fa fa-caret-right\"><\/i>Revestimentos laterais<\/li> <\/ul><ul class=\"styled-list fa-ul\"><li><i class=\"fa fa-caret-right\"><\/i>Placas de desgaste<\/li> <\/ul><ul class=\"styled-list fa-ul\"><li><i class=\"fa fa-caret-right\"><\/i>Eixos de martelos<\/li> <\/ul><ul class=\"styled-list fa-ul\"><li><i class=\"fa fa-caret-right\"><\/i>Elementos de fixa\u00e7\u00e3o (parafusos)<\/li> <\/ul><ul class=\"styled-list fa-ul\"><li><i class=\"fa fa-caret-right\"><\/i>Facas de tesouras para tesouras de sucata inclusive material de fixa\u00e7\u00e3o<\/li> <\/ul>[\/vc_column_text][\/vc_column][vc_column width=&#8221;1\/3&#8243;][vc_column_text]<strong>Produtos SWB para tritura\u00e7\u00e3o por impacto horizontal e vertical<\/strong><br \/>\n(Prepara\u00e7\u00e3o de pedras e terras bem como entulho de constru\u00e7\u00e3o)<\/p>\n<ul class=\"styled-list fa-ul\"><li><i class=\"fa fa-caret-right\"><\/i>Bra\u00e7os de batida<\/li> <\/ul><ul class=\"styled-list fa-ul\"><li><i class=\"fa fa-caret-right\"><\/i>Elementos de impacto<\/li> <\/ul><ul class=\"styled-list fa-ul\"><li><i class=\"fa fa-caret-right\"><\/i>Vigas de moagem e basculantes<\/li> <\/ul><ul class=\"styled-list fa-ul\"><li><i class=\"fa fa-caret-right\"><\/i>Placas de prote\u00e7\u00e3o do rotor<\/li> <\/ul><ul class=\"styled-list fa-ul\"><li><i class=\"fa fa-caret-right\"><\/i>e o revestimento interno completo \u00e0 prova de desgaste dos britadores de impacto<\/li> <\/ul>\n<p><strong>Produtos SWB para prepara\u00e7\u00e3o de minerais, produ\u00e7\u00e3o de cimento e a prepara\u00e7\u00e3o de esc\u00f3rias<\/strong><\/p>\n<ul class=\"styled-list fa-ul\"><li><i class=\"fa fa-caret-right\"><\/i>Esferas de moagem<\/li> <\/ul><ul class=\"styled-list fa-ul\"><li><i class=\"fa fa-caret-right\"><\/i>An\u00e9is de moagem<\/li> <\/ul><ul class=\"styled-list fa-ul\"><li><i class=\"fa fa-caret-right\"><\/i>Bacias de moagem<\/li> <\/ul><ul class=\"styled-list fa-ul\"><li><i class=\"fa fa-caret-right\"><\/i>Martelos para moinhos de martelos<\/li> <\/ul><ul class=\"styled-list fa-ul\"><li><i class=\"fa fa-caret-right\"><\/i>Brocas<\/li> <\/ul><ul class=\"styled-list fa-ul\"><li><i class=\"fa fa-caret-right\"><\/i>Segmentos para prensas de briquetagem<\/li> <\/ul>[\/vc_column_text][\/vc_column][\/vc_row][vc_row type=&#8221;full_width_section&#8221; bottom_padding=&#8221;50&#8243;][vc_column animation=&#8221;fade-in-from-left&#8221; column_padding=&#8221;padding-3&#8243; column_center=&#8221;true&#8221; width=&#8221;1\/1&#8243;][vc_column_text]<ul class=\"kiwi-logo-carousel kiwi-logo-carousel-produkte default align-center col4\"><li style=\"height:150px;\" ><div class=\"helper\" style=\"height:150px; width:200px;\" ><img decoding=\"async\" src=\"https:\/\/stahlwerke-bochum.com\/wp-content\/uploads\/2015\/08\/produkte_gross_1.png\" alt=\"Mahlkugeln\" title=\"Mahlkugeln\" style=\"max-width:200px; padding-left: 0px; padding-right:0px\" ><\/div><\/li><li style=\"height:150px;\" ><div class=\"helper\" style=\"height:150px; width:200px;\" ><img decoding=\"async\" src=\"https:\/\/stahlwerke-bochum.com\/wp-content\/uploads\/2015\/08\/produkte_gross_2.png\" alt=\"Roste\" title=\"Roste\" style=\"max-width:200px; padding-left: 0px; padding-right:0px\" ><\/div><\/li><li style=\"height:150px;\" ><div class=\"helper\" style=\"height:150px; width:200px;\" ><img decoding=\"async\" src=\"https:\/\/stahlwerke-bochum.com\/wp-content\/uploads\/2015\/08\/produkte_gross_3.png\" alt=\"Schutzkappen\" title=\"Schutzkappen\" style=\"max-width:200px; padding-left: 0px; padding-right:0px\" ><\/div><\/li><li style=\"height:150px;\" ><div class=\"helper\" style=\"height:150px; width:200px;\" ><img decoding=\"async\" src=\"https:\/\/stahlwerke-bochum.com\/wp-content\/uploads\/2015\/08\/produkte_gross_4.png\" alt=\"Schrottscherenmesser\" title=\"Schrottscherenmesser\" style=\"max-width:200px; padding-left: 0px; padding-right:0px\" ><\/div><\/li><li style=\"height:150px;\" ><div class=\"helper\" style=\"height:150px; width:200px;\" ><img decoding=\"async\" src=\"https:\/\/stahlwerke-bochum.com\/wp-content\/uploads\/2015\/08\/produkte_gross_5.png\" alt=\"Bohrer\" title=\"Bohrer\" style=\"max-width:200px; padding-left: 0px; padding-right:0px\" ><\/div><\/li><li style=\"height:150px;\" ><div class=\"helper\" style=\"height:150px; width:200px;\" ><img decoding=\"async\" src=\"https:\/\/stahlwerke-bochum.com\/wp-content\/uploads\/2015\/08\/produkte_gross_6.png\" alt=\"Ambosse\" title=\"Ambosse\" style=\"max-width:200px; padding-left: 0px; padding-right:0px\" ><\/div><\/li><li style=\"height:150px;\" ><div class=\"helper\" style=\"height:150px; width:200px;\" ><img decoding=\"async\" src=\"https:\/\/stahlwerke-bochum.com\/wp-content\/uploads\/2015\/08\/produkte_gross_7.png\" alt=\"H\u00e4mmer\" title=\"H\u00e4mmer\" style=\"max-width:200px; padding-left: 0px; padding-right:0px\" ><\/div><\/li><li style=\"height:150px;\" ><div class=\"helper\" style=\"height:150px; width:200px;\" ><img decoding=\"async\" src=\"https:\/\/stahlwerke-bochum.com\/wp-content\/uploads\/2015\/08\/produkte_gross_8.png\" alt=\"Schlagleisten\" title=\"Schlagleisten\" style=\"max-width:200px; padding-left: 0px; padding-right:0px\" ><\/div><\/li><\/ul>[\/vc_column_text][\/vc_column][\/vc_row]<\/p>\n","protected":false},"excerpt":{"rendered":"<p>[vc_row type=&#8221;full_width_section&#8221; bottom_padding=&#8221;50&#8243;][vc_column width=&#8221;1\/1&#8243;][rev_slider_vc alias=&#8221;komplettprogramm&#8221;][\/vc_column][\/vc_row][vc_row top_padding=&#8221;50&#8243; bottom_padding=&#8221;50&#8243;][vc_column width=&#8221;1\/1&#8243;][vc_column_text] PROGRAMA COMPLETO [\/vc_column_text][vc_column_text] N\u00f3s colocamos \u00e0 disposi\u00e7\u00e3o de nossos clientes um programa de produtos muito bem elaborado para m\u00faltiplos campos de aplica\u00e7\u00e3o. [\/vc_column_text][vc_separator color=&#8221;custom&#8221; el_width=&#8221;50&#8243; accent_color=&#8221;#757575&#8243;][\/vc_column][\/vc_row][vc_row top_padding=&#8221;50&#8243; bottom_padding=&#8221;50&#8243;][vc_column width=&#8221;1\/3&#8243;][vc_column_text]Com amplo know-how e muita for\u00e7a de inova\u00e7\u00e3o planejamos e fornecemos a completa prote\u00e7\u00e3o contra o desgaste e componentes de alta resist\u00eancia ao desgaste para instala\u00e7\u00f5es de prepara\u00e7\u00e3o. Sempre dentro do estado atual da t\u00e9cnica, aumentamos o sucesso em conjunto com os nossos clientes. Campos de aplica\u00e7\u00e3o [\/vc_column_text][\/vc_column][vc_column width=&#8221;1\/3&#8243;][vc_column_text]Produtos SWB para a reciclagem de refugo [\/vc_column_text][\/vc_column][vc_column width=&#8221;1\/3&#8243;][vc_column_text]Produtos SWB para tritura\u00e7\u00e3o por impacto horizontal e vertical (Prepara\u00e7\u00e3o de pedras e terras bem como entulho de constru\u00e7\u00e3o) Produtos SWB para prepara\u00e7\u00e3o de minerais, produ\u00e7\u00e3o de cimento e a prepara\u00e7\u00e3o de esc\u00f3rias [\/vc_column_text][\/vc_column][\/vc_row][vc_row type=&#8221;full_width_section&#8221; bottom_padding=&#8221;50&#8243;][vc_column animation=&#8221;fade-in-from-left&#8221; column_padding=&#8221;padding-3&#8243; column_center=&#8221;true&#8221; width=&#8221;1\/1&#8243;][vc_column_text][\/vc_column_text][\/vc_column][\/vc_row]<\/p>\n","protected":false},"author":4,"featured_media":0,"parent":0,"menu_order":0,"comment_status":"closed","ping_status":"closed","template":"","meta":{"footnotes":""},"class_list":["post-19886","page","type-page","status-publish","hentry"],"yoast_head":"<!-- This site is optimized with the Yoast SEO Premium plugin v27.4 (Yoast SEO v27.4) - https:\/\/yoast.com\/product\/yoast-seo-premium-wordpress\/ -->\n<title>Programa completo - Stahlwerke Bochum<\/title>\n<meta name=\"robots\" content=\"index, follow, max-snippet:-1, max-image-preview:large, max-video-preview:-1\" \/>\n<link rel=\"canonical\" href=\"https:\/\/stahlwerke-bochum.com\/pt-br\/programa-completo\/\" \/>\n<meta property=\"og:locale\" content=\"pt_BR\" \/>\n<meta property=\"og:type\" content=\"article\" \/>\n<meta property=\"og:title\" content=\"Programa completo\" \/>\n<meta property=\"og:description\" content=\"[vc_row type=&#8221;full_width_section&#8221; bottom_padding=&#8221;50&#8243;][vc_column width=&#8221;1\/1&#8243;][rev_slider_vc alias=&#8221;komplettprogramm&#8221;][\/vc_column][\/vc_row][vc_row top_padding=&#8221;50&#8243; bottom_padding=&#8221;50&#8243;][vc_column width=&#8221;1\/1&#8243;][vc_column_text] PROGRAMA COMPLETO [\/vc_column_text][vc_column_text] N\u00f3s colocamos \u00e0 disposi\u00e7\u00e3o de nossos clientes um programa de produtos muito bem elaborado para m\u00faltiplos campos de aplica\u00e7\u00e3o. [\/vc_column_text][vc_separator color=&#8221;custom&#8221; el_width=&#8221;50&#8243; accent_color=&#8221;#757575&#8243;][\/vc_column][\/vc_row][vc_row top_padding=&#8221;50&#8243; bottom_padding=&#8221;50&#8243;][vc_column width=&#8221;1\/3&#8243;][vc_column_text]Com amplo know-how e muita for\u00e7a de inova\u00e7\u00e3o planejamos e fornecemos a completa prote\u00e7\u00e3o contra o desgaste e componentes de alta resist\u00eancia ao desgaste para instala\u00e7\u00f5es de prepara\u00e7\u00e3o. Sempre dentro do estado atual da t\u00e9cnica, aumentamos o sucesso em conjunto com os nossos clientes. Campos de aplica\u00e7\u00e3o [\/vc_column_text][\/vc_column][vc_column width=&#8221;1\/3&#8243;][vc_column_text]Produtos SWB para a reciclagem de refugo [\/vc_column_text][\/vc_column][vc_column width=&#8221;1\/3&#8243;][vc_column_text]Produtos SWB para tritura\u00e7\u00e3o por impacto horizontal e vertical (Prepara\u00e7\u00e3o de pedras e terras bem como entulho de constru\u00e7\u00e3o) Produtos SWB para prepara\u00e7\u00e3o de minerais, produ\u00e7\u00e3o de cimento e a prepara\u00e7\u00e3o de esc\u00f3rias [\/vc_column_text][\/vc_column][\/vc_row][vc_row type=&#8221;full_width_section&#8221; bottom_padding=&#8221;50&#8243;][vc_column animation=&#8221;fade-in-from-left&#8221; column_padding=&#8221;padding-3&#8243; column_center=&#8221;true&#8221; width=&#8221;1\/1&#8243;][vc_column_text][\/vc_column_text][\/vc_column][\/vc_row]\" \/>\n<meta property=\"og:url\" content=\"https:\/\/stahlwerke-bochum.com\/pt-br\/programa-completo\/\" \/>\n<meta property=\"og:site_name\" content=\"Stahlwerke Bochum\" \/>\n<meta property=\"article:modified_time\" content=\"2018-07-09T08:28:07+00:00\" \/>\n<meta name=\"twitter:card\" content=\"summary_large_image\" \/>\n<meta name=\"twitter:label1\" content=\"Est. tempo de leitura\" \/>\n\t<meta name=\"twitter:data1\" content=\"4 minutos\" \/>\n<script type=\"application\/ld+json\" class=\"yoast-schema-graph\">{\"@context\":\"https:\\\/\\\/schema.org\",\"@graph\":[{\"@type\":\"WebPage\",\"@id\":\"https:\\\/\\\/stahlwerke-bochum.com\\\/pt-br\\\/programa-completo\\\/\",\"url\":\"https:\\\/\\\/stahlwerke-bochum.com\\\/pt-br\\\/programa-completo\\\/\",\"name\":\"Programa completo - Stahlwerke Bochum\",\"isPartOf\":{\"@id\":\"https:\\\/\\\/stahlwerke-bochum.com\\\/#website\"},\"datePublished\":\"2018-07-06T06:57:41+00:00\",\"dateModified\":\"2018-07-09T08:28:07+00:00\",\"breadcrumb\":{\"@id\":\"https:\\\/\\\/stahlwerke-bochum.com\\\/pt-br\\\/programa-completo\\\/#breadcrumb\"},\"inLanguage\":\"pt-BR\",\"potentialAction\":[{\"@type\":\"ReadAction\",\"target\":[\"https:\\\/\\\/stahlwerke-bochum.com\\\/pt-br\\\/programa-completo\\\/\"]}]},{\"@type\":\"BreadcrumbList\",\"@id\":\"https:\\\/\\\/stahlwerke-bochum.com\\\/pt-br\\\/programa-completo\\\/#breadcrumb\",\"itemListElement\":[{\"@type\":\"ListItem\",\"position\":1,\"name\":\"Startseite\",\"item\":\"https:\\\/\\\/stahlwerke-bochum.com\\\/pt-br\\\/\"},{\"@type\":\"ListItem\",\"position\":2,\"name\":\"Programa completo\"}]},{\"@type\":\"WebSite\",\"@id\":\"https:\\\/\\\/stahlwerke-bochum.com\\\/#website\",\"url\":\"https:\\\/\\\/stahlwerke-bochum.com\\\/\",\"name\":\"Stahlwerke Bochum\",\"description\":\"Entwicklung und Herstellung von Verschleisswerkzeugen f\u00fcr die Aufbereitungstechnik, Zerkleinerungstechnik und Recyclingtechnik.\",\"publisher\":{\"@id\":\"https:\\\/\\\/stahlwerke-bochum.com\\\/#organization\"},\"potentialAction\":[{\"@type\":\"SearchAction\",\"target\":{\"@type\":\"EntryPoint\",\"urlTemplate\":\"https:\\\/\\\/stahlwerke-bochum.com\\\/?s={search_term_string}\"},\"query-input\":{\"@type\":\"PropertyValueSpecification\",\"valueRequired\":true,\"valueName\":\"search_term_string\"}}],\"inLanguage\":\"pt-BR\"},{\"@type\":\"Organization\",\"@id\":\"https:\\\/\\\/stahlwerke-bochum.com\\\/#organization\",\"name\":\"Stahlwerke Bochum\",\"url\":\"https:\\\/\\\/stahlwerke-bochum.com\\\/\",\"logo\":{\"@type\":\"ImageObject\",\"inLanguage\":\"pt-BR\",\"@id\":\"https:\\\/\\\/stahlwerke-bochum.com\\\/#\\\/schema\\\/logo\\\/image\\\/\",\"url\":\"https:\\\/\\\/stahlwerke-bochum.com\\\/wp-content\\\/uploads\\\/2018\\\/06\\\/swb-logo2.jpg\",\"contentUrl\":\"https:\\\/\\\/stahlwerke-bochum.com\\\/wp-content\\\/uploads\\\/2018\\\/06\\\/swb-logo2.jpg\",\"width\":500,\"height\":82,\"caption\":\"Stahlwerke Bochum\"},\"image\":{\"@id\":\"https:\\\/\\\/stahlwerke-bochum.com\\\/#\\\/schema\\\/logo\\\/image\\\/\"}}]}<\/script>\n<!-- \/ Yoast SEO Premium plugin. -->","yoast_head_json":{"title":"Programa completo - Stahlwerke Bochum","robots":{"index":"index","follow":"follow","max-snippet":"max-snippet:-1","max-image-preview":"max-image-preview:large","max-video-preview":"max-video-preview:-1"},"canonical":"https:\/\/stahlwerke-bochum.com\/pt-br\/programa-completo\/","og_locale":"pt_BR","og_type":"article","og_title":"Programa completo","og_description":"[vc_row type=&#8221;full_width_section&#8221; bottom_padding=&#8221;50&#8243;][vc_column width=&#8221;1\/1&#8243;][rev_slider_vc alias=&#8221;komplettprogramm&#8221;][\/vc_column][\/vc_row][vc_row top_padding=&#8221;50&#8243; bottom_padding=&#8221;50&#8243;][vc_column width=&#8221;1\/1&#8243;][vc_column_text] PROGRAMA COMPLETO [\/vc_column_text][vc_column_text] N\u00f3s colocamos \u00e0 disposi\u00e7\u00e3o de nossos clientes um programa de produtos muito bem elaborado para m\u00faltiplos campos de aplica\u00e7\u00e3o. [\/vc_column_text][vc_separator color=&#8221;custom&#8221; el_width=&#8221;50&#8243; accent_color=&#8221;#757575&#8243;][\/vc_column][\/vc_row][vc_row top_padding=&#8221;50&#8243; bottom_padding=&#8221;50&#8243;][vc_column width=&#8221;1\/3&#8243;][vc_column_text]Com amplo know-how e muita for\u00e7a de inova\u00e7\u00e3o planejamos e fornecemos a completa prote\u00e7\u00e3o contra o desgaste e componentes de alta resist\u00eancia ao desgaste para instala\u00e7\u00f5es de prepara\u00e7\u00e3o. Sempre dentro do estado atual da t\u00e9cnica, aumentamos o sucesso em conjunto com os nossos clientes. Campos de aplica\u00e7\u00e3o [\/vc_column_text][\/vc_column][vc_column width=&#8221;1\/3&#8243;][vc_column_text]Produtos SWB para a reciclagem de refugo [\/vc_column_text][\/vc_column][vc_column width=&#8221;1\/3&#8243;][vc_column_text]Produtos SWB para tritura\u00e7\u00e3o por impacto horizontal e vertical (Prepara\u00e7\u00e3o de pedras e terras bem como entulho de constru\u00e7\u00e3o) Produtos SWB para prepara\u00e7\u00e3o de minerais, produ\u00e7\u00e3o de cimento e a prepara\u00e7\u00e3o de esc\u00f3rias [\/vc_column_text][\/vc_column][\/vc_row][vc_row type=&#8221;full_width_section&#8221; bottom_padding=&#8221;50&#8243;][vc_column animation=&#8221;fade-in-from-left&#8221; column_padding=&#8221;padding-3&#8243; column_center=&#8221;true&#8221; width=&#8221;1\/1&#8243;][vc_column_text][\/vc_column_text][\/vc_column][\/vc_row]","og_url":"https:\/\/stahlwerke-bochum.com\/pt-br\/programa-completo\/","og_site_name":"Stahlwerke Bochum","article_modified_time":"2018-07-09T08:28:07+00:00","twitter_card":"summary_large_image","twitter_misc":{"Est. tempo de leitura":"4 minutos"},"schema":{"@context":"https:\/\/schema.org","@graph":[{"@type":"WebPage","@id":"https:\/\/stahlwerke-bochum.com\/pt-br\/programa-completo\/","url":"https:\/\/stahlwerke-bochum.com\/pt-br\/programa-completo\/","name":"Programa completo - Stahlwerke Bochum","isPartOf":{"@id":"https:\/\/stahlwerke-bochum.com\/#website"},"datePublished":"2018-07-06T06:57:41+00:00","dateModified":"2018-07-09T08:28:07+00:00","breadcrumb":{"@id":"https:\/\/stahlwerke-bochum.com\/pt-br\/programa-completo\/#breadcrumb"},"inLanguage":"pt-BR","potentialAction":[{"@type":"ReadAction","target":["https:\/\/stahlwerke-bochum.com\/pt-br\/programa-completo\/"]}]},{"@type":"BreadcrumbList","@id":"https:\/\/stahlwerke-bochum.com\/pt-br\/programa-completo\/#breadcrumb","itemListElement":[{"@type":"ListItem","position":1,"name":"Startseite","item":"https:\/\/stahlwerke-bochum.com\/pt-br\/"},{"@type":"ListItem","position":2,"name":"Programa completo"}]},{"@type":"WebSite","@id":"https:\/\/stahlwerke-bochum.com\/#website","url":"https:\/\/stahlwerke-bochum.com\/","name":"Stahlwerke Bochum","description":"Entwicklung und Herstellung von Verschleisswerkzeugen f\u00fcr die Aufbereitungstechnik, Zerkleinerungstechnik und Recyclingtechnik.","publisher":{"@id":"https:\/\/stahlwerke-bochum.com\/#organization"},"potentialAction":[{"@type":"SearchAction","target":{"@type":"EntryPoint","urlTemplate":"https:\/\/stahlwerke-bochum.com\/?s={search_term_string}"},"query-input":{"@type":"PropertyValueSpecification","valueRequired":true,"valueName":"search_term_string"}}],"inLanguage":"pt-BR"},{"@type":"Organization","@id":"https:\/\/stahlwerke-bochum.com\/#organization","name":"Stahlwerke Bochum","url":"https:\/\/stahlwerke-bochum.com\/","logo":{"@type":"ImageObject","inLanguage":"pt-BR","@id":"https:\/\/stahlwerke-bochum.com\/#\/schema\/logo\/image\/","url":"https:\/\/stahlwerke-bochum.com\/wp-content\/uploads\/2018\/06\/swb-logo2.jpg","contentUrl":"https:\/\/stahlwerke-bochum.com\/wp-content\/uploads\/2018\/06\/swb-logo2.jpg","width":500,"height":82,"caption":"Stahlwerke Bochum"},"image":{"@id":"https:\/\/stahlwerke-bochum.com\/#\/schema\/logo\/image\/"}}]}},"_links":{"self":[{"href":"https:\/\/stahlwerke-bochum.com\/pt-br\/wp-json\/wp\/v2\/pages\/19886","targetHints":{"allow":["GET"]}}],"collection":[{"href":"https:\/\/stahlwerke-bochum.com\/pt-br\/wp-json\/wp\/v2\/pages"}],"about":[{"href":"https:\/\/stahlwerke-bochum.com\/pt-br\/wp-json\/wp\/v2\/types\/page"}],"author":[{"embeddable":true,"href":"https:\/\/stahlwerke-bochum.com\/pt-br\/wp-json\/wp\/v2\/users\/4"}],"replies":[{"embeddable":true,"href":"https:\/\/stahlwerke-bochum.com\/pt-br\/wp-json\/wp\/v2\/comments?post=19886"}],"version-history":[{"count":4,"href":"https:\/\/stahlwerke-bochum.com\/pt-br\/wp-json\/wp\/v2\/pages\/19886\/revisions"}],"predecessor-version":[{"id":20099,"href":"https:\/\/stahlwerke-bochum.com\/pt-br\/wp-json\/wp\/v2\/pages\/19886\/revisions\/20099"}],"wp:attachment":[{"href":"https:\/\/stahlwerke-bochum.com\/pt-br\/wp-json\/wp\/v2\/media?parent=19886"}],"curies":[{"name":"wp","href":"https:\/\/api.w.org\/{rel}","templated":true}]}}