{"id":20661,"date":"2018-06-20T12:39:41","date_gmt":"2018-06-20T10:39:41","guid":{"rendered":"http:\/\/192.168.6.130\/wertstoffe\/"},"modified":"2022-01-12T14:37:59","modified_gmt":"2022-01-12T13:37:59","slug":"surowce-odnawialne","status":"publish","type":"page","link":"https:\/\/stahlwerke-bochum.com\/pl\/surowce-odnawialne\/","title":{"rendered":"Surowce odnawialne"},"content":{"rendered":"<p>[vc_row type=&#8221;full_width_section&#8221;][vc_column width=&#8221;1\/1&#8243;][rev_slider_vc alias=&#8221;wertstoffe&#8221;][\/vc_column][\/vc_row][vc_row bg_color=&#8221;#00508a&#8221; bottom_padding=&#8221;50&#8243; full_height=&#8221;true&#8221; content_placement=&#8221;top&#8221;][vc_column animation=&#8221;fade-in-from-left&#8221; bg_color=&#8221;#00508a&#8221; column_padding=&#8221;padding-2&#8243; width=&#8221;1\/2&#8243; delay=&#8221;500&#8243;]<h1 class=\"headline font-inherit fontsize-xxxl fontweight-600 lh-13 align-left transform-inherit \" style=\"margin: 0 0 20px 0; color: #ffffff;\">WYKORZYSTANIE<\/h1><h1 class=\"headline font-inherit fontsize-xxxl fontweight-600 lh-inherit align-left transform-inherit \" style=\"margin: 0 0 20px 0; color: #ffffff;\">Z\u0141OMU JEST<\/p>\n<\/h1><h1 class=\"headline font-inherit fontsize-xxxl fontweight-600 lh-inherit align-left transform-inherit \" style=\"margin: 0 0 20px 0; color: #ffffff;\">JEST WSKRO\u015a<\/p>\n<\/h1><h1 class=\"headline font-inherit fontsize-xxxl fontweight-600 lh-inherit align-left transform-inherit \" style=\"margin: 0 0 20px 0; color: #ffffff;\">EKONOMICZNE<\/p>\n<\/h1><div class=\"box clearfix style-1 wpb_content_element align-center \" style=\"padding: 0; \">\n<div style=\"width: 480px;\" class=\"wp-video\"><video class=\"wp-video-shortcode\" id=\"video-20661-1\" width=\"480\" height=\"320\" poster=\"https:\/\/stahlwerke-bochum.com\/wp-content\/uploads\/2022\/01\/wertstoffe.jpg\" preload=\"metadata\" controls=\"controls\"><source type=\"video\/mp4\" src=\"https:\/\/stahlwerke-bochum.com\/wp-content\/uploads\/2022\/01\/Wertstoffe-2.mp4?_=1\" \/><a href=\"https:\/\/stahlwerke-bochum.com\/wp-content\/uploads\/2022\/01\/Wertstoffe-2.mp4\">https:\/\/stahlwerke-bochum.com\/wp-content\/uploads\/2022\/01\/Wertstoffe-2.mp4<\/a><\/video><\/div>\n<\/div>[\/vc_column][vc_column animation=&#8221;fade-in-from-right&#8221; bg_color=&#8221;#00508a&#8221; column_padding=&#8221;padding-2&#8243; text_color=&#8221;custom&#8221; custom_text_color=&#8221;#ffffff&#8221; width=&#8221;1\/2&#8243; delay=&#8221;500&#8243;]<h1 class=\"headline font-inherit fontsize-xxxl fontweight-600 lh-13 align-left transform-inherit \" style=\"margin: 0 0 20px 0; color: #ffffff;\">SUROWCE ODNAWIALNE<\/h1>[vc_column_text]Wytwarzaj\u0105c stal ze z\u0142omu stalowego wymagana jest mniej ni\u017c po\u0142owa energii w por\u00f3wnaniu do wytwarzania stali z rudy. Dzi\u0119ki tej wysokiej op\u0142acalno\u015bci z\u0142om na ca\u0142ym \u015bwiecie, w ilo\u015bci si\u0119gaj\u0105cej kilkuset milion\u00f3w ton, jest wykorzystywany ponownie. W obszarze recyklingu z\u0142omu SWB produkuje:<\/p>\n<ul class=\"styled-list fa-ul\">\n<li><i class=\"fa fa-caret-right\"><\/i>m\u0142oty<\/li>\n<\/ul>\n<ul class=\"styled-list fa-ul\">\n<li><i class=\"fa fa-caret-right\"><\/i>kapy ochronne<\/li>\n<\/ul>\n<ul class=\"styled-list fa-ul\">\n<li><i class=\"fa fa-caret-right\"><\/i>kowad\u0142a<\/li>\n<\/ul>\n<ul class=\"styled-list fa-ul\">\n<li><i class=\"fa fa-caret-right\"><\/i>ruszty<\/li>\n<\/ul>\n<ul class=\"styled-list fa-ul\">\n<li><i class=\"fa fa-caret-right\"><\/i>segmenty<\/li>\n<\/ul>\n<p>i wszystkie inne elementy strz\u0119piarek, wystawione na trwa\u0142e zu\u017cycie, jak blachy k\u0105towe, wyk\u0142adziny boczne, p\u0142yty pancerne, osie m\u0142ot\u00f3w i elementy zamocowania.[\/vc_column_text][\/vc_column][\/vc_row]<\/p>\n","protected":false},"excerpt":{"rendered":"<p>[vc_row type=&#8221;full_width_section&#8221;][vc_column width=&#8221;1\/1&#8243;][rev_slider_vc alias=&#8221;wertstoffe&#8221;][\/vc_column][\/vc_row][vc_row bg_color=&#8221;#00508a&#8221; bottom_padding=&#8221;50&#8243; full_height=&#8221;true&#8221; content_placement=&#8221;top&#8221;][vc_column animation=&#8221;fade-in-from-left&#8221; bg_color=&#8221;#00508a&#8221; column_padding=&#8221;padding-2&#8243; width=&#8221;1\/2&#8243; delay=&#8221;500&#8243;][\/vc_column][vc_column animation=&#8221;fade-in-from-right&#8221; bg_color=&#8221;#00508a&#8221; column_padding=&#8221;padding-2&#8243; text_color=&#8221;custom&#8221; custom_text_color=&#8221;#ffffff&#8221; width=&#8221;1\/2&#8243; delay=&#8221;500&#8243;][vc_column_text]Wytwarzaj\u0105c stal ze z\u0142omu stalowego wymagana jest mniej ni\u017c po\u0142owa energii w por\u00f3wnaniu do wytwarzania stali z rudy. Dzi\u0119ki tej wysokiej op\u0142acalno\u015bci z\u0142om na ca\u0142ym \u015bwiecie, w ilo\u015bci si\u0119gaj\u0105cej kilkuset milion\u00f3w ton, jest wykorzystywany ponownie. W obszarze recyklingu z\u0142omu SWB produkuje: m\u0142oty kapy ochronne kowad\u0142a ruszty segmenty i wszystkie inne elementy strz\u0119piarek, wystawione na trwa\u0142e zu\u017cycie, jak blachy k\u0105towe, wyk\u0142adziny boczne, p\u0142yty pancerne, osie m\u0142ot\u00f3w i elementy zamocowania.[\/vc_column_text][\/vc_column][\/vc_row]<\/p>\n","protected":false},"author":4,"featured_media":0,"parent":0,"menu_order":0,"comment_status":"closed","ping_status":"closed","template":"","meta":{"footnotes":""},"class_list":["post-20661","page","type-page","status-publish","hentry"],"yoast_head":"<!-- This site is optimized with the Yoast SEO Premium plugin v26.9 (Yoast SEO v27.3) - https:\/\/yoast.com\/product\/yoast-seo-premium-wordpress\/ -->\n<title>Surowce odnawialne - Stahlwerke Bochum<\/title>\n<meta name=\"robots\" content=\"index, follow, max-snippet:-1, max-image-preview:large, max-video-preview:-1\" \/>\n<link rel=\"canonical\" href=\"https:\/\/stahlwerke-bochum.com\/pl\/surowce-odnawialne\/\" \/>\n<meta property=\"og:locale\" content=\"pl_PL\" \/>\n<meta property=\"og:type\" content=\"article\" \/>\n<meta property=\"og:title\" content=\"Surowce odnawialne\" \/>\n<meta property=\"og:description\" content=\"[vc_row type=&#8221;full_width_section&#8221;][vc_column width=&#8221;1\/1&#8243;][rev_slider_vc alias=&#8221;wertstoffe&#8221;][\/vc_column][\/vc_row][vc_row bg_color=&#8221;#00508a&#8221; bottom_padding=&#8221;50&#8243; full_height=&#8221;true&#8221; content_placement=&#8221;top&#8221;][vc_column animation=&#8221;fade-in-from-left&#8221; bg_color=&#8221;#00508a&#8221; column_padding=&#8221;padding-2&#8243; width=&#8221;1\/2&#8243; delay=&#8221;500&#8243;][\/vc_column][vc_column animation=&#8221;fade-in-from-right&#8221; bg_color=&#8221;#00508a&#8221; column_padding=&#8221;padding-2&#8243; text_color=&#8221;custom&#8221; custom_text_color=&#8221;#ffffff&#8221; width=&#8221;1\/2&#8243; delay=&#8221;500&#8243;][vc_column_text]Wytwarzaj\u0105c stal ze z\u0142omu stalowego wymagana jest mniej ni\u017c po\u0142owa energii w por\u00f3wnaniu do wytwarzania stali z rudy. Dzi\u0119ki tej wysokiej op\u0142acalno\u015bci z\u0142om na ca\u0142ym \u015bwiecie, w ilo\u015bci si\u0119gaj\u0105cej kilkuset milion\u00f3w ton, jest wykorzystywany ponownie. W obszarze recyklingu z\u0142omu SWB produkuje: m\u0142oty kapy ochronne kowad\u0142a ruszty segmenty i wszystkie inne elementy strz\u0119piarek, wystawione na trwa\u0142e zu\u017cycie, jak blachy k\u0105towe, wyk\u0142adziny boczne, p\u0142yty pancerne, osie m\u0142ot\u00f3w i elementy zamocowania.[\/vc_column_text][\/vc_column][\/vc_row]\" \/>\n<meta property=\"og:url\" content=\"https:\/\/stahlwerke-bochum.com\/pl\/surowce-odnawialne\/\" \/>\n<meta property=\"og:site_name\" content=\"Stahlwerke Bochum\" \/>\n<meta property=\"article:modified_time\" content=\"2022-01-12T13:37:59+00:00\" \/>\n<meta name=\"twitter:card\" content=\"summary_large_image\" \/>\n<meta name=\"twitter:label1\" content=\"Szacowany czas czytania\" \/>\n\t<meta name=\"twitter:data1\" content=\"1 minuta\" \/>\n<script type=\"application\/ld+json\" class=\"yoast-schema-graph\">{\"@context\":\"https:\\\/\\\/schema.org\",\"@graph\":[{\"@type\":\"WebPage\",\"@id\":\"https:\\\/\\\/stahlwerke-bochum.com\\\/pl\\\/surowce-odnawialne\\\/\",\"url\":\"https:\\\/\\\/stahlwerke-bochum.com\\\/pl\\\/surowce-odnawialne\\\/\",\"name\":\"Surowce odnawialne - Stahlwerke Bochum\",\"isPartOf\":{\"@id\":\"https:\\\/\\\/stahlwerke-bochum.com\\\/#website\"},\"datePublished\":\"2018-06-20T10:39:41+00:00\",\"dateModified\":\"2022-01-12T13:37:59+00:00\",\"breadcrumb\":{\"@id\":\"https:\\\/\\\/stahlwerke-bochum.com\\\/pl\\\/surowce-odnawialne\\\/#breadcrumb\"},\"inLanguage\":\"pl-PL\",\"potentialAction\":[{\"@type\":\"ReadAction\",\"target\":[\"https:\\\/\\\/stahlwerke-bochum.com\\\/pl\\\/surowce-odnawialne\\\/\"]}]},{\"@type\":\"BreadcrumbList\",\"@id\":\"https:\\\/\\\/stahlwerke-bochum.com\\\/pl\\\/surowce-odnawialne\\\/#breadcrumb\",\"itemListElement\":[{\"@type\":\"ListItem\",\"position\":1,\"name\":\"Startseite\",\"item\":\"https:\\\/\\\/stahlwerke-bochum.com\\\/pl\\\/\"},{\"@type\":\"ListItem\",\"position\":2,\"name\":\"Surowce odnawialne\"}]},{\"@type\":\"WebSite\",\"@id\":\"https:\\\/\\\/stahlwerke-bochum.com\\\/#website\",\"url\":\"https:\\\/\\\/stahlwerke-bochum.com\\\/\",\"name\":\"Stahlwerke Bochum\",\"description\":\"Entwicklung und Herstellung von Verschleisswerkzeugen f\u00fcr die Aufbereitungstechnik, Zerkleinerungstechnik und Recyclingtechnik.\",\"publisher\":{\"@id\":\"https:\\\/\\\/stahlwerke-bochum.com\\\/#organization\"},\"potentialAction\":[{\"@type\":\"SearchAction\",\"target\":{\"@type\":\"EntryPoint\",\"urlTemplate\":\"https:\\\/\\\/stahlwerke-bochum.com\\\/?s={search_term_string}\"},\"query-input\":{\"@type\":\"PropertyValueSpecification\",\"valueRequired\":true,\"valueName\":\"search_term_string\"}}],\"inLanguage\":\"pl-PL\"},{\"@type\":\"Organization\",\"@id\":\"https:\\\/\\\/stahlwerke-bochum.com\\\/#organization\",\"name\":\"Stahlwerke Bochum\",\"url\":\"https:\\\/\\\/stahlwerke-bochum.com\\\/\",\"logo\":{\"@type\":\"ImageObject\",\"inLanguage\":\"pl-PL\",\"@id\":\"https:\\\/\\\/stahlwerke-bochum.com\\\/#\\\/schema\\\/logo\\\/image\\\/\",\"url\":\"https:\\\/\\\/stahlwerke-bochum.com\\\/wp-content\\\/uploads\\\/2018\\\/06\\\/swb-logo2.jpg\",\"contentUrl\":\"https:\\\/\\\/stahlwerke-bochum.com\\\/wp-content\\\/uploads\\\/2018\\\/06\\\/swb-logo2.jpg\",\"width\":500,\"height\":82,\"caption\":\"Stahlwerke Bochum\"},\"image\":{\"@id\":\"https:\\\/\\\/stahlwerke-bochum.com\\\/#\\\/schema\\\/logo\\\/image\\\/\"}}]}<\/script>\n<!-- \/ Yoast SEO Premium plugin. -->","yoast_head_json":{"title":"Surowce odnawialne - Stahlwerke Bochum","robots":{"index":"index","follow":"follow","max-snippet":"max-snippet:-1","max-image-preview":"max-image-preview:large","max-video-preview":"max-video-preview:-1"},"canonical":"https:\/\/stahlwerke-bochum.com\/pl\/surowce-odnawialne\/","og_locale":"pl_PL","og_type":"article","og_title":"Surowce odnawialne","og_description":"[vc_row type=&#8221;full_width_section&#8221;][vc_column width=&#8221;1\/1&#8243;][rev_slider_vc alias=&#8221;wertstoffe&#8221;][\/vc_column][\/vc_row][vc_row bg_color=&#8221;#00508a&#8221; bottom_padding=&#8221;50&#8243; full_height=&#8221;true&#8221; content_placement=&#8221;top&#8221;][vc_column animation=&#8221;fade-in-from-left&#8221; bg_color=&#8221;#00508a&#8221; column_padding=&#8221;padding-2&#8243; width=&#8221;1\/2&#8243; delay=&#8221;500&#8243;][\/vc_column][vc_column animation=&#8221;fade-in-from-right&#8221; bg_color=&#8221;#00508a&#8221; column_padding=&#8221;padding-2&#8243; text_color=&#8221;custom&#8221; custom_text_color=&#8221;#ffffff&#8221; width=&#8221;1\/2&#8243; delay=&#8221;500&#8243;][vc_column_text]Wytwarzaj\u0105c stal ze z\u0142omu stalowego wymagana jest mniej ni\u017c po\u0142owa energii w por\u00f3wnaniu do wytwarzania stali z rudy. Dzi\u0119ki tej wysokiej op\u0142acalno\u015bci z\u0142om na ca\u0142ym \u015bwiecie, w ilo\u015bci si\u0119gaj\u0105cej kilkuset milion\u00f3w ton, jest wykorzystywany ponownie. W obszarze recyklingu z\u0142omu SWB produkuje: m\u0142oty kapy ochronne kowad\u0142a ruszty segmenty i wszystkie inne elementy strz\u0119piarek, wystawione na trwa\u0142e zu\u017cycie, jak blachy k\u0105towe, wyk\u0142adziny boczne, p\u0142yty pancerne, osie m\u0142ot\u00f3w i elementy zamocowania.[\/vc_column_text][\/vc_column][\/vc_row]","og_url":"https:\/\/stahlwerke-bochum.com\/pl\/surowce-odnawialne\/","og_site_name":"Stahlwerke Bochum","article_modified_time":"2022-01-12T13:37:59+00:00","twitter_card":"summary_large_image","twitter_misc":{"Szacowany czas czytania":"1 minuta"},"schema":{"@context":"https:\/\/schema.org","@graph":[{"@type":"WebPage","@id":"https:\/\/stahlwerke-bochum.com\/pl\/surowce-odnawialne\/","url":"https:\/\/stahlwerke-bochum.com\/pl\/surowce-odnawialne\/","name":"Surowce odnawialne - Stahlwerke Bochum","isPartOf":{"@id":"https:\/\/stahlwerke-bochum.com\/#website"},"datePublished":"2018-06-20T10:39:41+00:00","dateModified":"2022-01-12T13:37:59+00:00","breadcrumb":{"@id":"https:\/\/stahlwerke-bochum.com\/pl\/surowce-odnawialne\/#breadcrumb"},"inLanguage":"pl-PL","potentialAction":[{"@type":"ReadAction","target":["https:\/\/stahlwerke-bochum.com\/pl\/surowce-odnawialne\/"]}]},{"@type":"BreadcrumbList","@id":"https:\/\/stahlwerke-bochum.com\/pl\/surowce-odnawialne\/#breadcrumb","itemListElement":[{"@type":"ListItem","position":1,"name":"Startseite","item":"https:\/\/stahlwerke-bochum.com\/pl\/"},{"@type":"ListItem","position":2,"name":"Surowce odnawialne"}]},{"@type":"WebSite","@id":"https:\/\/stahlwerke-bochum.com\/#website","url":"https:\/\/stahlwerke-bochum.com\/","name":"Stahlwerke Bochum","description":"Entwicklung und Herstellung von Verschleisswerkzeugen f\u00fcr die Aufbereitungstechnik, Zerkleinerungstechnik und Recyclingtechnik.","publisher":{"@id":"https:\/\/stahlwerke-bochum.com\/#organization"},"potentialAction":[{"@type":"SearchAction","target":{"@type":"EntryPoint","urlTemplate":"https:\/\/stahlwerke-bochum.com\/?s={search_term_string}"},"query-input":{"@type":"PropertyValueSpecification","valueRequired":true,"valueName":"search_term_string"}}],"inLanguage":"pl-PL"},{"@type":"Organization","@id":"https:\/\/stahlwerke-bochum.com\/#organization","name":"Stahlwerke Bochum","url":"https:\/\/stahlwerke-bochum.com\/","logo":{"@type":"ImageObject","inLanguage":"pl-PL","@id":"https:\/\/stahlwerke-bochum.com\/#\/schema\/logo\/image\/","url":"https:\/\/stahlwerke-bochum.com\/wp-content\/uploads\/2018\/06\/swb-logo2.jpg","contentUrl":"https:\/\/stahlwerke-bochum.com\/wp-content\/uploads\/2018\/06\/swb-logo2.jpg","width":500,"height":82,"caption":"Stahlwerke Bochum"},"image":{"@id":"https:\/\/stahlwerke-bochum.com\/#\/schema\/logo\/image\/"}}]}},"_links":{"self":[{"href":"https:\/\/stahlwerke-bochum.com\/pl\/wp-json\/wp\/v2\/pages\/20661","targetHints":{"allow":["GET"]}}],"collection":[{"href":"https:\/\/stahlwerke-bochum.com\/pl\/wp-json\/wp\/v2\/pages"}],"about":[{"href":"https:\/\/stahlwerke-bochum.com\/pl\/wp-json\/wp\/v2\/types\/page"}],"author":[{"embeddable":true,"href":"https:\/\/stahlwerke-bochum.com\/pl\/wp-json\/wp\/v2\/users\/4"}],"replies":[{"embeddable":true,"href":"https:\/\/stahlwerke-bochum.com\/pl\/wp-json\/wp\/v2\/comments?post=20661"}],"version-history":[{"count":4,"href":"https:\/\/stahlwerke-bochum.com\/pl\/wp-json\/wp\/v2\/pages\/20661\/revisions"}],"predecessor-version":[{"id":22751,"href":"https:\/\/stahlwerke-bochum.com\/pl\/wp-json\/wp\/v2\/pages\/20661\/revisions\/22751"}],"wp:attachment":[{"href":"https:\/\/stahlwerke-bochum.com\/pl\/wp-json\/wp\/v2\/media?parent=20661"}],"curies":[{"name":"wp","href":"https:\/\/api.w.org\/{rel}","templated":true}]}}