{"id":20631,"date":"2018-06-19T14:16:59","date_gmt":"2018-06-19T12:16:59","guid":{"rendered":"http:\/\/192.168.6.130\/zusammenarbeit\/"},"modified":"2018-07-10T11:23:58","modified_gmt":"2018-07-10T09:23:58","slug":"ramie-w-ramie","status":"publish","type":"page","link":"https:\/\/stahlwerke-bochum.com\/pl\/ramie-w-ramie\/","title":{"rendered":"Rami\u0119 w rami\u0119"},"content":{"rendered":"<p>[vc_row type=&#8221;full_width_section&#8221; bottom_padding=&#8221;50&#8243;][vc_column width=&#8221;1\/1&#8243;][rev_slider_vc alias=&#8221;schulterschluss&#8221;][\/vc_column][\/vc_row][vc_row top_padding=&#8221;50&#8243; bottom_padding=&#8221;50&#8243;][vc_column width=&#8221;1\/1&#8243;][vc_column_text]<\/p>\n<h1 style=\"text-align: center;\">RAMI\u0118 W RAMI\u0118<\/h1>\n<p>[\/vc_column_text][vc_column_text]<\/p>\n<p style=\"text-align: center;\"><strong>We wsp\u00f3\u0142pracy z naszymi Klientami prowadzimy otwarty, partnerski dialog,<br \/>\npozwalaj\u0105cy nam na uzyskanie sytuacji win-win.<\/strong><\/p>\n<p>[\/vc_column_text][vc_separator color=&#8221;custom&#8221; el_width=&#8221;50&#8243; accent_color=&#8221;#757575&#8243;][\/vc_column][\/vc_row][vc_row top_padding=&#8221;50&#8243; bottom_padding=&#8221;50&#8243;][vc_column width=&#8221;1\/1&#8243;][vc_row_inner][vc_column_inner width=&#8221;1\/3&#8243;][vc_column_text]Postrzegamy siebie jako producenta, dostawc\u0119 i doradc\u0119 dla naszych Klient\u00f3w. Poniewa\u017c ich sukces jest \u015bci\u015ble zwi\u0105zany z sukcesem SWB. Ta strategia opiera si\u0119 na d\u0142ugotrwa\u0142ej wsp\u00f3\u0142pracy, a nie na kr\u00f3tkoterminowym zysku. Doradzamy naszym Klientom w wyborze cz\u0119\u015bci zu\u017cywaj\u0105cych si\u0119 do ich instalacji. Wymaganych w tym zakresie informacji o instalacji i rodzaju przetwarzanych materia\u0142\u00f3w dostarcza Klient.[\/vc_column_text][\/vc_column_inner][vc_column_inner width=&#8221;1\/3&#8243;][vc_column_text]Na tej podstawie nasi specjali\u015bci opracowuj\u0105 jasne zalecenia. Nie byliby\u015bmy SWB, gdyby\u015bmy si\u0119 opierali na adaptacji rozwi\u0105za\u0144 i pod\u0105\u017cali wy\u0142\u0105cznie utartymi \u015bcie\u017ckami. Dzi\u0119ki w\u0142asnym badaniom i sta\u0142ym pracom nad rozwojem naszych produkt\u00f3w chcemy wytycza\u0107 nowe szlaki. W konsekwencji dostarczamy dzi\u015b nie tylko bardzo odporne na zu\u017cycie elementy odlew\u00f3w, ale wszelkie inne komponenty, wymagane do ekonomicznej pracy instalacji.[\/vc_column_text][\/vc_column_inner][vc_column_inner width=&#8221;1\/3&#8243;][vc_column_text]W wielu obszarach stajemy rami\u0119 w rami\u0119 z Klientem.<br \/>\nKlienci SWB wspieraj\u0105 recykling. W przeciwie\u0144stwie do produkcji sur\u00f3wki w wielkich piecach, w SWB surowce wt\u00f3rne topione s\u0105 w piecach indukcyjnych. Daje to istotne oszcz\u0119dno\u015bci w emisji CO<span class=\"Stil1\"><sub>2<\/sub><\/span>. R\u00f3wnie\u017c w tym zakresie wnosimy istotny wk\u0142ad w ochron\u0119 \u015brodowiska.[\/vc_column_text][\/vc_column_inner][\/vc_row_inner][\/vc_column][\/vc_row][vc_row top_padding=&#8221;50&#8243; bottom_padding=&#8221;50&#8243;][vc_column animation=&#8221;fade-in-from-bottom&#8221; width=&#8221;1\/1&#8243; delay=&#8221;500&#8243;]<div class=\"box clearfix style-2 wpb_content_element align-left \" style=\"padding: 40px 40px 40px 40px; \">\n<h4 style=\"text-align: left;\">Dobrze wiedzie\u0107:<\/h4>\n<p style=\"text-align: left;\">SWB jest w obszarze technologii strz\u0119piarek liderem na \u015bwiatowym rynku<strong>\u00a0progresywnie utwardzonych m\u0142ot\u00f3w<\/strong>.<\/p>\n<\/div>[\/vc_column][\/vc_row]<\/p>\n","protected":false},"excerpt":{"rendered":"<p>[vc_row type=&#8221;full_width_section&#8221; bottom_padding=&#8221;50&#8243;][vc_column width=&#8221;1\/1&#8243;][rev_slider_vc alias=&#8221;schulterschluss&#8221;][\/vc_column][\/vc_row][vc_row top_padding=&#8221;50&#8243; bottom_padding=&#8221;50&#8243;][vc_column width=&#8221;1\/1&#8243;][vc_column_text] RAMI\u0118 W RAMI\u0118 [\/vc_column_text][vc_column_text] We wsp\u00f3\u0142pracy z naszymi Klientami prowadzimy otwarty, partnerski dialog, pozwalaj\u0105cy nam na uzyskanie sytuacji win-win. [\/vc_column_text][vc_separator color=&#8221;custom&#8221; el_width=&#8221;50&#8243; accent_color=&#8221;#757575&#8243;][\/vc_column][\/vc_row][vc_row top_padding=&#8221;50&#8243; bottom_padding=&#8221;50&#8243;][vc_column width=&#8221;1\/1&#8243;][vc_row_inner][vc_column_inner width=&#8221;1\/3&#8243;][vc_column_text]Postrzegamy siebie jako producenta, dostawc\u0119 i doradc\u0119 dla naszych Klient\u00f3w. Poniewa\u017c ich sukces jest \u015bci\u015ble zwi\u0105zany z sukcesem SWB. Ta strategia opiera si\u0119 na d\u0142ugotrwa\u0142ej wsp\u00f3\u0142pracy, a nie na kr\u00f3tkoterminowym zysku. Doradzamy naszym Klientom w wyborze cz\u0119\u015bci zu\u017cywaj\u0105cych si\u0119 do ich instalacji. Wymaganych w tym zakresie informacji o instalacji i rodzaju przetwarzanych materia\u0142\u00f3w dostarcza Klient.[\/vc_column_text][\/vc_column_inner][vc_column_inner width=&#8221;1\/3&#8243;][vc_column_text]Na tej podstawie nasi specjali\u015bci opracowuj\u0105 jasne zalecenia. Nie byliby\u015bmy SWB, gdyby\u015bmy si\u0119 opierali na adaptacji rozwi\u0105za\u0144 i pod\u0105\u017cali wy\u0142\u0105cznie utartymi \u015bcie\u017ckami. Dzi\u0119ki w\u0142asnym badaniom i sta\u0142ym pracom nad rozwojem naszych produkt\u00f3w chcemy wytycza\u0107 nowe szlaki. W konsekwencji dostarczamy dzi\u015b nie tylko bardzo odporne na zu\u017cycie elementy odlew\u00f3w, ale wszelkie inne komponenty, wymagane do ekonomicznej pracy instalacji.[\/vc_column_text][\/vc_column_inner][vc_column_inner width=&#8221;1\/3&#8243;][vc_column_text]W wielu obszarach stajemy rami\u0119 w rami\u0119 z Klientem. Klienci SWB wspieraj\u0105 recykling. W przeciwie\u0144stwie do produkcji sur\u00f3wki w wielkich piecach, w SWB surowce wt\u00f3rne topione s\u0105 w piecach indukcyjnych. Daje to istotne oszcz\u0119dno\u015bci w emisji CO2. R\u00f3wnie\u017c w tym zakresie wnosimy istotny wk\u0142ad w ochron\u0119 \u015brodowiska.[\/vc_column_text][\/vc_column_inner][\/vc_row_inner][\/vc_column][\/vc_row][vc_row top_padding=&#8221;50&#8243; bottom_padding=&#8221;50&#8243;][vc_column animation=&#8221;fade-in-from-bottom&#8221; width=&#8221;1\/1&#8243; delay=&#8221;500&#8243;][\/vc_column][\/vc_row]<\/p>\n","protected":false},"author":4,"featured_media":0,"parent":0,"menu_order":0,"comment_status":"closed","ping_status":"closed","template":"","meta":{"footnotes":""},"class_list":["post-20631","page","type-page","status-publish","hentry"],"yoast_head":"<!-- This site is optimized with the Yoast SEO Premium plugin v27.4 (Yoast SEO v27.4) - https:\/\/yoast.com\/product\/yoast-seo-premium-wordpress\/ -->\n<title>Rami\u0119 w rami\u0119 - Stahlwerke Bochum<\/title>\n<meta name=\"robots\" content=\"index, follow, max-snippet:-1, max-image-preview:large, max-video-preview:-1\" \/>\n<link rel=\"canonical\" href=\"https:\/\/stahlwerke-bochum.com\/pl\/ramie-w-ramie\/\" \/>\n<meta property=\"og:locale\" content=\"pl_PL\" \/>\n<meta property=\"og:type\" content=\"article\" \/>\n<meta property=\"og:title\" content=\"Rami\u0119 w rami\u0119\" \/>\n<meta property=\"og:description\" content=\"[vc_row type=&#8221;full_width_section&#8221; bottom_padding=&#8221;50&#8243;][vc_column width=&#8221;1\/1&#8243;][rev_slider_vc alias=&#8221;schulterschluss&#8221;][\/vc_column][\/vc_row][vc_row top_padding=&#8221;50&#8243; bottom_padding=&#8221;50&#8243;][vc_column width=&#8221;1\/1&#8243;][vc_column_text] RAMI\u0118 W RAMI\u0118 [\/vc_column_text][vc_column_text] We wsp\u00f3\u0142pracy z naszymi Klientami prowadzimy otwarty, partnerski dialog, pozwalaj\u0105cy nam na uzyskanie sytuacji win-win. [\/vc_column_text][vc_separator color=&#8221;custom&#8221; el_width=&#8221;50&#8243; accent_color=&#8221;#757575&#8243;][\/vc_column][\/vc_row][vc_row top_padding=&#8221;50&#8243; bottom_padding=&#8221;50&#8243;][vc_column width=&#8221;1\/1&#8243;][vc_row_inner][vc_column_inner width=&#8221;1\/3&#8243;][vc_column_text]Postrzegamy siebie jako producenta, dostawc\u0119 i doradc\u0119 dla naszych Klient\u00f3w. Poniewa\u017c ich sukces jest \u015bci\u015ble zwi\u0105zany z sukcesem SWB. Ta strategia opiera si\u0119 na d\u0142ugotrwa\u0142ej wsp\u00f3\u0142pracy, a nie na kr\u00f3tkoterminowym zysku. Doradzamy naszym Klientom w wyborze cz\u0119\u015bci zu\u017cywaj\u0105cych si\u0119 do ich instalacji. Wymaganych w tym zakresie informacji o instalacji i rodzaju przetwarzanych materia\u0142\u00f3w dostarcza Klient.[\/vc_column_text][\/vc_column_inner][vc_column_inner width=&#8221;1\/3&#8243;][vc_column_text]Na tej podstawie nasi specjali\u015bci opracowuj\u0105 jasne zalecenia. Nie byliby\u015bmy SWB, gdyby\u015bmy si\u0119 opierali na adaptacji rozwi\u0105za\u0144 i pod\u0105\u017cali wy\u0142\u0105cznie utartymi \u015bcie\u017ckami. Dzi\u0119ki w\u0142asnym badaniom i sta\u0142ym pracom nad rozwojem naszych produkt\u00f3w chcemy wytycza\u0107 nowe szlaki. W konsekwencji dostarczamy dzi\u015b nie tylko bardzo odporne na zu\u017cycie elementy odlew\u00f3w, ale wszelkie inne komponenty, wymagane do ekonomicznej pracy instalacji.[\/vc_column_text][\/vc_column_inner][vc_column_inner width=&#8221;1\/3&#8243;][vc_column_text]W wielu obszarach stajemy rami\u0119 w rami\u0119 z Klientem. Klienci SWB wspieraj\u0105 recykling. W przeciwie\u0144stwie do produkcji sur\u00f3wki w wielkich piecach, w SWB surowce wt\u00f3rne topione s\u0105 w piecach indukcyjnych. Daje to istotne oszcz\u0119dno\u015bci w emisji CO2. R\u00f3wnie\u017c w tym zakresie wnosimy istotny wk\u0142ad w ochron\u0119 \u015brodowiska.[\/vc_column_text][\/vc_column_inner][\/vc_row_inner][\/vc_column][\/vc_row][vc_row top_padding=&#8221;50&#8243; bottom_padding=&#8221;50&#8243;][vc_column animation=&#8221;fade-in-from-bottom&#8221; width=&#8221;1\/1&#8243; delay=&#8221;500&#8243;][\/vc_column][\/vc_row]\" \/>\n<meta property=\"og:url\" content=\"https:\/\/stahlwerke-bochum.com\/pl\/ramie-w-ramie\/\" \/>\n<meta property=\"og:site_name\" content=\"Stahlwerke Bochum\" \/>\n<meta property=\"article:modified_time\" content=\"2018-07-10T09:23:58+00:00\" \/>\n<meta name=\"twitter:card\" content=\"summary_large_image\" \/>\n<meta name=\"twitter:label1\" content=\"Szacowany czas czytania\" \/>\n\t<meta name=\"twitter:data1\" content=\"2 minuty\" \/>\n<script type=\"application\/ld+json\" class=\"yoast-schema-graph\">{\"@context\":\"https:\\\/\\\/schema.org\",\"@graph\":[{\"@type\":\"WebPage\",\"@id\":\"https:\\\/\\\/stahlwerke-bochum.com\\\/pl\\\/ramie-w-ramie\\\/\",\"url\":\"https:\\\/\\\/stahlwerke-bochum.com\\\/pl\\\/ramie-w-ramie\\\/\",\"name\":\"Rami\u0119 w rami\u0119 - Stahlwerke Bochum\",\"isPartOf\":{\"@id\":\"https:\\\/\\\/stahlwerke-bochum.com\\\/#website\"},\"datePublished\":\"2018-06-19T12:16:59+00:00\",\"dateModified\":\"2018-07-10T09:23:58+00:00\",\"breadcrumb\":{\"@id\":\"https:\\\/\\\/stahlwerke-bochum.com\\\/pl\\\/ramie-w-ramie\\\/#breadcrumb\"},\"inLanguage\":\"pl-PL\",\"potentialAction\":[{\"@type\":\"ReadAction\",\"target\":[\"https:\\\/\\\/stahlwerke-bochum.com\\\/pl\\\/ramie-w-ramie\\\/\"]}]},{\"@type\":\"BreadcrumbList\",\"@id\":\"https:\\\/\\\/stahlwerke-bochum.com\\\/pl\\\/ramie-w-ramie\\\/#breadcrumb\",\"itemListElement\":[{\"@type\":\"ListItem\",\"position\":1,\"name\":\"Startseite\",\"item\":\"https:\\\/\\\/stahlwerke-bochum.com\\\/pl\\\/\"},{\"@type\":\"ListItem\",\"position\":2,\"name\":\"Rami\u0119 w rami\u0119\"}]},{\"@type\":\"WebSite\",\"@id\":\"https:\\\/\\\/stahlwerke-bochum.com\\\/#website\",\"url\":\"https:\\\/\\\/stahlwerke-bochum.com\\\/\",\"name\":\"Stahlwerke Bochum\",\"description\":\"Entwicklung und Herstellung von Verschleisswerkzeugen f\u00fcr die Aufbereitungstechnik, Zerkleinerungstechnik und Recyclingtechnik.\",\"publisher\":{\"@id\":\"https:\\\/\\\/stahlwerke-bochum.com\\\/#organization\"},\"potentialAction\":[{\"@type\":\"SearchAction\",\"target\":{\"@type\":\"EntryPoint\",\"urlTemplate\":\"https:\\\/\\\/stahlwerke-bochum.com\\\/?s={search_term_string}\"},\"query-input\":{\"@type\":\"PropertyValueSpecification\",\"valueRequired\":true,\"valueName\":\"search_term_string\"}}],\"inLanguage\":\"pl-PL\"},{\"@type\":\"Organization\",\"@id\":\"https:\\\/\\\/stahlwerke-bochum.com\\\/#organization\",\"name\":\"Stahlwerke Bochum\",\"url\":\"https:\\\/\\\/stahlwerke-bochum.com\\\/\",\"logo\":{\"@type\":\"ImageObject\",\"inLanguage\":\"pl-PL\",\"@id\":\"https:\\\/\\\/stahlwerke-bochum.com\\\/#\\\/schema\\\/logo\\\/image\\\/\",\"url\":\"https:\\\/\\\/stahlwerke-bochum.com\\\/wp-content\\\/uploads\\\/2018\\\/06\\\/swb-logo2.jpg\",\"contentUrl\":\"https:\\\/\\\/stahlwerke-bochum.com\\\/wp-content\\\/uploads\\\/2018\\\/06\\\/swb-logo2.jpg\",\"width\":500,\"height\":82,\"caption\":\"Stahlwerke Bochum\"},\"image\":{\"@id\":\"https:\\\/\\\/stahlwerke-bochum.com\\\/#\\\/schema\\\/logo\\\/image\\\/\"}}]}<\/script>\n<!-- \/ Yoast SEO Premium plugin. -->","yoast_head_json":{"title":"Rami\u0119 w rami\u0119 - Stahlwerke Bochum","robots":{"index":"index","follow":"follow","max-snippet":"max-snippet:-1","max-image-preview":"max-image-preview:large","max-video-preview":"max-video-preview:-1"},"canonical":"https:\/\/stahlwerke-bochum.com\/pl\/ramie-w-ramie\/","og_locale":"pl_PL","og_type":"article","og_title":"Rami\u0119 w rami\u0119","og_description":"[vc_row type=&#8221;full_width_section&#8221; bottom_padding=&#8221;50&#8243;][vc_column width=&#8221;1\/1&#8243;][rev_slider_vc alias=&#8221;schulterschluss&#8221;][\/vc_column][\/vc_row][vc_row top_padding=&#8221;50&#8243; bottom_padding=&#8221;50&#8243;][vc_column width=&#8221;1\/1&#8243;][vc_column_text] RAMI\u0118 W RAMI\u0118 [\/vc_column_text][vc_column_text] We wsp\u00f3\u0142pracy z naszymi Klientami prowadzimy otwarty, partnerski dialog, pozwalaj\u0105cy nam na uzyskanie sytuacji win-win. [\/vc_column_text][vc_separator color=&#8221;custom&#8221; el_width=&#8221;50&#8243; accent_color=&#8221;#757575&#8243;][\/vc_column][\/vc_row][vc_row top_padding=&#8221;50&#8243; bottom_padding=&#8221;50&#8243;][vc_column width=&#8221;1\/1&#8243;][vc_row_inner][vc_column_inner width=&#8221;1\/3&#8243;][vc_column_text]Postrzegamy siebie jako producenta, dostawc\u0119 i doradc\u0119 dla naszych Klient\u00f3w. Poniewa\u017c ich sukces jest \u015bci\u015ble zwi\u0105zany z sukcesem SWB. Ta strategia opiera si\u0119 na d\u0142ugotrwa\u0142ej wsp\u00f3\u0142pracy, a nie na kr\u00f3tkoterminowym zysku. Doradzamy naszym Klientom w wyborze cz\u0119\u015bci zu\u017cywaj\u0105cych si\u0119 do ich instalacji. Wymaganych w tym zakresie informacji o instalacji i rodzaju przetwarzanych materia\u0142\u00f3w dostarcza Klient.[\/vc_column_text][\/vc_column_inner][vc_column_inner width=&#8221;1\/3&#8243;][vc_column_text]Na tej podstawie nasi specjali\u015bci opracowuj\u0105 jasne zalecenia. Nie byliby\u015bmy SWB, gdyby\u015bmy si\u0119 opierali na adaptacji rozwi\u0105za\u0144 i pod\u0105\u017cali wy\u0142\u0105cznie utartymi \u015bcie\u017ckami. Dzi\u0119ki w\u0142asnym badaniom i sta\u0142ym pracom nad rozwojem naszych produkt\u00f3w chcemy wytycza\u0107 nowe szlaki. W konsekwencji dostarczamy dzi\u015b nie tylko bardzo odporne na zu\u017cycie elementy odlew\u00f3w, ale wszelkie inne komponenty, wymagane do ekonomicznej pracy instalacji.[\/vc_column_text][\/vc_column_inner][vc_column_inner width=&#8221;1\/3&#8243;][vc_column_text]W wielu obszarach stajemy rami\u0119 w rami\u0119 z Klientem. Klienci SWB wspieraj\u0105 recykling. W przeciwie\u0144stwie do produkcji sur\u00f3wki w wielkich piecach, w SWB surowce wt\u00f3rne topione s\u0105 w piecach indukcyjnych. Daje to istotne oszcz\u0119dno\u015bci w emisji CO2. R\u00f3wnie\u017c w tym zakresie wnosimy istotny wk\u0142ad w ochron\u0119 \u015brodowiska.[\/vc_column_text][\/vc_column_inner][\/vc_row_inner][\/vc_column][\/vc_row][vc_row top_padding=&#8221;50&#8243; bottom_padding=&#8221;50&#8243;][vc_column animation=&#8221;fade-in-from-bottom&#8221; width=&#8221;1\/1&#8243; delay=&#8221;500&#8243;][\/vc_column][\/vc_row]","og_url":"https:\/\/stahlwerke-bochum.com\/pl\/ramie-w-ramie\/","og_site_name":"Stahlwerke Bochum","article_modified_time":"2018-07-10T09:23:58+00:00","twitter_card":"summary_large_image","twitter_misc":{"Szacowany czas czytania":"2 minuty"},"schema":{"@context":"https:\/\/schema.org","@graph":[{"@type":"WebPage","@id":"https:\/\/stahlwerke-bochum.com\/pl\/ramie-w-ramie\/","url":"https:\/\/stahlwerke-bochum.com\/pl\/ramie-w-ramie\/","name":"Rami\u0119 w rami\u0119 - Stahlwerke Bochum","isPartOf":{"@id":"https:\/\/stahlwerke-bochum.com\/#website"},"datePublished":"2018-06-19T12:16:59+00:00","dateModified":"2018-07-10T09:23:58+00:00","breadcrumb":{"@id":"https:\/\/stahlwerke-bochum.com\/pl\/ramie-w-ramie\/#breadcrumb"},"inLanguage":"pl-PL","potentialAction":[{"@type":"ReadAction","target":["https:\/\/stahlwerke-bochum.com\/pl\/ramie-w-ramie\/"]}]},{"@type":"BreadcrumbList","@id":"https:\/\/stahlwerke-bochum.com\/pl\/ramie-w-ramie\/#breadcrumb","itemListElement":[{"@type":"ListItem","position":1,"name":"Startseite","item":"https:\/\/stahlwerke-bochum.com\/pl\/"},{"@type":"ListItem","position":2,"name":"Rami\u0119 w rami\u0119"}]},{"@type":"WebSite","@id":"https:\/\/stahlwerke-bochum.com\/#website","url":"https:\/\/stahlwerke-bochum.com\/","name":"Stahlwerke Bochum","description":"Entwicklung und Herstellung von Verschleisswerkzeugen f\u00fcr die Aufbereitungstechnik, Zerkleinerungstechnik und Recyclingtechnik.","publisher":{"@id":"https:\/\/stahlwerke-bochum.com\/#organization"},"potentialAction":[{"@type":"SearchAction","target":{"@type":"EntryPoint","urlTemplate":"https:\/\/stahlwerke-bochum.com\/?s={search_term_string}"},"query-input":{"@type":"PropertyValueSpecification","valueRequired":true,"valueName":"search_term_string"}}],"inLanguage":"pl-PL"},{"@type":"Organization","@id":"https:\/\/stahlwerke-bochum.com\/#organization","name":"Stahlwerke Bochum","url":"https:\/\/stahlwerke-bochum.com\/","logo":{"@type":"ImageObject","inLanguage":"pl-PL","@id":"https:\/\/stahlwerke-bochum.com\/#\/schema\/logo\/image\/","url":"https:\/\/stahlwerke-bochum.com\/wp-content\/uploads\/2018\/06\/swb-logo2.jpg","contentUrl":"https:\/\/stahlwerke-bochum.com\/wp-content\/uploads\/2018\/06\/swb-logo2.jpg","width":500,"height":82,"caption":"Stahlwerke Bochum"},"image":{"@id":"https:\/\/stahlwerke-bochum.com\/#\/schema\/logo\/image\/"}}]}},"_links":{"self":[{"href":"https:\/\/stahlwerke-bochum.com\/pl\/wp-json\/wp\/v2\/pages\/20631","targetHints":{"allow":["GET"]}}],"collection":[{"href":"https:\/\/stahlwerke-bochum.com\/pl\/wp-json\/wp\/v2\/pages"}],"about":[{"href":"https:\/\/stahlwerke-bochum.com\/pl\/wp-json\/wp\/v2\/types\/page"}],"author":[{"embeddable":true,"href":"https:\/\/stahlwerke-bochum.com\/pl\/wp-json\/wp\/v2\/users\/4"}],"replies":[{"embeddable":true,"href":"https:\/\/stahlwerke-bochum.com\/pl\/wp-json\/wp\/v2\/comments?post=20631"}],"version-history":[{"count":2,"href":"https:\/\/stahlwerke-bochum.com\/pl\/wp-json\/wp\/v2\/pages\/20631\/revisions"}],"predecessor-version":[{"id":20633,"href":"https:\/\/stahlwerke-bochum.com\/pl\/wp-json\/wp\/v2\/pages\/20631\/revisions\/20633"}],"wp:attachment":[{"href":"https:\/\/stahlwerke-bochum.com\/pl\/wp-json\/wp\/v2\/media?parent=20631"}],"curies":[{"name":"wp","href":"https:\/\/api.w.org\/{rel}","templated":true}]}}