{"id":20590,"date":"2018-06-20T14:30:37","date_gmt":"2018-06-20T12:30:37","guid":{"rendered":"http:\/\/192.168.6.130\/schlagkraft\/"},"modified":"2018-07-10T10:50:34","modified_gmt":"2018-07-10T08:50:34","slug":"sila-uderzenia","status":"publish","type":"page","link":"https:\/\/stahlwerke-bochum.com\/pl\/sila-uderzenia\/","title":{"rendered":"Si\u0142a uderzenia"},"content":{"rendered":"<p>[vc_row type=&#8221;full_width_section&#8221; bottom_padding=&#8221;50&#8243;][vc_column width=&#8221;1\/1&#8243;][rev_slider_vc alias=&#8221;schlagkraft&#8221;][\/vc_column][\/vc_row][vc_row top_padding=&#8221;50&#8243; bottom_padding=&#8221;50&#8243;][vc_column width=&#8221;1\/1&#8243;][vc_column_text]<\/p>\n<h1 style=\"text-align: center;\"><span style=\"color: #00518b;\">SI\u0141A UDERZENIA<\/span><\/h1>\n<p>[\/vc_column_text][vc_column_text]<\/p>\n<p style=\"text-align: center;\"><strong><span style=\"color: #444444;\">Produkty SWB stosowane s\u0105 wsz\u0119dzie tam,<br \/>\ngdzie realizowane jest rozdrabnianie.<\/span><\/strong><\/p>\n<p>[\/vc_column_text][vc_separator color=&#8221;custom&#8221; el_width=&#8221;50&#8243; accent_color=&#8221;#757575&#8243;][\/vc_column][\/vc_row][vc_row top_padding=&#8221;50&#8243; bottom_padding=&#8221;50&#8243;][vc_column width=&#8221;1\/3&#8243;][vc_column_text]rozdrabnianie surowc\u00f3w mineralnych, takich jak kamie\u0144 naturalny, ruda i w\u0119giel oraz rozdrabnianie surowc\u00f3w wt\u00f3rnych, jak klinkier i gruz.<\/p>\n<p>Projektujemy, produkujemy i dostarczamy w zakresie <strong>poziomego i pionowego rozdrabniania udarowego:<\/strong><\/p>\n<ul class=\"styled-list fa-ul\"><li><i class=\"fa fa-caret-right\"><\/i>listwy uderzaj\u0105ce<\/li> <\/ul><ul class=\"styled-list fa-ul\"><li><i class=\"fa fa-caret-right\"><\/i>elementy uderzaj\u0105ce<\/li> <\/ul><ul class=\"styled-list fa-ul\"><li><i class=\"fa fa-caret-right\"><\/i>listwy rozdrabniaj\u0105ce<\/li> <\/ul><ul class=\"styled-list fa-ul\"><li><i class=\"fa fa-caret-right\"><\/i>p\u0142yty ochronne rotora<\/li> <\/ul>\n<p>i kompletne, odporne na zu\u017cycie ok\u0142adziny wewn\u0119trzne \u0142amaczy udarowych.[\/vc_column_text][\/vc_column][vc_column width=&#8221;1\/3&#8243;][vc_column_text]Dla potrzeb proces\u00f3w <strong>przygotowania minera\u0142\u00f3w<\/strong> dostarczamy:<\/p>\n<ul class=\"styled-list fa-ul\"><li><i class=\"fa fa-caret-right\"><\/i>kule rozdrabniaj\u0105ce<\/li> <\/ul><ul class=\"styled-list fa-ul\"><li><i class=\"fa fa-caret-right\"><\/i>pier\u015bcienie i misy rozdrabniaj\u0105ce<\/li> <\/ul><ul class=\"styled-list fa-ul\"><li><i class=\"fa fa-caret-right\"><\/i>m\u0142oty do m\u0142yn\u00f3w udarowych<\/li> <\/ul><ul class=\"styled-list fa-ul\"><li><i class=\"fa fa-caret-right\"><\/i>segmenty brykieciarek<\/li> <\/ul>[\/vc_column_text][\/vc_column][vc_column width=&#8221;1\/3&#8243;][vc_column_text]M\u0142oty i listwy uderzaj\u0105ce SWB zapewniaj\u0105 znaczn\u0105 si\u0142\u0119 udaru. Prze\u0142amuj\u0105 op\u00f3r nawet najtwardszych materia\u0142\u00f3w: kwarc, granit, bazalt, porfir \u2013 r\u00f3wnie\u017c twardy klinkier i gruz betonu zbrojonego. Si\u0142a uderzenia wymaga twardo\u015bci i odporno\u015bci na obci\u0105\u017cenia dynamiczne. Elementy zu\u017cywaj\u0105ce si\u0119 SWB maj\u0105 obie te cechy. S\u0105 twarde przy przenoszeniu si\u0142y i jednocze\u015bnie ci\u0105gliwe.[\/vc_column_text][\/vc_column][\/vc_row][vc_row top_padding=&#8221;50&#8243; bottom_padding=&#8221;50&#8243;][vc_column animation=&#8221;fade-in-from-bottom&#8221; width=&#8221;1\/1&#8243; delay=&#8221;500&#8243;]<div class=\"box clearfix style-2 wpb_content_element align-left \" style=\"padding: 40px 40px 40px 40px; \">\n<h4 style=\"text-align: left;\">Good to know:<\/h4>\n<p style=\"text-align: left;\"><strong>Blow bars, impact elements, side liners, crushing jaws<\/strong>\u00a0and other highly wear-resistant castings for\u00a0<strong>vertical and horizontal crushing<\/strong>\u00a0of\u00a0<strong>rocks<\/strong>\u00a0and\u00a0<strong>construction remnants<\/strong>\u00a0used in impact crushers, impact mills, etc.<\/p>\n<p style=\"text-align: left;\"><strong>Grinding balls, grinding rings<\/strong>\u00a0and\u00a0<strong>yokes<\/strong>\u00a0for\u00a0<strong>coal grinding<\/strong>\u00a0as well as hammers for hammer mills and segments for briquetting presses used in\u00a0<strong>mineral processing<\/strong>\u00a0and\u00a0<strong>cement manufacturing<\/strong>.<\/p>\n<\/div>[\/vc_column][\/vc_row][vc_row bottom_padding=&#8221;50&#8243;][vc_column animation=&#8221;fade-in&#8221; width=&#8221;1\/1&#8243; delay=&#8221;500&#8243;]<div class=\"single_image wpb_content_element align-center    \" data-animation=\"none\" data-delay=\"0\"><img loading=\"lazy\" decoding=\"async\" width=\"1024\" height=\"632\" src=\"https:\/\/stahlwerke-bochum.com\/wp-content\/uploads\/2018\/06\/simulation_prallmuehle_2-1024x632.jpg\" class=\"attachment-large\" alt=\"\" srcset=\"https:\/\/stahlwerke-bochum.com\/wp-content\/uploads\/2018\/06\/simulation_prallmuehle_2-1024x632.jpg 1024w, https:\/\/stahlwerke-bochum.com\/wp-content\/uploads\/2018\/06\/simulation_prallmuehle_2-300x185.jpg 300w, https:\/\/stahlwerke-bochum.com\/wp-content\/uploads\/2018\/06\/simulation_prallmuehle_2-768x474.jpg 768w, https:\/\/stahlwerke-bochum.com\/wp-content\/uploads\/2018\/06\/simulation_prallmuehle_2.jpg 1160w\" sizes=\"auto, (max-width: 1024px) 100vw, 1024px\" \/><\/div>[\/vc_column][\/vc_row]<\/p>\n","protected":false},"excerpt":{"rendered":"<p>[vc_row type=&#8221;full_width_section&#8221; bottom_padding=&#8221;50&#8243;][vc_column width=&#8221;1\/1&#8243;][rev_slider_vc alias=&#8221;schlagkraft&#8221;][\/vc_column][\/vc_row][vc_row top_padding=&#8221;50&#8243; bottom_padding=&#8221;50&#8243;][vc_column width=&#8221;1\/1&#8243;][vc_column_text] SI\u0141A UDERZENIA [\/vc_column_text][vc_column_text] Produkty SWB stosowane s\u0105 wsz\u0119dzie tam, gdzie realizowane jest rozdrabnianie. [\/vc_column_text][vc_separator color=&#8221;custom&#8221; el_width=&#8221;50&#8243; accent_color=&#8221;#757575&#8243;][\/vc_column][\/vc_row][vc_row top_padding=&#8221;50&#8243; bottom_padding=&#8221;50&#8243;][vc_column width=&#8221;1\/3&#8243;][vc_column_text]rozdrabnianie surowc\u00f3w mineralnych, takich jak kamie\u0144 naturalny, ruda i w\u0119giel oraz rozdrabnianie surowc\u00f3w wt\u00f3rnych, jak klinkier i gruz. Projektujemy, produkujemy i dostarczamy w zakresie poziomego i pionowego rozdrabniania udarowego: i kompletne, odporne na zu\u017cycie ok\u0142adziny wewn\u0119trzne \u0142amaczy udarowych.[\/vc_column_text][\/vc_column][vc_column width=&#8221;1\/3&#8243;][vc_column_text]Dla potrzeb proces\u00f3w przygotowania minera\u0142\u00f3w dostarczamy: [\/vc_column_text][\/vc_column][vc_column width=&#8221;1\/3&#8243;][vc_column_text]M\u0142oty i listwy uderzaj\u0105ce SWB zapewniaj\u0105 znaczn\u0105 si\u0142\u0119 udaru. Prze\u0142amuj\u0105 op\u00f3r nawet najtwardszych materia\u0142\u00f3w: kwarc, granit, bazalt, porfir \u2013 r\u00f3wnie\u017c twardy klinkier i gruz betonu zbrojonego. Si\u0142a uderzenia wymaga twardo\u015bci i odporno\u015bci na obci\u0105\u017cenia dynamiczne. Elementy zu\u017cywaj\u0105ce si\u0119 SWB maj\u0105 obie te cechy. S\u0105 twarde przy przenoszeniu si\u0142y i jednocze\u015bnie ci\u0105gliwe.[\/vc_column_text][\/vc_column][\/vc_row][vc_row top_padding=&#8221;50&#8243; bottom_padding=&#8221;50&#8243;][vc_column animation=&#8221;fade-in-from-bottom&#8221; width=&#8221;1\/1&#8243; delay=&#8221;500&#8243;][\/vc_column][\/vc_row][vc_row bottom_padding=&#8221;50&#8243;][vc_column animation=&#8221;fade-in&#8221; width=&#8221;1\/1&#8243; delay=&#8221;500&#8243;][\/vc_column][\/vc_row]<\/p>\n","protected":false},"author":4,"featured_media":0,"parent":0,"menu_order":0,"comment_status":"closed","ping_status":"closed","template":"","meta":{"footnotes":""},"class_list":["post-20590","page","type-page","status-publish","hentry"],"yoast_head":"<!-- This site is optimized with the Yoast SEO Premium plugin v27.4 (Yoast SEO v27.4) - https:\/\/yoast.com\/product\/yoast-seo-premium-wordpress\/ -->\n<title>Si\u0142a uderzenia - Stahlwerke Bochum<\/title>\n<meta name=\"robots\" content=\"index, follow, max-snippet:-1, max-image-preview:large, max-video-preview:-1\" \/>\n<link rel=\"canonical\" href=\"https:\/\/stahlwerke-bochum.com\/pl\/sila-uderzenia\/\" \/>\n<meta property=\"og:locale\" content=\"pl_PL\" \/>\n<meta property=\"og:type\" content=\"article\" \/>\n<meta property=\"og:title\" content=\"Si\u0142a uderzenia\" \/>\n<meta property=\"og:description\" content=\"[vc_row type=&#8221;full_width_section&#8221; bottom_padding=&#8221;50&#8243;][vc_column width=&#8221;1\/1&#8243;][rev_slider_vc alias=&#8221;schlagkraft&#8221;][\/vc_column][\/vc_row][vc_row top_padding=&#8221;50&#8243; bottom_padding=&#8221;50&#8243;][vc_column width=&#8221;1\/1&#8243;][vc_column_text] SI\u0141A UDERZENIA [\/vc_column_text][vc_column_text] Produkty SWB stosowane s\u0105 wsz\u0119dzie tam, gdzie realizowane jest rozdrabnianie. [\/vc_column_text][vc_separator color=&#8221;custom&#8221; el_width=&#8221;50&#8243; accent_color=&#8221;#757575&#8243;][\/vc_column][\/vc_row][vc_row top_padding=&#8221;50&#8243; bottom_padding=&#8221;50&#8243;][vc_column width=&#8221;1\/3&#8243;][vc_column_text]rozdrabnianie surowc\u00f3w mineralnych, takich jak kamie\u0144 naturalny, ruda i w\u0119giel oraz rozdrabnianie surowc\u00f3w wt\u00f3rnych, jak klinkier i gruz. Projektujemy, produkujemy i dostarczamy w zakresie poziomego i pionowego rozdrabniania udarowego: i kompletne, odporne na zu\u017cycie ok\u0142adziny wewn\u0119trzne \u0142amaczy udarowych.[\/vc_column_text][\/vc_column][vc_column width=&#8221;1\/3&#8243;][vc_column_text]Dla potrzeb proces\u00f3w przygotowania minera\u0142\u00f3w dostarczamy: [\/vc_column_text][\/vc_column][vc_column width=&#8221;1\/3&#8243;][vc_column_text]M\u0142oty i listwy uderzaj\u0105ce SWB zapewniaj\u0105 znaczn\u0105 si\u0142\u0119 udaru. Prze\u0142amuj\u0105 op\u00f3r nawet najtwardszych materia\u0142\u00f3w: kwarc, granit, bazalt, porfir \u2013 r\u00f3wnie\u017c twardy klinkier i gruz betonu zbrojonego. Si\u0142a uderzenia wymaga twardo\u015bci i odporno\u015bci na obci\u0105\u017cenia dynamiczne. Elementy zu\u017cywaj\u0105ce si\u0119 SWB maj\u0105 obie te cechy. S\u0105 twarde przy przenoszeniu si\u0142y i jednocze\u015bnie ci\u0105gliwe.[\/vc_column_text][\/vc_column][\/vc_row][vc_row top_padding=&#8221;50&#8243; bottom_padding=&#8221;50&#8243;][vc_column animation=&#8221;fade-in-from-bottom&#8221; width=&#8221;1\/1&#8243; delay=&#8221;500&#8243;][\/vc_column][\/vc_row][vc_row bottom_padding=&#8221;50&#8243;][vc_column animation=&#8221;fade-in&#8221; width=&#8221;1\/1&#8243; delay=&#8221;500&#8243;][\/vc_column][\/vc_row]\" \/>\n<meta property=\"og:url\" content=\"https:\/\/stahlwerke-bochum.com\/pl\/sila-uderzenia\/\" \/>\n<meta property=\"og:site_name\" content=\"Stahlwerke Bochum\" \/>\n<meta property=\"article:modified_time\" content=\"2018-07-10T08:50:34+00:00\" \/>\n<meta name=\"twitter:card\" content=\"summary_large_image\" \/>\n<meta name=\"twitter:label1\" content=\"Szacowany czas czytania\" \/>\n\t<meta name=\"twitter:data1\" content=\"2 minuty\" \/>\n<script type=\"application\/ld+json\" class=\"yoast-schema-graph\">{\"@context\":\"https:\\\/\\\/schema.org\",\"@graph\":[{\"@type\":\"WebPage\",\"@id\":\"https:\\\/\\\/stahlwerke-bochum.com\\\/pl\\\/sila-uderzenia\\\/\",\"url\":\"https:\\\/\\\/stahlwerke-bochum.com\\\/pl\\\/sila-uderzenia\\\/\",\"name\":\"Si\u0142a uderzenia - Stahlwerke Bochum\",\"isPartOf\":{\"@id\":\"https:\\\/\\\/stahlwerke-bochum.com\\\/#website\"},\"datePublished\":\"2018-06-20T12:30:37+00:00\",\"dateModified\":\"2018-07-10T08:50:34+00:00\",\"breadcrumb\":{\"@id\":\"https:\\\/\\\/stahlwerke-bochum.com\\\/pl\\\/sila-uderzenia\\\/#breadcrumb\"},\"inLanguage\":\"pl-PL\",\"potentialAction\":[{\"@type\":\"ReadAction\",\"target\":[\"https:\\\/\\\/stahlwerke-bochum.com\\\/pl\\\/sila-uderzenia\\\/\"]}]},{\"@type\":\"BreadcrumbList\",\"@id\":\"https:\\\/\\\/stahlwerke-bochum.com\\\/pl\\\/sila-uderzenia\\\/#breadcrumb\",\"itemListElement\":[{\"@type\":\"ListItem\",\"position\":1,\"name\":\"Startseite\",\"item\":\"https:\\\/\\\/stahlwerke-bochum.com\\\/pl\\\/\"},{\"@type\":\"ListItem\",\"position\":2,\"name\":\"Si\u0142a uderzenia\"}]},{\"@type\":\"WebSite\",\"@id\":\"https:\\\/\\\/stahlwerke-bochum.com\\\/#website\",\"url\":\"https:\\\/\\\/stahlwerke-bochum.com\\\/\",\"name\":\"Stahlwerke Bochum\",\"description\":\"Entwicklung und Herstellung von Verschleisswerkzeugen f\u00fcr die Aufbereitungstechnik, Zerkleinerungstechnik und Recyclingtechnik.\",\"publisher\":{\"@id\":\"https:\\\/\\\/stahlwerke-bochum.com\\\/#organization\"},\"potentialAction\":[{\"@type\":\"SearchAction\",\"target\":{\"@type\":\"EntryPoint\",\"urlTemplate\":\"https:\\\/\\\/stahlwerke-bochum.com\\\/?s={search_term_string}\"},\"query-input\":{\"@type\":\"PropertyValueSpecification\",\"valueRequired\":true,\"valueName\":\"search_term_string\"}}],\"inLanguage\":\"pl-PL\"},{\"@type\":\"Organization\",\"@id\":\"https:\\\/\\\/stahlwerke-bochum.com\\\/#organization\",\"name\":\"Stahlwerke Bochum\",\"url\":\"https:\\\/\\\/stahlwerke-bochum.com\\\/\",\"logo\":{\"@type\":\"ImageObject\",\"inLanguage\":\"pl-PL\",\"@id\":\"https:\\\/\\\/stahlwerke-bochum.com\\\/#\\\/schema\\\/logo\\\/image\\\/\",\"url\":\"https:\\\/\\\/stahlwerke-bochum.com\\\/wp-content\\\/uploads\\\/2018\\\/06\\\/swb-logo2.jpg\",\"contentUrl\":\"https:\\\/\\\/stahlwerke-bochum.com\\\/wp-content\\\/uploads\\\/2018\\\/06\\\/swb-logo2.jpg\",\"width\":500,\"height\":82,\"caption\":\"Stahlwerke Bochum\"},\"image\":{\"@id\":\"https:\\\/\\\/stahlwerke-bochum.com\\\/#\\\/schema\\\/logo\\\/image\\\/\"}}]}<\/script>\n<!-- \/ Yoast SEO Premium plugin. -->","yoast_head_json":{"title":"Si\u0142a uderzenia - Stahlwerke Bochum","robots":{"index":"index","follow":"follow","max-snippet":"max-snippet:-1","max-image-preview":"max-image-preview:large","max-video-preview":"max-video-preview:-1"},"canonical":"https:\/\/stahlwerke-bochum.com\/pl\/sila-uderzenia\/","og_locale":"pl_PL","og_type":"article","og_title":"Si\u0142a uderzenia","og_description":"[vc_row type=&#8221;full_width_section&#8221; bottom_padding=&#8221;50&#8243;][vc_column width=&#8221;1\/1&#8243;][rev_slider_vc alias=&#8221;schlagkraft&#8221;][\/vc_column][\/vc_row][vc_row top_padding=&#8221;50&#8243; bottom_padding=&#8221;50&#8243;][vc_column width=&#8221;1\/1&#8243;][vc_column_text] SI\u0141A UDERZENIA [\/vc_column_text][vc_column_text] Produkty SWB stosowane s\u0105 wsz\u0119dzie tam, gdzie realizowane jest rozdrabnianie. [\/vc_column_text][vc_separator color=&#8221;custom&#8221; el_width=&#8221;50&#8243; accent_color=&#8221;#757575&#8243;][\/vc_column][\/vc_row][vc_row top_padding=&#8221;50&#8243; bottom_padding=&#8221;50&#8243;][vc_column width=&#8221;1\/3&#8243;][vc_column_text]rozdrabnianie surowc\u00f3w mineralnych, takich jak kamie\u0144 naturalny, ruda i w\u0119giel oraz rozdrabnianie surowc\u00f3w wt\u00f3rnych, jak klinkier i gruz. Projektujemy, produkujemy i dostarczamy w zakresie poziomego i pionowego rozdrabniania udarowego: i kompletne, odporne na zu\u017cycie ok\u0142adziny wewn\u0119trzne \u0142amaczy udarowych.[\/vc_column_text][\/vc_column][vc_column width=&#8221;1\/3&#8243;][vc_column_text]Dla potrzeb proces\u00f3w przygotowania minera\u0142\u00f3w dostarczamy: [\/vc_column_text][\/vc_column][vc_column width=&#8221;1\/3&#8243;][vc_column_text]M\u0142oty i listwy uderzaj\u0105ce SWB zapewniaj\u0105 znaczn\u0105 si\u0142\u0119 udaru. Prze\u0142amuj\u0105 op\u00f3r nawet najtwardszych materia\u0142\u00f3w: kwarc, granit, bazalt, porfir \u2013 r\u00f3wnie\u017c twardy klinkier i gruz betonu zbrojonego. Si\u0142a uderzenia wymaga twardo\u015bci i odporno\u015bci na obci\u0105\u017cenia dynamiczne. Elementy zu\u017cywaj\u0105ce si\u0119 SWB maj\u0105 obie te cechy. S\u0105 twarde przy przenoszeniu si\u0142y i jednocze\u015bnie ci\u0105gliwe.[\/vc_column_text][\/vc_column][\/vc_row][vc_row top_padding=&#8221;50&#8243; bottom_padding=&#8221;50&#8243;][vc_column animation=&#8221;fade-in-from-bottom&#8221; width=&#8221;1\/1&#8243; delay=&#8221;500&#8243;][\/vc_column][\/vc_row][vc_row bottom_padding=&#8221;50&#8243;][vc_column animation=&#8221;fade-in&#8221; width=&#8221;1\/1&#8243; delay=&#8221;500&#8243;][\/vc_column][\/vc_row]","og_url":"https:\/\/stahlwerke-bochum.com\/pl\/sila-uderzenia\/","og_site_name":"Stahlwerke Bochum","article_modified_time":"2018-07-10T08:50:34+00:00","twitter_card":"summary_large_image","twitter_misc":{"Szacowany czas czytania":"2 minuty"},"schema":{"@context":"https:\/\/schema.org","@graph":[{"@type":"WebPage","@id":"https:\/\/stahlwerke-bochum.com\/pl\/sila-uderzenia\/","url":"https:\/\/stahlwerke-bochum.com\/pl\/sila-uderzenia\/","name":"Si\u0142a uderzenia - Stahlwerke Bochum","isPartOf":{"@id":"https:\/\/stahlwerke-bochum.com\/#website"},"datePublished":"2018-06-20T12:30:37+00:00","dateModified":"2018-07-10T08:50:34+00:00","breadcrumb":{"@id":"https:\/\/stahlwerke-bochum.com\/pl\/sila-uderzenia\/#breadcrumb"},"inLanguage":"pl-PL","potentialAction":[{"@type":"ReadAction","target":["https:\/\/stahlwerke-bochum.com\/pl\/sila-uderzenia\/"]}]},{"@type":"BreadcrumbList","@id":"https:\/\/stahlwerke-bochum.com\/pl\/sila-uderzenia\/#breadcrumb","itemListElement":[{"@type":"ListItem","position":1,"name":"Startseite","item":"https:\/\/stahlwerke-bochum.com\/pl\/"},{"@type":"ListItem","position":2,"name":"Si\u0142a uderzenia"}]},{"@type":"WebSite","@id":"https:\/\/stahlwerke-bochum.com\/#website","url":"https:\/\/stahlwerke-bochum.com\/","name":"Stahlwerke Bochum","description":"Entwicklung und Herstellung von Verschleisswerkzeugen f\u00fcr die Aufbereitungstechnik, Zerkleinerungstechnik und Recyclingtechnik.","publisher":{"@id":"https:\/\/stahlwerke-bochum.com\/#organization"},"potentialAction":[{"@type":"SearchAction","target":{"@type":"EntryPoint","urlTemplate":"https:\/\/stahlwerke-bochum.com\/?s={search_term_string}"},"query-input":{"@type":"PropertyValueSpecification","valueRequired":true,"valueName":"search_term_string"}}],"inLanguage":"pl-PL"},{"@type":"Organization","@id":"https:\/\/stahlwerke-bochum.com\/#organization","name":"Stahlwerke Bochum","url":"https:\/\/stahlwerke-bochum.com\/","logo":{"@type":"ImageObject","inLanguage":"pl-PL","@id":"https:\/\/stahlwerke-bochum.com\/#\/schema\/logo\/image\/","url":"https:\/\/stahlwerke-bochum.com\/wp-content\/uploads\/2018\/06\/swb-logo2.jpg","contentUrl":"https:\/\/stahlwerke-bochum.com\/wp-content\/uploads\/2018\/06\/swb-logo2.jpg","width":500,"height":82,"caption":"Stahlwerke Bochum"},"image":{"@id":"https:\/\/stahlwerke-bochum.com\/#\/schema\/logo\/image\/"}}]}},"_links":{"self":[{"href":"https:\/\/stahlwerke-bochum.com\/pl\/wp-json\/wp\/v2\/pages\/20590","targetHints":{"allow":["GET"]}}],"collection":[{"href":"https:\/\/stahlwerke-bochum.com\/pl\/wp-json\/wp\/v2\/pages"}],"about":[{"href":"https:\/\/stahlwerke-bochum.com\/pl\/wp-json\/wp\/v2\/types\/page"}],"author":[{"embeddable":true,"href":"https:\/\/stahlwerke-bochum.com\/pl\/wp-json\/wp\/v2\/users\/4"}],"replies":[{"embeddable":true,"href":"https:\/\/stahlwerke-bochum.com\/pl\/wp-json\/wp\/v2\/comments?post=20590"}],"version-history":[{"count":2,"href":"https:\/\/stahlwerke-bochum.com\/pl\/wp-json\/wp\/v2\/pages\/20590\/revisions"}],"predecessor-version":[{"id":20592,"href":"https:\/\/stahlwerke-bochum.com\/pl\/wp-json\/wp\/v2\/pages\/20590\/revisions\/20592"}],"wp:attachment":[{"href":"https:\/\/stahlwerke-bochum.com\/pl\/wp-json\/wp\/v2\/media?parent=20590"}],"curies":[{"name":"wp","href":"https:\/\/api.w.org\/{rel}","templated":true}]}}