{"id":20554,"date":"2018-06-20T12:30:36","date_gmt":"2018-06-20T10:30:36","guid":{"rendered":"http:\/\/192.168.6.130\/kontrolle\/"},"modified":"2018-07-11T08:02:32","modified_gmt":"2018-07-11T06:02:32","slug":"dzial-kontroli","status":"publish","type":"page","link":"https:\/\/stahlwerke-bochum.com\/pl\/dzial-kontroli\/","title":{"rendered":"Dzia\u0142 Kontroli"},"content":{"rendered":"<p>[vc_row type=&#8221;full_width_section&#8221; bottom_padding=&#8221;50&#8243;][vc_column width=&#8221;1\/1&#8243;][rev_slider_vc alias=&#8221;kontrolle&#8221;][\/vc_column][\/vc_row][vc_row top_padding=&#8221;50&#8243; bottom_padding=&#8221;50&#8243;][vc_column width=&#8221;1\/1&#8243;][vc_column_text]<\/p>\n<h1 style=\"text-align: center;\"><span style=\"color: #00518b;\">DZIA\u0141 KONTROLI<\/span><\/h1>\n<p>[\/vc_column_text][vc_column_text]<\/p>\n<p style=\"text-align: center; color: #575756;\"><strong>Skomplikowane metody produkcyjne powoduj\u0105 bezwzgl\u0119dn\u0105<br \/>\nkonieczno\u015b\u0107 zapewnienia jako\u015bci na ka\u017cdym etapie.<\/strong><\/p>\n<p>[\/vc_column_text][vc_separator color=&#8221;custom&#8221; el_width=&#8221;50&#8243; accent_color=&#8221;#757575&#8243;][\/vc_column][\/vc_row][vc_row top_padding=&#8221;50&#8243; bottom_padding=&#8221;50&#8243;][vc_column width=&#8221;1\/1&#8243;][vc_row_inner][vc_column_inner width=&#8221;1\/3&#8243;][vc_column_text]Oznaczenie ka\u017cdego elementu odlewu pozwala na weryfikacj\u0119 jako\u015bci produkt\u00f3w podczas ca\u0142ego procesu produkcyjnego. W ten spos\u00f3b zapewniamy stale wysoki poziom jako\u015bci naszych produkt\u00f3w. Produkujemy w oparciu o restrykcyjne wytyczne, zgodne z norm\u0105 ISO EN 9001 (2000).[\/vc_column_text][\/vc_column_inner][vc_column_inner width=&#8221;1\/3&#8243;][vc_column_text]Na ko\u0144cu procesu produkcyjnego ka\u017cdy odlew badany jest na wskro\u015b. Pr\u00f3cz testu twardo\u015bci, dostosowanego do materia\u0142u i produktu, poddajemy 100 % dostarczanych cz\u0119\u015bci zu\u017cywaj\u0105cych si\u0119 magnetycznej kontroli p\u0119kni\u0119\u0107 i w razie potrzeby r\u00f3wnie\u017c dodatkowej kontroli ultrad\u017awi\u0119kami.[\/vc_column_text][\/vc_column_inner][vc_column_inner width=&#8221;1\/3&#8243;][vc_column_text]Dalej nast\u0119puj\u0105 kontrole wymiar\u00f3w i mas, a nast\u0119pnie produkty dobierane s\u0105 wzajemnie w jednostki dostawy w ramach w\u0105skich zakres\u00f3w tolerancji. W ten spos\u00f3b zapewniamy odpowiednie wywa\u017cenie podzespo\u0142\u00f3w wiruj\u0105cych.[\/vc_column_text][\/vc_column_inner][\/vc_row_inner][\/vc_column][\/vc_row]<\/p>\n","protected":false},"excerpt":{"rendered":"<p>[vc_row type=&#8221;full_width_section&#8221; bottom_padding=&#8221;50&#8243;][vc_column width=&#8221;1\/1&#8243;][rev_slider_vc alias=&#8221;kontrolle&#8221;][\/vc_column][\/vc_row][vc_row top_padding=&#8221;50&#8243; bottom_padding=&#8221;50&#8243;][vc_column width=&#8221;1\/1&#8243;][vc_column_text] DZIA\u0141 KONTROLI [\/vc_column_text][vc_column_text] Skomplikowane metody produkcyjne powoduj\u0105 bezwzgl\u0119dn\u0105 konieczno\u015b\u0107 zapewnienia jako\u015bci na ka\u017cdym etapie. [\/vc_column_text][vc_separator color=&#8221;custom&#8221; el_width=&#8221;50&#8243; accent_color=&#8221;#757575&#8243;][\/vc_column][\/vc_row][vc_row top_padding=&#8221;50&#8243; bottom_padding=&#8221;50&#8243;][vc_column width=&#8221;1\/1&#8243;][vc_row_inner][vc_column_inner width=&#8221;1\/3&#8243;][vc_column_text]Oznaczenie ka\u017cdego elementu odlewu pozwala na weryfikacj\u0119 jako\u015bci produkt\u00f3w podczas ca\u0142ego procesu produkcyjnego. W ten spos\u00f3b zapewniamy stale wysoki poziom jako\u015bci naszych produkt\u00f3w. Produkujemy w oparciu o restrykcyjne wytyczne, zgodne z norm\u0105 ISO EN 9001 (2000).[\/vc_column_text][\/vc_column_inner][vc_column_inner width=&#8221;1\/3&#8243;][vc_column_text]Na ko\u0144cu procesu produkcyjnego ka\u017cdy odlew badany jest na wskro\u015b. Pr\u00f3cz testu twardo\u015bci, dostosowanego do materia\u0142u i produktu, poddajemy 100 % dostarczanych cz\u0119\u015bci zu\u017cywaj\u0105cych si\u0119 magnetycznej kontroli p\u0119kni\u0119\u0107 i w razie potrzeby r\u00f3wnie\u017c dodatkowej kontroli ultrad\u017awi\u0119kami.[\/vc_column_text][\/vc_column_inner][vc_column_inner width=&#8221;1\/3&#8243;][vc_column_text]Dalej nast\u0119puj\u0105 kontrole wymiar\u00f3w i mas, a nast\u0119pnie produkty dobierane s\u0105 wzajemnie w jednostki dostawy w ramach w\u0105skich zakres\u00f3w tolerancji. W ten spos\u00f3b zapewniamy odpowiednie wywa\u017cenie podzespo\u0142\u00f3w wiruj\u0105cych.[\/vc_column_text][\/vc_column_inner][\/vc_row_inner][\/vc_column][\/vc_row]<\/p>\n","protected":false},"author":4,"featured_media":0,"parent":0,"menu_order":0,"comment_status":"closed","ping_status":"closed","template":"","meta":{"footnotes":""},"class_list":["post-20554","page","type-page","status-publish","hentry"],"yoast_head":"<!-- This site is optimized with the Yoast SEO Premium plugin v26.9 (Yoast SEO v27.3) - https:\/\/yoast.com\/product\/yoast-seo-premium-wordpress\/ -->\n<title>Dzia\u0142 Kontroli - Stahlwerke Bochum<\/title>\n<meta name=\"robots\" content=\"index, follow, max-snippet:-1, max-image-preview:large, max-video-preview:-1\" \/>\n<link rel=\"canonical\" href=\"https:\/\/stahlwerke-bochum.com\/pl\/dzial-kontroli\/\" \/>\n<meta property=\"og:locale\" content=\"pl_PL\" \/>\n<meta property=\"og:type\" content=\"article\" \/>\n<meta property=\"og:title\" content=\"Dzia\u0142 Kontroli\" \/>\n<meta property=\"og:description\" content=\"[vc_row type=&#8221;full_width_section&#8221; bottom_padding=&#8221;50&#8243;][vc_column width=&#8221;1\/1&#8243;][rev_slider_vc alias=&#8221;kontrolle&#8221;][\/vc_column][\/vc_row][vc_row top_padding=&#8221;50&#8243; bottom_padding=&#8221;50&#8243;][vc_column width=&#8221;1\/1&#8243;][vc_column_text] DZIA\u0141 KONTROLI [\/vc_column_text][vc_column_text] Skomplikowane metody produkcyjne powoduj\u0105 bezwzgl\u0119dn\u0105 konieczno\u015b\u0107 zapewnienia jako\u015bci na ka\u017cdym etapie. [\/vc_column_text][vc_separator color=&#8221;custom&#8221; el_width=&#8221;50&#8243; accent_color=&#8221;#757575&#8243;][\/vc_column][\/vc_row][vc_row top_padding=&#8221;50&#8243; bottom_padding=&#8221;50&#8243;][vc_column width=&#8221;1\/1&#8243;][vc_row_inner][vc_column_inner width=&#8221;1\/3&#8243;][vc_column_text]Oznaczenie ka\u017cdego elementu odlewu pozwala na weryfikacj\u0119 jako\u015bci produkt\u00f3w podczas ca\u0142ego procesu produkcyjnego. W ten spos\u00f3b zapewniamy stale wysoki poziom jako\u015bci naszych produkt\u00f3w. Produkujemy w oparciu o restrykcyjne wytyczne, zgodne z norm\u0105 ISO EN 9001 (2000).[\/vc_column_text][\/vc_column_inner][vc_column_inner width=&#8221;1\/3&#8243;][vc_column_text]Na ko\u0144cu procesu produkcyjnego ka\u017cdy odlew badany jest na wskro\u015b. Pr\u00f3cz testu twardo\u015bci, dostosowanego do materia\u0142u i produktu, poddajemy 100 % dostarczanych cz\u0119\u015bci zu\u017cywaj\u0105cych si\u0119 magnetycznej kontroli p\u0119kni\u0119\u0107 i w razie potrzeby r\u00f3wnie\u017c dodatkowej kontroli ultrad\u017awi\u0119kami.[\/vc_column_text][\/vc_column_inner][vc_column_inner width=&#8221;1\/3&#8243;][vc_column_text]Dalej nast\u0119puj\u0105 kontrole wymiar\u00f3w i mas, a nast\u0119pnie produkty dobierane s\u0105 wzajemnie w jednostki dostawy w ramach w\u0105skich zakres\u00f3w tolerancji. W ten spos\u00f3b zapewniamy odpowiednie wywa\u017cenie podzespo\u0142\u00f3w wiruj\u0105cych.[\/vc_column_text][\/vc_column_inner][\/vc_row_inner][\/vc_column][\/vc_row]\" \/>\n<meta property=\"og:url\" content=\"https:\/\/stahlwerke-bochum.com\/pl\/dzial-kontroli\/\" \/>\n<meta property=\"og:site_name\" content=\"Stahlwerke Bochum\" \/>\n<meta property=\"article:modified_time\" content=\"2018-07-11T06:02:32+00:00\" \/>\n<meta name=\"twitter:card\" content=\"summary_large_image\" \/>\n<meta name=\"twitter:label1\" content=\"Szacowany czas czytania\" \/>\n\t<meta name=\"twitter:data1\" content=\"1 minuta\" \/>\n<script type=\"application\/ld+json\" class=\"yoast-schema-graph\">{\"@context\":\"https:\\\/\\\/schema.org\",\"@graph\":[{\"@type\":\"WebPage\",\"@id\":\"https:\\\/\\\/stahlwerke-bochum.com\\\/pl\\\/dzial-kontroli\\\/\",\"url\":\"https:\\\/\\\/stahlwerke-bochum.com\\\/pl\\\/dzial-kontroli\\\/\",\"name\":\"Dzia\u0142 Kontroli - Stahlwerke Bochum\",\"isPartOf\":{\"@id\":\"https:\\\/\\\/stahlwerke-bochum.com\\\/#website\"},\"datePublished\":\"2018-06-20T10:30:36+00:00\",\"dateModified\":\"2018-07-11T06:02:32+00:00\",\"breadcrumb\":{\"@id\":\"https:\\\/\\\/stahlwerke-bochum.com\\\/pl\\\/dzial-kontroli\\\/#breadcrumb\"},\"inLanguage\":\"pl-PL\",\"potentialAction\":[{\"@type\":\"ReadAction\",\"target\":[\"https:\\\/\\\/stahlwerke-bochum.com\\\/pl\\\/dzial-kontroli\\\/\"]}]},{\"@type\":\"BreadcrumbList\",\"@id\":\"https:\\\/\\\/stahlwerke-bochum.com\\\/pl\\\/dzial-kontroli\\\/#breadcrumb\",\"itemListElement\":[{\"@type\":\"ListItem\",\"position\":1,\"name\":\"Startseite\",\"item\":\"https:\\\/\\\/stahlwerke-bochum.com\\\/pl\\\/\"},{\"@type\":\"ListItem\",\"position\":2,\"name\":\"Dzia\u0142 Kontroli\"}]},{\"@type\":\"WebSite\",\"@id\":\"https:\\\/\\\/stahlwerke-bochum.com\\\/#website\",\"url\":\"https:\\\/\\\/stahlwerke-bochum.com\\\/\",\"name\":\"Stahlwerke Bochum\",\"description\":\"Entwicklung und Herstellung von Verschleisswerkzeugen f\u00fcr die Aufbereitungstechnik, Zerkleinerungstechnik und Recyclingtechnik.\",\"publisher\":{\"@id\":\"https:\\\/\\\/stahlwerke-bochum.com\\\/#organization\"},\"potentialAction\":[{\"@type\":\"SearchAction\",\"target\":{\"@type\":\"EntryPoint\",\"urlTemplate\":\"https:\\\/\\\/stahlwerke-bochum.com\\\/?s={search_term_string}\"},\"query-input\":{\"@type\":\"PropertyValueSpecification\",\"valueRequired\":true,\"valueName\":\"search_term_string\"}}],\"inLanguage\":\"pl-PL\"},{\"@type\":\"Organization\",\"@id\":\"https:\\\/\\\/stahlwerke-bochum.com\\\/#organization\",\"name\":\"Stahlwerke Bochum\",\"url\":\"https:\\\/\\\/stahlwerke-bochum.com\\\/\",\"logo\":{\"@type\":\"ImageObject\",\"inLanguage\":\"pl-PL\",\"@id\":\"https:\\\/\\\/stahlwerke-bochum.com\\\/#\\\/schema\\\/logo\\\/image\\\/\",\"url\":\"https:\\\/\\\/stahlwerke-bochum.com\\\/wp-content\\\/uploads\\\/2018\\\/06\\\/swb-logo2.jpg\",\"contentUrl\":\"https:\\\/\\\/stahlwerke-bochum.com\\\/wp-content\\\/uploads\\\/2018\\\/06\\\/swb-logo2.jpg\",\"width\":500,\"height\":82,\"caption\":\"Stahlwerke Bochum\"},\"image\":{\"@id\":\"https:\\\/\\\/stahlwerke-bochum.com\\\/#\\\/schema\\\/logo\\\/image\\\/\"}}]}<\/script>\n<!-- \/ Yoast SEO Premium plugin. -->","yoast_head_json":{"title":"Dzia\u0142 Kontroli - Stahlwerke Bochum","robots":{"index":"index","follow":"follow","max-snippet":"max-snippet:-1","max-image-preview":"max-image-preview:large","max-video-preview":"max-video-preview:-1"},"canonical":"https:\/\/stahlwerke-bochum.com\/pl\/dzial-kontroli\/","og_locale":"pl_PL","og_type":"article","og_title":"Dzia\u0142 Kontroli","og_description":"[vc_row type=&#8221;full_width_section&#8221; bottom_padding=&#8221;50&#8243;][vc_column width=&#8221;1\/1&#8243;][rev_slider_vc alias=&#8221;kontrolle&#8221;][\/vc_column][\/vc_row][vc_row top_padding=&#8221;50&#8243; bottom_padding=&#8221;50&#8243;][vc_column width=&#8221;1\/1&#8243;][vc_column_text] DZIA\u0141 KONTROLI [\/vc_column_text][vc_column_text] Skomplikowane metody produkcyjne powoduj\u0105 bezwzgl\u0119dn\u0105 konieczno\u015b\u0107 zapewnienia jako\u015bci na ka\u017cdym etapie. [\/vc_column_text][vc_separator color=&#8221;custom&#8221; el_width=&#8221;50&#8243; accent_color=&#8221;#757575&#8243;][\/vc_column][\/vc_row][vc_row top_padding=&#8221;50&#8243; bottom_padding=&#8221;50&#8243;][vc_column width=&#8221;1\/1&#8243;][vc_row_inner][vc_column_inner width=&#8221;1\/3&#8243;][vc_column_text]Oznaczenie ka\u017cdego elementu odlewu pozwala na weryfikacj\u0119 jako\u015bci produkt\u00f3w podczas ca\u0142ego procesu produkcyjnego. W ten spos\u00f3b zapewniamy stale wysoki poziom jako\u015bci naszych produkt\u00f3w. Produkujemy w oparciu o restrykcyjne wytyczne, zgodne z norm\u0105 ISO EN 9001 (2000).[\/vc_column_text][\/vc_column_inner][vc_column_inner width=&#8221;1\/3&#8243;][vc_column_text]Na ko\u0144cu procesu produkcyjnego ka\u017cdy odlew badany jest na wskro\u015b. Pr\u00f3cz testu twardo\u015bci, dostosowanego do materia\u0142u i produktu, poddajemy 100 % dostarczanych cz\u0119\u015bci zu\u017cywaj\u0105cych si\u0119 magnetycznej kontroli p\u0119kni\u0119\u0107 i w razie potrzeby r\u00f3wnie\u017c dodatkowej kontroli ultrad\u017awi\u0119kami.[\/vc_column_text][\/vc_column_inner][vc_column_inner width=&#8221;1\/3&#8243;][vc_column_text]Dalej nast\u0119puj\u0105 kontrole wymiar\u00f3w i mas, a nast\u0119pnie produkty dobierane s\u0105 wzajemnie w jednostki dostawy w ramach w\u0105skich zakres\u00f3w tolerancji. W ten spos\u00f3b zapewniamy odpowiednie wywa\u017cenie podzespo\u0142\u00f3w wiruj\u0105cych.[\/vc_column_text][\/vc_column_inner][\/vc_row_inner][\/vc_column][\/vc_row]","og_url":"https:\/\/stahlwerke-bochum.com\/pl\/dzial-kontroli\/","og_site_name":"Stahlwerke Bochum","article_modified_time":"2018-07-11T06:02:32+00:00","twitter_card":"summary_large_image","twitter_misc":{"Szacowany czas czytania":"1 minuta"},"schema":{"@context":"https:\/\/schema.org","@graph":[{"@type":"WebPage","@id":"https:\/\/stahlwerke-bochum.com\/pl\/dzial-kontroli\/","url":"https:\/\/stahlwerke-bochum.com\/pl\/dzial-kontroli\/","name":"Dzia\u0142 Kontroli - Stahlwerke Bochum","isPartOf":{"@id":"https:\/\/stahlwerke-bochum.com\/#website"},"datePublished":"2018-06-20T10:30:36+00:00","dateModified":"2018-07-11T06:02:32+00:00","breadcrumb":{"@id":"https:\/\/stahlwerke-bochum.com\/pl\/dzial-kontroli\/#breadcrumb"},"inLanguage":"pl-PL","potentialAction":[{"@type":"ReadAction","target":["https:\/\/stahlwerke-bochum.com\/pl\/dzial-kontroli\/"]}]},{"@type":"BreadcrumbList","@id":"https:\/\/stahlwerke-bochum.com\/pl\/dzial-kontroli\/#breadcrumb","itemListElement":[{"@type":"ListItem","position":1,"name":"Startseite","item":"https:\/\/stahlwerke-bochum.com\/pl\/"},{"@type":"ListItem","position":2,"name":"Dzia\u0142 Kontroli"}]},{"@type":"WebSite","@id":"https:\/\/stahlwerke-bochum.com\/#website","url":"https:\/\/stahlwerke-bochum.com\/","name":"Stahlwerke Bochum","description":"Entwicklung und Herstellung von Verschleisswerkzeugen f\u00fcr die Aufbereitungstechnik, Zerkleinerungstechnik und Recyclingtechnik.","publisher":{"@id":"https:\/\/stahlwerke-bochum.com\/#organization"},"potentialAction":[{"@type":"SearchAction","target":{"@type":"EntryPoint","urlTemplate":"https:\/\/stahlwerke-bochum.com\/?s={search_term_string}"},"query-input":{"@type":"PropertyValueSpecification","valueRequired":true,"valueName":"search_term_string"}}],"inLanguage":"pl-PL"},{"@type":"Organization","@id":"https:\/\/stahlwerke-bochum.com\/#organization","name":"Stahlwerke Bochum","url":"https:\/\/stahlwerke-bochum.com\/","logo":{"@type":"ImageObject","inLanguage":"pl-PL","@id":"https:\/\/stahlwerke-bochum.com\/#\/schema\/logo\/image\/","url":"https:\/\/stahlwerke-bochum.com\/wp-content\/uploads\/2018\/06\/swb-logo2.jpg","contentUrl":"https:\/\/stahlwerke-bochum.com\/wp-content\/uploads\/2018\/06\/swb-logo2.jpg","width":500,"height":82,"caption":"Stahlwerke Bochum"},"image":{"@id":"https:\/\/stahlwerke-bochum.com\/#\/schema\/logo\/image\/"}}]}},"_links":{"self":[{"href":"https:\/\/stahlwerke-bochum.com\/pl\/wp-json\/wp\/v2\/pages\/20554","targetHints":{"allow":["GET"]}}],"collection":[{"href":"https:\/\/stahlwerke-bochum.com\/pl\/wp-json\/wp\/v2\/pages"}],"about":[{"href":"https:\/\/stahlwerke-bochum.com\/pl\/wp-json\/wp\/v2\/types\/page"}],"author":[{"embeddable":true,"href":"https:\/\/stahlwerke-bochum.com\/pl\/wp-json\/wp\/v2\/users\/4"}],"replies":[{"embeddable":true,"href":"https:\/\/stahlwerke-bochum.com\/pl\/wp-json\/wp\/v2\/comments?post=20554"}],"version-history":[{"count":4,"href":"https:\/\/stahlwerke-bochum.com\/pl\/wp-json\/wp\/v2\/pages\/20554\/revisions"}],"predecessor-version":[{"id":20714,"href":"https:\/\/stahlwerke-bochum.com\/pl\/wp-json\/wp\/v2\/pages\/20554\/revisions\/20714"}],"wp:attachment":[{"href":"https:\/\/stahlwerke-bochum.com\/pl\/wp-json\/wp\/v2\/media?parent=20554"}],"curies":[{"name":"wp","href":"https:\/\/api.w.org\/{rel}","templated":true}]}}