{"id":20465,"date":"2018-06-18T10:23:33","date_gmt":"2018-06-18T08:23:33","guid":{"rendered":"http:\/\/192.168.6.130\/home_d\/"},"modified":"2026-04-09T14:30:55","modified_gmt":"2026-04-09T12:30:55","slug":"home_d","status":"publish","type":"page","link":"https:\/\/stahlwerke-bochum.com\/pl\/","title":{"rendered":"O nas"},"content":{"rendered":"<p>[vc_row type=&#8221;full_width_section&#8221; bg_color=&#8221;#00508a&#8221; section_arrow=&#8221;false&#8221; bottom_padding=&#8221;10&#8243;][vc_column width=&#8221;1\/1&#8243;][rev_slider_vc alias=&#8221;main_ifat_2026_uni&#8221;][\/vc_column][\/vc_row][vc_row top_padding=&#8221;50&#8243; bottom_padding=&#8221;50&#8243;][vc_column width=&#8221;1\/1&#8243;]<div class=\"single_image wpb_content_element align-left    hide\" data-animation=\"none\" data-delay=\"0\"><img loading=\"lazy\" decoding=\"async\" width=\"1201\" height=\"200\" src=\"https:\/\/stahlwerke-bochum.com\/wp-content\/uploads\/2020\/04\/18488-Banner-SWB-new-dimensions-IFAT-2020_GB_V2.jpg\" class=\"attachment-full\" alt=\"\" srcset=\"https:\/\/stahlwerke-bochum.com\/wp-content\/uploads\/2020\/04\/18488-Banner-SWB-new-dimensions-IFAT-2020_GB_V2.jpg 1201w, https:\/\/stahlwerke-bochum.com\/wp-content\/uploads\/2020\/04\/18488-Banner-SWB-new-dimensions-IFAT-2020_GB_V2-300x50.jpg 300w, https:\/\/stahlwerke-bochum.com\/wp-content\/uploads\/2020\/04\/18488-Banner-SWB-new-dimensions-IFAT-2020_GB_V2-768x128.jpg 768w, https:\/\/stahlwerke-bochum.com\/wp-content\/uploads\/2020\/04\/18488-Banner-SWB-new-dimensions-IFAT-2020_GB_V2-1024x171.jpg 1024w\" sizes=\"auto, (max-width: 1201px) 100vw, 1201px\" \/><\/div>[vc_column_text]<\/p>\n<h1 style=\"text-align: center;\">REPUTACJA NA CA\u0141YM \u015aWIECIE<\/h1>\n<p>[\/vc_column_text][vc_column_text]<\/p>\n<p style=\"text-align: center;\"><strong>Dzia\u0142amy na ca\u0142ym globie. Dostarczamy nasze wysokiej jako\u015bci produkty z Bochum<br \/>\ndo ponad 50 kraj\u00f3w na \u015bwiecie.<\/strong><\/p>\n<p>[\/vc_column_text][vc_separator color=&#8221;custom&#8221; el_width=&#8221;50&#8243; accent_color=&#8221;#757575&#8243;][\/vc_column][\/vc_row][vc_row top_padding=&#8221;50&#8243; bottom_padding=&#8221;50&#8243;][vc_column width=&#8221;1\/3&#8243;][vc_column_text]Jeste\u015bmy kompetentnym partnerem dla naszych Klient\u00f3w podczas zdobywania nowych rynk\u00f3w. Nie \u201eMade in Germany\u201d, lecz \u201e<strong>Created in Germany<\/strong>\u201d \u2013 to dla nas wyzwanie i zobowi\u0105zanie zarazem.[\/vc_column_text][\/vc_column][vc_column width=&#8221;1\/3&#8243;][vc_column_text]Razem z naszymi Klientami stale dbamy o ochron\u0119 \u015brodowiska. Produkty konkurencji cz\u0119sto powlekane s\u0105 przed dostaw\u0105. Pow\u0142oka ta w trudnych warunkach utrzymuje zaledwie przez kilka minut.[\/vc_column_text][\/vc_column][vc_column width=&#8221;1\/3&#8243;][vc_column_text]Produkty SWB nie potrzebuj\u0105 tej pow\u0142oki. Ich jako\u015b\u0107 mo\u017cna dos\u0142ownie \u201ezobaczy\u0107\u201d. Jednocze\u015bnie dbamy o \u015brodowisko. W ten spos\u00f3b reputacja staje si\u0119 faktem.[\/vc_column_text][\/vc_column][\/vc_row][vc_row top_padding=&#8221;50&#8243; bottom_padding=&#8221;50&#8243;][vc_column animation=&#8221;fade-in-from-bottom&#8221; width=&#8221;1\/1&#8243; delay=&#8221;500&#8243;]<div class=\"box clearfix style-2 wpb_content_element align-left \" style=\"padding: 40px 40px 40px 40px; \">\n<h4 style=\"text-align: left;\">Dobrze wiedzie\u0107:<\/h4>\n<p style=\"text-align: left;\"><strong>Pakiet Oferty Kompleksowej SWB\u00a0<\/strong>zawiera\u00a0<strong>rozw\u00f3j, produkcj\u0119<\/strong>\u00a0I\u00a0<strong>dostaw\u0119\u00a0<\/strong>optymalnych dla Pa\u0144stwa maszyn, cz\u0119\u015bci zu\u017cywaj\u0105cych si\u0119 i komponent\u00f3w. Nasi Klienci korzystaj\u0105 z naszego wieloletniego do\u015bwiadczenia w doradzaniu w kwestii zastosowa\u0144. Wsp\u00f3lnie optymalizujemy wykorzystanie Pa\u0144stwa maszyn i urz\u0105dze\u0144.<\/p>\n<\/div>[\/vc_column][\/vc_row][vc_row bg_color=&#8221;#00508a&#8221; text_color=&#8221;light&#8221; text_align=&#8221;center&#8221;][vc_column width=&#8221;1\/3&#8243;][vc_empty_space][vc_column_text]<\/p>\n<p style=\"text-align: center;\"><strong>PONAD<\/strong><\/p>\n<p>[\/vc_column_text]<div class=\"counter clearfix wpb_content_element\"><div class=\"counter-number\" style=\"color: #ffffff !important;\">5098800<\/div><span class=\"counter-title\">LISTWY UDERZAJ\u0104CE<\/span><\/div>[vc_empty_space][\/vc_column][vc_column width=&#8221;1\/3&#8243;][vc_empty_space][vc_column_text]<\/p>\n<p style=\"text-align: center;\"><strong>PONAD<\/strong><\/p>\n<p>[\/vc_column_text]<div class=\"counter clearfix wpb_content_element\"><div class=\"counter-number\" style=\"color: #ffffff !important;\">1321200<\/div><span class=\"counter-title\">M\u0141OTY<\/span><\/div>[vc_empty_space][\/vc_column][vc_column width=&#8221;1\/3&#8243;][vc_empty_space][vc_column_text]<\/p>\n<p style=\"text-align: center;\"><strong>PONAD<\/strong><\/p>\n<p>[\/vc_column_text]<div class=\"counter clearfix wpb_content_element\"><div class=\"counter-number\" style=\"color: #ffffff !important;\">1380<\/div><span class=\"counter-title\">KULE ROZDRABNIAJ\u0104CE<\/span><\/div>[vc_empty_space][\/vc_column][\/vc_row][vc_row top_padding=&#8221;50&#8243; bottom_padding=&#8221;50&#8243;][vc_column animation=&#8221;fade-in-from-left&#8221; width=&#8221;1\/2&#8243;]<div class=\"box clearfix style-1 wpb_content_element align-center \" style=\"padding: 0; \">\n<div style=\"width: 1161px;\" class=\"wp-video\"><video class=\"wp-video-shortcode\" id=\"video-20465-1\" width=\"1161\" height=\"653\" poster=\"https:\/\/stahlwerke-bochum.com\/wp-content\/uploads\/2022\/01\/stahlrecycling_gb-1.jpg\" preload=\"metadata\" controls=\"controls\"><source type=\"video\/mp4\" src=\"https:\/\/stahlwerke-bochum.com\/wp-content\/uploads\/2022\/01\/Always-in-motion-Steelrecycling.mp4?_=1\" \/><a href=\"https:\/\/stahlwerke-bochum.com\/wp-content\/uploads\/2022\/01\/Always-in-motion-Steelrecycling.mp4\">https:\/\/stahlwerke-bochum.com\/wp-content\/uploads\/2022\/01\/Always-in-motion-Steelrecycling.mp4<\/a><\/video><\/div>\n<\/div>[\/vc_column][vc_column animation=&#8221;fade-in-from-right&#8221; width=&#8221;1\/2&#8243;]<div class=\"box clearfix style-1 wpb_content_element align-center \" style=\"padding: 0; \">\n<div style=\"width: 1161px;\" class=\"wp-video\"><video class=\"wp-video-shortcode\" id=\"video-20465-2\" width=\"1161\" height=\"653\" poster=\"https:\/\/stahlwerke-bochum.com\/wp-content\/uploads\/2022\/01\/steine_erden_gb.jpg\" preload=\"metadata\" controls=\"controls\"><source type=\"video\/mp4\" src=\"https:\/\/stahlwerke-bochum.com\/wp-content\/uploads\/2022\/01\/Always-in-motion-Mineral-Processing.mp4?_=2\" \/><a href=\"https:\/\/stahlwerke-bochum.com\/wp-content\/uploads\/2022\/01\/Always-in-motion-Mineral-Processing.mp4\">https:\/\/stahlwerke-bochum.com\/wp-content\/uploads\/2022\/01\/Always-in-motion-Mineral-Processing.mp4<\/a><\/video><\/div>\n<\/div>[\/vc_column][\/vc_row]<\/p>\n","protected":false},"excerpt":{"rendered":"<p>[vc_row type=&#8221;full_width_section&#8221; bg_color=&#8221;#00508a&#8221; section_arrow=&#8221;false&#8221; bottom_padding=&#8221;10&#8243;][vc_column width=&#8221;1\/1&#8243;][rev_slider_vc alias=&#8221;main_ifat_2026_uni&#8221;][\/vc_column][\/vc_row][vc_row top_padding=&#8221;50&#8243; bottom_padding=&#8221;50&#8243;][vc_column width=&#8221;1\/1&#8243;][vc_column_text] REPUTACJA NA CA\u0141YM \u015aWIECIE [\/vc_column_text][vc_column_text] Dzia\u0142amy na ca\u0142ym globie. Dostarczamy nasze wysokiej jako\u015bci produkty z Bochum do ponad 50 kraj\u00f3w na \u015bwiecie. [\/vc_column_text][vc_separator color=&#8221;custom&#8221; el_width=&#8221;50&#8243; accent_color=&#8221;#757575&#8243;][\/vc_column][\/vc_row][vc_row top_padding=&#8221;50&#8243; bottom_padding=&#8221;50&#8243;][vc_column width=&#8221;1\/3&#8243;][vc_column_text]Jeste\u015bmy kompetentnym partnerem dla naszych Klient\u00f3w podczas zdobywania nowych rynk\u00f3w. Nie \u201eMade in Germany\u201d, lecz \u201eCreated in Germany\u201d \u2013 to dla nas wyzwanie i zobowi\u0105zanie zarazem.[\/vc_column_text][\/vc_column][vc_column width=&#8221;1\/3&#8243;][vc_column_text]Razem z naszymi Klientami stale dbamy o ochron\u0119 \u015brodowiska. Produkty konkurencji cz\u0119sto powlekane s\u0105 przed dostaw\u0105. Pow\u0142oka ta w trudnych warunkach utrzymuje zaledwie przez kilka minut.[\/vc_column_text][\/vc_column][vc_column width=&#8221;1\/3&#8243;][vc_column_text]Produkty SWB nie potrzebuj\u0105 tej pow\u0142oki. Ich jako\u015b\u0107 mo\u017cna dos\u0142ownie \u201ezobaczy\u0107\u201d. Jednocze\u015bnie dbamy o \u015brodowisko. W ten spos\u00f3b reputacja staje si\u0119 faktem.[\/vc_column_text][\/vc_column][\/vc_row][vc_row top_padding=&#8221;50&#8243; bottom_padding=&#8221;50&#8243;][vc_column animation=&#8221;fade-in-from-bottom&#8221; width=&#8221;1\/1&#8243; delay=&#8221;500&#8243;][\/vc_column][\/vc_row][vc_row bg_color=&#8221;#00508a&#8221; text_color=&#8221;light&#8221; text_align=&#8221;center&#8221;][vc_column width=&#8221;1\/3&#8243;][vc_empty_space][vc_column_text] PONAD [\/vc_column_text][vc_empty_space][\/vc_column][vc_column width=&#8221;1\/3&#8243;][vc_empty_space][vc_column_text] PONAD [\/vc_column_text][vc_empty_space][\/vc_column][vc_column width=&#8221;1\/3&#8243;][vc_empty_space][vc_column_text] PONAD [\/vc_column_text][vc_empty_space][\/vc_column][\/vc_row][vc_row top_padding=&#8221;50&#8243; bottom_padding=&#8221;50&#8243;][vc_column animation=&#8221;fade-in-from-left&#8221; width=&#8221;1\/2&#8243;][\/vc_column][vc_column animation=&#8221;fade-in-from-right&#8221; width=&#8221;1\/2&#8243;][\/vc_column][\/vc_row]<\/p>\n","protected":false},"author":4,"featured_media":0,"parent":0,"menu_order":0,"comment_status":"closed","ping_status":"closed","template":"","meta":{"footnotes":""},"class_list":["post-20465","page","type-page","status-publish","hentry"],"yoast_head":"<!-- This site is optimized with the Yoast SEO Premium plugin v26.9 (Yoast SEO v27.3) - https:\/\/yoast.com\/product\/yoast-seo-premium-wordpress\/ -->\n<title>O nas - Stahlwerke Bochum<\/title>\n<meta name=\"robots\" content=\"index, follow, max-snippet:-1, max-image-preview:large, max-video-preview:-1\" \/>\n<link rel=\"canonical\" href=\"https:\/\/stahlwerke-bochum.com\/pl\/\" \/>\n<meta property=\"og:locale\" content=\"pl_PL\" \/>\n<meta property=\"og:type\" content=\"article\" \/>\n<meta property=\"og:title\" content=\"O nas\" \/>\n<meta property=\"og:description\" content=\"[vc_row type=&#8221;full_width_section&#8221; bg_color=&#8221;#00508a&#8221; section_arrow=&#8221;false&#8221; bottom_padding=&#8221;10&#8243;][vc_column width=&#8221;1\/1&#8243;][rev_slider_vc alias=&#8221;main_ifat_2026_uni&#8221;][\/vc_column][\/vc_row][vc_row top_padding=&#8221;50&#8243; bottom_padding=&#8221;50&#8243;][vc_column width=&#8221;1\/1&#8243;][vc_column_text] REPUTACJA NA CA\u0141YM \u015aWIECIE [\/vc_column_text][vc_column_text] Dzia\u0142amy na ca\u0142ym globie. Dostarczamy nasze wysokiej jako\u015bci produkty z Bochum do ponad 50 kraj\u00f3w na \u015bwiecie. [\/vc_column_text][vc_separator color=&#8221;custom&#8221; el_width=&#8221;50&#8243; accent_color=&#8221;#757575&#8243;][\/vc_column][\/vc_row][vc_row top_padding=&#8221;50&#8243; bottom_padding=&#8221;50&#8243;][vc_column width=&#8221;1\/3&#8243;][vc_column_text]Jeste\u015bmy kompetentnym partnerem dla naszych Klient\u00f3w podczas zdobywania nowych rynk\u00f3w. Nie \u201eMade in Germany\u201d, lecz \u201eCreated in Germany\u201d \u2013 to dla nas wyzwanie i zobowi\u0105zanie zarazem.[\/vc_column_text][\/vc_column][vc_column width=&#8221;1\/3&#8243;][vc_column_text]Razem z naszymi Klientami stale dbamy o ochron\u0119 \u015brodowiska. Produkty konkurencji cz\u0119sto powlekane s\u0105 przed dostaw\u0105. Pow\u0142oka ta w trudnych warunkach utrzymuje zaledwie przez kilka minut.[\/vc_column_text][\/vc_column][vc_column width=&#8221;1\/3&#8243;][vc_column_text]Produkty SWB nie potrzebuj\u0105 tej pow\u0142oki. Ich jako\u015b\u0107 mo\u017cna dos\u0142ownie \u201ezobaczy\u0107\u201d. Jednocze\u015bnie dbamy o \u015brodowisko. W ten spos\u00f3b reputacja staje si\u0119 faktem.[\/vc_column_text][\/vc_column][\/vc_row][vc_row top_padding=&#8221;50&#8243; bottom_padding=&#8221;50&#8243;][vc_column animation=&#8221;fade-in-from-bottom&#8221; width=&#8221;1\/1&#8243; delay=&#8221;500&#8243;][\/vc_column][\/vc_row][vc_row bg_color=&#8221;#00508a&#8221; text_color=&#8221;light&#8221; text_align=&#8221;center&#8221;][vc_column width=&#8221;1\/3&#8243;][vc_empty_space][vc_column_text] PONAD [\/vc_column_text][vc_empty_space][\/vc_column][vc_column width=&#8221;1\/3&#8243;][vc_empty_space][vc_column_text] PONAD [\/vc_column_text][vc_empty_space][\/vc_column][vc_column width=&#8221;1\/3&#8243;][vc_empty_space][vc_column_text] PONAD [\/vc_column_text][vc_empty_space][\/vc_column][\/vc_row][vc_row top_padding=&#8221;50&#8243; bottom_padding=&#8221;50&#8243;][vc_column animation=&#8221;fade-in-from-left&#8221; width=&#8221;1\/2&#8243;][\/vc_column][vc_column animation=&#8221;fade-in-from-right&#8221; width=&#8221;1\/2&#8243;][\/vc_column][\/vc_row]\" \/>\n<meta property=\"og:url\" content=\"https:\/\/stahlwerke-bochum.com\/pl\/\" \/>\n<meta property=\"og:site_name\" content=\"Stahlwerke Bochum\" \/>\n<meta property=\"article:modified_time\" content=\"2026-04-09T12:30:55+00:00\" \/>\n<meta name=\"twitter:card\" content=\"summary_large_image\" \/>\n<meta name=\"twitter:label1\" content=\"Szacowany czas czytania\" \/>\n\t<meta name=\"twitter:data1\" content=\"2 minuty\" \/>\n<script type=\"application\/ld+json\" class=\"yoast-schema-graph\">{\"@context\":\"https:\\\/\\\/schema.org\",\"@graph\":[{\"@type\":\"WebPage\",\"@id\":\"https:\\\/\\\/stahlwerke-bochum.com\\\/pl\\\/\",\"url\":\"https:\\\/\\\/stahlwerke-bochum.com\\\/pl\\\/\",\"name\":\"O nas - Stahlwerke Bochum\",\"isPartOf\":{\"@id\":\"https:\\\/\\\/stahlwerke-bochum.com\\\/#website\"},\"datePublished\":\"2018-06-18T08:23:33+00:00\",\"dateModified\":\"2026-04-09T12:30:55+00:00\",\"breadcrumb\":{\"@id\":\"https:\\\/\\\/stahlwerke-bochum.com\\\/pl\\\/#breadcrumb\"},\"inLanguage\":\"pl-PL\",\"potentialAction\":[{\"@type\":\"ReadAction\",\"target\":[\"https:\\\/\\\/stahlwerke-bochum.com\\\/pl\\\/\"]}]},{\"@type\":\"BreadcrumbList\",\"@id\":\"https:\\\/\\\/stahlwerke-bochum.com\\\/pl\\\/#breadcrumb\",\"itemListElement\":[{\"@type\":\"ListItem\",\"position\":1,\"name\":\"Startseite\",\"item\":\"https:\\\/\\\/stahlwerke-bochum.com\\\/pl\\\/\"},{\"@type\":\"ListItem\",\"position\":2,\"name\":\"O nas\"}]},{\"@type\":\"WebSite\",\"@id\":\"https:\\\/\\\/stahlwerke-bochum.com\\\/#website\",\"url\":\"https:\\\/\\\/stahlwerke-bochum.com\\\/\",\"name\":\"Stahlwerke Bochum\",\"description\":\"Entwicklung und Herstellung von Verschleisswerkzeugen f\u00fcr die Aufbereitungstechnik, Zerkleinerungstechnik und Recyclingtechnik.\",\"publisher\":{\"@id\":\"https:\\\/\\\/stahlwerke-bochum.com\\\/#organization\"},\"potentialAction\":[{\"@type\":\"SearchAction\",\"target\":{\"@type\":\"EntryPoint\",\"urlTemplate\":\"https:\\\/\\\/stahlwerke-bochum.com\\\/?s={search_term_string}\"},\"query-input\":{\"@type\":\"PropertyValueSpecification\",\"valueRequired\":true,\"valueName\":\"search_term_string\"}}],\"inLanguage\":\"pl-PL\"},{\"@type\":\"Organization\",\"@id\":\"https:\\\/\\\/stahlwerke-bochum.com\\\/#organization\",\"name\":\"Stahlwerke Bochum\",\"url\":\"https:\\\/\\\/stahlwerke-bochum.com\\\/\",\"logo\":{\"@type\":\"ImageObject\",\"inLanguage\":\"pl-PL\",\"@id\":\"https:\\\/\\\/stahlwerke-bochum.com\\\/#\\\/schema\\\/logo\\\/image\\\/\",\"url\":\"https:\\\/\\\/stahlwerke-bochum.com\\\/wp-content\\\/uploads\\\/2018\\\/06\\\/swb-logo2.jpg\",\"contentUrl\":\"https:\\\/\\\/stahlwerke-bochum.com\\\/wp-content\\\/uploads\\\/2018\\\/06\\\/swb-logo2.jpg\",\"width\":500,\"height\":82,\"caption\":\"Stahlwerke Bochum\"},\"image\":{\"@id\":\"https:\\\/\\\/stahlwerke-bochum.com\\\/#\\\/schema\\\/logo\\\/image\\\/\"}}]}<\/script>\n<!-- \/ Yoast SEO Premium plugin. -->","yoast_head_json":{"title":"O nas - Stahlwerke Bochum","robots":{"index":"index","follow":"follow","max-snippet":"max-snippet:-1","max-image-preview":"max-image-preview:large","max-video-preview":"max-video-preview:-1"},"canonical":"https:\/\/stahlwerke-bochum.com\/pl\/","og_locale":"pl_PL","og_type":"article","og_title":"O nas","og_description":"[vc_row type=&#8221;full_width_section&#8221; bg_color=&#8221;#00508a&#8221; section_arrow=&#8221;false&#8221; bottom_padding=&#8221;10&#8243;][vc_column width=&#8221;1\/1&#8243;][rev_slider_vc alias=&#8221;main_ifat_2026_uni&#8221;][\/vc_column][\/vc_row][vc_row top_padding=&#8221;50&#8243; bottom_padding=&#8221;50&#8243;][vc_column width=&#8221;1\/1&#8243;][vc_column_text] REPUTACJA NA CA\u0141YM \u015aWIECIE [\/vc_column_text][vc_column_text] Dzia\u0142amy na ca\u0142ym globie. Dostarczamy nasze wysokiej jako\u015bci produkty z Bochum do ponad 50 kraj\u00f3w na \u015bwiecie. [\/vc_column_text][vc_separator color=&#8221;custom&#8221; el_width=&#8221;50&#8243; accent_color=&#8221;#757575&#8243;][\/vc_column][\/vc_row][vc_row top_padding=&#8221;50&#8243; bottom_padding=&#8221;50&#8243;][vc_column width=&#8221;1\/3&#8243;][vc_column_text]Jeste\u015bmy kompetentnym partnerem dla naszych Klient\u00f3w podczas zdobywania nowych rynk\u00f3w. Nie \u201eMade in Germany\u201d, lecz \u201eCreated in Germany\u201d \u2013 to dla nas wyzwanie i zobowi\u0105zanie zarazem.[\/vc_column_text][\/vc_column][vc_column width=&#8221;1\/3&#8243;][vc_column_text]Razem z naszymi Klientami stale dbamy o ochron\u0119 \u015brodowiska. Produkty konkurencji cz\u0119sto powlekane s\u0105 przed dostaw\u0105. Pow\u0142oka ta w trudnych warunkach utrzymuje zaledwie przez kilka minut.[\/vc_column_text][\/vc_column][vc_column width=&#8221;1\/3&#8243;][vc_column_text]Produkty SWB nie potrzebuj\u0105 tej pow\u0142oki. Ich jako\u015b\u0107 mo\u017cna dos\u0142ownie \u201ezobaczy\u0107\u201d. Jednocze\u015bnie dbamy o \u015brodowisko. W ten spos\u00f3b reputacja staje si\u0119 faktem.[\/vc_column_text][\/vc_column][\/vc_row][vc_row top_padding=&#8221;50&#8243; bottom_padding=&#8221;50&#8243;][vc_column animation=&#8221;fade-in-from-bottom&#8221; width=&#8221;1\/1&#8243; delay=&#8221;500&#8243;][\/vc_column][\/vc_row][vc_row bg_color=&#8221;#00508a&#8221; text_color=&#8221;light&#8221; text_align=&#8221;center&#8221;][vc_column width=&#8221;1\/3&#8243;][vc_empty_space][vc_column_text] PONAD [\/vc_column_text][vc_empty_space][\/vc_column][vc_column width=&#8221;1\/3&#8243;][vc_empty_space][vc_column_text] PONAD [\/vc_column_text][vc_empty_space][\/vc_column][vc_column width=&#8221;1\/3&#8243;][vc_empty_space][vc_column_text] PONAD [\/vc_column_text][vc_empty_space][\/vc_column][\/vc_row][vc_row top_padding=&#8221;50&#8243; bottom_padding=&#8221;50&#8243;][vc_column animation=&#8221;fade-in-from-left&#8221; width=&#8221;1\/2&#8243;][\/vc_column][vc_column animation=&#8221;fade-in-from-right&#8221; width=&#8221;1\/2&#8243;][\/vc_column][\/vc_row]","og_url":"https:\/\/stahlwerke-bochum.com\/pl\/","og_site_name":"Stahlwerke Bochum","article_modified_time":"2026-04-09T12:30:55+00:00","twitter_card":"summary_large_image","twitter_misc":{"Szacowany czas czytania":"2 minuty"},"schema":{"@context":"https:\/\/schema.org","@graph":[{"@type":"WebPage","@id":"https:\/\/stahlwerke-bochum.com\/pl\/","url":"https:\/\/stahlwerke-bochum.com\/pl\/","name":"O nas - Stahlwerke Bochum","isPartOf":{"@id":"https:\/\/stahlwerke-bochum.com\/#website"},"datePublished":"2018-06-18T08:23:33+00:00","dateModified":"2026-04-09T12:30:55+00:00","breadcrumb":{"@id":"https:\/\/stahlwerke-bochum.com\/pl\/#breadcrumb"},"inLanguage":"pl-PL","potentialAction":[{"@type":"ReadAction","target":["https:\/\/stahlwerke-bochum.com\/pl\/"]}]},{"@type":"BreadcrumbList","@id":"https:\/\/stahlwerke-bochum.com\/pl\/#breadcrumb","itemListElement":[{"@type":"ListItem","position":1,"name":"Startseite","item":"https:\/\/stahlwerke-bochum.com\/pl\/"},{"@type":"ListItem","position":2,"name":"O nas"}]},{"@type":"WebSite","@id":"https:\/\/stahlwerke-bochum.com\/#website","url":"https:\/\/stahlwerke-bochum.com\/","name":"Stahlwerke Bochum","description":"Entwicklung und Herstellung von Verschleisswerkzeugen f\u00fcr die Aufbereitungstechnik, Zerkleinerungstechnik und Recyclingtechnik.","publisher":{"@id":"https:\/\/stahlwerke-bochum.com\/#organization"},"potentialAction":[{"@type":"SearchAction","target":{"@type":"EntryPoint","urlTemplate":"https:\/\/stahlwerke-bochum.com\/?s={search_term_string}"},"query-input":{"@type":"PropertyValueSpecification","valueRequired":true,"valueName":"search_term_string"}}],"inLanguage":"pl-PL"},{"@type":"Organization","@id":"https:\/\/stahlwerke-bochum.com\/#organization","name":"Stahlwerke Bochum","url":"https:\/\/stahlwerke-bochum.com\/","logo":{"@type":"ImageObject","inLanguage":"pl-PL","@id":"https:\/\/stahlwerke-bochum.com\/#\/schema\/logo\/image\/","url":"https:\/\/stahlwerke-bochum.com\/wp-content\/uploads\/2018\/06\/swb-logo2.jpg","contentUrl":"https:\/\/stahlwerke-bochum.com\/wp-content\/uploads\/2018\/06\/swb-logo2.jpg","width":500,"height":82,"caption":"Stahlwerke Bochum"},"image":{"@id":"https:\/\/stahlwerke-bochum.com\/#\/schema\/logo\/image\/"}}]}},"_links":{"self":[{"href":"https:\/\/stahlwerke-bochum.com\/pl\/wp-json\/wp\/v2\/pages\/20465","targetHints":{"allow":["GET"]}}],"collection":[{"href":"https:\/\/stahlwerke-bochum.com\/pl\/wp-json\/wp\/v2\/pages"}],"about":[{"href":"https:\/\/stahlwerke-bochum.com\/pl\/wp-json\/wp\/v2\/types\/page"}],"author":[{"embeddable":true,"href":"https:\/\/stahlwerke-bochum.com\/pl\/wp-json\/wp\/v2\/users\/4"}],"replies":[{"embeddable":true,"href":"https:\/\/stahlwerke-bochum.com\/pl\/wp-json\/wp\/v2\/comments?post=20465"}],"version-history":[{"count":40,"href":"https:\/\/stahlwerke-bochum.com\/pl\/wp-json\/wp\/v2\/pages\/20465\/revisions"}],"predecessor-version":[{"id":23941,"href":"https:\/\/stahlwerke-bochum.com\/pl\/wp-json\/wp\/v2\/pages\/20465\/revisions\/23941"}],"wp:attachment":[{"href":"https:\/\/stahlwerke-bochum.com\/pl\/wp-json\/wp\/v2\/media?parent=20465"}],"curies":[{"name":"wp","href":"https:\/\/api.w.org\/{rel}","templated":true}]}}