{"id":20352,"date":"2018-06-20T11:05:34","date_gmt":"2018-06-20T09:05:34","guid":{"rendered":"http:\/\/192.168.6.130\/prozesse\/"},"modified":"2022-01-12T14:36:08","modified_gmt":"2022-01-12T13:36:08","slug":"sterowanie-procesem","status":"publish","type":"page","link":"https:\/\/stahlwerke-bochum.com\/pl\/sterowanie-procesem\/","title":{"rendered":"Sterowanie Procesem"},"content":{"rendered":"<p>[vc_row type=&#8221;full_width_section&#8221; bottom_padding=&#8221;50&#8243;][vc_column width=&#8221;1\/1&#8243;][rev_slider_vc alias=&#8221;prozesse&#8221;][\/vc_column][\/vc_row][vc_row top_padding=&#8221;50&#8243; bottom_padding=&#8221;50&#8243;][vc_column width=&#8221;1\/1&#8243;][vc_column_text]<\/p>\n<h1 style=\"text-align: center;\"><span style=\"color: #00518b;\"> STEROWANIE PROCESEM<\/span><\/h1>\n<p>[\/vc_column_text][vc_column_text]<\/p>\n<p style=\"text-align: center; color: #575756;\"><strong>\u201eJako\u015b\u0107 nie powstaje \u0142atwo.<br \/>\nDo Jako\u015bci trzeba d\u0105\u017cy\u0107.\u201d<\/strong><\/p>\n<p>[\/vc_column_text][vc_separator color=&#8221;custom&#8221; el_width=&#8221;50&#8243; accent_color=&#8221;#757575&#8243;][\/vc_column][\/vc_row][vc_row top_padding=&#8221;50&#8243; bottom_padding=&#8221;50&#8243;][vc_column width=&#8221;1\/1&#8243;][vc_row_inner][vc_column_inner width=&#8221;1\/3&#8243;][vc_column_text]Uto\u017csamianie si\u0119 z tym twierdzeniem i jego realizacja w praktyce s\u0105 g\u0142\u0119boko zakorzenione we wszystkich fazach naszej dzia\u0142alno\u015bci jako przedsi\u0119biorstwa. Bo dla nas jako\u015b\u0107 zaczyna si\u0119 znacznie wcze\u015bniej. Ju\u017c podczas doradzania Klientom naszym za\u0142o\u017ceniem i rol\u0105, kt\u00f3r\u0105 sobie wyznaczyli\u015bmy jest dostarczanie produktu najlepszego pod ka\u017cdym wzgl\u0119dem.[\/vc_column_text][\/vc_column_inner][vc_column_inner width=&#8221;1\/3&#8243;][vc_column_text]Projektujemy, produkujemy i dostarczamy Jako\u015b\u0107. D\u0142ugotrwa\u0142a realizacja tej zasady wymaga r\u00f3wnie\u017c dok\u0142adnego i weryfikowalnego na ka\u017cdym etapie sterowania procesami produkcyjnymi, od momentu konstrukcji a\u017c do obr\u00f3bki cieplnej. Za pomoc\u0105 najnowocze\u015bniejszych technologii CAD CAM tworzymy optymalne konstrukcje cz\u0119\u015bci zu\u017cywaj\u0105cych si\u0119.[\/vc_column_text][\/vc_column_inner][vc_column_inner width=&#8221;1\/3&#8243;][vc_column_text]Kolejne etapy produkcyjne, proces odlewania i obr\u00f3bka cieplna kontrolowane s\u0105 i ustalane przed rozpocz\u0119ciem produkcji za pomoc\u0105 program\u00f3w symulacyjnych. W ten spos\u00f3b staj\u0105 si\u0119 podstaw\u0105 do sterowania rzeczywistymi procesami produkcyjnymi. Nic nie pozostawiamy przypadkowi. Bo Jako\u015b\u0107 nie jest dzie\u0142em przypadku, lecz wynikiem dopracowanych proces\u00f3w produkcyjnych.[\/vc_column_text][\/vc_column_inner][\/vc_row_inner][\/vc_column][\/vc_row][vc_row top_padding=&#8221;50&#8243; bottom_padding=&#8221;50&#8243;][vc_column animation=&#8221;fade-in-from-left&#8221; bg_color=&#8221;#efefef&#8221; column_padding=&#8221;padding-1&#8243; width=&#8221;1\/2&#8243; delay=&#8221;500&#8243;]<div class=\"box clearfix style-1 wpb_content_element align-center \" style=\"padding: 0; \">\n<div style=\"width: 480px;\" class=\"wp-video\"><video class=\"wp-video-shortcode\" id=\"video-20352-1\" width=\"480\" height=\"320\" poster=\"https:\/\/stahlwerke-bochum.com\/wp-content\/uploads\/2022\/01\/startprozess.jpg\" preload=\"metadata\" controls=\"controls\"><source type=\"video\/mp4\" src=\"https:\/\/stahlwerke-bochum.com\/wp-content\/uploads\/2022\/01\/Prozesssteuerung-1.mp4?_=1\" \/><a href=\"https:\/\/stahlwerke-bochum.com\/wp-content\/uploads\/2022\/01\/Prozesssteuerung-1.mp4\">https:\/\/stahlwerke-bochum.com\/wp-content\/uploads\/2022\/01\/Prozesssteuerung-1.mp4<\/a><\/video><\/div>\n<\/div>[\/vc_column][vc_column animation=&#8221;fade-in-from-right&#8221; width=&#8221;1\/2&#8243; delay=&#8221;500&#8243;][vc_single_image image=&#8221;18343&#8243; img_size=&#8221;large&#8221;][\/vc_column][\/vc_row][vc_row top_padding=&#8221;50&#8243; bottom_padding=&#8221;50&#8243; class=&#8221;hide_this&#8221;][vc_column animation=&#8221;fade-in-from-bottom&#8221; width=&#8221;1\/1&#8243; delay=&#8221;500&#8243;]<div class=\"box clearfix style-2 wpb_content_element align-left \" style=\"padding: 40px 40px 40px 40px; \">\n<h4 style=\"text-align: left;\"><span style=\"color: #ff00ff;\">Gut zu wissen:<\/span><\/h4>\n<p style=\"text-align: left;\"><span style=\"color: #ff00ff;\"><b>Lorem Ipsum.<\/b><\/span><\/p>\n<\/div>[\/vc_column][\/vc_row]<\/p>\n","protected":false},"excerpt":{"rendered":"<p>[vc_row type=&#8221;full_width_section&#8221; bottom_padding=&#8221;50&#8243;][vc_column width=&#8221;1\/1&#8243;][rev_slider_vc alias=&#8221;prozesse&#8221;][\/vc_column][\/vc_row][vc_row top_padding=&#8221;50&#8243; bottom_padding=&#8221;50&#8243;][vc_column width=&#8221;1\/1&#8243;][vc_column_text] STEROWANIE PROCESEM [\/vc_column_text][vc_column_text] \u201eJako\u015b\u0107 nie powstaje \u0142atwo. Do Jako\u015bci trzeba d\u0105\u017cy\u0107.\u201d [\/vc_column_text][vc_separator color=&#8221;custom&#8221; el_width=&#8221;50&#8243; accent_color=&#8221;#757575&#8243;][\/vc_column][\/vc_row][vc_row top_padding=&#8221;50&#8243; bottom_padding=&#8221;50&#8243;][vc_column width=&#8221;1\/1&#8243;][vc_row_inner][vc_column_inner width=&#8221;1\/3&#8243;][vc_column_text]Uto\u017csamianie si\u0119 z tym twierdzeniem i jego realizacja w praktyce s\u0105 g\u0142\u0119boko zakorzenione we wszystkich fazach naszej dzia\u0142alno\u015bci jako przedsi\u0119biorstwa. Bo dla nas jako\u015b\u0107 zaczyna si\u0119 znacznie wcze\u015bniej. Ju\u017c podczas doradzania Klientom naszym za\u0142o\u017ceniem i rol\u0105, kt\u00f3r\u0105 sobie wyznaczyli\u015bmy jest dostarczanie produktu najlepszego pod ka\u017cdym wzgl\u0119dem.[\/vc_column_text][\/vc_column_inner][vc_column_inner width=&#8221;1\/3&#8243;][vc_column_text]Projektujemy, produkujemy i dostarczamy Jako\u015b\u0107. D\u0142ugotrwa\u0142a realizacja tej zasady wymaga r\u00f3wnie\u017c dok\u0142adnego i weryfikowalnego na ka\u017cdym etapie sterowania procesami produkcyjnymi, od momentu konstrukcji a\u017c do obr\u00f3bki cieplnej. Za pomoc\u0105 najnowocze\u015bniejszych technologii CAD CAM tworzymy optymalne konstrukcje cz\u0119\u015bci zu\u017cywaj\u0105cych si\u0119.[\/vc_column_text][\/vc_column_inner][vc_column_inner width=&#8221;1\/3&#8243;][vc_column_text]Kolejne etapy produkcyjne, proces odlewania i obr\u00f3bka cieplna kontrolowane s\u0105 i ustalane przed rozpocz\u0119ciem produkcji za pomoc\u0105 program\u00f3w symulacyjnych. W ten spos\u00f3b staj\u0105 si\u0119 podstaw\u0105 do sterowania rzeczywistymi procesami produkcyjnymi. Nic nie pozostawiamy przypadkowi. Bo Jako\u015b\u0107 nie jest dzie\u0142em przypadku, lecz wynikiem dopracowanych proces\u00f3w produkcyjnych.[\/vc_column_text][\/vc_column_inner][\/vc_row_inner][\/vc_column][\/vc_row][vc_row top_padding=&#8221;50&#8243; bottom_padding=&#8221;50&#8243;][vc_column animation=&#8221;fade-in-from-left&#8221; bg_color=&#8221;#efefef&#8221; column_padding=&#8221;padding-1&#8243; width=&#8221;1\/2&#8243; delay=&#8221;500&#8243;][\/vc_column][vc_column animation=&#8221;fade-in-from-right&#8221; width=&#8221;1\/2&#8243; delay=&#8221;500&#8243;][vc_single_image image=&#8221;18343&#8243; img_size=&#8221;large&#8221;][\/vc_column][\/vc_row][vc_row top_padding=&#8221;50&#8243; bottom_padding=&#8221;50&#8243; class=&#8221;hide_this&#8221;][vc_column animation=&#8221;fade-in-from-bottom&#8221; width=&#8221;1\/1&#8243; delay=&#8221;500&#8243;][\/vc_column][\/vc_row]<\/p>\n","protected":false},"author":4,"featured_media":0,"parent":0,"menu_order":0,"comment_status":"closed","ping_status":"closed","template":"","meta":{"footnotes":""},"class_list":["post-20352","page","type-page","status-publish","hentry"],"yoast_head":"<!-- This site is optimized with the Yoast SEO Premium plugin v26.9 (Yoast SEO v27.3) - https:\/\/yoast.com\/product\/yoast-seo-premium-wordpress\/ -->\n<title>Sterowanie Procesem - Stahlwerke Bochum<\/title>\n<meta name=\"robots\" content=\"index, follow, max-snippet:-1, max-image-preview:large, max-video-preview:-1\" \/>\n<link rel=\"canonical\" href=\"https:\/\/stahlwerke-bochum.com\/pl\/sterowanie-procesem\/\" \/>\n<meta property=\"og:locale\" content=\"pl_PL\" \/>\n<meta property=\"og:type\" content=\"article\" \/>\n<meta property=\"og:title\" content=\"Sterowanie Procesem\" \/>\n<meta property=\"og:description\" content=\"[vc_row type=&#8221;full_width_section&#8221; bottom_padding=&#8221;50&#8243;][vc_column width=&#8221;1\/1&#8243;][rev_slider_vc alias=&#8221;prozesse&#8221;][\/vc_column][\/vc_row][vc_row top_padding=&#8221;50&#8243; bottom_padding=&#8221;50&#8243;][vc_column width=&#8221;1\/1&#8243;][vc_column_text] STEROWANIE PROCESEM [\/vc_column_text][vc_column_text] \u201eJako\u015b\u0107 nie powstaje \u0142atwo. Do Jako\u015bci trzeba d\u0105\u017cy\u0107.\u201d [\/vc_column_text][vc_separator color=&#8221;custom&#8221; el_width=&#8221;50&#8243; accent_color=&#8221;#757575&#8243;][\/vc_column][\/vc_row][vc_row top_padding=&#8221;50&#8243; bottom_padding=&#8221;50&#8243;][vc_column width=&#8221;1\/1&#8243;][vc_row_inner][vc_column_inner width=&#8221;1\/3&#8243;][vc_column_text]Uto\u017csamianie si\u0119 z tym twierdzeniem i jego realizacja w praktyce s\u0105 g\u0142\u0119boko zakorzenione we wszystkich fazach naszej dzia\u0142alno\u015bci jako przedsi\u0119biorstwa. Bo dla nas jako\u015b\u0107 zaczyna si\u0119 znacznie wcze\u015bniej. Ju\u017c podczas doradzania Klientom naszym za\u0142o\u017ceniem i rol\u0105, kt\u00f3r\u0105 sobie wyznaczyli\u015bmy jest dostarczanie produktu najlepszego pod ka\u017cdym wzgl\u0119dem.[\/vc_column_text][\/vc_column_inner][vc_column_inner width=&#8221;1\/3&#8243;][vc_column_text]Projektujemy, produkujemy i dostarczamy Jako\u015b\u0107. D\u0142ugotrwa\u0142a realizacja tej zasady wymaga r\u00f3wnie\u017c dok\u0142adnego i weryfikowalnego na ka\u017cdym etapie sterowania procesami produkcyjnymi, od momentu konstrukcji a\u017c do obr\u00f3bki cieplnej. Za pomoc\u0105 najnowocze\u015bniejszych technologii CAD CAM tworzymy optymalne konstrukcje cz\u0119\u015bci zu\u017cywaj\u0105cych si\u0119.[\/vc_column_text][\/vc_column_inner][vc_column_inner width=&#8221;1\/3&#8243;][vc_column_text]Kolejne etapy produkcyjne, proces odlewania i obr\u00f3bka cieplna kontrolowane s\u0105 i ustalane przed rozpocz\u0119ciem produkcji za pomoc\u0105 program\u00f3w symulacyjnych. W ten spos\u00f3b staj\u0105 si\u0119 podstaw\u0105 do sterowania rzeczywistymi procesami produkcyjnymi. Nic nie pozostawiamy przypadkowi. Bo Jako\u015b\u0107 nie jest dzie\u0142em przypadku, lecz wynikiem dopracowanych proces\u00f3w produkcyjnych.[\/vc_column_text][\/vc_column_inner][\/vc_row_inner][\/vc_column][\/vc_row][vc_row top_padding=&#8221;50&#8243; bottom_padding=&#8221;50&#8243;][vc_column animation=&#8221;fade-in-from-left&#8221; bg_color=&#8221;#efefef&#8221; column_padding=&#8221;padding-1&#8243; width=&#8221;1\/2&#8243; delay=&#8221;500&#8243;][\/vc_column][vc_column animation=&#8221;fade-in-from-right&#8221; width=&#8221;1\/2&#8243; delay=&#8221;500&#8243;][vc_single_image image=&#8221;18343&#8243; img_size=&#8221;large&#8221;][\/vc_column][\/vc_row][vc_row top_padding=&#8221;50&#8243; bottom_padding=&#8221;50&#8243; class=&#8221;hide_this&#8221;][vc_column animation=&#8221;fade-in-from-bottom&#8221; width=&#8221;1\/1&#8243; delay=&#8221;500&#8243;][\/vc_column][\/vc_row]\" \/>\n<meta property=\"og:url\" content=\"https:\/\/stahlwerke-bochum.com\/pl\/sterowanie-procesem\/\" \/>\n<meta property=\"og:site_name\" content=\"Stahlwerke Bochum\" \/>\n<meta property=\"article:modified_time\" content=\"2022-01-12T13:36:08+00:00\" \/>\n<meta name=\"twitter:card\" content=\"summary_large_image\" \/>\n<meta name=\"twitter:label1\" content=\"Szacowany czas czytania\" \/>\n\t<meta name=\"twitter:data1\" content=\"2 minuty\" \/>\n<script type=\"application\/ld+json\" class=\"yoast-schema-graph\">{\"@context\":\"https:\\\/\\\/schema.org\",\"@graph\":[{\"@type\":\"WebPage\",\"@id\":\"https:\\\/\\\/stahlwerke-bochum.com\\\/pl\\\/sterowanie-procesem\\\/\",\"url\":\"https:\\\/\\\/stahlwerke-bochum.com\\\/pl\\\/sterowanie-procesem\\\/\",\"name\":\"Sterowanie Procesem - Stahlwerke Bochum\",\"isPartOf\":{\"@id\":\"https:\\\/\\\/stahlwerke-bochum.com\\\/#website\"},\"datePublished\":\"2018-06-20T09:05:34+00:00\",\"dateModified\":\"2022-01-12T13:36:08+00:00\",\"breadcrumb\":{\"@id\":\"https:\\\/\\\/stahlwerke-bochum.com\\\/pl\\\/sterowanie-procesem\\\/#breadcrumb\"},\"inLanguage\":\"pl-PL\",\"potentialAction\":[{\"@type\":\"ReadAction\",\"target\":[\"https:\\\/\\\/stahlwerke-bochum.com\\\/pl\\\/sterowanie-procesem\\\/\"]}]},{\"@type\":\"BreadcrumbList\",\"@id\":\"https:\\\/\\\/stahlwerke-bochum.com\\\/pl\\\/sterowanie-procesem\\\/#breadcrumb\",\"itemListElement\":[{\"@type\":\"ListItem\",\"position\":1,\"name\":\"Startseite\",\"item\":\"https:\\\/\\\/stahlwerke-bochum.com\\\/pl\\\/\"},{\"@type\":\"ListItem\",\"position\":2,\"name\":\"Sterowanie Procesem\"}]},{\"@type\":\"WebSite\",\"@id\":\"https:\\\/\\\/stahlwerke-bochum.com\\\/#website\",\"url\":\"https:\\\/\\\/stahlwerke-bochum.com\\\/\",\"name\":\"Stahlwerke Bochum\",\"description\":\"Entwicklung und Herstellung von Verschleisswerkzeugen f\u00fcr die Aufbereitungstechnik, Zerkleinerungstechnik und Recyclingtechnik.\",\"publisher\":{\"@id\":\"https:\\\/\\\/stahlwerke-bochum.com\\\/#organization\"},\"potentialAction\":[{\"@type\":\"SearchAction\",\"target\":{\"@type\":\"EntryPoint\",\"urlTemplate\":\"https:\\\/\\\/stahlwerke-bochum.com\\\/?s={search_term_string}\"},\"query-input\":{\"@type\":\"PropertyValueSpecification\",\"valueRequired\":true,\"valueName\":\"search_term_string\"}}],\"inLanguage\":\"pl-PL\"},{\"@type\":\"Organization\",\"@id\":\"https:\\\/\\\/stahlwerke-bochum.com\\\/#organization\",\"name\":\"Stahlwerke Bochum\",\"url\":\"https:\\\/\\\/stahlwerke-bochum.com\\\/\",\"logo\":{\"@type\":\"ImageObject\",\"inLanguage\":\"pl-PL\",\"@id\":\"https:\\\/\\\/stahlwerke-bochum.com\\\/#\\\/schema\\\/logo\\\/image\\\/\",\"url\":\"https:\\\/\\\/stahlwerke-bochum.com\\\/wp-content\\\/uploads\\\/2018\\\/06\\\/swb-logo2.jpg\",\"contentUrl\":\"https:\\\/\\\/stahlwerke-bochum.com\\\/wp-content\\\/uploads\\\/2018\\\/06\\\/swb-logo2.jpg\",\"width\":500,\"height\":82,\"caption\":\"Stahlwerke Bochum\"},\"image\":{\"@id\":\"https:\\\/\\\/stahlwerke-bochum.com\\\/#\\\/schema\\\/logo\\\/image\\\/\"}}]}<\/script>\n<!-- \/ Yoast SEO Premium plugin. -->","yoast_head_json":{"title":"Sterowanie Procesem - Stahlwerke Bochum","robots":{"index":"index","follow":"follow","max-snippet":"max-snippet:-1","max-image-preview":"max-image-preview:large","max-video-preview":"max-video-preview:-1"},"canonical":"https:\/\/stahlwerke-bochum.com\/pl\/sterowanie-procesem\/","og_locale":"pl_PL","og_type":"article","og_title":"Sterowanie Procesem","og_description":"[vc_row type=&#8221;full_width_section&#8221; bottom_padding=&#8221;50&#8243;][vc_column width=&#8221;1\/1&#8243;][rev_slider_vc alias=&#8221;prozesse&#8221;][\/vc_column][\/vc_row][vc_row top_padding=&#8221;50&#8243; bottom_padding=&#8221;50&#8243;][vc_column width=&#8221;1\/1&#8243;][vc_column_text] STEROWANIE PROCESEM [\/vc_column_text][vc_column_text] \u201eJako\u015b\u0107 nie powstaje \u0142atwo. Do Jako\u015bci trzeba d\u0105\u017cy\u0107.\u201d [\/vc_column_text][vc_separator color=&#8221;custom&#8221; el_width=&#8221;50&#8243; accent_color=&#8221;#757575&#8243;][\/vc_column][\/vc_row][vc_row top_padding=&#8221;50&#8243; bottom_padding=&#8221;50&#8243;][vc_column width=&#8221;1\/1&#8243;][vc_row_inner][vc_column_inner width=&#8221;1\/3&#8243;][vc_column_text]Uto\u017csamianie si\u0119 z tym twierdzeniem i jego realizacja w praktyce s\u0105 g\u0142\u0119boko zakorzenione we wszystkich fazach naszej dzia\u0142alno\u015bci jako przedsi\u0119biorstwa. Bo dla nas jako\u015b\u0107 zaczyna si\u0119 znacznie wcze\u015bniej. Ju\u017c podczas doradzania Klientom naszym za\u0142o\u017ceniem i rol\u0105, kt\u00f3r\u0105 sobie wyznaczyli\u015bmy jest dostarczanie produktu najlepszego pod ka\u017cdym wzgl\u0119dem.[\/vc_column_text][\/vc_column_inner][vc_column_inner width=&#8221;1\/3&#8243;][vc_column_text]Projektujemy, produkujemy i dostarczamy Jako\u015b\u0107. D\u0142ugotrwa\u0142a realizacja tej zasady wymaga r\u00f3wnie\u017c dok\u0142adnego i weryfikowalnego na ka\u017cdym etapie sterowania procesami produkcyjnymi, od momentu konstrukcji a\u017c do obr\u00f3bki cieplnej. Za pomoc\u0105 najnowocze\u015bniejszych technologii CAD CAM tworzymy optymalne konstrukcje cz\u0119\u015bci zu\u017cywaj\u0105cych si\u0119.[\/vc_column_text][\/vc_column_inner][vc_column_inner width=&#8221;1\/3&#8243;][vc_column_text]Kolejne etapy produkcyjne, proces odlewania i obr\u00f3bka cieplna kontrolowane s\u0105 i ustalane przed rozpocz\u0119ciem produkcji za pomoc\u0105 program\u00f3w symulacyjnych. W ten spos\u00f3b staj\u0105 si\u0119 podstaw\u0105 do sterowania rzeczywistymi procesami produkcyjnymi. Nic nie pozostawiamy przypadkowi. Bo Jako\u015b\u0107 nie jest dzie\u0142em przypadku, lecz wynikiem dopracowanych proces\u00f3w produkcyjnych.[\/vc_column_text][\/vc_column_inner][\/vc_row_inner][\/vc_column][\/vc_row][vc_row top_padding=&#8221;50&#8243; bottom_padding=&#8221;50&#8243;][vc_column animation=&#8221;fade-in-from-left&#8221; bg_color=&#8221;#efefef&#8221; column_padding=&#8221;padding-1&#8243; width=&#8221;1\/2&#8243; delay=&#8221;500&#8243;][\/vc_column][vc_column animation=&#8221;fade-in-from-right&#8221; width=&#8221;1\/2&#8243; delay=&#8221;500&#8243;][vc_single_image image=&#8221;18343&#8243; img_size=&#8221;large&#8221;][\/vc_column][\/vc_row][vc_row top_padding=&#8221;50&#8243; bottom_padding=&#8221;50&#8243; class=&#8221;hide_this&#8221;][vc_column animation=&#8221;fade-in-from-bottom&#8221; width=&#8221;1\/1&#8243; delay=&#8221;500&#8243;][\/vc_column][\/vc_row]","og_url":"https:\/\/stahlwerke-bochum.com\/pl\/sterowanie-procesem\/","og_site_name":"Stahlwerke Bochum","article_modified_time":"2022-01-12T13:36:08+00:00","twitter_card":"summary_large_image","twitter_misc":{"Szacowany czas czytania":"2 minuty"},"schema":{"@context":"https:\/\/schema.org","@graph":[{"@type":"WebPage","@id":"https:\/\/stahlwerke-bochum.com\/pl\/sterowanie-procesem\/","url":"https:\/\/stahlwerke-bochum.com\/pl\/sterowanie-procesem\/","name":"Sterowanie Procesem - Stahlwerke Bochum","isPartOf":{"@id":"https:\/\/stahlwerke-bochum.com\/#website"},"datePublished":"2018-06-20T09:05:34+00:00","dateModified":"2022-01-12T13:36:08+00:00","breadcrumb":{"@id":"https:\/\/stahlwerke-bochum.com\/pl\/sterowanie-procesem\/#breadcrumb"},"inLanguage":"pl-PL","potentialAction":[{"@type":"ReadAction","target":["https:\/\/stahlwerke-bochum.com\/pl\/sterowanie-procesem\/"]}]},{"@type":"BreadcrumbList","@id":"https:\/\/stahlwerke-bochum.com\/pl\/sterowanie-procesem\/#breadcrumb","itemListElement":[{"@type":"ListItem","position":1,"name":"Startseite","item":"https:\/\/stahlwerke-bochum.com\/pl\/"},{"@type":"ListItem","position":2,"name":"Sterowanie Procesem"}]},{"@type":"WebSite","@id":"https:\/\/stahlwerke-bochum.com\/#website","url":"https:\/\/stahlwerke-bochum.com\/","name":"Stahlwerke Bochum","description":"Entwicklung und Herstellung von Verschleisswerkzeugen f\u00fcr die Aufbereitungstechnik, Zerkleinerungstechnik und Recyclingtechnik.","publisher":{"@id":"https:\/\/stahlwerke-bochum.com\/#organization"},"potentialAction":[{"@type":"SearchAction","target":{"@type":"EntryPoint","urlTemplate":"https:\/\/stahlwerke-bochum.com\/?s={search_term_string}"},"query-input":{"@type":"PropertyValueSpecification","valueRequired":true,"valueName":"search_term_string"}}],"inLanguage":"pl-PL"},{"@type":"Organization","@id":"https:\/\/stahlwerke-bochum.com\/#organization","name":"Stahlwerke Bochum","url":"https:\/\/stahlwerke-bochum.com\/","logo":{"@type":"ImageObject","inLanguage":"pl-PL","@id":"https:\/\/stahlwerke-bochum.com\/#\/schema\/logo\/image\/","url":"https:\/\/stahlwerke-bochum.com\/wp-content\/uploads\/2018\/06\/swb-logo2.jpg","contentUrl":"https:\/\/stahlwerke-bochum.com\/wp-content\/uploads\/2018\/06\/swb-logo2.jpg","width":500,"height":82,"caption":"Stahlwerke Bochum"},"image":{"@id":"https:\/\/stahlwerke-bochum.com\/#\/schema\/logo\/image\/"}}]}},"_links":{"self":[{"href":"https:\/\/stahlwerke-bochum.com\/pl\/wp-json\/wp\/v2\/pages\/20352","targetHints":{"allow":["GET"]}}],"collection":[{"href":"https:\/\/stahlwerke-bochum.com\/pl\/wp-json\/wp\/v2\/pages"}],"about":[{"href":"https:\/\/stahlwerke-bochum.com\/pl\/wp-json\/wp\/v2\/types\/page"}],"author":[{"embeddable":true,"href":"https:\/\/stahlwerke-bochum.com\/pl\/wp-json\/wp\/v2\/users\/4"}],"replies":[{"embeddable":true,"href":"https:\/\/stahlwerke-bochum.com\/pl\/wp-json\/wp\/v2\/comments?post=20352"}],"version-history":[{"count":6,"href":"https:\/\/stahlwerke-bochum.com\/pl\/wp-json\/wp\/v2\/pages\/20352\/revisions"}],"predecessor-version":[{"id":22744,"href":"https:\/\/stahlwerke-bochum.com\/pl\/wp-json\/wp\/v2\/pages\/20352\/revisions\/22744"}],"wp:attachment":[{"href":"https:\/\/stahlwerke-bochum.com\/pl\/wp-json\/wp\/v2\/media?parent=20352"}],"curies":[{"name":"wp","href":"https:\/\/api.w.org\/{rel}","templated":true}]}}