{"id":20093,"date":"2018-06-20T10:15:41","date_gmt":"2018-06-20T08:15:41","guid":{"rendered":"http:\/\/192.168.6.130\/innovation\/"},"modified":"2018-07-09T10:25:17","modified_gmt":"2018-07-09T08:25:17","slug":"innowacje","status":"publish","type":"page","link":"https:\/\/stahlwerke-bochum.com\/pl\/innowacje\/","title":{"rendered":"Innowacje"},"content":{"rendered":"<p>[vc_row type=&#8221;full_width_section&#8221;][vc_column width=&#8221;1\/1&#8243;][rev_slider_vc alias=&#8221;innovation&#8221;][\/vc_column][\/vc_row][vc_row bg_image=&#8221;18301&#8243; bg_repeat=&#8221;no-repeat&#8221; parallax_bg=&#8221;true&#8221; stellar_class=&#8221;fixed&#8221; top_padding=&#8221;100&#8243;][vc_column text_color=&#8221;custom&#8221; custom_text_color=&#8221;#ffffff&#8221; width=&#8221;1\/1&#8243;][vc_row_inner][vc_column_inner][vc_column_text]<\/p>\n<h1 style=\"text-align: center;\">INNOWACJE<\/h1>\n<p>[\/vc_column_text][vc_column_text]<\/p>\n<p style=\"text-align: center;\"><strong>Innowacja oznacza modernizacj\u0119 lub zmian\u0119,<\/strong><br \/>\n<strong>oznacza post\u0119p i udoskonalenie.<\/strong><\/p>\n<p>[\/vc_column_text][\/vc_column_inner][\/vc_row_inner][vc_row_inner][vc_column_inner css=&#8221;.vc_custom_1529502229300{margin-top: 40px !important;margin-bottom: 50px !important;}&#8221;][vc_separator color=&#8221;white&#8221; el_width=&#8221;50&#8243;][\/vc_column_inner][\/vc_row_inner][vc_row_inner][vc_column_inner]<div class=\"single_image wpb_content_element align-center    \" data-animation=\"none\" data-delay=\"0\"><img loading=\"lazy\" decoding=\"async\" width=\"212\" height=\"250\" src=\"https:\/\/stahlwerke-bochum.com\/wp-content\/uploads\/2018\/06\/simulation_hammer.png\" class=\"attachment-full\" alt=\"\" \/><\/div>[vc_column_text]<strong>SWB to synonim innowacji.<br \/>\n<\/strong>Innowacyjne materia\u0142y i ich kombinacje poprawiaj\u0105 odporno\u015b\u0107 na zu\u017cycie. Innowacyjne wzornictwo zwi\u0119ksza trwa\u0142o\u015b\u0107 i podnosi produktywno\u015b\u0107.<\/p>\n<p>Innowacyjne procesy produkcyjne pozwalaj\u0105 nam wytwarza\u0107 produkty o sta\u0142ej jako\u015bci na najwy\u017cszym poziomie. Przekonuj\u0105ce w\u0142a\u015bciwo\u015bci u\u017cytkowe naszych produkt\u00f3w gwarantuj\u0105 naszym klientom niezawodne i ekonomiczne zastosowanie. SWB jest i pozostanie firm\u0105, wyznaczaj\u0105c\u0105 standardy dla mi\u0119dzynarodowej konkurencji.<\/p>\n<p><strong>Si\u0142a od\u015brodkowa<br \/>\n<\/strong>Symulacje obci\u0105\u017cenia pozwalaj\u0105 nam na optymalny rozw\u00f3j cz\u0119\u015bci zu\u017cywaj\u0105cych si\u0119.[\/vc_column_text][\/vc_column_inner][\/vc_row_inner][vc_row_inner][vc_column_inner css=&#8221;.vc_custom_1529502229300{margin-top: 40px !important;margin-bottom: 50px !important;}&#8221;]<div class=\"box clearfix style-6 wpb_content_element align-center \" style=\"padding: 40px 40px 40px 40px; \">\n<h4 style=\"text-align: left;\">Good to know:<\/h4>\n<p style=\"text-align: left;\"><strong>Hammers, anvils, grids, protection caps, impact elements, linings, ejection doors, wearing segments, grid segments, wearing plates, shear blades<\/strong>and other\u00a0<strong>highly wear-resistant castings<\/strong>for\u00a0<strong>scrap recycling<\/strong>\u00a0used in shredders and scrap shears.<\/p>\n<\/div>[\/vc_column_inner][\/vc_row_inner][\/vc_column][\/vc_row]<\/p>\n","protected":false},"excerpt":{"rendered":"<p>[vc_row type=&#8221;full_width_section&#8221;][vc_column width=&#8221;1\/1&#8243;][rev_slider_vc alias=&#8221;innovation&#8221;][\/vc_column][\/vc_row][vc_row bg_image=&#8221;18301&#8243; bg_repeat=&#8221;no-repeat&#8221; parallax_bg=&#8221;true&#8221; stellar_class=&#8221;fixed&#8221; top_padding=&#8221;100&#8243;][vc_column text_color=&#8221;custom&#8221; custom_text_color=&#8221;#ffffff&#8221; width=&#8221;1\/1&#8243;][vc_row_inner][vc_column_inner][vc_column_text] INNOWACJE [\/vc_column_text][vc_column_text] Innowacja oznacza modernizacj\u0119 lub zmian\u0119, oznacza post\u0119p i udoskonalenie. [\/vc_column_text][\/vc_column_inner][\/vc_row_inner][vc_row_inner][vc_column_inner css=&#8221;.vc_custom_1529502229300{margin-top: 40px !important;margin-bottom: 50px !important;}&#8221;][vc_separator color=&#8221;white&#8221; el_width=&#8221;50&#8243;][\/vc_column_inner][\/vc_row_inner][vc_row_inner][vc_column_inner][vc_column_text]SWB to synonim innowacji. Innowacyjne materia\u0142y i ich kombinacje poprawiaj\u0105 odporno\u015b\u0107 na zu\u017cycie. Innowacyjne wzornictwo zwi\u0119ksza trwa\u0142o\u015b\u0107 i podnosi produktywno\u015b\u0107. Innowacyjne procesy produkcyjne pozwalaj\u0105 nam wytwarza\u0107 produkty o sta\u0142ej jako\u015bci na najwy\u017cszym poziomie. Przekonuj\u0105ce w\u0142a\u015bciwo\u015bci u\u017cytkowe naszych produkt\u00f3w gwarantuj\u0105 naszym klientom niezawodne i ekonomiczne zastosowanie. SWB jest i pozostanie firm\u0105, wyznaczaj\u0105c\u0105 standardy dla mi\u0119dzynarodowej konkurencji. Si\u0142a od\u015brodkowa Symulacje obci\u0105\u017cenia pozwalaj\u0105 nam na optymalny rozw\u00f3j cz\u0119\u015bci zu\u017cywaj\u0105cych si\u0119.[\/vc_column_text][\/vc_column_inner][\/vc_row_inner][vc_row_inner][vc_column_inner css=&#8221;.vc_custom_1529502229300{margin-top: 40px !important;margin-bottom: 50px !important;}&#8221;][\/vc_column_inner][\/vc_row_inner][\/vc_column][\/vc_row]<\/p>\n","protected":false},"author":4,"featured_media":0,"parent":0,"menu_order":0,"comment_status":"closed","ping_status":"closed","template":"","meta":{"footnotes":""},"class_list":["post-20093","page","type-page","status-publish","hentry"],"yoast_head":"<!-- This site is optimized with the Yoast SEO Premium plugin v26.9 (Yoast SEO v27.4) - https:\/\/yoast.com\/product\/yoast-seo-premium-wordpress\/ -->\n<title>Innowacje - Stahlwerke Bochum<\/title>\n<meta name=\"robots\" content=\"index, follow, max-snippet:-1, max-image-preview:large, max-video-preview:-1\" \/>\n<link rel=\"canonical\" href=\"https:\/\/stahlwerke-bochum.com\/pl\/innowacje\/\" \/>\n<meta property=\"og:locale\" content=\"pl_PL\" \/>\n<meta property=\"og:type\" content=\"article\" \/>\n<meta property=\"og:title\" content=\"Innowacje\" \/>\n<meta property=\"og:description\" content=\"[vc_row type=&#8221;full_width_section&#8221;][vc_column width=&#8221;1\/1&#8243;][rev_slider_vc alias=&#8221;innovation&#8221;][\/vc_column][\/vc_row][vc_row bg_image=&#8221;18301&#8243; bg_repeat=&#8221;no-repeat&#8221; parallax_bg=&#8221;true&#8221; stellar_class=&#8221;fixed&#8221; top_padding=&#8221;100&#8243;][vc_column text_color=&#8221;custom&#8221; custom_text_color=&#8221;#ffffff&#8221; width=&#8221;1\/1&#8243;][vc_row_inner][vc_column_inner][vc_column_text] INNOWACJE [\/vc_column_text][vc_column_text] Innowacja oznacza modernizacj\u0119 lub zmian\u0119, oznacza post\u0119p i udoskonalenie. [\/vc_column_text][\/vc_column_inner][\/vc_row_inner][vc_row_inner][vc_column_inner css=&#8221;.vc_custom_1529502229300{margin-top: 40px !important;margin-bottom: 50px !important;}&#8221;][vc_separator color=&#8221;white&#8221; el_width=&#8221;50&#8243;][\/vc_column_inner][\/vc_row_inner][vc_row_inner][vc_column_inner][vc_column_text]SWB to synonim innowacji. Innowacyjne materia\u0142y i ich kombinacje poprawiaj\u0105 odporno\u015b\u0107 na zu\u017cycie. Innowacyjne wzornictwo zwi\u0119ksza trwa\u0142o\u015b\u0107 i podnosi produktywno\u015b\u0107. Innowacyjne procesy produkcyjne pozwalaj\u0105 nam wytwarza\u0107 produkty o sta\u0142ej jako\u015bci na najwy\u017cszym poziomie. Przekonuj\u0105ce w\u0142a\u015bciwo\u015bci u\u017cytkowe naszych produkt\u00f3w gwarantuj\u0105 naszym klientom niezawodne i ekonomiczne zastosowanie. SWB jest i pozostanie firm\u0105, wyznaczaj\u0105c\u0105 standardy dla mi\u0119dzynarodowej konkurencji. Si\u0142a od\u015brodkowa Symulacje obci\u0105\u017cenia pozwalaj\u0105 nam na optymalny rozw\u00f3j cz\u0119\u015bci zu\u017cywaj\u0105cych si\u0119.[\/vc_column_text][\/vc_column_inner][\/vc_row_inner][vc_row_inner][vc_column_inner css=&#8221;.vc_custom_1529502229300{margin-top: 40px !important;margin-bottom: 50px !important;}&#8221;][\/vc_column_inner][\/vc_row_inner][\/vc_column][\/vc_row]\" \/>\n<meta property=\"og:url\" content=\"https:\/\/stahlwerke-bochum.com\/pl\/innowacje\/\" \/>\n<meta property=\"og:site_name\" content=\"Stahlwerke Bochum\" \/>\n<meta property=\"article:modified_time\" content=\"2018-07-09T08:25:17+00:00\" \/>\n<meta name=\"twitter:card\" content=\"summary_large_image\" \/>\n<meta name=\"twitter:label1\" content=\"Szacowany czas czytania\" \/>\n\t<meta name=\"twitter:data1\" content=\"1 minuta\" \/>\n<script type=\"application\/ld+json\" class=\"yoast-schema-graph\">{\"@context\":\"https:\\\/\\\/schema.org\",\"@graph\":[{\"@type\":\"WebPage\",\"@id\":\"https:\\\/\\\/stahlwerke-bochum.com\\\/pl\\\/innowacje\\\/\",\"url\":\"https:\\\/\\\/stahlwerke-bochum.com\\\/pl\\\/innowacje\\\/\",\"name\":\"Innowacje - Stahlwerke Bochum\",\"isPartOf\":{\"@id\":\"https:\\\/\\\/stahlwerke-bochum.com\\\/#website\"},\"datePublished\":\"2018-06-20T08:15:41+00:00\",\"dateModified\":\"2018-07-09T08:25:17+00:00\",\"breadcrumb\":{\"@id\":\"https:\\\/\\\/stahlwerke-bochum.com\\\/pl\\\/innowacje\\\/#breadcrumb\"},\"inLanguage\":\"pl-PL\",\"potentialAction\":[{\"@type\":\"ReadAction\",\"target\":[\"https:\\\/\\\/stahlwerke-bochum.com\\\/pl\\\/innowacje\\\/\"]}]},{\"@type\":\"BreadcrumbList\",\"@id\":\"https:\\\/\\\/stahlwerke-bochum.com\\\/pl\\\/innowacje\\\/#breadcrumb\",\"itemListElement\":[{\"@type\":\"ListItem\",\"position\":1,\"name\":\"Startseite\",\"item\":\"https:\\\/\\\/stahlwerke-bochum.com\\\/pl\\\/\"},{\"@type\":\"ListItem\",\"position\":2,\"name\":\"Innowacje\"}]},{\"@type\":\"WebSite\",\"@id\":\"https:\\\/\\\/stahlwerke-bochum.com\\\/#website\",\"url\":\"https:\\\/\\\/stahlwerke-bochum.com\\\/\",\"name\":\"Stahlwerke Bochum\",\"description\":\"Entwicklung und Herstellung von Verschleisswerkzeugen f\u00fcr die Aufbereitungstechnik, Zerkleinerungstechnik und Recyclingtechnik.\",\"publisher\":{\"@id\":\"https:\\\/\\\/stahlwerke-bochum.com\\\/#organization\"},\"potentialAction\":[{\"@type\":\"SearchAction\",\"target\":{\"@type\":\"EntryPoint\",\"urlTemplate\":\"https:\\\/\\\/stahlwerke-bochum.com\\\/?s={search_term_string}\"},\"query-input\":{\"@type\":\"PropertyValueSpecification\",\"valueRequired\":true,\"valueName\":\"search_term_string\"}}],\"inLanguage\":\"pl-PL\"},{\"@type\":\"Organization\",\"@id\":\"https:\\\/\\\/stahlwerke-bochum.com\\\/#organization\",\"name\":\"Stahlwerke Bochum\",\"url\":\"https:\\\/\\\/stahlwerke-bochum.com\\\/\",\"logo\":{\"@type\":\"ImageObject\",\"inLanguage\":\"pl-PL\",\"@id\":\"https:\\\/\\\/stahlwerke-bochum.com\\\/#\\\/schema\\\/logo\\\/image\\\/\",\"url\":\"https:\\\/\\\/stahlwerke-bochum.com\\\/wp-content\\\/uploads\\\/2018\\\/06\\\/swb-logo2.jpg\",\"contentUrl\":\"https:\\\/\\\/stahlwerke-bochum.com\\\/wp-content\\\/uploads\\\/2018\\\/06\\\/swb-logo2.jpg\",\"width\":500,\"height\":82,\"caption\":\"Stahlwerke Bochum\"},\"image\":{\"@id\":\"https:\\\/\\\/stahlwerke-bochum.com\\\/#\\\/schema\\\/logo\\\/image\\\/\"}}]}<\/script>\n<!-- \/ Yoast SEO Premium plugin. -->","yoast_head_json":{"title":"Innowacje - Stahlwerke Bochum","robots":{"index":"index","follow":"follow","max-snippet":"max-snippet:-1","max-image-preview":"max-image-preview:large","max-video-preview":"max-video-preview:-1"},"canonical":"https:\/\/stahlwerke-bochum.com\/pl\/innowacje\/","og_locale":"pl_PL","og_type":"article","og_title":"Innowacje","og_description":"[vc_row type=&#8221;full_width_section&#8221;][vc_column width=&#8221;1\/1&#8243;][rev_slider_vc alias=&#8221;innovation&#8221;][\/vc_column][\/vc_row][vc_row bg_image=&#8221;18301&#8243; bg_repeat=&#8221;no-repeat&#8221; parallax_bg=&#8221;true&#8221; stellar_class=&#8221;fixed&#8221; top_padding=&#8221;100&#8243;][vc_column text_color=&#8221;custom&#8221; custom_text_color=&#8221;#ffffff&#8221; width=&#8221;1\/1&#8243;][vc_row_inner][vc_column_inner][vc_column_text] INNOWACJE [\/vc_column_text][vc_column_text] Innowacja oznacza modernizacj\u0119 lub zmian\u0119, oznacza post\u0119p i udoskonalenie. [\/vc_column_text][\/vc_column_inner][\/vc_row_inner][vc_row_inner][vc_column_inner css=&#8221;.vc_custom_1529502229300{margin-top: 40px !important;margin-bottom: 50px !important;}&#8221;][vc_separator color=&#8221;white&#8221; el_width=&#8221;50&#8243;][\/vc_column_inner][\/vc_row_inner][vc_row_inner][vc_column_inner][vc_column_text]SWB to synonim innowacji. Innowacyjne materia\u0142y i ich kombinacje poprawiaj\u0105 odporno\u015b\u0107 na zu\u017cycie. Innowacyjne wzornictwo zwi\u0119ksza trwa\u0142o\u015b\u0107 i podnosi produktywno\u015b\u0107. Innowacyjne procesy produkcyjne pozwalaj\u0105 nam wytwarza\u0107 produkty o sta\u0142ej jako\u015bci na najwy\u017cszym poziomie. Przekonuj\u0105ce w\u0142a\u015bciwo\u015bci u\u017cytkowe naszych produkt\u00f3w gwarantuj\u0105 naszym klientom niezawodne i ekonomiczne zastosowanie. SWB jest i pozostanie firm\u0105, wyznaczaj\u0105c\u0105 standardy dla mi\u0119dzynarodowej konkurencji. Si\u0142a od\u015brodkowa Symulacje obci\u0105\u017cenia pozwalaj\u0105 nam na optymalny rozw\u00f3j cz\u0119\u015bci zu\u017cywaj\u0105cych si\u0119.[\/vc_column_text][\/vc_column_inner][\/vc_row_inner][vc_row_inner][vc_column_inner css=&#8221;.vc_custom_1529502229300{margin-top: 40px !important;margin-bottom: 50px !important;}&#8221;][\/vc_column_inner][\/vc_row_inner][\/vc_column][\/vc_row]","og_url":"https:\/\/stahlwerke-bochum.com\/pl\/innowacje\/","og_site_name":"Stahlwerke Bochum","article_modified_time":"2018-07-09T08:25:17+00:00","twitter_card":"summary_large_image","twitter_misc":{"Szacowany czas czytania":"1 minuta"},"schema":{"@context":"https:\/\/schema.org","@graph":[{"@type":"WebPage","@id":"https:\/\/stahlwerke-bochum.com\/pl\/innowacje\/","url":"https:\/\/stahlwerke-bochum.com\/pl\/innowacje\/","name":"Innowacje - Stahlwerke Bochum","isPartOf":{"@id":"https:\/\/stahlwerke-bochum.com\/#website"},"datePublished":"2018-06-20T08:15:41+00:00","dateModified":"2018-07-09T08:25:17+00:00","breadcrumb":{"@id":"https:\/\/stahlwerke-bochum.com\/pl\/innowacje\/#breadcrumb"},"inLanguage":"pl-PL","potentialAction":[{"@type":"ReadAction","target":["https:\/\/stahlwerke-bochum.com\/pl\/innowacje\/"]}]},{"@type":"BreadcrumbList","@id":"https:\/\/stahlwerke-bochum.com\/pl\/innowacje\/#breadcrumb","itemListElement":[{"@type":"ListItem","position":1,"name":"Startseite","item":"https:\/\/stahlwerke-bochum.com\/pl\/"},{"@type":"ListItem","position":2,"name":"Innowacje"}]},{"@type":"WebSite","@id":"https:\/\/stahlwerke-bochum.com\/#website","url":"https:\/\/stahlwerke-bochum.com\/","name":"Stahlwerke Bochum","description":"Entwicklung und Herstellung von Verschleisswerkzeugen f\u00fcr die Aufbereitungstechnik, Zerkleinerungstechnik und Recyclingtechnik.","publisher":{"@id":"https:\/\/stahlwerke-bochum.com\/#organization"},"potentialAction":[{"@type":"SearchAction","target":{"@type":"EntryPoint","urlTemplate":"https:\/\/stahlwerke-bochum.com\/?s={search_term_string}"},"query-input":{"@type":"PropertyValueSpecification","valueRequired":true,"valueName":"search_term_string"}}],"inLanguage":"pl-PL"},{"@type":"Organization","@id":"https:\/\/stahlwerke-bochum.com\/#organization","name":"Stahlwerke Bochum","url":"https:\/\/stahlwerke-bochum.com\/","logo":{"@type":"ImageObject","inLanguage":"pl-PL","@id":"https:\/\/stahlwerke-bochum.com\/#\/schema\/logo\/image\/","url":"https:\/\/stahlwerke-bochum.com\/wp-content\/uploads\/2018\/06\/swb-logo2.jpg","contentUrl":"https:\/\/stahlwerke-bochum.com\/wp-content\/uploads\/2018\/06\/swb-logo2.jpg","width":500,"height":82,"caption":"Stahlwerke Bochum"},"image":{"@id":"https:\/\/stahlwerke-bochum.com\/#\/schema\/logo\/image\/"}}]}},"_links":{"self":[{"href":"https:\/\/stahlwerke-bochum.com\/pl\/wp-json\/wp\/v2\/pages\/20093","targetHints":{"allow":["GET"]}}],"collection":[{"href":"https:\/\/stahlwerke-bochum.com\/pl\/wp-json\/wp\/v2\/pages"}],"about":[{"href":"https:\/\/stahlwerke-bochum.com\/pl\/wp-json\/wp\/v2\/types\/page"}],"author":[{"embeddable":true,"href":"https:\/\/stahlwerke-bochum.com\/pl\/wp-json\/wp\/v2\/users\/4"}],"replies":[{"embeddable":true,"href":"https:\/\/stahlwerke-bochum.com\/pl\/wp-json\/wp\/v2\/comments?post=20093"}],"version-history":[{"count":2,"href":"https:\/\/stahlwerke-bochum.com\/pl\/wp-json\/wp\/v2\/pages\/20093\/revisions"}],"predecessor-version":[{"id":20095,"href":"https:\/\/stahlwerke-bochum.com\/pl\/wp-json\/wp\/v2\/pages\/20093\/revisions\/20095"}],"wp:attachment":[{"href":"https:\/\/stahlwerke-bochum.com\/pl\/wp-json\/wp\/v2\/media?parent=20093"}],"curies":[{"name":"wp","href":"https:\/\/api.w.org\/{rel}","templated":true}]}}