{"id":19986,"date":"2018-06-18T12:42:03","date_gmt":"2018-06-18T10:42:03","guid":{"rendered":"http:\/\/192.168.6.130\/impressum\/"},"modified":"2026-02-02T11:44:36","modified_gmt":"2026-02-02T10:44:36","slug":"impressum","status":"publish","type":"page","link":"https:\/\/stahlwerke-bochum.com\/pl\/impressum\/","title":{"rendered":"Nota Prawna"},"content":{"rendered":"<p>[vc_row top_padding=&#8221;50&#8243; bottom_padding=&#8221;50&#8243;][vc_column width=&#8221;1\/1&#8243;][vc_column_text]<\/p>\n<h2><strong>Nota Prawna<\/strong><\/h2>\n<p>Stahlwerke Bochum GmbH<br \/>\nCastroper Str. 228<br \/>\n44791 Bochum\/Niemcy<br \/>\ntel.: +49 234 3675-0<br \/>\nfaks: +49 234 3675-1037<\/p>\n<p>S\u0105d Amtsgericht Bochum HR B 3463<br \/>\nNIP UE: DE 811214658<br \/>\nZarz\u0105d: Dipl.-Ing. Stephan O. Mayer<\/p>\n<p>Pytania o budow\u0119 i tre\u015b\u0107 niniejszej strony internetowej nale\u017cy kierowa\u0107 do:<br \/>\nStahlwerke Bochum GmbH<br \/>\nJulia Rauhe (M.Sc.)<br \/>\ntel.: +49 234 3675-1158<br \/>\nfaks: +49 234 3675-1041<br \/>\nE-Mail:\u00a0<a href=\"mailto:rauhe@stahlwerke-bochum.com\">rauhe@stahlwerke-bochum.com<\/a><\/p>\n<p>Przetwarzamy dane wy\u0142\u0105cznie w ramach postanowie\u0144 niemieckiej ustawy o ochronie danych \u2013 BDSG \u2013 i uzupe\u0142niaj\u0105cych przepis\u00f3w prawnych, odpowiednio do celu naszego kontaktu\/naszej umowy.<\/p>\n<p>Nasi pracownicy zobowi\u0105zani s\u0105 do zachowania poufno\u015bci danych wed\u0142ug \u00a7 5 BDSG i zobowi\u0105zani do zachowania tajemnicy wzgl\u0119dem danych przekazywanych zdalnie w oparciu o \u00a7 88 niemieckiej ustawy o telekomunikacji (TKG) i odbyli w tym zakresie stosowne szkolenia.<\/p>\n<p>Wi\u0119cej informacji mo\u017cna uzyska\u0107 u naszego eksperta ds. ochrony danych:<br \/>\nRechtsanwalt (Attorney) Boris Reibach<br \/>\nScheja und Partners GmbH &amp; Co. KG<br \/>\nAdenauerallee 136<br \/>\n53113 Bonn\/Niemcy<br \/>\n<a href=\"http:\/\/www.scheja-partner.de\/externer-datenschutz\/datenschutz-extern.html\">http:\/\/www.scheja-partner.de\/externer-datenschutz\/datenschutz-extern.html<\/a>[\/vc_column_text][\/vc_column][\/vc_row]<\/p>\n","protected":false},"excerpt":{"rendered":"<p>[vc_row top_padding=&#8221;50&#8243; bottom_padding=&#8221;50&#8243;][vc_column width=&#8221;1\/1&#8243;][vc_column_text] Nota Prawna Stahlwerke Bochum GmbH Castroper Str. 228 44791 Bochum\/Niemcy tel.: +49 234 3675-0 faks: +49 234 3675-1037 S\u0105d Amtsgericht Bochum HR B 3463 NIP UE: DE 811214658 Zarz\u0105d: Dipl.-Ing. Stephan O. Mayer Pytania o budow\u0119 i tre\u015b\u0107 niniejszej strony internetowej nale\u017cy kierowa\u0107 do: Stahlwerke Bochum GmbH Julia Rauhe (M.Sc.) tel.: +49 234 3675-1158 faks: +49 234 3675-1041 E-Mail:\u00a0rauhe@stahlwerke-bochum.com Przetwarzamy dane wy\u0142\u0105cznie w ramach postanowie\u0144 niemieckiej ustawy o ochronie danych \u2013 BDSG \u2013 i uzupe\u0142niaj\u0105cych przepis\u00f3w prawnych, odpowiednio do celu naszego kontaktu\/naszej umowy. Nasi pracownicy zobowi\u0105zani s\u0105 do zachowania poufno\u015bci danych wed\u0142ug \u00a7 5 BDSG i zobowi\u0105zani do zachowania tajemnicy wzgl\u0119dem danych przekazywanych zdalnie w oparciu o \u00a7 88 niemieckiej ustawy o telekomunikacji (TKG) i odbyli w tym zakresie stosowne szkolenia. Wi\u0119cej informacji mo\u017cna uzyska\u0107 u naszego eksperta ds. ochrony danych: Rechtsanwalt (Attorney) Boris Reibach Scheja und Partners GmbH &amp; Co. KG Adenauerallee 136 53113 Bonn\/Niemcy http:\/\/www.scheja-partner.de\/externer-datenschutz\/datenschutz-extern.html[\/vc_column_text][\/vc_column][\/vc_row]<\/p>\n","protected":false},"author":4,"featured_media":0,"parent":0,"menu_order":0,"comment_status":"closed","ping_status":"closed","template":"","meta":{"footnotes":""},"class_list":["post-19986","page","type-page","status-publish","hentry"],"yoast_head":"<!-- This site is optimized with the Yoast SEO Premium plugin v26.9 (Yoast SEO v27.3) - https:\/\/yoast.com\/product\/yoast-seo-premium-wordpress\/ -->\n<title>Nota Prawna - Stahlwerke Bochum<\/title>\n<meta name=\"robots\" content=\"index, follow, max-snippet:-1, max-image-preview:large, max-video-preview:-1\" \/>\n<link rel=\"canonical\" href=\"https:\/\/stahlwerke-bochum.com\/pl\/impressum\/\" \/>\n<meta property=\"og:locale\" content=\"pl_PL\" \/>\n<meta property=\"og:type\" content=\"article\" \/>\n<meta property=\"og:title\" content=\"Nota Prawna\" \/>\n<meta property=\"og:description\" content=\"[vc_row top_padding=&#8221;50&#8243; bottom_padding=&#8221;50&#8243;][vc_column width=&#8221;1\/1&#8243;][vc_column_text] Nota Prawna Stahlwerke Bochum GmbH Castroper Str. 228 44791 Bochum\/Niemcy tel.: +49 234 3675-0 faks: +49 234 3675-1037 S\u0105d Amtsgericht Bochum HR B 3463 NIP UE: DE 811214658 Zarz\u0105d: Dipl.-Ing. Stephan O. Mayer Pytania o budow\u0119 i tre\u015b\u0107 niniejszej strony internetowej nale\u017cy kierowa\u0107 do: Stahlwerke Bochum GmbH Julia Rauhe (M.Sc.) tel.: +49 234 3675-1158 faks: +49 234 3675-1041 E-Mail:\u00a0rauhe@stahlwerke-bochum.com Przetwarzamy dane wy\u0142\u0105cznie w ramach postanowie\u0144 niemieckiej ustawy o ochronie danych \u2013 BDSG \u2013 i uzupe\u0142niaj\u0105cych przepis\u00f3w prawnych, odpowiednio do celu naszego kontaktu\/naszej umowy. Nasi pracownicy zobowi\u0105zani s\u0105 do zachowania poufno\u015bci danych wed\u0142ug \u00a7 5 BDSG i zobowi\u0105zani do zachowania tajemnicy wzgl\u0119dem danych przekazywanych zdalnie w oparciu o \u00a7 88 niemieckiej ustawy o telekomunikacji (TKG) i odbyli w tym zakresie stosowne szkolenia. Wi\u0119cej informacji mo\u017cna uzyska\u0107 u naszego eksperta ds. ochrony danych: Rechtsanwalt (Attorney) Boris Reibach Scheja und Partners GmbH &amp; Co. KG Adenauerallee 136 53113 Bonn\/Niemcy http:\/\/www.scheja-partner.de\/externer-datenschutz\/datenschutz-extern.html[\/vc_column_text][\/vc_column][\/vc_row]\" \/>\n<meta property=\"og:url\" content=\"https:\/\/stahlwerke-bochum.com\/pl\/impressum\/\" \/>\n<meta property=\"og:site_name\" content=\"Stahlwerke Bochum\" \/>\n<meta property=\"article:modified_time\" content=\"2026-02-02T10:44:36+00:00\" \/>\n<meta name=\"twitter:card\" content=\"summary_large_image\" \/>\n<meta name=\"twitter:label1\" content=\"Szacowany czas czytania\" \/>\n\t<meta name=\"twitter:data1\" content=\"1 minuta\" \/>\n<script type=\"application\/ld+json\" class=\"yoast-schema-graph\">{\"@context\":\"https:\\\/\\\/schema.org\",\"@graph\":[{\"@type\":\"WebPage\",\"@id\":\"https:\\\/\\\/stahlwerke-bochum.com\\\/pl\\\/impressum\\\/\",\"url\":\"https:\\\/\\\/stahlwerke-bochum.com\\\/pl\\\/impressum\\\/\",\"name\":\"Nota Prawna - Stahlwerke Bochum\",\"isPartOf\":{\"@id\":\"https:\\\/\\\/stahlwerke-bochum.com\\\/#website\"},\"datePublished\":\"2018-06-18T10:42:03+00:00\",\"dateModified\":\"2026-02-02T10:44:36+00:00\",\"breadcrumb\":{\"@id\":\"https:\\\/\\\/stahlwerke-bochum.com\\\/pl\\\/impressum\\\/#breadcrumb\"},\"inLanguage\":\"pl-PL\",\"potentialAction\":[{\"@type\":\"ReadAction\",\"target\":[\"https:\\\/\\\/stahlwerke-bochum.com\\\/pl\\\/impressum\\\/\"]}]},{\"@type\":\"BreadcrumbList\",\"@id\":\"https:\\\/\\\/stahlwerke-bochum.com\\\/pl\\\/impressum\\\/#breadcrumb\",\"itemListElement\":[{\"@type\":\"ListItem\",\"position\":1,\"name\":\"Startseite\",\"item\":\"https:\\\/\\\/stahlwerke-bochum.com\\\/pl\\\/\"},{\"@type\":\"ListItem\",\"position\":2,\"name\":\"Nota Prawna\"}]},{\"@type\":\"WebSite\",\"@id\":\"https:\\\/\\\/stahlwerke-bochum.com\\\/#website\",\"url\":\"https:\\\/\\\/stahlwerke-bochum.com\\\/\",\"name\":\"Stahlwerke Bochum\",\"description\":\"Entwicklung und Herstellung von Verschleisswerkzeugen f\u00fcr die Aufbereitungstechnik, Zerkleinerungstechnik und Recyclingtechnik.\",\"publisher\":{\"@id\":\"https:\\\/\\\/stahlwerke-bochum.com\\\/#organization\"},\"potentialAction\":[{\"@type\":\"SearchAction\",\"target\":{\"@type\":\"EntryPoint\",\"urlTemplate\":\"https:\\\/\\\/stahlwerke-bochum.com\\\/?s={search_term_string}\"},\"query-input\":{\"@type\":\"PropertyValueSpecification\",\"valueRequired\":true,\"valueName\":\"search_term_string\"}}],\"inLanguage\":\"pl-PL\"},{\"@type\":\"Organization\",\"@id\":\"https:\\\/\\\/stahlwerke-bochum.com\\\/#organization\",\"name\":\"Stahlwerke Bochum\",\"url\":\"https:\\\/\\\/stahlwerke-bochum.com\\\/\",\"logo\":{\"@type\":\"ImageObject\",\"inLanguage\":\"pl-PL\",\"@id\":\"https:\\\/\\\/stahlwerke-bochum.com\\\/#\\\/schema\\\/logo\\\/image\\\/\",\"url\":\"https:\\\/\\\/stahlwerke-bochum.com\\\/wp-content\\\/uploads\\\/2018\\\/06\\\/swb-logo2.jpg\",\"contentUrl\":\"https:\\\/\\\/stahlwerke-bochum.com\\\/wp-content\\\/uploads\\\/2018\\\/06\\\/swb-logo2.jpg\",\"width\":500,\"height\":82,\"caption\":\"Stahlwerke Bochum\"},\"image\":{\"@id\":\"https:\\\/\\\/stahlwerke-bochum.com\\\/#\\\/schema\\\/logo\\\/image\\\/\"}}]}<\/script>\n<!-- \/ Yoast SEO Premium plugin. -->","yoast_head_json":{"title":"Nota Prawna - Stahlwerke Bochum","robots":{"index":"index","follow":"follow","max-snippet":"max-snippet:-1","max-image-preview":"max-image-preview:large","max-video-preview":"max-video-preview:-1"},"canonical":"https:\/\/stahlwerke-bochum.com\/pl\/impressum\/","og_locale":"pl_PL","og_type":"article","og_title":"Nota Prawna","og_description":"[vc_row top_padding=&#8221;50&#8243; bottom_padding=&#8221;50&#8243;][vc_column width=&#8221;1\/1&#8243;][vc_column_text] Nota Prawna Stahlwerke Bochum GmbH Castroper Str. 228 44791 Bochum\/Niemcy tel.: +49 234 3675-0 faks: +49 234 3675-1037 S\u0105d Amtsgericht Bochum HR B 3463 NIP UE: DE 811214658 Zarz\u0105d: Dipl.-Ing. Stephan O. Mayer Pytania o budow\u0119 i tre\u015b\u0107 niniejszej strony internetowej nale\u017cy kierowa\u0107 do: Stahlwerke Bochum GmbH Julia Rauhe (M.Sc.) tel.: +49 234 3675-1158 faks: +49 234 3675-1041 E-Mail:\u00a0rauhe@stahlwerke-bochum.com Przetwarzamy dane wy\u0142\u0105cznie w ramach postanowie\u0144 niemieckiej ustawy o ochronie danych \u2013 BDSG \u2013 i uzupe\u0142niaj\u0105cych przepis\u00f3w prawnych, odpowiednio do celu naszego kontaktu\/naszej umowy. Nasi pracownicy zobowi\u0105zani s\u0105 do zachowania poufno\u015bci danych wed\u0142ug \u00a7 5 BDSG i zobowi\u0105zani do zachowania tajemnicy wzgl\u0119dem danych przekazywanych zdalnie w oparciu o \u00a7 88 niemieckiej ustawy o telekomunikacji (TKG) i odbyli w tym zakresie stosowne szkolenia. Wi\u0119cej informacji mo\u017cna uzyska\u0107 u naszego eksperta ds. ochrony danych: Rechtsanwalt (Attorney) Boris Reibach Scheja und Partners GmbH &amp; Co. KG Adenauerallee 136 53113 Bonn\/Niemcy http:\/\/www.scheja-partner.de\/externer-datenschutz\/datenschutz-extern.html[\/vc_column_text][\/vc_column][\/vc_row]","og_url":"https:\/\/stahlwerke-bochum.com\/pl\/impressum\/","og_site_name":"Stahlwerke Bochum","article_modified_time":"2026-02-02T10:44:36+00:00","twitter_card":"summary_large_image","twitter_misc":{"Szacowany czas czytania":"1 minuta"},"schema":{"@context":"https:\/\/schema.org","@graph":[{"@type":"WebPage","@id":"https:\/\/stahlwerke-bochum.com\/pl\/impressum\/","url":"https:\/\/stahlwerke-bochum.com\/pl\/impressum\/","name":"Nota Prawna - Stahlwerke Bochum","isPartOf":{"@id":"https:\/\/stahlwerke-bochum.com\/#website"},"datePublished":"2018-06-18T10:42:03+00:00","dateModified":"2026-02-02T10:44:36+00:00","breadcrumb":{"@id":"https:\/\/stahlwerke-bochum.com\/pl\/impressum\/#breadcrumb"},"inLanguage":"pl-PL","potentialAction":[{"@type":"ReadAction","target":["https:\/\/stahlwerke-bochum.com\/pl\/impressum\/"]}]},{"@type":"BreadcrumbList","@id":"https:\/\/stahlwerke-bochum.com\/pl\/impressum\/#breadcrumb","itemListElement":[{"@type":"ListItem","position":1,"name":"Startseite","item":"https:\/\/stahlwerke-bochum.com\/pl\/"},{"@type":"ListItem","position":2,"name":"Nota Prawna"}]},{"@type":"WebSite","@id":"https:\/\/stahlwerke-bochum.com\/#website","url":"https:\/\/stahlwerke-bochum.com\/","name":"Stahlwerke Bochum","description":"Entwicklung und Herstellung von Verschleisswerkzeugen f\u00fcr die Aufbereitungstechnik, Zerkleinerungstechnik und Recyclingtechnik.","publisher":{"@id":"https:\/\/stahlwerke-bochum.com\/#organization"},"potentialAction":[{"@type":"SearchAction","target":{"@type":"EntryPoint","urlTemplate":"https:\/\/stahlwerke-bochum.com\/?s={search_term_string}"},"query-input":{"@type":"PropertyValueSpecification","valueRequired":true,"valueName":"search_term_string"}}],"inLanguage":"pl-PL"},{"@type":"Organization","@id":"https:\/\/stahlwerke-bochum.com\/#organization","name":"Stahlwerke Bochum","url":"https:\/\/stahlwerke-bochum.com\/","logo":{"@type":"ImageObject","inLanguage":"pl-PL","@id":"https:\/\/stahlwerke-bochum.com\/#\/schema\/logo\/image\/","url":"https:\/\/stahlwerke-bochum.com\/wp-content\/uploads\/2018\/06\/swb-logo2.jpg","contentUrl":"https:\/\/stahlwerke-bochum.com\/wp-content\/uploads\/2018\/06\/swb-logo2.jpg","width":500,"height":82,"caption":"Stahlwerke Bochum"},"image":{"@id":"https:\/\/stahlwerke-bochum.com\/#\/schema\/logo\/image\/"}}]}},"_links":{"self":[{"href":"https:\/\/stahlwerke-bochum.com\/pl\/wp-json\/wp\/v2\/pages\/19986","targetHints":{"allow":["GET"]}}],"collection":[{"href":"https:\/\/stahlwerke-bochum.com\/pl\/wp-json\/wp\/v2\/pages"}],"about":[{"href":"https:\/\/stahlwerke-bochum.com\/pl\/wp-json\/wp\/v2\/types\/page"}],"author":[{"embeddable":true,"href":"https:\/\/stahlwerke-bochum.com\/pl\/wp-json\/wp\/v2\/users\/4"}],"replies":[{"embeddable":true,"href":"https:\/\/stahlwerke-bochum.com\/pl\/wp-json\/wp\/v2\/comments?post=19986"}],"version-history":[{"count":6,"href":"https:\/\/stahlwerke-bochum.com\/pl\/wp-json\/wp\/v2\/pages\/19986\/revisions"}],"predecessor-version":[{"id":23861,"href":"https:\/\/stahlwerke-bochum.com\/pl\/wp-json\/wp\/v2\/pages\/19986\/revisions\/23861"}],"wp:attachment":[{"href":"https:\/\/stahlwerke-bochum.com\/pl\/wp-json\/wp\/v2\/media?parent=19986"}],"curies":[{"name":"wp","href":"https:\/\/api.w.org\/{rel}","templated":true}]}}