{"id":19883,"date":"2018-07-06T08:51:01","date_gmt":"2018-07-06T06:51:01","guid":{"rendered":"http:\/\/192.168.6.130\/?page_id=19883"},"modified":"2018-07-09T10:26:42","modified_gmt":"2018-07-09T08:26:42","slug":"kompleksowa-oferta","status":"publish","type":"page","link":"https:\/\/stahlwerke-bochum.com\/pl\/kompleksowa-oferta\/","title":{"rendered":"Kompleksowa oferta"},"content":{"rendered":"<p>[vc_row type=&#8221;full_width_section&#8221; bottom_padding=&#8221;50&#8243;][vc_column width=&#8221;1\/1&#8243;][rev_slider_vc alias=&#8221;komplettprogramm&#8221;][\/vc_column][\/vc_row][vc_row top_padding=&#8221;50&#8243; bottom_padding=&#8221;50&#8243;][vc_column width=&#8221;1\/1&#8243;][vc_column_text]<\/p>\n<h1 style=\"text-align: center;\"><span style=\"color: #00518b;\">KOMPLEKSOWA OFERTA<\/span><\/h1>\n<p>[\/vc_column_text][vc_column_text]<\/p>\n<p style=\"text-align: center; color: #575756;\"><strong>Naszym Klientom oferujemy przemy\u015blan\u0105 ofert\u0119<\/strong><br \/>\n<strong>produkt\u00f3w dla r\u00f3\u017cnorodnych obszar\u00f3w zastosowania<\/strong><\/p>\n<p>[\/vc_column_text][vc_separator color=&#8221;custom&#8221; el_width=&#8221;50&#8243; accent_color=&#8221;#757575&#8243;][\/vc_column][\/vc_row][vc_row top_padding=&#8221;50&#8243; bottom_padding=&#8221;50&#8243;][vc_column width=&#8221;1\/3&#8243;][vc_column_text]Szerokie know-how i znaczny potencja\u0142 innowacji pozwala nam projektowa\u0107 i dostarcza\u0107 kompletn\u0105 ochron\u0119 przed zu\u017cyciem i elementy instalacji techniki przygotowania materia\u0142\u00f3w o najwy\u017cszej odporno\u015bci na zu\u017cycie. B\u0119d\u0105c zawsze na bie\u017c\u0105co z technik\u0105, pracujemy razem z naszymi Klientami dla osi\u0105gni\u0119cia wsp\u00f3lnego sukcesu. .<\/p>\n<p><strong>Obszary zastosowania<\/strong>:<\/p>\n<ul class=\"styled-list fa-ul\"><li><i class=\"fa fa-caret-right\"><\/i>technika przygotowania materia\u0142\u00f3w<\/li> <\/ul><ul class=\"styled-list fa-ul\"><li><i class=\"fa fa-caret-right\"><\/i>technika rozdrabniania<\/li> <\/ul><ul class=\"styled-list fa-ul\"><li><i class=\"fa fa-caret-right\"><\/i>technika recyklingu<\/li> <\/ul><ul class=\"styled-list fa-ul\"><li><i class=\"fa fa-caret-right\"><\/i>strz\u0119piarki najr\u00f3\u017cniejszych typ\u00f3w<\/li> <\/ul><ul class=\"styled-list fa-ul\"><li><i class=\"fa fa-caret-right\"><\/i>\u0142amacze wi\u00f3r\u00f3w<\/li> <\/ul><ul class=\"styled-list fa-ul\"><li><i class=\"fa fa-caret-right\"><\/i>\u0142amacze udarowe<\/li> <\/ul><ul class=\"styled-list fa-ul\"><li><i class=\"fa fa-caret-right\"><\/i>m\u0142yny udarowe<\/li> <\/ul><ul class=\"styled-list fa-ul\"><li><i class=\"fa fa-caret-right\"><\/i>\u0142amacze pionowe<\/li> <\/ul><ul class=\"styled-list fa-ul\"><li><i class=\"fa fa-caret-right\"><\/i>m\u0142yny pionowe<\/li> <\/ul><ul class=\"styled-list fa-ul\"><li><i class=\"fa fa-caret-right\"><\/i>m\u0142yny m\u0142otkowe<\/li> <\/ul><ul class=\"styled-list fa-ul\"><li><i class=\"fa fa-caret-right\"><\/i>m\u0142yny kulowe<\/li> <\/ul><ul class=\"styled-list fa-ul\"><li><i class=\"fa fa-caret-right\"><\/i>\u0142amacze listwowe<\/li> <\/ul><ul class=\"styled-list fa-ul\"><li><i class=\"fa fa-caret-right\"><\/i>\u0142amacze sto\u017ckowe<\/li> <\/ul><ul class=\"styled-list fa-ul\"><li><i class=\"fa fa-caret-right\"><\/i>\u0142amacze obrotowe<\/li> <\/ul><ul class=\"styled-list fa-ul\"><li><i class=\"fa fa-caret-right\"><\/i>m\u0142yny walcowe<\/li> <\/ul>[\/vc_column_text][\/vc_column][vc_column width=&#8221;1\/3&#8243;][vc_column_text]<strong>SWB products for scrap recycling<\/strong><\/p>\n<ul class=\"styled-list fa-ul\"><li><i class=\"fa fa-caret-right\"><\/i>m\u0142oty <\/li> <\/ul><ul class=\"styled-list fa-ul\"><li><i class=\"fa fa-caret-right\"><\/i>kapy ochronne<\/li> <\/ul><ul class=\"styled-list fa-ul\"><li><i class=\"fa fa-caret-right\"><\/i>kowad\u0142a <\/li> <\/ul><ul class=\"styled-list fa-ul\"><li><i class=\"fa fa-caret-right\"><\/i>ruszty <\/li> <\/ul><ul class=\"styled-list fa-ul\"><li><i class=\"fa fa-caret-right\"><\/i>segmenty i wszystkie inne elementy, wystawione w strz\u0119piarkach na ci\u0105g\u0142e zu\u017cycie, takie jak blachy k\u0105towe <\/li> <\/ul><ul class=\"styled-list fa-ul\"><li><i class=\"fa fa-caret-right\"><\/i>wyk\u0142adziny boczne<\/li> <\/ul><ul class=\"styled-list fa-ul\"><li><i class=\"fa fa-caret-right\"><\/i>p\u0142yty pancerne<\/li> <\/ul><ul class=\"styled-list fa-ul\"><li><i class=\"fa fa-caret-right\"><\/i>osie m\u0142ot\u00f3w<\/li> <\/ul><ul class=\"styled-list fa-ul\"><li><i class=\"fa fa-caret-right\"><\/i>elementy mocuj\u0105ce (\u015bruby) <\/li> <\/ul><ul class=\"styled-list fa-ul\"><li><i class=\"fa fa-caret-right\"><\/i> do recyklingu z\u0142omu<\/li> <\/ul>[\/vc_column_text][\/vc_column][vc_column width=&#8221;1\/3&#8243;][vc_column_text]<strong>SWB products for horizontal and vertical impact crushing<\/strong><\/p>\n<ul class=\"styled-list fa-ul\"><li><i class=\"fa fa-caret-right\"><\/i>istwy uderzaj\u0105ce<\/li> <\/ul><ul class=\"styled-list fa-ul\"><li><i class=\"fa fa-caret-right\"><\/i>elementy uderzaj\u0105ce<\/li> <\/ul><ul class=\"styled-list fa-ul\"><li><i class=\"fa fa-caret-right\"><\/i>listwy rozdrabniaj\u0105ce<\/li> <\/ul><ul class=\"styled-list fa-ul\"><li><i class=\"fa fa-caret-right\"><\/i>p\u0142yty ochronne rotora<\/li> <\/ul><ul class=\"styled-list fa-ul\"><li><i class=\"fa fa-caret-right\"><\/i>i kompletne, odporne na zu\u017cycie wyk\u0142adziny wewn\u0119trzne \u0142amaczy udarowych do poziomego i pionowego rozdrabniania udarowego<\/li> <\/ul>\n<p><strong>SWB products for mineral processing, cement manufacturing and slag processing<\/strong><\/p>\n<ul class=\"styled-list fa-ul\"><li><i class=\"fa fa-caret-right\"><\/i>kule rozdrabniaj\u0105ce<\/li> <\/ul><ul class=\"styled-list fa-ul\"><li><i class=\"fa fa-caret-right\"><\/i>pier\u015bcienie rozdrabniaj\u0105ce<\/li> <\/ul><ul class=\"styled-list fa-ul\"><li><i class=\"fa fa-caret-right\"><\/i>misy rozdrabniaj\u0105ce<\/li> <\/ul><ul class=\"styled-list fa-ul\"><li><i class=\"fa fa-caret-right\"><\/i>m\u0142oty do m\u0142yn\u00f3w udarowych<\/li> <\/ul><ul class=\"styled-list fa-ul\"><li><i class=\"fa fa-caret-right\"><\/i>oraz segmenty brykieciarek do przygotowywania materia\u0142\u00f3w<\/li> <\/ul>[\/vc_column_text][\/vc_column][\/vc_row][vc_row type=&#8221;full_width_section&#8221; bottom_padding=&#8221;50&#8243;][vc_column animation=&#8221;fade-in-from-left&#8221; column_padding=&#8221;padding-3&#8243; column_center=&#8221;true&#8221; width=&#8221;1\/1&#8243;][vc_column_text]<ul class=\"kiwi-logo-carousel kiwi-logo-carousel-produkte default align-center col4\"><li style=\"height:150px;\" ><div class=\"helper\" style=\"height:150px; width:200px;\" ><img decoding=\"async\" src=\"https:\/\/stahlwerke-bochum.com\/wp-content\/uploads\/2015\/08\/produkte_gross_1.png\" alt=\"Mahlkugeln\" title=\"Mahlkugeln\" style=\"max-width:200px; padding-left: 0px; padding-right:0px\" ><\/div><\/li><li style=\"height:150px;\" ><div class=\"helper\" style=\"height:150px; width:200px;\" ><img decoding=\"async\" src=\"https:\/\/stahlwerke-bochum.com\/wp-content\/uploads\/2015\/08\/produkte_gross_2.png\" alt=\"Roste\" title=\"Roste\" style=\"max-width:200px; padding-left: 0px; padding-right:0px\" ><\/div><\/li><li style=\"height:150px;\" ><div class=\"helper\" style=\"height:150px; width:200px;\" ><img decoding=\"async\" src=\"https:\/\/stahlwerke-bochum.com\/wp-content\/uploads\/2015\/08\/produkte_gross_3.png\" alt=\"Schutzkappen\" title=\"Schutzkappen\" style=\"max-width:200px; padding-left: 0px; padding-right:0px\" ><\/div><\/li><li style=\"height:150px;\" ><div class=\"helper\" style=\"height:150px; width:200px;\" ><img decoding=\"async\" src=\"https:\/\/stahlwerke-bochum.com\/wp-content\/uploads\/2015\/08\/produkte_gross_4.png\" alt=\"Schrottscherenmesser\" title=\"Schrottscherenmesser\" style=\"max-width:200px; padding-left: 0px; padding-right:0px\" ><\/div><\/li><li style=\"height:150px;\" ><div class=\"helper\" style=\"height:150px; width:200px;\" ><img decoding=\"async\" src=\"https:\/\/stahlwerke-bochum.com\/wp-content\/uploads\/2015\/08\/produkte_gross_5.png\" alt=\"Bohrer\" title=\"Bohrer\" style=\"max-width:200px; padding-left: 0px; padding-right:0px\" ><\/div><\/li><li style=\"height:150px;\" ><div class=\"helper\" style=\"height:150px; width:200px;\" ><img decoding=\"async\" src=\"https:\/\/stahlwerke-bochum.com\/wp-content\/uploads\/2015\/08\/produkte_gross_6.png\" alt=\"Ambosse\" title=\"Ambosse\" style=\"max-width:200px; padding-left: 0px; padding-right:0px\" ><\/div><\/li><li style=\"height:150px;\" ><div class=\"helper\" style=\"height:150px; width:200px;\" ><img decoding=\"async\" src=\"https:\/\/stahlwerke-bochum.com\/wp-content\/uploads\/2015\/08\/produkte_gross_7.png\" alt=\"H\u00e4mmer\" title=\"H\u00e4mmer\" style=\"max-width:200px; padding-left: 0px; padding-right:0px\" ><\/div><\/li><li style=\"height:150px;\" ><div class=\"helper\" style=\"height:150px; width:200px;\" ><img decoding=\"async\" src=\"https:\/\/stahlwerke-bochum.com\/wp-content\/uploads\/2015\/08\/produkte_gross_8.png\" alt=\"Schlagleisten\" title=\"Schlagleisten\" style=\"max-width:200px; padding-left: 0px; padding-right:0px\" ><\/div><\/li><\/ul>[\/vc_column_text][\/vc_column][\/vc_row]<\/p>\n","protected":false},"excerpt":{"rendered":"<p>[vc_row type=&#8221;full_width_section&#8221; bottom_padding=&#8221;50&#8243;][vc_column width=&#8221;1\/1&#8243;][rev_slider_vc alias=&#8221;komplettprogramm&#8221;][\/vc_column][\/vc_row][vc_row top_padding=&#8221;50&#8243; bottom_padding=&#8221;50&#8243;][vc_column width=&#8221;1\/1&#8243;][vc_column_text] KOMPLEKSOWA OFERTA [\/vc_column_text][vc_column_text] Naszym Klientom oferujemy przemy\u015blan\u0105 ofert\u0119 produkt\u00f3w dla r\u00f3\u017cnorodnych obszar\u00f3w zastosowania [\/vc_column_text][vc_separator color=&#8221;custom&#8221; el_width=&#8221;50&#8243; accent_color=&#8221;#757575&#8243;][\/vc_column][\/vc_row][vc_row top_padding=&#8221;50&#8243; bottom_padding=&#8221;50&#8243;][vc_column width=&#8221;1\/3&#8243;][vc_column_text]Szerokie know-how i znaczny potencja\u0142 innowacji pozwala nam projektowa\u0107 i dostarcza\u0107 kompletn\u0105 ochron\u0119 przed zu\u017cyciem i elementy instalacji techniki przygotowania materia\u0142\u00f3w o najwy\u017cszej odporno\u015bci na zu\u017cycie. B\u0119d\u0105c zawsze na bie\u017c\u0105co z technik\u0105, pracujemy razem z naszymi Klientami dla osi\u0105gni\u0119cia wsp\u00f3lnego sukcesu. . Obszary zastosowania: [\/vc_column_text][\/vc_column][vc_column width=&#8221;1\/3&#8243;][vc_column_text]SWB products for scrap recycling [\/vc_column_text][\/vc_column][vc_column width=&#8221;1\/3&#8243;][vc_column_text]SWB products for horizontal and vertical impact crushing SWB products for mineral processing, cement manufacturing and slag processing [\/vc_column_text][\/vc_column][\/vc_row][vc_row type=&#8221;full_width_section&#8221; bottom_padding=&#8221;50&#8243;][vc_column animation=&#8221;fade-in-from-left&#8221; column_padding=&#8221;padding-3&#8243; column_center=&#8221;true&#8221; width=&#8221;1\/1&#8243;][vc_column_text][\/vc_column_text][\/vc_column][\/vc_row]<\/p>\n","protected":false},"author":4,"featured_media":0,"parent":0,"menu_order":0,"comment_status":"closed","ping_status":"closed","template":"","meta":{"footnotes":""},"class_list":["post-19883","page","type-page","status-publish","hentry"],"yoast_head":"<!-- This site is optimized with the Yoast SEO Premium plugin v27.4 (Yoast SEO v27.4) - https:\/\/yoast.com\/product\/yoast-seo-premium-wordpress\/ -->\n<title>Kompleksowa oferta - Stahlwerke Bochum<\/title>\n<meta name=\"robots\" content=\"index, follow, max-snippet:-1, max-image-preview:large, max-video-preview:-1\" \/>\n<link rel=\"canonical\" href=\"https:\/\/stahlwerke-bochum.com\/pl\/kompleksowa-oferta\/\" \/>\n<meta property=\"og:locale\" content=\"pl_PL\" \/>\n<meta property=\"og:type\" content=\"article\" \/>\n<meta property=\"og:title\" content=\"Kompleksowa oferta\" \/>\n<meta property=\"og:description\" content=\"[vc_row type=&#8221;full_width_section&#8221; bottom_padding=&#8221;50&#8243;][vc_column width=&#8221;1\/1&#8243;][rev_slider_vc alias=&#8221;komplettprogramm&#8221;][\/vc_column][\/vc_row][vc_row top_padding=&#8221;50&#8243; bottom_padding=&#8221;50&#8243;][vc_column width=&#8221;1\/1&#8243;][vc_column_text] KOMPLEKSOWA OFERTA [\/vc_column_text][vc_column_text] Naszym Klientom oferujemy przemy\u015blan\u0105 ofert\u0119 produkt\u00f3w dla r\u00f3\u017cnorodnych obszar\u00f3w zastosowania [\/vc_column_text][vc_separator color=&#8221;custom&#8221; el_width=&#8221;50&#8243; accent_color=&#8221;#757575&#8243;][\/vc_column][\/vc_row][vc_row top_padding=&#8221;50&#8243; bottom_padding=&#8221;50&#8243;][vc_column width=&#8221;1\/3&#8243;][vc_column_text]Szerokie know-how i znaczny potencja\u0142 innowacji pozwala nam projektowa\u0107 i dostarcza\u0107 kompletn\u0105 ochron\u0119 przed zu\u017cyciem i elementy instalacji techniki przygotowania materia\u0142\u00f3w o najwy\u017cszej odporno\u015bci na zu\u017cycie. B\u0119d\u0105c zawsze na bie\u017c\u0105co z technik\u0105, pracujemy razem z naszymi Klientami dla osi\u0105gni\u0119cia wsp\u00f3lnego sukcesu. . Obszary zastosowania: [\/vc_column_text][\/vc_column][vc_column width=&#8221;1\/3&#8243;][vc_column_text]SWB products for scrap recycling [\/vc_column_text][\/vc_column][vc_column width=&#8221;1\/3&#8243;][vc_column_text]SWB products for horizontal and vertical impact crushing SWB products for mineral processing, cement manufacturing and slag processing [\/vc_column_text][\/vc_column][\/vc_row][vc_row type=&#8221;full_width_section&#8221; bottom_padding=&#8221;50&#8243;][vc_column animation=&#8221;fade-in-from-left&#8221; column_padding=&#8221;padding-3&#8243; column_center=&#8221;true&#8221; width=&#8221;1\/1&#8243;][vc_column_text][\/vc_column_text][\/vc_column][\/vc_row]\" \/>\n<meta property=\"og:url\" content=\"https:\/\/stahlwerke-bochum.com\/pl\/kompleksowa-oferta\/\" \/>\n<meta property=\"og:site_name\" content=\"Stahlwerke Bochum\" \/>\n<meta property=\"article:modified_time\" content=\"2018-07-09T08:26:42+00:00\" \/>\n<meta name=\"twitter:card\" content=\"summary_large_image\" \/>\n<meta name=\"twitter:label1\" content=\"Szacowany czas czytania\" \/>\n\t<meta name=\"twitter:data1\" content=\"4 minuty\" \/>\n<script type=\"application\/ld+json\" class=\"yoast-schema-graph\">{\"@context\":\"https:\\\/\\\/schema.org\",\"@graph\":[{\"@type\":\"WebPage\",\"@id\":\"https:\\\/\\\/stahlwerke-bochum.com\\\/pl\\\/kompleksowa-oferta\\\/\",\"url\":\"https:\\\/\\\/stahlwerke-bochum.com\\\/pl\\\/kompleksowa-oferta\\\/\",\"name\":\"Kompleksowa oferta - Stahlwerke Bochum\",\"isPartOf\":{\"@id\":\"https:\\\/\\\/stahlwerke-bochum.com\\\/#website\"},\"datePublished\":\"2018-07-06T06:51:01+00:00\",\"dateModified\":\"2018-07-09T08:26:42+00:00\",\"breadcrumb\":{\"@id\":\"https:\\\/\\\/stahlwerke-bochum.com\\\/pl\\\/kompleksowa-oferta\\\/#breadcrumb\"},\"inLanguage\":\"pl-PL\",\"potentialAction\":[{\"@type\":\"ReadAction\",\"target\":[\"https:\\\/\\\/stahlwerke-bochum.com\\\/pl\\\/kompleksowa-oferta\\\/\"]}]},{\"@type\":\"BreadcrumbList\",\"@id\":\"https:\\\/\\\/stahlwerke-bochum.com\\\/pl\\\/kompleksowa-oferta\\\/#breadcrumb\",\"itemListElement\":[{\"@type\":\"ListItem\",\"position\":1,\"name\":\"Startseite\",\"item\":\"https:\\\/\\\/stahlwerke-bochum.com\\\/pl\\\/\"},{\"@type\":\"ListItem\",\"position\":2,\"name\":\"Kompleksowa oferta\"}]},{\"@type\":\"WebSite\",\"@id\":\"https:\\\/\\\/stahlwerke-bochum.com\\\/#website\",\"url\":\"https:\\\/\\\/stahlwerke-bochum.com\\\/\",\"name\":\"Stahlwerke Bochum\",\"description\":\"Entwicklung und Herstellung von Verschleisswerkzeugen f\u00fcr die Aufbereitungstechnik, Zerkleinerungstechnik und Recyclingtechnik.\",\"publisher\":{\"@id\":\"https:\\\/\\\/stahlwerke-bochum.com\\\/#organization\"},\"potentialAction\":[{\"@type\":\"SearchAction\",\"target\":{\"@type\":\"EntryPoint\",\"urlTemplate\":\"https:\\\/\\\/stahlwerke-bochum.com\\\/?s={search_term_string}\"},\"query-input\":{\"@type\":\"PropertyValueSpecification\",\"valueRequired\":true,\"valueName\":\"search_term_string\"}}],\"inLanguage\":\"pl-PL\"},{\"@type\":\"Organization\",\"@id\":\"https:\\\/\\\/stahlwerke-bochum.com\\\/#organization\",\"name\":\"Stahlwerke Bochum\",\"url\":\"https:\\\/\\\/stahlwerke-bochum.com\\\/\",\"logo\":{\"@type\":\"ImageObject\",\"inLanguage\":\"pl-PL\",\"@id\":\"https:\\\/\\\/stahlwerke-bochum.com\\\/#\\\/schema\\\/logo\\\/image\\\/\",\"url\":\"https:\\\/\\\/stahlwerke-bochum.com\\\/wp-content\\\/uploads\\\/2018\\\/06\\\/swb-logo2.jpg\",\"contentUrl\":\"https:\\\/\\\/stahlwerke-bochum.com\\\/wp-content\\\/uploads\\\/2018\\\/06\\\/swb-logo2.jpg\",\"width\":500,\"height\":82,\"caption\":\"Stahlwerke Bochum\"},\"image\":{\"@id\":\"https:\\\/\\\/stahlwerke-bochum.com\\\/#\\\/schema\\\/logo\\\/image\\\/\"}}]}<\/script>\n<!-- \/ Yoast SEO Premium plugin. -->","yoast_head_json":{"title":"Kompleksowa oferta - Stahlwerke Bochum","robots":{"index":"index","follow":"follow","max-snippet":"max-snippet:-1","max-image-preview":"max-image-preview:large","max-video-preview":"max-video-preview:-1"},"canonical":"https:\/\/stahlwerke-bochum.com\/pl\/kompleksowa-oferta\/","og_locale":"pl_PL","og_type":"article","og_title":"Kompleksowa oferta","og_description":"[vc_row type=&#8221;full_width_section&#8221; bottom_padding=&#8221;50&#8243;][vc_column width=&#8221;1\/1&#8243;][rev_slider_vc alias=&#8221;komplettprogramm&#8221;][\/vc_column][\/vc_row][vc_row top_padding=&#8221;50&#8243; bottom_padding=&#8221;50&#8243;][vc_column width=&#8221;1\/1&#8243;][vc_column_text] KOMPLEKSOWA OFERTA [\/vc_column_text][vc_column_text] Naszym Klientom oferujemy przemy\u015blan\u0105 ofert\u0119 produkt\u00f3w dla r\u00f3\u017cnorodnych obszar\u00f3w zastosowania [\/vc_column_text][vc_separator color=&#8221;custom&#8221; el_width=&#8221;50&#8243; accent_color=&#8221;#757575&#8243;][\/vc_column][\/vc_row][vc_row top_padding=&#8221;50&#8243; bottom_padding=&#8221;50&#8243;][vc_column width=&#8221;1\/3&#8243;][vc_column_text]Szerokie know-how i znaczny potencja\u0142 innowacji pozwala nam projektowa\u0107 i dostarcza\u0107 kompletn\u0105 ochron\u0119 przed zu\u017cyciem i elementy instalacji techniki przygotowania materia\u0142\u00f3w o najwy\u017cszej odporno\u015bci na zu\u017cycie. B\u0119d\u0105c zawsze na bie\u017c\u0105co z technik\u0105, pracujemy razem z naszymi Klientami dla osi\u0105gni\u0119cia wsp\u00f3lnego sukcesu. . Obszary zastosowania: [\/vc_column_text][\/vc_column][vc_column width=&#8221;1\/3&#8243;][vc_column_text]SWB products for scrap recycling [\/vc_column_text][\/vc_column][vc_column width=&#8221;1\/3&#8243;][vc_column_text]SWB products for horizontal and vertical impact crushing SWB products for mineral processing, cement manufacturing and slag processing [\/vc_column_text][\/vc_column][\/vc_row][vc_row type=&#8221;full_width_section&#8221; bottom_padding=&#8221;50&#8243;][vc_column animation=&#8221;fade-in-from-left&#8221; column_padding=&#8221;padding-3&#8243; column_center=&#8221;true&#8221; width=&#8221;1\/1&#8243;][vc_column_text][\/vc_column_text][\/vc_column][\/vc_row]","og_url":"https:\/\/stahlwerke-bochum.com\/pl\/kompleksowa-oferta\/","og_site_name":"Stahlwerke Bochum","article_modified_time":"2018-07-09T08:26:42+00:00","twitter_card":"summary_large_image","twitter_misc":{"Szacowany czas czytania":"4 minuty"},"schema":{"@context":"https:\/\/schema.org","@graph":[{"@type":"WebPage","@id":"https:\/\/stahlwerke-bochum.com\/pl\/kompleksowa-oferta\/","url":"https:\/\/stahlwerke-bochum.com\/pl\/kompleksowa-oferta\/","name":"Kompleksowa oferta - Stahlwerke Bochum","isPartOf":{"@id":"https:\/\/stahlwerke-bochum.com\/#website"},"datePublished":"2018-07-06T06:51:01+00:00","dateModified":"2018-07-09T08:26:42+00:00","breadcrumb":{"@id":"https:\/\/stahlwerke-bochum.com\/pl\/kompleksowa-oferta\/#breadcrumb"},"inLanguage":"pl-PL","potentialAction":[{"@type":"ReadAction","target":["https:\/\/stahlwerke-bochum.com\/pl\/kompleksowa-oferta\/"]}]},{"@type":"BreadcrumbList","@id":"https:\/\/stahlwerke-bochum.com\/pl\/kompleksowa-oferta\/#breadcrumb","itemListElement":[{"@type":"ListItem","position":1,"name":"Startseite","item":"https:\/\/stahlwerke-bochum.com\/pl\/"},{"@type":"ListItem","position":2,"name":"Kompleksowa oferta"}]},{"@type":"WebSite","@id":"https:\/\/stahlwerke-bochum.com\/#website","url":"https:\/\/stahlwerke-bochum.com\/","name":"Stahlwerke Bochum","description":"Entwicklung und Herstellung von Verschleisswerkzeugen f\u00fcr die Aufbereitungstechnik, Zerkleinerungstechnik und Recyclingtechnik.","publisher":{"@id":"https:\/\/stahlwerke-bochum.com\/#organization"},"potentialAction":[{"@type":"SearchAction","target":{"@type":"EntryPoint","urlTemplate":"https:\/\/stahlwerke-bochum.com\/?s={search_term_string}"},"query-input":{"@type":"PropertyValueSpecification","valueRequired":true,"valueName":"search_term_string"}}],"inLanguage":"pl-PL"},{"@type":"Organization","@id":"https:\/\/stahlwerke-bochum.com\/#organization","name":"Stahlwerke Bochum","url":"https:\/\/stahlwerke-bochum.com\/","logo":{"@type":"ImageObject","inLanguage":"pl-PL","@id":"https:\/\/stahlwerke-bochum.com\/#\/schema\/logo\/image\/","url":"https:\/\/stahlwerke-bochum.com\/wp-content\/uploads\/2018\/06\/swb-logo2.jpg","contentUrl":"https:\/\/stahlwerke-bochum.com\/wp-content\/uploads\/2018\/06\/swb-logo2.jpg","width":500,"height":82,"caption":"Stahlwerke Bochum"},"image":{"@id":"https:\/\/stahlwerke-bochum.com\/#\/schema\/logo\/image\/"}}]}},"_links":{"self":[{"href":"https:\/\/stahlwerke-bochum.com\/pl\/wp-json\/wp\/v2\/pages\/19883","targetHints":{"allow":["GET"]}}],"collection":[{"href":"https:\/\/stahlwerke-bochum.com\/pl\/wp-json\/wp\/v2\/pages"}],"about":[{"href":"https:\/\/stahlwerke-bochum.com\/pl\/wp-json\/wp\/v2\/types\/page"}],"author":[{"embeddable":true,"href":"https:\/\/stahlwerke-bochum.com\/pl\/wp-json\/wp\/v2\/users\/4"}],"replies":[{"embeddable":true,"href":"https:\/\/stahlwerke-bochum.com\/pl\/wp-json\/wp\/v2\/comments?post=19883"}],"version-history":[{"count":4,"href":"https:\/\/stahlwerke-bochum.com\/pl\/wp-json\/wp\/v2\/pages\/19883\/revisions"}],"predecessor-version":[{"id":20097,"href":"https:\/\/stahlwerke-bochum.com\/pl\/wp-json\/wp\/v2\/pages\/19883\/revisions\/20097"}],"wp:attachment":[{"href":"https:\/\/stahlwerke-bochum.com\/pl\/wp-json\/wp\/v2\/media?parent=19883"}],"curies":[{"name":"wp","href":"https:\/\/api.w.org\/{rel}","templated":true}]}}