{"id":19818,"date":"2018-07-05T13:26:34","date_gmt":"2018-07-05T11:26:34","guid":{"rendered":"http:\/\/192.168.6.130\/?page_id=19818"},"modified":"2018-07-07T13:42:52","modified_gmt":"2018-07-07T11:42:52","slug":"individualitaet","status":"publish","type":"page","link":"https:\/\/stahlwerke-bochum.com\/pl\/individualitaet\/","title":{"rendered":"Indywidualnosc"},"content":{"rendered":"<p>[vc_row type=&#8221;full_width_section&#8221; bottom_padding=&#8221;50&#8243;][vc_column width=&#8221;1\/1&#8243;][rev_slider_vc alias=&#8221;individualitaet&#8221;][\/vc_column][\/vc_row][vc_row top_padding=&#8221;50&#8243; bottom_padding=&#8221;50&#8243;][vc_column width=&#8221;1\/1&#8243;][vc_column_text]<\/p>\n<h1 style=\"text-align: center;\">INDYWIDUALNO\u015a\u0106<\/h1>\n<p>[\/vc_column_text][vc_column_text]<\/p>\n<p style=\"text-align: center;\"><strong>R\u00f3\u017cne wymagania w zakresie odporno\u015bci na zu\u017cycie rozwi\u0105zujemy stosuj\u0105c wybrane materia\u0142y o<\/strong><br \/>\n<strong>uznawanej jako\u015bci SWB:<\/strong><\/p>\n<p>[\/vc_column_text][vc_separator color=&#8221;custom&#8221; el_width=&#8221;50&#8243; accent_color=&#8221;#757575&#8243;][\/vc_column][\/vc_row][vc_row][vc_column animation=&#8221;fade-in&#8221; width=&#8221;1\/1&#8243; delay=&#8221;500&#8243;]\n\t\t<div class=\"portfolio-element\">\n\n\t\t\n\t\t\t\t\t<div class=\"container\">\n\t\t\n\t\t\t\t\t<div id=\"772943256\" class=\"portfolio-items portfolio-default portfolio-overlay-name clearfix\" data-id=\"772943256\">  \n\t\t\t\t\t\t\n\t\t\t\t\t\t\t\n\t\t\t\t\t\t\t\n\t\t\t\t\t\t\n\t\t\t\t\t\t\t\t\t\t\t\t\t\t\t\t\n\t\t\t\t\t\t\t\t   \n\n\t\t\t\t\t\t\t\t<div class=\"term-werkstoffe_pl portfolio-item one-third column\">\n\t\t\t\t\t\t\t\t\t<div class=\"portfolio-image\"><a href=\"https:\/\/stahlwerke-bochum.com\/pl\/portfolio-item\/austenityczna-manganowa-stal-utwardzona\/\" title=\"Austenityczna manganowa stal utwardzona\"><div class=\"portfolio-image-img\"><img decoding=\"async\" src=\"https:\/\/stahlwerke-bochum.com\/wp-content\/uploads\/2015\/07\/austenitischer_mangan-hartstahl-600x400.jpg\" alt=\"Austenityczna manganowa stal utwardzona\" \/><\/div><div class=\"portfolio-overlay overlay-name\"><span>Austenityczna manganowa stal utwardzona<\/span><i class=\"icon-minti-plus\"><\/i><\/div><\/a><\/div>\n\t\t\t\t\t\t\t\t\t<h4><a href=\"https:\/\/stahlwerke-bochum.com\/pl\/portfolio-item\/austenityczna-manganowa-stal-utwardzona\/\" title=\"Austenityczna manganowa stal utwardzona\">Austenityczna manganowa stal utwardzona<\/a><\/h4>\n\t\t\t\t\t\t\t\t\t<span class=\"portfolio-subtitle\">Dzi\u0119ki doskona\u0142ej odporno\u015bci na obci\u0105\u017cenia dynamiczne nadaje si\u0119 szczeg\u00f3lnie do ...<\/span>\n\t\t\t\t\t\t\t\t<\/div>\n\n\t\t\t\t\t\t\t\t\t\t\t\t  \n\t\t\t\t\t\t\n\t\t\t\t\t\t\t\n\t\t\t\t\t\t\t\n\t\t\t\t\t\t\n\t\t\t\t\t\t\t\t\t\t\t\t\t\t\t\t\n\t\t\t\t\t\t\t\t   \n\n\t\t\t\t\t\t\t\t<div class=\"term-werkstoffe_pl portfolio-item one-third column\">\n\t\t\t\t\t\t\t\t\t<div class=\"portfolio-image\"><a href=\"https:\/\/stahlwerke-bochum.com\/pl\/portfolio-item\/zdatna-do-ulepszania-cieplnego-stal-martenowska\/\" title=\"Zdatna do ulepszania cieplnego stal martenowska\"><div class=\"portfolio-image-img\"><img decoding=\"async\" src=\"https:\/\/stahlwerke-bochum.com\/wp-content\/uploads\/2015\/07\/nickel-600x400.jpg\" alt=\"Zdatna do ulepszania cieplnego stal martenowska\" \/><\/div><div class=\"portfolio-overlay overlay-name\"><span>Zdatna do ulepszania cieplnego stal martenowska<\/span><i class=\"icon-minti-plus\"><\/i><\/div><\/a><\/div>\n\t\t\t\t\t\t\t\t\t<h4><a href=\"https:\/\/stahlwerke-bochum.com\/pl\/portfolio-item\/zdatna-do-ulepszania-cieplnego-stal-martenowska\/\" title=\"Zdatna do ulepszania cieplnego stal martenowska\">Zdatna do ulepszania cieplnego stal martenowska<\/a><\/h4>\n\t\t\t\t\t\t\t\t\t<span class=\"portfolio-subtitle\">Idealna synteza odporno\u015bci na zu\u017cycie i na obci\u0105\u017cenia dynamiczne ...<\/span>\n\t\t\t\t\t\t\t\t<\/div>\n\n\t\t\t\t\t\t\t\t\t\t\t\t  \n\t\t\t\t\t\t\n\t\t\t\t\t\t\t\n\t\t\t\t\t\t\t\n\t\t\t\t\t\t\n\t\t\t\t\t\t\t\t\t\t\t\t\t\t\t\t\n\t\t\t\t\t\t\t\t   \n\n\t\t\t\t\t\t\t\t<div class=\"term-werkstoffe_pl portfolio-item one-third column\">\n\t\t\t\t\t\t\t\t\t<div class=\"portfolio-image\"><a href=\"https:\/\/stahlwerke-bochum.com\/pl\/portfolio-item\/zdatna-do-ulepszania-cieplnego-stal\/\" title=\"Zdatna do ulepszania cieplnego stal martenowska\"><div class=\"portfolio-image-img\"><img decoding=\"async\" src=\"https:\/\/stahlwerke-bochum.com\/wp-content\/uploads\/2015\/07\/chrom-600x400.jpg\" alt=\"Zdatna do ulepszania cieplnego stal martenowska\" \/><\/div><div class=\"portfolio-overlay overlay-name\"><span>Zdatna do ulepszania cieplnego stal martenowska<\/span><i class=\"icon-minti-plus\"><\/i><\/div><\/a><\/div>\n\t\t\t\t\t\t\t\t\t<h4><a href=\"https:\/\/stahlwerke-bochum.com\/pl\/portfolio-item\/zdatna-do-ulepszania-cieplnego-stal\/\" title=\"Zdatna do ulepszania cieplnego stal martenowska\">Zdatna do ulepszania cieplnego stal martenowska<\/a><\/h4>\n\t\t\t\t\t\t\t\t\t<span class=\"portfolio-subtitle\">Popularne w przypadku du\u017cych wymaga\u0144 w zakresie odporno\u015bci na zu\u017cycie w rozdrabniarkach ...<\/span>\n\t\t\t\t\t\t\t\t<\/div>\n\n\t\t\t\t\t\t\t\t\t\t\t\t  \n\t\t\t\t\t\t\n\t\t\t\t\t\t\t\n\t\t\t\t\t\t\t\n\t\t\t\t\t\t\n\t\t\t\t\t\t\t\t\t\t\t\t\t\t\t\t\n\t\t\t\t\t\t\t\t   \n\n\t\t\t\t\t\t\t\t<div class=\"term-werkstoffe_pl portfolio-item one-third column\">\n\t\t\t\t\t\t\t\t\t<div class=\"portfolio-image\"><a href=\"https:\/\/stahlwerke-bochum.com\/pl\/portfolio-item\/stopy-zelaza-chromu\/\" title=\"Stopy \u017celaza, chromu\"><div class=\"portfolio-image-img\"><img decoding=\"async\" src=\"https:\/\/stahlwerke-bochum.com\/wp-content\/uploads\/2015\/07\/molybdaen-600x400.jpg\" alt=\"Stopy \u017celaza, chromu\" \/><\/div><div class=\"portfolio-overlay overlay-name\"><span>Stopy \u017celaza, chromu<\/span><i class=\"icon-minti-plus\"><\/i><\/div><\/a><\/div>\n\t\t\t\t\t\t\t\t\t<h4><a href=\"https:\/\/stahlwerke-bochum.com\/pl\/portfolio-item\/stopy-zelaza-chromu\/\" title=\"Stopy \u017celaza, chromu\">Stopy \u017celaza, chromu<\/a><\/h4>\n\t\t\t\t\t\t\t\t\t<span class=\"portfolio-subtitle\">Do najwy\u017cszych wymaga\u0144 w zakresie odporno\u015bci na zu\u017cycie. G\u0142\u00f3wnym obszarem ...<\/span>\n\t\t\t\t\t\t\t\t<\/div>\n\n\t\t\t\t\t\t\t\t\t\t\t\t  \n\t\t\t\t\t\t\n\t\t\t\t\t\t\t\n\t\t\t\t\t\t\t\n\t\t\t\t\t\t\n\t\t\t\t\t\t\t\t\t\t\t\t\t\t\t\t\n\t\t\t\t\t\t\t\t   \n\n\t\t\t\t\t\t\t\t<div class=\"term-werkstoffe_pl portfolio-item one-third column\">\n\t\t\t\t\t\t\t\t\t<div class=\"portfolio-image\"><a href=\"https:\/\/stahlwerke-bochum.com\/pl\/portfolio-item\/odlew-kompozytowy-metalowo-ceramiczny\/\" title=\"Odlew kompozytowy metalowo-ceramiczny\"><div class=\"portfolio-image-img\"><img decoding=\"async\" src=\"https:\/\/stahlwerke-bochum.com\/wp-content\/uploads\/2015\/07\/titan-600x400.jpg\" alt=\"Odlew kompozytowy metalowo-ceramiczny\" \/><\/div><div class=\"portfolio-overlay overlay-name\"><span>Odlew kompozytowy metalowo-ceramiczny<\/span><i class=\"icon-minti-plus\"><\/i><\/div><\/a><\/div>\n\t\t\t\t\t\t\t\t\t<h4><a href=\"https:\/\/stahlwerke-bochum.com\/pl\/portfolio-item\/odlew-kompozytowy-metalowo-ceramiczny\/\" title=\"Odlew kompozytowy metalowo-ceramiczny\">Odlew kompozytowy metalowo-ceramiczny<\/a><\/h4>\n\t\t\t\t\t\t\t\t\t<span class=\"portfolio-subtitle\">Zwi\u0119kszone zabezpieczenie przed zu\u017cyciem do szczeg\u00f3lnych zastosowa\u0144 ...<\/span>\n\t\t\t\t\t\t\t\t<\/div>\n\n\t\t\t\t\t\t\t\t\t\t\t\t  \n\t\t\t\t\t\t\n\t\t\t\t\t\t\t\n\t\t\t\t\t\t\t\n\t\t\t\t\t\t\n\t\t\t\t\t\t\t\t\t\t\t\t\t\t\t\t\n\t\t\t\t\t\t\t\t   \n\n\t\t\t\t\t\t\t\t<div class=\"term-werkstoffe_pl portfolio-item one-third column\">\n\t\t\t\t\t\t\t\t\t<div class=\"portfolio-image\"><a href=\"https:\/\/stahlwerke-bochum.com\/pl\/portfolio-item\/loesungen-fuer-die-zukunft-pl\/\" title=\"Rozwi\u0105zania na przysz\u0142o\u015b\u0107\"><div class=\"portfolio-image-img\"><img decoding=\"async\" src=\"https:\/\/stahlwerke-bochum.com\/wp-content\/uploads\/2015\/06\/Tricomp-600x400.jpg\" alt=\"Rozwi\u0105zania na przysz\u0142o\u015b\u0107\" \/><\/div><div class=\"portfolio-overlay overlay-name\"><span>Rozwi\u0105zania na przysz\u0142o\u015b\u0107<\/span><i class=\"icon-minti-plus\"><\/i><\/div><\/a><\/div>\n\t\t\t\t\t\t\t\t\t<h4><a href=\"https:\/\/stahlwerke-bochum.com\/pl\/portfolio-item\/loesungen-fuer-die-zukunft-pl\/\" title=\"Rozwi\u0105zania na przysz\u0142o\u015b\u0107\">Rozwi\u0105zania na przysz\u0142o\u015b\u0107<\/a><\/h4>\n\t\t\t\t\t\t\t\t\t<span class=\"portfolio-subtitle\">Billions in valuable materials are lost to wear each year...<\/span>\n\t\t\t\t\t\t\t\t<\/div>\n\n\t\t\t\t\t\t\t\t\t\t\t\t  \n\t\t\t\t\t\t\t\t\t\t\t<\/div>\n\n\t\t\t\t\t<\/div>\n\t\t\n\t\t<\/div>\n\t\t\t\n\t\t\t\t\n\t\t[\/vc_column][\/vc_row][vc_row top_padding=&#8221;50&#8243; bottom_padding=&#8221;50&#8243;][vc_column animation=&#8221;fade-in-from-bottom&#8221; width=&#8221;1\/1&#8243; delay=&#8221;500&#8243;]<div class=\"box clearfix style-2 wpb_content_element align-left \" style=\"padding: 40px 40px 40px 40px; \">\n<h4>Good to know:<\/h4>\n<p class=\"fliesstext\">With individually alloyed heat-treated steels we meet the highest demands made on\u00a0<strong>our castings<\/strong>\u2019\u00a0<strong>wear resistance<br \/>\n<\/strong><strong>Metal-ceramic composite casting<\/strong>\u00a0increases\u00a0<strong>wear protection<\/strong>\u00a0in various impact\u00a0<strong>crushing sectors<\/strong>.<\/p>\n<\/div>[\/vc_column][\/vc_row]<\/p>\n","protected":false},"excerpt":{"rendered":"<p>[vc_row type=&#8221;full_width_section&#8221; bottom_padding=&#8221;50&#8243;][vc_column width=&#8221;1\/1&#8243;][rev_slider_vc alias=&#8221;individualitaet&#8221;][\/vc_column][\/vc_row][vc_row top_padding=&#8221;50&#8243; bottom_padding=&#8221;50&#8243;][vc_column width=&#8221;1\/1&#8243;][vc_column_text] INDYWIDUALNO\u015a\u0106 [\/vc_column_text][vc_column_text] R\u00f3\u017cne wymagania w zakresie odporno\u015bci na zu\u017cycie rozwi\u0105zujemy stosuj\u0105c wybrane materia\u0142y o uznawanej jako\u015bci SWB: [\/vc_column_text][vc_separator color=&#8221;custom&#8221; el_width=&#8221;50&#8243; accent_color=&#8221;#757575&#8243;][\/vc_column][\/vc_row][vc_row][vc_column animation=&#8221;fade-in&#8221; width=&#8221;1\/1&#8243; delay=&#8221;500&#8243;][\/vc_column][\/vc_row][vc_row top_padding=&#8221;50&#8243; bottom_padding=&#8221;50&#8243;][vc_column animation=&#8221;fade-in-from-bottom&#8221; width=&#8221;1\/1&#8243; delay=&#8221;500&#8243;][\/vc_column][\/vc_row]<\/p>\n","protected":false},"author":4,"featured_media":0,"parent":0,"menu_order":0,"comment_status":"closed","ping_status":"closed","template":"","meta":{"footnotes":""},"class_list":["post-19818","page","type-page","status-publish","hentry"],"yoast_head":"<!-- This site is optimized with the Yoast SEO Premium plugin v27.4 (Yoast SEO v27.4) - https:\/\/yoast.com\/product\/yoast-seo-premium-wordpress\/ -->\n<title>Indywidualnosc - Stahlwerke Bochum<\/title>\n<meta name=\"robots\" content=\"index, follow, max-snippet:-1, max-image-preview:large, max-video-preview:-1\" \/>\n<link rel=\"canonical\" href=\"https:\/\/stahlwerke-bochum.com\/pl\/individualitaet\/\" \/>\n<meta property=\"og:locale\" content=\"pl_PL\" \/>\n<meta property=\"og:type\" content=\"article\" \/>\n<meta property=\"og:title\" content=\"Indywidualnosc\" \/>\n<meta property=\"og:description\" content=\"[vc_row type=&#8221;full_width_section&#8221; bottom_padding=&#8221;50&#8243;][vc_column width=&#8221;1\/1&#8243;][rev_slider_vc alias=&#8221;individualitaet&#8221;][\/vc_column][\/vc_row][vc_row top_padding=&#8221;50&#8243; bottom_padding=&#8221;50&#8243;][vc_column width=&#8221;1\/1&#8243;][vc_column_text] INDYWIDUALNO\u015a\u0106 [\/vc_column_text][vc_column_text] R\u00f3\u017cne wymagania w zakresie odporno\u015bci na zu\u017cycie rozwi\u0105zujemy stosuj\u0105c wybrane materia\u0142y o uznawanej jako\u015bci SWB: [\/vc_column_text][vc_separator color=&#8221;custom&#8221; el_width=&#8221;50&#8243; accent_color=&#8221;#757575&#8243;][\/vc_column][\/vc_row][vc_row][vc_column animation=&#8221;fade-in&#8221; width=&#8221;1\/1&#8243; delay=&#8221;500&#8243;][\/vc_column][\/vc_row][vc_row top_padding=&#8221;50&#8243; bottom_padding=&#8221;50&#8243;][vc_column animation=&#8221;fade-in-from-bottom&#8221; width=&#8221;1\/1&#8243; delay=&#8221;500&#8243;][\/vc_column][\/vc_row]\" \/>\n<meta property=\"og:url\" content=\"https:\/\/stahlwerke-bochum.com\/pl\/individualitaet\/\" \/>\n<meta property=\"og:site_name\" content=\"Stahlwerke Bochum\" \/>\n<meta property=\"article:modified_time\" content=\"2018-07-07T11:42:52+00:00\" \/>\n<meta name=\"twitter:card\" content=\"summary_large_image\" \/>\n<meta name=\"twitter:label1\" content=\"Szacowany czas czytania\" \/>\n\t<meta name=\"twitter:data1\" content=\"1 minuta\" \/>\n<script type=\"application\/ld+json\" class=\"yoast-schema-graph\">{\"@context\":\"https:\\\/\\\/schema.org\",\"@graph\":[{\"@type\":\"WebPage\",\"@id\":\"https:\\\/\\\/stahlwerke-bochum.com\\\/pl\\\/individualitaet\\\/\",\"url\":\"https:\\\/\\\/stahlwerke-bochum.com\\\/pl\\\/individualitaet\\\/\",\"name\":\"Indywidualnosc - Stahlwerke Bochum\",\"isPartOf\":{\"@id\":\"https:\\\/\\\/stahlwerke-bochum.com\\\/#website\"},\"datePublished\":\"2018-07-05T11:26:34+00:00\",\"dateModified\":\"2018-07-07T11:42:52+00:00\",\"breadcrumb\":{\"@id\":\"https:\\\/\\\/stahlwerke-bochum.com\\\/pl\\\/individualitaet\\\/#breadcrumb\"},\"inLanguage\":\"pl-PL\",\"potentialAction\":[{\"@type\":\"ReadAction\",\"target\":[\"https:\\\/\\\/stahlwerke-bochum.com\\\/pl\\\/individualitaet\\\/\"]}]},{\"@type\":\"BreadcrumbList\",\"@id\":\"https:\\\/\\\/stahlwerke-bochum.com\\\/pl\\\/individualitaet\\\/#breadcrumb\",\"itemListElement\":[{\"@type\":\"ListItem\",\"position\":1,\"name\":\"Startseite\",\"item\":\"https:\\\/\\\/stahlwerke-bochum.com\\\/pl\\\/\"},{\"@type\":\"ListItem\",\"position\":2,\"name\":\"Indywidualnosc\"}]},{\"@type\":\"WebSite\",\"@id\":\"https:\\\/\\\/stahlwerke-bochum.com\\\/#website\",\"url\":\"https:\\\/\\\/stahlwerke-bochum.com\\\/\",\"name\":\"Stahlwerke Bochum\",\"description\":\"Entwicklung und Herstellung von Verschleisswerkzeugen f\u00fcr die Aufbereitungstechnik, Zerkleinerungstechnik und Recyclingtechnik.\",\"publisher\":{\"@id\":\"https:\\\/\\\/stahlwerke-bochum.com\\\/#organization\"},\"potentialAction\":[{\"@type\":\"SearchAction\",\"target\":{\"@type\":\"EntryPoint\",\"urlTemplate\":\"https:\\\/\\\/stahlwerke-bochum.com\\\/?s={search_term_string}\"},\"query-input\":{\"@type\":\"PropertyValueSpecification\",\"valueRequired\":true,\"valueName\":\"search_term_string\"}}],\"inLanguage\":\"pl-PL\"},{\"@type\":\"Organization\",\"@id\":\"https:\\\/\\\/stahlwerke-bochum.com\\\/#organization\",\"name\":\"Stahlwerke Bochum\",\"url\":\"https:\\\/\\\/stahlwerke-bochum.com\\\/\",\"logo\":{\"@type\":\"ImageObject\",\"inLanguage\":\"pl-PL\",\"@id\":\"https:\\\/\\\/stahlwerke-bochum.com\\\/#\\\/schema\\\/logo\\\/image\\\/\",\"url\":\"https:\\\/\\\/stahlwerke-bochum.com\\\/wp-content\\\/uploads\\\/2018\\\/06\\\/swb-logo2.jpg\",\"contentUrl\":\"https:\\\/\\\/stahlwerke-bochum.com\\\/wp-content\\\/uploads\\\/2018\\\/06\\\/swb-logo2.jpg\",\"width\":500,\"height\":82,\"caption\":\"Stahlwerke Bochum\"},\"image\":{\"@id\":\"https:\\\/\\\/stahlwerke-bochum.com\\\/#\\\/schema\\\/logo\\\/image\\\/\"}}]}<\/script>\n<!-- \/ Yoast SEO Premium plugin. -->","yoast_head_json":{"title":"Indywidualnosc - Stahlwerke Bochum","robots":{"index":"index","follow":"follow","max-snippet":"max-snippet:-1","max-image-preview":"max-image-preview:large","max-video-preview":"max-video-preview:-1"},"canonical":"https:\/\/stahlwerke-bochum.com\/pl\/individualitaet\/","og_locale":"pl_PL","og_type":"article","og_title":"Indywidualnosc","og_description":"[vc_row type=&#8221;full_width_section&#8221; bottom_padding=&#8221;50&#8243;][vc_column width=&#8221;1\/1&#8243;][rev_slider_vc alias=&#8221;individualitaet&#8221;][\/vc_column][\/vc_row][vc_row top_padding=&#8221;50&#8243; bottom_padding=&#8221;50&#8243;][vc_column width=&#8221;1\/1&#8243;][vc_column_text] INDYWIDUALNO\u015a\u0106 [\/vc_column_text][vc_column_text] R\u00f3\u017cne wymagania w zakresie odporno\u015bci na zu\u017cycie rozwi\u0105zujemy stosuj\u0105c wybrane materia\u0142y o uznawanej jako\u015bci SWB: [\/vc_column_text][vc_separator color=&#8221;custom&#8221; el_width=&#8221;50&#8243; accent_color=&#8221;#757575&#8243;][\/vc_column][\/vc_row][vc_row][vc_column animation=&#8221;fade-in&#8221; width=&#8221;1\/1&#8243; delay=&#8221;500&#8243;][\/vc_column][\/vc_row][vc_row top_padding=&#8221;50&#8243; bottom_padding=&#8221;50&#8243;][vc_column animation=&#8221;fade-in-from-bottom&#8221; width=&#8221;1\/1&#8243; delay=&#8221;500&#8243;][\/vc_column][\/vc_row]","og_url":"https:\/\/stahlwerke-bochum.com\/pl\/individualitaet\/","og_site_name":"Stahlwerke Bochum","article_modified_time":"2018-07-07T11:42:52+00:00","twitter_card":"summary_large_image","twitter_misc":{"Szacowany czas czytania":"1 minuta"},"schema":{"@context":"https:\/\/schema.org","@graph":[{"@type":"WebPage","@id":"https:\/\/stahlwerke-bochum.com\/pl\/individualitaet\/","url":"https:\/\/stahlwerke-bochum.com\/pl\/individualitaet\/","name":"Indywidualnosc - Stahlwerke Bochum","isPartOf":{"@id":"https:\/\/stahlwerke-bochum.com\/#website"},"datePublished":"2018-07-05T11:26:34+00:00","dateModified":"2018-07-07T11:42:52+00:00","breadcrumb":{"@id":"https:\/\/stahlwerke-bochum.com\/pl\/individualitaet\/#breadcrumb"},"inLanguage":"pl-PL","potentialAction":[{"@type":"ReadAction","target":["https:\/\/stahlwerke-bochum.com\/pl\/individualitaet\/"]}]},{"@type":"BreadcrumbList","@id":"https:\/\/stahlwerke-bochum.com\/pl\/individualitaet\/#breadcrumb","itemListElement":[{"@type":"ListItem","position":1,"name":"Startseite","item":"https:\/\/stahlwerke-bochum.com\/pl\/"},{"@type":"ListItem","position":2,"name":"Indywidualnosc"}]},{"@type":"WebSite","@id":"https:\/\/stahlwerke-bochum.com\/#website","url":"https:\/\/stahlwerke-bochum.com\/","name":"Stahlwerke Bochum","description":"Entwicklung und Herstellung von Verschleisswerkzeugen f\u00fcr die Aufbereitungstechnik, Zerkleinerungstechnik und Recyclingtechnik.","publisher":{"@id":"https:\/\/stahlwerke-bochum.com\/#organization"},"potentialAction":[{"@type":"SearchAction","target":{"@type":"EntryPoint","urlTemplate":"https:\/\/stahlwerke-bochum.com\/?s={search_term_string}"},"query-input":{"@type":"PropertyValueSpecification","valueRequired":true,"valueName":"search_term_string"}}],"inLanguage":"pl-PL"},{"@type":"Organization","@id":"https:\/\/stahlwerke-bochum.com\/#organization","name":"Stahlwerke Bochum","url":"https:\/\/stahlwerke-bochum.com\/","logo":{"@type":"ImageObject","inLanguage":"pl-PL","@id":"https:\/\/stahlwerke-bochum.com\/#\/schema\/logo\/image\/","url":"https:\/\/stahlwerke-bochum.com\/wp-content\/uploads\/2018\/06\/swb-logo2.jpg","contentUrl":"https:\/\/stahlwerke-bochum.com\/wp-content\/uploads\/2018\/06\/swb-logo2.jpg","width":500,"height":82,"caption":"Stahlwerke Bochum"},"image":{"@id":"https:\/\/stahlwerke-bochum.com\/#\/schema\/logo\/image\/"}}]}},"_links":{"self":[{"href":"https:\/\/stahlwerke-bochum.com\/pl\/wp-json\/wp\/v2\/pages\/19818","targetHints":{"allow":["GET"]}}],"collection":[{"href":"https:\/\/stahlwerke-bochum.com\/pl\/wp-json\/wp\/v2\/pages"}],"about":[{"href":"https:\/\/stahlwerke-bochum.com\/pl\/wp-json\/wp\/v2\/types\/page"}],"author":[{"embeddable":true,"href":"https:\/\/stahlwerke-bochum.com\/pl\/wp-json\/wp\/v2\/users\/4"}],"replies":[{"embeddable":true,"href":"https:\/\/stahlwerke-bochum.com\/pl\/wp-json\/wp\/v2\/comments?post=19818"}],"version-history":[{"count":7,"href":"https:\/\/stahlwerke-bochum.com\/pl\/wp-json\/wp\/v2\/pages\/19818\/revisions"}],"predecessor-version":[{"id":19934,"href":"https:\/\/stahlwerke-bochum.com\/pl\/wp-json\/wp\/v2\/pages\/19818\/revisions\/19934"}],"wp:attachment":[{"href":"https:\/\/stahlwerke-bochum.com\/pl\/wp-json\/wp\/v2\/media?parent=19818"}],"curies":[{"name":"wp","href":"https:\/\/api.w.org\/{rel}","templated":true}]}}