{"id":20654,"date":"2018-06-20T12:39:41","date_gmt":"2018-06-20T10:39:41","guid":{"rendered":"http:\/\/192.168.6.130\/wertstoffe\/"},"modified":"2022-01-12T14:37:46","modified_gmt":"2022-01-12T13:37:46","slug":"recyclables","status":"publish","type":"page","link":"https:\/\/stahlwerke-bochum.com\/fr\/recyclables\/","title":{"rendered":"Recyclables"},"content":{"rendered":"<p>[vc_row type=\u00a0\u00bbfull_width_section\u00a0\u00bb][vc_column width=\u00a0\u00bb1\/1&Prime;][rev_slider_vc alias=\u00a0\u00bbwertstoffe\u00a0\u00bb][\/vc_column][\/vc_row][vc_row bg_color=\u00a0\u00bb#00508a\u00a0\u00bb bottom_padding=\u00a0\u00bb50&Prime; full_height=\u00a0\u00bbtrue\u00a0\u00bb content_placement=\u00a0\u00bbtop\u00a0\u00bb][vc_column animation=\u00a0\u00bbfade-in-from-left\u00a0\u00bb bg_color=\u00a0\u00bb#00508a\u00a0\u00bb column_padding=\u00a0\u00bbpadding-2&Prime; width=\u00a0\u00bb1\/2&Prime; delay=\u00a0\u00bb500&Prime;]<h1 class=\"headline font-inherit fontsize-xxxl fontweight-600 lh-13 align-left transform-inherit \" style=\"margin: 0 0 20px 0; color: #ffffff;\">LES OPERATIONS DE RECUPERATION<\/h1><h1 class=\"headline font-inherit fontsize-xxxl fontweight-600 lh-inherit align-left transform-inherit \" style=\"margin: 0 0 20px 0; color: #ffffff;\">DE LA FERRAILLE<\/p>\n<\/h1><h1 class=\"headline font-inherit fontsize-xxxl fontweight-600 lh-inherit align-left transform-inherit \" style=\"margin: 0 0 20px 0; color: #ffffff;\">SONT EXTREMEMENT<\/h1><h1 class=\"headline font-inherit fontsize-xxxl fontweight-600 lh-inherit align-left transform-inherit \" style=\"margin: 0 0 20px 0; color: #ffffff;\">RENTABLES<\/h1><div class=\"box clearfix style-1 wpb_content_element align-center \" style=\"padding: 0; \">\n<div style=\"width: 480px;\" class=\"wp-video\"><video class=\"wp-video-shortcode\" id=\"video-20654-1\" width=\"480\" height=\"320\" poster=\"https:\/\/stahlwerke-bochum.com\/wp-content\/uploads\/2022\/01\/wertstoffe.jpg\" preload=\"metadata\" controls=\"controls\"><source type=\"video\/mp4\" src=\"https:\/\/stahlwerke-bochum.com\/wp-content\/uploads\/2022\/01\/Wertstoffe-2.mp4?_=1\" \/><a href=\"https:\/\/stahlwerke-bochum.com\/wp-content\/uploads\/2022\/01\/Wertstoffe-2.mp4\">https:\/\/stahlwerke-bochum.com\/wp-content\/uploads\/2022\/01\/Wertstoffe-2.mp4<\/a><\/video><\/div>\n<\/div>[\/vc_column][vc_column animation=\u00a0\u00bbfade-in-from-right\u00a0\u00bb bg_color=\u00a0\u00bb#00508a\u00a0\u00bb column_padding=\u00a0\u00bbpadding-2&Prime; text_color=\u00a0\u00bbcustom\u00a0\u00bb custom_text_color=\u00a0\u00bb#ffffff\u00a0\u00bb width=\u00a0\u00bb1\/2&Prime; delay=\u00a0\u00bb500&Prime;]<h1 class=\"headline font-inherit fontsize-xxxl fontweight-600 lh-13 align-left transform-inherit \" style=\"margin: 0 0 20px 0; color: #ffffff;\">MATERIAUX<\/h1>[vc_column_text]Les op\u00e9rations de r\u00e9cup\u00e9ration de la ferraille sont extr\u00eamement rentables: pour faire de l\u00b4acier \u00e0 partir de la ferraille d\u00b4acier on a seulement besoin de la moiti\u00e9 de l\u00b4\u00e9nergie requise normalement pour une production d\u00b4acier \u00e0 partir du minerai. Compte tenu de cette forte rentabilit\u00e9, dans le monde l\u00b4ensemble des ressources de ferraille provient du recyclage de centaines de millions de tonnes annuelles. Dans le\u00a0<strong>domaine du recyclage de la ferraille<\/strong>, SWB produit:<\/p>\n<ul class=\"styled-list fa-ul\">\n<li><i class=\"fa fa-caret-right\"><\/i>des marteaux<\/li>\n<\/ul>\n<ul class=\"styled-list fa-ul\">\n<li><i class=\"fa fa-caret-right\"><\/i>des capots de protection<\/li>\n<\/ul>\n<ul class=\"styled-list fa-ul\">\n<li><i class=\"fa fa-caret-right\"><\/i>des enclumes<\/li>\n<\/ul>\n<ul class=\"styled-list fa-ul\">\n<li><i class=\"fa fa-caret-right\"><\/i>des grilles<\/li>\n<\/ul>\n<ul class=\"styled-list fa-ul\">\n<li><i class=\"fa fa-caret-right\"><\/i>des segments ainsi que tous les autres composants subissant une usure permanente dans des broyeurs, tels que les angles, les habillages lat\u00e9raux, les plaques d\u00b4usure, les axes de marteaux et les \u00e9l\u00e9ments de fixation<\/li>\n<\/ul>\n<ul class=\"styled-list fa-ul\">\n<li><i class=\"fa fa-caret-right\"><\/i>des lames de cisaille pour les cisailles \u00e0 ferraille<\/li>\n<\/ul>\n<p>[\/vc_column_text][\/vc_column][\/vc_row]<\/p>\n","protected":false},"excerpt":{"rendered":"<p>[vc_row type=\u00a0\u00bbfull_width_section\u00a0\u00bb][vc_column width=\u00a0\u00bb1\/1&Prime;][rev_slider_vc alias=\u00a0\u00bbwertstoffe\u00a0\u00bb][\/vc_column][\/vc_row][vc_row bg_color=\u00a0\u00bb#00508a\u00a0\u00bb bottom_padding=\u00a0\u00bb50&Prime; full_height=\u00a0\u00bbtrue\u00a0\u00bb content_placement=\u00a0\u00bbtop\u00a0\u00bb][vc_column animation=\u00a0\u00bbfade-in-from-left\u00a0\u00bb bg_color=\u00a0\u00bb#00508a\u00a0\u00bb column_padding=\u00a0\u00bbpadding-2&Prime; width=\u00a0\u00bb1\/2&Prime; delay=\u00a0\u00bb500&Prime;][\/vc_column][vc_column animation=\u00a0\u00bbfade-in-from-right\u00a0\u00bb bg_color=\u00a0\u00bb#00508a\u00a0\u00bb column_padding=\u00a0\u00bbpadding-2&Prime; text_color=\u00a0\u00bbcustom\u00a0\u00bb custom_text_color=\u00a0\u00bb#ffffff\u00a0\u00bb width=\u00a0\u00bb1\/2&Prime; delay=\u00a0\u00bb500&Prime;][vc_column_text]Les op\u00e9rations de r\u00e9cup\u00e9ration de la ferraille sont extr\u00eamement rentables: pour faire de l\u00b4acier \u00e0 partir de la ferraille d\u00b4acier on a seulement besoin de la moiti\u00e9 de l\u00b4\u00e9nergie requise normalement pour une production d\u00b4acier \u00e0 partir du minerai. Compte tenu de cette forte rentabilit\u00e9, dans le monde l\u00b4ensemble des ressources de ferraille provient du recyclage de centaines de millions de tonnes annuelles. Dans le\u00a0domaine du recyclage de la ferraille, SWB produit: des marteaux des capots de protection des enclumes des grilles des segments ainsi que tous les autres composants subissant une usure permanente dans des broyeurs, tels que les angles, les habillages lat\u00e9raux, les plaques d\u00b4usure, les axes de marteaux et les \u00e9l\u00e9ments de fixation des lames de cisaille pour les cisailles \u00e0 ferraille [\/vc_column_text][\/vc_column][\/vc_row]<\/p>\n","protected":false},"author":4,"featured_media":0,"parent":0,"menu_order":0,"comment_status":"closed","ping_status":"closed","template":"","meta":{"footnotes":""},"class_list":["post-20654","page","type-page","status-publish","hentry"],"yoast_head":"<!-- This site is optimized with the Yoast SEO Premium plugin v26.9 (Yoast SEO v27.3) - https:\/\/yoast.com\/product\/yoast-seo-premium-wordpress\/ -->\n<title>Recyclables - Stahlwerke Bochum<\/title>\n<meta name=\"robots\" content=\"index, follow, max-snippet:-1, max-image-preview:large, max-video-preview:-1\" \/>\n<link rel=\"canonical\" href=\"https:\/\/stahlwerke-bochum.com\/fr\/recyclables\/\" \/>\n<meta property=\"og:locale\" content=\"fr_FR\" \/>\n<meta property=\"og:type\" content=\"article\" \/>\n<meta property=\"og:title\" content=\"Recyclables\" \/>\n<meta property=\"og:description\" content=\"[vc_row type=\u00a0\u00bbfull_width_section\u00a0\u00bb][vc_column width=\u00a0\u00bb1\/1&Prime;][rev_slider_vc alias=\u00a0\u00bbwertstoffe\u00a0\u00bb][\/vc_column][\/vc_row][vc_row bg_color=\u00a0\u00bb#00508a\u00a0\u00bb bottom_padding=\u00a0\u00bb50&Prime; full_height=\u00a0\u00bbtrue\u00a0\u00bb content_placement=\u00a0\u00bbtop\u00a0\u00bb][vc_column animation=\u00a0\u00bbfade-in-from-left\u00a0\u00bb bg_color=\u00a0\u00bb#00508a\u00a0\u00bb column_padding=\u00a0\u00bbpadding-2&Prime; width=\u00a0\u00bb1\/2&Prime; delay=\u00a0\u00bb500&Prime;][\/vc_column][vc_column animation=\u00a0\u00bbfade-in-from-right\u00a0\u00bb bg_color=\u00a0\u00bb#00508a\u00a0\u00bb column_padding=\u00a0\u00bbpadding-2&Prime; text_color=\u00a0\u00bbcustom\u00a0\u00bb custom_text_color=\u00a0\u00bb#ffffff\u00a0\u00bb width=\u00a0\u00bb1\/2&Prime; delay=\u00a0\u00bb500&Prime;][vc_column_text]Les op\u00e9rations de r\u00e9cup\u00e9ration de la ferraille sont extr\u00eamement rentables: pour faire de l\u00b4acier \u00e0 partir de la ferraille d\u00b4acier on a seulement besoin de la moiti\u00e9 de l\u00b4\u00e9nergie requise normalement pour une production d\u00b4acier \u00e0 partir du minerai. Compte tenu de cette forte rentabilit\u00e9, dans le monde l\u00b4ensemble des ressources de ferraille provient du recyclage de centaines de millions de tonnes annuelles. Dans le\u00a0domaine du recyclage de la ferraille, SWB produit: des marteaux des capots de protection des enclumes des grilles des segments ainsi que tous les autres composants subissant une usure permanente dans des broyeurs, tels que les angles, les habillages lat\u00e9raux, les plaques d\u00b4usure, les axes de marteaux et les \u00e9l\u00e9ments de fixation des lames de cisaille pour les cisailles \u00e0 ferraille [\/vc_column_text][\/vc_column][\/vc_row]\" \/>\n<meta property=\"og:url\" content=\"https:\/\/stahlwerke-bochum.com\/fr\/recyclables\/\" \/>\n<meta property=\"og:site_name\" content=\"Stahlwerke Bochum\" \/>\n<meta property=\"article:modified_time\" content=\"2022-01-12T13:37:46+00:00\" \/>\n<meta name=\"twitter:card\" content=\"summary_large_image\" \/>\n<meta name=\"twitter:label1\" content=\"Dur\u00e9e de lecture estim\u00e9e\" \/>\n\t<meta name=\"twitter:data1\" content=\"2 minutes\" \/>\n<script type=\"application\/ld+json\" class=\"yoast-schema-graph\">{\"@context\":\"https:\\\/\\\/schema.org\",\"@graph\":[{\"@type\":\"WebPage\",\"@id\":\"https:\\\/\\\/stahlwerke-bochum.com\\\/fr\\\/recyclables\\\/\",\"url\":\"https:\\\/\\\/stahlwerke-bochum.com\\\/fr\\\/recyclables\\\/\",\"name\":\"Recyclables - Stahlwerke Bochum\",\"isPartOf\":{\"@id\":\"https:\\\/\\\/stahlwerke-bochum.com\\\/#website\"},\"datePublished\":\"2018-06-20T10:39:41+00:00\",\"dateModified\":\"2022-01-12T13:37:46+00:00\",\"breadcrumb\":{\"@id\":\"https:\\\/\\\/stahlwerke-bochum.com\\\/fr\\\/recyclables\\\/#breadcrumb\"},\"inLanguage\":\"fr-FR\",\"potentialAction\":[{\"@type\":\"ReadAction\",\"target\":[\"https:\\\/\\\/stahlwerke-bochum.com\\\/fr\\\/recyclables\\\/\"]}]},{\"@type\":\"BreadcrumbList\",\"@id\":\"https:\\\/\\\/stahlwerke-bochum.com\\\/fr\\\/recyclables\\\/#breadcrumb\",\"itemListElement\":[{\"@type\":\"ListItem\",\"position\":1,\"name\":\"Startseite\",\"item\":\"https:\\\/\\\/stahlwerke-bochum.com\\\/fr\\\/\"},{\"@type\":\"ListItem\",\"position\":2,\"name\":\"Recyclables\"}]},{\"@type\":\"WebSite\",\"@id\":\"https:\\\/\\\/stahlwerke-bochum.com\\\/#website\",\"url\":\"https:\\\/\\\/stahlwerke-bochum.com\\\/\",\"name\":\"Stahlwerke Bochum\",\"description\":\"Entwicklung und Herstellung von Verschleisswerkzeugen f\u00fcr die Aufbereitungstechnik, Zerkleinerungstechnik und Recyclingtechnik.\",\"publisher\":{\"@id\":\"https:\\\/\\\/stahlwerke-bochum.com\\\/#organization\"},\"potentialAction\":[{\"@type\":\"SearchAction\",\"target\":{\"@type\":\"EntryPoint\",\"urlTemplate\":\"https:\\\/\\\/stahlwerke-bochum.com\\\/?s={search_term_string}\"},\"query-input\":{\"@type\":\"PropertyValueSpecification\",\"valueRequired\":true,\"valueName\":\"search_term_string\"}}],\"inLanguage\":\"fr-FR\"},{\"@type\":\"Organization\",\"@id\":\"https:\\\/\\\/stahlwerke-bochum.com\\\/#organization\",\"name\":\"Stahlwerke Bochum\",\"url\":\"https:\\\/\\\/stahlwerke-bochum.com\\\/\",\"logo\":{\"@type\":\"ImageObject\",\"inLanguage\":\"fr-FR\",\"@id\":\"https:\\\/\\\/stahlwerke-bochum.com\\\/#\\\/schema\\\/logo\\\/image\\\/\",\"url\":\"https:\\\/\\\/stahlwerke-bochum.com\\\/wp-content\\\/uploads\\\/2018\\\/06\\\/swb-logo2.jpg\",\"contentUrl\":\"https:\\\/\\\/stahlwerke-bochum.com\\\/wp-content\\\/uploads\\\/2018\\\/06\\\/swb-logo2.jpg\",\"width\":500,\"height\":82,\"caption\":\"Stahlwerke Bochum\"},\"image\":{\"@id\":\"https:\\\/\\\/stahlwerke-bochum.com\\\/#\\\/schema\\\/logo\\\/image\\\/\"}}]}<\/script>\n<!-- \/ Yoast SEO Premium plugin. -->","yoast_head_json":{"title":"Recyclables - Stahlwerke Bochum","robots":{"index":"index","follow":"follow","max-snippet":"max-snippet:-1","max-image-preview":"max-image-preview:large","max-video-preview":"max-video-preview:-1"},"canonical":"https:\/\/stahlwerke-bochum.com\/fr\/recyclables\/","og_locale":"fr_FR","og_type":"article","og_title":"Recyclables","og_description":"[vc_row type=\u00a0\u00bbfull_width_section\u00a0\u00bb][vc_column width=\u00a0\u00bb1\/1&Prime;][rev_slider_vc alias=\u00a0\u00bbwertstoffe\u00a0\u00bb][\/vc_column][\/vc_row][vc_row bg_color=\u00a0\u00bb#00508a\u00a0\u00bb bottom_padding=\u00a0\u00bb50&Prime; full_height=\u00a0\u00bbtrue\u00a0\u00bb content_placement=\u00a0\u00bbtop\u00a0\u00bb][vc_column animation=\u00a0\u00bbfade-in-from-left\u00a0\u00bb bg_color=\u00a0\u00bb#00508a\u00a0\u00bb column_padding=\u00a0\u00bbpadding-2&Prime; width=\u00a0\u00bb1\/2&Prime; delay=\u00a0\u00bb500&Prime;][\/vc_column][vc_column animation=\u00a0\u00bbfade-in-from-right\u00a0\u00bb bg_color=\u00a0\u00bb#00508a\u00a0\u00bb column_padding=\u00a0\u00bbpadding-2&Prime; text_color=\u00a0\u00bbcustom\u00a0\u00bb custom_text_color=\u00a0\u00bb#ffffff\u00a0\u00bb width=\u00a0\u00bb1\/2&Prime; delay=\u00a0\u00bb500&Prime;][vc_column_text]Les op\u00e9rations de r\u00e9cup\u00e9ration de la ferraille sont extr\u00eamement rentables: pour faire de l\u00b4acier \u00e0 partir de la ferraille d\u00b4acier on a seulement besoin de la moiti\u00e9 de l\u00b4\u00e9nergie requise normalement pour une production d\u00b4acier \u00e0 partir du minerai. Compte tenu de cette forte rentabilit\u00e9, dans le monde l\u00b4ensemble des ressources de ferraille provient du recyclage de centaines de millions de tonnes annuelles. Dans le\u00a0domaine du recyclage de la ferraille, SWB produit: des marteaux des capots de protection des enclumes des grilles des segments ainsi que tous les autres composants subissant une usure permanente dans des broyeurs, tels que les angles, les habillages lat\u00e9raux, les plaques d\u00b4usure, les axes de marteaux et les \u00e9l\u00e9ments de fixation des lames de cisaille pour les cisailles \u00e0 ferraille [\/vc_column_text][\/vc_column][\/vc_row]","og_url":"https:\/\/stahlwerke-bochum.com\/fr\/recyclables\/","og_site_name":"Stahlwerke Bochum","article_modified_time":"2022-01-12T13:37:46+00:00","twitter_card":"summary_large_image","twitter_misc":{"Dur\u00e9e de lecture estim\u00e9e":"2 minutes"},"schema":{"@context":"https:\/\/schema.org","@graph":[{"@type":"WebPage","@id":"https:\/\/stahlwerke-bochum.com\/fr\/recyclables\/","url":"https:\/\/stahlwerke-bochum.com\/fr\/recyclables\/","name":"Recyclables - Stahlwerke Bochum","isPartOf":{"@id":"https:\/\/stahlwerke-bochum.com\/#website"},"datePublished":"2018-06-20T10:39:41+00:00","dateModified":"2022-01-12T13:37:46+00:00","breadcrumb":{"@id":"https:\/\/stahlwerke-bochum.com\/fr\/recyclables\/#breadcrumb"},"inLanguage":"fr-FR","potentialAction":[{"@type":"ReadAction","target":["https:\/\/stahlwerke-bochum.com\/fr\/recyclables\/"]}]},{"@type":"BreadcrumbList","@id":"https:\/\/stahlwerke-bochum.com\/fr\/recyclables\/#breadcrumb","itemListElement":[{"@type":"ListItem","position":1,"name":"Startseite","item":"https:\/\/stahlwerke-bochum.com\/fr\/"},{"@type":"ListItem","position":2,"name":"Recyclables"}]},{"@type":"WebSite","@id":"https:\/\/stahlwerke-bochum.com\/#website","url":"https:\/\/stahlwerke-bochum.com\/","name":"Stahlwerke Bochum","description":"Entwicklung und Herstellung von Verschleisswerkzeugen f\u00fcr die Aufbereitungstechnik, Zerkleinerungstechnik und Recyclingtechnik.","publisher":{"@id":"https:\/\/stahlwerke-bochum.com\/#organization"},"potentialAction":[{"@type":"SearchAction","target":{"@type":"EntryPoint","urlTemplate":"https:\/\/stahlwerke-bochum.com\/?s={search_term_string}"},"query-input":{"@type":"PropertyValueSpecification","valueRequired":true,"valueName":"search_term_string"}}],"inLanguage":"fr-FR"},{"@type":"Organization","@id":"https:\/\/stahlwerke-bochum.com\/#organization","name":"Stahlwerke Bochum","url":"https:\/\/stahlwerke-bochum.com\/","logo":{"@type":"ImageObject","inLanguage":"fr-FR","@id":"https:\/\/stahlwerke-bochum.com\/#\/schema\/logo\/image\/","url":"https:\/\/stahlwerke-bochum.com\/wp-content\/uploads\/2018\/06\/swb-logo2.jpg","contentUrl":"https:\/\/stahlwerke-bochum.com\/wp-content\/uploads\/2018\/06\/swb-logo2.jpg","width":500,"height":82,"caption":"Stahlwerke Bochum"},"image":{"@id":"https:\/\/stahlwerke-bochum.com\/#\/schema\/logo\/image\/"}}]}},"_links":{"self":[{"href":"https:\/\/stahlwerke-bochum.com\/fr\/wp-json\/wp\/v2\/pages\/20654","targetHints":{"allow":["GET"]}}],"collection":[{"href":"https:\/\/stahlwerke-bochum.com\/fr\/wp-json\/wp\/v2\/pages"}],"about":[{"href":"https:\/\/stahlwerke-bochum.com\/fr\/wp-json\/wp\/v2\/types\/page"}],"author":[{"embeddable":true,"href":"https:\/\/stahlwerke-bochum.com\/fr\/wp-json\/wp\/v2\/users\/4"}],"replies":[{"embeddable":true,"href":"https:\/\/stahlwerke-bochum.com\/fr\/wp-json\/wp\/v2\/comments?post=20654"}],"version-history":[{"count":5,"href":"https:\/\/stahlwerke-bochum.com\/fr\/wp-json\/wp\/v2\/pages\/20654\/revisions"}],"predecessor-version":[{"id":22749,"href":"https:\/\/stahlwerke-bochum.com\/fr\/wp-json\/wp\/v2\/pages\/20654\/revisions\/22749"}],"wp:attachment":[{"href":"https:\/\/stahlwerke-bochum.com\/fr\/wp-json\/wp\/v2\/media?parent=20654"}],"curies":[{"name":"wp","href":"https:\/\/api.w.org\/{rel}","templated":true}]}}