{"id":20624,"date":"2018-06-19T14:16:59","date_gmt":"2018-06-19T12:16:59","guid":{"rendered":"http:\/\/192.168.6.130\/zusammenarbeit\/"},"modified":"2018-07-10T12:08:03","modified_gmt":"2018-07-10T10:08:03","slug":"partenariat","status":"publish","type":"page","link":"https:\/\/stahlwerke-bochum.com\/fr\/partenariat\/","title":{"rendered":"Partenariat"},"content":{"rendered":"<p>[vc_row type=\u00a0\u00bbfull_width_section\u00a0\u00bb bottom_padding=\u00a0\u00bb50&Prime;][vc_column width=\u00a0\u00bb1\/1&Prime;][rev_slider_vc alias=\u00a0\u00bbschulterschluss\u00a0\u00bb][\/vc_column][\/vc_row][vc_row top_padding=\u00a0\u00bb50&Prime; bottom_padding=\u00a0\u00bb50&Prime;][vc_column width=\u00a0\u00bb1\/1&Prime;][vc_column_text]<\/p>\n<h1 style=\"text-align: center;\">UN PARTENARIAT FORT<\/h1>\n<p>[\/vc_column_text][vc_column_text]<\/p>\n<p style=\"text-align: center;\"><strong>Dans la relation avec nos clients nous entretenons un dialogue<br \/>\nouvert qui est tout b\u00e9n\u00e9fice pour les deux parties.<\/strong><\/p>\n<p>[\/vc_column_text][vc_separator color=\u00a0\u00bbcustom\u00a0\u00bb el_width=\u00a0\u00bb50&Prime; accent_color=\u00a0\u00bb#757575&Prime;][\/vc_column][\/vc_row][vc_row top_padding=\u00a0\u00bb50&Prime; bottom_padding=\u00a0\u00bb50&Prime;][vc_column width=\u00a0\u00bb1\/1&Prime;][vc_row_inner][vc_column_inner width=\u00a0\u00bb1\/3&Prime;][vc_column_text]Nous jouons le r\u00f4le de fabricant, de fournisseur et de conseiller vis-\u00e0-vis de nos clients car leur r\u00e9ussite est \u00e9troitement li\u00e9e \u00e0 la r\u00e9ussite de SWB. Notre strat\u00e9gie repose en effet sur un partenariat \u00e9voluant sur le long terme et non pas dans l\u00b4optique de faire beaucoup d\u00b4argent en peu de temps. Nous conseillons notre client dans son choix de pi\u00e8ces d\u00b4usure pour ses installations de production. En contrepartie le client nous fournit les d\u00e9tails de ses installations et le type de mat\u00e9riaux \u00e0 traiter;[\/vc_column_text][\/vc_column_inner][vc_column_inner width=\u00a0\u00bb1\/3&Prime;][vc_column_text]Nos sp\u00e9cialistes lui soumettent alors une offre claire. Nous ne serions pas SWB si nous n\u00b4\u00e9tions l\u00e0 que pour proposer des solutions banales adapt\u00e9es. Or nous avons pour autre ambition, celle d\u00b4ouvrir de nouvelles voies gr\u00e2ce \u00e0 des efforts constants en mati\u00e8re de recherche et de d\u00e9veloppement de nos produits. Au jour d\u00b4aujourd\u00b4hui nous ne livrons plus seulement des pi\u00e8ces d\u00b4usure en fonte, mais aussi tous les composants servant au fonctionnement rentable d\u00b4une installation.[\/vc_column_text][\/vc_column_inner][vc_column_inner width=\u00a0\u00bb1\/3&Prime;][vc_column_text]On assiste dans de nombreux domaines \u00e0 un r\u00e9el partenariat entre nos clients et nous. Les clients de SWB travaillent dans le domaine du recyclage. Contrairement \u00e0 la production d\u00b4acier brut dans des hauts-fourneaux, SWB fait fondre ses mati\u00e8res secondaires dans des fours \u00e0 induction, ce qui g\u00e9n\u00e8re des \u00e9conomies en CO2. L\u00e0 encore, nous montrons un engagement fort en faveur de la protection de l\u00b4environnement.[\/vc_column_text][\/vc_column_inner][\/vc_row_inner][\/vc_column][\/vc_row][vc_row top_padding=\u00a0\u00bb50&Prime; bottom_padding=\u00a0\u00bb50&Prime;][vc_column animation=\u00a0\u00bbfade-in-from-bottom\u00a0\u00bb width=\u00a0\u00bb1\/1&Prime; delay=\u00a0\u00bb500&Prime;]<div class=\"box clearfix style-2 wpb_content_element align-left \" style=\"padding: 40px 40px 40px 40px; \">\n<h4 style=\"text-align: left;\">Bon \u00e0 savoir:<\/h4>\n<p style=\"text-align: left;\">Dans le domaine de la technologie broyeur, SWB est leader mondial pour les\u00a0<strong>marteaux \u00e0 duret\u00e9 gradu\u00e9e.<\/strong><\/p>\n<\/div>[\/vc_column][\/vc_row]<\/p>\n","protected":false},"excerpt":{"rendered":"<p>[vc_row type=\u00a0\u00bbfull_width_section\u00a0\u00bb bottom_padding=\u00a0\u00bb50&Prime;][vc_column width=\u00a0\u00bb1\/1&Prime;][rev_slider_vc alias=\u00a0\u00bbschulterschluss\u00a0\u00bb][\/vc_column][\/vc_row][vc_row top_padding=\u00a0\u00bb50&Prime; bottom_padding=\u00a0\u00bb50&Prime;][vc_column width=\u00a0\u00bb1\/1&Prime;][vc_column_text] UN PARTENARIAT FORT [\/vc_column_text][vc_column_text] Dans la relation avec nos clients nous entretenons un dialogue ouvert qui est tout b\u00e9n\u00e9fice pour les deux parties. [\/vc_column_text][vc_separator color=\u00a0\u00bbcustom\u00a0\u00bb el_width=\u00a0\u00bb50&Prime; accent_color=\u00a0\u00bb#757575&Prime;][\/vc_column][\/vc_row][vc_row top_padding=\u00a0\u00bb50&Prime; bottom_padding=\u00a0\u00bb50&Prime;][vc_column width=\u00a0\u00bb1\/1&Prime;][vc_row_inner][vc_column_inner width=\u00a0\u00bb1\/3&Prime;][vc_column_text]Nous jouons le r\u00f4le de fabricant, de fournisseur et de conseiller vis-\u00e0-vis de nos clients car leur r\u00e9ussite est \u00e9troitement li\u00e9e \u00e0 la r\u00e9ussite de SWB. Notre strat\u00e9gie repose en effet sur un partenariat \u00e9voluant sur le long terme et non pas dans l\u00b4optique de faire beaucoup d\u00b4argent en peu de temps. Nous conseillons notre client dans son choix de pi\u00e8ces d\u00b4usure pour ses installations de production. En contrepartie le client nous fournit les d\u00e9tails de ses installations et le type de mat\u00e9riaux \u00e0 traiter;[\/vc_column_text][\/vc_column_inner][vc_column_inner width=\u00a0\u00bb1\/3&Prime;][vc_column_text]Nos sp\u00e9cialistes lui soumettent alors une offre claire. Nous ne serions pas SWB si nous n\u00b4\u00e9tions l\u00e0 que pour proposer des solutions banales adapt\u00e9es. Or nous avons pour autre ambition, celle d\u00b4ouvrir de nouvelles voies gr\u00e2ce \u00e0 des efforts constants en mati\u00e8re de recherche et de d\u00e9veloppement de nos produits. Au jour d\u00b4aujourd\u00b4hui nous ne livrons plus seulement des pi\u00e8ces d\u00b4usure en fonte, mais aussi tous les composants servant au fonctionnement rentable d\u00b4une installation.[\/vc_column_text][\/vc_column_inner][vc_column_inner width=\u00a0\u00bb1\/3&Prime;][vc_column_text]On assiste dans [&hellip;]<\/p>\n","protected":false},"author":4,"featured_media":0,"parent":0,"menu_order":0,"comment_status":"closed","ping_status":"closed","template":"","meta":{"footnotes":""},"class_list":["post-20624","page","type-page","status-publish","hentry"],"yoast_head":"<!-- This site is optimized with the Yoast SEO Premium plugin v27.4 (Yoast SEO v27.4) - https:\/\/yoast.com\/product\/yoast-seo-premium-wordpress\/ -->\n<title>Partenariat - Stahlwerke Bochum<\/title>\n<meta name=\"robots\" content=\"index, follow, max-snippet:-1, max-image-preview:large, max-video-preview:-1\" \/>\n<link rel=\"canonical\" href=\"https:\/\/stahlwerke-bochum.com\/fr\/partenariat\/\" \/>\n<meta property=\"og:locale\" content=\"fr_FR\" \/>\n<meta property=\"og:type\" content=\"article\" \/>\n<meta property=\"og:title\" content=\"Partenariat\" \/>\n<meta property=\"og:description\" content=\"[vc_row type=\u00a0\u00bbfull_width_section\u00a0\u00bb bottom_padding=\u00a0\u00bb50&Prime;][vc_column width=\u00a0\u00bb1\/1&Prime;][rev_slider_vc alias=\u00a0\u00bbschulterschluss\u00a0\u00bb][\/vc_column][\/vc_row][vc_row top_padding=\u00a0\u00bb50&Prime; bottom_padding=\u00a0\u00bb50&Prime;][vc_column width=\u00a0\u00bb1\/1&Prime;][vc_column_text] UN PARTENARIAT FORT [\/vc_column_text][vc_column_text] Dans la relation avec nos clients nous entretenons un dialogue ouvert qui est tout b\u00e9n\u00e9fice pour les deux parties. [\/vc_column_text][vc_separator color=\u00a0\u00bbcustom\u00a0\u00bb el_width=\u00a0\u00bb50&Prime; accent_color=\u00a0\u00bb#757575&Prime;][\/vc_column][\/vc_row][vc_row top_padding=\u00a0\u00bb50&Prime; bottom_padding=\u00a0\u00bb50&Prime;][vc_column width=\u00a0\u00bb1\/1&Prime;][vc_row_inner][vc_column_inner width=\u00a0\u00bb1\/3&Prime;][vc_column_text]Nous jouons le r\u00f4le de fabricant, de fournisseur et de conseiller vis-\u00e0-vis de nos clients car leur r\u00e9ussite est \u00e9troitement li\u00e9e \u00e0 la r\u00e9ussite de SWB. Notre strat\u00e9gie repose en effet sur un partenariat \u00e9voluant sur le long terme et non pas dans l\u00b4optique de faire beaucoup d\u00b4argent en peu de temps. Nous conseillons notre client dans son choix de pi\u00e8ces d\u00b4usure pour ses installations de production. En contrepartie le client nous fournit les d\u00e9tails de ses installations et le type de mat\u00e9riaux \u00e0 traiter;[\/vc_column_text][\/vc_column_inner][vc_column_inner width=\u00a0\u00bb1\/3&Prime;][vc_column_text]Nos sp\u00e9cialistes lui soumettent alors une offre claire. Nous ne serions pas SWB si nous n\u00b4\u00e9tions l\u00e0 que pour proposer des solutions banales adapt\u00e9es. Or nous avons pour autre ambition, celle d\u00b4ouvrir de nouvelles voies gr\u00e2ce \u00e0 des efforts constants en mati\u00e8re de recherche et de d\u00e9veloppement de nos produits. Au jour d\u00b4aujourd\u00b4hui nous ne livrons plus seulement des pi\u00e8ces d\u00b4usure en fonte, mais aussi tous les composants servant au fonctionnement rentable d\u00b4une installation.[\/vc_column_text][\/vc_column_inner][vc_column_inner width=\u00a0\u00bb1\/3&Prime;][vc_column_text]On assiste dans [&hellip;]\" \/>\n<meta property=\"og:url\" content=\"https:\/\/stahlwerke-bochum.com\/fr\/partenariat\/\" \/>\n<meta property=\"og:site_name\" content=\"Stahlwerke Bochum\" \/>\n<meta property=\"article:modified_time\" content=\"2018-07-10T10:08:03+00:00\" \/>\n<meta name=\"twitter:card\" content=\"summary_large_image\" \/>\n<meta name=\"twitter:label1\" content=\"Dur\u00e9e de lecture estim\u00e9e\" \/>\n\t<meta name=\"twitter:data1\" content=\"2 minutes\" \/>\n<script type=\"application\/ld+json\" class=\"yoast-schema-graph\">{\"@context\":\"https:\\\/\\\/schema.org\",\"@graph\":[{\"@type\":\"WebPage\",\"@id\":\"https:\\\/\\\/stahlwerke-bochum.com\\\/fr\\\/partenariat\\\/\",\"url\":\"https:\\\/\\\/stahlwerke-bochum.com\\\/fr\\\/partenariat\\\/\",\"name\":\"Partenariat - Stahlwerke Bochum\",\"isPartOf\":{\"@id\":\"https:\\\/\\\/stahlwerke-bochum.com\\\/#website\"},\"datePublished\":\"2018-06-19T12:16:59+00:00\",\"dateModified\":\"2018-07-10T10:08:03+00:00\",\"breadcrumb\":{\"@id\":\"https:\\\/\\\/stahlwerke-bochum.com\\\/fr\\\/partenariat\\\/#breadcrumb\"},\"inLanguage\":\"fr-FR\",\"potentialAction\":[{\"@type\":\"ReadAction\",\"target\":[\"https:\\\/\\\/stahlwerke-bochum.com\\\/fr\\\/partenariat\\\/\"]}]},{\"@type\":\"BreadcrumbList\",\"@id\":\"https:\\\/\\\/stahlwerke-bochum.com\\\/fr\\\/partenariat\\\/#breadcrumb\",\"itemListElement\":[{\"@type\":\"ListItem\",\"position\":1,\"name\":\"Startseite\",\"item\":\"https:\\\/\\\/stahlwerke-bochum.com\\\/fr\\\/\"},{\"@type\":\"ListItem\",\"position\":2,\"name\":\"Partenariat\"}]},{\"@type\":\"WebSite\",\"@id\":\"https:\\\/\\\/stahlwerke-bochum.com\\\/#website\",\"url\":\"https:\\\/\\\/stahlwerke-bochum.com\\\/\",\"name\":\"Stahlwerke Bochum\",\"description\":\"Entwicklung und Herstellung von Verschleisswerkzeugen f\u00fcr die Aufbereitungstechnik, Zerkleinerungstechnik und Recyclingtechnik.\",\"publisher\":{\"@id\":\"https:\\\/\\\/stahlwerke-bochum.com\\\/#organization\"},\"potentialAction\":[{\"@type\":\"SearchAction\",\"target\":{\"@type\":\"EntryPoint\",\"urlTemplate\":\"https:\\\/\\\/stahlwerke-bochum.com\\\/?s={search_term_string}\"},\"query-input\":{\"@type\":\"PropertyValueSpecification\",\"valueRequired\":true,\"valueName\":\"search_term_string\"}}],\"inLanguage\":\"fr-FR\"},{\"@type\":\"Organization\",\"@id\":\"https:\\\/\\\/stahlwerke-bochum.com\\\/#organization\",\"name\":\"Stahlwerke Bochum\",\"url\":\"https:\\\/\\\/stahlwerke-bochum.com\\\/\",\"logo\":{\"@type\":\"ImageObject\",\"inLanguage\":\"fr-FR\",\"@id\":\"https:\\\/\\\/stahlwerke-bochum.com\\\/#\\\/schema\\\/logo\\\/image\\\/\",\"url\":\"https:\\\/\\\/stahlwerke-bochum.com\\\/wp-content\\\/uploads\\\/2018\\\/06\\\/swb-logo2.jpg\",\"contentUrl\":\"https:\\\/\\\/stahlwerke-bochum.com\\\/wp-content\\\/uploads\\\/2018\\\/06\\\/swb-logo2.jpg\",\"width\":500,\"height\":82,\"caption\":\"Stahlwerke Bochum\"},\"image\":{\"@id\":\"https:\\\/\\\/stahlwerke-bochum.com\\\/#\\\/schema\\\/logo\\\/image\\\/\"}}]}<\/script>\n<!-- \/ Yoast SEO Premium plugin. -->","yoast_head_json":{"title":"Partenariat - Stahlwerke Bochum","robots":{"index":"index","follow":"follow","max-snippet":"max-snippet:-1","max-image-preview":"max-image-preview:large","max-video-preview":"max-video-preview:-1"},"canonical":"https:\/\/stahlwerke-bochum.com\/fr\/partenariat\/","og_locale":"fr_FR","og_type":"article","og_title":"Partenariat","og_description":"[vc_row type=\u00a0\u00bbfull_width_section\u00a0\u00bb bottom_padding=\u00a0\u00bb50&Prime;][vc_column width=\u00a0\u00bb1\/1&Prime;][rev_slider_vc alias=\u00a0\u00bbschulterschluss\u00a0\u00bb][\/vc_column][\/vc_row][vc_row top_padding=\u00a0\u00bb50&Prime; bottom_padding=\u00a0\u00bb50&Prime;][vc_column width=\u00a0\u00bb1\/1&Prime;][vc_column_text] UN PARTENARIAT FORT [\/vc_column_text][vc_column_text] Dans la relation avec nos clients nous entretenons un dialogue ouvert qui est tout b\u00e9n\u00e9fice pour les deux parties. [\/vc_column_text][vc_separator color=\u00a0\u00bbcustom\u00a0\u00bb el_width=\u00a0\u00bb50&Prime; accent_color=\u00a0\u00bb#757575&Prime;][\/vc_column][\/vc_row][vc_row top_padding=\u00a0\u00bb50&Prime; bottom_padding=\u00a0\u00bb50&Prime;][vc_column width=\u00a0\u00bb1\/1&Prime;][vc_row_inner][vc_column_inner width=\u00a0\u00bb1\/3&Prime;][vc_column_text]Nous jouons le r\u00f4le de fabricant, de fournisseur et de conseiller vis-\u00e0-vis de nos clients car leur r\u00e9ussite est \u00e9troitement li\u00e9e \u00e0 la r\u00e9ussite de SWB. Notre strat\u00e9gie repose en effet sur un partenariat \u00e9voluant sur le long terme et non pas dans l\u00b4optique de faire beaucoup d\u00b4argent en peu de temps. Nous conseillons notre client dans son choix de pi\u00e8ces d\u00b4usure pour ses installations de production. En contrepartie le client nous fournit les d\u00e9tails de ses installations et le type de mat\u00e9riaux \u00e0 traiter;[\/vc_column_text][\/vc_column_inner][vc_column_inner width=\u00a0\u00bb1\/3&Prime;][vc_column_text]Nos sp\u00e9cialistes lui soumettent alors une offre claire. Nous ne serions pas SWB si nous n\u00b4\u00e9tions l\u00e0 que pour proposer des solutions banales adapt\u00e9es. Or nous avons pour autre ambition, celle d\u00b4ouvrir de nouvelles voies gr\u00e2ce \u00e0 des efforts constants en mati\u00e8re de recherche et de d\u00e9veloppement de nos produits. Au jour d\u00b4aujourd\u00b4hui nous ne livrons plus seulement des pi\u00e8ces d\u00b4usure en fonte, mais aussi tous les composants servant au fonctionnement rentable d\u00b4une installation.[\/vc_column_text][\/vc_column_inner][vc_column_inner width=\u00a0\u00bb1\/3&Prime;][vc_column_text]On assiste dans [&hellip;]","og_url":"https:\/\/stahlwerke-bochum.com\/fr\/partenariat\/","og_site_name":"Stahlwerke Bochum","article_modified_time":"2018-07-10T10:08:03+00:00","twitter_card":"summary_large_image","twitter_misc":{"Dur\u00e9e de lecture estim\u00e9e":"2 minutes"},"schema":{"@context":"https:\/\/schema.org","@graph":[{"@type":"WebPage","@id":"https:\/\/stahlwerke-bochum.com\/fr\/partenariat\/","url":"https:\/\/stahlwerke-bochum.com\/fr\/partenariat\/","name":"Partenariat - Stahlwerke Bochum","isPartOf":{"@id":"https:\/\/stahlwerke-bochum.com\/#website"},"datePublished":"2018-06-19T12:16:59+00:00","dateModified":"2018-07-10T10:08:03+00:00","breadcrumb":{"@id":"https:\/\/stahlwerke-bochum.com\/fr\/partenariat\/#breadcrumb"},"inLanguage":"fr-FR","potentialAction":[{"@type":"ReadAction","target":["https:\/\/stahlwerke-bochum.com\/fr\/partenariat\/"]}]},{"@type":"BreadcrumbList","@id":"https:\/\/stahlwerke-bochum.com\/fr\/partenariat\/#breadcrumb","itemListElement":[{"@type":"ListItem","position":1,"name":"Startseite","item":"https:\/\/stahlwerke-bochum.com\/fr\/"},{"@type":"ListItem","position":2,"name":"Partenariat"}]},{"@type":"WebSite","@id":"https:\/\/stahlwerke-bochum.com\/#website","url":"https:\/\/stahlwerke-bochum.com\/","name":"Stahlwerke Bochum","description":"Entwicklung und Herstellung von Verschleisswerkzeugen f\u00fcr die Aufbereitungstechnik, Zerkleinerungstechnik und Recyclingtechnik.","publisher":{"@id":"https:\/\/stahlwerke-bochum.com\/#organization"},"potentialAction":[{"@type":"SearchAction","target":{"@type":"EntryPoint","urlTemplate":"https:\/\/stahlwerke-bochum.com\/?s={search_term_string}"},"query-input":{"@type":"PropertyValueSpecification","valueRequired":true,"valueName":"search_term_string"}}],"inLanguage":"fr-FR"},{"@type":"Organization","@id":"https:\/\/stahlwerke-bochum.com\/#organization","name":"Stahlwerke Bochum","url":"https:\/\/stahlwerke-bochum.com\/","logo":{"@type":"ImageObject","inLanguage":"fr-FR","@id":"https:\/\/stahlwerke-bochum.com\/#\/schema\/logo\/image\/","url":"https:\/\/stahlwerke-bochum.com\/wp-content\/uploads\/2018\/06\/swb-logo2.jpg","contentUrl":"https:\/\/stahlwerke-bochum.com\/wp-content\/uploads\/2018\/06\/swb-logo2.jpg","width":500,"height":82,"caption":"Stahlwerke Bochum"},"image":{"@id":"https:\/\/stahlwerke-bochum.com\/#\/schema\/logo\/image\/"}}]}},"_links":{"self":[{"href":"https:\/\/stahlwerke-bochum.com\/fr\/wp-json\/wp\/v2\/pages\/20624","targetHints":{"allow":["GET"]}}],"collection":[{"href":"https:\/\/stahlwerke-bochum.com\/fr\/wp-json\/wp\/v2\/pages"}],"about":[{"href":"https:\/\/stahlwerke-bochum.com\/fr\/wp-json\/wp\/v2\/types\/page"}],"author":[{"embeddable":true,"href":"https:\/\/stahlwerke-bochum.com\/fr\/wp-json\/wp\/v2\/users\/4"}],"replies":[{"embeddable":true,"href":"https:\/\/stahlwerke-bochum.com\/fr\/wp-json\/wp\/v2\/comments?post=20624"}],"version-history":[{"count":3,"href":"https:\/\/stahlwerke-bochum.com\/fr\/wp-json\/wp\/v2\/pages\/20624\/revisions"}],"predecessor-version":[{"id":20652,"href":"https:\/\/stahlwerke-bochum.com\/fr\/wp-json\/wp\/v2\/pages\/20624\/revisions\/20652"}],"wp:attachment":[{"href":"https:\/\/stahlwerke-bochum.com\/fr\/wp-json\/wp\/v2\/media?parent=20624"}],"curies":[{"name":"wp","href":"https:\/\/api.w.org\/{rel}","templated":true}]}}