{"id":20584,"date":"2018-06-20T14:30:37","date_gmt":"2018-06-20T12:30:37","guid":{"rendered":"http:\/\/192.168.6.130\/schlagkraft\/"},"modified":"2018-07-10T10:37:40","modified_gmt":"2018-07-10T08:37:40","slug":"force-dimpact","status":"publish","type":"page","link":"https:\/\/stahlwerke-bochum.com\/fr\/force-dimpact\/","title":{"rendered":"Force d&rsquo;impact"},"content":{"rendered":"<p>[vc_row type=\u00a0\u00bbfull_width_section\u00a0\u00bb bottom_padding=\u00a0\u00bb50&Prime;][vc_column width=\u00a0\u00bb1\/1&Prime;][rev_slider_vc alias=\u00a0\u00bbschlagkraft\u00a0\u00bb][\/vc_column][\/vc_row][vc_row top_padding=\u00a0\u00bb50&Prime; bottom_padding=\u00a0\u00bb50&Prime;][vc_column width=\u00a0\u00bb1\/1&Prime;][vc_column_text]<\/p>\n<h1 style=\"text-align: center;\"><span style=\"color: #00518b;\">FORCE D\u00b4IMPACT<\/span><\/h1>\n<p>[\/vc_column_text][vc_column_text]<\/p>\n<p style=\"text-align: center;\"><strong><span style=\"color: #444444;\">Les produits SWB s\u00b4utilisent l\u00e0 o\u00f9<br \/>\nil y a des op\u00e9rations de broyage.<\/span><\/strong><\/p>\n<p>[\/vc_column_text][vc_separator color=\u00a0\u00bbcustom\u00a0\u00bb el_width=\u00a0\u00bb50&Prime; accent_color=\u00a0\u00bb#757575&Prime;][\/vc_column][\/vc_row][vc_row top_padding=\u00a0\u00bb50&Prime; bottom_padding=\u00a0\u00bb50&Prime;][vc_column width=\u00a0\u00bb1\/3&Prime;][vc_column_text]Cela peut \u00eatre le broyage de mati\u00e8res premi\u00e8res min\u00e9rales, telles que de la pierre naturelle, du minerai et du charbon, mais aussi le broyage de mati\u00e8res secondaires, telles que du clinker et des masses r\u00e9siduelles de construction.<\/p>\n<p>Pour le broyage \u00e0 <strong>percussion horizontal et vertical<\/strong>, nous d\u00e9veloppons, produisons et livrons:<\/p>\n<ul class=\"styled-list fa-ul\"><li><i class=\"fa fa-caret-right\"><\/i>des battoirs<\/li> <\/ul><ul class=\"styled-list fa-ul\"><li><i class=\"fa fa-caret-right\"><\/i>des \u00e9l\u00e9ments de rebondissement<\/li> <\/ul><ul class=\"styled-list fa-ul\"><li><i class=\"fa fa-caret-right\"><\/i>des plaques de choc<\/li> <\/ul><ul class=\"styled-list fa-ul\"><li><i class=\"fa fa-caret-right\"><\/i>des plaques de protection du rotor<\/li> <\/ul>\n<p>ainsi que tout l\u00b4habillage int\u00e9rieur r\u00e9sistant des broyeurs \u00e0 percussion.[\/vc_column_text][\/vc_column][vc_column width=\u00a0\u00bb1\/3&Prime;][vc_column_text]Pour ce qui concerne <strong>le traitement des min\u00e9raux<\/strong> en g\u00e9n\u00e9ral nous produisons et livrons:<\/p>\n<ul class=\"styled-list fa-ul\"><li><i class=\"fa fa-caret-right\"><\/i>des boules de meulage<\/li> <\/ul><ul class=\"styled-list fa-ul\"><li><i class=\"fa fa-caret-right\"><\/i>des bagues et cuves de meulage<\/li> <\/ul><ul class=\"styled-list fa-ul\"><li><i class=\"fa fa-caret-right\"><\/i>des marteaux pour moulins \u00e0 marteaux<\/li> <\/ul><ul class=\"styled-list fa-ul\"><li><i class=\"fa fa-caret-right\"><\/i>des segments pour des presses \u00e0 briqueter<\/li> <\/ul>[\/vc_column_text][\/vc_column][vc_column width=\u00a0\u00bb1\/3&Prime;][vc_column_text]Les marteaux et les battoirs de SWB sont r\u00e9sistants aux chocs. Ils surmontent la r\u00e9sistance des mat\u00e9riaux les plus durs: le quartz, le granit, le basalte, le porphyre, tout comme le clinker dur et le b\u00e9ton arm\u00e9 dans les masses r\u00e9siduelles de construction. Duret\u00e9 et t\u00e9nacit\u00e9 sont n\u00e9cessaires pour avoir une bonne r\u00e9sistance aux chocs. Les pi\u00e8ces fabriqu\u00e9es par SWB poss\u00e8dent ces deux propri\u00e9t\u00e9s: elles sont dures et r\u00e9sistantes.[\/vc_column_text][\/vc_column][\/vc_row][vc_row top_padding=\u00a0\u00bb50&Prime; bottom_padding=\u00a0\u00bb50&Prime;][vc_column animation=\u00a0\u00bbfade-in-from-bottom\u00a0\u00bb width=\u00a0\u00bb1\/1&Prime; delay=\u00a0\u00bb500&Prime;]<div class=\"box clearfix style-2 wpb_content_element align-left \" style=\"padding: 40px 40px 40px 40px; \">\n<h4 style=\"text-align: left;\">Bon \u00e0 savoir:<\/h4>\n<p style=\"text-align: left;\"><strong>Battoirs, plaques de rebondissement, habillages lat\u00e9raux, m\u00e2choires \u00e0 concasseur<\/strong>\u00a0et toutes les autres\u00a0<strong>pi\u00e8ces d\u2019usure en fonte<\/strong>\u00a0pour le\u00a0<strong>broyage horizontal et vertical<\/strong>\u00a0des\u00a0<strong>roches\u00a0<\/strong>et des<strong>masses r\u00e9siduelles de construction\u00a0<\/strong>utilis\u00e9es dans des broyeurs \u00e0 percussion et concasseurs \u00e0 percussion.<\/p>\n<p style=\"text-align: left;\"><strong>Boules de meulage, bagues et cuves de meulage\u00a0<\/strong>pour la\u00a0<strong>r\u00e9duction en poudre du charbon\u00a0<\/strong>ainsi que marteaux pour moulins \u00e0 marteaux et segments pour les presses \u00e0 briqueter pour la\u00a0<strong>pr\u00e9paration de min\u00e9raux<\/strong>et\u00a0<strong>la fabrication du ciment.<\/strong><\/p>\n<\/div>[\/vc_column][\/vc_row][vc_row bottom_padding=\u00a0\u00bb50&Prime;][vc_column animation=\u00a0\u00bbfade-in\u00a0\u00bb width=\u00a0\u00bb1\/1&Prime; delay=\u00a0\u00bb500&Prime;]<div class=\"single_image wpb_content_element align-center    \" data-animation=\"none\" data-delay=\"0\"><img loading=\"lazy\" decoding=\"async\" width=\"1024\" height=\"632\" src=\"https:\/\/stahlwerke-bochum.com\/wp-content\/uploads\/2018\/06\/simulation_prallmuehle_2-1024x632.jpg\" class=\"attachment-large\" alt=\"\" srcset=\"https:\/\/stahlwerke-bochum.com\/wp-content\/uploads\/2018\/06\/simulation_prallmuehle_2-1024x632.jpg 1024w, https:\/\/stahlwerke-bochum.com\/wp-content\/uploads\/2018\/06\/simulation_prallmuehle_2-300x185.jpg 300w, https:\/\/stahlwerke-bochum.com\/wp-content\/uploads\/2018\/06\/simulation_prallmuehle_2-768x474.jpg 768w, https:\/\/stahlwerke-bochum.com\/wp-content\/uploads\/2018\/06\/simulation_prallmuehle_2.jpg 1160w\" sizes=\"auto, (max-width: 1024px) 100vw, 1024px\" \/><\/div>[\/vc_column][\/vc_row]<\/p>\n","protected":false},"excerpt":{"rendered":"<p>[vc_row type=\u00a0\u00bbfull_width_section\u00a0\u00bb bottom_padding=\u00a0\u00bb50&Prime;][vc_column width=\u00a0\u00bb1\/1&Prime;][rev_slider_vc alias=\u00a0\u00bbschlagkraft\u00a0\u00bb][\/vc_column][\/vc_row][vc_row top_padding=\u00a0\u00bb50&Prime; bottom_padding=\u00a0\u00bb50&Prime;][vc_column width=\u00a0\u00bb1\/1&Prime;][vc_column_text] FORCE D\u00b4IMPACT [\/vc_column_text][vc_column_text] Les produits SWB s\u00b4utilisent l\u00e0 o\u00f9 il y a des op\u00e9rations de broyage. [\/vc_column_text][vc_separator color=\u00a0\u00bbcustom\u00a0\u00bb el_width=\u00a0\u00bb50&Prime; accent_color=\u00a0\u00bb#757575&Prime;][\/vc_column][\/vc_row][vc_row top_padding=\u00a0\u00bb50&Prime; bottom_padding=\u00a0\u00bb50&Prime;][vc_column width=\u00a0\u00bb1\/3&Prime;][vc_column_text]Cela peut \u00eatre le broyage de mati\u00e8res premi\u00e8res min\u00e9rales, telles que de la pierre naturelle, du minerai et du charbon, mais aussi le broyage de mati\u00e8res secondaires, telles que du clinker et des masses r\u00e9siduelles de construction. Pour le broyage \u00e0 percussion horizontal et vertical, nous d\u00e9veloppons, produisons et livrons: ainsi que tout l\u00b4habillage int\u00e9rieur r\u00e9sistant des broyeurs \u00e0 percussion.[\/vc_column_text][\/vc_column][vc_column width=\u00a0\u00bb1\/3&Prime;][vc_column_text]Pour ce qui concerne le traitement des min\u00e9raux en g\u00e9n\u00e9ral nous produisons et livrons: [\/vc_column_text][\/vc_column][vc_column width=\u00a0\u00bb1\/3&Prime;][vc_column_text]Les marteaux et les battoirs de SWB sont r\u00e9sistants aux chocs. Ils surmontent la r\u00e9sistance des mat\u00e9riaux les plus durs: le quartz, le granit, le basalte, le porphyre, tout comme le clinker dur et le b\u00e9ton arm\u00e9 dans les masses r\u00e9siduelles de construction. Duret\u00e9 et t\u00e9nacit\u00e9 sont n\u00e9cessaires pour avoir une bonne r\u00e9sistance aux chocs. Les pi\u00e8ces fabriqu\u00e9es par SWB poss\u00e8dent ces deux propri\u00e9t\u00e9s: elles sont dures et r\u00e9sistantes.[\/vc_column_text][\/vc_column][\/vc_row][vc_row top_padding=\u00a0\u00bb50&Prime; bottom_padding=\u00a0\u00bb50&Prime;][vc_column animation=\u00a0\u00bbfade-in-from-bottom\u00a0\u00bb width=\u00a0\u00bb1\/1&Prime; delay=\u00a0\u00bb500&Prime;][\/vc_column][\/vc_row][vc_row bottom_padding=\u00a0\u00bb50&Prime;][vc_column animation=\u00a0\u00bbfade-in\u00a0\u00bb width=\u00a0\u00bb1\/1&Prime; delay=\u00a0\u00bb500&Prime;][\/vc_column][\/vc_row]<\/p>\n","protected":false},"author":4,"featured_media":0,"parent":0,"menu_order":0,"comment_status":"closed","ping_status":"closed","template":"","meta":{"footnotes":""},"class_list":["post-20584","page","type-page","status-publish","hentry"],"yoast_head":"<!-- This site is optimized with the Yoast SEO Premium plugin v27.4 (Yoast SEO v27.4) - https:\/\/yoast.com\/product\/yoast-seo-premium-wordpress\/ -->\n<title>Force d&#039;impact - Stahlwerke Bochum<\/title>\n<meta name=\"robots\" content=\"index, follow, max-snippet:-1, max-image-preview:large, max-video-preview:-1\" \/>\n<link rel=\"canonical\" href=\"https:\/\/stahlwerke-bochum.com\/fr\/force-dimpact\/\" \/>\n<meta property=\"og:locale\" content=\"fr_FR\" \/>\n<meta property=\"og:type\" content=\"article\" \/>\n<meta property=\"og:title\" content=\"Force d&#039;impact\" \/>\n<meta property=\"og:description\" content=\"[vc_row type=\u00a0\u00bbfull_width_section\u00a0\u00bb bottom_padding=\u00a0\u00bb50&Prime;][vc_column width=\u00a0\u00bb1\/1&Prime;][rev_slider_vc alias=\u00a0\u00bbschlagkraft\u00a0\u00bb][\/vc_column][\/vc_row][vc_row top_padding=\u00a0\u00bb50&Prime; bottom_padding=\u00a0\u00bb50&Prime;][vc_column width=\u00a0\u00bb1\/1&Prime;][vc_column_text] FORCE D\u00b4IMPACT [\/vc_column_text][vc_column_text] Les produits SWB s\u00b4utilisent l\u00e0 o\u00f9 il y a des op\u00e9rations de broyage. [\/vc_column_text][vc_separator color=\u00a0\u00bbcustom\u00a0\u00bb el_width=\u00a0\u00bb50&Prime; accent_color=\u00a0\u00bb#757575&Prime;][\/vc_column][\/vc_row][vc_row top_padding=\u00a0\u00bb50&Prime; bottom_padding=\u00a0\u00bb50&Prime;][vc_column width=\u00a0\u00bb1\/3&Prime;][vc_column_text]Cela peut \u00eatre le broyage de mati\u00e8res premi\u00e8res min\u00e9rales, telles que de la pierre naturelle, du minerai et du charbon, mais aussi le broyage de mati\u00e8res secondaires, telles que du clinker et des masses r\u00e9siduelles de construction. Pour le broyage \u00e0 percussion horizontal et vertical, nous d\u00e9veloppons, produisons et livrons: ainsi que tout l\u00b4habillage int\u00e9rieur r\u00e9sistant des broyeurs \u00e0 percussion.[\/vc_column_text][\/vc_column][vc_column width=\u00a0\u00bb1\/3&Prime;][vc_column_text]Pour ce qui concerne le traitement des min\u00e9raux en g\u00e9n\u00e9ral nous produisons et livrons: [\/vc_column_text][\/vc_column][vc_column width=\u00a0\u00bb1\/3&Prime;][vc_column_text]Les marteaux et les battoirs de SWB sont r\u00e9sistants aux chocs. Ils surmontent la r\u00e9sistance des mat\u00e9riaux les plus durs: le quartz, le granit, le basalte, le porphyre, tout comme le clinker dur et le b\u00e9ton arm\u00e9 dans les masses r\u00e9siduelles de construction. Duret\u00e9 et t\u00e9nacit\u00e9 sont n\u00e9cessaires pour avoir une bonne r\u00e9sistance aux chocs. Les pi\u00e8ces fabriqu\u00e9es par SWB poss\u00e8dent ces deux propri\u00e9t\u00e9s: elles sont dures et r\u00e9sistantes.[\/vc_column_text][\/vc_column][\/vc_row][vc_row top_padding=\u00a0\u00bb50&Prime; bottom_padding=\u00a0\u00bb50&Prime;][vc_column animation=\u00a0\u00bbfade-in-from-bottom\u00a0\u00bb width=\u00a0\u00bb1\/1&Prime; delay=\u00a0\u00bb500&Prime;][\/vc_column][\/vc_row][vc_row bottom_padding=\u00a0\u00bb50&Prime;][vc_column animation=\u00a0\u00bbfade-in\u00a0\u00bb width=\u00a0\u00bb1\/1&Prime; delay=\u00a0\u00bb500&Prime;][\/vc_column][\/vc_row]\" \/>\n<meta property=\"og:url\" content=\"https:\/\/stahlwerke-bochum.com\/fr\/force-dimpact\/\" \/>\n<meta property=\"og:site_name\" content=\"Stahlwerke Bochum\" \/>\n<meta property=\"article:modified_time\" content=\"2018-07-10T08:37:40+00:00\" \/>\n<meta name=\"twitter:card\" content=\"summary_large_image\" \/>\n<meta name=\"twitter:label1\" content=\"Dur\u00e9e de lecture estim\u00e9e\" \/>\n\t<meta name=\"twitter:data1\" content=\"3 minutes\" \/>\n<script type=\"application\/ld+json\" class=\"yoast-schema-graph\">{\"@context\":\"https:\\\/\\\/schema.org\",\"@graph\":[{\"@type\":\"WebPage\",\"@id\":\"https:\\\/\\\/stahlwerke-bochum.com\\\/fr\\\/force-dimpact\\\/\",\"url\":\"https:\\\/\\\/stahlwerke-bochum.com\\\/fr\\\/force-dimpact\\\/\",\"name\":\"Force d'impact - Stahlwerke Bochum\",\"isPartOf\":{\"@id\":\"https:\\\/\\\/stahlwerke-bochum.com\\\/#website\"},\"datePublished\":\"2018-06-20T12:30:37+00:00\",\"dateModified\":\"2018-07-10T08:37:40+00:00\",\"breadcrumb\":{\"@id\":\"https:\\\/\\\/stahlwerke-bochum.com\\\/fr\\\/force-dimpact\\\/#breadcrumb\"},\"inLanguage\":\"fr-FR\",\"potentialAction\":[{\"@type\":\"ReadAction\",\"target\":[\"https:\\\/\\\/stahlwerke-bochum.com\\\/fr\\\/force-dimpact\\\/\"]}]},{\"@type\":\"BreadcrumbList\",\"@id\":\"https:\\\/\\\/stahlwerke-bochum.com\\\/fr\\\/force-dimpact\\\/#breadcrumb\",\"itemListElement\":[{\"@type\":\"ListItem\",\"position\":1,\"name\":\"Startseite\",\"item\":\"https:\\\/\\\/stahlwerke-bochum.com\\\/fr\\\/\"},{\"@type\":\"ListItem\",\"position\":2,\"name\":\"Force d&rsquo;impact\"}]},{\"@type\":\"WebSite\",\"@id\":\"https:\\\/\\\/stahlwerke-bochum.com\\\/#website\",\"url\":\"https:\\\/\\\/stahlwerke-bochum.com\\\/\",\"name\":\"Stahlwerke Bochum\",\"description\":\"Entwicklung und Herstellung von Verschleisswerkzeugen f\u00fcr die Aufbereitungstechnik, Zerkleinerungstechnik und Recyclingtechnik.\",\"publisher\":{\"@id\":\"https:\\\/\\\/stahlwerke-bochum.com\\\/#organization\"},\"potentialAction\":[{\"@type\":\"SearchAction\",\"target\":{\"@type\":\"EntryPoint\",\"urlTemplate\":\"https:\\\/\\\/stahlwerke-bochum.com\\\/?s={search_term_string}\"},\"query-input\":{\"@type\":\"PropertyValueSpecification\",\"valueRequired\":true,\"valueName\":\"search_term_string\"}}],\"inLanguage\":\"fr-FR\"},{\"@type\":\"Organization\",\"@id\":\"https:\\\/\\\/stahlwerke-bochum.com\\\/#organization\",\"name\":\"Stahlwerke Bochum\",\"url\":\"https:\\\/\\\/stahlwerke-bochum.com\\\/\",\"logo\":{\"@type\":\"ImageObject\",\"inLanguage\":\"fr-FR\",\"@id\":\"https:\\\/\\\/stahlwerke-bochum.com\\\/#\\\/schema\\\/logo\\\/image\\\/\",\"url\":\"https:\\\/\\\/stahlwerke-bochum.com\\\/wp-content\\\/uploads\\\/2018\\\/06\\\/swb-logo2.jpg\",\"contentUrl\":\"https:\\\/\\\/stahlwerke-bochum.com\\\/wp-content\\\/uploads\\\/2018\\\/06\\\/swb-logo2.jpg\",\"width\":500,\"height\":82,\"caption\":\"Stahlwerke Bochum\"},\"image\":{\"@id\":\"https:\\\/\\\/stahlwerke-bochum.com\\\/#\\\/schema\\\/logo\\\/image\\\/\"}}]}<\/script>\n<!-- \/ Yoast SEO Premium plugin. -->","yoast_head_json":{"title":"Force d'impact - Stahlwerke Bochum","robots":{"index":"index","follow":"follow","max-snippet":"max-snippet:-1","max-image-preview":"max-image-preview:large","max-video-preview":"max-video-preview:-1"},"canonical":"https:\/\/stahlwerke-bochum.com\/fr\/force-dimpact\/","og_locale":"fr_FR","og_type":"article","og_title":"Force d'impact","og_description":"[vc_row type=\u00a0\u00bbfull_width_section\u00a0\u00bb bottom_padding=\u00a0\u00bb50&Prime;][vc_column width=\u00a0\u00bb1\/1&Prime;][rev_slider_vc alias=\u00a0\u00bbschlagkraft\u00a0\u00bb][\/vc_column][\/vc_row][vc_row top_padding=\u00a0\u00bb50&Prime; bottom_padding=\u00a0\u00bb50&Prime;][vc_column width=\u00a0\u00bb1\/1&Prime;][vc_column_text] FORCE D\u00b4IMPACT [\/vc_column_text][vc_column_text] Les produits SWB s\u00b4utilisent l\u00e0 o\u00f9 il y a des op\u00e9rations de broyage. [\/vc_column_text][vc_separator color=\u00a0\u00bbcustom\u00a0\u00bb el_width=\u00a0\u00bb50&Prime; accent_color=\u00a0\u00bb#757575&Prime;][\/vc_column][\/vc_row][vc_row top_padding=\u00a0\u00bb50&Prime; bottom_padding=\u00a0\u00bb50&Prime;][vc_column width=\u00a0\u00bb1\/3&Prime;][vc_column_text]Cela peut \u00eatre le broyage de mati\u00e8res premi\u00e8res min\u00e9rales, telles que de la pierre naturelle, du minerai et du charbon, mais aussi le broyage de mati\u00e8res secondaires, telles que du clinker et des masses r\u00e9siduelles de construction. Pour le broyage \u00e0 percussion horizontal et vertical, nous d\u00e9veloppons, produisons et livrons: ainsi que tout l\u00b4habillage int\u00e9rieur r\u00e9sistant des broyeurs \u00e0 percussion.[\/vc_column_text][\/vc_column][vc_column width=\u00a0\u00bb1\/3&Prime;][vc_column_text]Pour ce qui concerne le traitement des min\u00e9raux en g\u00e9n\u00e9ral nous produisons et livrons: [\/vc_column_text][\/vc_column][vc_column width=\u00a0\u00bb1\/3&Prime;][vc_column_text]Les marteaux et les battoirs de SWB sont r\u00e9sistants aux chocs. Ils surmontent la r\u00e9sistance des mat\u00e9riaux les plus durs: le quartz, le granit, le basalte, le porphyre, tout comme le clinker dur et le b\u00e9ton arm\u00e9 dans les masses r\u00e9siduelles de construction. Duret\u00e9 et t\u00e9nacit\u00e9 sont n\u00e9cessaires pour avoir une bonne r\u00e9sistance aux chocs. Les pi\u00e8ces fabriqu\u00e9es par SWB poss\u00e8dent ces deux propri\u00e9t\u00e9s: elles sont dures et r\u00e9sistantes.[\/vc_column_text][\/vc_column][\/vc_row][vc_row top_padding=\u00a0\u00bb50&Prime; bottom_padding=\u00a0\u00bb50&Prime;][vc_column animation=\u00a0\u00bbfade-in-from-bottom\u00a0\u00bb width=\u00a0\u00bb1\/1&Prime; delay=\u00a0\u00bb500&Prime;][\/vc_column][\/vc_row][vc_row bottom_padding=\u00a0\u00bb50&Prime;][vc_column animation=\u00a0\u00bbfade-in\u00a0\u00bb width=\u00a0\u00bb1\/1&Prime; delay=\u00a0\u00bb500&Prime;][\/vc_column][\/vc_row]","og_url":"https:\/\/stahlwerke-bochum.com\/fr\/force-dimpact\/","og_site_name":"Stahlwerke Bochum","article_modified_time":"2018-07-10T08:37:40+00:00","twitter_card":"summary_large_image","twitter_misc":{"Dur\u00e9e de lecture estim\u00e9e":"3 minutes"},"schema":{"@context":"https:\/\/schema.org","@graph":[{"@type":"WebPage","@id":"https:\/\/stahlwerke-bochum.com\/fr\/force-dimpact\/","url":"https:\/\/stahlwerke-bochum.com\/fr\/force-dimpact\/","name":"Force d'impact - Stahlwerke Bochum","isPartOf":{"@id":"https:\/\/stahlwerke-bochum.com\/#website"},"datePublished":"2018-06-20T12:30:37+00:00","dateModified":"2018-07-10T08:37:40+00:00","breadcrumb":{"@id":"https:\/\/stahlwerke-bochum.com\/fr\/force-dimpact\/#breadcrumb"},"inLanguage":"fr-FR","potentialAction":[{"@type":"ReadAction","target":["https:\/\/stahlwerke-bochum.com\/fr\/force-dimpact\/"]}]},{"@type":"BreadcrumbList","@id":"https:\/\/stahlwerke-bochum.com\/fr\/force-dimpact\/#breadcrumb","itemListElement":[{"@type":"ListItem","position":1,"name":"Startseite","item":"https:\/\/stahlwerke-bochum.com\/fr\/"},{"@type":"ListItem","position":2,"name":"Force d&rsquo;impact"}]},{"@type":"WebSite","@id":"https:\/\/stahlwerke-bochum.com\/#website","url":"https:\/\/stahlwerke-bochum.com\/","name":"Stahlwerke Bochum","description":"Entwicklung und Herstellung von Verschleisswerkzeugen f\u00fcr die Aufbereitungstechnik, Zerkleinerungstechnik und Recyclingtechnik.","publisher":{"@id":"https:\/\/stahlwerke-bochum.com\/#organization"},"potentialAction":[{"@type":"SearchAction","target":{"@type":"EntryPoint","urlTemplate":"https:\/\/stahlwerke-bochum.com\/?s={search_term_string}"},"query-input":{"@type":"PropertyValueSpecification","valueRequired":true,"valueName":"search_term_string"}}],"inLanguage":"fr-FR"},{"@type":"Organization","@id":"https:\/\/stahlwerke-bochum.com\/#organization","name":"Stahlwerke Bochum","url":"https:\/\/stahlwerke-bochum.com\/","logo":{"@type":"ImageObject","inLanguage":"fr-FR","@id":"https:\/\/stahlwerke-bochum.com\/#\/schema\/logo\/image\/","url":"https:\/\/stahlwerke-bochum.com\/wp-content\/uploads\/2018\/06\/swb-logo2.jpg","contentUrl":"https:\/\/stahlwerke-bochum.com\/wp-content\/uploads\/2018\/06\/swb-logo2.jpg","width":500,"height":82,"caption":"Stahlwerke Bochum"},"image":{"@id":"https:\/\/stahlwerke-bochum.com\/#\/schema\/logo\/image\/"}}]}},"_links":{"self":[{"href":"https:\/\/stahlwerke-bochum.com\/fr\/wp-json\/wp\/v2\/pages\/20584","targetHints":{"allow":["GET"]}}],"collection":[{"href":"https:\/\/stahlwerke-bochum.com\/fr\/wp-json\/wp\/v2\/pages"}],"about":[{"href":"https:\/\/stahlwerke-bochum.com\/fr\/wp-json\/wp\/v2\/types\/page"}],"author":[{"embeddable":true,"href":"https:\/\/stahlwerke-bochum.com\/fr\/wp-json\/wp\/v2\/users\/4"}],"replies":[{"embeddable":true,"href":"https:\/\/stahlwerke-bochum.com\/fr\/wp-json\/wp\/v2\/comments?post=20584"}],"version-history":[{"count":3,"href":"https:\/\/stahlwerke-bochum.com\/fr\/wp-json\/wp\/v2\/pages\/20584\/revisions"}],"predecessor-version":[{"id":20587,"href":"https:\/\/stahlwerke-bochum.com\/fr\/wp-json\/wp\/v2\/pages\/20584\/revisions\/20587"}],"wp:attachment":[{"href":"https:\/\/stahlwerke-bochum.com\/fr\/wp-json\/wp\/v2\/media?parent=20584"}],"curies":[{"name":"wp","href":"https:\/\/api.w.org\/{rel}","templated":true}]}}