{"id":20455,"date":"2018-06-18T10:23:33","date_gmt":"2018-06-18T08:23:33","guid":{"rendered":"http:\/\/192.168.6.130\/home_d\/"},"modified":"2026-04-09T14:29:50","modified_gmt":"2026-04-09T12:29:50","slug":"home_d","status":"publish","type":"page","link":"https:\/\/stahlwerke-bochum.com\/fr\/","title":{"rendered":"A propos de nous"},"content":{"rendered":"<p>[vc_row type=\u00a0\u00bbfull_width_section\u00a0\u00bb bg_color=\u00a0\u00bb#00508a\u00a0\u00bb section_arrow=\u00a0\u00bbfalse\u00a0\u00bb bottom_padding=\u00a0\u00bb10&Prime;][vc_column width=\u00a0\u00bb1\/1&Prime;][rev_slider_vc alias=\u00a0\u00bbmain_ifat_2026_uni\u00a0\u00bb][\/vc_column][\/vc_row][vc_row top_padding=\u00a0\u00bb50&Prime; bottom_padding=\u00a0\u00bb50&Prime;][vc_column width=\u00a0\u00bb1\/1&Prime;]<div class=\"single_image wpb_content_element align-left    hide\" data-animation=\"none\" data-delay=\"0\"><img loading=\"lazy\" decoding=\"async\" width=\"1201\" height=\"200\" src=\"https:\/\/stahlwerke-bochum.com\/wp-content\/uploads\/2020\/04\/18488-Banner-SWB-new-dimensions-IFAT-2020_GB_V2.jpg\" class=\"attachment-full\" alt=\"\" srcset=\"https:\/\/stahlwerke-bochum.com\/wp-content\/uploads\/2020\/04\/18488-Banner-SWB-new-dimensions-IFAT-2020_GB_V2.jpg 1201w, https:\/\/stahlwerke-bochum.com\/wp-content\/uploads\/2020\/04\/18488-Banner-SWB-new-dimensions-IFAT-2020_GB_V2-300x50.jpg 300w, https:\/\/stahlwerke-bochum.com\/wp-content\/uploads\/2020\/04\/18488-Banner-SWB-new-dimensions-IFAT-2020_GB_V2-768x128.jpg 768w, https:\/\/stahlwerke-bochum.com\/wp-content\/uploads\/2020\/04\/18488-Banner-SWB-new-dimensions-IFAT-2020_GB_V2-1024x171.jpg 1024w\" sizes=\"auto, (max-width: 1201px) 100vw, 1201px\" \/><\/div>[vc_column_text]<\/p>\n<h1 style=\"text-align: center;\">UNE R\u00c9PUTATION\u00a0INTERNATIONALE<\/h1>\n<p>[\/vc_column_text][vc_column_text]<\/p>\n<p style=\"text-align: center;\"><strong>Nous sommes pr\u00e9sents dans le monde entier. Nous livrons en effet \u00e0 ce jour<br \/>\ndans plus de\u00a050 pays nos produits de qualit\u00e9 \u00e0 partir de Bochum<\/strong><\/p>\n<p>[\/vc_column_text][vc_separator color=\u00a0\u00bbcustom\u00a0\u00bb el_width=\u00a0\u00bb50&Prime; accent_color=\u00a0\u00bb#757575&Prime;][\/vc_column][\/vc_row][vc_row top_padding=\u00a0\u00bb50&Prime; bottom_padding=\u00a0\u00bb50&Prime;][vc_column width=\u00a0\u00bb1\/3&Prime;][vc_column_text]Dans la conqu\u00eate de nouveaux march\u00e9s en expansion, nous sommes le partenaire comp\u00e9tent pour nos clients. Notre challenge et notre engagement s\u00b4articulent dans un m\u00eame effort non pas seulement autour de la devise \u00ab made in Germany \u00bb mais aussi \u00ab\u00a0<strong>created in Germany<\/strong>\u00a0\u00bb.[\/vc_column_text][\/vc_column][vc_column width=\u00a0\u00bb1\/3&Prime;][vc_column_text]Ensemble avec nos clients, nous avons la volont\u00e9 d\u00b4une protection durable de l\u00b4environnement. Il arrive souvent qu\u00b4avant leur livraison les produits soient recouverts d\u00b4une couche d\u2019appr\u00eat sachant que lors d\u00b4une mise en place des pi\u00e8ces, cette couche ne r\u00e9siste que quelques minutes.[\/vc_column_text][\/vc_column][vc_column width=\u00a0\u00bb1\/3&Prime;][vc_column_text]Les produits de SWB, eux, n\u00b4en ont pas besoin; on peut \u00ab voir \u00bb au sens propre du terme leur niveau de qualit\u00e9 et en m\u00eame temps nous contribuons \u00e0 prot\u00e9ger l\u00b4environnement. Notre r\u00e9putation est bien par cons\u00e9quent la logique d\u00b4une r\u00e9alit\u00e9 v\u00e9cue.[\/vc_column_text][\/vc_column][\/vc_row][vc_row top_padding=\u00a0\u00bb50&Prime; bottom_padding=\u00a0\u00bb50&Prime;][vc_column animation=\u00a0\u00bbfade-in-from-bottom\u00a0\u00bb width=\u00a0\u00bb1\/1&Prime; delay=\u00a0\u00bb500&Prime;]<div class=\"box clearfix style-2 wpb_content_element align-left \" style=\"padding: 40px 40px 40px 40px; \">\n<h4 style=\"text-align: left;\">Bon \u00e0 savoir:<\/h4>\n<p style=\"text-align: left;\"><strong>Le package complet SWB<\/strong>\u00a0comprend le\u00a0<strong>d\u00e9veloppement, la fabrication et la livraison<\/strong>\u00a0des pi\u00e8ces et composants les mieux adapt\u00e9es \u00e0 vos machines. Nos clients profitent de notre longue exp\u00e9rience dans le conseil d\u2019utilisation. Ensemble nous optimisons l\u2019utilisation de leurs machines et installations.<\/p>\n<\/div>[\/vc_column][\/vc_row][vc_row bg_color=\u00a0\u00bb#00508a\u00a0\u00bb text_color=\u00a0\u00bblight\u00a0\u00bb text_align=\u00a0\u00bbcenter\u00a0\u00bb][vc_column width=\u00a0\u00bb1\/3&Prime;][vc_empty_space][vc_column_text]<\/p>\n<p style=\"text-align: center;\"><strong>PLUS DE<\/strong><\/p>\n<p>[\/vc_column_text]<div class=\"counter clearfix wpb_content_element\"><div class=\"counter-number\" style=\"color: #ffffff !important;\">5098800<\/div><span class=\"counter-title\">BATTOIRS<\/span><\/div>[vc_empty_space][\/vc_column][vc_column width=\u00a0\u00bb1\/3&Prime;][vc_empty_space][vc_column_text]<\/p>\n<p style=\"text-align: center;\"><strong>PLUS DE<\/strong><\/p>\n<p>[\/vc_column_text]<div class=\"counter clearfix wpb_content_element\"><div class=\"counter-number\" style=\"color: #ffffff !important;\">1321200<\/div><span class=\"counter-title\">MARTEAUX<\/span><\/div>[vc_empty_space][\/vc_column][vc_column width=\u00a0\u00bb1\/3&Prime;][vc_empty_space][vc_column_text]<\/p>\n<p style=\"text-align: center;\"><strong>PLUS DE<\/strong><\/p>\n<p>[\/vc_column_text]<div class=\"counter clearfix wpb_content_element\"><div class=\"counter-number\" style=\"color: #ffffff !important;\">1380<\/div><span class=\"counter-title\">BOULES DE MEULAGE<\/span><\/div>[vc_empty_space][\/vc_column][\/vc_row][vc_row top_padding=\u00a0\u00bb50&Prime; bottom_padding=\u00a0\u00bb50&Prime;][vc_column animation=\u00a0\u00bbfade-in-from-left\u00a0\u00bb width=\u00a0\u00bb1\/2&Prime;]<div class=\"box clearfix style-1 wpb_content_element align-center \" style=\"padding: 0; \">\n<div style=\"width: 1161px;\" class=\"wp-video\"><video class=\"wp-video-shortcode\" id=\"video-20455-1\" width=\"1161\" height=\"653\" poster=\"https:\/\/stahlwerke-bochum.com\/wp-content\/uploads\/2022\/01\/stahlrecycling_gb-1.jpg\" preload=\"metadata\" controls=\"controls\"><source type=\"video\/mp4\" src=\"https:\/\/stahlwerke-bochum.com\/wp-content\/uploads\/2022\/01\/Always-in-motion-Steelrecycling.mp4?_=1\" \/><a href=\"https:\/\/stahlwerke-bochum.com\/wp-content\/uploads\/2022\/01\/Always-in-motion-Steelrecycling.mp4\">https:\/\/stahlwerke-bochum.com\/wp-content\/uploads\/2022\/01\/Always-in-motion-Steelrecycling.mp4<\/a><\/video><\/div>\n<\/div>[\/vc_column][vc_column animation=\u00a0\u00bbfade-in-from-right\u00a0\u00bb width=\u00a0\u00bb1\/2&Prime;]<div class=\"box clearfix style-1 wpb_content_element align-center \" style=\"padding: 0; \">\n<div style=\"width: 1161px;\" class=\"wp-video\"><video class=\"wp-video-shortcode\" id=\"video-20455-2\" width=\"1161\" height=\"653\" poster=\"https:\/\/stahlwerke-bochum.com\/wp-content\/uploads\/2022\/01\/steine_erden_gb.jpg\" preload=\"metadata\" controls=\"controls\"><source type=\"video\/mp4\" src=\"https:\/\/stahlwerke-bochum.com\/wp-content\/uploads\/2022\/01\/Always-in-motion-Mineral-Processing.mp4?_=2\" \/><a href=\"https:\/\/stahlwerke-bochum.com\/wp-content\/uploads\/2022\/01\/Always-in-motion-Mineral-Processing.mp4\">https:\/\/stahlwerke-bochum.com\/wp-content\/uploads\/2022\/01\/Always-in-motion-Mineral-Processing.mp4<\/a><\/video><\/div>\n<\/div>[\/vc_column][\/vc_row]<\/p>\n","protected":false},"excerpt":{"rendered":"<p>[vc_row type=\u00a0\u00bbfull_width_section\u00a0\u00bb bg_color=\u00a0\u00bb#00508a\u00a0\u00bb section_arrow=\u00a0\u00bbfalse\u00a0\u00bb bottom_padding=\u00a0\u00bb10&Prime;][vc_column width=\u00a0\u00bb1\/1&Prime;][rev_slider_vc alias=\u00a0\u00bbmain_ifat_2026_uni\u00a0\u00bb][\/vc_column][\/vc_row][vc_row top_padding=\u00a0\u00bb50&Prime; bottom_padding=\u00a0\u00bb50&Prime;][vc_column width=\u00a0\u00bb1\/1&Prime;][vc_column_text] UNE R\u00c9PUTATION\u00a0INTERNATIONALE [\/vc_column_text][vc_column_text] Nous sommes pr\u00e9sents dans le monde entier. Nous livrons en effet \u00e0 ce jour dans plus de\u00a050 pays nos produits de qualit\u00e9 \u00e0 partir de Bochum [\/vc_column_text][vc_separator color=\u00a0\u00bbcustom\u00a0\u00bb el_width=\u00a0\u00bb50&Prime; accent_color=\u00a0\u00bb#757575&Prime;][\/vc_column][\/vc_row][vc_row top_padding=\u00a0\u00bb50&Prime; bottom_padding=\u00a0\u00bb50&Prime;][vc_column width=\u00a0\u00bb1\/3&Prime;][vc_column_text]Dans la conqu\u00eate de nouveaux march\u00e9s en expansion, nous sommes le partenaire comp\u00e9tent pour nos clients. Notre challenge et notre engagement s\u00b4articulent dans un m\u00eame effort non pas seulement autour de la devise \u00ab made in Germany \u00bb mais aussi \u00ab\u00a0created in Germany\u00a0\u00bb.[\/vc_column_text][\/vc_column][vc_column width=\u00a0\u00bb1\/3&Prime;][vc_column_text]Ensemble avec nos clients, nous avons la volont\u00e9 d\u00b4une protection durable de l\u00b4environnement. Il arrive souvent qu\u00b4avant leur livraison les produits soient recouverts d\u00b4une couche d\u2019appr\u00eat sachant que lors d\u00b4une mise en place des pi\u00e8ces, cette couche ne r\u00e9siste que quelques minutes.[\/vc_column_text][\/vc_column][vc_column width=\u00a0\u00bb1\/3&Prime;][vc_column_text]Les produits de SWB, eux, n\u00b4en ont pas besoin; on peut \u00ab voir \u00bb au sens propre du terme leur niveau de qualit\u00e9 et en m\u00eame temps nous contribuons \u00e0 prot\u00e9ger l\u00b4environnement. Notre r\u00e9putation est bien par cons\u00e9quent la logique d\u00b4une r\u00e9alit\u00e9 v\u00e9cue.[\/vc_column_text][\/vc_column][\/vc_row][vc_row top_padding=\u00a0\u00bb50&Prime; bottom_padding=\u00a0\u00bb50&Prime;][vc_column animation=\u00a0\u00bbfade-in-from-bottom\u00a0\u00bb width=\u00a0\u00bb1\/1&Prime; delay=\u00a0\u00bb500&Prime;][\/vc_column][\/vc_row][vc_row bg_color=\u00a0\u00bb#00508a\u00a0\u00bb text_color=\u00a0\u00bblight\u00a0\u00bb text_align=\u00a0\u00bbcenter\u00a0\u00bb][vc_column width=\u00a0\u00bb1\/3&Prime;][vc_empty_space][vc_column_text] PLUS DE [\/vc_column_text][vc_empty_space][\/vc_column][vc_column width=\u00a0\u00bb1\/3&Prime;][vc_empty_space][vc_column_text] PLUS DE [\/vc_column_text][vc_empty_space][\/vc_column][vc_column width=\u00a0\u00bb1\/3&Prime;][vc_empty_space][vc_column_text] PLUS DE [\/vc_column_text][vc_empty_space][\/vc_column][\/vc_row][vc_row top_padding=\u00a0\u00bb50&Prime; bottom_padding=\u00a0\u00bb50&Prime;][vc_column animation=\u00a0\u00bbfade-in-from-left\u00a0\u00bb width=\u00a0\u00bb1\/2&Prime;][\/vc_column][vc_column animation=\u00a0\u00bbfade-in-from-right\u00a0\u00bb width=\u00a0\u00bb1\/2&Prime;][\/vc_column][\/vc_row]<\/p>\n","protected":false},"author":4,"featured_media":0,"parent":0,"menu_order":0,"comment_status":"closed","ping_status":"closed","template":"","meta":{"footnotes":""},"class_list":["post-20455","page","type-page","status-publish","hentry"],"yoast_head":"<!-- This site is optimized with the Yoast SEO Premium plugin v26.9 (Yoast SEO v27.4) - https:\/\/yoast.com\/product\/yoast-seo-premium-wordpress\/ -->\n<title>Package complet - A propos de nous - Stahlwerke Bochum GmbH<\/title>\n<meta name=\"description\" content=\"Le package complet SWB\u00a0comprend le\u00a0d\u00e9veloppement, la fabrication et la livraison\u00a0des pi\u00e8ces et composants les mieux adapt\u00e9es \u00e0 vos machines.\" \/>\n<meta name=\"robots\" content=\"index, follow, max-snippet:-1, max-image-preview:large, max-video-preview:-1\" \/>\n<link rel=\"canonical\" href=\"https:\/\/stahlwerke-bochum.com\/fr\/\" \/>\n<meta property=\"og:locale\" content=\"fr_FR\" \/>\n<meta property=\"og:type\" content=\"article\" \/>\n<meta property=\"og:title\" content=\"A propos de nous\" \/>\n<meta property=\"og:description\" content=\"Le package complet SWB\u00a0comprend le\u00a0d\u00e9veloppement, la fabrication et la livraison\u00a0des pi\u00e8ces et composants les mieux adapt\u00e9es \u00e0 vos machines.\" \/>\n<meta property=\"og:url\" content=\"https:\/\/stahlwerke-bochum.com\/fr\/\" \/>\n<meta property=\"og:site_name\" content=\"Stahlwerke Bochum\" \/>\n<meta property=\"article:modified_time\" content=\"2026-04-09T12:29:50+00:00\" \/>\n<meta name=\"twitter:card\" content=\"summary_large_image\" \/>\n<meta name=\"twitter:label1\" content=\"Dur\u00e9e de lecture estim\u00e9e\" \/>\n\t<meta name=\"twitter:data1\" content=\"2 minutes\" \/>\n<script type=\"application\/ld+json\" class=\"yoast-schema-graph\">{\"@context\":\"https:\\\/\\\/schema.org\",\"@graph\":[{\"@type\":\"WebPage\",\"@id\":\"https:\\\/\\\/stahlwerke-bochum.com\\\/fr\\\/\",\"url\":\"https:\\\/\\\/stahlwerke-bochum.com\\\/fr\\\/\",\"name\":\"Package complet - A propos de nous - Stahlwerke Bochum GmbH\",\"isPartOf\":{\"@id\":\"https:\\\/\\\/stahlwerke-bochum.com\\\/#website\"},\"datePublished\":\"2018-06-18T08:23:33+00:00\",\"dateModified\":\"2026-04-09T12:29:50+00:00\",\"description\":\"Le package complet SWB\u00a0comprend le\u00a0d\u00e9veloppement, la fabrication et la livraison\u00a0des pi\u00e8ces et composants les mieux adapt\u00e9es \u00e0 vos machines.\",\"breadcrumb\":{\"@id\":\"https:\\\/\\\/stahlwerke-bochum.com\\\/fr\\\/#breadcrumb\"},\"inLanguage\":\"fr-FR\",\"potentialAction\":[{\"@type\":\"ReadAction\",\"target\":[\"https:\\\/\\\/stahlwerke-bochum.com\\\/fr\\\/\"]}]},{\"@type\":\"BreadcrumbList\",\"@id\":\"https:\\\/\\\/stahlwerke-bochum.com\\\/fr\\\/#breadcrumb\",\"itemListElement\":[{\"@type\":\"ListItem\",\"position\":1,\"name\":\"Startseite\",\"item\":\"https:\\\/\\\/stahlwerke-bochum.com\\\/fr\\\/\"},{\"@type\":\"ListItem\",\"position\":2,\"name\":\"A propos de nous\"}]},{\"@type\":\"WebSite\",\"@id\":\"https:\\\/\\\/stahlwerke-bochum.com\\\/#website\",\"url\":\"https:\\\/\\\/stahlwerke-bochum.com\\\/\",\"name\":\"Stahlwerke Bochum\",\"description\":\"Entwicklung und Herstellung von Verschleisswerkzeugen f\u00fcr die Aufbereitungstechnik, Zerkleinerungstechnik und Recyclingtechnik.\",\"publisher\":{\"@id\":\"https:\\\/\\\/stahlwerke-bochum.com\\\/#organization\"},\"potentialAction\":[{\"@type\":\"SearchAction\",\"target\":{\"@type\":\"EntryPoint\",\"urlTemplate\":\"https:\\\/\\\/stahlwerke-bochum.com\\\/?s={search_term_string}\"},\"query-input\":{\"@type\":\"PropertyValueSpecification\",\"valueRequired\":true,\"valueName\":\"search_term_string\"}}],\"inLanguage\":\"fr-FR\"},{\"@type\":\"Organization\",\"@id\":\"https:\\\/\\\/stahlwerke-bochum.com\\\/#organization\",\"name\":\"Stahlwerke Bochum\",\"url\":\"https:\\\/\\\/stahlwerke-bochum.com\\\/\",\"logo\":{\"@type\":\"ImageObject\",\"inLanguage\":\"fr-FR\",\"@id\":\"https:\\\/\\\/stahlwerke-bochum.com\\\/#\\\/schema\\\/logo\\\/image\\\/\",\"url\":\"https:\\\/\\\/stahlwerke-bochum.com\\\/wp-content\\\/uploads\\\/2018\\\/06\\\/swb-logo2.jpg\",\"contentUrl\":\"https:\\\/\\\/stahlwerke-bochum.com\\\/wp-content\\\/uploads\\\/2018\\\/06\\\/swb-logo2.jpg\",\"width\":500,\"height\":82,\"caption\":\"Stahlwerke Bochum\"},\"image\":{\"@id\":\"https:\\\/\\\/stahlwerke-bochum.com\\\/#\\\/schema\\\/logo\\\/image\\\/\"}}]}<\/script>\n<!-- \/ Yoast SEO Premium plugin. -->","yoast_head_json":{"title":"Package complet - A propos de nous - Stahlwerke Bochum GmbH","description":"Le package complet SWB\u00a0comprend le\u00a0d\u00e9veloppement, la fabrication et la livraison\u00a0des pi\u00e8ces et composants les mieux adapt\u00e9es \u00e0 vos machines.","robots":{"index":"index","follow":"follow","max-snippet":"max-snippet:-1","max-image-preview":"max-image-preview:large","max-video-preview":"max-video-preview:-1"},"canonical":"https:\/\/stahlwerke-bochum.com\/fr\/","og_locale":"fr_FR","og_type":"article","og_title":"A propos de nous","og_description":"Le package complet SWB\u00a0comprend le\u00a0d\u00e9veloppement, la fabrication et la livraison\u00a0des pi\u00e8ces et composants les mieux adapt\u00e9es \u00e0 vos machines.","og_url":"https:\/\/stahlwerke-bochum.com\/fr\/","og_site_name":"Stahlwerke Bochum","article_modified_time":"2026-04-09T12:29:50+00:00","twitter_card":"summary_large_image","twitter_misc":{"Dur\u00e9e de lecture estim\u00e9e":"2 minutes"},"schema":{"@context":"https:\/\/schema.org","@graph":[{"@type":"WebPage","@id":"https:\/\/stahlwerke-bochum.com\/fr\/","url":"https:\/\/stahlwerke-bochum.com\/fr\/","name":"Package complet - A propos de nous - Stahlwerke Bochum GmbH","isPartOf":{"@id":"https:\/\/stahlwerke-bochum.com\/#website"},"datePublished":"2018-06-18T08:23:33+00:00","dateModified":"2026-04-09T12:29:50+00:00","description":"Le package complet SWB\u00a0comprend le\u00a0d\u00e9veloppement, la fabrication et la livraison\u00a0des pi\u00e8ces et composants les mieux adapt\u00e9es \u00e0 vos machines.","breadcrumb":{"@id":"https:\/\/stahlwerke-bochum.com\/fr\/#breadcrumb"},"inLanguage":"fr-FR","potentialAction":[{"@type":"ReadAction","target":["https:\/\/stahlwerke-bochum.com\/fr\/"]}]},{"@type":"BreadcrumbList","@id":"https:\/\/stahlwerke-bochum.com\/fr\/#breadcrumb","itemListElement":[{"@type":"ListItem","position":1,"name":"Startseite","item":"https:\/\/stahlwerke-bochum.com\/fr\/"},{"@type":"ListItem","position":2,"name":"A propos de nous"}]},{"@type":"WebSite","@id":"https:\/\/stahlwerke-bochum.com\/#website","url":"https:\/\/stahlwerke-bochum.com\/","name":"Stahlwerke Bochum","description":"Entwicklung und Herstellung von Verschleisswerkzeugen f\u00fcr die Aufbereitungstechnik, Zerkleinerungstechnik und Recyclingtechnik.","publisher":{"@id":"https:\/\/stahlwerke-bochum.com\/#organization"},"potentialAction":[{"@type":"SearchAction","target":{"@type":"EntryPoint","urlTemplate":"https:\/\/stahlwerke-bochum.com\/?s={search_term_string}"},"query-input":{"@type":"PropertyValueSpecification","valueRequired":true,"valueName":"search_term_string"}}],"inLanguage":"fr-FR"},{"@type":"Organization","@id":"https:\/\/stahlwerke-bochum.com\/#organization","name":"Stahlwerke Bochum","url":"https:\/\/stahlwerke-bochum.com\/","logo":{"@type":"ImageObject","inLanguage":"fr-FR","@id":"https:\/\/stahlwerke-bochum.com\/#\/schema\/logo\/image\/","url":"https:\/\/stahlwerke-bochum.com\/wp-content\/uploads\/2018\/06\/swb-logo2.jpg","contentUrl":"https:\/\/stahlwerke-bochum.com\/wp-content\/uploads\/2018\/06\/swb-logo2.jpg","width":500,"height":82,"caption":"Stahlwerke Bochum"},"image":{"@id":"https:\/\/stahlwerke-bochum.com\/#\/schema\/logo\/image\/"}}]}},"_links":{"self":[{"href":"https:\/\/stahlwerke-bochum.com\/fr\/wp-json\/wp\/v2\/pages\/20455","targetHints":{"allow":["GET"]}}],"collection":[{"href":"https:\/\/stahlwerke-bochum.com\/fr\/wp-json\/wp\/v2\/pages"}],"about":[{"href":"https:\/\/stahlwerke-bochum.com\/fr\/wp-json\/wp\/v2\/types\/page"}],"author":[{"embeddable":true,"href":"https:\/\/stahlwerke-bochum.com\/fr\/wp-json\/wp\/v2\/users\/4"}],"replies":[{"embeddable":true,"href":"https:\/\/stahlwerke-bochum.com\/fr\/wp-json\/wp\/v2\/comments?post=20455"}],"version-history":[{"count":38,"href":"https:\/\/stahlwerke-bochum.com\/fr\/wp-json\/wp\/v2\/pages\/20455\/revisions"}],"predecessor-version":[{"id":23939,"href":"https:\/\/stahlwerke-bochum.com\/fr\/wp-json\/wp\/v2\/pages\/20455\/revisions\/23939"}],"wp:attachment":[{"href":"https:\/\/stahlwerke-bochum.com\/fr\/wp-json\/wp\/v2\/media?parent=20455"}],"curies":[{"name":"wp","href":"https:\/\/api.w.org\/{rel}","templated":true}]}}