{"id":20437,"date":"2018-06-20T12:30:36","date_gmt":"2018-06-20T10:30:36","guid":{"rendered":"http:\/\/192.168.6.130\/kontrolle\/"},"modified":"2018-07-11T08:02:09","modified_gmt":"2018-07-11T06:02:09","slug":"phase-de-controlle","status":"publish","type":"page","link":"https:\/\/stahlwerke-bochum.com\/fr\/phase-de-controlle\/","title":{"rendered":"Phase de controlle"},"content":{"rendered":"<p>[vc_row type=\u00a0\u00bbfull_width_section\u00a0\u00bb bottom_padding=\u00a0\u00bb50&Prime;][vc_column width=\u00a0\u00bb1\/1&Prime;][rev_slider_vc alias=\u00a0\u00bbkontrolle\u00a0\u00bb][\/vc_column][\/vc_row][vc_row top_padding=\u00a0\u00bb50&Prime; bottom_padding=\u00a0\u00bb50&Prime;][vc_column width=\u00a0\u00bb1\/1&Prime;][vc_column_text]<\/p>\n<h1 style=\"text-align: center;\"><span style=\"color: #00518b;\">PHASE DE CONTROLE<\/span><\/h1>\n<p>[\/vc_column_text][vc_column_text]<\/p>\n<p style=\"text-align: center; color: #575756;\"><strong>Les m\u00e9thodes de production complexes exigent<br \/>\nd\u00b4avoir une assurance qualit\u00e9 efficace \u00e0 tous les niveaux.<\/strong><\/p>\n<p>[\/vc_column_text][vc_separator color=\u00a0\u00bbcustom\u00a0\u00bb el_width=\u00a0\u00bb50&Prime; accent_color=\u00a0\u00bb#757575&Prime;][\/vc_column][\/vc_row][vc_row top_padding=\u00a0\u00bb50&Prime; bottom_padding=\u00a0\u00bb50&Prime;][vc_column width=\u00a0\u00bb1\/1&Prime;][vc_row_inner][vc_column_inner width=\u00a0\u00bb1\/3&Prime;][vc_column_text]Gr\u00e2ce au marquage de chacune des pi\u00e8ces, on obtient une tra\u00e7abilit\u00e9 de la qualit\u00e9 des produits tout le long du processus de fabrication; ceci permet d\u00b4avoir un haut niveau de qualit\u00e9 homog\u00e8ne pour nos produits. Nos m\u00e9thodes de fabrication respectent les strictes r\u00e9glementations de la norme ISO\u00a0EN\u00a09001 (2000).[\/vc_column_text][\/vc_column_inner][vc_column_inner width=\u00a0\u00bb1\/3&Prime;][vc_column_text]\u00c0 la fin du processus de fabrication, chaque pi\u00e8ce est rigoureusement contr\u00f4l\u00e9e. En plus d\u00b4un test de duret\u00e9 en fonction du mat\u00e9riau et du produit, toutes les pi\u00e8ces passent un contr\u00f4le magn\u00e9tique d\u00e9tectant les fissures et, le cas \u00e9ch\u00e9ant, un contr\u00f4le suppl\u00e9mentaire par ultrasons.[\/vc_column_text][\/vc_column_inner][vc_column_inner width=\u00a0\u00bb1\/3&Prime;][vc_column_text]Puis on v\u00e9rifie leurs dimensions et leurs poids pour finalement regrouper les pi\u00e8ces en fonction de leurs strictes fourchettes de tol\u00e9rances. Ceci permet d\u2019assurer un fonctionnement sans faille des rotors.[\/vc_column_text][\/vc_column_inner][\/vc_row_inner][\/vc_column][\/vc_row]<\/p>\n","protected":false},"excerpt":{"rendered":"<p>[vc_row type=\u00a0\u00bbfull_width_section\u00a0\u00bb bottom_padding=\u00a0\u00bb50&Prime;][vc_column width=\u00a0\u00bb1\/1&Prime;][rev_slider_vc alias=\u00a0\u00bbkontrolle\u00a0\u00bb][\/vc_column][\/vc_row][vc_row top_padding=\u00a0\u00bb50&Prime; bottom_padding=\u00a0\u00bb50&Prime;][vc_column width=\u00a0\u00bb1\/1&Prime;][vc_column_text] PHASE DE CONTROLE [\/vc_column_text][vc_column_text] Les m\u00e9thodes de production complexes exigent d\u00b4avoir une assurance qualit\u00e9 efficace \u00e0 tous les niveaux. [\/vc_column_text][vc_separator color=\u00a0\u00bbcustom\u00a0\u00bb el_width=\u00a0\u00bb50&Prime; accent_color=\u00a0\u00bb#757575&Prime;][\/vc_column][\/vc_row][vc_row top_padding=\u00a0\u00bb50&Prime; bottom_padding=\u00a0\u00bb50&Prime;][vc_column width=\u00a0\u00bb1\/1&Prime;][vc_row_inner][vc_column_inner width=\u00a0\u00bb1\/3&Prime;][vc_column_text]Gr\u00e2ce au marquage de chacune des pi\u00e8ces, on obtient une tra\u00e7abilit\u00e9 de la qualit\u00e9 des produits tout le long du processus de fabrication; ceci permet d\u00b4avoir un haut niveau de qualit\u00e9 homog\u00e8ne pour nos produits. Nos m\u00e9thodes de fabrication respectent les strictes r\u00e9glementations de la norme ISO\u00a0EN\u00a09001 (2000).[\/vc_column_text][\/vc_column_inner][vc_column_inner width=\u00a0\u00bb1\/3&Prime;][vc_column_text]\u00c0 la fin du processus de fabrication, chaque pi\u00e8ce est rigoureusement contr\u00f4l\u00e9e. En plus d\u00b4un test de duret\u00e9 en fonction du mat\u00e9riau et du produit, toutes les pi\u00e8ces passent un contr\u00f4le magn\u00e9tique d\u00e9tectant les fissures et, le cas \u00e9ch\u00e9ant, un contr\u00f4le suppl\u00e9mentaire par ultrasons.[\/vc_column_text][\/vc_column_inner][vc_column_inner width=\u00a0\u00bb1\/3&Prime;][vc_column_text]Puis on v\u00e9rifie leurs dimensions et leurs poids pour finalement regrouper les pi\u00e8ces en fonction de leurs strictes fourchettes de tol\u00e9rances. Ceci permet d\u2019assurer un fonctionnement sans faille des rotors.[\/vc_column_text][\/vc_column_inner][\/vc_row_inner][\/vc_column][\/vc_row]<\/p>\n","protected":false},"author":4,"featured_media":0,"parent":0,"menu_order":0,"comment_status":"closed","ping_status":"closed","template":"","meta":{"footnotes":""},"class_list":["post-20437","page","type-page","status-publish","hentry"],"yoast_head":"<!-- This site is optimized with the Yoast SEO Premium plugin v26.9 (Yoast SEO v27.3) - https:\/\/yoast.com\/product\/yoast-seo-premium-wordpress\/ -->\n<title>Phase de controlle - Stahlwerke Bochum<\/title>\n<meta name=\"robots\" content=\"index, follow, max-snippet:-1, max-image-preview:large, max-video-preview:-1\" \/>\n<link rel=\"canonical\" href=\"https:\/\/stahlwerke-bochum.com\/fr\/phase-de-controlle\/\" \/>\n<meta property=\"og:locale\" content=\"fr_FR\" \/>\n<meta property=\"og:type\" content=\"article\" \/>\n<meta property=\"og:title\" content=\"Phase de controlle\" \/>\n<meta property=\"og:description\" content=\"[vc_row type=\u00a0\u00bbfull_width_section\u00a0\u00bb bottom_padding=\u00a0\u00bb50&Prime;][vc_column width=\u00a0\u00bb1\/1&Prime;][rev_slider_vc alias=\u00a0\u00bbkontrolle\u00a0\u00bb][\/vc_column][\/vc_row][vc_row top_padding=\u00a0\u00bb50&Prime; bottom_padding=\u00a0\u00bb50&Prime;][vc_column width=\u00a0\u00bb1\/1&Prime;][vc_column_text] PHASE DE CONTROLE [\/vc_column_text][vc_column_text] Les m\u00e9thodes de production complexes exigent d\u00b4avoir une assurance qualit\u00e9 efficace \u00e0 tous les niveaux. [\/vc_column_text][vc_separator color=\u00a0\u00bbcustom\u00a0\u00bb el_width=\u00a0\u00bb50&Prime; accent_color=\u00a0\u00bb#757575&Prime;][\/vc_column][\/vc_row][vc_row top_padding=\u00a0\u00bb50&Prime; bottom_padding=\u00a0\u00bb50&Prime;][vc_column width=\u00a0\u00bb1\/1&Prime;][vc_row_inner][vc_column_inner width=\u00a0\u00bb1\/3&Prime;][vc_column_text]Gr\u00e2ce au marquage de chacune des pi\u00e8ces, on obtient une tra\u00e7abilit\u00e9 de la qualit\u00e9 des produits tout le long du processus de fabrication; ceci permet d\u00b4avoir un haut niveau de qualit\u00e9 homog\u00e8ne pour nos produits. Nos m\u00e9thodes de fabrication respectent les strictes r\u00e9glementations de la norme ISO\u00a0EN\u00a09001 (2000).[\/vc_column_text][\/vc_column_inner][vc_column_inner width=\u00a0\u00bb1\/3&Prime;][vc_column_text]\u00c0 la fin du processus de fabrication, chaque pi\u00e8ce est rigoureusement contr\u00f4l\u00e9e. En plus d\u00b4un test de duret\u00e9 en fonction du mat\u00e9riau et du produit, toutes les pi\u00e8ces passent un contr\u00f4le magn\u00e9tique d\u00e9tectant les fissures et, le cas \u00e9ch\u00e9ant, un contr\u00f4le suppl\u00e9mentaire par ultrasons.[\/vc_column_text][\/vc_column_inner][vc_column_inner width=\u00a0\u00bb1\/3&Prime;][vc_column_text]Puis on v\u00e9rifie leurs dimensions et leurs poids pour finalement regrouper les pi\u00e8ces en fonction de leurs strictes fourchettes de tol\u00e9rances. Ceci permet d\u2019assurer un fonctionnement sans faille des rotors.[\/vc_column_text][\/vc_column_inner][\/vc_row_inner][\/vc_column][\/vc_row]\" \/>\n<meta property=\"og:url\" content=\"https:\/\/stahlwerke-bochum.com\/fr\/phase-de-controlle\/\" \/>\n<meta property=\"og:site_name\" content=\"Stahlwerke Bochum\" \/>\n<meta property=\"article:modified_time\" content=\"2018-07-11T06:02:09+00:00\" \/>\n<meta name=\"twitter:card\" content=\"summary_large_image\" \/>\n<meta name=\"twitter:label1\" content=\"Dur\u00e9e de lecture estim\u00e9e\" \/>\n\t<meta name=\"twitter:data1\" content=\"1 minute\" \/>\n<script type=\"application\/ld+json\" class=\"yoast-schema-graph\">{\"@context\":\"https:\\\/\\\/schema.org\",\"@graph\":[{\"@type\":\"WebPage\",\"@id\":\"https:\\\/\\\/stahlwerke-bochum.com\\\/fr\\\/phase-de-controlle\\\/\",\"url\":\"https:\\\/\\\/stahlwerke-bochum.com\\\/fr\\\/phase-de-controlle\\\/\",\"name\":\"Phase de controlle - Stahlwerke Bochum\",\"isPartOf\":{\"@id\":\"https:\\\/\\\/stahlwerke-bochum.com\\\/#website\"},\"datePublished\":\"2018-06-20T10:30:36+00:00\",\"dateModified\":\"2018-07-11T06:02:09+00:00\",\"breadcrumb\":{\"@id\":\"https:\\\/\\\/stahlwerke-bochum.com\\\/fr\\\/phase-de-controlle\\\/#breadcrumb\"},\"inLanguage\":\"fr-FR\",\"potentialAction\":[{\"@type\":\"ReadAction\",\"target\":[\"https:\\\/\\\/stahlwerke-bochum.com\\\/fr\\\/phase-de-controlle\\\/\"]}]},{\"@type\":\"BreadcrumbList\",\"@id\":\"https:\\\/\\\/stahlwerke-bochum.com\\\/fr\\\/phase-de-controlle\\\/#breadcrumb\",\"itemListElement\":[{\"@type\":\"ListItem\",\"position\":1,\"name\":\"Startseite\",\"item\":\"https:\\\/\\\/stahlwerke-bochum.com\\\/fr\\\/\"},{\"@type\":\"ListItem\",\"position\":2,\"name\":\"Phase de controlle\"}]},{\"@type\":\"WebSite\",\"@id\":\"https:\\\/\\\/stahlwerke-bochum.com\\\/#website\",\"url\":\"https:\\\/\\\/stahlwerke-bochum.com\\\/\",\"name\":\"Stahlwerke Bochum\",\"description\":\"Entwicklung und Herstellung von Verschleisswerkzeugen f\u00fcr die Aufbereitungstechnik, Zerkleinerungstechnik und Recyclingtechnik.\",\"publisher\":{\"@id\":\"https:\\\/\\\/stahlwerke-bochum.com\\\/#organization\"},\"potentialAction\":[{\"@type\":\"SearchAction\",\"target\":{\"@type\":\"EntryPoint\",\"urlTemplate\":\"https:\\\/\\\/stahlwerke-bochum.com\\\/?s={search_term_string}\"},\"query-input\":{\"@type\":\"PropertyValueSpecification\",\"valueRequired\":true,\"valueName\":\"search_term_string\"}}],\"inLanguage\":\"fr-FR\"},{\"@type\":\"Organization\",\"@id\":\"https:\\\/\\\/stahlwerke-bochum.com\\\/#organization\",\"name\":\"Stahlwerke Bochum\",\"url\":\"https:\\\/\\\/stahlwerke-bochum.com\\\/\",\"logo\":{\"@type\":\"ImageObject\",\"inLanguage\":\"fr-FR\",\"@id\":\"https:\\\/\\\/stahlwerke-bochum.com\\\/#\\\/schema\\\/logo\\\/image\\\/\",\"url\":\"https:\\\/\\\/stahlwerke-bochum.com\\\/wp-content\\\/uploads\\\/2018\\\/06\\\/swb-logo2.jpg\",\"contentUrl\":\"https:\\\/\\\/stahlwerke-bochum.com\\\/wp-content\\\/uploads\\\/2018\\\/06\\\/swb-logo2.jpg\",\"width\":500,\"height\":82,\"caption\":\"Stahlwerke Bochum\"},\"image\":{\"@id\":\"https:\\\/\\\/stahlwerke-bochum.com\\\/#\\\/schema\\\/logo\\\/image\\\/\"}}]}<\/script>\n<!-- \/ Yoast SEO Premium plugin. -->","yoast_head_json":{"title":"Phase de controlle - Stahlwerke Bochum","robots":{"index":"index","follow":"follow","max-snippet":"max-snippet:-1","max-image-preview":"max-image-preview:large","max-video-preview":"max-video-preview:-1"},"canonical":"https:\/\/stahlwerke-bochum.com\/fr\/phase-de-controlle\/","og_locale":"fr_FR","og_type":"article","og_title":"Phase de controlle","og_description":"[vc_row type=\u00a0\u00bbfull_width_section\u00a0\u00bb bottom_padding=\u00a0\u00bb50&Prime;][vc_column width=\u00a0\u00bb1\/1&Prime;][rev_slider_vc alias=\u00a0\u00bbkontrolle\u00a0\u00bb][\/vc_column][\/vc_row][vc_row top_padding=\u00a0\u00bb50&Prime; bottom_padding=\u00a0\u00bb50&Prime;][vc_column width=\u00a0\u00bb1\/1&Prime;][vc_column_text] PHASE DE CONTROLE [\/vc_column_text][vc_column_text] Les m\u00e9thodes de production complexes exigent d\u00b4avoir une assurance qualit\u00e9 efficace \u00e0 tous les niveaux. [\/vc_column_text][vc_separator color=\u00a0\u00bbcustom\u00a0\u00bb el_width=\u00a0\u00bb50&Prime; accent_color=\u00a0\u00bb#757575&Prime;][\/vc_column][\/vc_row][vc_row top_padding=\u00a0\u00bb50&Prime; bottom_padding=\u00a0\u00bb50&Prime;][vc_column width=\u00a0\u00bb1\/1&Prime;][vc_row_inner][vc_column_inner width=\u00a0\u00bb1\/3&Prime;][vc_column_text]Gr\u00e2ce au marquage de chacune des pi\u00e8ces, on obtient une tra\u00e7abilit\u00e9 de la qualit\u00e9 des produits tout le long du processus de fabrication; ceci permet d\u00b4avoir un haut niveau de qualit\u00e9 homog\u00e8ne pour nos produits. Nos m\u00e9thodes de fabrication respectent les strictes r\u00e9glementations de la norme ISO\u00a0EN\u00a09001 (2000).[\/vc_column_text][\/vc_column_inner][vc_column_inner width=\u00a0\u00bb1\/3&Prime;][vc_column_text]\u00c0 la fin du processus de fabrication, chaque pi\u00e8ce est rigoureusement contr\u00f4l\u00e9e. En plus d\u00b4un test de duret\u00e9 en fonction du mat\u00e9riau et du produit, toutes les pi\u00e8ces passent un contr\u00f4le magn\u00e9tique d\u00e9tectant les fissures et, le cas \u00e9ch\u00e9ant, un contr\u00f4le suppl\u00e9mentaire par ultrasons.[\/vc_column_text][\/vc_column_inner][vc_column_inner width=\u00a0\u00bb1\/3&Prime;][vc_column_text]Puis on v\u00e9rifie leurs dimensions et leurs poids pour finalement regrouper les pi\u00e8ces en fonction de leurs strictes fourchettes de tol\u00e9rances. Ceci permet d\u2019assurer un fonctionnement sans faille des rotors.[\/vc_column_text][\/vc_column_inner][\/vc_row_inner][\/vc_column][\/vc_row]","og_url":"https:\/\/stahlwerke-bochum.com\/fr\/phase-de-controlle\/","og_site_name":"Stahlwerke Bochum","article_modified_time":"2018-07-11T06:02:09+00:00","twitter_card":"summary_large_image","twitter_misc":{"Dur\u00e9e de lecture estim\u00e9e":"1 minute"},"schema":{"@context":"https:\/\/schema.org","@graph":[{"@type":"WebPage","@id":"https:\/\/stahlwerke-bochum.com\/fr\/phase-de-controlle\/","url":"https:\/\/stahlwerke-bochum.com\/fr\/phase-de-controlle\/","name":"Phase de controlle - Stahlwerke Bochum","isPartOf":{"@id":"https:\/\/stahlwerke-bochum.com\/#website"},"datePublished":"2018-06-20T10:30:36+00:00","dateModified":"2018-07-11T06:02:09+00:00","breadcrumb":{"@id":"https:\/\/stahlwerke-bochum.com\/fr\/phase-de-controlle\/#breadcrumb"},"inLanguage":"fr-FR","potentialAction":[{"@type":"ReadAction","target":["https:\/\/stahlwerke-bochum.com\/fr\/phase-de-controlle\/"]}]},{"@type":"BreadcrumbList","@id":"https:\/\/stahlwerke-bochum.com\/fr\/phase-de-controlle\/#breadcrumb","itemListElement":[{"@type":"ListItem","position":1,"name":"Startseite","item":"https:\/\/stahlwerke-bochum.com\/fr\/"},{"@type":"ListItem","position":2,"name":"Phase de controlle"}]},{"@type":"WebSite","@id":"https:\/\/stahlwerke-bochum.com\/#website","url":"https:\/\/stahlwerke-bochum.com\/","name":"Stahlwerke Bochum","description":"Entwicklung und Herstellung von Verschleisswerkzeugen f\u00fcr die Aufbereitungstechnik, Zerkleinerungstechnik und Recyclingtechnik.","publisher":{"@id":"https:\/\/stahlwerke-bochum.com\/#organization"},"potentialAction":[{"@type":"SearchAction","target":{"@type":"EntryPoint","urlTemplate":"https:\/\/stahlwerke-bochum.com\/?s={search_term_string}"},"query-input":{"@type":"PropertyValueSpecification","valueRequired":true,"valueName":"search_term_string"}}],"inLanguage":"fr-FR"},{"@type":"Organization","@id":"https:\/\/stahlwerke-bochum.com\/#organization","name":"Stahlwerke Bochum","url":"https:\/\/stahlwerke-bochum.com\/","logo":{"@type":"ImageObject","inLanguage":"fr-FR","@id":"https:\/\/stahlwerke-bochum.com\/#\/schema\/logo\/image\/","url":"https:\/\/stahlwerke-bochum.com\/wp-content\/uploads\/2018\/06\/swb-logo2.jpg","contentUrl":"https:\/\/stahlwerke-bochum.com\/wp-content\/uploads\/2018\/06\/swb-logo2.jpg","width":500,"height":82,"caption":"Stahlwerke Bochum"},"image":{"@id":"https:\/\/stahlwerke-bochum.com\/#\/schema\/logo\/image\/"}}]}},"_links":{"self":[{"href":"https:\/\/stahlwerke-bochum.com\/fr\/wp-json\/wp\/v2\/pages\/20437","targetHints":{"allow":["GET"]}}],"collection":[{"href":"https:\/\/stahlwerke-bochum.com\/fr\/wp-json\/wp\/v2\/pages"}],"about":[{"href":"https:\/\/stahlwerke-bochum.com\/fr\/wp-json\/wp\/v2\/types\/page"}],"author":[{"embeddable":true,"href":"https:\/\/stahlwerke-bochum.com\/fr\/wp-json\/wp\/v2\/users\/4"}],"replies":[{"embeddable":true,"href":"https:\/\/stahlwerke-bochum.com\/fr\/wp-json\/wp\/v2\/comments?post=20437"}],"version-history":[{"count":3,"href":"https:\/\/stahlwerke-bochum.com\/fr\/wp-json\/wp\/v2\/pages\/20437\/revisions"}],"predecessor-version":[{"id":20713,"href":"https:\/\/stahlwerke-bochum.com\/fr\/wp-json\/wp\/v2\/pages\/20437\/revisions\/20713"}],"wp:attachment":[{"href":"https:\/\/stahlwerke-bochum.com\/fr\/wp-json\/wp\/v2\/media?parent=20437"}],"curies":[{"name":"wp","href":"https:\/\/api.w.org\/{rel}","templated":true}]}}