{"id":20348,"date":"2018-06-20T11:05:34","date_gmt":"2018-06-20T09:05:34","guid":{"rendered":"http:\/\/192.168.6.130\/prozesse\/"},"modified":"2022-01-12T14:35:53","modified_gmt":"2022-01-12T13:35:53","slug":"gestion-des-procedes","status":"publish","type":"page","link":"https:\/\/stahlwerke-bochum.com\/fr\/gestion-des-procedes\/","title":{"rendered":"Gestion des Procedes"},"content":{"rendered":"<p>[vc_row type=\u00a0\u00bbfull_width_section\u00a0\u00bb bottom_padding=\u00a0\u00bb50&Prime;][vc_column width=\u00a0\u00bb1\/1&Prime;][rev_slider_vc alias=\u00a0\u00bbprozesse\u00a0\u00bb][\/vc_column][\/vc_row][vc_row top_padding=\u00a0\u00bb50&Prime; bottom_padding=\u00a0\u00bb50&Prime;][vc_column width=\u00a0\u00bb1\/1&Prime;][vc_column_text]<\/p>\n<h1 style=\"text-align: center;\"><span style=\"color: #00518b;\">GESTION DES PROCEDES<\/span><\/h1>\n<p>[\/vc_column_text][vc_column_text]<\/p>\n<p style=\"text-align: center; color: #575756;\"><strong>\u201eLa qualit\u00e9 ne s\u00b4invente pas.<br \/>\nElle doit \u00eatre voulue.\u201c<\/strong><\/p>\n<p>[\/vc_column_text][vc_separator color=\u00a0\u00bbcustom\u00a0\u00bb el_width=\u00a0\u00bb50&Prime; accent_color=\u00a0\u00bb#757575&Prime;][\/vc_column][\/vc_row][vc_row top_padding=\u00a0\u00bb50&Prime; bottom_padding=\u00a0\u00bb50&Prime;][vc_column width=\u00a0\u00bb1\/1&Prime;][vc_row_inner][vc_column_inner width=\u00a0\u00bb1\/3&Prime;][vc_column_text]Cette devise et sa mise en \u0153uvre s\u00b4appliquent \u00e0 toutes les phases d\u00b4action au sein de l\u00b4entreprise. La qualit\u00e9 commence en effet pour nous bien plus t\u00f4t. D\u00e8s la phase de conseil aupr\u00e8s de nos clients nous avons la volont\u00e9 naturelle de fournir \u00e0 tous les niveaux les meilleurs produits.[\/vc_column_text][\/vc_column_inner][vc_column_inner width=\u00a0\u00bb1\/3&Prime;][vc_column_text]Nous concevons, produisons et livrons de la qualit\u00e9. L\u00b4application durable de ce principe rend par ailleurs n\u00e9cessaire l\u00b4ex\u00e9cution exacte, toujours en respectant la tra\u00e7abilit\u00e9, de tous les proc\u00e9d\u00e9s de production, de la phase de construction jusqu\u00b4au traitement thermique. Les meilleures technologies en CAO-DAO aident \u00e0 cr\u00e9er les pi\u00e8ces d\u00b4usure.[\/vc_column_text][\/vc_column_inner][vc_column_inner width=\u00a0\u00bb1\/3&Prime;][vc_column_text]Les \u00e9tapes ult\u00e9rieures de production, c\u00b4est-\u00e0-dire le proc\u00e9d\u00e9 de moulage et le traitement thermique, sont contr\u00f4l\u00e9es et d\u00e9finies d\u00e8s le d\u00e9but de la production gr\u00e2ce \u00e0 des programmes de simulation. Elles servent ainsi \u00e0 g\u00e9rer les proc\u00e9d\u00e9s r\u00e9els de production. Nous ne laissons rien au hasard parce que la qualit\u00e9 n\u00b4est pas le fruit du hasard, mais bien au contraire le r\u00e9sultat de proc\u00e9d\u00e9s de production \u00e9labor\u00e9s dans le moindre d\u00e9tail.[\/vc_column_text][\/vc_column_inner][\/vc_row_inner][\/vc_column][\/vc_row][vc_row top_padding=\u00a0\u00bb50&Prime; bottom_padding=\u00a0\u00bb50&Prime;][vc_column animation=\u00a0\u00bbfade-in-from-left\u00a0\u00bb bg_color=\u00a0\u00bb#efefef\u00a0\u00bb column_padding=\u00a0\u00bbpadding-1&Prime; width=\u00a0\u00bb1\/2&Prime; delay=\u00a0\u00bb500&Prime;]<div class=\"box clearfix style-1 wpb_content_element align-center \" style=\"padding: 0; \">\n<div style=\"width: 480px;\" class=\"wp-video\"><video class=\"wp-video-shortcode\" id=\"video-20348-1\" width=\"480\" height=\"320\" poster=\"https:\/\/stahlwerke-bochum.com\/wp-content\/uploads\/2022\/01\/startprozess.jpg\" preload=\"metadata\" controls=\"controls\"><source type=\"video\/mp4\" src=\"https:\/\/stahlwerke-bochum.com\/wp-content\/uploads\/2022\/01\/Prozesssteuerung-1.mp4?_=1\" \/><a href=\"https:\/\/stahlwerke-bochum.com\/wp-content\/uploads\/2022\/01\/Prozesssteuerung-1.mp4\">https:\/\/stahlwerke-bochum.com\/wp-content\/uploads\/2022\/01\/Prozesssteuerung-1.mp4<\/a><\/video><\/div>\n<\/div>[\/vc_column][vc_column animation=\u00a0\u00bbfade-in-from-right\u00a0\u00bb width=\u00a0\u00bb1\/2&Prime; delay=\u00a0\u00bb500&Prime;][vc_single_image image=\u00a0\u00bb18343&Prime; img_size=\u00a0\u00bblarge\u00a0\u00bb][\/vc_column][\/vc_row][vc_row top_padding=\u00a0\u00bb50&Prime; bottom_padding=\u00a0\u00bb50&Prime; class=\u00a0\u00bbhide_this\u00a0\u00bb][vc_column animation=\u00a0\u00bbfade-in-from-bottom\u00a0\u00bb width=\u00a0\u00bb1\/1&Prime; delay=\u00a0\u00bb500&Prime;]<div class=\"box clearfix style-2 wpb_content_element align-left \" style=\"padding: 40px 40px 40px 40px; \">\n<h4 style=\"text-align: left;\"><span style=\"color: #ff00ff;\">Gut zu wissen:<\/span><\/h4>\n<p style=\"text-align: left;\"><span style=\"color: #ff00ff;\"><b>Lorem Ipsum.<\/b><\/span><\/p>\n<\/div>[\/vc_column][\/vc_row]<\/p>\n","protected":false},"excerpt":{"rendered":"<p>[vc_row type=\u00a0\u00bbfull_width_section\u00a0\u00bb bottom_padding=\u00a0\u00bb50&Prime;][vc_column width=\u00a0\u00bb1\/1&Prime;][rev_slider_vc alias=\u00a0\u00bbprozesse\u00a0\u00bb][\/vc_column][\/vc_row][vc_row top_padding=\u00a0\u00bb50&Prime; bottom_padding=\u00a0\u00bb50&Prime;][vc_column width=\u00a0\u00bb1\/1&Prime;][vc_column_text] GESTION DES PROCEDES [\/vc_column_text][vc_column_text] \u201eLa qualit\u00e9 ne s\u00b4invente pas. Elle doit \u00eatre voulue.\u201c [\/vc_column_text][vc_separator color=\u00a0\u00bbcustom\u00a0\u00bb el_width=\u00a0\u00bb50&Prime; accent_color=\u00a0\u00bb#757575&Prime;][\/vc_column][\/vc_row][vc_row top_padding=\u00a0\u00bb50&Prime; bottom_padding=\u00a0\u00bb50&Prime;][vc_column width=\u00a0\u00bb1\/1&Prime;][vc_row_inner][vc_column_inner width=\u00a0\u00bb1\/3&Prime;][vc_column_text]Cette devise et sa mise en \u0153uvre s\u00b4appliquent \u00e0 toutes les phases d\u00b4action au sein de l\u00b4entreprise. La qualit\u00e9 commence en effet pour nous bien plus t\u00f4t. D\u00e8s la phase de conseil aupr\u00e8s de nos clients nous avons la volont\u00e9 naturelle de fournir \u00e0 tous les niveaux les meilleurs produits.[\/vc_column_text][\/vc_column_inner][vc_column_inner width=\u00a0\u00bb1\/3&Prime;][vc_column_text]Nous concevons, produisons et livrons de la qualit\u00e9. L\u00b4application durable de ce principe rend par ailleurs n\u00e9cessaire l\u00b4ex\u00e9cution exacte, toujours en respectant la tra\u00e7abilit\u00e9, de tous les proc\u00e9d\u00e9s de production, de la phase de construction jusqu\u00b4au traitement thermique. Les meilleures technologies en CAO-DAO aident \u00e0 cr\u00e9er les pi\u00e8ces d\u00b4usure.[\/vc_column_text][\/vc_column_inner][vc_column_inner width=\u00a0\u00bb1\/3&Prime;][vc_column_text]Les \u00e9tapes ult\u00e9rieures de production, c\u00b4est-\u00e0-dire le proc\u00e9d\u00e9 de moulage et le traitement thermique, sont contr\u00f4l\u00e9es et d\u00e9finies d\u00e8s le d\u00e9but de la production gr\u00e2ce \u00e0 des programmes de simulation. Elles servent ainsi \u00e0 g\u00e9rer les proc\u00e9d\u00e9s r\u00e9els de production. Nous ne laissons rien au hasard parce que la qualit\u00e9 n\u00b4est pas le fruit du hasard, mais bien au contraire le r\u00e9sultat de proc\u00e9d\u00e9s de production \u00e9labor\u00e9s dans le moindre d\u00e9tail.[\/vc_column_text][\/vc_column_inner][\/vc_row_inner][\/vc_column][\/vc_row][vc_row top_padding=\u00a0\u00bb50&Prime; bottom_padding=\u00a0\u00bb50&Prime;][vc_column [&hellip;]<\/p>\n","protected":false},"author":4,"featured_media":0,"parent":0,"menu_order":0,"comment_status":"closed","ping_status":"closed","template":"","meta":{"footnotes":""},"class_list":["post-20348","page","type-page","status-publish","hentry"],"yoast_head":"<!-- This site is optimized with the Yoast SEO Premium plugin v27.4 (Yoast SEO v27.4) - https:\/\/yoast.com\/product\/yoast-seo-premium-wordpress\/ -->\n<title>Gestion des Procedes - Stahlwerke Bochum<\/title>\n<meta name=\"robots\" content=\"index, follow, max-snippet:-1, max-image-preview:large, max-video-preview:-1\" \/>\n<link rel=\"canonical\" href=\"https:\/\/stahlwerke-bochum.com\/fr\/gestion-des-procedes\/\" \/>\n<meta property=\"og:locale\" content=\"fr_FR\" \/>\n<meta property=\"og:type\" content=\"article\" \/>\n<meta property=\"og:title\" content=\"Gestion des Procedes\" \/>\n<meta property=\"og:description\" content=\"[vc_row type=\u00a0\u00bbfull_width_section\u00a0\u00bb bottom_padding=\u00a0\u00bb50&Prime;][vc_column width=\u00a0\u00bb1\/1&Prime;][rev_slider_vc alias=\u00a0\u00bbprozesse\u00a0\u00bb][\/vc_column][\/vc_row][vc_row top_padding=\u00a0\u00bb50&Prime; bottom_padding=\u00a0\u00bb50&Prime;][vc_column width=\u00a0\u00bb1\/1&Prime;][vc_column_text] GESTION DES PROCEDES [\/vc_column_text][vc_column_text] \u201eLa qualit\u00e9 ne s\u00b4invente pas. Elle doit \u00eatre voulue.\u201c [\/vc_column_text][vc_separator color=\u00a0\u00bbcustom\u00a0\u00bb el_width=\u00a0\u00bb50&Prime; accent_color=\u00a0\u00bb#757575&Prime;][\/vc_column][\/vc_row][vc_row top_padding=\u00a0\u00bb50&Prime; bottom_padding=\u00a0\u00bb50&Prime;][vc_column width=\u00a0\u00bb1\/1&Prime;][vc_row_inner][vc_column_inner width=\u00a0\u00bb1\/3&Prime;][vc_column_text]Cette devise et sa mise en \u0153uvre s\u00b4appliquent \u00e0 toutes les phases d\u00b4action au sein de l\u00b4entreprise. La qualit\u00e9 commence en effet pour nous bien plus t\u00f4t. D\u00e8s la phase de conseil aupr\u00e8s de nos clients nous avons la volont\u00e9 naturelle de fournir \u00e0 tous les niveaux les meilleurs produits.[\/vc_column_text][\/vc_column_inner][vc_column_inner width=\u00a0\u00bb1\/3&Prime;][vc_column_text]Nous concevons, produisons et livrons de la qualit\u00e9. L\u00b4application durable de ce principe rend par ailleurs n\u00e9cessaire l\u00b4ex\u00e9cution exacte, toujours en respectant la tra\u00e7abilit\u00e9, de tous les proc\u00e9d\u00e9s de production, de la phase de construction jusqu\u00b4au traitement thermique. Les meilleures technologies en CAO-DAO aident \u00e0 cr\u00e9er les pi\u00e8ces d\u00b4usure.[\/vc_column_text][\/vc_column_inner][vc_column_inner width=\u00a0\u00bb1\/3&Prime;][vc_column_text]Les \u00e9tapes ult\u00e9rieures de production, c\u00b4est-\u00e0-dire le proc\u00e9d\u00e9 de moulage et le traitement thermique, sont contr\u00f4l\u00e9es et d\u00e9finies d\u00e8s le d\u00e9but de la production gr\u00e2ce \u00e0 des programmes de simulation. Elles servent ainsi \u00e0 g\u00e9rer les proc\u00e9d\u00e9s r\u00e9els de production. Nous ne laissons rien au hasard parce que la qualit\u00e9 n\u00b4est pas le fruit du hasard, mais bien au contraire le r\u00e9sultat de proc\u00e9d\u00e9s de production \u00e9labor\u00e9s dans le moindre d\u00e9tail.[\/vc_column_text][\/vc_column_inner][\/vc_row_inner][\/vc_column][\/vc_row][vc_row top_padding=\u00a0\u00bb50&Prime; bottom_padding=\u00a0\u00bb50&Prime;][vc_column [&hellip;]\" \/>\n<meta property=\"og:url\" content=\"https:\/\/stahlwerke-bochum.com\/fr\/gestion-des-procedes\/\" \/>\n<meta property=\"og:site_name\" content=\"Stahlwerke Bochum\" \/>\n<meta property=\"article:modified_time\" content=\"2022-01-12T13:35:53+00:00\" \/>\n<meta name=\"twitter:card\" content=\"summary_large_image\" \/>\n<meta name=\"twitter:label1\" content=\"Dur\u00e9e de lecture estim\u00e9e\" \/>\n\t<meta name=\"twitter:data1\" content=\"2 minutes\" \/>\n<script type=\"application\/ld+json\" class=\"yoast-schema-graph\">{\"@context\":\"https:\\\/\\\/schema.org\",\"@graph\":[{\"@type\":\"WebPage\",\"@id\":\"https:\\\/\\\/stahlwerke-bochum.com\\\/fr\\\/gestion-des-procedes\\\/\",\"url\":\"https:\\\/\\\/stahlwerke-bochum.com\\\/fr\\\/gestion-des-procedes\\\/\",\"name\":\"Gestion des Procedes - Stahlwerke Bochum\",\"isPartOf\":{\"@id\":\"https:\\\/\\\/stahlwerke-bochum.com\\\/#website\"},\"datePublished\":\"2018-06-20T09:05:34+00:00\",\"dateModified\":\"2022-01-12T13:35:53+00:00\",\"breadcrumb\":{\"@id\":\"https:\\\/\\\/stahlwerke-bochum.com\\\/fr\\\/gestion-des-procedes\\\/#breadcrumb\"},\"inLanguage\":\"fr-FR\",\"potentialAction\":[{\"@type\":\"ReadAction\",\"target\":[\"https:\\\/\\\/stahlwerke-bochum.com\\\/fr\\\/gestion-des-procedes\\\/\"]}]},{\"@type\":\"BreadcrumbList\",\"@id\":\"https:\\\/\\\/stahlwerke-bochum.com\\\/fr\\\/gestion-des-procedes\\\/#breadcrumb\",\"itemListElement\":[{\"@type\":\"ListItem\",\"position\":1,\"name\":\"Startseite\",\"item\":\"https:\\\/\\\/stahlwerke-bochum.com\\\/fr\\\/\"},{\"@type\":\"ListItem\",\"position\":2,\"name\":\"Gestion des Procedes\"}]},{\"@type\":\"WebSite\",\"@id\":\"https:\\\/\\\/stahlwerke-bochum.com\\\/#website\",\"url\":\"https:\\\/\\\/stahlwerke-bochum.com\\\/\",\"name\":\"Stahlwerke Bochum\",\"description\":\"Entwicklung und Herstellung von Verschleisswerkzeugen f\u00fcr die Aufbereitungstechnik, Zerkleinerungstechnik und Recyclingtechnik.\",\"publisher\":{\"@id\":\"https:\\\/\\\/stahlwerke-bochum.com\\\/#organization\"},\"potentialAction\":[{\"@type\":\"SearchAction\",\"target\":{\"@type\":\"EntryPoint\",\"urlTemplate\":\"https:\\\/\\\/stahlwerke-bochum.com\\\/?s={search_term_string}\"},\"query-input\":{\"@type\":\"PropertyValueSpecification\",\"valueRequired\":true,\"valueName\":\"search_term_string\"}}],\"inLanguage\":\"fr-FR\"},{\"@type\":\"Organization\",\"@id\":\"https:\\\/\\\/stahlwerke-bochum.com\\\/#organization\",\"name\":\"Stahlwerke Bochum\",\"url\":\"https:\\\/\\\/stahlwerke-bochum.com\\\/\",\"logo\":{\"@type\":\"ImageObject\",\"inLanguage\":\"fr-FR\",\"@id\":\"https:\\\/\\\/stahlwerke-bochum.com\\\/#\\\/schema\\\/logo\\\/image\\\/\",\"url\":\"https:\\\/\\\/stahlwerke-bochum.com\\\/wp-content\\\/uploads\\\/2018\\\/06\\\/swb-logo2.jpg\",\"contentUrl\":\"https:\\\/\\\/stahlwerke-bochum.com\\\/wp-content\\\/uploads\\\/2018\\\/06\\\/swb-logo2.jpg\",\"width\":500,\"height\":82,\"caption\":\"Stahlwerke Bochum\"},\"image\":{\"@id\":\"https:\\\/\\\/stahlwerke-bochum.com\\\/#\\\/schema\\\/logo\\\/image\\\/\"}}]}<\/script>\n<!-- \/ Yoast SEO Premium plugin. -->","yoast_head_json":{"title":"Gestion des Procedes - Stahlwerke Bochum","robots":{"index":"index","follow":"follow","max-snippet":"max-snippet:-1","max-image-preview":"max-image-preview:large","max-video-preview":"max-video-preview:-1"},"canonical":"https:\/\/stahlwerke-bochum.com\/fr\/gestion-des-procedes\/","og_locale":"fr_FR","og_type":"article","og_title":"Gestion des Procedes","og_description":"[vc_row type=\u00a0\u00bbfull_width_section\u00a0\u00bb bottom_padding=\u00a0\u00bb50&Prime;][vc_column width=\u00a0\u00bb1\/1&Prime;][rev_slider_vc alias=\u00a0\u00bbprozesse\u00a0\u00bb][\/vc_column][\/vc_row][vc_row top_padding=\u00a0\u00bb50&Prime; bottom_padding=\u00a0\u00bb50&Prime;][vc_column width=\u00a0\u00bb1\/1&Prime;][vc_column_text] GESTION DES PROCEDES [\/vc_column_text][vc_column_text] \u201eLa qualit\u00e9 ne s\u00b4invente pas. Elle doit \u00eatre voulue.\u201c [\/vc_column_text][vc_separator color=\u00a0\u00bbcustom\u00a0\u00bb el_width=\u00a0\u00bb50&Prime; accent_color=\u00a0\u00bb#757575&Prime;][\/vc_column][\/vc_row][vc_row top_padding=\u00a0\u00bb50&Prime; bottom_padding=\u00a0\u00bb50&Prime;][vc_column width=\u00a0\u00bb1\/1&Prime;][vc_row_inner][vc_column_inner width=\u00a0\u00bb1\/3&Prime;][vc_column_text]Cette devise et sa mise en \u0153uvre s\u00b4appliquent \u00e0 toutes les phases d\u00b4action au sein de l\u00b4entreprise. La qualit\u00e9 commence en effet pour nous bien plus t\u00f4t. D\u00e8s la phase de conseil aupr\u00e8s de nos clients nous avons la volont\u00e9 naturelle de fournir \u00e0 tous les niveaux les meilleurs produits.[\/vc_column_text][\/vc_column_inner][vc_column_inner width=\u00a0\u00bb1\/3&Prime;][vc_column_text]Nous concevons, produisons et livrons de la qualit\u00e9. L\u00b4application durable de ce principe rend par ailleurs n\u00e9cessaire l\u00b4ex\u00e9cution exacte, toujours en respectant la tra\u00e7abilit\u00e9, de tous les proc\u00e9d\u00e9s de production, de la phase de construction jusqu\u00b4au traitement thermique. Les meilleures technologies en CAO-DAO aident \u00e0 cr\u00e9er les pi\u00e8ces d\u00b4usure.[\/vc_column_text][\/vc_column_inner][vc_column_inner width=\u00a0\u00bb1\/3&Prime;][vc_column_text]Les \u00e9tapes ult\u00e9rieures de production, c\u00b4est-\u00e0-dire le proc\u00e9d\u00e9 de moulage et le traitement thermique, sont contr\u00f4l\u00e9es et d\u00e9finies d\u00e8s le d\u00e9but de la production gr\u00e2ce \u00e0 des programmes de simulation. Elles servent ainsi \u00e0 g\u00e9rer les proc\u00e9d\u00e9s r\u00e9els de production. Nous ne laissons rien au hasard parce que la qualit\u00e9 n\u00b4est pas le fruit du hasard, mais bien au contraire le r\u00e9sultat de proc\u00e9d\u00e9s de production \u00e9labor\u00e9s dans le moindre d\u00e9tail.[\/vc_column_text][\/vc_column_inner][\/vc_row_inner][\/vc_column][\/vc_row][vc_row top_padding=\u00a0\u00bb50&Prime; bottom_padding=\u00a0\u00bb50&Prime;][vc_column [&hellip;]","og_url":"https:\/\/stahlwerke-bochum.com\/fr\/gestion-des-procedes\/","og_site_name":"Stahlwerke Bochum","article_modified_time":"2022-01-12T13:35:53+00:00","twitter_card":"summary_large_image","twitter_misc":{"Dur\u00e9e de lecture estim\u00e9e":"2 minutes"},"schema":{"@context":"https:\/\/schema.org","@graph":[{"@type":"WebPage","@id":"https:\/\/stahlwerke-bochum.com\/fr\/gestion-des-procedes\/","url":"https:\/\/stahlwerke-bochum.com\/fr\/gestion-des-procedes\/","name":"Gestion des Procedes - Stahlwerke Bochum","isPartOf":{"@id":"https:\/\/stahlwerke-bochum.com\/#website"},"datePublished":"2018-06-20T09:05:34+00:00","dateModified":"2022-01-12T13:35:53+00:00","breadcrumb":{"@id":"https:\/\/stahlwerke-bochum.com\/fr\/gestion-des-procedes\/#breadcrumb"},"inLanguage":"fr-FR","potentialAction":[{"@type":"ReadAction","target":["https:\/\/stahlwerke-bochum.com\/fr\/gestion-des-procedes\/"]}]},{"@type":"BreadcrumbList","@id":"https:\/\/stahlwerke-bochum.com\/fr\/gestion-des-procedes\/#breadcrumb","itemListElement":[{"@type":"ListItem","position":1,"name":"Startseite","item":"https:\/\/stahlwerke-bochum.com\/fr\/"},{"@type":"ListItem","position":2,"name":"Gestion des Procedes"}]},{"@type":"WebSite","@id":"https:\/\/stahlwerke-bochum.com\/#website","url":"https:\/\/stahlwerke-bochum.com\/","name":"Stahlwerke Bochum","description":"Entwicklung und Herstellung von Verschleisswerkzeugen f\u00fcr die Aufbereitungstechnik, Zerkleinerungstechnik und Recyclingtechnik.","publisher":{"@id":"https:\/\/stahlwerke-bochum.com\/#organization"},"potentialAction":[{"@type":"SearchAction","target":{"@type":"EntryPoint","urlTemplate":"https:\/\/stahlwerke-bochum.com\/?s={search_term_string}"},"query-input":{"@type":"PropertyValueSpecification","valueRequired":true,"valueName":"search_term_string"}}],"inLanguage":"fr-FR"},{"@type":"Organization","@id":"https:\/\/stahlwerke-bochum.com\/#organization","name":"Stahlwerke Bochum","url":"https:\/\/stahlwerke-bochum.com\/","logo":{"@type":"ImageObject","inLanguage":"fr-FR","@id":"https:\/\/stahlwerke-bochum.com\/#\/schema\/logo\/image\/","url":"https:\/\/stahlwerke-bochum.com\/wp-content\/uploads\/2018\/06\/swb-logo2.jpg","contentUrl":"https:\/\/stahlwerke-bochum.com\/wp-content\/uploads\/2018\/06\/swb-logo2.jpg","width":500,"height":82,"caption":"Stahlwerke Bochum"},"image":{"@id":"https:\/\/stahlwerke-bochum.com\/#\/schema\/logo\/image\/"}}]}},"_links":{"self":[{"href":"https:\/\/stahlwerke-bochum.com\/fr\/wp-json\/wp\/v2\/pages\/20348","targetHints":{"allow":["GET"]}}],"collection":[{"href":"https:\/\/stahlwerke-bochum.com\/fr\/wp-json\/wp\/v2\/pages"}],"about":[{"href":"https:\/\/stahlwerke-bochum.com\/fr\/wp-json\/wp\/v2\/types\/page"}],"author":[{"embeddable":true,"href":"https:\/\/stahlwerke-bochum.com\/fr\/wp-json\/wp\/v2\/users\/4"}],"replies":[{"embeddable":true,"href":"https:\/\/stahlwerke-bochum.com\/fr\/wp-json\/wp\/v2\/comments?post=20348"}],"version-history":[{"count":6,"href":"https:\/\/stahlwerke-bochum.com\/fr\/wp-json\/wp\/v2\/pages\/20348\/revisions"}],"predecessor-version":[{"id":22742,"href":"https:\/\/stahlwerke-bochum.com\/fr\/wp-json\/wp\/v2\/pages\/20348\/revisions\/22742"}],"wp:attachment":[{"href":"https:\/\/stahlwerke-bochum.com\/fr\/wp-json\/wp\/v2\/media?parent=20348"}],"curies":[{"name":"wp","href":"https:\/\/api.w.org\/{rel}","templated":true}]}}