{"id":20076,"date":"2018-06-20T10:15:41","date_gmt":"2018-06-20T08:15:41","guid":{"rendered":"http:\/\/192.168.6.130\/innovation\/"},"modified":"2018-07-09T10:15:00","modified_gmt":"2018-07-09T08:15:00","slug":"innovation","status":"publish","type":"page","link":"https:\/\/stahlwerke-bochum.com\/fr\/innovation\/","title":{"rendered":"Innovation"},"content":{"rendered":"<p>[vc_row type=\u00a0\u00bbfull_width_section\u00a0\u00bb][vc_column width=\u00a0\u00bb1\/1&Prime;][rev_slider_vc alias=\u00a0\u00bbinnovation\u00a0\u00bb][\/vc_column][\/vc_row][vc_row bg_image=\u00a0\u00bb18301&Prime; bg_repeat=\u00a0\u00bbno-repeat\u00a0\u00bb parallax_bg=\u00a0\u00bbtrue\u00a0\u00bb stellar_class=\u00a0\u00bbfixed\u00a0\u00bb top_padding=\u00a0\u00bb100&Prime;][vc_column text_color=\u00a0\u00bbcustom\u00a0\u00bb custom_text_color=\u00a0\u00bb#ffffff\u00a0\u00bb width=\u00a0\u00bb1\/1&Prime;][vc_row_inner][vc_column_inner][vc_column_text]<\/p>\n<h1 style=\"text-align: center;\">INNOVATION<\/h1>\n<p>[\/vc_column_text][vc_column_text]<\/p>\n<p style=\"text-align: center;\"><strong>L\u00b4innovation est le fait de renouveler ou de changer;<\/strong><br \/>\n<strong>elle est synonyme de progr\u00e8s et d\u00b4am\u00e9liorations.<\/strong><\/p>\n<p>[\/vc_column_text][\/vc_column_inner][\/vc_row_inner][vc_row_inner][vc_column_inner css=\u00a0\u00bb.vc_custom_1529502229300{margin-top: 40px !important;margin-bottom: 50px !important;}\u00a0\u00bb][vc_separator color=\u00a0\u00bbwhite\u00a0\u00bb el_width=\u00a0\u00bb50&Prime;][\/vc_column_inner][\/vc_row_inner][vc_row_inner][vc_column_inner]<div class=\"single_image wpb_content_element align-center    \" data-animation=\"none\" data-delay=\"0\"><img loading=\"lazy\" decoding=\"async\" width=\"212\" height=\"250\" src=\"https:\/\/stahlwerke-bochum.com\/wp-content\/uploads\/2018\/06\/simulation_hammer.png\" class=\"attachment-full\" alt=\"\" \/><\/div>[vc_column_text]<strong>SWB encourage l\u00b4innovation.<br \/>\n<\/strong>Les mat\u00e9riaux et les alliages de diff\u00e9rents mat\u00e9riaux innovants cr\u00e9ent une meilleure r\u00e9sistance \u00e0 l\u00b4usure; les designs innovants prolongent la dur\u00e9e de vie et accroissent la productivit\u00e9.<\/p>\n<p>Gr\u00e2ce \u00e0 des proc\u00e9d\u00e9s de production innovants nous sommes \u00e0 m\u00eame de fabriquer des produits de tr\u00e8s haut niveau et de qualit\u00e9 constante. Les propri\u00e9t\u00e9s d\u00b4usage de nos produits sont convaincantes et garantissent \u00e0 nos clients une utilisation fiable et rentable. SWB est et demeure une r\u00e9f\u00e9rence sur le plan de la concurrence internationale.<\/p>\n<p><strong>Force centrifuge<br \/>\n<\/strong>Des tests de simulation de charges nous permettent d\u00b4\u00e9laborer d\u00b4excellentes pi\u00e8ces d\u00b4usure.[\/vc_column_text][\/vc_column_inner][\/vc_row_inner][vc_row_inner][vc_column_inner css=\u00a0\u00bb.vc_custom_1529502229300{margin-top: 40px !important;margin-bottom: 50px !important;}\u00a0\u00bb]<div class=\"box clearfix style-6 wpb_content_element align-center \" style=\"padding: 40px 40px 40px 40px; \">\n<h4 style=\"text-align: left;\"><strong>Bon \u00e0 savoir<\/strong>:<\/h4>\n<p style=\"text-align: left;\"><strong>Marteaux, enclumes, grilles, capots de protection, \u00e9l\u00e9ments de rebondissement, habillages, portes d\u2019\u00e9jection, segments d\u2019usure, segments de grille, plaques d\u2018usure, \u00e9toiles, lames de cisaille<\/strong>\u00a0et toutes les autres\u00a0<strong>pi\u00e8ces d\u2019usure en fonte<\/strong>\u00a0pour le recyclage de la ferraille utilis\u00e9es dans des broyeurs et cisailles \u00e0 ferraille.<\/p>\n<\/div>[\/vc_column_inner][\/vc_row_inner][\/vc_column][\/vc_row]<\/p>\n","protected":false},"excerpt":{"rendered":"<p>[vc_row type=\u00a0\u00bbfull_width_section\u00a0\u00bb][vc_column width=\u00a0\u00bb1\/1&Prime;][rev_slider_vc alias=\u00a0\u00bbinnovation\u00a0\u00bb][\/vc_column][\/vc_row][vc_row bg_image=\u00a0\u00bb18301&Prime; bg_repeat=\u00a0\u00bbno-repeat\u00a0\u00bb parallax_bg=\u00a0\u00bbtrue\u00a0\u00bb stellar_class=\u00a0\u00bbfixed\u00a0\u00bb top_padding=\u00a0\u00bb100&Prime;][vc_column text_color=\u00a0\u00bbcustom\u00a0\u00bb custom_text_color=\u00a0\u00bb#ffffff\u00a0\u00bb width=\u00a0\u00bb1\/1&Prime;][vc_row_inner][vc_column_inner][vc_column_text] INNOVATION [\/vc_column_text][vc_column_text] L\u00b4innovation est le fait de renouveler ou de changer; elle est synonyme de progr\u00e8s et d\u00b4am\u00e9liorations. [\/vc_column_text][\/vc_column_inner][\/vc_row_inner][vc_row_inner][vc_column_inner css=\u00a0\u00bb.vc_custom_1529502229300{margin-top: 40px !important;margin-bottom: 50px !important;}\u00a0\u00bb][vc_separator color=\u00a0\u00bbwhite\u00a0\u00bb el_width=\u00a0\u00bb50&Prime;][\/vc_column_inner][\/vc_row_inner][vc_row_inner][vc_column_inner][vc_column_text]SWB encourage l\u00b4innovation. Les mat\u00e9riaux et les alliages de diff\u00e9rents mat\u00e9riaux innovants cr\u00e9ent une meilleure r\u00e9sistance \u00e0 l\u00b4usure; les designs innovants prolongent la dur\u00e9e de vie et accroissent la productivit\u00e9. Gr\u00e2ce \u00e0 des proc\u00e9d\u00e9s de production innovants nous sommes \u00e0 m\u00eame de fabriquer des produits de tr\u00e8s haut niveau et de qualit\u00e9 constante. Les propri\u00e9t\u00e9s d\u00b4usage de nos produits sont convaincantes et garantissent \u00e0 nos clients une utilisation fiable et rentable. SWB est et demeure une r\u00e9f\u00e9rence sur le plan de la concurrence internationale. Force centrifuge Des tests de simulation de charges nous permettent d\u00b4\u00e9laborer d\u00b4excellentes pi\u00e8ces d\u00b4usure.[\/vc_column_text][\/vc_column_inner][\/vc_row_inner][vc_row_inner][vc_column_inner css=\u00a0\u00bb.vc_custom_1529502229300{margin-top: 40px !important;margin-bottom: 50px !important;}\u00a0\u00bb][\/vc_column_inner][\/vc_row_inner][\/vc_column][\/vc_row]<\/p>\n","protected":false},"author":4,"featured_media":0,"parent":0,"menu_order":0,"comment_status":"closed","ping_status":"closed","template":"","meta":{"footnotes":""},"class_list":["post-20076","page","type-page","status-publish","hentry"],"yoast_head":"<!-- This site is optimized with the Yoast SEO Premium plugin v26.9 (Yoast SEO v27.3) - https:\/\/yoast.com\/product\/yoast-seo-premium-wordpress\/ -->\n<title>Innovation - Stahlwerke Bochum<\/title>\n<meta name=\"robots\" content=\"index, follow, max-snippet:-1, max-image-preview:large, max-video-preview:-1\" \/>\n<link rel=\"canonical\" href=\"https:\/\/stahlwerke-bochum.com\/fr\/innovation\/\" \/>\n<meta property=\"og:locale\" content=\"fr_FR\" \/>\n<meta property=\"og:type\" content=\"article\" \/>\n<meta property=\"og:title\" content=\"Innovation\" \/>\n<meta property=\"og:description\" content=\"[vc_row type=\u00a0\u00bbfull_width_section\u00a0\u00bb][vc_column width=\u00a0\u00bb1\/1&Prime;][rev_slider_vc alias=\u00a0\u00bbinnovation\u00a0\u00bb][\/vc_column][\/vc_row][vc_row bg_image=\u00a0\u00bb18301&Prime; bg_repeat=\u00a0\u00bbno-repeat\u00a0\u00bb parallax_bg=\u00a0\u00bbtrue\u00a0\u00bb stellar_class=\u00a0\u00bbfixed\u00a0\u00bb top_padding=\u00a0\u00bb100&Prime;][vc_column text_color=\u00a0\u00bbcustom\u00a0\u00bb custom_text_color=\u00a0\u00bb#ffffff\u00a0\u00bb width=\u00a0\u00bb1\/1&Prime;][vc_row_inner][vc_column_inner][vc_column_text] INNOVATION [\/vc_column_text][vc_column_text] L\u00b4innovation est le fait de renouveler ou de changer; elle est synonyme de progr\u00e8s et d\u00b4am\u00e9liorations. [\/vc_column_text][\/vc_column_inner][\/vc_row_inner][vc_row_inner][vc_column_inner css=\u00a0\u00bb.vc_custom_1529502229300{margin-top: 40px !important;margin-bottom: 50px !important;}\u00a0\u00bb][vc_separator color=\u00a0\u00bbwhite\u00a0\u00bb el_width=\u00a0\u00bb50&Prime;][\/vc_column_inner][\/vc_row_inner][vc_row_inner][vc_column_inner][vc_column_text]SWB encourage l\u00b4innovation. Les mat\u00e9riaux et les alliages de diff\u00e9rents mat\u00e9riaux innovants cr\u00e9ent une meilleure r\u00e9sistance \u00e0 l\u00b4usure; les designs innovants prolongent la dur\u00e9e de vie et accroissent la productivit\u00e9. Gr\u00e2ce \u00e0 des proc\u00e9d\u00e9s de production innovants nous sommes \u00e0 m\u00eame de fabriquer des produits de tr\u00e8s haut niveau et de qualit\u00e9 constante. Les propri\u00e9t\u00e9s d\u00b4usage de nos produits sont convaincantes et garantissent \u00e0 nos clients une utilisation fiable et rentable. SWB est et demeure une r\u00e9f\u00e9rence sur le plan de la concurrence internationale. Force centrifuge Des tests de simulation de charges nous permettent d\u00b4\u00e9laborer d\u00b4excellentes pi\u00e8ces d\u00b4usure.[\/vc_column_text][\/vc_column_inner][\/vc_row_inner][vc_row_inner][vc_column_inner css=\u00a0\u00bb.vc_custom_1529502229300{margin-top: 40px !important;margin-bottom: 50px !important;}\u00a0\u00bb][\/vc_column_inner][\/vc_row_inner][\/vc_column][\/vc_row]\" \/>\n<meta property=\"og:url\" content=\"https:\/\/stahlwerke-bochum.com\/fr\/innovation\/\" \/>\n<meta property=\"og:site_name\" content=\"Stahlwerke Bochum\" \/>\n<meta property=\"article:modified_time\" content=\"2018-07-09T08:15:00+00:00\" \/>\n<meta name=\"twitter:card\" content=\"summary_large_image\" \/>\n<meta name=\"twitter:label1\" content=\"Dur\u00e9e de lecture estim\u00e9e\" \/>\n\t<meta name=\"twitter:data1\" content=\"2 minutes\" \/>\n<script type=\"application\/ld+json\" class=\"yoast-schema-graph\">{\"@context\":\"https:\\\/\\\/schema.org\",\"@graph\":[{\"@type\":\"WebPage\",\"@id\":\"https:\\\/\\\/stahlwerke-bochum.com\\\/fr\\\/innovation\\\/\",\"url\":\"https:\\\/\\\/stahlwerke-bochum.com\\\/fr\\\/innovation\\\/\",\"name\":\"Innovation - Stahlwerke Bochum\",\"isPartOf\":{\"@id\":\"https:\\\/\\\/stahlwerke-bochum.com\\\/#website\"},\"datePublished\":\"2018-06-20T08:15:41+00:00\",\"dateModified\":\"2018-07-09T08:15:00+00:00\",\"breadcrumb\":{\"@id\":\"https:\\\/\\\/stahlwerke-bochum.com\\\/fr\\\/innovation\\\/#breadcrumb\"},\"inLanguage\":\"fr-FR\",\"potentialAction\":[{\"@type\":\"ReadAction\",\"target\":[\"https:\\\/\\\/stahlwerke-bochum.com\\\/fr\\\/innovation\\\/\"]}]},{\"@type\":\"BreadcrumbList\",\"@id\":\"https:\\\/\\\/stahlwerke-bochum.com\\\/fr\\\/innovation\\\/#breadcrumb\",\"itemListElement\":[{\"@type\":\"ListItem\",\"position\":1,\"name\":\"Startseite\",\"item\":\"https:\\\/\\\/stahlwerke-bochum.com\\\/fr\\\/\"},{\"@type\":\"ListItem\",\"position\":2,\"name\":\"Innovation\"}]},{\"@type\":\"WebSite\",\"@id\":\"https:\\\/\\\/stahlwerke-bochum.com\\\/#website\",\"url\":\"https:\\\/\\\/stahlwerke-bochum.com\\\/\",\"name\":\"Stahlwerke Bochum\",\"description\":\"Entwicklung und Herstellung von Verschleisswerkzeugen f\u00fcr die Aufbereitungstechnik, Zerkleinerungstechnik und Recyclingtechnik.\",\"publisher\":{\"@id\":\"https:\\\/\\\/stahlwerke-bochum.com\\\/#organization\"},\"potentialAction\":[{\"@type\":\"SearchAction\",\"target\":{\"@type\":\"EntryPoint\",\"urlTemplate\":\"https:\\\/\\\/stahlwerke-bochum.com\\\/?s={search_term_string}\"},\"query-input\":{\"@type\":\"PropertyValueSpecification\",\"valueRequired\":true,\"valueName\":\"search_term_string\"}}],\"inLanguage\":\"fr-FR\"},{\"@type\":\"Organization\",\"@id\":\"https:\\\/\\\/stahlwerke-bochum.com\\\/#organization\",\"name\":\"Stahlwerke Bochum\",\"url\":\"https:\\\/\\\/stahlwerke-bochum.com\\\/\",\"logo\":{\"@type\":\"ImageObject\",\"inLanguage\":\"fr-FR\",\"@id\":\"https:\\\/\\\/stahlwerke-bochum.com\\\/#\\\/schema\\\/logo\\\/image\\\/\",\"url\":\"https:\\\/\\\/stahlwerke-bochum.com\\\/wp-content\\\/uploads\\\/2018\\\/06\\\/swb-logo2.jpg\",\"contentUrl\":\"https:\\\/\\\/stahlwerke-bochum.com\\\/wp-content\\\/uploads\\\/2018\\\/06\\\/swb-logo2.jpg\",\"width\":500,\"height\":82,\"caption\":\"Stahlwerke Bochum\"},\"image\":{\"@id\":\"https:\\\/\\\/stahlwerke-bochum.com\\\/#\\\/schema\\\/logo\\\/image\\\/\"}}]}<\/script>\n<!-- \/ Yoast SEO Premium plugin. -->","yoast_head_json":{"title":"Innovation - Stahlwerke Bochum","robots":{"index":"index","follow":"follow","max-snippet":"max-snippet:-1","max-image-preview":"max-image-preview:large","max-video-preview":"max-video-preview:-1"},"canonical":"https:\/\/stahlwerke-bochum.com\/fr\/innovation\/","og_locale":"fr_FR","og_type":"article","og_title":"Innovation","og_description":"[vc_row type=\u00a0\u00bbfull_width_section\u00a0\u00bb][vc_column width=\u00a0\u00bb1\/1&Prime;][rev_slider_vc alias=\u00a0\u00bbinnovation\u00a0\u00bb][\/vc_column][\/vc_row][vc_row bg_image=\u00a0\u00bb18301&Prime; bg_repeat=\u00a0\u00bbno-repeat\u00a0\u00bb parallax_bg=\u00a0\u00bbtrue\u00a0\u00bb stellar_class=\u00a0\u00bbfixed\u00a0\u00bb top_padding=\u00a0\u00bb100&Prime;][vc_column text_color=\u00a0\u00bbcustom\u00a0\u00bb custom_text_color=\u00a0\u00bb#ffffff\u00a0\u00bb width=\u00a0\u00bb1\/1&Prime;][vc_row_inner][vc_column_inner][vc_column_text] INNOVATION [\/vc_column_text][vc_column_text] L\u00b4innovation est le fait de renouveler ou de changer; elle est synonyme de progr\u00e8s et d\u00b4am\u00e9liorations. [\/vc_column_text][\/vc_column_inner][\/vc_row_inner][vc_row_inner][vc_column_inner css=\u00a0\u00bb.vc_custom_1529502229300{margin-top: 40px !important;margin-bottom: 50px !important;}\u00a0\u00bb][vc_separator color=\u00a0\u00bbwhite\u00a0\u00bb el_width=\u00a0\u00bb50&Prime;][\/vc_column_inner][\/vc_row_inner][vc_row_inner][vc_column_inner][vc_column_text]SWB encourage l\u00b4innovation. Les mat\u00e9riaux et les alliages de diff\u00e9rents mat\u00e9riaux innovants cr\u00e9ent une meilleure r\u00e9sistance \u00e0 l\u00b4usure; les designs innovants prolongent la dur\u00e9e de vie et accroissent la productivit\u00e9. Gr\u00e2ce \u00e0 des proc\u00e9d\u00e9s de production innovants nous sommes \u00e0 m\u00eame de fabriquer des produits de tr\u00e8s haut niveau et de qualit\u00e9 constante. Les propri\u00e9t\u00e9s d\u00b4usage de nos produits sont convaincantes et garantissent \u00e0 nos clients une utilisation fiable et rentable. SWB est et demeure une r\u00e9f\u00e9rence sur le plan de la concurrence internationale. Force centrifuge Des tests de simulation de charges nous permettent d\u00b4\u00e9laborer d\u00b4excellentes pi\u00e8ces d\u00b4usure.[\/vc_column_text][\/vc_column_inner][\/vc_row_inner][vc_row_inner][vc_column_inner css=\u00a0\u00bb.vc_custom_1529502229300{margin-top: 40px !important;margin-bottom: 50px !important;}\u00a0\u00bb][\/vc_column_inner][\/vc_row_inner][\/vc_column][\/vc_row]","og_url":"https:\/\/stahlwerke-bochum.com\/fr\/innovation\/","og_site_name":"Stahlwerke Bochum","article_modified_time":"2018-07-09T08:15:00+00:00","twitter_card":"summary_large_image","twitter_misc":{"Dur\u00e9e de lecture estim\u00e9e":"2 minutes"},"schema":{"@context":"https:\/\/schema.org","@graph":[{"@type":"WebPage","@id":"https:\/\/stahlwerke-bochum.com\/fr\/innovation\/","url":"https:\/\/stahlwerke-bochum.com\/fr\/innovation\/","name":"Innovation - Stahlwerke Bochum","isPartOf":{"@id":"https:\/\/stahlwerke-bochum.com\/#website"},"datePublished":"2018-06-20T08:15:41+00:00","dateModified":"2018-07-09T08:15:00+00:00","breadcrumb":{"@id":"https:\/\/stahlwerke-bochum.com\/fr\/innovation\/#breadcrumb"},"inLanguage":"fr-FR","potentialAction":[{"@type":"ReadAction","target":["https:\/\/stahlwerke-bochum.com\/fr\/innovation\/"]}]},{"@type":"BreadcrumbList","@id":"https:\/\/stahlwerke-bochum.com\/fr\/innovation\/#breadcrumb","itemListElement":[{"@type":"ListItem","position":1,"name":"Startseite","item":"https:\/\/stahlwerke-bochum.com\/fr\/"},{"@type":"ListItem","position":2,"name":"Innovation"}]},{"@type":"WebSite","@id":"https:\/\/stahlwerke-bochum.com\/#website","url":"https:\/\/stahlwerke-bochum.com\/","name":"Stahlwerke Bochum","description":"Entwicklung und Herstellung von Verschleisswerkzeugen f\u00fcr die Aufbereitungstechnik, Zerkleinerungstechnik und Recyclingtechnik.","publisher":{"@id":"https:\/\/stahlwerke-bochum.com\/#organization"},"potentialAction":[{"@type":"SearchAction","target":{"@type":"EntryPoint","urlTemplate":"https:\/\/stahlwerke-bochum.com\/?s={search_term_string}"},"query-input":{"@type":"PropertyValueSpecification","valueRequired":true,"valueName":"search_term_string"}}],"inLanguage":"fr-FR"},{"@type":"Organization","@id":"https:\/\/stahlwerke-bochum.com\/#organization","name":"Stahlwerke Bochum","url":"https:\/\/stahlwerke-bochum.com\/","logo":{"@type":"ImageObject","inLanguage":"fr-FR","@id":"https:\/\/stahlwerke-bochum.com\/#\/schema\/logo\/image\/","url":"https:\/\/stahlwerke-bochum.com\/wp-content\/uploads\/2018\/06\/swb-logo2.jpg","contentUrl":"https:\/\/stahlwerke-bochum.com\/wp-content\/uploads\/2018\/06\/swb-logo2.jpg","width":500,"height":82,"caption":"Stahlwerke Bochum"},"image":{"@id":"https:\/\/stahlwerke-bochum.com\/#\/schema\/logo\/image\/"}}]}},"_links":{"self":[{"href":"https:\/\/stahlwerke-bochum.com\/fr\/wp-json\/wp\/v2\/pages\/20076","targetHints":{"allow":["GET"]}}],"collection":[{"href":"https:\/\/stahlwerke-bochum.com\/fr\/wp-json\/wp\/v2\/pages"}],"about":[{"href":"https:\/\/stahlwerke-bochum.com\/fr\/wp-json\/wp\/v2\/types\/page"}],"author":[{"embeddable":true,"href":"https:\/\/stahlwerke-bochum.com\/fr\/wp-json\/wp\/v2\/users\/4"}],"replies":[{"embeddable":true,"href":"https:\/\/stahlwerke-bochum.com\/fr\/wp-json\/wp\/v2\/comments?post=20076"}],"version-history":[{"count":3,"href":"https:\/\/stahlwerke-bochum.com\/fr\/wp-json\/wp\/v2\/pages\/20076\/revisions"}],"predecessor-version":[{"id":20080,"href":"https:\/\/stahlwerke-bochum.com\/fr\/wp-json\/wp\/v2\/pages\/20076\/revisions\/20080"}],"wp:attachment":[{"href":"https:\/\/stahlwerke-bochum.com\/fr\/wp-json\/wp\/v2\/media?parent=20076"}],"curies":[{"name":"wp","href":"https:\/\/api.w.org\/{rel}","templated":true}]}}