{"id":20056,"date":"2018-06-19T15:12:10","date_gmt":"2018-06-19T13:12:10","guid":{"rendered":"http:\/\/192.168.6.130\/branchenloesungen\/"},"modified":"2018-07-17T09:46:45","modified_gmt":"2018-07-17T07:46:45","slug":"solutions-par-branche","status":"publish","type":"page","link":"https:\/\/stahlwerke-bochum.com\/fr\/solutions-par-branche\/","title":{"rendered":"Solutions par Branche"},"content":{"rendered":"<p>[vc_row type=\u00a0\u00bbfull_width_section\u00a0\u00bb bottom_padding=\u00a0\u00bb50&Prime;][vc_column width=\u00a0\u00bb1\/1&Prime;][rev_slider_vc alias=\u00a0\u00bbbranchenloesungen\u00a0\u00bb][\/vc_column][\/vc_row][vc_row top_padding=\u00a0\u00bb50&Prime; bottom_padding=\u00a0\u00bb50&Prime;][vc_column width=\u00a0\u00bb1\/1&Prime;][vc_column_text]<\/p>\n<h1 style=\"text-align: center;\">SOLUTIONS PAR BRANCHE<\/h1>\n<p>[\/vc_column_text][vc_separator color=\u00a0\u00bbcustom\u00a0\u00bb el_width=\u00a0\u00bb50&Prime; accent_color=\u00a0\u00bb#757575&Prime;][\/vc_column][\/vc_row][vc_row top_padding=\u00a0\u00bb50&Prime; bottom_padding=\u00a0\u00bb50&Prime;][vc_column animation=\u00a0\u00bbfade-in-from-bottom\u00a0\u00bb width=\u00a0\u00bb1\/1&Prime; delay=\u00a0\u00bb500&Prime;][vc_tta_tour shape=\u00a0\u00bbsquare\u00a0\u00bb tab_position=\u00a0\u00bbright\u00a0\u00bb active_section=\u00a0\u00bb1&Prime;][vc_tta_section i_icon_fontawesome=\u00a0\u00bbfa fa-arrows-v\u00a0\u00bb add_icon=\u00a0\u00bbtrue\u00a0\u00bb title=\u00a0\u00bbRECYCLAGE METAL ET FERRAILLE\u00a0\u00bb tab_id=\u00a0\u00bbreyclage_metal_et_ferraille\u00a0\u00bb][vc_column_text]<\/p>\n<h1 id=\"ui-id-1\" class=\"wpb_accordion_header ui-accordion-header ui-state-default ui-accordion-icons ui-accordion-header-active ui-state-active ui-corner-top\" tabindex=\"0\" role=\"tab\" aria-controls=\"ui-id-2\" aria-selected=\"true\" aria-expanded=\"true\">RECYCLAGE METAL ET FERRAILLE<\/h1>\n<div id=\"ui-id-12\" class=\"wpb_accordion_content ui-accordion-content vc_clearfix ui-helper-reset ui-widget-content ui-corner-bottom ui-accordion-content-active\" role=\"tabpanel\" aria-labelledby=\"ui-id-11\" aria-hidden=\"false\">\n<div class=\"wpb_text_column wpb_content_element \">\n<div class=\"wpb_wrapper\">\n<div class=\"wpb_text_column wpb_content_element \">\n<div class=\"wpb_wrapper\">\n<p>Les vieux m\u00e9taux et la ferraille constituent de pr\u00e9cieuses mati\u00e8res premi\u00e8res secondaires, dont l\u2019emploi pr\u00e9serve les ressources et est de nature durable. Les outils et composants tr\u00e8s r\u00e9sistants \u00e0 l\u2019usure d\u00e9velopp\u00e9s et produits par SWB pour les principaux types de traitement de la ferraille \u2013 broyeur et cisaille \u2013 assurent aux recycleurs fiabilit\u00e9, performance et rentabilit\u00e9.<\/p>\n<\/div>\n<\/div>\n<\/div>\n<\/div>\n<\/div>\n<p>[\/vc_column_text][vc_single_image image=\u00a0\u00bb18213&Prime; img_size=\u00a0\u00bbfull\u00a0\u00bb][\/vc_tta_section][vc_tta_section i_icon_fontawesome=\u00a0\u00bbfa fa-arrows-v\u00a0\u00bb add_icon=\u00a0\u00bbtrue\u00a0\u00bb title=\u00a0\u00bbTRAITEMENTS DES SCORIES\u00a0\u00bb tab_id=\u00a0\u00bbtraitements_des_scories\u00a0\u00bb][vc_column_text]<\/p>\n<h1 id=\"ui-id-3\" class=\"wpb_accordion_header ui-accordion-header ui-state-default ui-accordion-icons ui-accordion-header-active ui-state-active ui-corner-top\" tabindex=\"0\" role=\"tab\" aria-controls=\"ui-id-4\" aria-selected=\"true\" aria-expanded=\"true\">TRAITEMENTS DES SCORIES<\/h1>\n<p class=\"wpb_accordion_header ui-accordion-header ui-state-default ui-accordion-icons ui-accordion-header-active ui-state-active ui-corner-top\" tabindex=\"0\" role=\"tab\" aria-controls=\"ui-id-4\" aria-selected=\"true\" aria-expanded=\"true\">Les t\u00eates foreuses moul\u00e9es en acier dur d\u00e9velopp\u00e9es par SWB donnent de tr\u00e8s bons r\u00e9sultats en utilisation lors du broyage des plus gros morceaux de scories. Le traitement de toutes les autres scories dans n\u2019importe quelle granulom\u00e9trie est assur\u00e9 avec succ\u00e8s de fa\u00e7on \u00e9conomique avec les battoirs SWB en acier moul\u00e9 avec alliage, de grande duret\u00e9, tremp\u00e9 en duret\u00e9 et r\u00e9sistance ou bien en moulage composite c\u00e9ramique-acier.<\/p>\n<p>[\/vc_column_text][vc_single_image image=\u00a0\u00bb18215&Prime; img_size=\u00a0\u00bbfull\u00a0\u00bb][\/vc_tta_section][vc_tta_section i_icon_fontawesome=\u00a0\u00bbfa fa-arrows-v\u00a0\u00bb add_icon=\u00a0\u00bbtrue\u00a0\u00bb title=\u00a0\u00bbCARRIERES\u00a0\u00bb tab_id=\u00a0\u00bbcarrieres\u00a0\u00bb][vc_column_text]<\/p>\n<h1 id=\"ui-id-5\" class=\"wpb_accordion_header ui-accordion-header ui-state-default ui-accordion-icons ui-accordion-header-active ui-state-active ui-corner-top ui-state-hover\" tabindex=\"0\" role=\"tab\" aria-controls=\"ui-id-6\" aria-selected=\"true\" aria-expanded=\"true\">CARRIERES<\/h1>\n<p class=\"wpb_accordion_header ui-accordion-header ui-state-default ui-accordion-icons ui-accordion-header-active ui-state-active ui-corner-top ui-state-hover\" tabindex=\"0\" role=\"tab\" aria-controls=\"ui-id-6\" aria-selected=\"true\" aria-expanded=\"true\">Du granit au basalte et du porphyre au calcaire fossile, SWB propose le bon outil pour le traitement des roches ainsi que le bon habillage des installations, en acier moul\u00e9, tenace pour le granit et le basalte, dur pour le calcaire et r\u00e9sistant pour le concassage primaire du porphyre. S\u00e9curit\u00e9, performance et rentabilit\u00e9 sont comprises dans la livraison.<\/p>\n<p>[\/vc_column_text][vc_single_image image=\u00a0\u00bb18217&Prime; img_size=\u00a0\u00bbfull\u00a0\u00bb][\/vc_tta_section][vc_tta_section i_icon_fontawesome=\u00a0\u00bbfa fa-arrows-v\u00a0\u00bb add_icon=\u00a0\u00bbtrue\u00a0\u00bb title=\u00a0\u00bbINDUSTRIE DES REFRACTAIRES\u00a0\u00bb tab_id=\u00a0\u00bbindustrie_des_refractaires\u00a0\u00bb][vc_column_text]<\/p>\n<h1 id=\"ui-id-7\" class=\"wpb_accordion_header ui-accordion-header ui-state-default ui-accordion-icons ui-accordion-header-active ui-state-active ui-corner-top\" tabindex=\"0\" role=\"tab\" aria-controls=\"ui-id-8\" aria-selected=\"true\" aria-expanded=\"true\">INDUSTRIE DES REFRACTAIRES<\/h1>\n<p class=\"wpb_accordion_header ui-accordion-header ui-state-default ui-accordion-icons ui-accordion-header-active ui-state-active ui-corner-top\" tabindex=\"0\" role=\"tab\" aria-controls=\"ui-id-8\" aria-selected=\"true\" aria-expanded=\"true\">L\u2019industrie des r\u00e9fractaires n\u00e9cessite la r\u00e9sistance \u00e0 l\u2019usure la plus \u00e9lev\u00e9e. La combinaison de l\u2019acier moul\u00e9 en relation \u00e9troite avec la c\u00e9ramique est la r\u00e9ponse apport\u00e9e par SWB. Exigez de SWB la preuve contre l\u2019usure.<\/p>\n<p>[\/vc_column_text][vc_single_image image=\u00a0\u00bb18222&Prime; img_size=\u00a0\u00bbfull\u00a0\u00bb][\/vc_tta_section][vc_tta_section i_icon_fontawesome=\u00a0\u00bbfa fa-arrows-v\u00a0\u00bb add_icon=\u00a0\u00bbtrue\u00a0\u00bb title=\u00a0\u00bbTRAITEMENT INDUSTRIEL DES MINERAUX\u00a0\u00bb tab_id=\u00a0\u00bbtraitement_industriel_des_mineraux\u00a0\u00bb][vc_column_text]<\/p>\n<h1 id=\"ui-id-9\" class=\"wpb_accordion_header ui-accordion-header ui-state-default ui-accordion-icons ui-accordion-header-active ui-state-active ui-corner-top\" tabindex=\"0\" role=\"tab\" aria-controls=\"ui-id-10\" aria-selected=\"true\" aria-expanded=\"true\">TRAITEMENT INDUSTRIEL DES MINERAUX<\/h1>\n<p class=\"wpb_accordion_header ui-accordion-header ui-state-default ui-accordion-icons ui-accordion-header-active ui-state-active ui-corner-top\" tabindex=\"0\" role=\"tab\" aria-controls=\"ui-id-10\" aria-selected=\"true\" aria-expanded=\"true\">SWB est sp\u00e9cialiste de la fabrication de boules et d\u2019anneaux de meulage en fonte coul\u00e9e \u00e0 haute r\u00e9sistance \u00e0 l\u2019usure et d\u2019autres composants moul\u00e9s destin\u00e9s au traitement industriel. Une tr\u00e8s forte r\u00e9sistance \u00e0 l\u2019usure et une qualit\u00e9 \u00e9prouv\u00e9e garantissent aux utilisateurs le fonctionnement s\u00e9curitaire et \u00e9conomique de leurs installations.<\/p>\n<p>[\/vc_column_text][vc_single_image image=\u00a0\u00bb18224&Prime; img_size=\u00a0\u00bbfull\u00a0\u00bb][\/vc_tta_section][vc_tta_section i_icon_fontawesome=\u00a0\u00bbfa fa-arrows-v\u00a0\u00bb add_icon=\u00a0\u00bbtrue\u00a0\u00bb title=\u00a0\u00bbRECYCLAGE ISSU DES GRAVATS DE CONSTRUCTION\u00a0\u00bb tab_id=\u00a0\u00bbrecyclage_issu_des_gravats_de_construction\u00a0\u00bb][vc_column_text]<\/p>\n<h1 id=\"ui-id-11\" class=\"wpb_accordion_header ui-accordion-header ui-state-default ui-accordion-icons ui-accordion-header-active ui-state-active ui-corner-top\" tabindex=\"0\" role=\"tab\" aria-controls=\"ui-id-12\" aria-selected=\"true\" aria-expanded=\"true\">RECYCLAGE ISSU DE LA DEMOLITION ET DES GRAVATS DE CONSTRUCTION<\/h1>\n<p>Le futur est synonyme de r\u00e9cup\u00e9ration. Concernant le recyclage des gravats \u2013 de la brique creuse jusqu\u2018au b\u00e9ton arm\u00e9 \u2013 SWB d\u00e9veloppe et fabrique des outils de frappe adapt\u00e9s \u00e0 chaque besoin. Ces outils d\u2019usure SWB de moulage composite acier- c\u00e9ramique garantissent la plus haute performance et fiabilit\u00e9 dans des conditions particuli\u00e8rement dures.[\/vc_column_text][vc_single_image image=\u00a0\u00bb18231&Prime; img_size=\u00a0\u00bbfull\u00a0\u00bb][\/vc_tta_section][vc_tta_section i_icon_fontawesome=\u00a0\u00bbfa fa-arrows-v\u00a0\u00bb add_icon=\u00a0\u00bbtrue\u00a0\u00bb title=\u00a0\u00bbEXTRACTION DE SABLE ET DE GRAVIER\u00a0\u00bb tab_id=\u00a0\u00bbextraction_de_sable_et_de_gravier\u00a0\u00bb][vc_column_text]<\/p>\n<h1 id=\"ui-id-13\" class=\"wpb_accordion_header ui-accordion-header ui-state-default ui-accordion-icons ui-accordion-header-active ui-state-active ui-corner-top ui-state-hover\" tabindex=\"0\" role=\"tab\" aria-controls=\"ui-id-14\" aria-selected=\"true\" aria-expanded=\"true\">EXTRACTION DE SABLE ET DE GRAVIER<\/h1>\n<p class=\"wpb_accordion_header ui-accordion-header ui-state-default ui-accordion-icons ui-accordion-header-active ui-state-active ui-corner-top\" tabindex=\"0\" role=\"tab\" aria-controls=\"ui-id-14\" aria-selected=\"true\" aria-expanded=\"true\">Les machines et installations d\u2019extraction et de traitement de sable et de gravier sont soumises \u00e0 une usure tr\u00e8s \u00e9lev\u00e9e. Les outils et composants \u00e0 tr\u00e8s forte r\u00e9sistance \u00e0 l\u2019usure propos\u00e9s par SWB r\u00e9duisent cette usure et augmentent ainsi la rentabilit\u00e9 de l\u2019extraction et du traitement des mati\u00e8res premi\u00e8res min\u00e9rales.<\/p>\n<p>[\/vc_column_text][vc_single_image image=\u00a0\u00bb18233&Prime; img_size=\u00a0\u00bbfull\u00a0\u00bb][\/vc_tta_section][vc_tta_section i_icon_fontawesome=\u00a0\u00bbfa fa-arrows-v\u00a0\u00bb add_icon=\u00a0\u00bbtrue\u00a0\u00bb title=\u00a0\u00bbMINES\u00a0\u00bb tab_id=\u00a0\u00bbmines\u00a0\u00bb][vc_column_text]<\/p>\n<h1 id=\"ui-id-15\" class=\"wpb_accordion_header ui-accordion-header ui-state-default ui-accordion-icons ui-accordion-header-active ui-state-active ui-corner-top\" tabindex=\"0\" role=\"tab\" aria-controls=\"ui-id-16\" aria-selected=\"true\" aria-expanded=\"true\">MINES<\/h1>\n<p id=\"ui-id-15\" class=\"wpb_accordion_header ui-accordion-header ui-state-default ui-accordion-icons ui-accordion-header-active ui-state-active ui-corner-top\" tabindex=\"0\" role=\"tab\" aria-controls=\"ui-id-16\" aria-selected=\"true\" aria-expanded=\"true\">L\u2019utilisation d\u2018outils et composants r\u00e9sistants \u00e0 l\u2019usure ont une grande influence sur la rentabilit\u00e9 de l\u2019exploitation mini\u00e8re \u2013 souterraine et \u00e0 ciel ouvert. SWB d\u00e9veloppe et produit des composants \u00e0 r\u00e9sistance \u00e0 l\u2019usure \u00e9lev\u00e9e, fabriqu\u00e9s par pi\u00e8ce et en s\u00e9rie.<\/p>\n<p>[\/vc_column_text][vc_single_image image=\u00a0\u00bb18235&Prime; img_size=\u00a0\u00bbfull\u00a0\u00bb][\/vc_tta_section][vc_tta_section i_icon_fontawesome=\u00a0\u00bbfa fa-arrows-v\u00a0\u00bb add_icon=\u00a0\u00bbtrue\u00a0\u00bb title=\u00a0\u00bbINDUSTRIE DU CALCAIRE ET DU CIMENT\u00a0\u00bb tab_id=\u00a0\u00bbindustrie_du_calcaire_et_du_ciment\u00a0\u00bb][vc_column_text]<\/p>\n<h1 id=\"ui-id-17\" class=\"wpb_accordion_header ui-accordion-header ui-state-default ui-accordion-icons ui-accordion-header-active ui-state-active ui-corner-top\" tabindex=\"0\" role=\"tab\" aria-controls=\"ui-id-18\" aria-selected=\"true\" aria-expanded=\"true\">INDUSTRIE DU CALCAIRE ET DU CIMENT<\/h1>\n<div id=\"ui-id-18\" class=\"wpb_accordion_content ui-accordion-content vc_clearfix ui-helper-reset ui-widget-content ui-corner-bottom ui-accordion-content-active\" role=\"tabpanel\" aria-labelledby=\"ui-id-17\" aria-hidden=\"false\">\n<div class=\"wpb_text_column wpb_content_element \">\n<div class=\"wpb_wrapper\">\n<p>Le portefeuille de produits SWB compte des outils de broyage sous de multiples formes et pour un large \u00e9ventail d\u2019applications dans l\u2019industrie du ciment et du calcaire. Des mati\u00e8res composites moul\u00e9es acier-c\u00e9ramique sont une nouveaut\u00e9 SWB dans ce domaine d\u2019emploi fiable et \u00e9conomique.<\/p>\n<\/div>\n<\/div>\n<\/div>\n<p>[\/vc_column_text][vc_single_image image=\u00a0\u00bb18239&Prime; img_size=\u00a0\u00bbfull\u00a0\u00bb][\/vc_tta_section][vc_tta_section i_icon_fontawesome=\u00a0\u00bbfa fa-arrows-v\u00a0\u00bb add_icon=\u00a0\u00bbtrue\u00a0\u00bb title=\u00a0\u00bbRECYCLAGE DU BOIS ET DES DECHETS\u00a0\u00bb tab_id=\u00a0\u00bbrecyclage_du_bois_et_des_dechets\u00a0\u00bb][vc_column_text]<\/p>\n<h1 id=\"ui-id-19\" class=\"wpb_accordion_header ui-accordion-header ui-state-default ui-accordion-icons ui-accordion-header-active ui-state-active ui-corner-top ui-state-hover\" tabindex=\"0\" role=\"tab\" aria-controls=\"ui-id-20\" aria-selected=\"true\" aria-expanded=\"true\">RECYCLAGE DU BOIS ET DES DECHETS<\/h1>\n<div id=\"ui-id-20\" class=\"wpb_accordion_content ui-accordion-content vc_clearfix ui-helper-reset ui-widget-content ui-corner-bottom ui-accordion-content-active\" role=\"tabpanel\" aria-labelledby=\"ui-id-19\" aria-hidden=\"false\">\n<div class=\"wpb_text_column wpb_content_element \">\n<div class=\"wpb_wrapper\">\n<p>La grande flexibilit\u00e9 dans le fa\u00e7onnage des moules par moulage et la vaste gamme d\u2019aciers durs r\u00e9sistants \u00e0 l\u2019usure et d\u2019aciers durs offrent de nombreuses possibilit\u00e9s pour la fabrication d\u2019outils de broyage. SWB produit en petite et grande s\u00e9rie des outils d\u2019usure pour le traitement du bois, du caoutchouc et des d\u00e9chets divers.<br \/>\nNous nous mettons volontiers \u00e0 votre service pour vous proposer des solutions adapt\u00e9es \u00e0 votre besoin. N\u2019h\u00e9sitez pas \u00e0 nous en parler.<\/p>\n<\/div>\n<\/div>\n<\/div>\n<p>[\/vc_column_text][vc_single_image image=\u00a0\u00bb18247&Prime; img_size=\u00a0\u00bbfull\u00a0\u00bb][\/vc_tta_section][\/vc_tta_tour][\/vc_column][\/vc_row][vc_row top_padding=\u00a0\u00bb50&Prime; bottom_padding=\u00a0\u00bb50&Prime;][vc_column animation=\u00a0\u00bbfade-in-from-bottom\u00a0\u00bb width=\u00a0\u00bb1\/1&Prime; delay=\u00a0\u00bb500&Prime;]<div class=\"box clearfix style-2 wpb_content_element align-left \" style=\"padding: 40px 40px 40px 40px; \">\n<h4>Bon \u00e0 savoir:<\/h4>\n<p>Dans le domaine de la technologie broyeur, SWB est leader mondial pour les\u00a0<strong>marteaux \u00e0 duret\u00e9 gradu\u00e9e.<\/strong><\/div>[\/vc_column][\/vc_row][vc_row][vc_column width=\u00a0\u00bb1\/1&Prime;][\/vc_column][\/vc_row]<\/p>\n","protected":false},"excerpt":{"rendered":"<p>[vc_row type=\u00a0\u00bbfull_width_section\u00a0\u00bb bottom_padding=\u00a0\u00bb50&Prime;][vc_column width=\u00a0\u00bb1\/1&Prime;][rev_slider_vc alias=\u00a0\u00bbbranchenloesungen\u00a0\u00bb][\/vc_column][\/vc_row][vc_row top_padding=\u00a0\u00bb50&Prime; bottom_padding=\u00a0\u00bb50&Prime;][vc_column width=\u00a0\u00bb1\/1&Prime;][vc_column_text] SOLUTIONS PAR BRANCHE [\/vc_column_text][vc_separator color=\u00a0\u00bbcustom\u00a0\u00bb el_width=\u00a0\u00bb50&Prime; accent_color=\u00a0\u00bb#757575&Prime;][\/vc_column][\/vc_row][vc_row top_padding=\u00a0\u00bb50&Prime; bottom_padding=\u00a0\u00bb50&Prime;][vc_column animation=\u00a0\u00bbfade-in-from-bottom\u00a0\u00bb width=\u00a0\u00bb1\/1&Prime; delay=\u00a0\u00bb500&Prime;][vc_tta_tour shape=\u00a0\u00bbsquare\u00a0\u00bb tab_position=\u00a0\u00bbright\u00a0\u00bb active_section=\u00a0\u00bb1&Prime;][vc_tta_section i_icon_fontawesome=\u00a0\u00bbfa fa-arrows-v\u00a0\u00bb add_icon=\u00a0\u00bbtrue\u00a0\u00bb title=\u00a0\u00bbRECYCLAGE METAL ET FERRAILLE\u00a0\u00bb tab_id=\u00a0\u00bbreyclage_metal_et_ferraille\u00a0\u00bb][vc_column_text] RECYCLAGE METAL ET FERRAILLE Les vieux m\u00e9taux et la ferraille constituent de pr\u00e9cieuses mati\u00e8res premi\u00e8res secondaires, dont l\u2019emploi pr\u00e9serve les ressources et est de nature durable. Les outils et composants tr\u00e8s r\u00e9sistants \u00e0 l\u2019usure d\u00e9velopp\u00e9s et produits par SWB pour les principaux types de traitement de la ferraille \u2013 broyeur et cisaille \u2013 assurent aux recycleurs fiabilit\u00e9, performance et rentabilit\u00e9. [\/vc_column_text][vc_single_image image=\u00a0\u00bb18213&Prime; img_size=\u00a0\u00bbfull\u00a0\u00bb][\/vc_tta_section][vc_tta_section i_icon_fontawesome=\u00a0\u00bbfa fa-arrows-v\u00a0\u00bb add_icon=\u00a0\u00bbtrue\u00a0\u00bb title=\u00a0\u00bbTRAITEMENTS DES SCORIES\u00a0\u00bb tab_id=\u00a0\u00bbtraitements_des_scories\u00a0\u00bb][vc_column_text] TRAITEMENTS DES SCORIES Les t\u00eates foreuses moul\u00e9es en acier dur d\u00e9velopp\u00e9es par SWB donnent de tr\u00e8s bons r\u00e9sultats en utilisation lors du broyage des plus gros morceaux de scories. Le traitement de toutes les autres scories dans n\u2019importe quelle granulom\u00e9trie est assur\u00e9 avec succ\u00e8s de fa\u00e7on \u00e9conomique avec les battoirs SWB en acier moul\u00e9 avec alliage, de grande duret\u00e9, tremp\u00e9 en duret\u00e9 et r\u00e9sistance ou bien en moulage composite c\u00e9ramique-acier. [\/vc_column_text][vc_single_image image=\u00a0\u00bb18215&Prime; img_size=\u00a0\u00bbfull\u00a0\u00bb][\/vc_tta_section][vc_tta_section i_icon_fontawesome=\u00a0\u00bbfa fa-arrows-v\u00a0\u00bb add_icon=\u00a0\u00bbtrue\u00a0\u00bb title=\u00a0\u00bbCARRIERES\u00a0\u00bb tab_id=\u00a0\u00bbcarrieres\u00a0\u00bb][vc_column_text] CARRIERES Du granit au basalte et du porphyre au calcaire fossile, SWB propose le bon outil pour le traitement des roches [&hellip;]<\/p>\n","protected":false},"author":4,"featured_media":0,"parent":0,"menu_order":0,"comment_status":"closed","ping_status":"closed","template":"","meta":{"footnotes":""},"class_list":["post-20056","page","type-page","status-publish","hentry"],"yoast_head":"<!-- This site is optimized with the Yoast SEO Premium plugin v26.9 (Yoast SEO v27.3) - https:\/\/yoast.com\/product\/yoast-seo-premium-wordpress\/ -->\n<title>Pi\u00e8ces d&#039;usure - Solutions par Branche - Stahlwerke Bochum<\/title>\n<meta name=\"description\" content=\"Pi\u00e8ces d&#039;usure pour recyclage metal et ferraille, recyclage issu des gravats de construction, extraction de sable et de gravier...\" \/>\n<meta name=\"robots\" content=\"index, follow, max-snippet:-1, max-image-preview:large, max-video-preview:-1\" \/>\n<link rel=\"canonical\" href=\"https:\/\/stahlwerke-bochum.com\/fr\/solutions-par-branche\/\" \/>\n<meta property=\"og:locale\" content=\"fr_FR\" \/>\n<meta property=\"og:type\" content=\"article\" \/>\n<meta property=\"og:title\" content=\"Solutions par Branche\" \/>\n<meta property=\"og:description\" content=\"Pi\u00e8ces d&#039;usure pour recyclage metal et ferraille, recyclage issu des gravats de construction, extraction de sable et de gravier...\" \/>\n<meta property=\"og:url\" content=\"https:\/\/stahlwerke-bochum.com\/fr\/solutions-par-branche\/\" \/>\n<meta property=\"og:site_name\" content=\"Stahlwerke Bochum\" \/>\n<meta property=\"article:modified_time\" content=\"2018-07-17T07:46:45+00:00\" \/>\n<meta name=\"twitter:card\" content=\"summary_large_image\" \/>\n<meta name=\"twitter:label1\" content=\"Dur\u00e9e de lecture estim\u00e9e\" \/>\n\t<meta name=\"twitter:data1\" content=\"6 minutes\" \/>\n<script type=\"application\/ld+json\" class=\"yoast-schema-graph\">{\"@context\":\"https:\\\/\\\/schema.org\",\"@graph\":[{\"@type\":\"WebPage\",\"@id\":\"https:\\\/\\\/stahlwerke-bochum.com\\\/fr\\\/solutions-par-branche\\\/\",\"url\":\"https:\\\/\\\/stahlwerke-bochum.com\\\/fr\\\/solutions-par-branche\\\/\",\"name\":\"Pi\u00e8ces d'usure - Solutions par Branche - Stahlwerke Bochum\",\"isPartOf\":{\"@id\":\"https:\\\/\\\/stahlwerke-bochum.com\\\/#website\"},\"datePublished\":\"2018-06-19T13:12:10+00:00\",\"dateModified\":\"2018-07-17T07:46:45+00:00\",\"description\":\"Pi\u00e8ces d'usure pour recyclage metal et ferraille, recyclage issu des gravats de construction, extraction de sable et de gravier...\",\"breadcrumb\":{\"@id\":\"https:\\\/\\\/stahlwerke-bochum.com\\\/fr\\\/solutions-par-branche\\\/#breadcrumb\"},\"inLanguage\":\"fr-FR\",\"potentialAction\":[{\"@type\":\"ReadAction\",\"target\":[\"https:\\\/\\\/stahlwerke-bochum.com\\\/fr\\\/solutions-par-branche\\\/\"]}]},{\"@type\":\"BreadcrumbList\",\"@id\":\"https:\\\/\\\/stahlwerke-bochum.com\\\/fr\\\/solutions-par-branche\\\/#breadcrumb\",\"itemListElement\":[{\"@type\":\"ListItem\",\"position\":1,\"name\":\"Startseite\",\"item\":\"https:\\\/\\\/stahlwerke-bochum.com\\\/fr\\\/\"},{\"@type\":\"ListItem\",\"position\":2,\"name\":\"Solutions par Branche\"}]},{\"@type\":\"WebSite\",\"@id\":\"https:\\\/\\\/stahlwerke-bochum.com\\\/#website\",\"url\":\"https:\\\/\\\/stahlwerke-bochum.com\\\/\",\"name\":\"Stahlwerke Bochum\",\"description\":\"Entwicklung und Herstellung von Verschleisswerkzeugen f\u00fcr die Aufbereitungstechnik, Zerkleinerungstechnik und Recyclingtechnik.\",\"publisher\":{\"@id\":\"https:\\\/\\\/stahlwerke-bochum.com\\\/#organization\"},\"potentialAction\":[{\"@type\":\"SearchAction\",\"target\":{\"@type\":\"EntryPoint\",\"urlTemplate\":\"https:\\\/\\\/stahlwerke-bochum.com\\\/?s={search_term_string}\"},\"query-input\":{\"@type\":\"PropertyValueSpecification\",\"valueRequired\":true,\"valueName\":\"search_term_string\"}}],\"inLanguage\":\"fr-FR\"},{\"@type\":\"Organization\",\"@id\":\"https:\\\/\\\/stahlwerke-bochum.com\\\/#organization\",\"name\":\"Stahlwerke Bochum\",\"url\":\"https:\\\/\\\/stahlwerke-bochum.com\\\/\",\"logo\":{\"@type\":\"ImageObject\",\"inLanguage\":\"fr-FR\",\"@id\":\"https:\\\/\\\/stahlwerke-bochum.com\\\/#\\\/schema\\\/logo\\\/image\\\/\",\"url\":\"https:\\\/\\\/stahlwerke-bochum.com\\\/wp-content\\\/uploads\\\/2018\\\/06\\\/swb-logo2.jpg\",\"contentUrl\":\"https:\\\/\\\/stahlwerke-bochum.com\\\/wp-content\\\/uploads\\\/2018\\\/06\\\/swb-logo2.jpg\",\"width\":500,\"height\":82,\"caption\":\"Stahlwerke Bochum\"},\"image\":{\"@id\":\"https:\\\/\\\/stahlwerke-bochum.com\\\/#\\\/schema\\\/logo\\\/image\\\/\"}}]}<\/script>\n<!-- \/ Yoast SEO Premium plugin. -->","yoast_head_json":{"title":"Pi\u00e8ces d'usure - Solutions par Branche - Stahlwerke Bochum","description":"Pi\u00e8ces d'usure pour recyclage metal et ferraille, recyclage issu des gravats de construction, extraction de sable et de gravier...","robots":{"index":"index","follow":"follow","max-snippet":"max-snippet:-1","max-image-preview":"max-image-preview:large","max-video-preview":"max-video-preview:-1"},"canonical":"https:\/\/stahlwerke-bochum.com\/fr\/solutions-par-branche\/","og_locale":"fr_FR","og_type":"article","og_title":"Solutions par Branche","og_description":"Pi\u00e8ces d'usure pour recyclage metal et ferraille, recyclage issu des gravats de construction, extraction de sable et de gravier...","og_url":"https:\/\/stahlwerke-bochum.com\/fr\/solutions-par-branche\/","og_site_name":"Stahlwerke Bochum","article_modified_time":"2018-07-17T07:46:45+00:00","twitter_card":"summary_large_image","twitter_misc":{"Dur\u00e9e de lecture estim\u00e9e":"6 minutes"},"schema":{"@context":"https:\/\/schema.org","@graph":[{"@type":"WebPage","@id":"https:\/\/stahlwerke-bochum.com\/fr\/solutions-par-branche\/","url":"https:\/\/stahlwerke-bochum.com\/fr\/solutions-par-branche\/","name":"Pi\u00e8ces d'usure - Solutions par Branche - Stahlwerke Bochum","isPartOf":{"@id":"https:\/\/stahlwerke-bochum.com\/#website"},"datePublished":"2018-06-19T13:12:10+00:00","dateModified":"2018-07-17T07:46:45+00:00","description":"Pi\u00e8ces d'usure pour recyclage metal et ferraille, recyclage issu des gravats de construction, extraction de sable et de gravier...","breadcrumb":{"@id":"https:\/\/stahlwerke-bochum.com\/fr\/solutions-par-branche\/#breadcrumb"},"inLanguage":"fr-FR","potentialAction":[{"@type":"ReadAction","target":["https:\/\/stahlwerke-bochum.com\/fr\/solutions-par-branche\/"]}]},{"@type":"BreadcrumbList","@id":"https:\/\/stahlwerke-bochum.com\/fr\/solutions-par-branche\/#breadcrumb","itemListElement":[{"@type":"ListItem","position":1,"name":"Startseite","item":"https:\/\/stahlwerke-bochum.com\/fr\/"},{"@type":"ListItem","position":2,"name":"Solutions par Branche"}]},{"@type":"WebSite","@id":"https:\/\/stahlwerke-bochum.com\/#website","url":"https:\/\/stahlwerke-bochum.com\/","name":"Stahlwerke Bochum","description":"Entwicklung und Herstellung von Verschleisswerkzeugen f\u00fcr die Aufbereitungstechnik, Zerkleinerungstechnik und Recyclingtechnik.","publisher":{"@id":"https:\/\/stahlwerke-bochum.com\/#organization"},"potentialAction":[{"@type":"SearchAction","target":{"@type":"EntryPoint","urlTemplate":"https:\/\/stahlwerke-bochum.com\/?s={search_term_string}"},"query-input":{"@type":"PropertyValueSpecification","valueRequired":true,"valueName":"search_term_string"}}],"inLanguage":"fr-FR"},{"@type":"Organization","@id":"https:\/\/stahlwerke-bochum.com\/#organization","name":"Stahlwerke Bochum","url":"https:\/\/stahlwerke-bochum.com\/","logo":{"@type":"ImageObject","inLanguage":"fr-FR","@id":"https:\/\/stahlwerke-bochum.com\/#\/schema\/logo\/image\/","url":"https:\/\/stahlwerke-bochum.com\/wp-content\/uploads\/2018\/06\/swb-logo2.jpg","contentUrl":"https:\/\/stahlwerke-bochum.com\/wp-content\/uploads\/2018\/06\/swb-logo2.jpg","width":500,"height":82,"caption":"Stahlwerke Bochum"},"image":{"@id":"https:\/\/stahlwerke-bochum.com\/#\/schema\/logo\/image\/"}}]}},"_links":{"self":[{"href":"https:\/\/stahlwerke-bochum.com\/fr\/wp-json\/wp\/v2\/pages\/20056","targetHints":{"allow":["GET"]}}],"collection":[{"href":"https:\/\/stahlwerke-bochum.com\/fr\/wp-json\/wp\/v2\/pages"}],"about":[{"href":"https:\/\/stahlwerke-bochum.com\/fr\/wp-json\/wp\/v2\/types\/page"}],"author":[{"embeddable":true,"href":"https:\/\/stahlwerke-bochum.com\/fr\/wp-json\/wp\/v2\/users\/4"}],"replies":[{"embeddable":true,"href":"https:\/\/stahlwerke-bochum.com\/fr\/wp-json\/wp\/v2\/comments?post=20056"}],"version-history":[{"count":16,"href":"https:\/\/stahlwerke-bochum.com\/fr\/wp-json\/wp\/v2\/pages\/20056\/revisions"}],"predecessor-version":[{"id":20336,"href":"https:\/\/stahlwerke-bochum.com\/fr\/wp-json\/wp\/v2\/pages\/20056\/revisions\/20336"}],"wp:attachment":[{"href":"https:\/\/stahlwerke-bochum.com\/fr\/wp-json\/wp\/v2\/media?parent=20056"}],"curies":[{"name":"wp","href":"https:\/\/api.w.org\/{rel}","templated":true}]}}