{"id":19874,"date":"2018-07-06T08:45:37","date_gmt":"2018-07-06T06:45:37","guid":{"rendered":"http:\/\/192.168.6.130\/?page_id=19874"},"modified":"2018-07-07T19:51:55","modified_gmt":"2018-07-07T17:51:55","slug":"palette-complete","status":"publish","type":"page","link":"https:\/\/stahlwerke-bochum.com\/fr\/palette-complete\/","title":{"rendered":"Palette complete"},"content":{"rendered":"<p>[vc_row type=\u00a0\u00bbfull_width_section\u00a0\u00bb bottom_padding=\u00a0\u00bb50&Prime;][vc_column width=\u00a0\u00bb1\/1&Prime;][rev_slider_vc alias=\u00a0\u00bbkomplettprogramm\u00a0\u00bb][\/vc_column][\/vc_row][vc_row top_padding=\u00a0\u00bb50&Prime; bottom_padding=\u00a0\u00bb50&Prime;][vc_column width=\u00a0\u00bb1\/1&Prime;][vc_column_text]<\/p>\n<h1 style=\"text-align: center;\"><span style=\"color: #00518b;\">PALETTE COMPLETE<\/span><\/h1>\n<p>[\/vc_column_text][vc_column_text]<\/p>\n<p style=\"text-align: center;\"><strong>Nous offrons \u00e0 nos clients une palette bien<br \/>\n<\/strong><strong>\u00e9tudi\u00e9e de produits destin\u00e9s \u00e0 toute une vari\u00e9t\u00e9 d\u00b4applications.<\/strong><\/p>\n<p>[\/vc_column_text][vc_separator color=\u00a0\u00bbcustom\u00a0\u00bb el_width=\u00a0\u00bb50&Prime; accent_color=\u00a0\u00bb#757575&Prime;][\/vc_column][\/vc_row][vc_row top_padding=\u00a0\u00bb50&Prime; bottom_padding=\u00a0\u00bb50&Prime;][vc_column width=\u00a0\u00bb1\/3&Prime;][vc_column_text]Gr\u00e2ce \u00e0 notre grand savoir-faire et \u00e0 nos multiples innovations nous concevons et commercialisons tous composants et pi\u00e8ces d\u00b4usure qui s\u00b4utilisent dans des unit\u00e9s de r\u00e9g\u00e9n\u00e9ration. Nous faisons cro\u00eetre le succ\u00e8s que nous vivons avec nos clients en \u00e9tant toujours \u00e0 la pointe de la technique.<\/p>\n<p><strong>Domaines d\u00b4application<\/strong><\/p>\n<ul class=\"styled-list fa-ul\"><li><i class=\"fa fa-caret-right\"><\/i>Technique de pr\u00e9paration<\/li> <\/ul><ul class=\"styled-list fa-ul\"><li><i class=\"fa fa-caret-right\"><\/i>Technique de broyage<\/li> <\/ul><ul class=\"styled-list fa-ul\"><li><i class=\"fa fa-caret-right\"><\/i>Technique de recyclage<\/li> <\/ul><ul class=\"styled-list fa-ul\"><li><i class=\"fa fa-caret-right\"><\/i>Fabrication de ciment<\/li> <\/ul><ul class=\"styled-list fa-ul\"><li><i class=\"fa fa-caret-right\"><\/i>Broyeurs de type de construction les plus divers<\/li> <\/ul><ul class=\"styled-list fa-ul\"><li><i class=\"fa fa-caret-right\"><\/i>Cisailles \u00e0 ferraille<\/li> <\/ul><ul class=\"styled-list fa-ul\"><li><i class=\"fa fa-caret-right\"><\/i>Broyeurs \u00e0 tournures<\/li> <\/ul><ul class=\"styled-list fa-ul\"><li><i class=\"fa fa-caret-right\"><\/i>Broyeurs \u00e0 percussion<\/li> <\/ul><ul class=\"styled-list fa-ul\"><li><i class=\"fa fa-caret-right\"><\/i>Concasseurs \u00e0 percussion<\/li> <\/ul><ul class=\"styled-list fa-ul\"><li><i class=\"fa fa-caret-right\"><\/i>Broyeurs verticaux<\/li> <\/ul><ul class=\"styled-list fa-ul\"><li><i class=\"fa fa-caret-right\"><\/i>Moulins verticaux<\/li> <\/ul><ul class=\"styled-list fa-ul\"><li><i class=\"fa fa-caret-right\"><\/i>Moulins \u00e0 marteaux<\/li> <\/ul><ul class=\"styled-list fa-ul\"><li><i class=\"fa fa-caret-right\"><\/i>Broyeurs \u00e0 boulets<\/li> <\/ul><ul class=\"styled-list fa-ul\"><li><i class=\"fa fa-caret-right\"><\/i>Concasseurs \u00e0 m\u00e2choires<\/li> <\/ul><ul class=\"styled-list fa-ul\"><li><i class=\"fa fa-caret-right\"><\/i>Concasseurs \u00e0 c\u00f4ne<\/li> <\/ul><ul class=\"styled-list fa-ul\"><li><i class=\"fa fa-caret-right\"><\/i>Broyeurs giratoires<\/li> <\/ul><ul class=\"styled-list fa-ul\"><li><i class=\"fa fa-caret-right\"><\/i>Broyeurs \u00e0 cylindres<\/li> <\/ul>[\/vc_column_text][\/vc_column][vc_column width=\u00a0\u00bb1\/3&Prime;][vc_column_text]<strong>Produits SWB pour le recyclage de la ferraille<\/strong><\/p>\n<ul class=\"styled-list fa-ul\"><li><i class=\"fa fa-caret-right\"><\/i>Marteaux <\/li> <\/ul><ul class=\"styled-list fa-ul\"><li><i class=\"fa fa-caret-right\"><\/i>Capots de protection<\/li> <\/ul><ul class=\"styled-list fa-ul\"><li><i class=\"fa fa-caret-right\"><\/i>Enclumes <\/li> <\/ul><ul class=\"styled-list fa-ul\"><li><i class=\"fa fa-caret-right\"><\/i>Grilles<\/li> <\/ul><ul class=\"styled-list fa-ul\"><li><i class=\"fa fa-caret-right\"><\/i>Portes d\u2019\u00e9jection<\/li> <\/ul><ul class=\"styled-list fa-ul\"><li><i class=\"fa fa-caret-right\"><\/i>Segments d\u2019usure<\/li> <\/ul><ul class=\"styled-list fa-ul\"><li><i class=\"fa fa-caret-right\"><\/i>Segments de grille<\/li> <\/ul><ul class=\"styled-list fa-ul\"><li><i class=\"fa fa-caret-right\"><\/i>Etoiles<\/li> <\/ul><ul class=\"styled-list fa-ul\"><li><i class=\"fa fa-caret-right\"><\/i>Angles<\/li> <\/ul><ul class=\"styled-list fa-ul\"><li><i class=\"fa fa-caret-right\"><\/i>Habillages lat\u00e9raux<\/li> <\/ul><ul class=\"styled-list fa-ul\"><li><i class=\"fa fa-caret-right\"><\/i>Plaques d\u00b4usure<\/li> <\/ul><ul class=\"styled-list fa-ul\"><li><i class=\"fa fa-caret-right\"><\/i>Axes de marteaux<\/li> <\/ul><ul class=\"styled-list fa-ul\"><li><i class=\"fa fa-caret-right\"><\/i>El\u00e9ments de fixation (vis) <\/li> <\/ul><ul class=\"styled-list fa-ul\"><li><i class=\"fa fa-caret-right\"><\/i>Lames de cisaille pour les cisailles \u00e0 ferraille visserie comprise<\/li> <\/ul>[\/vc_column_text][\/vc_column][vc_column width=\u00a0\u00bb1\/3&Prime;][vc_column_text]<strong>Produits SWB pour les installations de broyage horizontal et vertical<br \/>\n<\/strong>(traitement carri\u00e8re pierres et terre ainsi que r\u00e9sidus de construction)<\/p>\n<ul class=\"styled-list fa-ul\"><li><i class=\"fa fa-caret-right\"><\/i>Battoirs<\/li> <\/ul><ul class=\"styled-list fa-ul\"><li><i class=\"fa fa-caret-right\"><\/i>El\u00e9ments de rebondissement<\/li> <\/ul><ul class=\"styled-list fa-ul\"><li><i class=\"fa fa-caret-right\"><\/i>Plaques de choc <\/li> <\/ul><ul class=\"styled-list fa-ul\"><li><i class=\"fa fa-caret-right\"><\/i>Plaques de protection du rotor<\/li> <\/ul><ul class=\"styled-list fa-ul\"><li><i class=\"fa fa-caret-right\"><\/i>Et tout l\u00b4habillage int\u00e9rieur anti-usure des broyeurs \u00e0 percussion<\/li> <\/ul>\n<p><strong>Produits SWB pour le traitement des min\u00e9raux, fabrication de ciment et traitement des scories<\/strong><\/p>\n<ul class=\"styled-list fa-ul\"><li><i class=\"fa fa-caret-right\"><\/i>Boules de meulage<\/li> <\/ul><ul class=\"styled-list fa-ul\"><li><i class=\"fa fa-caret-right\"><\/i>Bagues de meulage<\/li> <\/ul><ul class=\"styled-list fa-ul\"><li><i class=\"fa fa-caret-right\"><\/i>Cuves de meulage<\/li> <\/ul><ul class=\"styled-list fa-ul\"><li><i class=\"fa fa-caret-right\"><\/i>Foreuses<\/li> <\/ul><ul class=\"styled-list fa-ul\"><li><i class=\"fa fa-caret-right\"><\/i>Marteaux pour moulins \u00e0 marteaux<\/li> <\/ul><ul class=\"styled-list fa-ul\"><li><i class=\"fa fa-caret-right\"><\/i>Segments pour les presses \u00e0 briqueter<\/li> <\/ul>[\/vc_column_text][\/vc_column][\/vc_row][vc_row type=\u00a0\u00bbfull_width_section\u00a0\u00bb bottom_padding=\u00a0\u00bb50&Prime;][vc_column animation=\u00a0\u00bbfade-in-from-left\u00a0\u00bb column_padding=\u00a0\u00bbpadding-3&Prime; column_center=\u00a0\u00bbtrue\u00a0\u00bb width=\u00a0\u00bb1\/1&Prime;][vc_column_text]<ul class=\"kiwi-logo-carousel kiwi-logo-carousel-produkte default align-center col4\"><li style=\"height:150px;\" ><div class=\"helper\" style=\"height:150px; width:200px;\" ><img decoding=\"async\" src=\"https:\/\/stahlwerke-bochum.com\/wp-content\/uploads\/2015\/08\/produkte_gross_1.png\" alt=\"Mahlkugeln\" title=\"Mahlkugeln\" style=\"max-width:200px; padding-left: 0px; padding-right:0px\" ><\/div><\/li><li style=\"height:150px;\" ><div class=\"helper\" style=\"height:150px; width:200px;\" ><img decoding=\"async\" src=\"https:\/\/stahlwerke-bochum.com\/wp-content\/uploads\/2015\/08\/produkte_gross_2.png\" alt=\"Roste\" title=\"Roste\" style=\"max-width:200px; padding-left: 0px; padding-right:0px\" ><\/div><\/li><li style=\"height:150px;\" ><div class=\"helper\" style=\"height:150px; width:200px;\" ><img decoding=\"async\" src=\"https:\/\/stahlwerke-bochum.com\/wp-content\/uploads\/2015\/08\/produkte_gross_3.png\" alt=\"Schutzkappen\" title=\"Schutzkappen\" style=\"max-width:200px; padding-left: 0px; padding-right:0px\" ><\/div><\/li><li style=\"height:150px;\" ><div class=\"helper\" style=\"height:150px; width:200px;\" ><img decoding=\"async\" src=\"https:\/\/stahlwerke-bochum.com\/wp-content\/uploads\/2015\/08\/produkte_gross_4.png\" alt=\"Schrottscherenmesser\" title=\"Schrottscherenmesser\" style=\"max-width:200px; padding-left: 0px; padding-right:0px\" ><\/div><\/li><li style=\"height:150px;\" ><div class=\"helper\" style=\"height:150px; width:200px;\" ><img decoding=\"async\" src=\"https:\/\/stahlwerke-bochum.com\/wp-content\/uploads\/2015\/08\/produkte_gross_5.png\" alt=\"Bohrer\" title=\"Bohrer\" style=\"max-width:200px; padding-left: 0px; padding-right:0px\" ><\/div><\/li><li style=\"height:150px;\" ><div class=\"helper\" style=\"height:150px; width:200px;\" ><img decoding=\"async\" src=\"https:\/\/stahlwerke-bochum.com\/wp-content\/uploads\/2015\/08\/produkte_gross_6.png\" alt=\"Ambosse\" title=\"Ambosse\" style=\"max-width:200px; padding-left: 0px; padding-right:0px\" ><\/div><\/li><li style=\"height:150px;\" ><div class=\"helper\" style=\"height:150px; width:200px;\" ><img decoding=\"async\" src=\"https:\/\/stahlwerke-bochum.com\/wp-content\/uploads\/2015\/08\/produkte_gross_7.png\" alt=\"H\u00e4mmer\" title=\"H\u00e4mmer\" style=\"max-width:200px; padding-left: 0px; padding-right:0px\" ><\/div><\/li><li style=\"height:150px;\" ><div class=\"helper\" style=\"height:150px; width:200px;\" ><img decoding=\"async\" src=\"https:\/\/stahlwerke-bochum.com\/wp-content\/uploads\/2015\/08\/produkte_gross_8.png\" alt=\"Schlagleisten\" title=\"Schlagleisten\" style=\"max-width:200px; padding-left: 0px; padding-right:0px\" ><\/div><\/li><\/ul>[\/vc_column_text][\/vc_column][\/vc_row]<\/p>\n","protected":false},"excerpt":{"rendered":"<p>[vc_row type=\u00a0\u00bbfull_width_section\u00a0\u00bb bottom_padding=\u00a0\u00bb50&Prime;][vc_column width=\u00a0\u00bb1\/1&Prime;][rev_slider_vc alias=\u00a0\u00bbkomplettprogramm\u00a0\u00bb][\/vc_column][\/vc_row][vc_row top_padding=\u00a0\u00bb50&Prime; bottom_padding=\u00a0\u00bb50&Prime;][vc_column width=\u00a0\u00bb1\/1&Prime;][vc_column_text] PALETTE COMPLETE [\/vc_column_text][vc_column_text] Nous offrons \u00e0 nos clients une palette bien \u00e9tudi\u00e9e de produits destin\u00e9s \u00e0 toute une vari\u00e9t\u00e9 d\u00b4applications. [\/vc_column_text][vc_separator color=\u00a0\u00bbcustom\u00a0\u00bb el_width=\u00a0\u00bb50&Prime; accent_color=\u00a0\u00bb#757575&Prime;][\/vc_column][\/vc_row][vc_row top_padding=\u00a0\u00bb50&Prime; bottom_padding=\u00a0\u00bb50&Prime;][vc_column width=\u00a0\u00bb1\/3&Prime;][vc_column_text]Gr\u00e2ce \u00e0 notre grand savoir-faire et \u00e0 nos multiples innovations nous concevons et commercialisons tous composants et pi\u00e8ces d\u00b4usure qui s\u00b4utilisent dans des unit\u00e9s de r\u00e9g\u00e9n\u00e9ration. Nous faisons cro\u00eetre le succ\u00e8s que nous vivons avec nos clients en \u00e9tant toujours \u00e0 la pointe de la technique. Domaines d\u00b4application [\/vc_column_text][\/vc_column][vc_column width=\u00a0\u00bb1\/3&Prime;][vc_column_text]Produits SWB pour le recyclage de la ferraille [\/vc_column_text][\/vc_column][vc_column width=\u00a0\u00bb1\/3&Prime;][vc_column_text]Produits SWB pour les installations de broyage horizontal et vertical (traitement carri\u00e8re pierres et terre ainsi que r\u00e9sidus de construction) Produits SWB pour le traitement des min\u00e9raux, fabrication de ciment et traitement des scories [\/vc_column_text][\/vc_column][\/vc_row][vc_row type=\u00a0\u00bbfull_width_section\u00a0\u00bb bottom_padding=\u00a0\u00bb50&Prime;][vc_column animation=\u00a0\u00bbfade-in-from-left\u00a0\u00bb column_padding=\u00a0\u00bbpadding-3&Prime; column_center=\u00a0\u00bbtrue\u00a0\u00bb width=\u00a0\u00bb1\/1&Prime;][vc_column_text][\/vc_column_text][\/vc_column][\/vc_row]<\/p>\n","protected":false},"author":4,"featured_media":0,"parent":0,"menu_order":0,"comment_status":"closed","ping_status":"closed","template":"","meta":{"footnotes":""},"class_list":["post-19874","page","type-page","status-publish","hentry"],"yoast_head":"<!-- This site is optimized with the Yoast SEO Premium plugin v26.9 (Yoast SEO v27.3) - https:\/\/yoast.com\/product\/yoast-seo-premium-wordpress\/ -->\n<title>Palette complete - Stahlwerke Bochum<\/title>\n<meta name=\"robots\" content=\"index, follow, max-snippet:-1, max-image-preview:large, max-video-preview:-1\" \/>\n<link rel=\"canonical\" href=\"https:\/\/stahlwerke-bochum.com\/fr\/palette-complete\/\" \/>\n<meta property=\"og:locale\" content=\"fr_FR\" \/>\n<meta property=\"og:type\" content=\"article\" \/>\n<meta property=\"og:title\" content=\"Palette complete\" \/>\n<meta property=\"og:description\" content=\"[vc_row type=\u00a0\u00bbfull_width_section\u00a0\u00bb bottom_padding=\u00a0\u00bb50&Prime;][vc_column width=\u00a0\u00bb1\/1&Prime;][rev_slider_vc alias=\u00a0\u00bbkomplettprogramm\u00a0\u00bb][\/vc_column][\/vc_row][vc_row top_padding=\u00a0\u00bb50&Prime; bottom_padding=\u00a0\u00bb50&Prime;][vc_column width=\u00a0\u00bb1\/1&Prime;][vc_column_text] PALETTE COMPLETE [\/vc_column_text][vc_column_text] Nous offrons \u00e0 nos clients une palette bien \u00e9tudi\u00e9e de produits destin\u00e9s \u00e0 toute une vari\u00e9t\u00e9 d\u00b4applications. [\/vc_column_text][vc_separator color=\u00a0\u00bbcustom\u00a0\u00bb el_width=\u00a0\u00bb50&Prime; accent_color=\u00a0\u00bb#757575&Prime;][\/vc_column][\/vc_row][vc_row top_padding=\u00a0\u00bb50&Prime; bottom_padding=\u00a0\u00bb50&Prime;][vc_column width=\u00a0\u00bb1\/3&Prime;][vc_column_text]Gr\u00e2ce \u00e0 notre grand savoir-faire et \u00e0 nos multiples innovations nous concevons et commercialisons tous composants et pi\u00e8ces d\u00b4usure qui s\u00b4utilisent dans des unit\u00e9s de r\u00e9g\u00e9n\u00e9ration. Nous faisons cro\u00eetre le succ\u00e8s que nous vivons avec nos clients en \u00e9tant toujours \u00e0 la pointe de la technique. Domaines d\u00b4application [\/vc_column_text][\/vc_column][vc_column width=\u00a0\u00bb1\/3&Prime;][vc_column_text]Produits SWB pour le recyclage de la ferraille [\/vc_column_text][\/vc_column][vc_column width=\u00a0\u00bb1\/3&Prime;][vc_column_text]Produits SWB pour les installations de broyage horizontal et vertical (traitement carri\u00e8re pierres et terre ainsi que r\u00e9sidus de construction) Produits SWB pour le traitement des min\u00e9raux, fabrication de ciment et traitement des scories [\/vc_column_text][\/vc_column][\/vc_row][vc_row type=\u00a0\u00bbfull_width_section\u00a0\u00bb bottom_padding=\u00a0\u00bb50&Prime;][vc_column animation=\u00a0\u00bbfade-in-from-left\u00a0\u00bb column_padding=\u00a0\u00bbpadding-3&Prime; column_center=\u00a0\u00bbtrue\u00a0\u00bb width=\u00a0\u00bb1\/1&Prime;][vc_column_text][\/vc_column_text][\/vc_column][\/vc_row]\" \/>\n<meta property=\"og:url\" content=\"https:\/\/stahlwerke-bochum.com\/fr\/palette-complete\/\" \/>\n<meta property=\"og:site_name\" content=\"Stahlwerke Bochum\" \/>\n<meta property=\"article:modified_time\" content=\"2018-07-07T17:51:55+00:00\" \/>\n<meta name=\"twitter:card\" content=\"summary_large_image\" \/>\n<meta name=\"twitter:label1\" content=\"Dur\u00e9e de lecture estim\u00e9e\" \/>\n\t<meta name=\"twitter:data1\" content=\"4 minutes\" \/>\n<script type=\"application\/ld+json\" class=\"yoast-schema-graph\">{\"@context\":\"https:\\\/\\\/schema.org\",\"@graph\":[{\"@type\":\"WebPage\",\"@id\":\"https:\\\/\\\/stahlwerke-bochum.com\\\/fr\\\/palette-complete\\\/\",\"url\":\"https:\\\/\\\/stahlwerke-bochum.com\\\/fr\\\/palette-complete\\\/\",\"name\":\"Palette complete - Stahlwerke Bochum\",\"isPartOf\":{\"@id\":\"https:\\\/\\\/stahlwerke-bochum.com\\\/#website\"},\"datePublished\":\"2018-07-06T06:45:37+00:00\",\"dateModified\":\"2018-07-07T17:51:55+00:00\",\"breadcrumb\":{\"@id\":\"https:\\\/\\\/stahlwerke-bochum.com\\\/fr\\\/palette-complete\\\/#breadcrumb\"},\"inLanguage\":\"fr-FR\",\"potentialAction\":[{\"@type\":\"ReadAction\",\"target\":[\"https:\\\/\\\/stahlwerke-bochum.com\\\/fr\\\/palette-complete\\\/\"]}]},{\"@type\":\"BreadcrumbList\",\"@id\":\"https:\\\/\\\/stahlwerke-bochum.com\\\/fr\\\/palette-complete\\\/#breadcrumb\",\"itemListElement\":[{\"@type\":\"ListItem\",\"position\":1,\"name\":\"Startseite\",\"item\":\"https:\\\/\\\/stahlwerke-bochum.com\\\/fr\\\/\"},{\"@type\":\"ListItem\",\"position\":2,\"name\":\"Palette complete\"}]},{\"@type\":\"WebSite\",\"@id\":\"https:\\\/\\\/stahlwerke-bochum.com\\\/#website\",\"url\":\"https:\\\/\\\/stahlwerke-bochum.com\\\/\",\"name\":\"Stahlwerke Bochum\",\"description\":\"Entwicklung und Herstellung von Verschleisswerkzeugen f\u00fcr die Aufbereitungstechnik, Zerkleinerungstechnik und Recyclingtechnik.\",\"publisher\":{\"@id\":\"https:\\\/\\\/stahlwerke-bochum.com\\\/#organization\"},\"potentialAction\":[{\"@type\":\"SearchAction\",\"target\":{\"@type\":\"EntryPoint\",\"urlTemplate\":\"https:\\\/\\\/stahlwerke-bochum.com\\\/?s={search_term_string}\"},\"query-input\":{\"@type\":\"PropertyValueSpecification\",\"valueRequired\":true,\"valueName\":\"search_term_string\"}}],\"inLanguage\":\"fr-FR\"},{\"@type\":\"Organization\",\"@id\":\"https:\\\/\\\/stahlwerke-bochum.com\\\/#organization\",\"name\":\"Stahlwerke Bochum\",\"url\":\"https:\\\/\\\/stahlwerke-bochum.com\\\/\",\"logo\":{\"@type\":\"ImageObject\",\"inLanguage\":\"fr-FR\",\"@id\":\"https:\\\/\\\/stahlwerke-bochum.com\\\/#\\\/schema\\\/logo\\\/image\\\/\",\"url\":\"https:\\\/\\\/stahlwerke-bochum.com\\\/wp-content\\\/uploads\\\/2018\\\/06\\\/swb-logo2.jpg\",\"contentUrl\":\"https:\\\/\\\/stahlwerke-bochum.com\\\/wp-content\\\/uploads\\\/2018\\\/06\\\/swb-logo2.jpg\",\"width\":500,\"height\":82,\"caption\":\"Stahlwerke Bochum\"},\"image\":{\"@id\":\"https:\\\/\\\/stahlwerke-bochum.com\\\/#\\\/schema\\\/logo\\\/image\\\/\"}}]}<\/script>\n<!-- \/ Yoast SEO Premium plugin. -->","yoast_head_json":{"title":"Palette complete - Stahlwerke Bochum","robots":{"index":"index","follow":"follow","max-snippet":"max-snippet:-1","max-image-preview":"max-image-preview:large","max-video-preview":"max-video-preview:-1"},"canonical":"https:\/\/stahlwerke-bochum.com\/fr\/palette-complete\/","og_locale":"fr_FR","og_type":"article","og_title":"Palette complete","og_description":"[vc_row type=\u00a0\u00bbfull_width_section\u00a0\u00bb bottom_padding=\u00a0\u00bb50&Prime;][vc_column width=\u00a0\u00bb1\/1&Prime;][rev_slider_vc alias=\u00a0\u00bbkomplettprogramm\u00a0\u00bb][\/vc_column][\/vc_row][vc_row top_padding=\u00a0\u00bb50&Prime; bottom_padding=\u00a0\u00bb50&Prime;][vc_column width=\u00a0\u00bb1\/1&Prime;][vc_column_text] PALETTE COMPLETE [\/vc_column_text][vc_column_text] Nous offrons \u00e0 nos clients une palette bien \u00e9tudi\u00e9e de produits destin\u00e9s \u00e0 toute une vari\u00e9t\u00e9 d\u00b4applications. [\/vc_column_text][vc_separator color=\u00a0\u00bbcustom\u00a0\u00bb el_width=\u00a0\u00bb50&Prime; accent_color=\u00a0\u00bb#757575&Prime;][\/vc_column][\/vc_row][vc_row top_padding=\u00a0\u00bb50&Prime; bottom_padding=\u00a0\u00bb50&Prime;][vc_column width=\u00a0\u00bb1\/3&Prime;][vc_column_text]Gr\u00e2ce \u00e0 notre grand savoir-faire et \u00e0 nos multiples innovations nous concevons et commercialisons tous composants et pi\u00e8ces d\u00b4usure qui s\u00b4utilisent dans des unit\u00e9s de r\u00e9g\u00e9n\u00e9ration. Nous faisons cro\u00eetre le succ\u00e8s que nous vivons avec nos clients en \u00e9tant toujours \u00e0 la pointe de la technique. Domaines d\u00b4application [\/vc_column_text][\/vc_column][vc_column width=\u00a0\u00bb1\/3&Prime;][vc_column_text]Produits SWB pour le recyclage de la ferraille [\/vc_column_text][\/vc_column][vc_column width=\u00a0\u00bb1\/3&Prime;][vc_column_text]Produits SWB pour les installations de broyage horizontal et vertical (traitement carri\u00e8re pierres et terre ainsi que r\u00e9sidus de construction) Produits SWB pour le traitement des min\u00e9raux, fabrication de ciment et traitement des scories [\/vc_column_text][\/vc_column][\/vc_row][vc_row type=\u00a0\u00bbfull_width_section\u00a0\u00bb bottom_padding=\u00a0\u00bb50&Prime;][vc_column animation=\u00a0\u00bbfade-in-from-left\u00a0\u00bb column_padding=\u00a0\u00bbpadding-3&Prime; column_center=\u00a0\u00bbtrue\u00a0\u00bb width=\u00a0\u00bb1\/1&Prime;][vc_column_text][\/vc_column_text][\/vc_column][\/vc_row]","og_url":"https:\/\/stahlwerke-bochum.com\/fr\/palette-complete\/","og_site_name":"Stahlwerke Bochum","article_modified_time":"2018-07-07T17:51:55+00:00","twitter_card":"summary_large_image","twitter_misc":{"Dur\u00e9e de lecture estim\u00e9e":"4 minutes"},"schema":{"@context":"https:\/\/schema.org","@graph":[{"@type":"WebPage","@id":"https:\/\/stahlwerke-bochum.com\/fr\/palette-complete\/","url":"https:\/\/stahlwerke-bochum.com\/fr\/palette-complete\/","name":"Palette complete - Stahlwerke Bochum","isPartOf":{"@id":"https:\/\/stahlwerke-bochum.com\/#website"},"datePublished":"2018-07-06T06:45:37+00:00","dateModified":"2018-07-07T17:51:55+00:00","breadcrumb":{"@id":"https:\/\/stahlwerke-bochum.com\/fr\/palette-complete\/#breadcrumb"},"inLanguage":"fr-FR","potentialAction":[{"@type":"ReadAction","target":["https:\/\/stahlwerke-bochum.com\/fr\/palette-complete\/"]}]},{"@type":"BreadcrumbList","@id":"https:\/\/stahlwerke-bochum.com\/fr\/palette-complete\/#breadcrumb","itemListElement":[{"@type":"ListItem","position":1,"name":"Startseite","item":"https:\/\/stahlwerke-bochum.com\/fr\/"},{"@type":"ListItem","position":2,"name":"Palette complete"}]},{"@type":"WebSite","@id":"https:\/\/stahlwerke-bochum.com\/#website","url":"https:\/\/stahlwerke-bochum.com\/","name":"Stahlwerke Bochum","description":"Entwicklung und Herstellung von Verschleisswerkzeugen f\u00fcr die Aufbereitungstechnik, Zerkleinerungstechnik und Recyclingtechnik.","publisher":{"@id":"https:\/\/stahlwerke-bochum.com\/#organization"},"potentialAction":[{"@type":"SearchAction","target":{"@type":"EntryPoint","urlTemplate":"https:\/\/stahlwerke-bochum.com\/?s={search_term_string}"},"query-input":{"@type":"PropertyValueSpecification","valueRequired":true,"valueName":"search_term_string"}}],"inLanguage":"fr-FR"},{"@type":"Organization","@id":"https:\/\/stahlwerke-bochum.com\/#organization","name":"Stahlwerke Bochum","url":"https:\/\/stahlwerke-bochum.com\/","logo":{"@type":"ImageObject","inLanguage":"fr-FR","@id":"https:\/\/stahlwerke-bochum.com\/#\/schema\/logo\/image\/","url":"https:\/\/stahlwerke-bochum.com\/wp-content\/uploads\/2018\/06\/swb-logo2.jpg","contentUrl":"https:\/\/stahlwerke-bochum.com\/wp-content\/uploads\/2018\/06\/swb-logo2.jpg","width":500,"height":82,"caption":"Stahlwerke Bochum"},"image":{"@id":"https:\/\/stahlwerke-bochum.com\/#\/schema\/logo\/image\/"}}]}},"_links":{"self":[{"href":"https:\/\/stahlwerke-bochum.com\/fr\/wp-json\/wp\/v2\/pages\/19874","targetHints":{"allow":["GET"]}}],"collection":[{"href":"https:\/\/stahlwerke-bochum.com\/fr\/wp-json\/wp\/v2\/pages"}],"about":[{"href":"https:\/\/stahlwerke-bochum.com\/fr\/wp-json\/wp\/v2\/types\/page"}],"author":[{"embeddable":true,"href":"https:\/\/stahlwerke-bochum.com\/fr\/wp-json\/wp\/v2\/users\/4"}],"replies":[{"embeddable":true,"href":"https:\/\/stahlwerke-bochum.com\/fr\/wp-json\/wp\/v2\/comments?post=19874"}],"version-history":[{"count":7,"href":"https:\/\/stahlwerke-bochum.com\/fr\/wp-json\/wp\/v2\/pages\/19874\/revisions"}],"predecessor-version":[{"id":20017,"href":"https:\/\/stahlwerke-bochum.com\/fr\/wp-json\/wp\/v2\/pages\/19874\/revisions\/20017"}],"wp:attachment":[{"href":"https:\/\/stahlwerke-bochum.com\/fr\/wp-json\/wp\/v2\/media?parent=19874"}],"curies":[{"name":"wp","href":"https:\/\/api.w.org\/{rel}","templated":true}]}}