{"id":20679,"date":"2018-06-20T12:39:41","date_gmt":"2018-06-20T10:39:41","guid":{"rendered":"http:\/\/192.168.6.130\/wertstoffe\/"},"modified":"2022-01-12T14:37:53","modified_gmt":"2022-01-12T13:37:53","slug":"desechos-reciclables","status":"publish","type":"page","link":"https:\/\/stahlwerke-bochum.com\/es\/desechos-reciclables\/","title":{"rendered":"Desechos reciclables"},"content":{"rendered":"<p>[vc_row type=\u00bbfull_width_section\u00bb][vc_column width=\u00bb1\/1&#8243;][rev_slider_vc alias=\u00bbwertstoffe\u00bb][\/vc_column][\/vc_row][vc_row bg_color=\u00bb#00508a\u00bb bottom_padding=\u00bb50&#8243; full_height=\u00bbtrue\u00bb content_placement=\u00bbtop\u00bb][vc_column animation=\u00bbfade-in-from-left\u00bb bg_color=\u00bb#00508a\u00bb column_padding=\u00bbpadding-2&#8243; width=\u00bb1\/2&#8243; delay=\u00bb500&#8243;]<h1 class=\"headline font-inherit fontsize-xxxl fontweight-600 lh-13 align-left transform-inherit \" style=\"margin: 0 0 20px 0; color: #ffffff;\">EL USO<\/h1><h1 class=\"headline font-inherit fontsize-xxxl fontweight-600 lh-inherit align-left transform-inherit \" style=\"margin: 0 0 20px 0; color: #ffffff;\">DE CHATARRA<\/h1><h1 class=\"headline font-inherit fontsize-xxxl fontweight-600 lh-inherit align-left transform-inherit \" style=\"margin: 0 0 20px 0; color: #ffffff;\">ES MUY<\/h1><h1 class=\"headline font-inherit fontsize-xxxl fontweight-600 lh-inherit align-left transform-inherit \" style=\"margin: 0 0 20px 0; color: #ffffff;\">RENTABLE<\/h1><div class=\"box clearfix style-1 wpb_content_element align-center \" style=\"padding: 0; \">\n<div style=\"width: 480px;\" class=\"wp-video\"><video class=\"wp-video-shortcode\" id=\"video-20679-1\" width=\"480\" height=\"320\" poster=\"https:\/\/stahlwerke-bochum.com\/wp-content\/uploads\/2022\/01\/wertstoffe.jpg\" preload=\"metadata\" controls=\"controls\"><source type=\"video\/mp4\" src=\"https:\/\/stahlwerke-bochum.com\/wp-content\/uploads\/2022\/01\/Wertstoffe-2.mp4?_=1\" \/><a href=\"https:\/\/stahlwerke-bochum.com\/wp-content\/uploads\/2022\/01\/Wertstoffe-2.mp4\">https:\/\/stahlwerke-bochum.com\/wp-content\/uploads\/2022\/01\/Wertstoffe-2.mp4<\/a><\/video><\/div>\n<\/div>[\/vc_column][vc_column animation=\u00bbfade-in-from-right\u00bb bg_color=\u00bb#00508a\u00bb column_padding=\u00bbpadding-2&#8243; text_color=\u00bbcustom\u00bb custom_text_color=\u00bb#ffffff\u00bb width=\u00bb1\/2&#8243; delay=\u00bb500&#8243;]<h1 class=\"headline font-inherit fontsize-xxxl fontweight-600 lh-13 align-left transform-inherit \" style=\"margin: 0 0 20px 0; color: #ffffff;\">DESECHOS RECICLABLES<br \/>\n<\/h1>[vc_column_text]<\/p>\n<div id=\"wertstoffe\" class=\"wpb_row vc_row-fluid standard-section section section-no-parallax stretch \" data-speed=\"1\">\n<div class=\"col span_12 color-light left\">\n<div class=\"vc_col-sm-6 wpb_column column_container col vertical-center padding-3 animate color-light\" data-animation=\"fade-in-from-right\" data-delay=\"0\">\n<div class=\"wpb_wrapper\">\n<div class=\"wpb_text_column wpb_content_element \">\n<div class=\"wpb_wrapper\">\n<p>As\u00ed se requiere para la obtenci\u00f3n de acero de chatarra de acero menos de la mitad de energ\u00eda que para la producci\u00f3n de acero de mineral. Debido a esta alta rentabilidad el volumen total mundial de los desechos de m\u00e1s de 100 millones de toneladas anuales se suministra al reciclaje.<br \/>\nPara el \u00e1rea del reciclaje de chatarra SWB produce:<\/p>\n<ul class=\"styled-list fa-ul\">\n<li><i class=\"fa fa-caret-right\"><\/i>Martillos<\/li>\n<\/ul>\n<ul class=\"styled-list fa-ul\">\n<li><i class=\"fa fa-caret-right\"><\/i>Caperuzas de protecci\u00f3n<\/li>\n<\/ul>\n<ul class=\"styled-list fa-ul\">\n<li><i class=\"fa fa-caret-right\"><\/i>Yunques<\/li>\n<\/ul>\n<ul class=\"styled-list fa-ul\">\n<li><i class=\"fa fa-caret-right\"><\/i>Parrillas<\/li>\n<\/ul>\n<ul class=\"styled-list fa-ul\">\n<li><i class=\"fa fa-caret-right\"><\/i>Segmentos<\/li>\n<\/ul>\n<p>y todos los dem\u00e1s componentes expuestos al desgaste permanente en trituradoras como \u00e1ngulos, revestimientos laterales, chapas de desgaste, ejes de martillos y elementos de fijaci\u00f3n.<\/p>\n<\/div>\n<\/div>\n<\/div>\n<\/div>\n<\/div>\n<\/div>\n<div id=\"schlagkraft\" class=\"wpb_row vc_row-fluid standard-section section section-no-parallax stretch \" data-speed=\"1\">\n<div class=\"col span_12 color-dark left\">\n<div class=\"vc_col-sm-12 wpb_column column_container col no-padding color-dark\" data-animation=\"\" data-delay=\"\">\n<div class=\"wpb_wrapper\">\n<div class=\"wpb_text_column wpb_content_element \">\n<div class=\"wpb_wrapper\"><\/div>\n<\/div>\n<\/div>\n<\/div>\n<\/div>\n<\/div>\n<p>[\/vc_column_text][\/vc_column][\/vc_row]<\/p>\n","protected":false},"excerpt":{"rendered":"<p>[vc_row type=\u00bbfull_width_section\u00bb][vc_column width=\u00bb1\/1&#8243;][rev_slider_vc alias=\u00bbwertstoffe\u00bb][\/vc_column][\/vc_row][vc_row bg_color=\u00bb#00508a\u00bb bottom_padding=\u00bb50&#8243; full_height=\u00bbtrue\u00bb content_placement=\u00bbtop\u00bb][vc_column animation=\u00bbfade-in-from-left\u00bb bg_color=\u00bb#00508a\u00bb column_padding=\u00bbpadding-2&#8243; width=\u00bb1\/2&#8243; delay=\u00bb500&#8243;][\/vc_column][vc_column animation=\u00bbfade-in-from-right\u00bb bg_color=\u00bb#00508a\u00bb column_padding=\u00bbpadding-2&#8243; text_color=\u00bbcustom\u00bb custom_text_color=\u00bb#ffffff\u00bb width=\u00bb1\/2&#8243; delay=\u00bb500&#8243;][vc_column_text] As\u00ed se requiere para la obtenci\u00f3n de acero de chatarra de acero menos de la mitad de energ\u00eda que para la producci\u00f3n de acero de mineral. Debido a esta alta rentabilidad el volumen total mundial de los desechos de m\u00e1s de 100 millones de toneladas anuales se suministra al reciclaje. Para el \u00e1rea del reciclaje de chatarra SWB produce: Martillos Caperuzas de protecci\u00f3n Yunques Parrillas Segmentos y todos los dem\u00e1s componentes expuestos al desgaste permanente en trituradoras como \u00e1ngulos, revestimientos laterales, chapas de desgaste, ejes de martillos y elementos de fijaci\u00f3n. [\/vc_column_text][\/vc_column][\/vc_row]<\/p>\n","protected":false},"author":4,"featured_media":0,"parent":0,"menu_order":0,"comment_status":"closed","ping_status":"closed","template":"","meta":{"footnotes":""},"class_list":["post-20679","page","type-page","status-publish","hentry"],"yoast_head":"<!-- This site is optimized with the Yoast SEO Premium plugin v27.4 (Yoast SEO v27.4) - https:\/\/yoast.com\/product\/yoast-seo-premium-wordpress\/ -->\n<title>Desechos reciclables - Stahlwerke Bochum<\/title>\n<meta name=\"robots\" content=\"index, follow, max-snippet:-1, max-image-preview:large, max-video-preview:-1\" \/>\n<link rel=\"canonical\" href=\"https:\/\/stahlwerke-bochum.com\/es\/desechos-reciclables\/\" \/>\n<meta property=\"og:locale\" content=\"es_ES\" \/>\n<meta property=\"og:type\" content=\"article\" \/>\n<meta property=\"og:title\" content=\"Desechos reciclables\" \/>\n<meta property=\"og:description\" content=\"[vc_row type=\u00bbfull_width_section\u00bb][vc_column width=\u00bb1\/1&#8243;][rev_slider_vc alias=\u00bbwertstoffe\u00bb][\/vc_column][\/vc_row][vc_row bg_color=\u00bb#00508a\u00bb bottom_padding=\u00bb50&#8243; full_height=\u00bbtrue\u00bb content_placement=\u00bbtop\u00bb][vc_column animation=\u00bbfade-in-from-left\u00bb bg_color=\u00bb#00508a\u00bb column_padding=\u00bbpadding-2&#8243; width=\u00bb1\/2&#8243; delay=\u00bb500&#8243;][\/vc_column][vc_column animation=\u00bbfade-in-from-right\u00bb bg_color=\u00bb#00508a\u00bb column_padding=\u00bbpadding-2&#8243; text_color=\u00bbcustom\u00bb custom_text_color=\u00bb#ffffff\u00bb width=\u00bb1\/2&#8243; delay=\u00bb500&#8243;][vc_column_text] As\u00ed se requiere para la obtenci\u00f3n de acero de chatarra de acero menos de la mitad de energ\u00eda que para la producci\u00f3n de acero de mineral. Debido a esta alta rentabilidad el volumen total mundial de los desechos de m\u00e1s de 100 millones de toneladas anuales se suministra al reciclaje. Para el \u00e1rea del reciclaje de chatarra SWB produce: Martillos Caperuzas de protecci\u00f3n Yunques Parrillas Segmentos y todos los dem\u00e1s componentes expuestos al desgaste permanente en trituradoras como \u00e1ngulos, revestimientos laterales, chapas de desgaste, ejes de martillos y elementos de fijaci\u00f3n. [\/vc_column_text][\/vc_column][\/vc_row]\" \/>\n<meta property=\"og:url\" content=\"https:\/\/stahlwerke-bochum.com\/es\/desechos-reciclables\/\" \/>\n<meta property=\"og:site_name\" content=\"Stahlwerke Bochum\" \/>\n<meta property=\"article:modified_time\" content=\"2022-01-12T13:37:53+00:00\" \/>\n<meta name=\"twitter:card\" content=\"summary_large_image\" \/>\n<meta name=\"twitter:label1\" content=\"Tiempo de lectura\" \/>\n\t<meta name=\"twitter:data1\" content=\"1 minuto\" \/>\n<script type=\"application\/ld+json\" class=\"yoast-schema-graph\">{\"@context\":\"https:\\\/\\\/schema.org\",\"@graph\":[{\"@type\":\"WebPage\",\"@id\":\"https:\\\/\\\/stahlwerke-bochum.com\\\/es\\\/desechos-reciclables\\\/\",\"url\":\"https:\\\/\\\/stahlwerke-bochum.com\\\/es\\\/desechos-reciclables\\\/\",\"name\":\"Desechos reciclables - Stahlwerke Bochum\",\"isPartOf\":{\"@id\":\"https:\\\/\\\/stahlwerke-bochum.com\\\/#website\"},\"datePublished\":\"2018-06-20T10:39:41+00:00\",\"dateModified\":\"2022-01-12T13:37:53+00:00\",\"breadcrumb\":{\"@id\":\"https:\\\/\\\/stahlwerke-bochum.com\\\/es\\\/desechos-reciclables\\\/#breadcrumb\"},\"inLanguage\":\"es\",\"potentialAction\":[{\"@type\":\"ReadAction\",\"target\":[\"https:\\\/\\\/stahlwerke-bochum.com\\\/es\\\/desechos-reciclables\\\/\"]}]},{\"@type\":\"BreadcrumbList\",\"@id\":\"https:\\\/\\\/stahlwerke-bochum.com\\\/es\\\/desechos-reciclables\\\/#breadcrumb\",\"itemListElement\":[{\"@type\":\"ListItem\",\"position\":1,\"name\":\"Startseite\",\"item\":\"https:\\\/\\\/stahlwerke-bochum.com\\\/es\\\/\"},{\"@type\":\"ListItem\",\"position\":2,\"name\":\"Desechos reciclables\"}]},{\"@type\":\"WebSite\",\"@id\":\"https:\\\/\\\/stahlwerke-bochum.com\\\/#website\",\"url\":\"https:\\\/\\\/stahlwerke-bochum.com\\\/\",\"name\":\"Stahlwerke Bochum\",\"description\":\"Entwicklung und Herstellung von Verschleisswerkzeugen f\u00fcr die Aufbereitungstechnik, Zerkleinerungstechnik und Recyclingtechnik.\",\"publisher\":{\"@id\":\"https:\\\/\\\/stahlwerke-bochum.com\\\/#organization\"},\"potentialAction\":[{\"@type\":\"SearchAction\",\"target\":{\"@type\":\"EntryPoint\",\"urlTemplate\":\"https:\\\/\\\/stahlwerke-bochum.com\\\/?s={search_term_string}\"},\"query-input\":{\"@type\":\"PropertyValueSpecification\",\"valueRequired\":true,\"valueName\":\"search_term_string\"}}],\"inLanguage\":\"es\"},{\"@type\":\"Organization\",\"@id\":\"https:\\\/\\\/stahlwerke-bochum.com\\\/#organization\",\"name\":\"Stahlwerke Bochum\",\"url\":\"https:\\\/\\\/stahlwerke-bochum.com\\\/\",\"logo\":{\"@type\":\"ImageObject\",\"inLanguage\":\"es\",\"@id\":\"https:\\\/\\\/stahlwerke-bochum.com\\\/#\\\/schema\\\/logo\\\/image\\\/\",\"url\":\"https:\\\/\\\/stahlwerke-bochum.com\\\/wp-content\\\/uploads\\\/2018\\\/06\\\/swb-logo2.jpg\",\"contentUrl\":\"https:\\\/\\\/stahlwerke-bochum.com\\\/wp-content\\\/uploads\\\/2018\\\/06\\\/swb-logo2.jpg\",\"width\":500,\"height\":82,\"caption\":\"Stahlwerke Bochum\"},\"image\":{\"@id\":\"https:\\\/\\\/stahlwerke-bochum.com\\\/#\\\/schema\\\/logo\\\/image\\\/\"}}]}<\/script>\n<!-- \/ Yoast SEO Premium plugin. -->","yoast_head_json":{"title":"Desechos reciclables - Stahlwerke Bochum","robots":{"index":"index","follow":"follow","max-snippet":"max-snippet:-1","max-image-preview":"max-image-preview:large","max-video-preview":"max-video-preview:-1"},"canonical":"https:\/\/stahlwerke-bochum.com\/es\/desechos-reciclables\/","og_locale":"es_ES","og_type":"article","og_title":"Desechos reciclables","og_description":"[vc_row type=\u00bbfull_width_section\u00bb][vc_column width=\u00bb1\/1&#8243;][rev_slider_vc alias=\u00bbwertstoffe\u00bb][\/vc_column][\/vc_row][vc_row bg_color=\u00bb#00508a\u00bb bottom_padding=\u00bb50&#8243; full_height=\u00bbtrue\u00bb content_placement=\u00bbtop\u00bb][vc_column animation=\u00bbfade-in-from-left\u00bb bg_color=\u00bb#00508a\u00bb column_padding=\u00bbpadding-2&#8243; width=\u00bb1\/2&#8243; delay=\u00bb500&#8243;][\/vc_column][vc_column animation=\u00bbfade-in-from-right\u00bb bg_color=\u00bb#00508a\u00bb column_padding=\u00bbpadding-2&#8243; text_color=\u00bbcustom\u00bb custom_text_color=\u00bb#ffffff\u00bb width=\u00bb1\/2&#8243; delay=\u00bb500&#8243;][vc_column_text] As\u00ed se requiere para la obtenci\u00f3n de acero de chatarra de acero menos de la mitad de energ\u00eda que para la producci\u00f3n de acero de mineral. Debido a esta alta rentabilidad el volumen total mundial de los desechos de m\u00e1s de 100 millones de toneladas anuales se suministra al reciclaje. Para el \u00e1rea del reciclaje de chatarra SWB produce: Martillos Caperuzas de protecci\u00f3n Yunques Parrillas Segmentos y todos los dem\u00e1s componentes expuestos al desgaste permanente en trituradoras como \u00e1ngulos, revestimientos laterales, chapas de desgaste, ejes de martillos y elementos de fijaci\u00f3n. [\/vc_column_text][\/vc_column][\/vc_row]","og_url":"https:\/\/stahlwerke-bochum.com\/es\/desechos-reciclables\/","og_site_name":"Stahlwerke Bochum","article_modified_time":"2022-01-12T13:37:53+00:00","twitter_card":"summary_large_image","twitter_misc":{"Tiempo de lectura":"1 minuto"},"schema":{"@context":"https:\/\/schema.org","@graph":[{"@type":"WebPage","@id":"https:\/\/stahlwerke-bochum.com\/es\/desechos-reciclables\/","url":"https:\/\/stahlwerke-bochum.com\/es\/desechos-reciclables\/","name":"Desechos reciclables - Stahlwerke Bochum","isPartOf":{"@id":"https:\/\/stahlwerke-bochum.com\/#website"},"datePublished":"2018-06-20T10:39:41+00:00","dateModified":"2022-01-12T13:37:53+00:00","breadcrumb":{"@id":"https:\/\/stahlwerke-bochum.com\/es\/desechos-reciclables\/#breadcrumb"},"inLanguage":"es","potentialAction":[{"@type":"ReadAction","target":["https:\/\/stahlwerke-bochum.com\/es\/desechos-reciclables\/"]}]},{"@type":"BreadcrumbList","@id":"https:\/\/stahlwerke-bochum.com\/es\/desechos-reciclables\/#breadcrumb","itemListElement":[{"@type":"ListItem","position":1,"name":"Startseite","item":"https:\/\/stahlwerke-bochum.com\/es\/"},{"@type":"ListItem","position":2,"name":"Desechos reciclables"}]},{"@type":"WebSite","@id":"https:\/\/stahlwerke-bochum.com\/#website","url":"https:\/\/stahlwerke-bochum.com\/","name":"Stahlwerke Bochum","description":"Entwicklung und Herstellung von Verschleisswerkzeugen f\u00fcr die Aufbereitungstechnik, Zerkleinerungstechnik und Recyclingtechnik.","publisher":{"@id":"https:\/\/stahlwerke-bochum.com\/#organization"},"potentialAction":[{"@type":"SearchAction","target":{"@type":"EntryPoint","urlTemplate":"https:\/\/stahlwerke-bochum.com\/?s={search_term_string}"},"query-input":{"@type":"PropertyValueSpecification","valueRequired":true,"valueName":"search_term_string"}}],"inLanguage":"es"},{"@type":"Organization","@id":"https:\/\/stahlwerke-bochum.com\/#organization","name":"Stahlwerke Bochum","url":"https:\/\/stahlwerke-bochum.com\/","logo":{"@type":"ImageObject","inLanguage":"es","@id":"https:\/\/stahlwerke-bochum.com\/#\/schema\/logo\/image\/","url":"https:\/\/stahlwerke-bochum.com\/wp-content\/uploads\/2018\/06\/swb-logo2.jpg","contentUrl":"https:\/\/stahlwerke-bochum.com\/wp-content\/uploads\/2018\/06\/swb-logo2.jpg","width":500,"height":82,"caption":"Stahlwerke Bochum"},"image":{"@id":"https:\/\/stahlwerke-bochum.com\/#\/schema\/logo\/image\/"}}]}},"_links":{"self":[{"href":"https:\/\/stahlwerke-bochum.com\/es\/wp-json\/wp\/v2\/pages\/20679","targetHints":{"allow":["GET"]}}],"collection":[{"href":"https:\/\/stahlwerke-bochum.com\/es\/wp-json\/wp\/v2\/pages"}],"about":[{"href":"https:\/\/stahlwerke-bochum.com\/es\/wp-json\/wp\/v2\/types\/page"}],"author":[{"embeddable":true,"href":"https:\/\/stahlwerke-bochum.com\/es\/wp-json\/wp\/v2\/users\/4"}],"replies":[{"embeddable":true,"href":"https:\/\/stahlwerke-bochum.com\/es\/wp-json\/wp\/v2\/comments?post=20679"}],"version-history":[{"count":4,"href":"https:\/\/stahlwerke-bochum.com\/es\/wp-json\/wp\/v2\/pages\/20679\/revisions"}],"predecessor-version":[{"id":22750,"href":"https:\/\/stahlwerke-bochum.com\/es\/wp-json\/wp\/v2\/pages\/20679\/revisions\/22750"}],"wp:attachment":[{"href":"https:\/\/stahlwerke-bochum.com\/es\/wp-json\/wp\/v2\/media?parent=20679"}],"curies":[{"name":"wp","href":"https:\/\/api.w.org\/{rel}","templated":true}]}}