{"id":20647,"date":"2018-06-19T14:16:59","date_gmt":"2018-06-19T12:16:59","guid":{"rendered":"http:\/\/192.168.6.130\/zusammenarbeit\/"},"modified":"2018-07-10T11:39:56","modified_gmt":"2018-07-10T09:39:56","slug":"colaboracion","status":"publish","type":"page","link":"https:\/\/stahlwerke-bochum.com\/es\/colaboracion\/","title":{"rendered":"Colaboraci\u00f3n"},"content":{"rendered":"<p>[vc_row type=\u00bbfull_width_section\u00bb bottom_padding=\u00bb50&#8243;][vc_column width=\u00bb1\/1&#8243;][rev_slider_vc alias=\u00bbschulterschluss\u00bb][\/vc_column][\/vc_row][vc_row top_padding=\u00bb50&#8243; bottom_padding=\u00bb50&#8243;][vc_column width=\u00bb1\/1&#8243;][vc_column_text]<\/p>\n<h1 style=\"text-align: center;\">COLABORACI\u00d3N<\/h1>\n<p>[\/vc_column_text][vc_column_text]<\/p>\n<p style=\"text-align: center;\"><strong>En colaboraci\u00f3n con nuestros clientes un di\u00e1logo abierto entre<br \/>\nlos socios lleva a una \u201csituaci\u00f3n de ganar y ganar\u201d.<\/strong><\/p>\n<p>[\/vc_column_text][vc_separator color=\u00bbcustom\u00bb el_width=\u00bb50&#8243; accent_color=\u00bb#757575&#8243;][\/vc_column][\/vc_row][vc_row top_padding=\u00bb50&#8243; bottom_padding=\u00bb50&#8243;][vc_column width=\u00bb1\/1&#8243;][vc_row_inner][vc_column_inner width=\u00bb1\/3&#8243;][vc_column_text]Nos entendemos como fabricante, proveedor y asesor de nuestros clientes. Porque su \u00e9xito est\u00e1 estrechamente unido al \u00e9xito de SWB. Esta estrategia est\u00e1 dirigida a una cooperaci\u00f3n a largo plazo y no a un beneficio a corto plazo. Asesoramos a nuestros clientes en la selecci\u00f3n de las piezas de desgaste para sus instalaciones. Las informaciones necesarias sobre la instalaci\u00f3n y el tipo de material a procesar las suministra el cliente.[\/vc_column_text][\/vc_column_inner][vc_column_inner width=\u00bb1\/3&#8243;][vc_column_text]Nuestros expertos elaboran de ello una recomendaci\u00f3n clara. No ser\u00edamos SWB, si nuestra autocomprensi\u00f3n fuese adaptar soluciones y simplemente ir a las v\u00edas conocidas. M\u00e1s bien queremos abrir nuevos caminos con una investigaci\u00f3n independiente y un desarrollo continuo de nuestros productos.\u00a0As\u00ed hoy en d\u00eda no solamente suministramos piezas de fundici\u00f3n altamente resistentes al desgaste, sino todos los componentes necesarios para el funcionamiento rentable de una instalaci\u00f3n.[\/vc_column_text][\/vc_column_inner][vc_column_inner width=\u00bb1\/3&#8243;][vc_column_text]En muchas \u00e1reas se realiza una estrecha colaboraci\u00f3n entre nuestros clientes y nosotros. Los clientes de SWB son recicladores. A diferencia de la producci\u00f3n de acero bruto con altos hornos en SWB las materias primas secundarias se funden en hornos inductivos. Eso trae un considerable ahorro de CO2. Aqu\u00ed tambi\u00e9n realizamos una contribuci\u00f3n importante a la protecci\u00f3n del medio ambiente.[\/vc_column_text][\/vc_column_inner][\/vc_row_inner][\/vc_column][\/vc_row][vc_row top_padding=\u00bb50&#8243; bottom_padding=\u00bb50&#8243;][vc_column animation=\u00bbfade-in-from-bottom\u00bb width=\u00bb1\/1&#8243; delay=\u00bb500&#8243;]<div class=\"box clearfix style-2 wpb_content_element align-left \" style=\"padding: 40px 40px 40px 40px; \">\n<h4 style=\"text-align: left;\">Bueno saberlo:<\/h4>\n<p style=\"text-align: left;\">En el \u00e1rea de las trituradoras, SWB es l\u00edder mundial en\u00a0<strong>martillos de dureza diferenciada<\/strong>.<\/p>\n<\/div>[\/vc_column][\/vc_row]<\/p>\n","protected":false},"excerpt":{"rendered":"<p>[vc_row type=\u00bbfull_width_section\u00bb bottom_padding=\u00bb50&#8243;][vc_column width=\u00bb1\/1&#8243;][rev_slider_vc alias=\u00bbschulterschluss\u00bb][\/vc_column][\/vc_row][vc_row top_padding=\u00bb50&#8243; bottom_padding=\u00bb50&#8243;][vc_column width=\u00bb1\/1&#8243;][vc_column_text] COLABORACI\u00d3N [\/vc_column_text][vc_column_text] En colaboraci\u00f3n con nuestros clientes un di\u00e1logo abierto entre los socios lleva a una \u201csituaci\u00f3n de ganar y ganar\u201d. [\/vc_column_text][vc_separator color=\u00bbcustom\u00bb el_width=\u00bb50&#8243; accent_color=\u00bb#757575&#8243;][\/vc_column][\/vc_row][vc_row top_padding=\u00bb50&#8243; bottom_padding=\u00bb50&#8243;][vc_column width=\u00bb1\/1&#8243;][vc_row_inner][vc_column_inner width=\u00bb1\/3&#8243;][vc_column_text]Nos entendemos como fabricante, proveedor y asesor de nuestros clientes. Porque su \u00e9xito est\u00e1 estrechamente unido al \u00e9xito de SWB. Esta estrategia est\u00e1 dirigida a una cooperaci\u00f3n a largo plazo y no a un beneficio a corto plazo. Asesoramos a nuestros clientes en la selecci\u00f3n de las piezas de desgaste para sus instalaciones. Las informaciones necesarias sobre la instalaci\u00f3n y el tipo de material a procesar las suministra el cliente.[\/vc_column_text][\/vc_column_inner][vc_column_inner width=\u00bb1\/3&#8243;][vc_column_text]Nuestros expertos elaboran de ello una recomendaci\u00f3n clara. No ser\u00edamos SWB, si nuestra autocomprensi\u00f3n fuese adaptar soluciones y simplemente ir a las v\u00edas conocidas. M\u00e1s bien queremos abrir nuevos caminos con una investigaci\u00f3n independiente y un desarrollo continuo de nuestros productos.\u00a0As\u00ed hoy en d\u00eda no solamente suministramos piezas de fundici\u00f3n altamente resistentes al desgaste, sino todos los componentes necesarios para el funcionamiento rentable de una instalaci\u00f3n.[\/vc_column_text][\/vc_column_inner][vc_column_inner width=\u00bb1\/3&#8243;][vc_column_text]En muchas \u00e1reas se realiza una estrecha colaboraci\u00f3n entre nuestros clientes y nosotros. Los clientes de SWB son recicladores. A diferencia de la producci\u00f3n de acero bruto con [&hellip;]<\/p>\n","protected":false},"author":4,"featured_media":0,"parent":0,"menu_order":0,"comment_status":"closed","ping_status":"closed","template":"","meta":{"footnotes":""},"class_list":["post-20647","page","type-page","status-publish","hentry"],"yoast_head":"<!-- This site is optimized with the Yoast SEO Premium plugin v26.9 (Yoast SEO v27.4) - https:\/\/yoast.com\/product\/yoast-seo-premium-wordpress\/ -->\n<title>Colaboraci\u00f3n - Stahlwerke Bochum<\/title>\n<meta name=\"robots\" content=\"index, follow, max-snippet:-1, max-image-preview:large, max-video-preview:-1\" \/>\n<link rel=\"canonical\" href=\"https:\/\/stahlwerke-bochum.com\/es\/colaboracion\/\" \/>\n<meta property=\"og:locale\" content=\"es_ES\" \/>\n<meta property=\"og:type\" content=\"article\" \/>\n<meta property=\"og:title\" content=\"Colaboraci\u00f3n\" \/>\n<meta property=\"og:description\" content=\"[vc_row type=\u00bbfull_width_section\u00bb bottom_padding=\u00bb50&#8243;][vc_column width=\u00bb1\/1&#8243;][rev_slider_vc alias=\u00bbschulterschluss\u00bb][\/vc_column][\/vc_row][vc_row top_padding=\u00bb50&#8243; bottom_padding=\u00bb50&#8243;][vc_column width=\u00bb1\/1&#8243;][vc_column_text] COLABORACI\u00d3N [\/vc_column_text][vc_column_text] En colaboraci\u00f3n con nuestros clientes un di\u00e1logo abierto entre los socios lleva a una \u201csituaci\u00f3n de ganar y ganar\u201d. [\/vc_column_text][vc_separator color=\u00bbcustom\u00bb el_width=\u00bb50&#8243; accent_color=\u00bb#757575&#8243;][\/vc_column][\/vc_row][vc_row top_padding=\u00bb50&#8243; bottom_padding=\u00bb50&#8243;][vc_column width=\u00bb1\/1&#8243;][vc_row_inner][vc_column_inner width=\u00bb1\/3&#8243;][vc_column_text]Nos entendemos como fabricante, proveedor y asesor de nuestros clientes. Porque su \u00e9xito est\u00e1 estrechamente unido al \u00e9xito de SWB. Esta estrategia est\u00e1 dirigida a una cooperaci\u00f3n a largo plazo y no a un beneficio a corto plazo. Asesoramos a nuestros clientes en la selecci\u00f3n de las piezas de desgaste para sus instalaciones. Las informaciones necesarias sobre la instalaci\u00f3n y el tipo de material a procesar las suministra el cliente.[\/vc_column_text][\/vc_column_inner][vc_column_inner width=\u00bb1\/3&#8243;][vc_column_text]Nuestros expertos elaboran de ello una recomendaci\u00f3n clara. No ser\u00edamos SWB, si nuestra autocomprensi\u00f3n fuese adaptar soluciones y simplemente ir a las v\u00edas conocidas. M\u00e1s bien queremos abrir nuevos caminos con una investigaci\u00f3n independiente y un desarrollo continuo de nuestros productos.\u00a0As\u00ed hoy en d\u00eda no solamente suministramos piezas de fundici\u00f3n altamente resistentes al desgaste, sino todos los componentes necesarios para el funcionamiento rentable de una instalaci\u00f3n.[\/vc_column_text][\/vc_column_inner][vc_column_inner width=\u00bb1\/3&#8243;][vc_column_text]En muchas \u00e1reas se realiza una estrecha colaboraci\u00f3n entre nuestros clientes y nosotros. Los clientes de SWB son recicladores. A diferencia de la producci\u00f3n de acero bruto con [&hellip;]\" \/>\n<meta property=\"og:url\" content=\"https:\/\/stahlwerke-bochum.com\/es\/colaboracion\/\" \/>\n<meta property=\"og:site_name\" content=\"Stahlwerke Bochum\" \/>\n<meta property=\"article:modified_time\" content=\"2018-07-10T09:39:56+00:00\" \/>\n<meta name=\"twitter:card\" content=\"summary_large_image\" \/>\n<meta name=\"twitter:label1\" content=\"Tiempo de lectura\" \/>\n\t<meta name=\"twitter:data1\" content=\"2 minutos\" \/>\n<script type=\"application\/ld+json\" class=\"yoast-schema-graph\">{\"@context\":\"https:\\\/\\\/schema.org\",\"@graph\":[{\"@type\":\"WebPage\",\"@id\":\"https:\\\/\\\/stahlwerke-bochum.com\\\/es\\\/colaboracion\\\/\",\"url\":\"https:\\\/\\\/stahlwerke-bochum.com\\\/es\\\/colaboracion\\\/\",\"name\":\"Colaboraci\u00f3n - Stahlwerke Bochum\",\"isPartOf\":{\"@id\":\"https:\\\/\\\/stahlwerke-bochum.com\\\/#website\"},\"datePublished\":\"2018-06-19T12:16:59+00:00\",\"dateModified\":\"2018-07-10T09:39:56+00:00\",\"breadcrumb\":{\"@id\":\"https:\\\/\\\/stahlwerke-bochum.com\\\/es\\\/colaboracion\\\/#breadcrumb\"},\"inLanguage\":\"es\",\"potentialAction\":[{\"@type\":\"ReadAction\",\"target\":[\"https:\\\/\\\/stahlwerke-bochum.com\\\/es\\\/colaboracion\\\/\"]}]},{\"@type\":\"BreadcrumbList\",\"@id\":\"https:\\\/\\\/stahlwerke-bochum.com\\\/es\\\/colaboracion\\\/#breadcrumb\",\"itemListElement\":[{\"@type\":\"ListItem\",\"position\":1,\"name\":\"Startseite\",\"item\":\"https:\\\/\\\/stahlwerke-bochum.com\\\/es\\\/\"},{\"@type\":\"ListItem\",\"position\":2,\"name\":\"Colaboraci\u00f3n\"}]},{\"@type\":\"WebSite\",\"@id\":\"https:\\\/\\\/stahlwerke-bochum.com\\\/#website\",\"url\":\"https:\\\/\\\/stahlwerke-bochum.com\\\/\",\"name\":\"Stahlwerke Bochum\",\"description\":\"Entwicklung und Herstellung von Verschleisswerkzeugen f\u00fcr die Aufbereitungstechnik, Zerkleinerungstechnik und Recyclingtechnik.\",\"publisher\":{\"@id\":\"https:\\\/\\\/stahlwerke-bochum.com\\\/#organization\"},\"potentialAction\":[{\"@type\":\"SearchAction\",\"target\":{\"@type\":\"EntryPoint\",\"urlTemplate\":\"https:\\\/\\\/stahlwerke-bochum.com\\\/?s={search_term_string}\"},\"query-input\":{\"@type\":\"PropertyValueSpecification\",\"valueRequired\":true,\"valueName\":\"search_term_string\"}}],\"inLanguage\":\"es\"},{\"@type\":\"Organization\",\"@id\":\"https:\\\/\\\/stahlwerke-bochum.com\\\/#organization\",\"name\":\"Stahlwerke Bochum\",\"url\":\"https:\\\/\\\/stahlwerke-bochum.com\\\/\",\"logo\":{\"@type\":\"ImageObject\",\"inLanguage\":\"es\",\"@id\":\"https:\\\/\\\/stahlwerke-bochum.com\\\/#\\\/schema\\\/logo\\\/image\\\/\",\"url\":\"https:\\\/\\\/stahlwerke-bochum.com\\\/wp-content\\\/uploads\\\/2018\\\/06\\\/swb-logo2.jpg\",\"contentUrl\":\"https:\\\/\\\/stahlwerke-bochum.com\\\/wp-content\\\/uploads\\\/2018\\\/06\\\/swb-logo2.jpg\",\"width\":500,\"height\":82,\"caption\":\"Stahlwerke Bochum\"},\"image\":{\"@id\":\"https:\\\/\\\/stahlwerke-bochum.com\\\/#\\\/schema\\\/logo\\\/image\\\/\"}}]}<\/script>\n<!-- \/ Yoast SEO Premium plugin. -->","yoast_head_json":{"title":"Colaboraci\u00f3n - Stahlwerke Bochum","robots":{"index":"index","follow":"follow","max-snippet":"max-snippet:-1","max-image-preview":"max-image-preview:large","max-video-preview":"max-video-preview:-1"},"canonical":"https:\/\/stahlwerke-bochum.com\/es\/colaboracion\/","og_locale":"es_ES","og_type":"article","og_title":"Colaboraci\u00f3n","og_description":"[vc_row type=\u00bbfull_width_section\u00bb bottom_padding=\u00bb50&#8243;][vc_column width=\u00bb1\/1&#8243;][rev_slider_vc alias=\u00bbschulterschluss\u00bb][\/vc_column][\/vc_row][vc_row top_padding=\u00bb50&#8243; bottom_padding=\u00bb50&#8243;][vc_column width=\u00bb1\/1&#8243;][vc_column_text] COLABORACI\u00d3N [\/vc_column_text][vc_column_text] En colaboraci\u00f3n con nuestros clientes un di\u00e1logo abierto entre los socios lleva a una \u201csituaci\u00f3n de ganar y ganar\u201d. [\/vc_column_text][vc_separator color=\u00bbcustom\u00bb el_width=\u00bb50&#8243; accent_color=\u00bb#757575&#8243;][\/vc_column][\/vc_row][vc_row top_padding=\u00bb50&#8243; bottom_padding=\u00bb50&#8243;][vc_column width=\u00bb1\/1&#8243;][vc_row_inner][vc_column_inner width=\u00bb1\/3&#8243;][vc_column_text]Nos entendemos como fabricante, proveedor y asesor de nuestros clientes. Porque su \u00e9xito est\u00e1 estrechamente unido al \u00e9xito de SWB. Esta estrategia est\u00e1 dirigida a una cooperaci\u00f3n a largo plazo y no a un beneficio a corto plazo. Asesoramos a nuestros clientes en la selecci\u00f3n de las piezas de desgaste para sus instalaciones. Las informaciones necesarias sobre la instalaci\u00f3n y el tipo de material a procesar las suministra el cliente.[\/vc_column_text][\/vc_column_inner][vc_column_inner width=\u00bb1\/3&#8243;][vc_column_text]Nuestros expertos elaboran de ello una recomendaci\u00f3n clara. No ser\u00edamos SWB, si nuestra autocomprensi\u00f3n fuese adaptar soluciones y simplemente ir a las v\u00edas conocidas. M\u00e1s bien queremos abrir nuevos caminos con una investigaci\u00f3n independiente y un desarrollo continuo de nuestros productos.\u00a0As\u00ed hoy en d\u00eda no solamente suministramos piezas de fundici\u00f3n altamente resistentes al desgaste, sino todos los componentes necesarios para el funcionamiento rentable de una instalaci\u00f3n.[\/vc_column_text][\/vc_column_inner][vc_column_inner width=\u00bb1\/3&#8243;][vc_column_text]En muchas \u00e1reas se realiza una estrecha colaboraci\u00f3n entre nuestros clientes y nosotros. Los clientes de SWB son recicladores. A diferencia de la producci\u00f3n de acero bruto con [&hellip;]","og_url":"https:\/\/stahlwerke-bochum.com\/es\/colaboracion\/","og_site_name":"Stahlwerke Bochum","article_modified_time":"2018-07-10T09:39:56+00:00","twitter_card":"summary_large_image","twitter_misc":{"Tiempo de lectura":"2 minutos"},"schema":{"@context":"https:\/\/schema.org","@graph":[{"@type":"WebPage","@id":"https:\/\/stahlwerke-bochum.com\/es\/colaboracion\/","url":"https:\/\/stahlwerke-bochum.com\/es\/colaboracion\/","name":"Colaboraci\u00f3n - Stahlwerke Bochum","isPartOf":{"@id":"https:\/\/stahlwerke-bochum.com\/#website"},"datePublished":"2018-06-19T12:16:59+00:00","dateModified":"2018-07-10T09:39:56+00:00","breadcrumb":{"@id":"https:\/\/stahlwerke-bochum.com\/es\/colaboracion\/#breadcrumb"},"inLanguage":"es","potentialAction":[{"@type":"ReadAction","target":["https:\/\/stahlwerke-bochum.com\/es\/colaboracion\/"]}]},{"@type":"BreadcrumbList","@id":"https:\/\/stahlwerke-bochum.com\/es\/colaboracion\/#breadcrumb","itemListElement":[{"@type":"ListItem","position":1,"name":"Startseite","item":"https:\/\/stahlwerke-bochum.com\/es\/"},{"@type":"ListItem","position":2,"name":"Colaboraci\u00f3n"}]},{"@type":"WebSite","@id":"https:\/\/stahlwerke-bochum.com\/#website","url":"https:\/\/stahlwerke-bochum.com\/","name":"Stahlwerke Bochum","description":"Entwicklung und Herstellung von Verschleisswerkzeugen f\u00fcr die Aufbereitungstechnik, Zerkleinerungstechnik und Recyclingtechnik.","publisher":{"@id":"https:\/\/stahlwerke-bochum.com\/#organization"},"potentialAction":[{"@type":"SearchAction","target":{"@type":"EntryPoint","urlTemplate":"https:\/\/stahlwerke-bochum.com\/?s={search_term_string}"},"query-input":{"@type":"PropertyValueSpecification","valueRequired":true,"valueName":"search_term_string"}}],"inLanguage":"es"},{"@type":"Organization","@id":"https:\/\/stahlwerke-bochum.com\/#organization","name":"Stahlwerke Bochum","url":"https:\/\/stahlwerke-bochum.com\/","logo":{"@type":"ImageObject","inLanguage":"es","@id":"https:\/\/stahlwerke-bochum.com\/#\/schema\/logo\/image\/","url":"https:\/\/stahlwerke-bochum.com\/wp-content\/uploads\/2018\/06\/swb-logo2.jpg","contentUrl":"https:\/\/stahlwerke-bochum.com\/wp-content\/uploads\/2018\/06\/swb-logo2.jpg","width":500,"height":82,"caption":"Stahlwerke Bochum"},"image":{"@id":"https:\/\/stahlwerke-bochum.com\/#\/schema\/logo\/image\/"}}]}},"_links":{"self":[{"href":"https:\/\/stahlwerke-bochum.com\/es\/wp-json\/wp\/v2\/pages\/20647","targetHints":{"allow":["GET"]}}],"collection":[{"href":"https:\/\/stahlwerke-bochum.com\/es\/wp-json\/wp\/v2\/pages"}],"about":[{"href":"https:\/\/stahlwerke-bochum.com\/es\/wp-json\/wp\/v2\/types\/page"}],"author":[{"embeddable":true,"href":"https:\/\/stahlwerke-bochum.com\/es\/wp-json\/wp\/v2\/users\/4"}],"replies":[{"embeddable":true,"href":"https:\/\/stahlwerke-bochum.com\/es\/wp-json\/wp\/v2\/comments?post=20647"}],"version-history":[{"count":2,"href":"https:\/\/stahlwerke-bochum.com\/es\/wp-json\/wp\/v2\/pages\/20647\/revisions"}],"predecessor-version":[{"id":20649,"href":"https:\/\/stahlwerke-bochum.com\/es\/wp-json\/wp\/v2\/pages\/20647\/revisions\/20649"}],"wp:attachment":[{"href":"https:\/\/stahlwerke-bochum.com\/es\/wp-json\/wp\/v2\/media?parent=20647"}],"curies":[{"name":"wp","href":"https:\/\/api.w.org\/{rel}","templated":true}]}}