{"id":20601,"date":"2018-06-20T14:30:37","date_gmt":"2018-06-20T12:30:37","guid":{"rendered":"http:\/\/192.168.6.130\/schlagkraft\/"},"modified":"2018-07-10T10:59:21","modified_gmt":"2018-07-10T08:59:21","slug":"fuerza-de-percusion","status":"publish","type":"page","link":"https:\/\/stahlwerke-bochum.com\/es\/fuerza-de-percusion\/","title":{"rendered":"Fuerza de percusi\u00f3n"},"content":{"rendered":"<p>[vc_row type=\u00bbfull_width_section\u00bb bottom_padding=\u00bb50&#8243;][vc_column width=\u00bb1\/1&#8243;][rev_slider_vc alias=\u00bbschlagkraft\u00bb][\/vc_column][\/vc_row][vc_row top_padding=\u00bb50&#8243; bottom_padding=\u00bb50&#8243;][vc_column width=\u00bb1\/1&#8243;][vc_column_text]<\/p>\n<h1 style=\"text-align: center;\"><span style=\"color: #00518b;\">FUERZA DE PERCUSI\u00d3N<\/span><\/h1>\n<p>[\/vc_column_text][vc_column_text]<\/p>\n<p style=\"text-align: center;\"><strong><span style=\"color: #444444;\">Los productos de SWB se utilizan all\u00ed,<br \/>\ndonde se trata de trituraci\u00f3n<\/span><\/strong><\/p>\n<p>[\/vc_column_text][vc_separator color=\u00bbcustom\u00bb el_width=\u00bb50&#8243; accent_color=\u00bb#757575&#8243;][\/vc_column][\/vc_row][vc_row top_padding=\u00bb50&#8243; bottom_padding=\u00bb50&#8243;][vc_column width=\u00bb1\/3&#8243;][vc_column_text]La trituraci\u00f3n de materias primas minerales como piedra natural, mineral y carb\u00f3n, as\u00ed como la trituraci\u00f3n de materias primas secundarias como clinker y residuos de la construcci\u00f3n.<\/p>\n<p>Desarrollamos, fabricamos y suministramos para <strong>la trituraci\u00f3n de impacto vertical y horizontal<\/strong>.<\/p>\n<ul class=\"styled-list fa-ul\"><li><i class=\"fa fa-caret-right\"><\/i>Barras batidoras<\/li> <\/ul><ul class=\"styled-list fa-ul\"><li><i class=\"fa fa-caret-right\"><\/i>Elementos de impacto<\/li> <\/ul><ul class=\"styled-list fa-ul\"><li><i class=\"fa fa-caret-right\"><\/i>Vigas de trituraci\u00f3n y vigas regulables<\/li> <\/ul><ul class=\"styled-list fa-ul\"><li><i class=\"fa fa-caret-right\"><\/i>Placas de protecci\u00f3n de rotor<\/li> <\/ul>\n<p>y el completo revestimiento interno resistente al desgaste de las trituradoras por impacto.[\/vc_column_text][\/vc_column][vc_column width=\u00bb1\/3&#8243;][vc_column_text]Para la <strong>preparaci\u00f3n de mineral<\/strong> en general fabricamos y suministramos:<\/p>\n<ul class=\"styled-list fa-ul\"><li><i class=\"fa fa-caret-right\"><\/i>Bolas de molienda<\/li> <\/ul><ul class=\"styled-list fa-ul\"><li><i class=\"fa fa-caret-right\"><\/i>Anillos y recipientes de molienda<\/li> <\/ul><ul class=\"styled-list fa-ul\"><li><i class=\"fa fa-caret-right\"><\/i>Martillos para molinos de martillos<\/li> <\/ul><ul class=\"styled-list fa-ul\"><li><i class=\"fa fa-caret-right\"><\/i>Segmentos para prensas de briquetas<\/li> <\/ul>[\/vc_column_text][\/vc_column][vc_column width=\u00bb1\/3&#8243;][vc_column_text]Mucha fuerza de percusi\u00f3n tienen los martillos y las barras batidoras de SWB. Ellos quiebran la resistencia de los materiales m\u00e1s duros: cuarzo, granito, basalto, p\u00f3rfido \u2013 igualmente clinker duro y hormig\u00f3n con hierro en residuos de construcci\u00f3n. La fuerza de percusi\u00f3n requiere dureza y tenacidad. Las piezas de desgaste de SWB disponen de ambas caracter\u00edsticas. Son duras al impacto y tenaces contra rotura.[\/vc_column_text][\/vc_column][\/vc_row][vc_row top_padding=\u00bb50&#8243; bottom_padding=\u00bb50&#8243;][vc_column animation=\u00bbfade-in-from-bottom\u00bb width=\u00bb1\/1&#8243; delay=\u00bb500&#8243;]<div class=\"box clearfix style-2 wpb_content_element align-left \" style=\"padding: 40px 40px 40px 40px; \">\n<h4 style=\"text-align: left;\">Bueno saberlo:<\/h4>\n<p style=\"text-align: left;\"><strong>Barras batidoras, chapas de impacto, revestimientos laterales, mand\u00edbulas trituradoras<\/strong>\u00a0y otros productos de fundici\u00f3n de alta resistencia al desgaste para la\u00a0<strong>trituraci\u00f3n de impacto vertical y horizontal\u00a0<\/strong>de\u00a0<strong>rocas<\/strong>\u00a0y\u00a0<strong>restos de materiales de construcci\u00f3n<\/strong>\u00a0destinados al uso en trituradoras por impacto, molinos de impacto, etc.<\/p>\n<p style=\"text-align: left;\"><strong>Bolas, anillos\u00a0<\/strong>y\u00a0<strong>recipientes de molienda\u00a0<\/strong>para\u00a0<strong>la molienda de carb\u00f3n\u00a0<\/strong>as\u00ed como martillos para molinos de martillos y segmentos para prensas de briquetas para el\u00a0<strong>procesamiento de minerales<\/strong>\u00a0y la\u00a0<strong>fabricaci\u00f3n de cemento<\/strong>.<\/p>\n<\/div>[\/vc_column][\/vc_row][vc_row bottom_padding=\u00bb50&#8243;][vc_column animation=\u00bbfade-in\u00bb width=\u00bb1\/1&#8243; delay=\u00bb500&#8243;]<div class=\"single_image wpb_content_element align-center    \" data-animation=\"none\" data-delay=\"0\"><img loading=\"lazy\" decoding=\"async\" width=\"1024\" height=\"632\" src=\"https:\/\/stahlwerke-bochum.com\/wp-content\/uploads\/2018\/06\/simulation_prallmuehle_2-1024x632.jpg\" class=\"attachment-large\" alt=\"\" srcset=\"https:\/\/stahlwerke-bochum.com\/wp-content\/uploads\/2018\/06\/simulation_prallmuehle_2-1024x632.jpg 1024w, https:\/\/stahlwerke-bochum.com\/wp-content\/uploads\/2018\/06\/simulation_prallmuehle_2-300x185.jpg 300w, https:\/\/stahlwerke-bochum.com\/wp-content\/uploads\/2018\/06\/simulation_prallmuehle_2-768x474.jpg 768w, https:\/\/stahlwerke-bochum.com\/wp-content\/uploads\/2018\/06\/simulation_prallmuehle_2.jpg 1160w\" sizes=\"auto, (max-width: 1024px) 100vw, 1024px\" \/><\/div>[\/vc_column][\/vc_row]<\/p>\n","protected":false},"excerpt":{"rendered":"<p>[vc_row type=\u00bbfull_width_section\u00bb bottom_padding=\u00bb50&#8243;][vc_column width=\u00bb1\/1&#8243;][rev_slider_vc alias=\u00bbschlagkraft\u00bb][\/vc_column][\/vc_row][vc_row top_padding=\u00bb50&#8243; bottom_padding=\u00bb50&#8243;][vc_column width=\u00bb1\/1&#8243;][vc_column_text] FUERZA DE PERCUSI\u00d3N [\/vc_column_text][vc_column_text] Los productos de SWB se utilizan all\u00ed, donde se trata de trituraci\u00f3n [\/vc_column_text][vc_separator color=\u00bbcustom\u00bb el_width=\u00bb50&#8243; accent_color=\u00bb#757575&#8243;][\/vc_column][\/vc_row][vc_row top_padding=\u00bb50&#8243; bottom_padding=\u00bb50&#8243;][vc_column width=\u00bb1\/3&#8243;][vc_column_text]La trituraci\u00f3n de materias primas minerales como piedra natural, mineral y carb\u00f3n, as\u00ed como la trituraci\u00f3n de materias primas secundarias como clinker y residuos de la construcci\u00f3n. Desarrollamos, fabricamos y suministramos para la trituraci\u00f3n de impacto vertical y horizontal. y el completo revestimiento interno resistente al desgaste de las trituradoras por impacto.[\/vc_column_text][\/vc_column][vc_column width=\u00bb1\/3&#8243;][vc_column_text]Para la preparaci\u00f3n de mineral en general fabricamos y suministramos: [\/vc_column_text][\/vc_column][vc_column width=\u00bb1\/3&#8243;][vc_column_text]Mucha fuerza de percusi\u00f3n tienen los martillos y las barras batidoras de SWB. Ellos quiebran la resistencia de los materiales m\u00e1s duros: cuarzo, granito, basalto, p\u00f3rfido \u2013 igualmente clinker duro y hormig\u00f3n con hierro en residuos de construcci\u00f3n. La fuerza de percusi\u00f3n requiere dureza y tenacidad. Las piezas de desgaste de SWB disponen de ambas caracter\u00edsticas. Son duras al impacto y tenaces contra rotura.[\/vc_column_text][\/vc_column][\/vc_row][vc_row top_padding=\u00bb50&#8243; bottom_padding=\u00bb50&#8243;][vc_column animation=\u00bbfade-in-from-bottom\u00bb width=\u00bb1\/1&#8243; delay=\u00bb500&#8243;][\/vc_column][\/vc_row][vc_row bottom_padding=\u00bb50&#8243;][vc_column animation=\u00bbfade-in\u00bb width=\u00bb1\/1&#8243; delay=\u00bb500&#8243;][\/vc_column][\/vc_row]<\/p>\n","protected":false},"author":4,"featured_media":0,"parent":0,"menu_order":0,"comment_status":"closed","ping_status":"closed","template":"","meta":{"footnotes":""},"class_list":["post-20601","page","type-page","status-publish","hentry"],"yoast_head":"<!-- This site is optimized with the Yoast SEO Premium plugin v26.9 (Yoast SEO v27.3) - https:\/\/yoast.com\/product\/yoast-seo-premium-wordpress\/ -->\n<title>Fuerza de percusi\u00f3n - Stahlwerke Bochum<\/title>\n<meta name=\"robots\" content=\"index, follow, max-snippet:-1, max-image-preview:large, max-video-preview:-1\" \/>\n<link rel=\"canonical\" href=\"https:\/\/stahlwerke-bochum.com\/es\/fuerza-de-percusion\/\" \/>\n<meta property=\"og:locale\" content=\"es_ES\" \/>\n<meta property=\"og:type\" content=\"article\" \/>\n<meta property=\"og:title\" content=\"Fuerza de percusi\u00f3n\" \/>\n<meta property=\"og:description\" content=\"[vc_row type=\u00bbfull_width_section\u00bb bottom_padding=\u00bb50&#8243;][vc_column width=\u00bb1\/1&#8243;][rev_slider_vc alias=\u00bbschlagkraft\u00bb][\/vc_column][\/vc_row][vc_row top_padding=\u00bb50&#8243; bottom_padding=\u00bb50&#8243;][vc_column width=\u00bb1\/1&#8243;][vc_column_text] FUERZA DE PERCUSI\u00d3N [\/vc_column_text][vc_column_text] Los productos de SWB se utilizan all\u00ed, donde se trata de trituraci\u00f3n [\/vc_column_text][vc_separator color=\u00bbcustom\u00bb el_width=\u00bb50&#8243; accent_color=\u00bb#757575&#8243;][\/vc_column][\/vc_row][vc_row top_padding=\u00bb50&#8243; bottom_padding=\u00bb50&#8243;][vc_column width=\u00bb1\/3&#8243;][vc_column_text]La trituraci\u00f3n de materias primas minerales como piedra natural, mineral y carb\u00f3n, as\u00ed como la trituraci\u00f3n de materias primas secundarias como clinker y residuos de la construcci\u00f3n. Desarrollamos, fabricamos y suministramos para la trituraci\u00f3n de impacto vertical y horizontal. y el completo revestimiento interno resistente al desgaste de las trituradoras por impacto.[\/vc_column_text][\/vc_column][vc_column width=\u00bb1\/3&#8243;][vc_column_text]Para la preparaci\u00f3n de mineral en general fabricamos y suministramos: [\/vc_column_text][\/vc_column][vc_column width=\u00bb1\/3&#8243;][vc_column_text]Mucha fuerza de percusi\u00f3n tienen los martillos y las barras batidoras de SWB. Ellos quiebran la resistencia de los materiales m\u00e1s duros: cuarzo, granito, basalto, p\u00f3rfido \u2013 igualmente clinker duro y hormig\u00f3n con hierro en residuos de construcci\u00f3n. La fuerza de percusi\u00f3n requiere dureza y tenacidad. Las piezas de desgaste de SWB disponen de ambas caracter\u00edsticas. Son duras al impacto y tenaces contra rotura.[\/vc_column_text][\/vc_column][\/vc_row][vc_row top_padding=\u00bb50&#8243; bottom_padding=\u00bb50&#8243;][vc_column animation=\u00bbfade-in-from-bottom\u00bb width=\u00bb1\/1&#8243; delay=\u00bb500&#8243;][\/vc_column][\/vc_row][vc_row bottom_padding=\u00bb50&#8243;][vc_column animation=\u00bbfade-in\u00bb width=\u00bb1\/1&#8243; delay=\u00bb500&#8243;][\/vc_column][\/vc_row]\" \/>\n<meta property=\"og:url\" content=\"https:\/\/stahlwerke-bochum.com\/es\/fuerza-de-percusion\/\" \/>\n<meta property=\"og:site_name\" content=\"Stahlwerke Bochum\" \/>\n<meta property=\"article:modified_time\" content=\"2018-07-10T08:59:21+00:00\" \/>\n<meta name=\"twitter:card\" content=\"summary_large_image\" \/>\n<meta name=\"twitter:label1\" content=\"Tiempo de lectura\" \/>\n\t<meta name=\"twitter:data1\" content=\"2 minutos\" \/>\n<script type=\"application\/ld+json\" class=\"yoast-schema-graph\">{\"@context\":\"https:\\\/\\\/schema.org\",\"@graph\":[{\"@type\":\"WebPage\",\"@id\":\"https:\\\/\\\/stahlwerke-bochum.com\\\/es\\\/fuerza-de-percusion\\\/\",\"url\":\"https:\\\/\\\/stahlwerke-bochum.com\\\/es\\\/fuerza-de-percusion\\\/\",\"name\":\"Fuerza de percusi\u00f3n - Stahlwerke Bochum\",\"isPartOf\":{\"@id\":\"https:\\\/\\\/stahlwerke-bochum.com\\\/#website\"},\"datePublished\":\"2018-06-20T12:30:37+00:00\",\"dateModified\":\"2018-07-10T08:59:21+00:00\",\"breadcrumb\":{\"@id\":\"https:\\\/\\\/stahlwerke-bochum.com\\\/es\\\/fuerza-de-percusion\\\/#breadcrumb\"},\"inLanguage\":\"es\",\"potentialAction\":[{\"@type\":\"ReadAction\",\"target\":[\"https:\\\/\\\/stahlwerke-bochum.com\\\/es\\\/fuerza-de-percusion\\\/\"]}]},{\"@type\":\"BreadcrumbList\",\"@id\":\"https:\\\/\\\/stahlwerke-bochum.com\\\/es\\\/fuerza-de-percusion\\\/#breadcrumb\",\"itemListElement\":[{\"@type\":\"ListItem\",\"position\":1,\"name\":\"Startseite\",\"item\":\"https:\\\/\\\/stahlwerke-bochum.com\\\/es\\\/\"},{\"@type\":\"ListItem\",\"position\":2,\"name\":\"Fuerza de percusi\u00f3n\"}]},{\"@type\":\"WebSite\",\"@id\":\"https:\\\/\\\/stahlwerke-bochum.com\\\/#website\",\"url\":\"https:\\\/\\\/stahlwerke-bochum.com\\\/\",\"name\":\"Stahlwerke Bochum\",\"description\":\"Entwicklung und Herstellung von Verschleisswerkzeugen f\u00fcr die Aufbereitungstechnik, Zerkleinerungstechnik und Recyclingtechnik.\",\"publisher\":{\"@id\":\"https:\\\/\\\/stahlwerke-bochum.com\\\/#organization\"},\"potentialAction\":[{\"@type\":\"SearchAction\",\"target\":{\"@type\":\"EntryPoint\",\"urlTemplate\":\"https:\\\/\\\/stahlwerke-bochum.com\\\/?s={search_term_string}\"},\"query-input\":{\"@type\":\"PropertyValueSpecification\",\"valueRequired\":true,\"valueName\":\"search_term_string\"}}],\"inLanguage\":\"es\"},{\"@type\":\"Organization\",\"@id\":\"https:\\\/\\\/stahlwerke-bochum.com\\\/#organization\",\"name\":\"Stahlwerke Bochum\",\"url\":\"https:\\\/\\\/stahlwerke-bochum.com\\\/\",\"logo\":{\"@type\":\"ImageObject\",\"inLanguage\":\"es\",\"@id\":\"https:\\\/\\\/stahlwerke-bochum.com\\\/#\\\/schema\\\/logo\\\/image\\\/\",\"url\":\"https:\\\/\\\/stahlwerke-bochum.com\\\/wp-content\\\/uploads\\\/2018\\\/06\\\/swb-logo2.jpg\",\"contentUrl\":\"https:\\\/\\\/stahlwerke-bochum.com\\\/wp-content\\\/uploads\\\/2018\\\/06\\\/swb-logo2.jpg\",\"width\":500,\"height\":82,\"caption\":\"Stahlwerke Bochum\"},\"image\":{\"@id\":\"https:\\\/\\\/stahlwerke-bochum.com\\\/#\\\/schema\\\/logo\\\/image\\\/\"}}]}<\/script>\n<!-- \/ Yoast SEO Premium plugin. -->","yoast_head_json":{"title":"Fuerza de percusi\u00f3n - Stahlwerke Bochum","robots":{"index":"index","follow":"follow","max-snippet":"max-snippet:-1","max-image-preview":"max-image-preview:large","max-video-preview":"max-video-preview:-1"},"canonical":"https:\/\/stahlwerke-bochum.com\/es\/fuerza-de-percusion\/","og_locale":"es_ES","og_type":"article","og_title":"Fuerza de percusi\u00f3n","og_description":"[vc_row type=\u00bbfull_width_section\u00bb bottom_padding=\u00bb50&#8243;][vc_column width=\u00bb1\/1&#8243;][rev_slider_vc alias=\u00bbschlagkraft\u00bb][\/vc_column][\/vc_row][vc_row top_padding=\u00bb50&#8243; bottom_padding=\u00bb50&#8243;][vc_column width=\u00bb1\/1&#8243;][vc_column_text] FUERZA DE PERCUSI\u00d3N [\/vc_column_text][vc_column_text] Los productos de SWB se utilizan all\u00ed, donde se trata de trituraci\u00f3n [\/vc_column_text][vc_separator color=\u00bbcustom\u00bb el_width=\u00bb50&#8243; accent_color=\u00bb#757575&#8243;][\/vc_column][\/vc_row][vc_row top_padding=\u00bb50&#8243; bottom_padding=\u00bb50&#8243;][vc_column width=\u00bb1\/3&#8243;][vc_column_text]La trituraci\u00f3n de materias primas minerales como piedra natural, mineral y carb\u00f3n, as\u00ed como la trituraci\u00f3n de materias primas secundarias como clinker y residuos de la construcci\u00f3n. Desarrollamos, fabricamos y suministramos para la trituraci\u00f3n de impacto vertical y horizontal. y el completo revestimiento interno resistente al desgaste de las trituradoras por impacto.[\/vc_column_text][\/vc_column][vc_column width=\u00bb1\/3&#8243;][vc_column_text]Para la preparaci\u00f3n de mineral en general fabricamos y suministramos: [\/vc_column_text][\/vc_column][vc_column width=\u00bb1\/3&#8243;][vc_column_text]Mucha fuerza de percusi\u00f3n tienen los martillos y las barras batidoras de SWB. Ellos quiebran la resistencia de los materiales m\u00e1s duros: cuarzo, granito, basalto, p\u00f3rfido \u2013 igualmente clinker duro y hormig\u00f3n con hierro en residuos de construcci\u00f3n. La fuerza de percusi\u00f3n requiere dureza y tenacidad. Las piezas de desgaste de SWB disponen de ambas caracter\u00edsticas. Son duras al impacto y tenaces contra rotura.[\/vc_column_text][\/vc_column][\/vc_row][vc_row top_padding=\u00bb50&#8243; bottom_padding=\u00bb50&#8243;][vc_column animation=\u00bbfade-in-from-bottom\u00bb width=\u00bb1\/1&#8243; delay=\u00bb500&#8243;][\/vc_column][\/vc_row][vc_row bottom_padding=\u00bb50&#8243;][vc_column animation=\u00bbfade-in\u00bb width=\u00bb1\/1&#8243; delay=\u00bb500&#8243;][\/vc_column][\/vc_row]","og_url":"https:\/\/stahlwerke-bochum.com\/es\/fuerza-de-percusion\/","og_site_name":"Stahlwerke Bochum","article_modified_time":"2018-07-10T08:59:21+00:00","twitter_card":"summary_large_image","twitter_misc":{"Tiempo de lectura":"2 minutos"},"schema":{"@context":"https:\/\/schema.org","@graph":[{"@type":"WebPage","@id":"https:\/\/stahlwerke-bochum.com\/es\/fuerza-de-percusion\/","url":"https:\/\/stahlwerke-bochum.com\/es\/fuerza-de-percusion\/","name":"Fuerza de percusi\u00f3n - Stahlwerke Bochum","isPartOf":{"@id":"https:\/\/stahlwerke-bochum.com\/#website"},"datePublished":"2018-06-20T12:30:37+00:00","dateModified":"2018-07-10T08:59:21+00:00","breadcrumb":{"@id":"https:\/\/stahlwerke-bochum.com\/es\/fuerza-de-percusion\/#breadcrumb"},"inLanguage":"es","potentialAction":[{"@type":"ReadAction","target":["https:\/\/stahlwerke-bochum.com\/es\/fuerza-de-percusion\/"]}]},{"@type":"BreadcrumbList","@id":"https:\/\/stahlwerke-bochum.com\/es\/fuerza-de-percusion\/#breadcrumb","itemListElement":[{"@type":"ListItem","position":1,"name":"Startseite","item":"https:\/\/stahlwerke-bochum.com\/es\/"},{"@type":"ListItem","position":2,"name":"Fuerza de percusi\u00f3n"}]},{"@type":"WebSite","@id":"https:\/\/stahlwerke-bochum.com\/#website","url":"https:\/\/stahlwerke-bochum.com\/","name":"Stahlwerke Bochum","description":"Entwicklung und Herstellung von Verschleisswerkzeugen f\u00fcr die Aufbereitungstechnik, Zerkleinerungstechnik und Recyclingtechnik.","publisher":{"@id":"https:\/\/stahlwerke-bochum.com\/#organization"},"potentialAction":[{"@type":"SearchAction","target":{"@type":"EntryPoint","urlTemplate":"https:\/\/stahlwerke-bochum.com\/?s={search_term_string}"},"query-input":{"@type":"PropertyValueSpecification","valueRequired":true,"valueName":"search_term_string"}}],"inLanguage":"es"},{"@type":"Organization","@id":"https:\/\/stahlwerke-bochum.com\/#organization","name":"Stahlwerke Bochum","url":"https:\/\/stahlwerke-bochum.com\/","logo":{"@type":"ImageObject","inLanguage":"es","@id":"https:\/\/stahlwerke-bochum.com\/#\/schema\/logo\/image\/","url":"https:\/\/stahlwerke-bochum.com\/wp-content\/uploads\/2018\/06\/swb-logo2.jpg","contentUrl":"https:\/\/stahlwerke-bochum.com\/wp-content\/uploads\/2018\/06\/swb-logo2.jpg","width":500,"height":82,"caption":"Stahlwerke Bochum"},"image":{"@id":"https:\/\/stahlwerke-bochum.com\/#\/schema\/logo\/image\/"}}]}},"_links":{"self":[{"href":"https:\/\/stahlwerke-bochum.com\/es\/wp-json\/wp\/v2\/pages\/20601","targetHints":{"allow":["GET"]}}],"collection":[{"href":"https:\/\/stahlwerke-bochum.com\/es\/wp-json\/wp\/v2\/pages"}],"about":[{"href":"https:\/\/stahlwerke-bochum.com\/es\/wp-json\/wp\/v2\/types\/page"}],"author":[{"embeddable":true,"href":"https:\/\/stahlwerke-bochum.com\/es\/wp-json\/wp\/v2\/users\/4"}],"replies":[{"embeddable":true,"href":"https:\/\/stahlwerke-bochum.com\/es\/wp-json\/wp\/v2\/comments?post=20601"}],"version-history":[{"count":2,"href":"https:\/\/stahlwerke-bochum.com\/es\/wp-json\/wp\/v2\/pages\/20601\/revisions"}],"predecessor-version":[{"id":20605,"href":"https:\/\/stahlwerke-bochum.com\/es\/wp-json\/wp\/v2\/pages\/20601\/revisions\/20605"}],"wp:attachment":[{"href":"https:\/\/stahlwerke-bochum.com\/es\/wp-json\/wp\/v2\/media?parent=20601"}],"curies":[{"name":"wp","href":"https:\/\/api.w.org\/{rel}","templated":true}]}}