{"id":20571,"date":"2018-06-20T12:30:36","date_gmt":"2018-06-20T10:30:36","guid":{"rendered":"http:\/\/192.168.6.130\/kontrolle\/"},"modified":"2018-07-11T08:03:05","modified_gmt":"2018-07-11T06:03:05","slug":"instancia-de-control","status":"publish","type":"page","link":"https:\/\/stahlwerke-bochum.com\/es\/instancia-de-control\/","title":{"rendered":"Instancia de control"},"content":{"rendered":"<p>[vc_row type=\u00bbfull_width_section\u00bb bottom_padding=\u00bb50&#8243;][vc_column width=\u00bb1\/1&#8243;][rev_slider_vc alias=\u00bbkontrolle\u00bb][\/vc_column][\/vc_row][vc_row top_padding=\u00bb50&#8243; bottom_padding=\u00bb50&#8243;][vc_column width=\u00bb1\/1&#8243;][vc_column_text]<\/p>\n<h1 style=\"text-align: center;\"><span style=\"color: #00518b;\">INSTANCIA DE CONTROL<\/span><\/h1>\n<p>[\/vc_column_text][vc_column_text]<\/p>\n<p style=\"text-align: center; color: #575756;\"><strong>M\u00e9todos complejos de fabricaci\u00f3n hacen indispensable<br \/>\nun aseguramiento de calidad en todos los niveles.<\/strong><\/p>\n<p>[\/vc_column_text][vc_separator color=\u00bbcustom\u00bb el_width=\u00bb50&#8243; accent_color=\u00bb#757575&#8243;][\/vc_column][\/vc_row][vc_row top_padding=\u00bb50&#8243; bottom_padding=\u00bb50&#8243;][vc_column width=\u00bb1\/1&#8243;][vc_row_inner][vc_column_inner width=\u00bb1\/3&#8243;][vc_column_text]Por la marca de cada pieza de fundici\u00f3n la calidad de los productos es verificable durante todo el proceso de producci\u00f3n. As\u00ed aseguramos el alto est\u00e1ndar de calidad constante de nuestros productos. Producimos seg\u00fan las normas estrictas en orientaci\u00f3n al ISO\u00a0EN\u00a09001 (2000).[\/vc_column_text][\/vc_column_inner][vc_column_inner width=\u00bb1\/3&#8243;][vc_column_text]Al final del proceso de fabricaci\u00f3n se verifica cada pieza de fundici\u00f3n detenidamente. Adem\u00e1s de una prueba de resistencia espec\u00edfica del material y del producto, sometemos el 100% de las piezas de desgaste a suministrar a un control de fisura magn\u00e9tica y, dado el caso, a una inspecci\u00f3n de ultrasonido adicional.[\/vc_column_text][\/vc_column_inner][vc_column_inner width=\u00bb1\/3&#8243;][vc_column_text]Siguen los controles de peso y medidas y la posterior agrupaci\u00f3n en unidades de suministro dentro de tolerancias estrechas. Con ello aseguramos el buen funcionamiento de los rotores.[\/vc_column_text][\/vc_column_inner][\/vc_row_inner][\/vc_column][\/vc_row]<\/p>\n","protected":false},"excerpt":{"rendered":"<p>[vc_row type=\u00bbfull_width_section\u00bb bottom_padding=\u00bb50&#8243;][vc_column width=\u00bb1\/1&#8243;][rev_slider_vc alias=\u00bbkontrolle\u00bb][\/vc_column][\/vc_row][vc_row top_padding=\u00bb50&#8243; bottom_padding=\u00bb50&#8243;][vc_column width=\u00bb1\/1&#8243;][vc_column_text] INSTANCIA DE CONTROL [\/vc_column_text][vc_column_text] M\u00e9todos complejos de fabricaci\u00f3n hacen indispensable un aseguramiento de calidad en todos los niveles. [\/vc_column_text][vc_separator color=\u00bbcustom\u00bb el_width=\u00bb50&#8243; accent_color=\u00bb#757575&#8243;][\/vc_column][\/vc_row][vc_row top_padding=\u00bb50&#8243; bottom_padding=\u00bb50&#8243;][vc_column width=\u00bb1\/1&#8243;][vc_row_inner][vc_column_inner width=\u00bb1\/3&#8243;][vc_column_text]Por la marca de cada pieza de fundici\u00f3n la calidad de los productos es verificable durante todo el proceso de producci\u00f3n. As\u00ed aseguramos el alto est\u00e1ndar de calidad constante de nuestros productos. Producimos seg\u00fan las normas estrictas en orientaci\u00f3n al ISO\u00a0EN\u00a09001 (2000).[\/vc_column_text][\/vc_column_inner][vc_column_inner width=\u00bb1\/3&#8243;][vc_column_text]Al final del proceso de fabricaci\u00f3n se verifica cada pieza de fundici\u00f3n detenidamente. Adem\u00e1s de una prueba de resistencia espec\u00edfica del material y del producto, sometemos el 100% de las piezas de desgaste a suministrar a un control de fisura magn\u00e9tica y, dado el caso, a una inspecci\u00f3n de ultrasonido adicional.[\/vc_column_text][\/vc_column_inner][vc_column_inner width=\u00bb1\/3&#8243;][vc_column_text]Siguen los controles de peso y medidas y la posterior agrupaci\u00f3n en unidades de suministro dentro de tolerancias estrechas. Con ello aseguramos el buen funcionamiento de los rotores.[\/vc_column_text][\/vc_column_inner][\/vc_row_inner][\/vc_column][\/vc_row]<\/p>\n","protected":false},"author":4,"featured_media":0,"parent":0,"menu_order":0,"comment_status":"closed","ping_status":"closed","template":"","meta":{"footnotes":""},"class_list":["post-20571","page","type-page","status-publish","hentry"],"yoast_head":"<!-- This site is optimized with the Yoast SEO Premium plugin v26.9 (Yoast SEO v27.3) - https:\/\/yoast.com\/product\/yoast-seo-premium-wordpress\/ -->\n<title>Instancia de control - Stahlwerke Bochum<\/title>\n<meta name=\"robots\" content=\"index, follow, max-snippet:-1, max-image-preview:large, max-video-preview:-1\" \/>\n<link rel=\"canonical\" href=\"https:\/\/stahlwerke-bochum.com\/es\/instancia-de-control\/\" \/>\n<meta property=\"og:locale\" content=\"es_ES\" \/>\n<meta property=\"og:type\" content=\"article\" \/>\n<meta property=\"og:title\" content=\"Instancia de control\" \/>\n<meta property=\"og:description\" content=\"[vc_row type=\u00bbfull_width_section\u00bb bottom_padding=\u00bb50&#8243;][vc_column width=\u00bb1\/1&#8243;][rev_slider_vc alias=\u00bbkontrolle\u00bb][\/vc_column][\/vc_row][vc_row top_padding=\u00bb50&#8243; bottom_padding=\u00bb50&#8243;][vc_column width=\u00bb1\/1&#8243;][vc_column_text] INSTANCIA DE CONTROL [\/vc_column_text][vc_column_text] M\u00e9todos complejos de fabricaci\u00f3n hacen indispensable un aseguramiento de calidad en todos los niveles. [\/vc_column_text][vc_separator color=\u00bbcustom\u00bb el_width=\u00bb50&#8243; accent_color=\u00bb#757575&#8243;][\/vc_column][\/vc_row][vc_row top_padding=\u00bb50&#8243; bottom_padding=\u00bb50&#8243;][vc_column width=\u00bb1\/1&#8243;][vc_row_inner][vc_column_inner width=\u00bb1\/3&#8243;][vc_column_text]Por la marca de cada pieza de fundici\u00f3n la calidad de los productos es verificable durante todo el proceso de producci\u00f3n. As\u00ed aseguramos el alto est\u00e1ndar de calidad constante de nuestros productos. Producimos seg\u00fan las normas estrictas en orientaci\u00f3n al ISO\u00a0EN\u00a09001 (2000).[\/vc_column_text][\/vc_column_inner][vc_column_inner width=\u00bb1\/3&#8243;][vc_column_text]Al final del proceso de fabricaci\u00f3n se verifica cada pieza de fundici\u00f3n detenidamente. Adem\u00e1s de una prueba de resistencia espec\u00edfica del material y del producto, sometemos el 100% de las piezas de desgaste a suministrar a un control de fisura magn\u00e9tica y, dado el caso, a una inspecci\u00f3n de ultrasonido adicional.[\/vc_column_text][\/vc_column_inner][vc_column_inner width=\u00bb1\/3&#8243;][vc_column_text]Siguen los controles de peso y medidas y la posterior agrupaci\u00f3n en unidades de suministro dentro de tolerancias estrechas. Con ello aseguramos el buen funcionamiento de los rotores.[\/vc_column_text][\/vc_column_inner][\/vc_row_inner][\/vc_column][\/vc_row]\" \/>\n<meta property=\"og:url\" content=\"https:\/\/stahlwerke-bochum.com\/es\/instancia-de-control\/\" \/>\n<meta property=\"og:site_name\" content=\"Stahlwerke Bochum\" \/>\n<meta property=\"article:modified_time\" content=\"2018-07-11T06:03:05+00:00\" \/>\n<meta name=\"twitter:card\" content=\"summary_large_image\" \/>\n<meta name=\"twitter:label1\" content=\"Tiempo de lectura\" \/>\n\t<meta name=\"twitter:data1\" content=\"1 minuto\" \/>\n<script type=\"application\/ld+json\" class=\"yoast-schema-graph\">{\"@context\":\"https:\\\/\\\/schema.org\",\"@graph\":[{\"@type\":\"WebPage\",\"@id\":\"https:\\\/\\\/stahlwerke-bochum.com\\\/es\\\/instancia-de-control\\\/\",\"url\":\"https:\\\/\\\/stahlwerke-bochum.com\\\/es\\\/instancia-de-control\\\/\",\"name\":\"Instancia de control - Stahlwerke Bochum\",\"isPartOf\":{\"@id\":\"https:\\\/\\\/stahlwerke-bochum.com\\\/#website\"},\"datePublished\":\"2018-06-20T10:30:36+00:00\",\"dateModified\":\"2018-07-11T06:03:05+00:00\",\"breadcrumb\":{\"@id\":\"https:\\\/\\\/stahlwerke-bochum.com\\\/es\\\/instancia-de-control\\\/#breadcrumb\"},\"inLanguage\":\"es\",\"potentialAction\":[{\"@type\":\"ReadAction\",\"target\":[\"https:\\\/\\\/stahlwerke-bochum.com\\\/es\\\/instancia-de-control\\\/\"]}]},{\"@type\":\"BreadcrumbList\",\"@id\":\"https:\\\/\\\/stahlwerke-bochum.com\\\/es\\\/instancia-de-control\\\/#breadcrumb\",\"itemListElement\":[{\"@type\":\"ListItem\",\"position\":1,\"name\":\"Startseite\",\"item\":\"https:\\\/\\\/stahlwerke-bochum.com\\\/es\\\/\"},{\"@type\":\"ListItem\",\"position\":2,\"name\":\"Instancia de control\"}]},{\"@type\":\"WebSite\",\"@id\":\"https:\\\/\\\/stahlwerke-bochum.com\\\/#website\",\"url\":\"https:\\\/\\\/stahlwerke-bochum.com\\\/\",\"name\":\"Stahlwerke Bochum\",\"description\":\"Entwicklung und Herstellung von Verschleisswerkzeugen f\u00fcr die Aufbereitungstechnik, Zerkleinerungstechnik und Recyclingtechnik.\",\"publisher\":{\"@id\":\"https:\\\/\\\/stahlwerke-bochum.com\\\/#organization\"},\"potentialAction\":[{\"@type\":\"SearchAction\",\"target\":{\"@type\":\"EntryPoint\",\"urlTemplate\":\"https:\\\/\\\/stahlwerke-bochum.com\\\/?s={search_term_string}\"},\"query-input\":{\"@type\":\"PropertyValueSpecification\",\"valueRequired\":true,\"valueName\":\"search_term_string\"}}],\"inLanguage\":\"es\"},{\"@type\":\"Organization\",\"@id\":\"https:\\\/\\\/stahlwerke-bochum.com\\\/#organization\",\"name\":\"Stahlwerke Bochum\",\"url\":\"https:\\\/\\\/stahlwerke-bochum.com\\\/\",\"logo\":{\"@type\":\"ImageObject\",\"inLanguage\":\"es\",\"@id\":\"https:\\\/\\\/stahlwerke-bochum.com\\\/#\\\/schema\\\/logo\\\/image\\\/\",\"url\":\"https:\\\/\\\/stahlwerke-bochum.com\\\/wp-content\\\/uploads\\\/2018\\\/06\\\/swb-logo2.jpg\",\"contentUrl\":\"https:\\\/\\\/stahlwerke-bochum.com\\\/wp-content\\\/uploads\\\/2018\\\/06\\\/swb-logo2.jpg\",\"width\":500,\"height\":82,\"caption\":\"Stahlwerke Bochum\"},\"image\":{\"@id\":\"https:\\\/\\\/stahlwerke-bochum.com\\\/#\\\/schema\\\/logo\\\/image\\\/\"}}]}<\/script>\n<!-- \/ Yoast SEO Premium plugin. -->","yoast_head_json":{"title":"Instancia de control - Stahlwerke Bochum","robots":{"index":"index","follow":"follow","max-snippet":"max-snippet:-1","max-image-preview":"max-image-preview:large","max-video-preview":"max-video-preview:-1"},"canonical":"https:\/\/stahlwerke-bochum.com\/es\/instancia-de-control\/","og_locale":"es_ES","og_type":"article","og_title":"Instancia de control","og_description":"[vc_row type=\u00bbfull_width_section\u00bb bottom_padding=\u00bb50&#8243;][vc_column width=\u00bb1\/1&#8243;][rev_slider_vc alias=\u00bbkontrolle\u00bb][\/vc_column][\/vc_row][vc_row top_padding=\u00bb50&#8243; bottom_padding=\u00bb50&#8243;][vc_column width=\u00bb1\/1&#8243;][vc_column_text] INSTANCIA DE CONTROL [\/vc_column_text][vc_column_text] M\u00e9todos complejos de fabricaci\u00f3n hacen indispensable un aseguramiento de calidad en todos los niveles. [\/vc_column_text][vc_separator color=\u00bbcustom\u00bb el_width=\u00bb50&#8243; accent_color=\u00bb#757575&#8243;][\/vc_column][\/vc_row][vc_row top_padding=\u00bb50&#8243; bottom_padding=\u00bb50&#8243;][vc_column width=\u00bb1\/1&#8243;][vc_row_inner][vc_column_inner width=\u00bb1\/3&#8243;][vc_column_text]Por la marca de cada pieza de fundici\u00f3n la calidad de los productos es verificable durante todo el proceso de producci\u00f3n. As\u00ed aseguramos el alto est\u00e1ndar de calidad constante de nuestros productos. Producimos seg\u00fan las normas estrictas en orientaci\u00f3n al ISO\u00a0EN\u00a09001 (2000).[\/vc_column_text][\/vc_column_inner][vc_column_inner width=\u00bb1\/3&#8243;][vc_column_text]Al final del proceso de fabricaci\u00f3n se verifica cada pieza de fundici\u00f3n detenidamente. Adem\u00e1s de una prueba de resistencia espec\u00edfica del material y del producto, sometemos el 100% de las piezas de desgaste a suministrar a un control de fisura magn\u00e9tica y, dado el caso, a una inspecci\u00f3n de ultrasonido adicional.[\/vc_column_text][\/vc_column_inner][vc_column_inner width=\u00bb1\/3&#8243;][vc_column_text]Siguen los controles de peso y medidas y la posterior agrupaci\u00f3n en unidades de suministro dentro de tolerancias estrechas. Con ello aseguramos el buen funcionamiento de los rotores.[\/vc_column_text][\/vc_column_inner][\/vc_row_inner][\/vc_column][\/vc_row]","og_url":"https:\/\/stahlwerke-bochum.com\/es\/instancia-de-control\/","og_site_name":"Stahlwerke Bochum","article_modified_time":"2018-07-11T06:03:05+00:00","twitter_card":"summary_large_image","twitter_misc":{"Tiempo de lectura":"1 minuto"},"schema":{"@context":"https:\/\/schema.org","@graph":[{"@type":"WebPage","@id":"https:\/\/stahlwerke-bochum.com\/es\/instancia-de-control\/","url":"https:\/\/stahlwerke-bochum.com\/es\/instancia-de-control\/","name":"Instancia de control - Stahlwerke Bochum","isPartOf":{"@id":"https:\/\/stahlwerke-bochum.com\/#website"},"datePublished":"2018-06-20T10:30:36+00:00","dateModified":"2018-07-11T06:03:05+00:00","breadcrumb":{"@id":"https:\/\/stahlwerke-bochum.com\/es\/instancia-de-control\/#breadcrumb"},"inLanguage":"es","potentialAction":[{"@type":"ReadAction","target":["https:\/\/stahlwerke-bochum.com\/es\/instancia-de-control\/"]}]},{"@type":"BreadcrumbList","@id":"https:\/\/stahlwerke-bochum.com\/es\/instancia-de-control\/#breadcrumb","itemListElement":[{"@type":"ListItem","position":1,"name":"Startseite","item":"https:\/\/stahlwerke-bochum.com\/es\/"},{"@type":"ListItem","position":2,"name":"Instancia de control"}]},{"@type":"WebSite","@id":"https:\/\/stahlwerke-bochum.com\/#website","url":"https:\/\/stahlwerke-bochum.com\/","name":"Stahlwerke Bochum","description":"Entwicklung und Herstellung von Verschleisswerkzeugen f\u00fcr die Aufbereitungstechnik, Zerkleinerungstechnik und Recyclingtechnik.","publisher":{"@id":"https:\/\/stahlwerke-bochum.com\/#organization"},"potentialAction":[{"@type":"SearchAction","target":{"@type":"EntryPoint","urlTemplate":"https:\/\/stahlwerke-bochum.com\/?s={search_term_string}"},"query-input":{"@type":"PropertyValueSpecification","valueRequired":true,"valueName":"search_term_string"}}],"inLanguage":"es"},{"@type":"Organization","@id":"https:\/\/stahlwerke-bochum.com\/#organization","name":"Stahlwerke Bochum","url":"https:\/\/stahlwerke-bochum.com\/","logo":{"@type":"ImageObject","inLanguage":"es","@id":"https:\/\/stahlwerke-bochum.com\/#\/schema\/logo\/image\/","url":"https:\/\/stahlwerke-bochum.com\/wp-content\/uploads\/2018\/06\/swb-logo2.jpg","contentUrl":"https:\/\/stahlwerke-bochum.com\/wp-content\/uploads\/2018\/06\/swb-logo2.jpg","width":500,"height":82,"caption":"Stahlwerke Bochum"},"image":{"@id":"https:\/\/stahlwerke-bochum.com\/#\/schema\/logo\/image\/"}}]}},"_links":{"self":[{"href":"https:\/\/stahlwerke-bochum.com\/es\/wp-json\/wp\/v2\/pages\/20571","targetHints":{"allow":["GET"]}}],"collection":[{"href":"https:\/\/stahlwerke-bochum.com\/es\/wp-json\/wp\/v2\/pages"}],"about":[{"href":"https:\/\/stahlwerke-bochum.com\/es\/wp-json\/wp\/v2\/types\/page"}],"author":[{"embeddable":true,"href":"https:\/\/stahlwerke-bochum.com\/es\/wp-json\/wp\/v2\/users\/4"}],"replies":[{"embeddable":true,"href":"https:\/\/stahlwerke-bochum.com\/es\/wp-json\/wp\/v2\/comments?post=20571"}],"version-history":[{"count":4,"href":"https:\/\/stahlwerke-bochum.com\/es\/wp-json\/wp\/v2\/pages\/20571\/revisions"}],"predecessor-version":[{"id":20717,"href":"https:\/\/stahlwerke-bochum.com\/es\/wp-json\/wp\/v2\/pages\/20571\/revisions\/20717"}],"wp:attachment":[{"href":"https:\/\/stahlwerke-bochum.com\/es\/wp-json\/wp\/v2\/media?parent=20571"}],"curies":[{"name":"wp","href":"https:\/\/api.w.org\/{rel}","templated":true}]}}