{"id":20385,"date":"2018-06-20T11:05:34","date_gmt":"2018-06-20T09:05:34","guid":{"rendered":"http:\/\/192.168.6.130\/prozesse\/"},"modified":"2022-01-12T14:36:02","modified_gmt":"2022-01-12T13:36:02","slug":"control-de-proceso","status":"publish","type":"page","link":"https:\/\/stahlwerke-bochum.com\/es\/control-de-proceso\/","title":{"rendered":"Control de Proceso"},"content":{"rendered":"<p>[vc_row type=\u00bbfull_width_section\u00bb bottom_padding=\u00bb50&#8243;][vc_column width=\u00bb1\/1&#8243;][rev_slider_vc alias=\u00bbprozesse\u00bb][\/vc_column][\/vc_row][vc_row top_padding=\u00bb50&#8243; bottom_padding=\u00bb50&#8243;][vc_column width=\u00bb1\/1&#8243;][vc_column_text]<\/p>\n<h1 style=\"text-align: center;\"><span style=\"color: #00518b;\">CONTROL DE PROCESO<\/span><\/h1>\n<p>[\/vc_column_text][vc_column_text]<\/p>\n<p style=\"text-align: center; color: #575756;\"><strong>\u201cLa calidad no sucede por s\u00ed sola.<br \/>\nHay que querer la calidad.\u201d<\/strong><\/p>\n<p>[\/vc_column_text][vc_separator color=\u00bbcustom\u00bb el_width=\u00bb50&#8243; accent_color=\u00bb#757575&#8243;][\/vc_column][\/vc_row][vc_row top_padding=\u00bb50&#8243; bottom_padding=\u00bb50&#8243;][vc_column width=\u00bb1\/1&#8243;][vc_row_inner][vc_column_inner width=\u00bb1\/3&#8243;][vc_column_text]La confesi\u00f3n sobre esta declaraci\u00f3n y su transformaci\u00f3n entran profundamente en todas las fases de la gesti\u00f3n empresarial. Porque para nosotros la calidad comienza mucho m\u00e1s temprano. Ya durante el asesoramiento de nuestros clientes es nuestra voluntad y nuestra autocomprensi\u00f3n, suministrar el mejor producto en todos los aspectos.[\/vc_column_text][\/vc_column_inner][vc_column_inner width=\u00bb1\/3&#8243;][vc_column_text]Planificamos, producimos y suministramos calidad. La realizaci\u00f3n sostenible de este principio requiere tambi\u00e9n el control exacto y comprensible a cualquier hora de todos los procesos de producci\u00f3n, desde la construcci\u00f3n hasta el tratamiento t\u00e9rmico. Con ayuda de las \u00faltimas tecnolog\u00edas CAD-CAM se crean construcciones \u00f3ptimas de piezas de desgaste.[\/vc_column_text][\/vc_column_inner][vc_column_inner width=\u00bb1\/3&#8243;][vc_column_text]Los pasos de fabricaci\u00f3n posteriores, el proceso de fundici\u00f3n y el tratamiento t\u00e9rmico, se verifican y se fijan antes del comienzo de la producci\u00f3n con programas de simulaci\u00f3n. Con eso se convierten en base para el control de los procesos reales de fabricaci\u00f3n. No dejamos nada a la casualidad. Porque la calidad es ninguna casualidad, sino el resultado de procesos de fabricaci\u00f3n \u00f3ptimamente desarrollados.[\/vc_column_text][\/vc_column_inner][\/vc_row_inner][\/vc_column][\/vc_row][vc_row top_padding=\u00bb50&#8243; bottom_padding=\u00bb50&#8243;][vc_column animation=\u00bbfade-in-from-left\u00bb bg_color=\u00bb#efefef\u00bb column_padding=\u00bbpadding-1&#8243; width=\u00bb1\/2&#8243; delay=\u00bb500&#8243;]<div class=\"box clearfix style-1 wpb_content_element align-center \" style=\"padding: 0; \">\n<div style=\"width: 480px;\" class=\"wp-video\"><video class=\"wp-video-shortcode\" id=\"video-20385-1\" width=\"480\" height=\"320\" poster=\"https:\/\/stahlwerke-bochum.com\/wp-content\/uploads\/2022\/01\/startprozess.jpg\" preload=\"metadata\" controls=\"controls\"><source type=\"video\/mp4\" src=\"https:\/\/stahlwerke-bochum.com\/wp-content\/uploads\/2022\/01\/Prozesssteuerung-1.mp4?_=1\" \/><a href=\"https:\/\/stahlwerke-bochum.com\/wp-content\/uploads\/2022\/01\/Prozesssteuerung-1.mp4\">https:\/\/stahlwerke-bochum.com\/wp-content\/uploads\/2022\/01\/Prozesssteuerung-1.mp4<\/a><\/video><\/div>\n<\/div>[\/vc_column][vc_column animation=\u00bbfade-in-from-right\u00bb width=\u00bb1\/2&#8243; delay=\u00bb500&#8243;][vc_single_image image=\u00bb18343&#8243; img_size=\u00bblarge\u00bb][\/vc_column][\/vc_row][vc_row top_padding=\u00bb50&#8243; bottom_padding=\u00bb50&#8243; class=\u00bbhide_this\u00bb][vc_column animation=\u00bbfade-in-from-bottom\u00bb width=\u00bb1\/1&#8243; delay=\u00bb500&#8243;]<div class=\"box clearfix style-2 wpb_content_element align-left \" style=\"padding: 40px 40px 40px 40px; \">\n<h4 style=\"text-align: left;\"><span style=\"color: #ff00ff;\">Gut zu wissen:<\/span><\/h4>\n<p style=\"text-align: left;\"><span style=\"color: #ff00ff;\"><b>Lorem Ipsum.<\/b><\/span><\/p>\n<\/div>[\/vc_column][\/vc_row]<\/p>\n","protected":false},"excerpt":{"rendered":"<p>[vc_row type=\u00bbfull_width_section\u00bb bottom_padding=\u00bb50&#8243;][vc_column width=\u00bb1\/1&#8243;][rev_slider_vc alias=\u00bbprozesse\u00bb][\/vc_column][\/vc_row][vc_row top_padding=\u00bb50&#8243; bottom_padding=\u00bb50&#8243;][vc_column width=\u00bb1\/1&#8243;][vc_column_text] CONTROL DE PROCESO [\/vc_column_text][vc_column_text] \u201cLa calidad no sucede por s\u00ed sola. Hay que querer la calidad.\u201d [\/vc_column_text][vc_separator color=\u00bbcustom\u00bb el_width=\u00bb50&#8243; accent_color=\u00bb#757575&#8243;][\/vc_column][\/vc_row][vc_row top_padding=\u00bb50&#8243; bottom_padding=\u00bb50&#8243;][vc_column width=\u00bb1\/1&#8243;][vc_row_inner][vc_column_inner width=\u00bb1\/3&#8243;][vc_column_text]La confesi\u00f3n sobre esta declaraci\u00f3n y su transformaci\u00f3n entran profundamente en todas las fases de la gesti\u00f3n empresarial. Porque para nosotros la calidad comienza mucho m\u00e1s temprano. Ya durante el asesoramiento de nuestros clientes es nuestra voluntad y nuestra autocomprensi\u00f3n, suministrar el mejor producto en todos los aspectos.[\/vc_column_text][\/vc_column_inner][vc_column_inner width=\u00bb1\/3&#8243;][vc_column_text]Planificamos, producimos y suministramos calidad. La realizaci\u00f3n sostenible de este principio requiere tambi\u00e9n el control exacto y comprensible a cualquier hora de todos los procesos de producci\u00f3n, desde la construcci\u00f3n hasta el tratamiento t\u00e9rmico. Con ayuda de las \u00faltimas tecnolog\u00edas CAD-CAM se crean construcciones \u00f3ptimas de piezas de desgaste.[\/vc_column_text][\/vc_column_inner][vc_column_inner width=\u00bb1\/3&#8243;][vc_column_text]Los pasos de fabricaci\u00f3n posteriores, el proceso de fundici\u00f3n y el tratamiento t\u00e9rmico, se verifican y se fijan antes del comienzo de la producci\u00f3n con programas de simulaci\u00f3n. Con eso se convierten en base para el control de los procesos reales de fabricaci\u00f3n. No dejamos nada a la casualidad. Porque la calidad es ninguna casualidad, sino el resultado de procesos de fabricaci\u00f3n \u00f3ptimamente desarrollados.[\/vc_column_text][\/vc_column_inner][\/vc_row_inner][\/vc_column][\/vc_row][vc_row top_padding=\u00bb50&#8243; bottom_padding=\u00bb50&#8243;][vc_column animation=\u00bbfade-in-from-left\u00bb bg_color=\u00bb#efefef\u00bb column_padding=\u00bbpadding-1&#8243; width=\u00bb1\/2&#8243; delay=\u00bb500&#8243;][\/vc_column][vc_column animation=\u00bbfade-in-from-right\u00bb [&hellip;]<\/p>\n","protected":false},"author":4,"featured_media":0,"parent":0,"menu_order":0,"comment_status":"closed","ping_status":"closed","template":"","meta":{"footnotes":""},"class_list":["post-20385","page","type-page","status-publish","hentry"],"yoast_head":"<!-- This site is optimized with the Yoast SEO Premium plugin v27.4 (Yoast SEO v27.4) - https:\/\/yoast.com\/product\/yoast-seo-premium-wordpress\/ -->\n<title>Control de Proceso - Stahlwerke Bochum<\/title>\n<meta name=\"robots\" content=\"index, follow, max-snippet:-1, max-image-preview:large, max-video-preview:-1\" \/>\n<link rel=\"canonical\" href=\"https:\/\/stahlwerke-bochum.com\/es\/control-de-proceso\/\" \/>\n<meta property=\"og:locale\" content=\"es_ES\" \/>\n<meta property=\"og:type\" content=\"article\" \/>\n<meta property=\"og:title\" content=\"Control de Proceso\" \/>\n<meta property=\"og:description\" content=\"[vc_row type=\u00bbfull_width_section\u00bb bottom_padding=\u00bb50&#8243;][vc_column width=\u00bb1\/1&#8243;][rev_slider_vc alias=\u00bbprozesse\u00bb][\/vc_column][\/vc_row][vc_row top_padding=\u00bb50&#8243; bottom_padding=\u00bb50&#8243;][vc_column width=\u00bb1\/1&#8243;][vc_column_text] CONTROL DE PROCESO [\/vc_column_text][vc_column_text] \u201cLa calidad no sucede por s\u00ed sola. Hay que querer la calidad.\u201d [\/vc_column_text][vc_separator color=\u00bbcustom\u00bb el_width=\u00bb50&#8243; accent_color=\u00bb#757575&#8243;][\/vc_column][\/vc_row][vc_row top_padding=\u00bb50&#8243; bottom_padding=\u00bb50&#8243;][vc_column width=\u00bb1\/1&#8243;][vc_row_inner][vc_column_inner width=\u00bb1\/3&#8243;][vc_column_text]La confesi\u00f3n sobre esta declaraci\u00f3n y su transformaci\u00f3n entran profundamente en todas las fases de la gesti\u00f3n empresarial. Porque para nosotros la calidad comienza mucho m\u00e1s temprano. Ya durante el asesoramiento de nuestros clientes es nuestra voluntad y nuestra autocomprensi\u00f3n, suministrar el mejor producto en todos los aspectos.[\/vc_column_text][\/vc_column_inner][vc_column_inner width=\u00bb1\/3&#8243;][vc_column_text]Planificamos, producimos y suministramos calidad. La realizaci\u00f3n sostenible de este principio requiere tambi\u00e9n el control exacto y comprensible a cualquier hora de todos los procesos de producci\u00f3n, desde la construcci\u00f3n hasta el tratamiento t\u00e9rmico. Con ayuda de las \u00faltimas tecnolog\u00edas CAD-CAM se crean construcciones \u00f3ptimas de piezas de desgaste.[\/vc_column_text][\/vc_column_inner][vc_column_inner width=\u00bb1\/3&#8243;][vc_column_text]Los pasos de fabricaci\u00f3n posteriores, el proceso de fundici\u00f3n y el tratamiento t\u00e9rmico, se verifican y se fijan antes del comienzo de la producci\u00f3n con programas de simulaci\u00f3n. Con eso se convierten en base para el control de los procesos reales de fabricaci\u00f3n. No dejamos nada a la casualidad. Porque la calidad es ninguna casualidad, sino el resultado de procesos de fabricaci\u00f3n \u00f3ptimamente desarrollados.[\/vc_column_text][\/vc_column_inner][\/vc_row_inner][\/vc_column][\/vc_row][vc_row top_padding=\u00bb50&#8243; bottom_padding=\u00bb50&#8243;][vc_column animation=\u00bbfade-in-from-left\u00bb bg_color=\u00bb#efefef\u00bb column_padding=\u00bbpadding-1&#8243; width=\u00bb1\/2&#8243; delay=\u00bb500&#8243;][\/vc_column][vc_column animation=\u00bbfade-in-from-right\u00bb [&hellip;]\" \/>\n<meta property=\"og:url\" content=\"https:\/\/stahlwerke-bochum.com\/es\/control-de-proceso\/\" \/>\n<meta property=\"og:site_name\" content=\"Stahlwerke Bochum\" \/>\n<meta property=\"article:modified_time\" content=\"2022-01-12T13:36:02+00:00\" \/>\n<meta name=\"twitter:card\" content=\"summary_large_image\" \/>\n<meta name=\"twitter:label1\" content=\"Tiempo de lectura\" \/>\n\t<meta name=\"twitter:data1\" content=\"2 minutos\" \/>\n<script type=\"application\/ld+json\" class=\"yoast-schema-graph\">{\"@context\":\"https:\\\/\\\/schema.org\",\"@graph\":[{\"@type\":\"WebPage\",\"@id\":\"https:\\\/\\\/stahlwerke-bochum.com\\\/es\\\/control-de-proceso\\\/\",\"url\":\"https:\\\/\\\/stahlwerke-bochum.com\\\/es\\\/control-de-proceso\\\/\",\"name\":\"Control de Proceso - Stahlwerke Bochum\",\"isPartOf\":{\"@id\":\"https:\\\/\\\/stahlwerke-bochum.com\\\/#website\"},\"datePublished\":\"2018-06-20T09:05:34+00:00\",\"dateModified\":\"2022-01-12T13:36:02+00:00\",\"breadcrumb\":{\"@id\":\"https:\\\/\\\/stahlwerke-bochum.com\\\/es\\\/control-de-proceso\\\/#breadcrumb\"},\"inLanguage\":\"es\",\"potentialAction\":[{\"@type\":\"ReadAction\",\"target\":[\"https:\\\/\\\/stahlwerke-bochum.com\\\/es\\\/control-de-proceso\\\/\"]}]},{\"@type\":\"BreadcrumbList\",\"@id\":\"https:\\\/\\\/stahlwerke-bochum.com\\\/es\\\/control-de-proceso\\\/#breadcrumb\",\"itemListElement\":[{\"@type\":\"ListItem\",\"position\":1,\"name\":\"Startseite\",\"item\":\"https:\\\/\\\/stahlwerke-bochum.com\\\/es\\\/\"},{\"@type\":\"ListItem\",\"position\":2,\"name\":\"Control de Proceso\"}]},{\"@type\":\"WebSite\",\"@id\":\"https:\\\/\\\/stahlwerke-bochum.com\\\/#website\",\"url\":\"https:\\\/\\\/stahlwerke-bochum.com\\\/\",\"name\":\"Stahlwerke Bochum\",\"description\":\"Entwicklung und Herstellung von Verschleisswerkzeugen f\u00fcr die Aufbereitungstechnik, Zerkleinerungstechnik und Recyclingtechnik.\",\"publisher\":{\"@id\":\"https:\\\/\\\/stahlwerke-bochum.com\\\/#organization\"},\"potentialAction\":[{\"@type\":\"SearchAction\",\"target\":{\"@type\":\"EntryPoint\",\"urlTemplate\":\"https:\\\/\\\/stahlwerke-bochum.com\\\/?s={search_term_string}\"},\"query-input\":{\"@type\":\"PropertyValueSpecification\",\"valueRequired\":true,\"valueName\":\"search_term_string\"}}],\"inLanguage\":\"es\"},{\"@type\":\"Organization\",\"@id\":\"https:\\\/\\\/stahlwerke-bochum.com\\\/#organization\",\"name\":\"Stahlwerke Bochum\",\"url\":\"https:\\\/\\\/stahlwerke-bochum.com\\\/\",\"logo\":{\"@type\":\"ImageObject\",\"inLanguage\":\"es\",\"@id\":\"https:\\\/\\\/stahlwerke-bochum.com\\\/#\\\/schema\\\/logo\\\/image\\\/\",\"url\":\"https:\\\/\\\/stahlwerke-bochum.com\\\/wp-content\\\/uploads\\\/2018\\\/06\\\/swb-logo2.jpg\",\"contentUrl\":\"https:\\\/\\\/stahlwerke-bochum.com\\\/wp-content\\\/uploads\\\/2018\\\/06\\\/swb-logo2.jpg\",\"width\":500,\"height\":82,\"caption\":\"Stahlwerke Bochum\"},\"image\":{\"@id\":\"https:\\\/\\\/stahlwerke-bochum.com\\\/#\\\/schema\\\/logo\\\/image\\\/\"}}]}<\/script>\n<!-- \/ Yoast SEO Premium plugin. -->","yoast_head_json":{"title":"Control de Proceso - Stahlwerke Bochum","robots":{"index":"index","follow":"follow","max-snippet":"max-snippet:-1","max-image-preview":"max-image-preview:large","max-video-preview":"max-video-preview:-1"},"canonical":"https:\/\/stahlwerke-bochum.com\/es\/control-de-proceso\/","og_locale":"es_ES","og_type":"article","og_title":"Control de Proceso","og_description":"[vc_row type=\u00bbfull_width_section\u00bb bottom_padding=\u00bb50&#8243;][vc_column width=\u00bb1\/1&#8243;][rev_slider_vc alias=\u00bbprozesse\u00bb][\/vc_column][\/vc_row][vc_row top_padding=\u00bb50&#8243; bottom_padding=\u00bb50&#8243;][vc_column width=\u00bb1\/1&#8243;][vc_column_text] CONTROL DE PROCESO [\/vc_column_text][vc_column_text] \u201cLa calidad no sucede por s\u00ed sola. Hay que querer la calidad.\u201d [\/vc_column_text][vc_separator color=\u00bbcustom\u00bb el_width=\u00bb50&#8243; accent_color=\u00bb#757575&#8243;][\/vc_column][\/vc_row][vc_row top_padding=\u00bb50&#8243; bottom_padding=\u00bb50&#8243;][vc_column width=\u00bb1\/1&#8243;][vc_row_inner][vc_column_inner width=\u00bb1\/3&#8243;][vc_column_text]La confesi\u00f3n sobre esta declaraci\u00f3n y su transformaci\u00f3n entran profundamente en todas las fases de la gesti\u00f3n empresarial. Porque para nosotros la calidad comienza mucho m\u00e1s temprano. Ya durante el asesoramiento de nuestros clientes es nuestra voluntad y nuestra autocomprensi\u00f3n, suministrar el mejor producto en todos los aspectos.[\/vc_column_text][\/vc_column_inner][vc_column_inner width=\u00bb1\/3&#8243;][vc_column_text]Planificamos, producimos y suministramos calidad. La realizaci\u00f3n sostenible de este principio requiere tambi\u00e9n el control exacto y comprensible a cualquier hora de todos los procesos de producci\u00f3n, desde la construcci\u00f3n hasta el tratamiento t\u00e9rmico. Con ayuda de las \u00faltimas tecnolog\u00edas CAD-CAM se crean construcciones \u00f3ptimas de piezas de desgaste.[\/vc_column_text][\/vc_column_inner][vc_column_inner width=\u00bb1\/3&#8243;][vc_column_text]Los pasos de fabricaci\u00f3n posteriores, el proceso de fundici\u00f3n y el tratamiento t\u00e9rmico, se verifican y se fijan antes del comienzo de la producci\u00f3n con programas de simulaci\u00f3n. Con eso se convierten en base para el control de los procesos reales de fabricaci\u00f3n. No dejamos nada a la casualidad. Porque la calidad es ninguna casualidad, sino el resultado de procesos de fabricaci\u00f3n \u00f3ptimamente desarrollados.[\/vc_column_text][\/vc_column_inner][\/vc_row_inner][\/vc_column][\/vc_row][vc_row top_padding=\u00bb50&#8243; bottom_padding=\u00bb50&#8243;][vc_column animation=\u00bbfade-in-from-left\u00bb bg_color=\u00bb#efefef\u00bb column_padding=\u00bbpadding-1&#8243; width=\u00bb1\/2&#8243; delay=\u00bb500&#8243;][\/vc_column][vc_column animation=\u00bbfade-in-from-right\u00bb [&hellip;]","og_url":"https:\/\/stahlwerke-bochum.com\/es\/control-de-proceso\/","og_site_name":"Stahlwerke Bochum","article_modified_time":"2022-01-12T13:36:02+00:00","twitter_card":"summary_large_image","twitter_misc":{"Tiempo de lectura":"2 minutos"},"schema":{"@context":"https:\/\/schema.org","@graph":[{"@type":"WebPage","@id":"https:\/\/stahlwerke-bochum.com\/es\/control-de-proceso\/","url":"https:\/\/stahlwerke-bochum.com\/es\/control-de-proceso\/","name":"Control de Proceso - Stahlwerke Bochum","isPartOf":{"@id":"https:\/\/stahlwerke-bochum.com\/#website"},"datePublished":"2018-06-20T09:05:34+00:00","dateModified":"2022-01-12T13:36:02+00:00","breadcrumb":{"@id":"https:\/\/stahlwerke-bochum.com\/es\/control-de-proceso\/#breadcrumb"},"inLanguage":"es","potentialAction":[{"@type":"ReadAction","target":["https:\/\/stahlwerke-bochum.com\/es\/control-de-proceso\/"]}]},{"@type":"BreadcrumbList","@id":"https:\/\/stahlwerke-bochum.com\/es\/control-de-proceso\/#breadcrumb","itemListElement":[{"@type":"ListItem","position":1,"name":"Startseite","item":"https:\/\/stahlwerke-bochum.com\/es\/"},{"@type":"ListItem","position":2,"name":"Control de Proceso"}]},{"@type":"WebSite","@id":"https:\/\/stahlwerke-bochum.com\/#website","url":"https:\/\/stahlwerke-bochum.com\/","name":"Stahlwerke Bochum","description":"Entwicklung und Herstellung von Verschleisswerkzeugen f\u00fcr die Aufbereitungstechnik, Zerkleinerungstechnik und Recyclingtechnik.","publisher":{"@id":"https:\/\/stahlwerke-bochum.com\/#organization"},"potentialAction":[{"@type":"SearchAction","target":{"@type":"EntryPoint","urlTemplate":"https:\/\/stahlwerke-bochum.com\/?s={search_term_string}"},"query-input":{"@type":"PropertyValueSpecification","valueRequired":true,"valueName":"search_term_string"}}],"inLanguage":"es"},{"@type":"Organization","@id":"https:\/\/stahlwerke-bochum.com\/#organization","name":"Stahlwerke Bochum","url":"https:\/\/stahlwerke-bochum.com\/","logo":{"@type":"ImageObject","inLanguage":"es","@id":"https:\/\/stahlwerke-bochum.com\/#\/schema\/logo\/image\/","url":"https:\/\/stahlwerke-bochum.com\/wp-content\/uploads\/2018\/06\/swb-logo2.jpg","contentUrl":"https:\/\/stahlwerke-bochum.com\/wp-content\/uploads\/2018\/06\/swb-logo2.jpg","width":500,"height":82,"caption":"Stahlwerke Bochum"},"image":{"@id":"https:\/\/stahlwerke-bochum.com\/#\/schema\/logo\/image\/"}}]}},"_links":{"self":[{"href":"https:\/\/stahlwerke-bochum.com\/es\/wp-json\/wp\/v2\/pages\/20385","targetHints":{"allow":["GET"]}}],"collection":[{"href":"https:\/\/stahlwerke-bochum.com\/es\/wp-json\/wp\/v2\/pages"}],"about":[{"href":"https:\/\/stahlwerke-bochum.com\/es\/wp-json\/wp\/v2\/types\/page"}],"author":[{"embeddable":true,"href":"https:\/\/stahlwerke-bochum.com\/es\/wp-json\/wp\/v2\/users\/4"}],"replies":[{"embeddable":true,"href":"https:\/\/stahlwerke-bochum.com\/es\/wp-json\/wp\/v2\/comments?post=20385"}],"version-history":[{"count":7,"href":"https:\/\/stahlwerke-bochum.com\/es\/wp-json\/wp\/v2\/pages\/20385\/revisions"}],"predecessor-version":[{"id":22743,"href":"https:\/\/stahlwerke-bochum.com\/es\/wp-json\/wp\/v2\/pages\/20385\/revisions\/22743"}],"wp:attachment":[{"href":"https:\/\/stahlwerke-bochum.com\/es\/wp-json\/wp\/v2\/media?parent=20385"}],"curies":[{"name":"wp","href":"https:\/\/api.w.org\/{rel}","templated":true}]}}