{"id":20121,"date":"2018-06-20T10:15:41","date_gmt":"2018-06-20T08:15:41","guid":{"rendered":"http:\/\/192.168.6.130\/innovation\/"},"modified":"2018-07-09T10:48:32","modified_gmt":"2018-07-09T08:48:32","slug":"innovation","status":"publish","type":"page","link":"https:\/\/stahlwerke-bochum.com\/es\/innovation\/","title":{"rendered":"Innovaci\u00f3n"},"content":{"rendered":"<p>[vc_row type=\u00bbfull_width_section\u00bb][vc_column width=\u00bb1\/1&#8243;][rev_slider_vc alias=\u00bbinnovation\u00bb][\/vc_column][\/vc_row][vc_row bg_image=\u00bb18301&#8243; bg_repeat=\u00bbno-repeat\u00bb parallax_bg=\u00bbtrue\u00bb stellar_class=\u00bbfixed\u00bb top_padding=\u00bb100&#8243;][vc_column text_color=\u00bbcustom\u00bb custom_text_color=\u00bb#ffffff\u00bb width=\u00bb1\/1&#8243;][vc_row_inner][vc_column_inner][vc_column_text]<\/p>\n<h1 style=\"text-align: center;\">INNOVACI\u00d3N<\/h1>\n<p>[\/vc_column_text][vc_column_text]<\/p>\n<p style=\"text-align: center;\"><strong>Innovaci\u00f3n significa renovaci\u00f3n o cambio,<\/strong><br \/>\n<strong>significa progreso y mejora.<\/strong><\/p>\n<p>[\/vc_column_text][\/vc_column_inner][\/vc_row_inner][vc_row_inner][vc_column_inner css=\u00bb.vc_custom_1529502229300{margin-top: 40px !important;margin-bottom: 50px !important;}\u00bb][vc_separator color=\u00bbwhite\u00bb el_width=\u00bb50&#8243;][\/vc_column_inner][\/vc_row_inner][vc_row_inner][vc_column_inner]<div class=\"single_image wpb_content_element align-center    \" data-animation=\"none\" data-delay=\"0\"><img loading=\"lazy\" decoding=\"async\" width=\"212\" height=\"250\" src=\"https:\/\/stahlwerke-bochum.com\/wp-content\/uploads\/2018\/06\/simulation_hammer.png\" class=\"attachment-full\" alt=\"\" \/><\/div>[vc_column_text]<strong>SWB es sin\u00f3nimo de innovaci\u00f3n.<br \/>\n<\/strong>Materiales innovadores y combinaciones nuevas de materiales mejoran la resistencia al desgaste. El dise\u00f1o innovador mejora la vida \u00fatil y aumenta la productividad.<\/p>\n<p>Con procesos de fabricaci\u00f3n innovadores producimos productos de calidad constante al m\u00e1s alto nivel. Las caracter\u00edsticas de empleo convincentes de nuestros productos garantizan a nuestros clientes un uso fiable y rentable. SWB es y seguir\u00e1 siendo punto de referencia para la competencia internacional.<\/p>\n<p><strong>Fuerza centr\u00edfuga<br \/>\n<\/strong>Simulaciones de carga nos ayudan en el desarrollo de piezas de desgaste \u00f3ptimas.[\/vc_column_text][\/vc_column_inner][\/vc_row_inner][vc_row_inner][vc_column_inner css=\u00bb.vc_custom_1529502229300{margin-top: 40px !important;margin-bottom: 50px !important;}\u00bb]<div class=\"box clearfix style-6 wpb_content_element align-center \" style=\"padding: 40px 40px 40px 40px; \">\n<h4 style=\"text-align: left;\">Bueno saberlo:<\/h4>\n<p style=\"text-align: left;\"><strong>Martillos, yunques, parrillas, caperuzas de protecci\u00f3n, elementos de impacto, chapaletas de descarga, segmentos de desgaste, segmentos de parrillas, chapas de desgaste, estrellas, hojas de cizallas\u00a0<\/strong>y otras\u00a0<strong>piezas de fundici\u00f3n de alta resistencia al desgaste\u00a0<\/strong>para el\u00a0<strong>reciclaje de chatarra\u00a0<\/strong>al uso en trituradoras y cizallas para chatarra.<\/p>\n<\/div>[\/vc_column_inner][\/vc_row_inner][\/vc_column][\/vc_row]<\/p>\n","protected":false},"excerpt":{"rendered":"<p>[vc_row type=\u00bbfull_width_section\u00bb][vc_column width=\u00bb1\/1&#8243;][rev_slider_vc alias=\u00bbinnovation\u00bb][\/vc_column][\/vc_row][vc_row bg_image=\u00bb18301&#8243; bg_repeat=\u00bbno-repeat\u00bb parallax_bg=\u00bbtrue\u00bb stellar_class=\u00bbfixed\u00bb top_padding=\u00bb100&#8243;][vc_column text_color=\u00bbcustom\u00bb custom_text_color=\u00bb#ffffff\u00bb width=\u00bb1\/1&#8243;][vc_row_inner][vc_column_inner][vc_column_text] INNOVACI\u00d3N [\/vc_column_text][vc_column_text] Innovaci\u00f3n significa renovaci\u00f3n o cambio, significa progreso y mejora. [\/vc_column_text][\/vc_column_inner][\/vc_row_inner][vc_row_inner][vc_column_inner css=\u00bb.vc_custom_1529502229300{margin-top: 40px !important;margin-bottom: 50px !important;}\u00bb][vc_separator color=\u00bbwhite\u00bb el_width=\u00bb50&#8243;][\/vc_column_inner][\/vc_row_inner][vc_row_inner][vc_column_inner][vc_column_text]SWB es sin\u00f3nimo de innovaci\u00f3n. Materiales innovadores y combinaciones nuevas de materiales mejoran la resistencia al desgaste. El dise\u00f1o innovador mejora la vida \u00fatil y aumenta la productividad. Con procesos de fabricaci\u00f3n innovadores producimos productos de calidad constante al m\u00e1s alto nivel. Las caracter\u00edsticas de empleo convincentes de nuestros productos garantizan a nuestros clientes un uso fiable y rentable. SWB es y seguir\u00e1 siendo punto de referencia para la competencia internacional. Fuerza centr\u00edfuga Simulaciones de carga nos ayudan en el desarrollo de piezas de desgaste \u00f3ptimas.[\/vc_column_text][\/vc_column_inner][\/vc_row_inner][vc_row_inner][vc_column_inner css=\u00bb.vc_custom_1529502229300{margin-top: 40px !important;margin-bottom: 50px !important;}\u00bb][\/vc_column_inner][\/vc_row_inner][\/vc_column][\/vc_row]<\/p>\n","protected":false},"author":4,"featured_media":0,"parent":0,"menu_order":0,"comment_status":"closed","ping_status":"closed","template":"","meta":{"footnotes":""},"class_list":["post-20121","page","type-page","status-publish","hentry"],"yoast_head":"<!-- This site is optimized with the Yoast SEO Premium plugin v27.4 (Yoast SEO v27.4) - https:\/\/yoast.com\/product\/yoast-seo-premium-wordpress\/ -->\n<title>Innovaci\u00f3n - Stahlwerke Bochum<\/title>\n<meta name=\"robots\" content=\"index, follow, max-snippet:-1, max-image-preview:large, max-video-preview:-1\" \/>\n<link rel=\"canonical\" href=\"https:\/\/stahlwerke-bochum.com\/es\/innovation\/\" \/>\n<meta property=\"og:locale\" content=\"es_ES\" \/>\n<meta property=\"og:type\" content=\"article\" \/>\n<meta property=\"og:title\" content=\"Innovaci\u00f3n\" \/>\n<meta property=\"og:description\" content=\"[vc_row type=\u00bbfull_width_section\u00bb][vc_column width=\u00bb1\/1&#8243;][rev_slider_vc alias=\u00bbinnovation\u00bb][\/vc_column][\/vc_row][vc_row bg_image=\u00bb18301&#8243; bg_repeat=\u00bbno-repeat\u00bb parallax_bg=\u00bbtrue\u00bb stellar_class=\u00bbfixed\u00bb top_padding=\u00bb100&#8243;][vc_column text_color=\u00bbcustom\u00bb custom_text_color=\u00bb#ffffff\u00bb width=\u00bb1\/1&#8243;][vc_row_inner][vc_column_inner][vc_column_text] INNOVACI\u00d3N [\/vc_column_text][vc_column_text] Innovaci\u00f3n significa renovaci\u00f3n o cambio, significa progreso y mejora. [\/vc_column_text][\/vc_column_inner][\/vc_row_inner][vc_row_inner][vc_column_inner css=\u00bb.vc_custom_1529502229300{margin-top: 40px !important;margin-bottom: 50px !important;}\u00bb][vc_separator color=\u00bbwhite\u00bb el_width=\u00bb50&#8243;][\/vc_column_inner][\/vc_row_inner][vc_row_inner][vc_column_inner][vc_column_text]SWB es sin\u00f3nimo de innovaci\u00f3n. Materiales innovadores y combinaciones nuevas de materiales mejoran la resistencia al desgaste. El dise\u00f1o innovador mejora la vida \u00fatil y aumenta la productividad. Con procesos de fabricaci\u00f3n innovadores producimos productos de calidad constante al m\u00e1s alto nivel. Las caracter\u00edsticas de empleo convincentes de nuestros productos garantizan a nuestros clientes un uso fiable y rentable. SWB es y seguir\u00e1 siendo punto de referencia para la competencia internacional. Fuerza centr\u00edfuga Simulaciones de carga nos ayudan en el desarrollo de piezas de desgaste \u00f3ptimas.[\/vc_column_text][\/vc_column_inner][\/vc_row_inner][vc_row_inner][vc_column_inner css=\u00bb.vc_custom_1529502229300{margin-top: 40px !important;margin-bottom: 50px !important;}\u00bb][\/vc_column_inner][\/vc_row_inner][\/vc_column][\/vc_row]\" \/>\n<meta property=\"og:url\" content=\"https:\/\/stahlwerke-bochum.com\/es\/innovation\/\" \/>\n<meta property=\"og:site_name\" content=\"Stahlwerke Bochum\" \/>\n<meta property=\"article:modified_time\" content=\"2018-07-09T08:48:32+00:00\" \/>\n<meta name=\"twitter:card\" content=\"summary_large_image\" \/>\n<meta name=\"twitter:label1\" content=\"Tiempo de lectura\" \/>\n\t<meta name=\"twitter:data1\" content=\"2 minutos\" \/>\n<script type=\"application\/ld+json\" class=\"yoast-schema-graph\">{\"@context\":\"https:\\\/\\\/schema.org\",\"@graph\":[{\"@type\":\"WebPage\",\"@id\":\"https:\\\/\\\/stahlwerke-bochum.com\\\/es\\\/innovation\\\/\",\"url\":\"https:\\\/\\\/stahlwerke-bochum.com\\\/es\\\/innovation\\\/\",\"name\":\"Innovaci\u00f3n - Stahlwerke Bochum\",\"isPartOf\":{\"@id\":\"https:\\\/\\\/stahlwerke-bochum.com\\\/#website\"},\"datePublished\":\"2018-06-20T08:15:41+00:00\",\"dateModified\":\"2018-07-09T08:48:32+00:00\",\"breadcrumb\":{\"@id\":\"https:\\\/\\\/stahlwerke-bochum.com\\\/es\\\/innovation\\\/#breadcrumb\"},\"inLanguage\":\"es\",\"potentialAction\":[{\"@type\":\"ReadAction\",\"target\":[\"https:\\\/\\\/stahlwerke-bochum.com\\\/es\\\/innovation\\\/\"]}]},{\"@type\":\"BreadcrumbList\",\"@id\":\"https:\\\/\\\/stahlwerke-bochum.com\\\/es\\\/innovation\\\/#breadcrumb\",\"itemListElement\":[{\"@type\":\"ListItem\",\"position\":1,\"name\":\"Startseite\",\"item\":\"https:\\\/\\\/stahlwerke-bochum.com\\\/es\\\/\"},{\"@type\":\"ListItem\",\"position\":2,\"name\":\"Innovaci\u00f3n\"}]},{\"@type\":\"WebSite\",\"@id\":\"https:\\\/\\\/stahlwerke-bochum.com\\\/#website\",\"url\":\"https:\\\/\\\/stahlwerke-bochum.com\\\/\",\"name\":\"Stahlwerke Bochum\",\"description\":\"Entwicklung und Herstellung von Verschleisswerkzeugen f\u00fcr die Aufbereitungstechnik, Zerkleinerungstechnik und Recyclingtechnik.\",\"publisher\":{\"@id\":\"https:\\\/\\\/stahlwerke-bochum.com\\\/#organization\"},\"potentialAction\":[{\"@type\":\"SearchAction\",\"target\":{\"@type\":\"EntryPoint\",\"urlTemplate\":\"https:\\\/\\\/stahlwerke-bochum.com\\\/?s={search_term_string}\"},\"query-input\":{\"@type\":\"PropertyValueSpecification\",\"valueRequired\":true,\"valueName\":\"search_term_string\"}}],\"inLanguage\":\"es\"},{\"@type\":\"Organization\",\"@id\":\"https:\\\/\\\/stahlwerke-bochum.com\\\/#organization\",\"name\":\"Stahlwerke Bochum\",\"url\":\"https:\\\/\\\/stahlwerke-bochum.com\\\/\",\"logo\":{\"@type\":\"ImageObject\",\"inLanguage\":\"es\",\"@id\":\"https:\\\/\\\/stahlwerke-bochum.com\\\/#\\\/schema\\\/logo\\\/image\\\/\",\"url\":\"https:\\\/\\\/stahlwerke-bochum.com\\\/wp-content\\\/uploads\\\/2018\\\/06\\\/swb-logo2.jpg\",\"contentUrl\":\"https:\\\/\\\/stahlwerke-bochum.com\\\/wp-content\\\/uploads\\\/2018\\\/06\\\/swb-logo2.jpg\",\"width\":500,\"height\":82,\"caption\":\"Stahlwerke Bochum\"},\"image\":{\"@id\":\"https:\\\/\\\/stahlwerke-bochum.com\\\/#\\\/schema\\\/logo\\\/image\\\/\"}}]}<\/script>\n<!-- \/ Yoast SEO Premium plugin. -->","yoast_head_json":{"title":"Innovaci\u00f3n - Stahlwerke Bochum","robots":{"index":"index","follow":"follow","max-snippet":"max-snippet:-1","max-image-preview":"max-image-preview:large","max-video-preview":"max-video-preview:-1"},"canonical":"https:\/\/stahlwerke-bochum.com\/es\/innovation\/","og_locale":"es_ES","og_type":"article","og_title":"Innovaci\u00f3n","og_description":"[vc_row type=\u00bbfull_width_section\u00bb][vc_column width=\u00bb1\/1&#8243;][rev_slider_vc alias=\u00bbinnovation\u00bb][\/vc_column][\/vc_row][vc_row bg_image=\u00bb18301&#8243; bg_repeat=\u00bbno-repeat\u00bb parallax_bg=\u00bbtrue\u00bb stellar_class=\u00bbfixed\u00bb top_padding=\u00bb100&#8243;][vc_column text_color=\u00bbcustom\u00bb custom_text_color=\u00bb#ffffff\u00bb width=\u00bb1\/1&#8243;][vc_row_inner][vc_column_inner][vc_column_text] INNOVACI\u00d3N [\/vc_column_text][vc_column_text] Innovaci\u00f3n significa renovaci\u00f3n o cambio, significa progreso y mejora. [\/vc_column_text][\/vc_column_inner][\/vc_row_inner][vc_row_inner][vc_column_inner css=\u00bb.vc_custom_1529502229300{margin-top: 40px !important;margin-bottom: 50px !important;}\u00bb][vc_separator color=\u00bbwhite\u00bb el_width=\u00bb50&#8243;][\/vc_column_inner][\/vc_row_inner][vc_row_inner][vc_column_inner][vc_column_text]SWB es sin\u00f3nimo de innovaci\u00f3n. Materiales innovadores y combinaciones nuevas de materiales mejoran la resistencia al desgaste. El dise\u00f1o innovador mejora la vida \u00fatil y aumenta la productividad. Con procesos de fabricaci\u00f3n innovadores producimos productos de calidad constante al m\u00e1s alto nivel. Las caracter\u00edsticas de empleo convincentes de nuestros productos garantizan a nuestros clientes un uso fiable y rentable. SWB es y seguir\u00e1 siendo punto de referencia para la competencia internacional. Fuerza centr\u00edfuga Simulaciones de carga nos ayudan en el desarrollo de piezas de desgaste \u00f3ptimas.[\/vc_column_text][\/vc_column_inner][\/vc_row_inner][vc_row_inner][vc_column_inner css=\u00bb.vc_custom_1529502229300{margin-top: 40px !important;margin-bottom: 50px !important;}\u00bb][\/vc_column_inner][\/vc_row_inner][\/vc_column][\/vc_row]","og_url":"https:\/\/stahlwerke-bochum.com\/es\/innovation\/","og_site_name":"Stahlwerke Bochum","article_modified_time":"2018-07-09T08:48:32+00:00","twitter_card":"summary_large_image","twitter_misc":{"Tiempo de lectura":"2 minutos"},"schema":{"@context":"https:\/\/schema.org","@graph":[{"@type":"WebPage","@id":"https:\/\/stahlwerke-bochum.com\/es\/innovation\/","url":"https:\/\/stahlwerke-bochum.com\/es\/innovation\/","name":"Innovaci\u00f3n - Stahlwerke Bochum","isPartOf":{"@id":"https:\/\/stahlwerke-bochum.com\/#website"},"datePublished":"2018-06-20T08:15:41+00:00","dateModified":"2018-07-09T08:48:32+00:00","breadcrumb":{"@id":"https:\/\/stahlwerke-bochum.com\/es\/innovation\/#breadcrumb"},"inLanguage":"es","potentialAction":[{"@type":"ReadAction","target":["https:\/\/stahlwerke-bochum.com\/es\/innovation\/"]}]},{"@type":"BreadcrumbList","@id":"https:\/\/stahlwerke-bochum.com\/es\/innovation\/#breadcrumb","itemListElement":[{"@type":"ListItem","position":1,"name":"Startseite","item":"https:\/\/stahlwerke-bochum.com\/es\/"},{"@type":"ListItem","position":2,"name":"Innovaci\u00f3n"}]},{"@type":"WebSite","@id":"https:\/\/stahlwerke-bochum.com\/#website","url":"https:\/\/stahlwerke-bochum.com\/","name":"Stahlwerke Bochum","description":"Entwicklung und Herstellung von Verschleisswerkzeugen f\u00fcr die Aufbereitungstechnik, Zerkleinerungstechnik und Recyclingtechnik.","publisher":{"@id":"https:\/\/stahlwerke-bochum.com\/#organization"},"potentialAction":[{"@type":"SearchAction","target":{"@type":"EntryPoint","urlTemplate":"https:\/\/stahlwerke-bochum.com\/?s={search_term_string}"},"query-input":{"@type":"PropertyValueSpecification","valueRequired":true,"valueName":"search_term_string"}}],"inLanguage":"es"},{"@type":"Organization","@id":"https:\/\/stahlwerke-bochum.com\/#organization","name":"Stahlwerke Bochum","url":"https:\/\/stahlwerke-bochum.com\/","logo":{"@type":"ImageObject","inLanguage":"es","@id":"https:\/\/stahlwerke-bochum.com\/#\/schema\/logo\/image\/","url":"https:\/\/stahlwerke-bochum.com\/wp-content\/uploads\/2018\/06\/swb-logo2.jpg","contentUrl":"https:\/\/stahlwerke-bochum.com\/wp-content\/uploads\/2018\/06\/swb-logo2.jpg","width":500,"height":82,"caption":"Stahlwerke Bochum"},"image":{"@id":"https:\/\/stahlwerke-bochum.com\/#\/schema\/logo\/image\/"}}]}},"_links":{"self":[{"href":"https:\/\/stahlwerke-bochum.com\/es\/wp-json\/wp\/v2\/pages\/20121","targetHints":{"allow":["GET"]}}],"collection":[{"href":"https:\/\/stahlwerke-bochum.com\/es\/wp-json\/wp\/v2\/pages"}],"about":[{"href":"https:\/\/stahlwerke-bochum.com\/es\/wp-json\/wp\/v2\/types\/page"}],"author":[{"embeddable":true,"href":"https:\/\/stahlwerke-bochum.com\/es\/wp-json\/wp\/v2\/users\/4"}],"replies":[{"embeddable":true,"href":"https:\/\/stahlwerke-bochum.com\/es\/wp-json\/wp\/v2\/comments?post=20121"}],"version-history":[{"count":2,"href":"https:\/\/stahlwerke-bochum.com\/es\/wp-json\/wp\/v2\/pages\/20121\/revisions"}],"predecessor-version":[{"id":20123,"href":"https:\/\/stahlwerke-bochum.com\/es\/wp-json\/wp\/v2\/pages\/20121\/revisions\/20123"}],"wp:attachment":[{"href":"https:\/\/stahlwerke-bochum.com\/es\/wp-json\/wp\/v2\/media?parent=20121"}],"curies":[{"name":"wp","href":"https:\/\/api.w.org\/{rel}","templated":true}]}}