{"id":20006,"date":"2018-06-18T12:42:03","date_gmt":"2018-06-18T10:42:03","guid":{"rendered":"http:\/\/192.168.6.130\/impressum\/"},"modified":"2026-02-02T11:40:53","modified_gmt":"2026-02-02T10:40:53","slug":"pie-de-imprenta","status":"publish","type":"page","link":"https:\/\/stahlwerke-bochum.com\/es\/pie-de-imprenta\/","title":{"rendered":"Pie de imprenta"},"content":{"rendered":"<p>[vc_row top_padding=\u00bb50&#8243; bottom_padding=\u00bb50&#8243;][vc_column width=\u00bb1\/1&#8243;][vc_column_text]<\/p>\n<h2><strong>Pie de imprenta<\/strong><\/h2>\n<p>Stahlwerke Bochum GmbH<br \/>\nCastroper Str. 228<br \/>\n44791 Bochum\/Alemania<br \/>\nTelf.: +49 234 3675-0<br \/>\nFax: +49 234 3675-1037<\/p>\n<p>Juzgado Bochum HR B 3463<br \/>\nN\u00b0. NIF: DE 811214658<br \/>\nGerente: Dipl.-Ing. S. O. Mayer<\/p>\n<p>Si tiene preguntas sobre la estructura y el contenido de esta p\u00e1gina web rogamos contacte con:<br \/>\nStahlwerke Bochum GmbH<br \/>\nJulia Rauhe (M.Sc.)<br \/>\nTelf.: +49 234 3675-1158<br \/>\nFax: +49 234 3675-1041<br \/>\nE-Mail:\u00a0<a class=\"fliesstext\" href=\"mailto:rauhe@stahlwerke-bochum.com\">rauhe@stahlwerke-bochum.com<\/a><\/p>\n<p>Procesamos sus datos solamente en conformidad con las disposiciones de la ley federal sobre la protecci\u00f3n de datos (BDSG) y las disposiciones legales complementarias de acuerdo al prop\u00f3sito de nuestra relaci\u00f3n \/ nuestro contacto.<\/p>\n<p>Nuestros empleados est\u00e1n obligados a la confidencialidad de datos seg\u00fan el \u00a7 5 de la ley federal de protecci\u00f3n de datos (BDSG) y de acuerdo con el \u00a7 88 de la ley de telecomunicaciones (TKG) y est\u00e1n adecuadamente cualificados para ello.<\/p>\n<p>M\u00e1s informaciones obtiene nuestro encargado de protecci\u00f3n de datos:<br \/>\nRechtsanwalt (Attorney) Boris Reibach<br \/>\nScheja und Partners GmbH &amp; Co. KG<br \/>\nAdenauerallee 136<br \/>\n53113 Bonn\/Alemania<br \/>\n<a class=\"fliesstext\" href=\"http:\/\/www.scheja-partner.de\/externer-datenschutz\/datenschutz-extern.html\" target=\"_blank\" rel=\"noopener\">http:\/\/www.scheja-partner.de\/externer-datenschutz\/datenschutz-extern.html<\/a>[\/vc_column_text][\/vc_column][\/vc_row]<\/p>\n","protected":false},"excerpt":{"rendered":"<p>[vc_row top_padding=\u00bb50&#8243; bottom_padding=\u00bb50&#8243;][vc_column width=\u00bb1\/1&#8243;][vc_column_text] Pie de imprenta Stahlwerke Bochum GmbH Castroper Str. 228 44791 Bochum\/Alemania Telf.: +49 234 3675-0 Fax: +49 234 3675-1037 Juzgado Bochum HR B 3463 N\u00b0. NIF: DE 811214658 Gerente: Dipl.-Ing. S. O. Mayer Si tiene preguntas sobre la estructura y el contenido de esta p\u00e1gina web rogamos contacte con: Stahlwerke Bochum GmbH Julia Rauhe (M.Sc.) Telf.: +49 234 3675-1158 Fax: +49 234 3675-1041 E-Mail:\u00a0rauhe@stahlwerke-bochum.com Procesamos sus datos solamente en conformidad con las disposiciones de la ley federal sobre la protecci\u00f3n de datos (BDSG) y las disposiciones legales complementarias de acuerdo al prop\u00f3sito de nuestra relaci\u00f3n \/ nuestro contacto. Nuestros empleados est\u00e1n obligados a la confidencialidad de datos seg\u00fan el \u00a7 5 de la ley federal de protecci\u00f3n de datos (BDSG) y de acuerdo con el \u00a7 88 de la ley de telecomunicaciones (TKG) y est\u00e1n adecuadamente cualificados para ello. M\u00e1s informaciones obtiene nuestro encargado de protecci\u00f3n de datos: Rechtsanwalt (Attorney) Boris Reibach Scheja und Partners GmbH &amp; Co. KG Adenauerallee 136 53113 Bonn\/Alemania http:\/\/www.scheja-partner.de\/externer-datenschutz\/datenschutz-extern.html[\/vc_column_text][\/vc_column][\/vc_row]<\/p>\n","protected":false},"author":4,"featured_media":0,"parent":0,"menu_order":0,"comment_status":"closed","ping_status":"closed","template":"","meta":{"footnotes":""},"class_list":["post-20006","page","type-page","status-publish","hentry"],"yoast_head":"<!-- This site is optimized with the Yoast SEO Premium plugin v27.4 (Yoast SEO v27.4) - https:\/\/yoast.com\/product\/yoast-seo-premium-wordpress\/ -->\n<title>Pie de imprenta - Stahlwerke Bochum<\/title>\n<meta name=\"robots\" content=\"index, follow, max-snippet:-1, max-image-preview:large, max-video-preview:-1\" \/>\n<link rel=\"canonical\" href=\"https:\/\/stahlwerke-bochum.com\/es\/pie-de-imprenta\/\" \/>\n<meta property=\"og:locale\" content=\"es_ES\" \/>\n<meta property=\"og:type\" content=\"article\" \/>\n<meta property=\"og:title\" content=\"Pie de imprenta\" \/>\n<meta property=\"og:description\" content=\"[vc_row top_padding=\u00bb50&#8243; bottom_padding=\u00bb50&#8243;][vc_column width=\u00bb1\/1&#8243;][vc_column_text] Pie de imprenta Stahlwerke Bochum GmbH Castroper Str. 228 44791 Bochum\/Alemania Telf.: +49 234 3675-0 Fax: +49 234 3675-1037 Juzgado Bochum HR B 3463 N\u00b0. NIF: DE 811214658 Gerente: Dipl.-Ing. S. O. Mayer Si tiene preguntas sobre la estructura y el contenido de esta p\u00e1gina web rogamos contacte con: Stahlwerke Bochum GmbH Julia Rauhe (M.Sc.) Telf.: +49 234 3675-1158 Fax: +49 234 3675-1041 E-Mail:\u00a0rauhe@stahlwerke-bochum.com Procesamos sus datos solamente en conformidad con las disposiciones de la ley federal sobre la protecci\u00f3n de datos (BDSG) y las disposiciones legales complementarias de acuerdo al prop\u00f3sito de nuestra relaci\u00f3n \/ nuestro contacto. Nuestros empleados est\u00e1n obligados a la confidencialidad de datos seg\u00fan el \u00a7 5 de la ley federal de protecci\u00f3n de datos (BDSG) y de acuerdo con el \u00a7 88 de la ley de telecomunicaciones (TKG) y est\u00e1n adecuadamente cualificados para ello. M\u00e1s informaciones obtiene nuestro encargado de protecci\u00f3n de datos: Rechtsanwalt (Attorney) Boris Reibach Scheja und Partners GmbH &amp; Co. KG Adenauerallee 136 53113 Bonn\/Alemania http:\/\/www.scheja-partner.de\/externer-datenschutz\/datenschutz-extern.html[\/vc_column_text][\/vc_column][\/vc_row]\" \/>\n<meta property=\"og:url\" content=\"https:\/\/stahlwerke-bochum.com\/es\/pie-de-imprenta\/\" \/>\n<meta property=\"og:site_name\" content=\"Stahlwerke Bochum\" \/>\n<meta property=\"article:modified_time\" content=\"2026-02-02T10:40:53+00:00\" \/>\n<meta name=\"twitter:card\" content=\"summary_large_image\" \/>\n<meta name=\"twitter:label1\" content=\"Tiempo de lectura\" \/>\n\t<meta name=\"twitter:data1\" content=\"1 minuto\" \/>\n<script type=\"application\/ld+json\" class=\"yoast-schema-graph\">{\"@context\":\"https:\\\/\\\/schema.org\",\"@graph\":[{\"@type\":\"WebPage\",\"@id\":\"https:\\\/\\\/stahlwerke-bochum.com\\\/es\\\/pie-de-imprenta\\\/\",\"url\":\"https:\\\/\\\/stahlwerke-bochum.com\\\/es\\\/pie-de-imprenta\\\/\",\"name\":\"Pie de imprenta - Stahlwerke Bochum\",\"isPartOf\":{\"@id\":\"https:\\\/\\\/stahlwerke-bochum.com\\\/#website\"},\"datePublished\":\"2018-06-18T10:42:03+00:00\",\"dateModified\":\"2026-02-02T10:40:53+00:00\",\"breadcrumb\":{\"@id\":\"https:\\\/\\\/stahlwerke-bochum.com\\\/es\\\/pie-de-imprenta\\\/#breadcrumb\"},\"inLanguage\":\"es\",\"potentialAction\":[{\"@type\":\"ReadAction\",\"target\":[\"https:\\\/\\\/stahlwerke-bochum.com\\\/es\\\/pie-de-imprenta\\\/\"]}]},{\"@type\":\"BreadcrumbList\",\"@id\":\"https:\\\/\\\/stahlwerke-bochum.com\\\/es\\\/pie-de-imprenta\\\/#breadcrumb\",\"itemListElement\":[{\"@type\":\"ListItem\",\"position\":1,\"name\":\"Startseite\",\"item\":\"https:\\\/\\\/stahlwerke-bochum.com\\\/es\\\/\"},{\"@type\":\"ListItem\",\"position\":2,\"name\":\"Pie de imprenta\"}]},{\"@type\":\"WebSite\",\"@id\":\"https:\\\/\\\/stahlwerke-bochum.com\\\/#website\",\"url\":\"https:\\\/\\\/stahlwerke-bochum.com\\\/\",\"name\":\"Stahlwerke Bochum\",\"description\":\"Entwicklung und Herstellung von Verschleisswerkzeugen f\u00fcr die Aufbereitungstechnik, Zerkleinerungstechnik und Recyclingtechnik.\",\"publisher\":{\"@id\":\"https:\\\/\\\/stahlwerke-bochum.com\\\/#organization\"},\"potentialAction\":[{\"@type\":\"SearchAction\",\"target\":{\"@type\":\"EntryPoint\",\"urlTemplate\":\"https:\\\/\\\/stahlwerke-bochum.com\\\/?s={search_term_string}\"},\"query-input\":{\"@type\":\"PropertyValueSpecification\",\"valueRequired\":true,\"valueName\":\"search_term_string\"}}],\"inLanguage\":\"es\"},{\"@type\":\"Organization\",\"@id\":\"https:\\\/\\\/stahlwerke-bochum.com\\\/#organization\",\"name\":\"Stahlwerke Bochum\",\"url\":\"https:\\\/\\\/stahlwerke-bochum.com\\\/\",\"logo\":{\"@type\":\"ImageObject\",\"inLanguage\":\"es\",\"@id\":\"https:\\\/\\\/stahlwerke-bochum.com\\\/#\\\/schema\\\/logo\\\/image\\\/\",\"url\":\"https:\\\/\\\/stahlwerke-bochum.com\\\/wp-content\\\/uploads\\\/2018\\\/06\\\/swb-logo2.jpg\",\"contentUrl\":\"https:\\\/\\\/stahlwerke-bochum.com\\\/wp-content\\\/uploads\\\/2018\\\/06\\\/swb-logo2.jpg\",\"width\":500,\"height\":82,\"caption\":\"Stahlwerke Bochum\"},\"image\":{\"@id\":\"https:\\\/\\\/stahlwerke-bochum.com\\\/#\\\/schema\\\/logo\\\/image\\\/\"}}]}<\/script>\n<!-- \/ Yoast SEO Premium plugin. -->","yoast_head_json":{"title":"Pie de imprenta - Stahlwerke Bochum","robots":{"index":"index","follow":"follow","max-snippet":"max-snippet:-1","max-image-preview":"max-image-preview:large","max-video-preview":"max-video-preview:-1"},"canonical":"https:\/\/stahlwerke-bochum.com\/es\/pie-de-imprenta\/","og_locale":"es_ES","og_type":"article","og_title":"Pie de imprenta","og_description":"[vc_row top_padding=\u00bb50&#8243; bottom_padding=\u00bb50&#8243;][vc_column width=\u00bb1\/1&#8243;][vc_column_text] Pie de imprenta Stahlwerke Bochum GmbH Castroper Str. 228 44791 Bochum\/Alemania Telf.: +49 234 3675-0 Fax: +49 234 3675-1037 Juzgado Bochum HR B 3463 N\u00b0. NIF: DE 811214658 Gerente: Dipl.-Ing. S. O. Mayer Si tiene preguntas sobre la estructura y el contenido de esta p\u00e1gina web rogamos contacte con: Stahlwerke Bochum GmbH Julia Rauhe (M.Sc.) Telf.: +49 234 3675-1158 Fax: +49 234 3675-1041 E-Mail:\u00a0rauhe@stahlwerke-bochum.com Procesamos sus datos solamente en conformidad con las disposiciones de la ley federal sobre la protecci\u00f3n de datos (BDSG) y las disposiciones legales complementarias de acuerdo al prop\u00f3sito de nuestra relaci\u00f3n \/ nuestro contacto. Nuestros empleados est\u00e1n obligados a la confidencialidad de datos seg\u00fan el \u00a7 5 de la ley federal de protecci\u00f3n de datos (BDSG) y de acuerdo con el \u00a7 88 de la ley de telecomunicaciones (TKG) y est\u00e1n adecuadamente cualificados para ello. M\u00e1s informaciones obtiene nuestro encargado de protecci\u00f3n de datos: Rechtsanwalt (Attorney) Boris Reibach Scheja und Partners GmbH &amp; Co. KG Adenauerallee 136 53113 Bonn\/Alemania http:\/\/www.scheja-partner.de\/externer-datenschutz\/datenschutz-extern.html[\/vc_column_text][\/vc_column][\/vc_row]","og_url":"https:\/\/stahlwerke-bochum.com\/es\/pie-de-imprenta\/","og_site_name":"Stahlwerke Bochum","article_modified_time":"2026-02-02T10:40:53+00:00","twitter_card":"summary_large_image","twitter_misc":{"Tiempo de lectura":"1 minuto"},"schema":{"@context":"https:\/\/schema.org","@graph":[{"@type":"WebPage","@id":"https:\/\/stahlwerke-bochum.com\/es\/pie-de-imprenta\/","url":"https:\/\/stahlwerke-bochum.com\/es\/pie-de-imprenta\/","name":"Pie de imprenta - Stahlwerke Bochum","isPartOf":{"@id":"https:\/\/stahlwerke-bochum.com\/#website"},"datePublished":"2018-06-18T10:42:03+00:00","dateModified":"2026-02-02T10:40:53+00:00","breadcrumb":{"@id":"https:\/\/stahlwerke-bochum.com\/es\/pie-de-imprenta\/#breadcrumb"},"inLanguage":"es","potentialAction":[{"@type":"ReadAction","target":["https:\/\/stahlwerke-bochum.com\/es\/pie-de-imprenta\/"]}]},{"@type":"BreadcrumbList","@id":"https:\/\/stahlwerke-bochum.com\/es\/pie-de-imprenta\/#breadcrumb","itemListElement":[{"@type":"ListItem","position":1,"name":"Startseite","item":"https:\/\/stahlwerke-bochum.com\/es\/"},{"@type":"ListItem","position":2,"name":"Pie de imprenta"}]},{"@type":"WebSite","@id":"https:\/\/stahlwerke-bochum.com\/#website","url":"https:\/\/stahlwerke-bochum.com\/","name":"Stahlwerke Bochum","description":"Entwicklung und Herstellung von Verschleisswerkzeugen f\u00fcr die Aufbereitungstechnik, Zerkleinerungstechnik und Recyclingtechnik.","publisher":{"@id":"https:\/\/stahlwerke-bochum.com\/#organization"},"potentialAction":[{"@type":"SearchAction","target":{"@type":"EntryPoint","urlTemplate":"https:\/\/stahlwerke-bochum.com\/?s={search_term_string}"},"query-input":{"@type":"PropertyValueSpecification","valueRequired":true,"valueName":"search_term_string"}}],"inLanguage":"es"},{"@type":"Organization","@id":"https:\/\/stahlwerke-bochum.com\/#organization","name":"Stahlwerke Bochum","url":"https:\/\/stahlwerke-bochum.com\/","logo":{"@type":"ImageObject","inLanguage":"es","@id":"https:\/\/stahlwerke-bochum.com\/#\/schema\/logo\/image\/","url":"https:\/\/stahlwerke-bochum.com\/wp-content\/uploads\/2018\/06\/swb-logo2.jpg","contentUrl":"https:\/\/stahlwerke-bochum.com\/wp-content\/uploads\/2018\/06\/swb-logo2.jpg","width":500,"height":82,"caption":"Stahlwerke Bochum"},"image":{"@id":"https:\/\/stahlwerke-bochum.com\/#\/schema\/logo\/image\/"}}]}},"_links":{"self":[{"href":"https:\/\/stahlwerke-bochum.com\/es\/wp-json\/wp\/v2\/pages\/20006","targetHints":{"allow":["GET"]}}],"collection":[{"href":"https:\/\/stahlwerke-bochum.com\/es\/wp-json\/wp\/v2\/pages"}],"about":[{"href":"https:\/\/stahlwerke-bochum.com\/es\/wp-json\/wp\/v2\/types\/page"}],"author":[{"embeddable":true,"href":"https:\/\/stahlwerke-bochum.com\/es\/wp-json\/wp\/v2\/users\/4"}],"replies":[{"embeddable":true,"href":"https:\/\/stahlwerke-bochum.com\/es\/wp-json\/wp\/v2\/comments?post=20006"}],"version-history":[{"count":4,"href":"https:\/\/stahlwerke-bochum.com\/es\/wp-json\/wp\/v2\/pages\/20006\/revisions"}],"predecessor-version":[{"id":23856,"href":"https:\/\/stahlwerke-bochum.com\/es\/wp-json\/wp\/v2\/pages\/20006\/revisions\/23856"}],"wp:attachment":[{"href":"https:\/\/stahlwerke-bochum.com\/es\/wp-json\/wp\/v2\/media?parent=20006"}],"curies":[{"name":"wp","href":"https:\/\/api.w.org\/{rel}","templated":true}]}}