{"id":20344,"date":"2018-06-20T15:21:52","date_gmt":"2018-06-20T13:21:52","guid":{"rendered":"http:\/\/192.168.6.130\/vernetzung\/"},"modified":"2026-04-08T11:08:14","modified_gmt":"2026-04-08T09:08:14","slug":"networking","status":"publish","type":"page","link":"https:\/\/stahlwerke-bochum.com\/en\/networking\/","title":{"rendered":"Networking"},"content":{"rendered":"<p>[vc_row type=&#8221;full_width_section&#8221; bottom_padding=&#8221;50&#8243;][vc_column width=&#8221;1\/1&#8243;][rev_slider_vc alias=&#8221;vernetzung&#8221;][\/vc_column][\/vc_row][vc_row top_padding=&#8221;50&#8243; bottom_padding=&#8221;50&#8243;][vc_column width=&#8221;1\/1&#8243;][vc_column_text]<\/p>\n<h1 style=\"text-align: center;\">NETWORKING<\/h1>\n<p>[\/vc_column_text][vc_column_text]<\/p>\n<p style=\"text-align: center;\"><strong>We believe in innovation in all areas of production<br \/>\nand in dialogues with our customers.<\/strong><\/p>\n<p>[\/vc_column_text][vc_separator color=&#8221;custom&#8221; el_width=&#8221;50&#8243; accent_color=&#8221;#757575&#8243;][vc_column_text]We integrate you with an exchange of information through modern media. Today we deliver products to more than 50 countries around the world. And we are constantly expanding our sales network. It is important to us to always be able to provide you with current information.<\/p>\n<p><strong>We look forward to hearing from you.<\/strong>[\/vc_column_text][vc_column_text]<\/p>\n<p style=\"text-align: center;\"><strong>Representatives \/ Importers<\/strong><\/p>\n<p>[\/vc_column_text][vc_row_inner][vc_column_inner width=&#8221;1\/4&#8243;][vc_icon icon_fontawesome=&#8221;fa fa-arrows-v&#8221; color=&#8221;custom&#8221; size=&#8221;lg&#8221; align=&#8221;center&#8221; css_animation=&#8221;bounceInDown&#8221; custom_color=&#8221;#00508a&#8221;][\/vc_column_inner][vc_column_inner width=&#8221;1\/4&#8243;][vc_icon icon_fontawesome=&#8221;fa fa-arrows-v&#8221; color=&#8221;custom&#8221; size=&#8221;lg&#8221; align=&#8221;center&#8221; css_animation=&#8221;bounceInDown&#8221; custom_color=&#8221;#00508a&#8221;][\/vc_column_inner][vc_column_inner width=&#8221;1\/4&#8243;][vc_icon icon_fontawesome=&#8221;fa fa-arrows-v&#8221; color=&#8221;custom&#8221; size=&#8221;lg&#8221; align=&#8221;center&#8221; css_animation=&#8221;bounceInDown&#8221; custom_color=&#8221;#00508a&#8221;][\/vc_column_inner][vc_column_inner width=&#8221;1\/4&#8243;][vc_icon icon_fontawesome=&#8221;fa fa-arrows-v&#8221; color=&#8221;custom&#8221; size=&#8221;lg&#8221; align=&#8221;center&#8221; css_animation=&#8221;bounceInDown&#8221; custom_color=&#8221;#00508a&#8221;][\/vc_column_inner][\/vc_row_inner][vc_row_inner][vc_column_inner width=&#8221;1\/4&#8243;]<div class=\"toggle\"><div class=\"toggle-title \">SWB Team in Bochum<\/div><div class=\"toggle-inner\"><p><strong>Management:<br \/>\n<\/strong>Fax: +49 234 3675-1041<\/p>\n<p>Dipl.-Ing.<br \/>\nStephan O. Mayer<strong><br \/>\n<\/strong><em>CEO<br \/>\n<\/em>Phone: +49 234 3675-1663<br \/>\nE-Mail:\u00a0<a href=\"mailto:smayer@stahlwerke-bochum.com\">smayer@stahlwerke-bochum.com<\/a><\/p>\n<p>Julia Rauhe, M.Sc.<br \/>\n<em>PA to the CEO<\/em><br \/>\n<em>Marketing\/Public Relations Manager<\/em><br \/>\nPhone: +49 234 3675-1158<br \/>\nE-Mail:\u00a0<a href=\"mailto:rauhe@stahlwerke-bochum.com\">rauhe@stahlwerke-bochum.com<\/a><\/p>\n<p><strong><br \/>\nProcurement\/Purchasing:<br \/>\n<\/strong>Fax: +49 234 3675-1035<strong><br \/>\n<\/strong><\/p>\n<p>Betriebswirt (VWA)<br \/>\nBenjamin Scharikow<br \/>\n<em>Procurement\/Purchasing\u00a0 Manager<br \/>\n<\/em>Phone: +49 234 3675-1448<br \/>\nE-Mail:\u00a0<a class=\"fliesstext\" href=\"mailto:scharikow@stahlwerke-bochum.com\">scharikow@stahlwerke-bochum.com<\/a><\/p>\n<p>Larissa Kremer<br \/>\n<em>Procurement\/Purchasing<br \/>\n<\/em>Phone: +49 234 3675-1531<br \/>\nE-Mail: <a class=\"fliesstext\" href=\"mailto:kremer@stahlwerke-bochum.com\">kremer@stahlwerke-bochum.com<\/a><\/p>\n<p><strong><br \/>\nSales:<br \/>\n<\/strong>Fax: +49 234 3675-1037<\/p>\n<p>Betriebswirt (VWA)<br \/>\nUwe Spiecker<br \/>\n<em>General Sales Manager<br \/>\n<\/em>Phone: +49 234 3675-1545<br \/>\nE-Mail:\u00a0<a class=\"fliesstext\" href=\"mailto:spiecker@stahlwerke-bochum.com\">spiecker@stahlwerke-bochum.com<\/a><\/p>\n<p>Helena Helmer<br \/>\n<em>Sales Germany\/Export<br \/>\n<\/em>Phone: +49 234 3675-1109<br \/>\nE-Mail:\u00a0<a class=\"fliesstext\" href=\"mailto:helmer@stahlwerke-bochum.com\">helmer@stahlwerke-bochum.com<\/a><\/p>\n<p>Carsten Junge<br \/>\n<em>Product Manager Shredder Wear Parts<\/em><br \/>\nPhone: +49 234 3675-1279<br \/>\nE-Mail:\u00a0<a class=\"fliesstext\" href=\"mailto:junge@stahlwerke-bochum.com\">junge@stahlwerke-bochum.com<\/a><\/p>\n<p>Thomas Nagel<br \/>\n<em>Sales Germany\/Export<\/em><br \/>\nWear parts for mineral processing<br \/>\nand concrete recycling<br \/>\nPhone: +49 234 3675-1346<br \/>\nE-Mail: <a class=\"fliesstext\" href=\"mailto:nagel@stahlwerke-bochum.com\">nagel@stahlwerke-bochum.com<\/a><\/p>\n<p>Betriebswirt (VWA)<br \/>\nMichael Olmer<br \/>\n<em>Sales Germany\/Export<\/em><br \/>\nWear parts for shredders<br \/>\nPhone: +49 234 3675-1249<br \/>\nE-Mail: <a href=\"mailto:olmer@stahlwerke-bochum.com\">olmer@stahlwerke-bochum.com<\/a><\/p>\n<p>Dipl.-Ing. (FH)<br \/>\nHeinz Peter van Elsen<br \/>\n<em>Export Manager<br \/>\n<\/em>Phone: +49 234 3675-1306<br \/>\nE-Mail:\u00a0<a class=\"fliesstext\" href=\"mailto:vanelsen@stahlwerke-bochum.com\">vanelsen@stahlwerke-bochum.com<\/a><\/p>\n<p>Kristin Zander<br \/>\n<em>Sales Germany\/Export<\/em><br \/>\nWear parts for mineral processing<br \/>\nand concrete recycling<br \/>\nPhone: +49 234 3675-1303<br \/>\nE-Mail:\u00a0<a class=\"fliesstext\" href=\"mailto:zander@stahlwerke-bochum.com\">zander@stahlwerke-bochum.com<\/a><\/p>\n<p><strong><br \/>\nAccounts \/ logistics:<br \/>\n<\/strong>Fax: +49 234 3675-1037<\/p>\n<p>Informatik-Betriebswirt (VWA)<br \/>\nThorsten Ostwald<br \/>\n<em>Accounts\/Logistics Manager<br \/>\n<\/em>Phone: +49 234 3675-1340<br \/>\nE-Mail:\u00a0<a class=\"fliesstext\" href=\"mailto:ostwald@stahlwerke-bochum.com\">ostwald@stahlwerke-bochum.com<\/a><\/p>\n<p>Marc Horn<br \/>\n<em>Accounts\/Logistics<\/em><br \/>\nPhone: +49 234 3675-1130<br \/>\nE-Mail: <a class=\"fliesstext\" href=\"mailto:horn@stahlwerke-bochum.com\">horn@stahlwerke-bochum.com<\/a><\/p><\/div><\/div>[\/vc_column_inner][vc_column_inner width=&#8221;1\/4&#8243;]<div class=\"toggle\"><div class=\"toggle-title \">SWB in Germany<\/div><div class=\"toggle-inner\"><p><strong>&#8211; Germany-wide-<br \/>\n<\/strong>(for metal fragmentising)<\/p>\n<p>Carsten Junge<strong><br \/>\n<\/strong>Stahlwerke Bochum GmbH<br \/>\nCastroper Str. 228<br \/>\n44791 Bochum\/Germany<br \/>\nPhone: +49(0)234-36751279<br \/>\nMobile: +49(0)170-8571280<br \/>\nFax: +49(0)234-36751037<br \/>\nE-Mail:\u00a0<a href=\"mailto:junge@stahlwerke-bochum.com\">junge@stahlwerke-bochum.com<\/a><\/p>\n<p><strong>Baden-W\u00fcrttemberg<\/strong><b><br \/>\n<\/b>(for impact crushing)<\/p>\n<p>VTS Verschleisstechnik AG<strong><br \/>\n<\/strong>Thierry Paulet<br \/>\nEbnatstr. 150A<br \/>\n8200 Schaffhausen\/Switzerland<br \/>\nPhone: +41(0)52 560 26 28<br \/>\nMobile: +41(0)79 622 34 87<br \/>\nFax: +41(0)52 560 26 27<br \/>\nE-Mail:\u00a0<a href=\"mailto:t.paulet@vtsag.ch\">t.paulet@vtsag.ch<\/a><\/p>\n<p><strong>Berlin \/ Brandenburg \/ Bremen \/ Hamburg \/ Hesse\/<\/strong><br \/>\n<strong>Lower Saxony \/ Mecklenburg-Western Pomerania \/<\/strong><br \/>\n<strong>North Rhine-Westphalia \/ Saxony \/ Saxony-Anhalt \/<\/strong><br \/>\n<strong>Schleswig-Holstein \/ Thuringia<\/strong><b><br \/>\n<\/b>(for impact crushing)<\/p>\n<p>Thomas Nagel<br \/>\nStahlwerke Bochum GmbH<br \/>\nCastroper Str. 228<br \/>\n44791 Bochum\/Germany<br \/>\nPhone: +49(0)234-36751346<br \/>\nMobile: +49(0)171-3837021<br \/>\nFax: +49(0)234-36751037<br \/>\nE-Mail: <a href=\"mailto:nagel@stahlwerke-bochum.com\">nagel@stahlwerke-bochum.com<\/a><\/p>\n<p><strong>North Rhine-Westphalia \/ Rhineland-Pfalz \/ Saarland<\/strong><b><br \/>\n<\/b>(for impact crushing)<\/p>\n<p>ABAKUS Ingenieure<br \/>\nDipl.-Ing.\u00a0Dirk-Carsten Schrader<br \/>\nSteffanstr. 17<br \/>\n68623 Hofheim\/Germany<br \/>\nPhone: +49(0)6241-985998<br \/>\nMobile: +49(0)160-3853432<br \/>\nFax: +49(0)6241-985990<br \/>\nE-Mail:\u00a0<a href=\"mailto:schrader@stahlwerke-bochum.com\">schrader@stahlwerke-bochum.com<\/a><\/p><\/div><\/div>[\/vc_column_inner][vc_column_inner width=&#8221;1\/4&#8243;]<div class=\"toggle\"><div class=\"toggle-title \">SWB in Europe<\/div><div class=\"toggle-inner\"><p><strong>Estonia \/ Finland \/ Lithuania \/ Sweden<br \/>\n<\/strong>(for metal fragmentising)<\/p>\n<p>CCT-CHEMCOTEC Ltd. Oy<br \/>\nLauttasaarentie 54 A<br \/>\n00200 Helsinki\/Finland<br \/>\nPhone: +358-9-45596780<br \/>\nFax: +358-9-4525090<br \/>\nE-mail:\u00a0<a href=\"mailto:info@cct.fi\">info@cct.fi<\/a><\/p>\n<p><strong>France<br \/>\n<\/strong>(for metal fragmentising)<\/p>\n<p>S\u00e9bastien Millet<br \/>\n29 B Avenue de Chamrousse<br \/>\n38240 Meylan\/France<br \/>\nPhone: +33-(0)679634322<br \/>\nE-mail: <a href=\"mailto:millet@stahlwerke-bochum.com\">millet@stahlwerke-bochum.com<\/a><\/p>\n<p><strong>Italy<br \/>\n<\/strong>(for metal fragmentising)<\/p>\n<p>BB ITALIA Srl<br \/>\nBarbara Belletti<br \/>\nGalleria Gandhi 15<br \/>\n20017 Rho (MI)\/Italy<br \/>\nMobile: +39 339 7841800<br \/>\nE-mail:\u00a0<a href=\"mailto:barbara.belletti@gmail.com\">barbara.belletti@gmail.com<br \/>\n<\/a><a href=\"http:\/\/www.bbrecycling.it\/\" target=\"_blank\" rel=\"noopener noreferrer\">www.bbrecycling.it<\/a><\/p>\n<p><strong>Poland<br \/>\n<\/strong>(for metal fragmentising)<\/p>\n<p>Stanis\u0142aw J\u00f3zef Wo\u0142kowicz<br \/>\nul. Koroty\u0144skiego 21 lok. 20<br \/>\n02-123 Warszawa\/Poland<br \/>\nPhone: +48 22 658 05 94<br \/>\nMobile: +48 601 29 15 02<br \/>\nFax: +48 22 658 05 94<br \/>\nE-mail:\u00a0<a href=\"mailto:wolko57@wp.pl\">wolko57@wp.pl<\/a><\/p>\n<p><strong>Russia<br \/>\n<\/strong>(for metal fragmentising &amp; impact crushing)<\/p>\n<p>Helena Helmer<br \/>\nStahlwerke Bochum GmbH<br \/>\nCastroper Str. 228<br \/>\n44791 Bochum\/Germany<br \/>\nPhone: +49(0)234-36751109<br \/>\nFax: +49(0)234-36751037<br \/>\nE-mail:\u00a0<a href=\"mailto:helmer@stahlwerke-bochum.com\">helmer@stahlwerke-bochum.com<\/a><\/p>\n<p><strong>United Kingdom \/ Ireland<br \/>\n<\/strong>(for metal fragmentising)<\/p>\n<p>Chris Tressler<br \/>\nUnited Kingdom<br \/>\nMobile: +44-7522-050114<br \/>\nE-mail: <a href=\"mailto:tressler@stahlwerke-bochum.com\">tressler@stahlwerke-bochum.com<\/a><\/p>\n<p><strong>-Europe-wide-<br \/>\n<\/strong>(for metal fragmentising)<\/p>\n<p>Carsten Junge<br \/>\nStahlwerke Bochum GmbH<br \/>\nCastroper Str. 228<br \/>\n44791 Bochum\/Germany<br \/>\nPhone: +49(0)234-36751279<br \/>\nMobile: +49(0)170-8571280<br \/>\nFax: +49(0)234-36751037<br \/>\nE-mail:\u00a0<a href=\"mailto:junge@stahlwerke-bochum.com\">junge@stahlwerke-bochum.com<\/a><\/p>\n<p><strong>Belgium \/ Luxemburg \/ The Netherlands<br \/>\n<\/strong>(for impact crushing)<\/p>\n<p>L. Koreman &amp; Zn.<br \/>\nhandelsonderneming b.v.<br \/>\nGaljoenweg 37<br \/>\n6222 NS Maastricht\/Niederlande<br \/>\nPhone: +31-43-3624040<br \/>\nFax: +31-43-3624085<br \/>\nE-mail:\u00a0<a href=\"mailto:info@lkoreman.nl\">info@lkoreman.nl<br \/>\n<\/a><a href=\"http:\/\/www.lkoreman.nl\/\" target=\"_blank\" rel=\"noopener noreferrer\">www.lkoreman.nl<\/a><\/p>\n<p><strong>Finland \/ Norway \/ Sweden<br \/>\n<\/strong>(for impact crushing)<\/p>\n<p>Scandia Maskin AS<br \/>\nSvelvikveien 87 B<br \/>\n3039 Drammen\/Norwegen<br \/>\nPhone: +47-32210050<br \/>\nFax: +47-32210051<br \/>\nE-Mail:\u00a0<a href=\"mailto:ordre@scandiamaskin.no\">ordre@scandiamaskin.no<\/a><\/p>\n<p><strong>Spain<br \/>\n<\/strong>(for impact crushing)<\/p>\n<p>HAZESSA<br \/>\nC\/ Estefanita, 24<br \/>\n28021 Madrid\/Spanien<br \/>\nPhone: +34-91-4053267<br \/>\nFax: +34-91-4053417<\/p><\/div><\/div>[\/vc_column_inner][vc_column_inner width=&#8221;1\/4&#8243;]<div class=\"toggle\"><div class=\"toggle-title \">SWB worldwide<\/div><div class=\"toggle-inner\"><p><b>Brazil<br \/>\n<\/b>(for metal fragmentising)<br \/>\n(for impact crushing)<\/p>\n<p>Karlheinz K. Naumann<br \/>\nc\/o EuroLatina Assessoria Empresarial EIRELI<br \/>\nAvenida Pascoal da Rocha Falc\u00e3o, 367<br \/>\n04785-000 S\u00e3o Paulo &#8211; SP<br \/>\nBrazil<br \/>\nTel.: +55-11-56668266<br \/>\nFax: +55-11-56669084<br \/>\nE-mail:\u00a0<a href=\"mailto:kkn@eurolatinainternational.com.br\">kkn@eurolatinainternational.com.br<\/a><br \/>\nwww.eurolatinainternational.com.br<\/p>\n<p><b>Canada \/ USA<br \/>\n<\/b>(for metal fragmentising)<\/p>\n<p>AMSCO Wear Products<br \/>\n900 First State Blvd<br \/>\nWilmington<br \/>\nDelaware 19804<br \/>\nUSA<br \/>\nTel.: +1-845-294-1600<br \/>\nFax: +1-845-294-1866<br \/>\nE-mail: <a href=\"mailto:sales@amsco.us\">sales@amsco.us<\/a><br \/>\n<a href=\"http:\/\/www.amsco.us\" target=\"_blank\" rel=\"noopener\">www.amsco.us<\/a><\/p>\n<p><b>Oman<br \/>\n<\/b>(for impact crushing)<\/p>\n<p>Oriental Crusher L.L.C.<b><br \/>\n<\/b>Muscat P.C. 111<br \/>\nOman<br \/>\nTel.: +968-626557-560<br \/>\nFax: +968-626286<\/p>\n<p><b>Vereinigte Arabische Emirate<br \/>\n<\/b>(for impact crushing)<\/p>\n<p>YAFA Trading Co.<b><br \/>\n<\/b>26530 Sharjah<br \/>\nV.A.E.<br \/>\nTel.: +971-6-5340900<br \/>\nFax: +971-6-5340902<\/p><\/div><\/div>[\/vc_column_inner][\/vc_row_inner][\/vc_column][\/vc_row][vc_row type=&#8221;full_width_section&#8221; bg_image=&#8221;18447&#8243; parallax_bg=&#8221;true&#8221; top_padding=&#8221;50&#8243; bottom_padding=&#8221;50&#8243;][vc_column width=&#8221;1\/1&#8243;]<div class=\"spacer\" style=\"height: 300px;\"><\/div>[\/vc_column][\/vc_row]<\/p>\n","protected":false},"excerpt":{"rendered":"<p>[vc_row type=&#8221;full_width_section&#8221; bottom_padding=&#8221;50&#8243;][vc_column width=&#8221;1\/1&#8243;][rev_slider_vc alias=&#8221;vernetzung&#8221;][\/vc_column][\/vc_row][vc_row top_padding=&#8221;50&#8243; bottom_padding=&#8221;50&#8243;][vc_column width=&#8221;1\/1&#8243;][vc_column_text] NETWORKING [\/vc_column_text][vc_column_text] We believe in innovation in all areas of production and in dialogues with our customers. [\/vc_column_text][vc_separator color=&#8221;custom&#8221; el_width=&#8221;50&#8243; accent_color=&#8221;#757575&#8243;][vc_column_text]We integrate you with an exchange of information through modern media. Today we deliver products to more than 50 countries around the world. And we are constantly expanding our sales network. It is important to us to always be able to provide you with current information. We look forward to hearing from you.[\/vc_column_text][vc_column_text] Representatives \/ Importers [\/vc_column_text][vc_row_inner][vc_column_inner width=&#8221;1\/4&#8243;][vc_icon icon_fontawesome=&#8221;fa fa-arrows-v&#8221; color=&#8221;custom&#8221; size=&#8221;lg&#8221; align=&#8221;center&#8221; css_animation=&#8221;bounceInDown&#8221; custom_color=&#8221;#00508a&#8221;][\/vc_column_inner][vc_column_inner width=&#8221;1\/4&#8243;][vc_icon icon_fontawesome=&#8221;fa fa-arrows-v&#8221; color=&#8221;custom&#8221; size=&#8221;lg&#8221; align=&#8221;center&#8221; css_animation=&#8221;bounceInDown&#8221; custom_color=&#8221;#00508a&#8221;][\/vc_column_inner][vc_column_inner width=&#8221;1\/4&#8243;][vc_icon icon_fontawesome=&#8221;fa fa-arrows-v&#8221; color=&#8221;custom&#8221; size=&#8221;lg&#8221; align=&#8221;center&#8221; css_animation=&#8221;bounceInDown&#8221; custom_color=&#8221;#00508a&#8221;][\/vc_column_inner][vc_column_inner width=&#8221;1\/4&#8243;][vc_icon icon_fontawesome=&#8221;fa fa-arrows-v&#8221; color=&#8221;custom&#8221; size=&#8221;lg&#8221; align=&#8221;center&#8221; css_animation=&#8221;bounceInDown&#8221; custom_color=&#8221;#00508a&#8221;][\/vc_column_inner][\/vc_row_inner][vc_row_inner][vc_column_inner width=&#8221;1\/4&#8243;][\/vc_column_inner][vc_column_inner width=&#8221;1\/4&#8243;][\/vc_column_inner][vc_column_inner width=&#8221;1\/4&#8243;][\/vc_column_inner][vc_column_inner width=&#8221;1\/4&#8243;][\/vc_column_inner][\/vc_row_inner][\/vc_column][\/vc_row][vc_row type=&#8221;full_width_section&#8221; bg_image=&#8221;18447&#8243; parallax_bg=&#8221;true&#8221; top_padding=&#8221;50&#8243; bottom_padding=&#8221;50&#8243;][vc_column width=&#8221;1\/1&#8243;][\/vc_column][\/vc_row]<\/p>\n","protected":false},"author":4,"featured_media":0,"parent":0,"menu_order":0,"comment_status":"closed","ping_status":"closed","template":"","meta":{"footnotes":""},"class_list":["post-20344","page","type-page","status-publish","hentry"],"yoast_head":"<!-- This site is optimized with the Yoast SEO Premium plugin v26.9 (Yoast SEO v27.3) - https:\/\/yoast.com\/product\/yoast-seo-premium-wordpress\/ -->\n<title>Networking - Stahlwerke Bochum - Contact<\/title>\n<meta name=\"description\" content=\"Global networking guarantees a close contact with our customers - Stahlwerke Bochum GmbH - higly wear-resistant castings - scrap recycling\" \/>\n<meta name=\"robots\" content=\"index, follow, max-snippet:-1, max-image-preview:large, max-video-preview:-1\" \/>\n<link rel=\"canonical\" href=\"https:\/\/stahlwerke-bochum.com\/en\/networking\/\" \/>\n<meta property=\"og:locale\" content=\"en_US\" \/>\n<meta property=\"og:type\" content=\"article\" \/>\n<meta property=\"og:title\" content=\"Networking\" \/>\n<meta property=\"og:description\" content=\"Global networking guarantees a close contact with our customers - Stahlwerke Bochum GmbH - higly wear-resistant castings - scrap recycling\" \/>\n<meta property=\"og:url\" content=\"https:\/\/stahlwerke-bochum.com\/en\/networking\/\" \/>\n<meta property=\"og:site_name\" content=\"Stahlwerke Bochum\" \/>\n<meta property=\"article:modified_time\" content=\"2026-04-08T09:08:14+00:00\" \/>\n<meta name=\"twitter:card\" content=\"summary_large_image\" \/>\n<meta name=\"twitter:label1\" content=\"Est. reading time\" \/>\n\t<meta name=\"twitter:data1\" content=\"5 minutes\" \/>\n<script type=\"application\/ld+json\" class=\"yoast-schema-graph\">{\"@context\":\"https:\\\/\\\/schema.org\",\"@graph\":[{\"@type\":\"WebPage\",\"@id\":\"https:\\\/\\\/stahlwerke-bochum.com\\\/en\\\/networking\\\/\",\"url\":\"https:\\\/\\\/stahlwerke-bochum.com\\\/en\\\/networking\\\/\",\"name\":\"Networking - Stahlwerke Bochum - Contact\",\"isPartOf\":{\"@id\":\"https:\\\/\\\/stahlwerke-bochum.com\\\/#website\"},\"datePublished\":\"2018-06-20T13:21:52+00:00\",\"dateModified\":\"2026-04-08T09:08:14+00:00\",\"description\":\"Global networking guarantees a close contact with our customers - Stahlwerke Bochum GmbH - higly wear-resistant castings - scrap recycling\",\"breadcrumb\":{\"@id\":\"https:\\\/\\\/stahlwerke-bochum.com\\\/en\\\/networking\\\/#breadcrumb\"},\"inLanguage\":\"en-US\",\"potentialAction\":[{\"@type\":\"ReadAction\",\"target\":[\"https:\\\/\\\/stahlwerke-bochum.com\\\/en\\\/networking\\\/\"]}]},{\"@type\":\"BreadcrumbList\",\"@id\":\"https:\\\/\\\/stahlwerke-bochum.com\\\/en\\\/networking\\\/#breadcrumb\",\"itemListElement\":[{\"@type\":\"ListItem\",\"position\":1,\"name\":\"Startseite\",\"item\":\"https:\\\/\\\/stahlwerke-bochum.com\\\/en\\\/\"},{\"@type\":\"ListItem\",\"position\":2,\"name\":\"Networking\"}]},{\"@type\":\"WebSite\",\"@id\":\"https:\\\/\\\/stahlwerke-bochum.com\\\/#website\",\"url\":\"https:\\\/\\\/stahlwerke-bochum.com\\\/\",\"name\":\"Stahlwerke Bochum\",\"description\":\"Entwicklung und Herstellung von Verschleisswerkzeugen f\u00fcr die Aufbereitungstechnik, Zerkleinerungstechnik und Recyclingtechnik.\",\"publisher\":{\"@id\":\"https:\\\/\\\/stahlwerke-bochum.com\\\/#organization\"},\"potentialAction\":[{\"@type\":\"SearchAction\",\"target\":{\"@type\":\"EntryPoint\",\"urlTemplate\":\"https:\\\/\\\/stahlwerke-bochum.com\\\/?s={search_term_string}\"},\"query-input\":{\"@type\":\"PropertyValueSpecification\",\"valueRequired\":true,\"valueName\":\"search_term_string\"}}],\"inLanguage\":\"en-US\"},{\"@type\":\"Organization\",\"@id\":\"https:\\\/\\\/stahlwerke-bochum.com\\\/#organization\",\"name\":\"Stahlwerke Bochum\",\"url\":\"https:\\\/\\\/stahlwerke-bochum.com\\\/\",\"logo\":{\"@type\":\"ImageObject\",\"inLanguage\":\"en-US\",\"@id\":\"https:\\\/\\\/stahlwerke-bochum.com\\\/#\\\/schema\\\/logo\\\/image\\\/\",\"url\":\"https:\\\/\\\/stahlwerke-bochum.com\\\/wp-content\\\/uploads\\\/2018\\\/06\\\/swb-logo2.jpg\",\"contentUrl\":\"https:\\\/\\\/stahlwerke-bochum.com\\\/wp-content\\\/uploads\\\/2018\\\/06\\\/swb-logo2.jpg\",\"width\":500,\"height\":82,\"caption\":\"Stahlwerke Bochum\"},\"image\":{\"@id\":\"https:\\\/\\\/stahlwerke-bochum.com\\\/#\\\/schema\\\/logo\\\/image\\\/\"}}]}<\/script>\n<!-- \/ Yoast SEO Premium plugin. -->","yoast_head_json":{"title":"Networking - Stahlwerke Bochum - Contact","description":"Global networking guarantees a close contact with our customers - Stahlwerke Bochum GmbH - higly wear-resistant castings - scrap recycling","robots":{"index":"index","follow":"follow","max-snippet":"max-snippet:-1","max-image-preview":"max-image-preview:large","max-video-preview":"max-video-preview:-1"},"canonical":"https:\/\/stahlwerke-bochum.com\/en\/networking\/","og_locale":"en_US","og_type":"article","og_title":"Networking","og_description":"Global networking guarantees a close contact with our customers - Stahlwerke Bochum GmbH - higly wear-resistant castings - scrap recycling","og_url":"https:\/\/stahlwerke-bochum.com\/en\/networking\/","og_site_name":"Stahlwerke Bochum","article_modified_time":"2026-04-08T09:08:14+00:00","twitter_card":"summary_large_image","twitter_misc":{"Est. reading time":"5 minutes"},"schema":{"@context":"https:\/\/schema.org","@graph":[{"@type":"WebPage","@id":"https:\/\/stahlwerke-bochum.com\/en\/networking\/","url":"https:\/\/stahlwerke-bochum.com\/en\/networking\/","name":"Networking - Stahlwerke Bochum - Contact","isPartOf":{"@id":"https:\/\/stahlwerke-bochum.com\/#website"},"datePublished":"2018-06-20T13:21:52+00:00","dateModified":"2026-04-08T09:08:14+00:00","description":"Global networking guarantees a close contact with our customers - Stahlwerke Bochum GmbH - higly wear-resistant castings - scrap recycling","breadcrumb":{"@id":"https:\/\/stahlwerke-bochum.com\/en\/networking\/#breadcrumb"},"inLanguage":"en-US","potentialAction":[{"@type":"ReadAction","target":["https:\/\/stahlwerke-bochum.com\/en\/networking\/"]}]},{"@type":"BreadcrumbList","@id":"https:\/\/stahlwerke-bochum.com\/en\/networking\/#breadcrumb","itemListElement":[{"@type":"ListItem","position":1,"name":"Startseite","item":"https:\/\/stahlwerke-bochum.com\/en\/"},{"@type":"ListItem","position":2,"name":"Networking"}]},{"@type":"WebSite","@id":"https:\/\/stahlwerke-bochum.com\/#website","url":"https:\/\/stahlwerke-bochum.com\/","name":"Stahlwerke Bochum","description":"Entwicklung und Herstellung von Verschleisswerkzeugen f\u00fcr die Aufbereitungstechnik, Zerkleinerungstechnik und Recyclingtechnik.","publisher":{"@id":"https:\/\/stahlwerke-bochum.com\/#organization"},"potentialAction":[{"@type":"SearchAction","target":{"@type":"EntryPoint","urlTemplate":"https:\/\/stahlwerke-bochum.com\/?s={search_term_string}"},"query-input":{"@type":"PropertyValueSpecification","valueRequired":true,"valueName":"search_term_string"}}],"inLanguage":"en-US"},{"@type":"Organization","@id":"https:\/\/stahlwerke-bochum.com\/#organization","name":"Stahlwerke Bochum","url":"https:\/\/stahlwerke-bochum.com\/","logo":{"@type":"ImageObject","inLanguage":"en-US","@id":"https:\/\/stahlwerke-bochum.com\/#\/schema\/logo\/image\/","url":"https:\/\/stahlwerke-bochum.com\/wp-content\/uploads\/2018\/06\/swb-logo2.jpg","contentUrl":"https:\/\/stahlwerke-bochum.com\/wp-content\/uploads\/2018\/06\/swb-logo2.jpg","width":500,"height":82,"caption":"Stahlwerke Bochum"},"image":{"@id":"https:\/\/stahlwerke-bochum.com\/#\/schema\/logo\/image\/"}}]}},"_links":{"self":[{"href":"https:\/\/stahlwerke-bochum.com\/en\/wp-json\/wp\/v2\/pages\/20344","targetHints":{"allow":["GET"]}}],"collection":[{"href":"https:\/\/stahlwerke-bochum.com\/en\/wp-json\/wp\/v2\/pages"}],"about":[{"href":"https:\/\/stahlwerke-bochum.com\/en\/wp-json\/wp\/v2\/types\/page"}],"author":[{"embeddable":true,"href":"https:\/\/stahlwerke-bochum.com\/en\/wp-json\/wp\/v2\/users\/4"}],"replies":[{"embeddable":true,"href":"https:\/\/stahlwerke-bochum.com\/en\/wp-json\/wp\/v2\/comments?post=20344"}],"version-history":[{"count":38,"href":"https:\/\/stahlwerke-bochum.com\/en\/wp-json\/wp\/v2\/pages\/20344\/revisions"}],"predecessor-version":[{"id":23924,"href":"https:\/\/stahlwerke-bochum.com\/en\/wp-json\/wp\/v2\/pages\/20344\/revisions\/23924"}],"wp:attachment":[{"href":"https:\/\/stahlwerke-bochum.com\/en\/wp-json\/wp\/v2\/media?parent=20344"}],"curies":[{"name":"wp","href":"https:\/\/api.w.org\/{rel}","templated":true}]}}